{"id":11617,"date":"2025-06-24T09:16:47","date_gmt":"2025-06-24T09:16:47","guid":{"rendered":"https:\/\/bozita.com\/fi\/?page_id=11617"},"modified":"2025-10-02T09:53:47","modified_gmt":"2025-10-02T09:53:47","slug":"pentupakettien-tilaaminen","status":"publish","type":"page","link":"https:\/\/bozita.com\/fi\/pentupakettien-tilaaminen\/","title":{"rendered":"Pentupakettien tilaaminen"},"content":{"rendered":"\t\t<section class=\"small-hero\">\n\t\t\t<div class=\"container\">\n\t\t\t\t<h1 class=\"small-hero-title\">Tilaa pentupaketit kissanpennuillesi tai koiranpennuillesi<\/h1><p><p>Mik\u00e4li sinulla on voimassa oleva Bozita Breeders Club kasvattajakerhon j\u00e4senyys, voit tilata maksuttomat pentupaketit kasvattamillesi kissan- tai koiranpennuille, jotka sitoudut luovuttamaan pentujen mukana niiden uusiin koteihin. Pentupaketteja l\u00e4hetet\u00e4\u00e4n keskitetysti 1-2 kertaa kuukaudessa, joten tilaathan paketit hyviss\u00e4 ajoin, jotta ne ehtiv\u00e4t perille ennen luovutusta. Voit tilata vain yhden pentupaketin kullekin pennulle.<\/p>\n<ul>\n<li>Voit tilata yht\u00e4 ruokaa pentupaketteihin.<\/li>\n<li>Paketit luovutetaan pentujen mukana niiden uusiin koteihin.<\/li>\n<li>Tilattujen pakettien m\u00e4\u00e4r\u00e4 tulee vastata rekister\u00f6ityjen pentujen m\u00e4\u00e4r\u00e4\u00e4.<\/li>\n<li>Pentupaketteja toimitetaan Manner-Suomen alueelle.<\/li>\n<\/ul>\n<\/p>\t\t\t<\/div>\n\t\t\t<\/div>\n\t\t<\/section>\n\t\n\n\n<section class=\"block contact-form\">\n\t<div class=\"container\">\n\t\t<div class=\"form\">\n\t\t\t<h2>TARVITSEMAMME TIEDOT:<\/h2>\n\n\t\t\t\n\t\t\t<p id='gf_text'><\/p>\n\t\t\t\n\t\t\t\t\t<\/div>\n\t<\/div>\n<\/section>\n<script>\n\tvar formName = 'Pentupakettien tilaaminen';\n\tjQuery( \".ginput_container_select\" ).append( \"<i class='fas fa-caret-down'><\/i>\" );\n<\/script>\n","protected":false},"excerpt":{"rendered":"","protected":false},"author":29,"featured_media":0,"parent":0,"menu_order":0,"comment_status":"closed","ping_status":"closed","template":"guternberg.php","meta":{"footnotes":""},"acf":[],"yoast_head":"<!-- This site is optimized with the Yoast SEO plugin v21.3 - https:\/\/yoast.com\/wordpress\/plugins\/seo\/ -->\n<title>Pentupakettien tilaaminen - Bozita Finland<\/title>\n<meta name=\"robots\" content=\"index, follow, max-snippet:-1, max-image-preview:large, max-video-preview:-1\" \/>\n<link rel=\"canonical\" href=\"https:\/\/bozita.com\/fi\/pentupakettien-tilaaminen\/\" \/>\n<meta property=\"og:locale\" content=\"fi_FI\" \/>\n<meta property=\"og:type\" content=\"article\" \/>\n<meta property=\"og:title\" content=\"Pentupakettien tilaaminen - Bozita Finland\" \/>\n<meta property=\"og:url\" content=\"https:\/\/bozita.com\/fi\/pentupakettien-tilaaminen\/\" \/>\n<meta property=\"og:site_name\" content=\"Bozita Finland\" \/>\n<meta property=\"article:modified_time\" content=\"2025-10-02T09:53:47+00:00\" \/>\n<meta name=\"twitter:card\" content=\"summary_large_image\" \/>\n<!-- \/ Yoast SEO plugin. -->","yoast_head_json":{"title":"Pentupakettien tilaaminen - Bozita Finland","robots":{"index":"index","follow":"follow","max-snippet":"max-snippet:-1","max-image-preview":"max-image-preview:large","max-video-preview":"max-video-preview:-1"},"canonical":"https:\/\/bozita.com\/fi\/pentupakettien-tilaaminen\/","og_locale":"fi_FI","og_type":"article","og_title":"Pentupakettien tilaaminen - Bozita Finland","og_url":"https:\/\/bozita.com\/fi\/pentupakettien-tilaaminen\/","og_site_name":"Bozita Finland","article_modified_time":"2025-10-02T09:53:47+00:00","twitter_card":"summary_large_image","schema":{"@context":"https:\/\/schema.org","@graph":[{"@type":"WebPage","@id":"https:\/\/bozita.com\/fi\/pentupakettien-tilaaminen\/","url":"https:\/\/bozita.com\/fi\/pentupakettien-tilaaminen\/","name":"Pentupakettien tilaaminen - Bozita Finland","isPartOf":{"@id":"https:\/\/bozita.com\/fi\/#website"},"datePublished":"2025-06-24T09:16:47+00:00","dateModified":"2025-10-02T09:53:47+00:00","breadcrumb":{"@id":"https:\/\/bozita.com\/fi\/pentupakettien-tilaaminen\/#breadcrumb"},"inLanguage":"fi","potentialAction":[{"@type":"ReadAction","target":["https:\/\/bozita.com\/fi\/pentupakettien-tilaaminen\/"]}]},{"@type":"BreadcrumbList","@id":"https:\/\/bozita.com\/fi\/pentupakettien-tilaaminen\/#breadcrumb","itemListElement":[{"@type":"ListItem","position":1,"name":"Koti","item":"https:\/\/bozita.com\/fi\/"},{"@type":"ListItem","position":2,"name":"Pentupakettien tilaaminen"}]},{"@type":"WebSite","@id":"https:\/\/bozita.com\/fi\/#website","url":"https:\/\/bozita.com\/fi\/","name":"Bozita Finland","description":"","potentialAction":[{"@type":"SearchAction","target":{"@type":"EntryPoint","urlTemplate":"https:\/\/bozita.com\/fi\/?s={search_term_string}"},"query-input":"required name=search_term_string"}],"inLanguage":"fi"}]}},"_links":{"self":[{"href":"https:\/\/bozita.com\/fi\/wp-json\/wp\/v2\/pages\/11617"}],"collection":[{"href":"https:\/\/bozita.com\/fi\/wp-json\/wp\/v2\/pages"}],"about":[{"href":"https:\/\/bozita.com\/fi\/wp-json\/wp\/v2\/types\/page"}],"author":[{"embeddable":true,"href":"https:\/\/bozita.com\/fi\/wp-json\/wp\/v2\/users\/29"}],"replies":[{"embeddable":true,"href":"https:\/\/bozita.com\/fi\/wp-json\/wp\/v2\/comments?post=11617"}],"version-history":[{"count":8,"href":"https:\/\/bozita.com\/fi\/wp-json\/wp\/v2\/pages\/11617\/revisions"}],"predecessor-version":[{"id":11895,"href":"https:\/\/bozita.com\/fi\/wp-json\/wp\/v2\/pages\/11617\/revisions\/11895"}],"wp:attachment":[{"href":"https:\/\/bozita.com\/fi\/wp-json\/wp\/v2\/media?parent=11617"}],"curies":[{"name":"wp","href":"https:\/\/api.w.org\/{rel}","templated":true}]}}