{"id":6336,"date":"2022-08-26T09:26:18","date_gmt":"2022-08-26T09:26:18","guid":{"rendered":"https:\/\/bozita.com\/fi\/kissan-steriloiminen-ja-sen-vaikutukset-kissan-terveyteen\/"},"modified":"2025-03-05T11:47:52","modified_gmt":"2025-03-05T11:47:52","slug":"kissan-steriloiminen-ja-sen-vaikutukset-kissan-terveyteen","status":"publish","type":"page","link":"https:\/\/bozita.com\/fi\/pida-kissasi-terveena\/kissan-steriloiminen-ja-sen-vaikutukset-kissan-terveyteen\/","title":{"rendered":"Kissan steriloiminen ja sen vaikutukset kissan terveyteen"},"content":{"rendered":"\t\t<section class=\"small-hero\">\n\t\t\t<div class=\"container\">\n\t\t\t\t<h1 class=\"small-hero-title\">Kissan steriloiminen ja sen vaikutukset kissan terveyteen<\/h1>\t\t\t<\/div>\n\t\t\t<\/div>\n\t\t<\/section>\n\t\n\n\t<div class=\"text-box-warp\">\n\t\t<div class=\"container\">\n\t\t\t<div class=\"text-content\">\n\t\t\t\t<p><strong>Jos et suunnittele kissan k\u00e4ytt\u00e4mist\u00e4 jalostukseen tulisi sinun <a href=\"https:\/\/jordbruksverket.se\/djur\/smittskydd-djurskydd-djurhalsa-och-folkhalsa\/djurskyddet-i-sverige\">to experts<\/a> mukaan steriloida se. Ep\u00e4toivottujen pentujen v\u00e4ltt\u00e4misen ja kissojen kodittomuuden v\u00e4hent\u00e4misen lis\u00e4ksi on steriloimisella useita terveysvaikutuksia..<\/strong><\/p>\n<p>Kissojen sis\u00e4lle virtsaamisen riski v\u00e4henee steriloimisen my\u00f6t\u00e4. Leikatut ulkokissat eiv\u00e4t my\u00f6sk\u00e4\u00e4n vaella niin kauas kotoa. Niiden tarve kanssak\u00e4ymiseen muiden kissojen kanssa v\u00e4henee, mik\u00e4 laskee tartuntatautien ja tappeluiden riski\u00e4. Leikatun kissan aineenvaihdunta hidastuu noin 30%. T\u00e4st\u00e4 johtuen normaalisti sy\u00f6v\u00e4n kissan paino nousee helpommin. Ruoan m\u00e4\u00e4r\u00e4n laskemisen sijaan ratkaisu painonnousuun voi olla v\u00e4h\u00e4kalorisempi erityisesti steriloiduille kissoille suunniteltu ruoka,<\/p>\n<p><strong>Lue lis\u00e4\u00e4<\/strong><a title=\"Neuter a cat\" href=\"https:\/\/bozita.com\/fi\/kissan-steriloimisella-on-monia-etuja\/\">Kissan steriloimisella on useita hy\u00f6tyj\u00e4<\/a><\/p>\n\t\t\t<\/div>\n\t\t<\/div>\n\t<\/div>\n","protected":false},"excerpt":{"rendered":"","protected":false},"author":1,"featured_media":0,"parent":6537,"menu_order":0,"comment_status":"closed","ping_status":"closed","template":"guternberg.php","meta":{"footnotes":""},"acf":[],"yoast_head":"<!-- This site is optimized with the Yoast SEO plugin v21.3 - https:\/\/yoast.com\/wordpress\/plugins\/seo\/ -->\n<title>Kissan steriloiminen ja sen vaikutukset kissan terveyteen - Bozita Finland<\/title>\n<meta name=\"robots\" content=\"index, follow, max-snippet:-1, max-image-preview:large, max-video-preview:-1\" \/>\n<link rel=\"canonical\" href=\"https:\/\/bozita.com\/fi\/pida-kissasi-terveena\/kissan-steriloiminen-ja-sen-vaikutukset-kissan-terveyteen\/\" \/>\n<meta property=\"og:locale\" content=\"fi_FI\" \/>\n<meta property=\"og:type\" content=\"article\" \/>\n<meta property=\"og:title\" content=\"Kissan steriloiminen ja sen vaikutukset kissan terveyteen - Bozita Finland\" \/>\n<meta property=\"og:url\" content=\"https:\/\/bozita.com\/fi\/pida-kissasi-terveena\/kissan-steriloiminen-ja-sen-vaikutukset-kissan-terveyteen\/\" \/>\n<meta property=\"og:site_name\" content=\"Bozita Finland\" \/>\n<meta property=\"article:modified_time\" content=\"2025-03-05T11:47:52+00:00\" \/>\n<meta name=\"twitter:card\" content=\"summary_large_image\" \/>\n<!-- \/ Yoast SEO plugin. -->","yoast_head_json":{"title":"Kissan steriloiminen ja sen vaikutukset kissan terveyteen - Bozita Finland","robots":{"index":"index","follow":"follow","max-snippet":"max-snippet:-1","max-image-preview":"max-image-preview:large","max-video-preview":"max-video-preview:-1"},"canonical":"https:\/\/bozita.com\/fi\/pida-kissasi-terveena\/kissan-steriloiminen-ja-sen-vaikutukset-kissan-terveyteen\/","og_locale":"fi_FI","og_type":"article","og_title":"Kissan steriloiminen ja sen vaikutukset kissan terveyteen - Bozita Finland","og_url":"https:\/\/bozita.com\/fi\/pida-kissasi-terveena\/kissan-steriloiminen-ja-sen-vaikutukset-kissan-terveyteen\/","og_site_name":"Bozita Finland","article_modified_time":"2025-03-05T11:47:52+00:00","twitter_card":"summary_large_image","schema":{"@context":"https:\/\/schema.org","@graph":[{"@type":"WebPage","@id":"https:\/\/bozita.com\/fi\/pida-kissasi-terveena\/kissan-steriloiminen-ja-sen-vaikutukset-kissan-terveyteen\/","url":"https:\/\/bozita.com\/fi\/pida-kissasi-terveena\/kissan-steriloiminen-ja-sen-vaikutukset-kissan-terveyteen\/","name":"Kissan steriloiminen ja sen vaikutukset kissan terveyteen - Bozita Finland","isPartOf":{"@id":"https:\/\/bozita.com\/fi\/#website"},"datePublished":"2022-08-26T09:26:18+00:00","dateModified":"2025-03-05T11:47:52+00:00","breadcrumb":{"@id":"https:\/\/bozita.com\/fi\/pida-kissasi-terveena\/kissan-steriloiminen-ja-sen-vaikutukset-kissan-terveyteen\/#breadcrumb"},"inLanguage":"fi","potentialAction":[{"@type":"ReadAction","target":["https:\/\/bozita.com\/fi\/pida-kissasi-terveena\/kissan-steriloiminen-ja-sen-vaikutukset-kissan-terveyteen\/"]}]},{"@type":"BreadcrumbList","@id":"https:\/\/bozita.com\/fi\/pida-kissasi-terveena\/kissan-steriloiminen-ja-sen-vaikutukset-kissan-terveyteen\/#breadcrumb","itemListElement":[{"@type":"ListItem","position":1,"name":"Koti","item":"https:\/\/bozita.com\/fi\/"},{"@type":"ListItem","position":2,"name":"Pid\u00e4 kissasi terveen\u00e4","item":"https:\/\/bozita.com\/fi\/pida-kissasi-terveena\/"},{"@type":"ListItem","position":3,"name":"Kissan steriloiminen ja sen vaikutukset kissan terveyteen"}]},{"@type":"WebSite","@id":"https:\/\/bozita.com\/fi\/#website","url":"https:\/\/bozita.com\/fi\/","name":"Bozita Finland","description":"","potentialAction":[{"@type":"SearchAction","target":{"@type":"EntryPoint","urlTemplate":"https:\/\/bozita.com\/fi\/?s={search_term_string}"},"query-input":"required name=search_term_string"}],"inLanguage":"fi"}]}},"_links":{"self":[{"href":"https:\/\/bozita.com\/fi\/wp-json\/wp\/v2\/pages\/6336"}],"collection":[{"href":"https:\/\/bozita.com\/fi\/wp-json\/wp\/v2\/pages"}],"about":[{"href":"https:\/\/bozita.com\/fi\/wp-json\/wp\/v2\/types\/page"}],"author":[{"embeddable":true,"href":"https:\/\/bozita.com\/fi\/wp-json\/wp\/v2\/users\/1"}],"replies":[{"embeddable":true,"href":"https:\/\/bozita.com\/fi\/wp-json\/wp\/v2\/comments?post=6336"}],"version-history":[{"count":8,"href":"https:\/\/bozita.com\/fi\/wp-json\/wp\/v2\/pages\/6336\/revisions"}],"predecessor-version":[{"id":11232,"href":"https:\/\/bozita.com\/fi\/wp-json\/wp\/v2\/pages\/6336\/revisions\/11232"}],"up":[{"embeddable":true,"href":"https:\/\/bozita.com\/fi\/wp-json\/wp\/v2\/pages\/6537"}],"wp:attachment":[{"href":"https:\/\/bozita.com\/fi\/wp-json\/wp\/v2\/media?parent=6336"}],"curies":[{"name":"wp","href":"https:\/\/api.w.org\/{rel}","templated":true}]}}