{"id":6341,"date":"2022-08-31T06:48:55","date_gmt":"2022-08-31T06:48:55","guid":{"rendered":"https:\/\/bozita.com\/fi\/kuinka-paljon-pennun-pitaa-syoda-ja-mika-on-paras-ruoka\/"},"modified":"2023-02-27T14:23:52","modified_gmt":"2023-02-27T14:23:52","slug":"kuinka-paljon-pennun-pitaa-syoda-ja-mika-on-paras-ruoka","status":"publish","type":"page","link":"https:\/\/bozita.com\/fi\/ravitsemus-ja-ruokavalio\/kuinka-paljon-pennun-pitaa-syoda-ja-mika-on-paras-ruoka\/","title":{"rendered":"Kuinka paljon pennun pit\u00e4\u00e4 sy\u00f6d\u00e4 ja mik\u00e4 on paras ruoka?"},"content":{"rendered":"\t\t<section class=\"small-hero\">\n\t\t\t<div class=\"container\">\n\t\t\t\t<h1 class=\"small-hero-title\">Kuinka paljon pennun pit\u00e4\u00e4 sy\u00f6d\u00e4 ja mik\u00e4 on paras ruoka?<\/h1><p><p>Kuinka paljon pennun pit\u00e4isi sy\u00f6d\u00e4? Kuinka valitsen parhaan penturuoan? Kuinka usein pentuni pit\u00e4isi sy\u00f6d\u00e4?<\/p>\n<\/p>\t\t\t<\/div>\n\t\t\t<\/div>\n\t\t<\/section>\n\t\n\n\t<div class=\"text-box-warp\">\n\t\t<div class=\"container\">\n\t\t\t<div class=\"text-content\">\n\t\t\t\t<p><strong>Muun muassa n\u00e4it\u00e4 kysymyksi\u00e4 koiranomistaja saattaa ajatella. Kasvavan pennun ruokavalio tulisi sopeuttaa sen kehitysvaiheeseen. T\u00e4m\u00e4 tekee hyv\u00e4n koiranruoan. Valitsemalla oikean penturuoan voit olla varma siit\u00e4, ett\u00e4 pentusi saa oikean m\u00e4\u00e4r\u00e4n kaikkea tarvitsemaansa. <\/strong><\/p>\n<h2>KUINKA VALITA PENNULLESI PARAS RUOKA<\/h2>\n<p>Koirat tarvitsevat ravinnon, joka vastaa niiden el\u00e4m\u00e4nvaihetta. Pennuille suositellaan erityisesti pennuille ja kasvaville koirille suunniteltua penturuokaa, sill\u00e4 niiden tarpeet eroavat aikuisten koirien tarpeista. Pentujen tulee todella lyhyess\u00e4 ajassa kasvattaa kehoaan kokonaisvaltaisesti, lihaksia, elimi\u00e4 ja kudosta. T\u00e4st\u00e4 johtuen tasapainoinen ruokavalio on todella t\u00e4rke\u00e4.<\/p>\n<p>Hyv\u00e4 koiranruoka sis\u00e4lt\u00e4\u00e4 oikean m\u00e4\u00e4r\u00e4n proteiinia, rasvaa ja energiaa sek\u00e4 kalsiumia ja fosforia tasapainoisessa suhteessa. Valitsemalla oikean koiranruoan voit olla varma siit\u00e4, ett\u00e4 koirasi saa oikean m\u00e4\u00e4r\u00e4n kaikkea tarvitsemaansa kasvaakseen terveeksi yksil\u00f6ksi.<\/p>\n<p>Isommat rodut kasvavat hieman eri tavalla ja niill\u00e4 on suurempi riski kehitt\u00e4\u00e4 luuston ongelmia jos ne saavat liikaa energiaa, kalsiumia ja fosforia sis\u00e4lt\u00e4v\u00e4\u00e4 ruokaa. T\u00e4st\u00e4 johtuen suurille roduille on kehitetty omat ruoat.<\/p>\n<ul>\n<li><a href=\"https:\/\/bozita.com\/fi\/bozita-ruotsissa-valmistettua-penturuokaa\/\">Bozita penturuoka<\/a><\/li>\n<\/ul>\n<h2>KUINKA USEIN JA KUINKA PALJON PENNUN TULEE SY\u00d6D\u00c4?<\/h2>\n<p>Pennun ravinnon m\u00e4\u00e4r\u00e4n ratkaisee pennun senhetkinen paino, kuinka paljon sen tulisi painaa aikuisena koirana sek\u00e4 aktiivisuuden aste. Useimmista koiranruokapakkauksista l\u00f6ytyy ruokintataulukko, joka toimii hyv\u00e4n\u00e4 ohjeena annettavan ruoan m\u00e4\u00e4r\u00e4n suhteen.<\/p>\n<p>Pentujen suurimmat kasvupyr\u00e4hdykset tapahtuvat kolmen ja kuuden kuukauden v\u00e4liss\u00e4 ja ne tarvitsevat painoonsa n\u00e4hden suurimman m\u00e4\u00e4r\u00e4n ruokaa kunnes saavuttavat 50 prosenttia aikuisesta painostaan. Pennun vatsalaukku ei kuitenkaan ole yht\u00e4 suuri kuin aikuisen koiran eik\u00e4 sen ruoansulatus ole t\u00e4ysin kehittynyt. Pennun p\u00e4iv\u00e4n ravintoannos on siksi hyv\u00e4\u00e4 jakaa useampaan osaan, joita pentu voi sy\u00f6d\u00e4 nelj\u00e4 tai viisi p\u00e4iv\u00e4ss\u00e4. N\u00e4in pentusi saa tarpeeksi ruokaa ilman vatsaongelmia. Ruoan voi my\u00f6s liottaa vedess\u00e4, jolloin se on helpompi niin pureskella kuin sulattaa. Pennun saavuttaessa noin kahdeksan kuukauden i\u00e4n voi p\u00e4ivitt\u00e4isen ruokintatiheyden laskea kahteen.<\/p>\n<p>Pentujen ei pit\u00e4isi antaa lihoa liiaksi, sill\u00e4 t\u00e4m\u00e4 kasvattaa kasvavan luuston vahingoittumisen riski\u00e4. Lihavuudella on my\u00f6s taipumus seurata koiraa aikuisuuteen. Pennun kylkiluita ei pit\u00e4isi n\u00e4hd\u00e4, mutta ne pit\u00e4isi pysty\u00e4 tuntemaan helposti.<\/p>\n<p>Mik\u00e4li koirasi on yleisesti terve ja tarkkaavainen ja turkki tuntuu hyv\u00e4kuntoiselta voi olettaa ravinnon olevan koiralle sopivaa.<\/p>\n<h2>KOSKA VAIHTAA PENTURUOASTA AIKUISEN KOIRAN RUOKAAN<\/h2>\n<p>Ajankohta erityisest\u00e4 penturuoasta aikuisen koiran ruokaan siirtymiseen riippuu koirasi rodusta. Penturuoasta pit\u00e4isi vaihtaa aikuisen koiran ruokaan siin\u00e4 vaiheessa kun koirasi on saavuttanut aikuisen painonsa. Minikokoiset, pienet ja keskikokoiset koirat saavuttavat aikuisen painon noin 8-12 kuukauden ik\u00e4isin\u00e4. Suuremmilla roduilla kasvaminen vie hieman kauemmin, noin 12-15 kuukautta ja todella suurikokoisilla roduilla aikuisen painon saavuttamiseen saattaa menn\u00e4 18-24 kuukautta.<\/p>\n<h4>Lue lis\u00e4\u00e4<\/h4>\n<ul>\n<li><a href=\"https:\/\/bozita.com\/fi\/pennun-kehitysvaiheet-pennusta-aikuiseksi-koiraksi\/\">Koirasi kehitys pennusta aikuiseksi koiraksi<\/a><\/li>\n<li><a href=\"https:\/\/bozita.com\/fi\/vaihto-penturuoasta-aikuisen-koiran-ruokaan\/\">Kuinka vaihdat penturuoasta aikuisen koiran ruokaan<\/a><\/li>\n<\/ul>\n<h2>MIT\u00c4 ANNAN KOIRALLE RUOAKSI SEN SAAPUESSA KOTIINI<\/h2>\n<p>Uuteen kotiin saapuessaan pennun on hyv\u00e4 saada samaa ruokaa kuin se sai kasvattajaltaan. Emosta ja tutusta ymp\u00e4rist\u00f6st\u00e4 luopumisessa on itsess\u00e4\u00e4n tarpeeksi haastetta. Mik\u00e4li ruoka vaihtuu samassa yhteydess\u00e4 on suuri riski stressin aiheuttamille ruoansulatuskanvan ongelmille.<\/p>\n<h2>VAIHDA RUOKA HITAASTI<\/h2>\n<p>Koiran ruokaa ei kannata vaihtaa yht&#8217;\u00e4kki\u00e4 vaan totuttaa koiraa uuteen ruokaan v\u00e4hitellen. Uutta ruokaa on aluksi hyv\u00e4 sekoittaa vanhaan ja lis\u00e4t\u00e4 asteittain uuden ruoan osuutta<\/p>\n<h4>Lue lis\u00e4\u00e4<\/h4>\n<ul>\n<li><a href=\"https:\/\/bozita.com\/fi\/vaihto-penturuoasta-aikuisen-koiran-ruokaan\/\">Kuinka vaihdat penturuoasta aikuisen koiran ruokaan<\/a><\/li>\n<\/ul>\n\t\t\t<\/div>\n\t\t<\/div>\n\t<\/div>\n\n\n<section class=\"block product-promos\">\n\t<div class=\"container\">\n\t\t<div class=\"row align-items-center\">\n\t\t\t<div class=\"col-md-5\">\n\t\t\t\t<div class=\"prdt__promos-heading\">\n\t\t\t\t\t<h3>\n\t\t\t\t\t\tPENNUILLE JA NUORILLE KOIRILLE SOPIVA RUOKA\t\t\t\t\t<\/h3>\n\t\t\t\t\t\t\t\t\t<\/div>\n\t\t\t<\/div>\n\t\t\t<div class=\"col-md-7\">\n\t\t\t\t\t\t\t\t\t<div class=\"owl-carousel owl-theme product-promo-carousel\">\n\t\t\t\t\t\t\t\t\t\t\t\t\t<a href=\"https:\/\/bozita.com\/fi\/koiranruoka\/bozita-robur-mother-puppy-old\/\">\n\t\t\t\t\t\t\t\t<div class=\"blk__prdt-item\">\n\t\t\t\t\t\t\t\t\t<figure>\n\t\t\t\t\t\t\t\t\t\t<img loading=\"lazy\" decoding=\"async\" width=\"400\" height=\"457\" src=\"https:\/\/bozita.com\/fi\/wp-content\/uploads\/sites\/11\/2021\/06\/2035-bozita-robur-mother-puppy.png\" class=\"attachment-post-thumbnail size-post-thumbnail wp-post-image\" alt=\"BOZITA ROBUR MOTHER &amp; PUPPY\" srcset=\"https:\/\/bozita.com\/fi\/wp-content\/uploads\/sites\/11\/2021\/06\/2035-bozita-robur-mother-puppy.png 400w, https:\/\/bozita.com\/fi\/wp-content\/uploads\/sites\/11\/2021\/06\/2035-bozita-robur-mother-puppy-263x300.png 263w\" sizes=\"(max-width: 400px) 100vw, 400px\" \/>\t\t\t\t\t\t\t\t\t\t\t\t\t\t\t\t\t\t\t<\/figure>\n\t\t\t\t\t\t\t\t\t<h4 class=\"carousel-title\"><\/h4>\n\t\t\t\t\t\t\t\t\t<span class=\"carousel-category\">BOZITA ROBUR MOTHER &amp; PUPPY<\/span>\n\t\t\t\t\t\t\t\t\t  \n\t\t\t\t\t\t\t\t\t<ul class=\"category-list\">\n\t\t\t\t\t\t\t\t\t\t\t\t\t\t\t\t\t\t\t\t\t\t\t<li class=\"svg-image\">\n\t\t\t\t\t\t\t\t\t\t\t\t\t\t<img decoding=\"async\" src=\"https:\/\/bozita.com\/fi\/wp-content\/uploads\/sites\/11\/2023\/09\/icon-wheat-free.svg\" \/>\n\t\t\t\t\t\t\t\t\t\t\t\t\t<\/li>\n\t\t\t\t\t\t\t\t\t\t\t\t\t\t\t\t\t\t\t\t\t\t\t\t\t\t\t\t\t\t\t\t\t\t\t\t<li class=\"svg-image\">\n\t\t\t\t\t\t\t\t\t\t\t\t\t\t<img decoding=\"async\" src=\"https:\/\/bozita.com\/fi\/wp-content\/uploads\/sites\/11\/2023\/09\/icon-flavour-chicken.svg\" \/>\n\t\t\t\t\t\t\t\t\t\t\t\t\t<\/li>\n\t\t\t\t\t\t\t\t\t\t\t\t\t\t\t\t\t\t\t\t\t\t<\/ul>       \n\n\t\t\t\t\t\t\t\t<\/div>\n\t\t\t\t\t\t\t<\/a>\n\t\t\t\t\t\t\t\t\t\t\t\t\t\t\t\t\t\t\t\t<a href=\"https:\/\/bozita.com\/fi\/koiranruoka\/bozita-robur-mother-puppy-xl-old\/\">\n\t\t\t\t\t\t\t\t<div class=\"blk__prdt-item\">\n\t\t\t\t\t\t\t\t\t<figure>\n\t\t\t\t\t\t\t\t\t\t<img loading=\"lazy\" decoding=\"async\" width=\"400\" height=\"457\" src=\"https:\/\/bozita.com\/fi\/wp-content\/uploads\/sites\/11\/2021\/06\/2036-bozita-robur-mother-puppy-xl.png\" class=\"attachment-post-thumbnail size-post-thumbnail wp-post-image\" alt=\"ACTIVE &amp; STERILISED &#8211; LAMB\" srcset=\"https:\/\/bozita.com\/fi\/wp-content\/uploads\/sites\/11\/2021\/06\/2036-bozita-robur-mother-puppy-xl.png 400w, https:\/\/bozita.com\/fi\/wp-content\/uploads\/sites\/11\/2021\/06\/2036-bozita-robur-mother-puppy-xl-263x300.png 263w\" sizes=\"(max-width: 400px) 100vw, 400px\" \/>\t\t\t\t\t\t\t\t\t\t\t\t\t\t\t\t\t\t\t<\/figure>\n\t\t\t\t\t\t\t\t\t<h4 class=\"carousel-title\"><\/h4>\n\t\t\t\t\t\t\t\t\t<span class=\"carousel-category\">BOZITA ROBUR MOTHER &amp; PUPPY XL<\/span>\n\t\t\t\t\t\t\t\t\t  \n\t\t\t\t\t\t\t\t\t<ul class=\"category-list\">\n\t\t\t\t\t\t\t\t\t\t\t\t\t\t\t\t\t\t\t\t\t\t\t<li class=\"svg-image\">\n\t\t\t\t\t\t\t\t\t\t\t\t\t\t<img decoding=\"async\" src=\"https:\/\/bozita.com\/fi\/wp-content\/uploads\/sites\/11\/2023\/09\/icon-wheat-free.svg\" \/>\n\t\t\t\t\t\t\t\t\t\t\t\t\t<\/li>\n\t\t\t\t\t\t\t\t\t\t\t\t\t\t\t\t\t\t\t\t\t\t\t\t\t\t\t\t\t\t\t\t\t\t\t\t<li class=\"svg-image\">\n\t\t\t\t\t\t\t\t\t\t\t\t\t\t<img decoding=\"async\" src=\"https:\/\/bozita.com\/fi\/wp-content\/uploads\/sites\/11\/2023\/09\/icon-flavour-chicken.svg\" \/>\n\t\t\t\t\t\t\t\t\t\t\t\t\t<\/li>\n\t\t\t\t\t\t\t\t\t\t\t\t\t\t\t\t\t\t\t\t\t\t<\/ul>       \n\n\t\t\t\t\t\t\t\t<\/div>\n\t\t\t\t\t\t\t<\/a>\n\t\t\t\t\t\t\t\t\t\t\t\t\t\t\t\t\t\t<\/div>\n\t\t\t\t\t\t\t<\/div>\n\t\t<\/div>\n\t<\/div>\n<\/section>\n<script>\njQuery(document).ready(function($) {\n\tjQuery('.product-promo-carousel').owlCarousel({\n\tloop: true,\n\tmargin: 10,\n\tresponsiveClass: true,\n\tresponsive: {\n\t\t0: {\n\t\titems: 1,\n\t\tnav: true\n\t\t},\n\t\t600: {\n\t\titems: 1,\n\t\tnav: true\n\t\t},\n\t\t1000: {\n\t\titems: 2,\n\t\tnav: true,\n\t\t}\n\t}\n\t})\n\tjQuery(\".owl-prev\").html('<span><<\/span>');\n\tjQuery(\".owl-next\").html('<span>><\/span>');\n\n\tvar slider = jQuery('.promo-slider-list');\n\tslider.owlCarousel();\n\tjQuery('.nextbtn-a').click(function() {\n\tslider.trigger('next.owl.carousel');\n\t})\n\t\/\/ Go to the previous item\n\tjQuery('.prebtn-a').click(function() {\n\tslider.trigger('prev.owl.carousel', [300]);\n\t})\n});\n<\/script>\n\n\n\n\t<section class=\"block related-articles\">\n\t\t<div class=\"container\">\n\t\t\t<h2>Aiheeseen liittyvi\u00e4 artikkeleita<\/h2>\n\t\t\t<div class=\"row justify-content-center\">\n\t\t\t\t\t\t\t\t\t\t<div class=\"col-sm-6 col-md-6 col-lg-3\">\n\t\t\t\t\t\t\t\t\t\t\t\t\t\t<div class=\"card \">\n\t\t\t\t\t\t\t\t\t\t\t\t\t\t\t\t\t<img decoding=\"async\"  src=\"https:\/\/bozita.com\/fi\/wp-content\/uploads\/sites\/11\/2021\/08\/bozita-hund-byta-valpfoder-vuxenfoder.jpeg\" alt=\"\">\n\t\t\t\t\t\t\t\t\t\t\t\t\t\t\t\t\t<!-- <img decoding=\"async\" src=\"\n\t\t\t\t\t\t\t\t\t\t\t\t\t\t\t\t\t\t\t\t\" alt=\"\n\t\t\t\t\t\t\t\t\t\t\t\t\t\t\t\t\t\t\t\t\t\t\t\t\t\t\t\"> -->\n\t\t\t\t\t\t\t\t<div class=\"card-body\">\n\t\t\t\t\t\t\t\t\t\t\t\t\t\t\t\t\t\t\t<h6>Vaihto penturuoasta aikuisen koiran ruokaan<\/h6>\n\t\t\t\t\t\t\t\t\t\t\t\t\t\t\t\t\t\t\t<a href=\"https:\/\/bozita.com\/fi\/ravitsemus-ja-ruokavalio\/vaihto-penturuoasta-aikuisen-koiran-ruokaan\/\">Lue lis\u00e4\u00e4 &nbsp; ><\/a>\n\t\t\t\t\t\t\t\t<\/div>\n\t\t\t\t\t\t\t<\/div>\n\t\t\t\t\t\t<\/div>\n\n\t\t\t\t\t\t\t\t\t\t\t<div class=\"col-sm-6 col-md-6 col-lg-3\">\n\t\t\t\t\t\t\t\t\t\t\t\t\t\t<div class=\"card \">\n\t\t\t\t\t\t\t\t\t\t\t\t\t\t\t\t\t<img decoding=\"async\"  src=\"https:\/\/bozita.com\/fi\/wp-content\/uploads\/sites\/11\/2021\/08\/bozita-utfodring-tik-draktig-digivande.jpeg\" alt=\"\">\n\t\t\t\t\t\t\t\t\t\t\t\t\t\t\t\t\t<!-- <img decoding=\"async\" src=\"\n\t\t\t\t\t\t\t\t\t\t\t\t\t\t\t\t\t\t\t\t\" alt=\"\n\t\t\t\t\t\t\t\t\t\t\t\t\t\t\t\t\t\t\t\t\t\t\t\t\t\t\t\"> -->\n\t\t\t\t\t\t\t\t<div class=\"card-body\">\n\t\t\t\t\t\t\t\t\t\t\t\t\t\t\t\t\t\t\t<h6>Kantavien ja imett\u00e4vien narttujen ruokinta<\/h6>\n\t\t\t\t\t\t\t\t\t\t\t\t\t\t\t\t\t\t\t<a href=\"https:\/\/bozita.com\/fi\/ravitsemus-ja-ruokavalio\/kantavien-ja-imettavien-narttujen-ruokinta\/\">Lue lis\u00e4\u00e4 &nbsp; ><\/a>\n\t\t\t\t\t\t\t\t<\/div>\n\t\t\t\t\t\t\t<\/div>\n\t\t\t\t\t\t<\/div>\n\n\t\t\t\t\t\t\t\t\t\t\t<div class=\"col-sm-6 col-md-6 col-lg-3\">\n\t\t\t\t\t\t\t\t\t\t\t\t\t\t<div class=\"card \">\n\t\t\t\t\t\t\t\t\t\t\t\t\t\t\t\t\t<img decoding=\"async\"  src=\"https:\/\/bozita.com\/fi\/wp-content\/uploads\/sites\/11\/2021\/08\/bozita-hund-borsta-tander-hygien.jpeg\" alt=\"\">\n\t\t\t\t\t\t\t\t\t\t\t\t\t\t\t\t\t<!-- <img decoding=\"async\" src=\"\n\t\t\t\t\t\t\t\t\t\t\t\t\t\t\t\t\t\t\t\t\" alt=\"\n\t\t\t\t\t\t\t\t\t\t\t\t\t\t\t\t\t\t\t\t\t\t\t\t\t\t\t\"> -->\n\t\t\t\t\t\t\t\t<div class=\"card-body\">\n\t\t\t\t\t\t\t\t\t\t\t\t\t\t\t\t\t\t\t<h6>Koiran hammaskivi<\/h6>\n\t\t\t\t\t\t\t\t\t\t\t\t\t\t\t\t\t\t\t<a href=\"https:\/\/bozita.com\/fi\/koirasi-terveys\/koiran-hammaskivi\/\">Lue lis\u00e4\u00e4 &nbsp; ><\/a>\n\t\t\t\t\t\t\t\t<\/div>\n\t\t\t\t\t\t\t<\/div>\n\t\t\t\t\t\t<\/div>\n\n\t\t\t\t\t\t\t\t\t\t\t\t<\/div>\n\t\t<\/div>\n\t<\/section>\n","protected":false},"excerpt":{"rendered":"","protected":false},"author":1,"featured_media":6342,"parent":6653,"menu_order":0,"comment_status":"closed","ping_status":"closed","template":"guternberg.php","meta":{"footnotes":""},"acf":[],"yoast_head":"<!-- This site is optimized with the Yoast SEO plugin v21.3 - https:\/\/yoast.com\/wordpress\/plugins\/seo\/ -->\n<title>Kuinka paljon pennun pit\u00e4\u00e4 sy\u00f6d\u00e4 ja mik\u00e4 on paras ruoka? - Bozita Finland<\/title>\n<meta name=\"description\" content=\"Mit\u00e4 pennun tulisi sy\u00f6d\u00e4? Kuinka paljon pennun pit\u00e4\u00e4 saada ruokaa ja kuinka valita paras penturuoka? Kuinka usein pennun pit\u00e4\u00e4 sy\u00f6d\u00e4? Bozita tarjoaa neuvoja ja vastauksia kysymyksiisi.\" \/>\n<meta name=\"robots\" content=\"index, follow, max-snippet:-1, max-image-preview:large, max-video-preview:-1\" \/>\n<link rel=\"canonical\" href=\"https:\/\/bozita.com\/fi\/ravitsemus-ja-ruokavalio\/kuinka-paljon-pennun-pitaa-syoda-ja-mika-on-paras-ruoka\/\" \/>\n<meta property=\"og:locale\" content=\"fi_FI\" \/>\n<meta property=\"og:type\" content=\"article\" \/>\n<meta property=\"og:title\" content=\"Kuinka paljon pennun pit\u00e4\u00e4 sy\u00f6d\u00e4 ja mik\u00e4 on paras ruoka? - Bozita Finland\" \/>\n<meta property=\"og:description\" content=\"Mit\u00e4 pennun tulisi sy\u00f6d\u00e4? Kuinka paljon pennun pit\u00e4\u00e4 saada ruokaa ja kuinka valita paras penturuoka? Kuinka usein pennun pit\u00e4\u00e4 sy\u00f6d\u00e4? Bozita tarjoaa neuvoja ja vastauksia kysymyksiisi.\" \/>\n<meta property=\"og:url\" content=\"https:\/\/bozita.com\/fi\/ravitsemus-ja-ruokavalio\/kuinka-paljon-pennun-pitaa-syoda-ja-mika-on-paras-ruoka\/\" \/>\n<meta property=\"og:site_name\" content=\"Bozita Finland\" \/>\n<meta property=\"article:modified_time\" content=\"2023-02-27T14:23:52+00:00\" \/>\n<meta property=\"og:image\" content=\"https:\/\/bozita.com\/fi\/wp-content\/uploads\/sites\/11\/2021\/06\/bozita-utfodra-valp.jpg\" \/>\n\t<meta property=\"og:image:width\" content=\"1600\" \/>\n\t<meta property=\"og:image:height\" content=\"578\" \/>\n\t<meta property=\"og:image:type\" content=\"image\/jpeg\" \/>\n<meta name=\"twitter:card\" content=\"summary_large_image\" \/>\n<!-- \/ Yoast SEO plugin. -->","yoast_head_json":{"title":"Kuinka paljon pennun pit\u00e4\u00e4 sy\u00f6d\u00e4 ja mik\u00e4 on paras ruoka? - Bozita Finland","description":"Mit\u00e4 pennun tulisi sy\u00f6d\u00e4? Kuinka paljon pennun pit\u00e4\u00e4 saada ruokaa ja kuinka valita paras penturuoka? Kuinka usein pennun pit\u00e4\u00e4 sy\u00f6d\u00e4? Bozita tarjoaa neuvoja ja vastauksia kysymyksiisi.","robots":{"index":"index","follow":"follow","max-snippet":"max-snippet:-1","max-image-preview":"max-image-preview:large","max-video-preview":"max-video-preview:-1"},"canonical":"https:\/\/bozita.com\/fi\/ravitsemus-ja-ruokavalio\/kuinka-paljon-pennun-pitaa-syoda-ja-mika-on-paras-ruoka\/","og_locale":"fi_FI","og_type":"article","og_title":"Kuinka paljon pennun pit\u00e4\u00e4 sy\u00f6d\u00e4 ja mik\u00e4 on paras ruoka? - Bozita Finland","og_description":"Mit\u00e4 pennun tulisi sy\u00f6d\u00e4? Kuinka paljon pennun pit\u00e4\u00e4 saada ruokaa ja kuinka valita paras penturuoka? Kuinka usein pennun pit\u00e4\u00e4 sy\u00f6d\u00e4? Bozita tarjoaa neuvoja ja vastauksia kysymyksiisi.","og_url":"https:\/\/bozita.com\/fi\/ravitsemus-ja-ruokavalio\/kuinka-paljon-pennun-pitaa-syoda-ja-mika-on-paras-ruoka\/","og_site_name":"Bozita Finland","article_modified_time":"2023-02-27T14:23:52+00:00","og_image":[{"width":1600,"height":578,"url":"https:\/\/bozita.com\/fi\/wp-content\/uploads\/sites\/11\/2021\/06\/bozita-utfodra-valp.jpg","type":"image\/jpeg"}],"twitter_card":"summary_large_image","schema":{"@context":"https:\/\/schema.org","@graph":[{"@type":"WebPage","@id":"https:\/\/bozita.com\/fi\/ravitsemus-ja-ruokavalio\/kuinka-paljon-pennun-pitaa-syoda-ja-mika-on-paras-ruoka\/","url":"https:\/\/bozita.com\/fi\/ravitsemus-ja-ruokavalio\/kuinka-paljon-pennun-pitaa-syoda-ja-mika-on-paras-ruoka\/","name":"Kuinka paljon pennun pit\u00e4\u00e4 sy\u00f6d\u00e4 ja mik\u00e4 on paras ruoka? - Bozita Finland","isPartOf":{"@id":"https:\/\/bozita.com\/fi\/#website"},"datePublished":"2022-08-31T06:48:55+00:00","dateModified":"2023-02-27T14:23:52+00:00","description":"Mit\u00e4 pennun tulisi sy\u00f6d\u00e4? Kuinka paljon pennun pit\u00e4\u00e4 saada ruokaa ja kuinka valita paras penturuoka? Kuinka usein pennun pit\u00e4\u00e4 sy\u00f6d\u00e4? Bozita tarjoaa neuvoja ja vastauksia kysymyksiisi.","breadcrumb":{"@id":"https:\/\/bozita.com\/fi\/ravitsemus-ja-ruokavalio\/kuinka-paljon-pennun-pitaa-syoda-ja-mika-on-paras-ruoka\/#breadcrumb"},"inLanguage":"fi","potentialAction":[{"@type":"ReadAction","target":["https:\/\/bozita.com\/fi\/ravitsemus-ja-ruokavalio\/kuinka-paljon-pennun-pitaa-syoda-ja-mika-on-paras-ruoka\/"]}]},{"@type":"BreadcrumbList","@id":"https:\/\/bozita.com\/fi\/ravitsemus-ja-ruokavalio\/kuinka-paljon-pennun-pitaa-syoda-ja-mika-on-paras-ruoka\/#breadcrumb","itemListElement":[{"@type":"ListItem","position":1,"name":"Koti","item":"https:\/\/bozita.com\/fi\/"},{"@type":"ListItem","position":2,"name":"Ravitsemus ja ruokavalio","item":"https:\/\/bozita.com\/fi\/ravitsemus-ja-ruokavalio\/"},{"@type":"ListItem","position":3,"name":"Kuinka paljon pennun pit\u00e4\u00e4 sy\u00f6d\u00e4 ja mik\u00e4 on paras ruoka?"}]},{"@type":"WebSite","@id":"https:\/\/bozita.com\/fi\/#website","url":"https:\/\/bozita.com\/fi\/","name":"Bozita Finland","description":"","potentialAction":[{"@type":"SearchAction","target":{"@type":"EntryPoint","urlTemplate":"https:\/\/bozita.com\/fi\/?s={search_term_string}"},"query-input":"required name=search_term_string"}],"inLanguage":"fi"}]}},"_links":{"self":[{"href":"https:\/\/bozita.com\/fi\/wp-json\/wp\/v2\/pages\/6341"}],"collection":[{"href":"https:\/\/bozita.com\/fi\/wp-json\/wp\/v2\/pages"}],"about":[{"href":"https:\/\/bozita.com\/fi\/wp-json\/wp\/v2\/types\/page"}],"author":[{"embeddable":true,"href":"https:\/\/bozita.com\/fi\/wp-json\/wp\/v2\/users\/1"}],"replies":[{"embeddable":true,"href":"https:\/\/bozita.com\/fi\/wp-json\/wp\/v2\/comments?post=6341"}],"version-history":[{"count":17,"href":"https:\/\/bozita.com\/fi\/wp-json\/wp\/v2\/pages\/6341\/revisions"}],"predecessor-version":[{"id":8652,"href":"https:\/\/bozita.com\/fi\/wp-json\/wp\/v2\/pages\/6341\/revisions\/8652"}],"up":[{"embeddable":true,"href":"https:\/\/bozita.com\/fi\/wp-json\/wp\/v2\/pages\/6653"}],"wp:featuredmedia":[{"embeddable":true,"href":"https:\/\/bozita.com\/fi\/wp-json\/wp\/v2\/media\/6342"}],"wp:attachment":[{"href":"https:\/\/bozita.com\/fi\/wp-json\/wp\/v2\/media?parent=6341"}],"curies":[{"name":"wp","href":"https:\/\/api.w.org\/{rel}","templated":true}]}}