{"id":6345,"date":"2022-08-31T06:49:43","date_gmt":"2022-08-31T06:49:43","guid":{"rendered":"https:\/\/bozita.com\/fi\/kissan-kiilloton-turkki\/"},"modified":"2023-02-27T14:52:30","modified_gmt":"2023-02-27T14:52:30","slug":"kissan-kiilloton-turkki","status":"publish","type":"page","link":"https:\/\/bozita.com\/fi\/kissan-kiilloton-turkki\/","title":{"rendered":"Kissan kiilloton turkki"},"content":{"rendered":"\t\t<section class=\"small-hero\">\n\t\t\t<div class=\"container\">\n\t\t\t\t<h1 class=\"small-hero-title\">Kissan kiilloton turkki<\/h1>\t\t\t<\/div>\n\t\t\t<\/div>\n\t\t<\/section>\n\t\t<div class=\"text-box-warp\">\n\t\t<div class=\"container\">\n\t\t\t<div class=\"text-content\">\n\t\t\t\t<p>Kissan ihon ja turkin kunto kertoo paljon sen terveydest\u00e4. Kiilloton ja eloton turkki on selke\u00e4 merkki siit\u00e4, ett\u00e4 jokin on viallaan. Syyn\u00e4 voi olla stressi tai sairaus, joten on t\u00e4rke\u00e4\u00e4 ensin sulkea n\u00e4m\u00e4 mahdollisuudet pois. Esimerkiksi \u00e4skett\u00e4in tiineen\u00e4 ollut tai jatkuvassa kiimassa oleva kissa saattaa k\u00e4rsi\u00e4 stressist\u00e4. T\u00e4llaisissa tapauksissa ei ole lainkaan ep\u00e4tavallista, ett\u00e4 kissan turkin laatu k\u00e4rsii. Jos stressin ja sairauden mahdollisuudet on suljettu pois voit usein ratkaista ongelman vaihtamalla kissan ruoan runsaasti t\u00e4rkeit\u00e4 vitamiineja, antioksidantteja ja rasvahappoja sis\u00e4lt\u00e4v\u00e4\u00e4n ravintoon. B-vitamiinin kaltaiset vitamiinit voivat stimuloida turkin laatua ja uusiutumista, kun taas omega 3 -rasvahappojen korkea EPA ja DHA -pitoisuus parantaa turkin laatua ja v\u00e4hent\u00e4\u00e4 kutinaa. Kissa ei tuota omega-3 -rasvahappoa itse, joten sen on tultava ravinnosta.<\/p>\n\t\t\t<\/div>\n\t\t<\/div>\n\t<\/div>\n","protected":false},"excerpt":{"rendered":"","protected":false},"author":1,"featured_media":0,"parent":0,"menu_order":0,"comment_status":"closed","ping_status":"closed","template":"guternberg.php","meta":{"footnotes":""},"acf":[],"yoast_head":"<!-- This site is optimized with the Yoast SEO plugin v21.3 - https:\/\/yoast.com\/wordpress\/plugins\/seo\/ -->\n<title>Kissan kiilloton turkki - Bozita Finland<\/title>\n<meta name=\"robots\" content=\"index, follow, max-snippet:-1, max-image-preview:large, max-video-preview:-1\" \/>\n<link rel=\"canonical\" href=\"https:\/\/bozita.com\/fi\/kissan-kiilloton-turkki\/\" \/>\n<meta property=\"og:locale\" content=\"fi_FI\" \/>\n<meta property=\"og:type\" content=\"article\" \/>\n<meta property=\"og:title\" content=\"Kissan kiilloton turkki - Bozita Finland\" \/>\n<meta property=\"og:url\" content=\"https:\/\/bozita.com\/fi\/kissan-kiilloton-turkki\/\" \/>\n<meta property=\"og:site_name\" content=\"Bozita Finland\" \/>\n<meta property=\"article:modified_time\" content=\"2023-02-27T14:52:30+00:00\" \/>\n<meta name=\"twitter:card\" content=\"summary_large_image\" \/>\n<!-- \/ Yoast SEO plugin. -->","yoast_head_json":{"title":"Kissan kiilloton turkki - Bozita Finland","robots":{"index":"index","follow":"follow","max-snippet":"max-snippet:-1","max-image-preview":"max-image-preview:large","max-video-preview":"max-video-preview:-1"},"canonical":"https:\/\/bozita.com\/fi\/kissan-kiilloton-turkki\/","og_locale":"fi_FI","og_type":"article","og_title":"Kissan kiilloton turkki - Bozita Finland","og_url":"https:\/\/bozita.com\/fi\/kissan-kiilloton-turkki\/","og_site_name":"Bozita Finland","article_modified_time":"2023-02-27T14:52:30+00:00","twitter_card":"summary_large_image","schema":{"@context":"https:\/\/schema.org","@graph":[{"@type":"WebPage","@id":"https:\/\/bozita.com\/fi\/kissan-kiilloton-turkki\/","url":"https:\/\/bozita.com\/fi\/kissan-kiilloton-turkki\/","name":"Kissan kiilloton turkki - Bozita Finland","isPartOf":{"@id":"https:\/\/bozita.com\/fi\/#website"},"datePublished":"2022-08-31T06:49:43+00:00","dateModified":"2023-02-27T14:52:30+00:00","breadcrumb":{"@id":"https:\/\/bozita.com\/fi\/kissan-kiilloton-turkki\/#breadcrumb"},"inLanguage":"fi","potentialAction":[{"@type":"ReadAction","target":["https:\/\/bozita.com\/fi\/kissan-kiilloton-turkki\/"]}]},{"@type":"BreadcrumbList","@id":"https:\/\/bozita.com\/fi\/kissan-kiilloton-turkki\/#breadcrumb","itemListElement":[{"@type":"ListItem","position":1,"name":"Koti","item":"https:\/\/bozita.com\/fi\/"},{"@type":"ListItem","position":2,"name":"Kissan kiilloton turkki"}]},{"@type":"WebSite","@id":"https:\/\/bozita.com\/fi\/#website","url":"https:\/\/bozita.com\/fi\/","name":"Bozita Finland","description":"","potentialAction":[{"@type":"SearchAction","target":{"@type":"EntryPoint","urlTemplate":"https:\/\/bozita.com\/fi\/?s={search_term_string}"},"query-input":"required name=search_term_string"}],"inLanguage":"fi"}]}},"_links":{"self":[{"href":"https:\/\/bozita.com\/fi\/wp-json\/wp\/v2\/pages\/6345"}],"collection":[{"href":"https:\/\/bozita.com\/fi\/wp-json\/wp\/v2\/pages"}],"about":[{"href":"https:\/\/bozita.com\/fi\/wp-json\/wp\/v2\/types\/page"}],"author":[{"embeddable":true,"href":"https:\/\/bozita.com\/fi\/wp-json\/wp\/v2\/users\/1"}],"replies":[{"embeddable":true,"href":"https:\/\/bozita.com\/fi\/wp-json\/wp\/v2\/comments?post=6345"}],"version-history":[{"count":1,"href":"https:\/\/bozita.com\/fi\/wp-json\/wp\/v2\/pages\/6345\/revisions"}],"predecessor-version":[{"id":6346,"href":"https:\/\/bozita.com\/fi\/wp-json\/wp\/v2\/pages\/6345\/revisions\/6346"}],"wp:attachment":[{"href":"https:\/\/bozita.com\/fi\/wp-json\/wp\/v2\/media?parent=6345"}],"curies":[{"name":"wp","href":"https:\/\/api.w.org\/{rel}","templated":true}]}}