{"id":6349,"date":"2022-08-31T06:50:09","date_gmt":"2022-08-31T06:50:09","guid":{"rendered":"https:\/\/bozita.com\/fi\/herkkavatsaisuus-ja-kissojen-ruoka-allerigat\/"},"modified":"2023-02-27T15:07:02","modified_gmt":"2023-02-27T15:07:02","slug":"herkkavatsaisuus-ja-kissojen-ruoka-allerigat","status":"publish","type":"page","link":"https:\/\/bozita.com\/fi\/herkkavatsaisuus-ja-kissojen-ruoka-allerigat\/","title":{"rendered":"Herkk\u00e4vatsaisuus ja kissojen ruoka-allerigat"},"content":{"rendered":"\t\t<section class=\"small-hero\">\n\t\t\t<div class=\"container\">\n\t\t\t\t<h1 class=\"small-hero-title\">Herkk\u00e4vatsaisuus ja kissojen ruoka-allerigat<\/h1>\t\t\t<\/div>\n\t\t\t<\/div>\n\t\t<\/section>\n\t\t<div class=\"text-box-warp\">\n\t\t<div class=\"container\">\n\t\t\t<div class=\"text-content\">\n\t\t\t\t<p>Osa kissoista on toisia herkk\u00e4vatsaisempia ja ne trvitsevat siksi helpommin sulavamman ruoan. Helpottaaksesi kissan ruonasulatusta tulisi sille tarjota kuiturikasta ravintoa. FOS (frukto-oligosakkaridit) ja MOS (mannan oligo sakkaridi) ovat luonnollisia prebiottisia kuituja, jotka edesauttavat terveen ja aktiivisen suolistoflooran kasvua ja helpottavat ruoansulatusta. FOS edesauttaa suoliston hy\u00f6dyllisten bakteerien kukoistamista ja MOS vaikeuttaa vahingollisen bakteeriston kasvua. Levoton vatsa voi johtua my\u00f6s ruoka-aineallerigiasta. Yleisi\u00e4 oireita ovat ripuli, oksentelu, kutina ja muut iho-ongelmat. Kissasi saattaa olla allerginen jollekin proteiinille, olla herkk\u00e4 vehn\u00e4lle tai muille viljoille (kuten maissille tai riisille) . Koska kissat ovat luonnostaan lihansy\u00f6ji\u00e4 niiden ruoansulatuselimist\u00f6 on suunniteltu sulattamaan proteiinia, ei hiilihydraatteja. T\u00e4st\u00e4 johtuen kissat ovat varsin usein herkki\u00e4 vehn\u00e4lle ja viljoille. T\u00e4m\u00e4 ei kuitenkaan tarkoita, ett\u00e4 kissan tulisi sy\u00f6d\u00e4 ainoastaan lihaa. T\u00e4rkkellys on erinomainen energianl\u00e4hde ja se toimii hienosti proteiinin lis\u00e4n\u00e4 kudosten rakentamisessa ja korjaamisessa. T\u00e4st\u00e4 syyst\u00e4 olemme lis\u00e4nneet perunaa viljattomaan kissanruokaamme. Vehn\u00e4lle herkille kissoille tarjoamme vehn\u00e4t\u00f6nt\u00e4 kissanruokaa. Herkk\u00e4 vatsa ei aina johdu ruoasta, sen voi my\u00f6s johtua stressist\u00e4 tai sairaudesta. N\u00e4iss\u00e4 tapauksissa ammattilaisen apu on tarpeen. Ota yhteytt\u00e4 el\u00e4inl\u00e4\u00e4k\u00e4riisi toistuvien ongelmien diagnosoimiseksi.<\/p>\n\t\t\t<\/div>\n\t\t<\/div>\n\t<\/div>\n","protected":false},"excerpt":{"rendered":"","protected":false},"author":1,"featured_media":0,"parent":0,"menu_order":0,"comment_status":"closed","ping_status":"closed","template":"guternberg.php","meta":{"footnotes":""},"acf":[],"yoast_head":"<!-- This site is optimized with the Yoast SEO plugin v21.3 - https:\/\/yoast.com\/wordpress\/plugins\/seo\/ -->\n<title>Herkk\u00e4vatsaisuus ja kissojen ruoka-allerigat - Bozita Finland<\/title>\n<meta name=\"robots\" content=\"index, follow, max-snippet:-1, max-image-preview:large, max-video-preview:-1\" \/>\n<link rel=\"canonical\" href=\"https:\/\/bozita.com\/fi\/herkkavatsaisuus-ja-kissojen-ruoka-allerigat\/\" \/>\n<meta property=\"og:locale\" content=\"fi_FI\" \/>\n<meta property=\"og:type\" content=\"article\" \/>\n<meta property=\"og:title\" content=\"Herkk\u00e4vatsaisuus ja kissojen ruoka-allerigat - Bozita Finland\" \/>\n<meta property=\"og:url\" content=\"https:\/\/bozita.com\/fi\/herkkavatsaisuus-ja-kissojen-ruoka-allerigat\/\" \/>\n<meta property=\"og:site_name\" content=\"Bozita Finland\" \/>\n<meta property=\"article:modified_time\" content=\"2023-02-27T15:07:02+00:00\" \/>\n<meta name=\"twitter:card\" content=\"summary_large_image\" \/>\n<!-- \/ Yoast SEO plugin. -->","yoast_head_json":{"title":"Herkk\u00e4vatsaisuus ja kissojen ruoka-allerigat - Bozita Finland","robots":{"index":"index","follow":"follow","max-snippet":"max-snippet:-1","max-image-preview":"max-image-preview:large","max-video-preview":"max-video-preview:-1"},"canonical":"https:\/\/bozita.com\/fi\/herkkavatsaisuus-ja-kissojen-ruoka-allerigat\/","og_locale":"fi_FI","og_type":"article","og_title":"Herkk\u00e4vatsaisuus ja kissojen ruoka-allerigat - Bozita Finland","og_url":"https:\/\/bozita.com\/fi\/herkkavatsaisuus-ja-kissojen-ruoka-allerigat\/","og_site_name":"Bozita Finland","article_modified_time":"2023-02-27T15:07:02+00:00","twitter_card":"summary_large_image","schema":{"@context":"https:\/\/schema.org","@graph":[{"@type":"WebPage","@id":"https:\/\/bozita.com\/fi\/herkkavatsaisuus-ja-kissojen-ruoka-allerigat\/","url":"https:\/\/bozita.com\/fi\/herkkavatsaisuus-ja-kissojen-ruoka-allerigat\/","name":"Herkk\u00e4vatsaisuus ja kissojen ruoka-allerigat - Bozita Finland","isPartOf":{"@id":"https:\/\/bozita.com\/fi\/#website"},"datePublished":"2022-08-31T06:50:09+00:00","dateModified":"2023-02-27T15:07:02+00:00","breadcrumb":{"@id":"https:\/\/bozita.com\/fi\/herkkavatsaisuus-ja-kissojen-ruoka-allerigat\/#breadcrumb"},"inLanguage":"fi","potentialAction":[{"@type":"ReadAction","target":["https:\/\/bozita.com\/fi\/herkkavatsaisuus-ja-kissojen-ruoka-allerigat\/"]}]},{"@type":"BreadcrumbList","@id":"https:\/\/bozita.com\/fi\/herkkavatsaisuus-ja-kissojen-ruoka-allerigat\/#breadcrumb","itemListElement":[{"@type":"ListItem","position":1,"name":"Koti","item":"https:\/\/bozita.com\/fi\/"},{"@type":"ListItem","position":2,"name":"Herkk\u00e4vatsaisuus ja kissojen ruoka-allerigat"}]},{"@type":"WebSite","@id":"https:\/\/bozita.com\/fi\/#website","url":"https:\/\/bozita.com\/fi\/","name":"Bozita Finland","description":"","potentialAction":[{"@type":"SearchAction","target":{"@type":"EntryPoint","urlTemplate":"https:\/\/bozita.com\/fi\/?s={search_term_string}"},"query-input":"required name=search_term_string"}],"inLanguage":"fi"}]}},"_links":{"self":[{"href":"https:\/\/bozita.com\/fi\/wp-json\/wp\/v2\/pages\/6349"}],"collection":[{"href":"https:\/\/bozita.com\/fi\/wp-json\/wp\/v2\/pages"}],"about":[{"href":"https:\/\/bozita.com\/fi\/wp-json\/wp\/v2\/types\/page"}],"author":[{"embeddable":true,"href":"https:\/\/bozita.com\/fi\/wp-json\/wp\/v2\/users\/1"}],"replies":[{"embeddable":true,"href":"https:\/\/bozita.com\/fi\/wp-json\/wp\/v2\/comments?post=6349"}],"version-history":[{"count":1,"href":"https:\/\/bozita.com\/fi\/wp-json\/wp\/v2\/pages\/6349\/revisions"}],"predecessor-version":[{"id":6350,"href":"https:\/\/bozita.com\/fi\/wp-json\/wp\/v2\/pages\/6349\/revisions\/6350"}],"wp:attachment":[{"href":"https:\/\/bozita.com\/fi\/wp-json\/wp\/v2\/media?parent=6349"}],"curies":[{"name":"wp","href":"https:\/\/api.w.org\/{rel}","templated":true}]}}