{"id":6361,"date":"2022-08-31T06:52:08","date_gmt":"2022-08-31T06:52:08","guid":{"rendered":"https:\/\/bozita.com\/fi\/aktiovoi-koirasi\/"},"modified":"2024-03-27T16:26:49","modified_gmt":"2024-03-27T16:26:49","slug":"aktiovoi-koirasi","status":"publish","type":"page","link":"https:\/\/bozita.com\/fi\/aktiovoi-koirasi\/","title":{"rendered":"Aktivoi koiraasi"},"content":{"rendered":"\n\t\t<section class=\"small-hero-with-image\">\n\t\t\t\t\t\t\t<img decoding=\"async\" class=\"background-image\" src=\"https:\/\/bozita.com\/fi\/wp-content\/uploads\/sites\/11\/2021\/08\/bozita-aktivera-hund-2.jpg\" alt=\"\">\n\t\t\t\t\t\t\t<div class=\"overlay-v1 overlay-bg\">\n\t\t\t\t<div class=\"container\">\n\t\t\t\t\t<div class=\"row\">\n\t\t\t\t\t\t<div class=\"col-md-6 col-lg-5\">\n\t\t\t\t\t\t\t<h5>Tietoa<\/h5><h1>Aktivoi koiraasi<\/h1><p><p>S\u00e4ilytt\u00e4\u00e4kseen terveen kehon ja mielen koiran t\u00e4ytyy olla aktiivinen. T\u00e4st\u00e4 saat vinkkej\u00e4 koiran aktivoimiseen ja samalla siteenne vahvistamiseen.<\/p>\n<\/p>\t\t\t\t\t\t<\/div>\n\t\t\t\t\t<\/div>\n\t\t\t\t<\/div>\n\t\t\t<\/div>\n\t\t<\/section>\n\t\t\n\n\t<div class=\"text-box-warp\">\n\t\t<div class=\"container\">\n\t\t\t<div class=\"text-content\">\n\t\t\t\t<p>Koiran kanssa voi tehd\u00e4 monia hauskoja aktiviteetteja niin sis\u00e4ll\u00e4 kuin ulkotiloissa. On hyv\u00e4 muistaa, ett\u00e4 koiran mielen stimuloiminen on yht\u00e4 t\u00e4rke\u00e4\u00e4 kuin fyysinen aktiivisuus ja lenkit. Aktiivinen koira on iloinen ja tyytyv\u00e4inen, ja voitte pit\u00e4\u00e4 yhdess\u00e4 samaan aikaan hauskaa.<\/p>\n<h2><a href=\"https:\/\/bozita.com\/fi\/koirakurssit-ja-aktiviteetit\/\">Koirakurssit ja -aktiviteetit<\/a><\/h2>\n<p>Suunnittelet sitten koirasi kanssa kilpailemista\/osallistumista kokeisiin tai et, koirakurssit ovat erinomainen tapa viett\u00e4\u00e4 aikaa koirasi kanssa ja voitte l\u00f6yt\u00e4\u00e4 aktiviteetteja, jotka ovat sek\u00e4 fyysisesti ett\u00e4 henkisesti stimuloivia. Voitte ehk\u00e4 kokeilla agilitya tai rally-tokoa tai keskitty\u00e4 ihan vaan\u00a0 \u00a0hihnak\u00e4yt\u00f6kseen ja perustottelevaisuuteen.<\/p>\n<h2><a href=\"https:\/\/bozita.com\/fi\/koiran-heijastin-yksinkertainen-henkivakuutus\/\" rel=\"noopener\">Koiran heijastimet &#8211; edullinen henkivakuutus<\/a><\/h2>\n<p>Syksy tarkoittaa pime\u00e4mpi\u00e4 koiralenkkej\u00e4. Agrian mukaan v\u00e4hint\u00e4\u00e4n yksi koira kuolee tai vahingoittuu liikenteess\u00e4 joka p\u00e4iv\u00e4. Monessa tapauksessa onnettomuuden olisi voinut v\u00e4ltt\u00e4\u00e4 k\u00e4ytt\u00e4m\u00e4ll\u00e4 heijastinta.<\/p>\n<h2><a href=\"https:\/\/bozita.com\/fi\/koirien-tasapainoharjoittelu\/\">Koirien tasapainoharjoittelu<\/a><\/h2>\n<p>Keskikokoinen puudeli Astrid asuu yhden Bozitan tuotekehittelij\u00e4n kanssa. Pentuna Astridilla todettiin patellaluksaatio, eli polvilumpion sijoiltaanmeno. Astridin tapauksessa leikkaus oli v\u00e4ltt\u00e4m\u00e4t\u00f6n. Kiitos koordinaatio- ja tasapainoharjoittelun Astrid on nyt terve joka rakastaa mets\u00e4lenkkej\u00e4.<\/p>\n<h2><a href=\"https:\/\/bozita.com\/fi\/vaeltaminen-koiran-kanssa\/\">Vaeltaminen koiran kanssa<\/a><\/h2>\n<p>On monta tapaa viett\u00e4\u00e4 aktiivisesti aikaa koirasi kanssa, ja yksi n\u00e4ist\u00e4 on viime vuosina suuren suosion saavuttanut vaeltaminen koiran kanssa. Reittej\u00e4 on paljon, eik\u00e4 usein ole tarpeen l\u00e4hte\u00e4 kauas kotoa l\u00f6yt\u00e4\u00e4kseen upeita vaellusreittej\u00e4. Muutama asia kannattaa kuitenkin ottaa huomioon ennen l\u00e4ht\u00f6\u00e4.<\/p>\n<h2><a href=\"https:\/\/bozita.com\/fi\/loma-koiran-kanssa-tuntureilla\/\">Koiran kanssa tuntureilla<\/a><\/h2>\n<p>Rakastatko lunta ja talvea? Pakkaatko mielell\u00e4si auton t\u00e4yteen l\u00e4mpimi\u00e4 vaatteita ja suuntaan reissulle tuntureille? Kenties suunnittelet tunturilomaa koirasi kanssa, mutta mietit mink\u00e4laista koiran kanssa siell\u00e4 on. Tunturiloma koiran kanssa voi sis\u00e4lt\u00e4\u00e4 paljon hienoja kokemuksia. On kuitenkin otettava huomioon erin\u00e4isi\u00e4 asioit ennen kuin l\u00e4hdette kylmemp\u00e4\u00e4n ilmanalaan.<\/p>\n<h2><a href=\"https:\/\/bozita.com\/fi\/koirat-veneissa-nelja-turvallisuusvinkkia\/\">Veneily koiran kanssa &#8211; 4 turvallisuusvinkki\u00e4<\/a><\/h2>\n<p>Jos meri kutsuu kes\u00e4isin ja aiot ottaa koiran mukaan veneeseen on syyt\u00e4 pit\u00e4\u00e4 kieli keskell\u00e4 suuta &#8211; ja otettava huomioon monta asiaa ennen k\u00f6ysien irroittamista.<\/p>\n\t\t\t<\/div>\n\t\t<\/div>\n\t<\/div>\n\n\n<section class=\"block product-promos\">\n\t<div class=\"container\">\n\t\t<div class=\"row align-items-center\">\n\t\t\t<div class=\"col-md-5\">\n\t\t\t\t<div class=\"prdt__promos-heading\">\n\t\t\t\t\t<h3>\n\t\t\t\t\t\tM\u00e4rk\u00e4ruoasta lis\u00e4\u00e4 nestett\u00e4 ja energiaa\t\t\t\t\t<\/h3>\n\t\t\t\t\t\t\t\t\t<\/div>\n\t\t\t<\/div>\n\t\t\t<div class=\"col-md-7\">\n\t\t\t\t\t\t\t\t\t<div class=\"owl-carousel owl-theme product-promo-carousel\">\n\t\t\t\t\t\t\t\t\t\t\t\t\t<a href=\"https:\/\/bozita.com\/fi\/koiranruoka\/bozita-poropatee\/\">\n\t\t\t\t\t\t\t\t<div class=\"blk__prdt-item\">\n\t\t\t\t\t\t\t\t\t<figure>\n\t\t\t\t\t\t\t\t\t\t<img loading=\"lazy\" decoding=\"async\" width=\"400\" height=\"400\" src=\"https:\/\/bozita.com\/fi\/wp-content\/uploads\/sites\/11\/2021\/06\/4044-bozita-reindeer-can-625-g.png\" class=\"attachment-post-thumbnail size-post-thumbnail wp-post-image\" alt=\"ACTIVE &amp; STERILISED &#8211; LAMB\" srcset=\"https:\/\/bozita.com\/fi\/wp-content\/uploads\/sites\/11\/2021\/06\/4044-bozita-reindeer-can-625-g.png 400w, https:\/\/bozita.com\/fi\/wp-content\/uploads\/sites\/11\/2021\/06\/4044-bozita-reindeer-can-625-g-300x300.png 300w, https:\/\/bozita.com\/fi\/wp-content\/uploads\/sites\/11\/2021\/06\/4044-bozita-reindeer-can-625-g-150x150.png 150w\" sizes=\"(max-width: 400px) 100vw, 400px\" \/>\t\t\t\t\t\t\t\t\t\t\t\t\t\t\t\t\t\t\t<\/figure>\n\t\t\t\t\t\t\t\t\t<h4 class=\"carousel-title\"><\/h4>\n\t\t\t\t\t\t\t\t\t<span class=\"carousel-category\">BOZITA PATEE, SIS\u00c4LT\u00c4\u00c4 POROA<\/span>\n\t\t\t\t\t\t\t\t\t  \n\t\t\t\t\t\t\t\t\t<ul class=\"category-list\">\n\t\t\t\t\t\t\t\t\t\t\t\t\t\t\t\t\t\t\t\t\t\t\t<li class=\"svg-image\">\n\t\t\t\t\t\t\t\t\t\t\t\t\t\t<img decoding=\"async\" src=\"https:\/\/bozita.com\/fi\/wp-content\/uploads\/sites\/11\/2023\/09\/icon-grain-free.svg\" \/>\n\t\t\t\t\t\t\t\t\t\t\t\t\t<\/li>\n\t\t\t\t\t\t\t\t\t\t\t\t\t\t\t\t\t\t\t\t\t\t\t\t\t\t\t\t\t\t\t\t\t\t\t\t<li class=\"svg-image\">\n\t\t\t\t\t\t\t\t\t\t\t\t\t\t<img decoding=\"async\" src=\"https:\/\/bozita.com\/fi\/wp-content\/uploads\/sites\/11\/2023\/09\/icon-flavour-reindeer.svg\" \/>\n\t\t\t\t\t\t\t\t\t\t\t\t\t<\/li>\n\t\t\t\t\t\t\t\t\t\t\t\t\t\t\t\t\t\t\t\t\t\t<\/ul>       \n\n\t\t\t\t\t\t\t\t<\/div>\n\t\t\t\t\t\t\t<\/a>\n\t\t\t\t\t\t\t\t\t\t\t\t\t\t\t\t\t\t\t\t<a href=\"https:\/\/bozita.com\/fi\/koiranruoka\/bozita-lammaspatee\/\">\n\t\t\t\t\t\t\t\t<div class=\"blk__prdt-item\">\n\t\t\t\t\t\t\t\t\t<figure>\n\t\t\t\t\t\t\t\t\t\t<img loading=\"lazy\" decoding=\"async\" width=\"400\" height=\"400\" src=\"https:\/\/bozita.com\/fi\/wp-content\/uploads\/sites\/11\/2021\/06\/4057-bozita-lamb-can-625-g.png\" class=\"attachment-post-thumbnail size-post-thumbnail wp-post-image\" alt=\"ACTIVE &amp; STERILISED &#8211; LAMB\" srcset=\"https:\/\/bozita.com\/fi\/wp-content\/uploads\/sites\/11\/2021\/06\/4057-bozita-lamb-can-625-g.png 400w, https:\/\/bozita.com\/fi\/wp-content\/uploads\/sites\/11\/2021\/06\/4057-bozita-lamb-can-625-g-300x300.png 300w, https:\/\/bozita.com\/fi\/wp-content\/uploads\/sites\/11\/2021\/06\/4057-bozita-lamb-can-625-g-150x150.png 150w\" sizes=\"(max-width: 400px) 100vw, 400px\" \/>\t\t\t\t\t\t\t\t\t\t\t\t\t\t\t\t\t\t\t<\/figure>\n\t\t\t\t\t\t\t\t\t<h4 class=\"carousel-title\"><\/h4>\n\t\t\t\t\t\t\t\t\t<span class=\"carousel-category\">BOZITA PATEE, SIS\u00c4LT\u00c4\u00c4 LAMMASTA<\/span>\n\t\t\t\t\t\t\t\t\t  \n\t\t\t\t\t\t\t\t\t<ul class=\"category-list\">\n\t\t\t\t\t\t\t\t\t\t\t\t\t\t\t\t\t\t\t\t\t\t\t<li class=\"svg-image\">\n\t\t\t\t\t\t\t\t\t\t\t\t\t\t<img decoding=\"async\" src=\"https:\/\/bozita.com\/fi\/wp-content\/uploads\/sites\/11\/2023\/09\/icon-wheat-free.svg\" \/>\n\t\t\t\t\t\t\t\t\t\t\t\t\t<\/li>\n\t\t\t\t\t\t\t\t\t\t\t\t\t\t\t\t\t\t\t\t\t\t\t\t\t\t<li class=\"svg-image\">\n\t\t\t\t\t\t\t\t\t\t\t\t\t\t<img decoding=\"async\" src=\"https:\/\/bozita.com\/fi\/wp-content\/uploads\/sites\/11\/2023\/09\/icon-grain-free.svg\" \/>\n\t\t\t\t\t\t\t\t\t\t\t\t\t<\/li>\n\t\t\t\t\t\t\t\t\t\t\t\t\t\t\t\t\t\t\t\t\t\t\t\t\t\t\t\t\t\t\t\t\t\t\t\t<li class=\"svg-image\">\n\t\t\t\t\t\t\t\t\t\t\t\t\t\t<img decoding=\"async\" src=\"https:\/\/bozita.com\/fi\/wp-content\/uploads\/sites\/11\/2023\/09\/icon-flavour-lamb.svg\" \/>\n\t\t\t\t\t\t\t\t\t\t\t\t\t<\/li>\n\t\t\t\t\t\t\t\t\t\t\t\t\t\t\t\t\t\t\t\t\t\t<\/ul>       \n\n\t\t\t\t\t\t\t\t<\/div>\n\t\t\t\t\t\t\t<\/a>\n\t\t\t\t\t\t\t\t\t\t\t\t\t\t\t\t\t\t\t\t\t\t\t\t\t\t\t<a href=\"https:\/\/bozita.com\/fi\/koiranruoka\/bozita-lohenpalat-hyytelossa-koira\/\">\n\t\t\t\t\t\t\t\t<div class=\"blk__prdt-item\">\n\t\t\t\t\t\t\t\t\t<figure>\n\t\t\t\t\t\t\t\t\t\t<img loading=\"lazy\" decoding=\"async\" width=\"800\" height=\"800\" src=\"https:\/\/bozita.com\/fi\/wp-content\/uploads\/sites\/11\/2022\/08\/Bozita_Salmon_370g_Tetra_Collabra.jpg\" class=\"attachment-post-thumbnail size-post-thumbnail wp-post-image\" alt=\"BOZITA PALOJA HYYTEL\u00d6SS\u00c4, SIS\u00c4LT\u00c4\u00c4 LOHTA\" srcset=\"https:\/\/bozita.com\/fi\/wp-content\/uploads\/sites\/11\/2022\/08\/Bozita_Salmon_370g_Tetra_Collabra.jpg 800w, https:\/\/bozita.com\/fi\/wp-content\/uploads\/sites\/11\/2022\/08\/Bozita_Salmon_370g_Tetra_Collabra-300x300.jpg 300w, https:\/\/bozita.com\/fi\/wp-content\/uploads\/sites\/11\/2022\/08\/Bozita_Salmon_370g_Tetra_Collabra-150x150.jpg 150w, https:\/\/bozita.com\/fi\/wp-content\/uploads\/sites\/11\/2022\/08\/Bozita_Salmon_370g_Tetra_Collabra-768x768.jpg 768w\" sizes=\"(max-width: 800px) 100vw, 800px\" \/>\t\t\t\t\t\t\t\t\t\t\t\t\t\t\t\t\t\t\t<\/figure>\n\t\t\t\t\t\t\t\t\t<h4 class=\"carousel-title\"><\/h4>\n\t\t\t\t\t\t\t\t\t<span class=\"carousel-category\">BOZITA PALOJA HYYTEL\u00d6SS\u00c4, SIS\u00c4LT\u00c4\u00c4 LOHTA<\/span>\n\t\t\t\t\t\t\t\t\t  \n\t\t\t\t\t\t\t\t\t<ul class=\"category-list\">\n\t\t\t\t\t\t\t\t\t\t\t\t\t\t\t\t\t\t\t\t\t\t\t<li class=\"svg-image\">\n\t\t\t\t\t\t\t\t\t\t\t\t\t\t<img decoding=\"async\" src=\"https:\/\/bozita.com\/fi\/wp-content\/uploads\/sites\/11\/2023\/09\/icon-grain-free.svg\" \/>\n\t\t\t\t\t\t\t\t\t\t\t\t\t<\/li>\n\t\t\t\t\t\t\t\t\t\t\t\t\t\t\t\t\t\t\t\t\t\t\t\t\t\t\t\t\t\t\t\t\t\t\t\t<li class=\"svg-image\">\n\t\t\t\t\t\t\t\t\t\t\t\t\t\t<img decoding=\"async\" src=\"https:\/\/bozita.com\/fi\/wp-content\/uploads\/sites\/11\/2023\/09\/icon-flavour-salmon.svg\" \/>\n\t\t\t\t\t\t\t\t\t\t\t\t\t<\/li>\n\t\t\t\t\t\t\t\t\t\t\t\t\t\t\t\t\t\t\t\t\t\t<\/ul>       \n\n\t\t\t\t\t\t\t\t<\/div>\n\t\t\t\t\t\t\t<\/a>\n\t\t\t\t\t\t\t\t\t\t\t\t\t\t\t\t\t\t\t\t<a href=\"https:\/\/bozita.com\/fi\/koiranruoka\/bozita-kananpalat-ja-riisi-hyytelossa\/\">\n\t\t\t\t\t\t\t\t<div class=\"blk__prdt-item\">\n\t\t\t\t\t\t\t\t\t<figure>\n\t\t\t\t\t\t\t\t\t\t<img loading=\"lazy\" decoding=\"async\" width=\"800\" height=\"800\" src=\"https:\/\/bozita.com\/fi\/wp-content\/uploads\/sites\/11\/2022\/08\/Bozita_Chicken-Rice_370g_Tetra_Collabra.jpg\" class=\"attachment-post-thumbnail size-post-thumbnail wp-post-image\" alt=\"BOZITA PALOJA HYYTEL\u00d6SS\u00c4, SIS\u00c4LT\u00c4\u00c4 KANANPOIKAA JA RIISI\u00c4\" srcset=\"https:\/\/bozita.com\/fi\/wp-content\/uploads\/sites\/11\/2022\/08\/Bozita_Chicken-Rice_370g_Tetra_Collabra.jpg 800w, https:\/\/bozita.com\/fi\/wp-content\/uploads\/sites\/11\/2022\/08\/Bozita_Chicken-Rice_370g_Tetra_Collabra-300x300.jpg 300w, https:\/\/bozita.com\/fi\/wp-content\/uploads\/sites\/11\/2022\/08\/Bozita_Chicken-Rice_370g_Tetra_Collabra-150x150.jpg 150w, https:\/\/bozita.com\/fi\/wp-content\/uploads\/sites\/11\/2022\/08\/Bozita_Chicken-Rice_370g_Tetra_Collabra-768x768.jpg 768w\" sizes=\"(max-width: 800px) 100vw, 800px\" \/>\t\t\t\t\t\t\t\t\t\t\t\t\t\t\t\t\t\t\t<\/figure>\n\t\t\t\t\t\t\t\t\t<h4 class=\"carousel-title\"><\/h4>\n\t\t\t\t\t\t\t\t\t<span class=\"carousel-category\">BOZITA PALOJA HYYTEL\u00d6SS\u00c4, SIS\u00c4LT\u00c4\u00c4 KANANPOIKAA JA RIISI\u00c4<\/span>\n\t\t\t\t\t\t\t\t\t  \n\t\t\t\t\t\t\t\t\t<ul class=\"category-list\">\n\t\t\t\t\t\t\t\t\t\t\t\t\t\t\t\t\t\t\t\t\t\t\t<li class=\"svg-image\">\n\t\t\t\t\t\t\t\t\t\t\t\t\t\t<img decoding=\"async\" src=\"https:\/\/bozita.com\/fi\/wp-content\/uploads\/sites\/11\/2023\/09\/icon-wheat-free.svg\" \/>\n\t\t\t\t\t\t\t\t\t\t\t\t\t<\/li>\n\t\t\t\t\t\t\t\t\t\t\t\t\t\t\t\t\t\t\t\t\t\t\t\t\t\t<li class=\"svg-image\">\n\t\t\t\t\t\t\t\t\t\t\t\t\t\t<img decoding=\"async\" src=\"https:\/\/bozita.com\/fi\/wp-content\/uploads\/sites\/11\/2023\/09\/icon-grain-free.svg\" \/>\n\t\t\t\t\t\t\t\t\t\t\t\t\t<\/li>\n\t\t\t\t\t\t\t\t\t\t\t\t\t\t\t\t\t\t\t\t\t\t\t\t\t\t\t\t\t\t\t\t\t\t\t\t<li class=\"svg-image\">\n\t\t\t\t\t\t\t\t\t\t\t\t\t\t<img decoding=\"async\" src=\"https:\/\/bozita.com\/fi\/wp-content\/uploads\/sites\/11\/2023\/09\/icon-flavour-chicken.svg\" \/>\n\t\t\t\t\t\t\t\t\t\t\t\t\t<\/li>\n\t\t\t\t\t\t\t\t\t\t\t\t\t\t\t\t\t\t\t\t\t\t<\/ul>       \n\n\t\t\t\t\t\t\t\t<\/div>\n\t\t\t\t\t\t\t<\/a>\n\t\t\t\t\t\t\t\t\t\t\t\t\t\t\t\t\t\t<\/div>\n\t\t\t\t\t\t\t<\/div>\n\t\t<\/div>\n\t<\/div>\n<\/section>\n<script>\njQuery(document).ready(function($) {\n\tjQuery('.product-promo-carousel').owlCarousel({\n\tloop: true,\n\tmargin: 10,\n\tresponsiveClass: true,\n\tresponsive: {\n\t\t0: {\n\t\titems: 1,\n\t\tnav: true\n\t\t},\n\t\t600: {\n\t\titems: 1,\n\t\tnav: true\n\t\t},\n\t\t1000: {\n\t\titems: 2,\n\t\tnav: true,\n\t\t}\n\t}\n\t})\n\tjQuery(\".owl-prev\").html('<span><<\/span>');\n\tjQuery(\".owl-next\").html('<span>><\/span>');\n\n\tvar slider = jQuery('.promo-slider-list');\n\tslider.owlCarousel();\n\tjQuery('.nextbtn-a').click(function() {\n\tslider.trigger('next.owl.carousel');\n\t})\n\t\/\/ Go to the previous item\n\tjQuery('.prebtn-a').click(function() {\n\tslider.trigger('prev.owl.carousel', [300]);\n\t})\n});\n<\/script>\n\n\n\n\t<section class=\"block explore-other-topics\">\n\t<div class=\"container\">\n\t\t<h2>Muita aiheita<\/h2>\n\t\t<div class=\"row\">\n\t\t\t\t\t\t\t\t<div class=\"col-md-6 col-lg-3\">\n\t\t\t\t\t\t\t\t\t\t\t\t\t<h6>Koirasi terveys<\/h6>\n\t\t\t\t\t\t\t\t\t\t\t\t\t<div class=\"card \">\n\t\t\t\t\t\t\t<img loading=\"lazy\" decoding=\"async\" width=\"800\" height=\"533\" src=\"https:\/\/bozita.com\/fi\/wp-content\/uploads\/sites\/11\/2021\/06\/bozita-avmaska-hundvalp-hund.jpg\" class=\"attachment-post-thumbnail size-post-thumbnail wp-post-image\" alt=\"El\u00e4m\u00e4 koiran kanssa\" srcset=\"https:\/\/bozita.com\/fi\/wp-content\/uploads\/sites\/11\/2021\/06\/bozita-avmaska-hundvalp-hund.jpg 800w, https:\/\/bozita.com\/fi\/wp-content\/uploads\/sites\/11\/2021\/06\/bozita-avmaska-hundvalp-hund-300x200.jpg 300w, https:\/\/bozita.com\/fi\/wp-content\/uploads\/sites\/11\/2021\/06\/bozita-avmaska-hundvalp-hund-768x512.jpg 768w\" sizes=\"(max-width: 800px) 100vw, 800px\" \/>\n\t\t\t\t\t\t\t\t\t\t\t\t\t\t<div class=\"card-body\">\n\t\t\t\t\t\t\t\t\n\t\t\t\t\t\t\t\t\t\t\t\t\t\t\t\t\t<ul>\n\t\t\t\t\t\t\t\t\t\t\t\t\t\t\t\t\t\t\t\t\t<li><a href=\"https:\/\/bozita.com\/fi\/koirasi-terveys\/levakukinta-ja-koirat-mita-sinun-tulee-tietaa\/\">Lev\u00e4kukinta ja koirat &#8211; mit\u00e4 sinun tulee tiet\u00e4\u00e4<\/a><\/li>\n\t\t\t\t\t\t\t\t\t\t\t\t\t\t\t\t\t\t\t\t\t\t<li><a href=\"https:\/\/bozita.com\/fi\/koirasi-terveys\/koirien-ja-pentujen-madottaminen\/\">Koirien ja pentujen madottaminen<\/a><\/li>\n\t\t\t\t\t\t\t\t\t\t\t\t\t\t\t\t\t\t\t\t\t\t<li><a href=\"https:\/\/bozita.com\/fi\/koirasi-terveys\/kaarmeenpuremat-kuinka-suojautua\/\">K\u00e4\u00e4rmeenpuremat &#8211; Kuinka suojautua<\/a><\/li>\n\t\t\t\t\t\t\t\t\t\t\t\t\t\t\t\t\t\t\t\t<\/ul>\n\t\t\t\t\t\t\t\t\t\t\t\t\t\t\t\t<a target=\"\" href=\"https:\/\/bozita.com\/fi\/koirasi-terveys\/\" class=\"btn btn-primary\">Lis\u00e4\u00e4 artikkeleita<\/a>\n\t\t\t\t\t\t\t<\/div>\n\t\t\t\t\t\t<\/div>\n\t\t\t\t\t<\/div>\n\t\t\t\t\t\t\t\t\t\t<div class=\"col-md-6 col-lg-3\">\n\t\t\t\t\t\t\t\t\t\t\t\t\t<h6>Ravitsemus ja ruokavalio<\/h6>\n\t\t\t\t\t\t\t\t\t\t\t\t\t<div class=\"card \">\n\t\t\t\t\t\t\t<img loading=\"lazy\" decoding=\"async\" width=\"800\" height=\"537\" src=\"https:\/\/bozita.com\/fi\/wp-content\/uploads\/sites\/11\/2021\/06\/bozita-nutrition-kost.jpg\" class=\"attachment-post-thumbnail size-post-thumbnail wp-post-image\" alt=\"El\u00e4m\u00e4 koiran kanssa\" srcset=\"https:\/\/bozita.com\/fi\/wp-content\/uploads\/sites\/11\/2021\/06\/bozita-nutrition-kost.jpg 800w, https:\/\/bozita.com\/fi\/wp-content\/uploads\/sites\/11\/2021\/06\/bozita-nutrition-kost-300x201.jpg 300w, https:\/\/bozita.com\/fi\/wp-content\/uploads\/sites\/11\/2021\/06\/bozita-nutrition-kost-768x516.jpg 768w\" sizes=\"(max-width: 800px) 100vw, 800px\" \/>\n\t\t\t\t\t\t\t\t\t\t\t\t\t\t<div class=\"card-body\">\n\t\t\t\t\t\t\t\t\n\t\t\t\t\t\t\t\t\t\t\t\t\t\t\t\t\t<ul>\n\t\t\t\t\t\t\t\t\t\t\t\t\t\t\t\t\t\t\t\t\t<li><a href=\"https:\/\/bozita.com\/fi\/ravitsemus-ja-ruokavalio\/kuinka-paljon-pennun-pitaa-syoda-ja-mika-on-paras-ruoka\/\">Kuinka paljon pennun pit\u00e4\u00e4 sy\u00f6d\u00e4 ja mik\u00e4 on paras ruoka?<\/a><\/li>\n\t\t\t\t\t\t\t\t\t\t\t\t\t\t\t\t\t\t\t\t\t\t<li><a href=\"https:\/\/bozita.com\/fi\/ravitsemus-ja-ruokavalio\/vaihto-penturuoasta-aikuisen-koiran-ruokaan\/\">Vaihto penturuoasta aikuisen koiran ruokaan<\/a><\/li>\n\t\t\t\t\t\t\t\t\t\t\t\t\t\t\t\t\t\t\t\t\t\t<li><a href=\"https:\/\/bozita.com\/fi\/ravitsemus-ja-ruokavalio\/kantavien-ja-imettavien-narttujen-ruokinta\/\">Kantavien ja imett\u00e4vien narttujen ruokinta<\/a><\/li>\n\t\t\t\t\t\t\t\t\t\t\t\t\t\t\t\t\t\t\t\t<\/ul>\n\t\t\t\t\t\t\t\t\t\t\t\t\t\t\t\t<a target=\"\" href=\"https:\/\/bozita.com\/fi\/ravitsemus-ja-ruokavalio\/\" class=\"btn btn-primary\">Lis\u00e4\u00e4 artikkeleita<\/a>\n\t\t\t\t\t\t\t<\/div>\n\t\t\t\t\t\t<\/div>\n\t\t\t\t\t<\/div>\n\t\t\t\t\t\t\t\t\t\t<div class=\"col-md-6 col-lg-3\">\n\t\t\t\t\t\t\t\t\t\t\t\t\t<h6>Koirasi kehitys<\/h6>\n\t\t\t\t\t\t\t\t\t\t\t\t\t<div class=\"card \">\n\t\t\t\t\t\t\t<img loading=\"lazy\" decoding=\"async\" width=\"800\" height=\"536\" src=\"https:\/\/bozita.com\/fi\/wp-content\/uploads\/sites\/11\/2021\/06\/bozita-hundens-utveckling.jpg\" class=\"attachment-post-thumbnail size-post-thumbnail wp-post-image\" alt=\"Koirasi kehitys\" srcset=\"https:\/\/bozita.com\/fi\/wp-content\/uploads\/sites\/11\/2021\/06\/bozita-hundens-utveckling.jpg 800w, https:\/\/bozita.com\/fi\/wp-content\/uploads\/sites\/11\/2021\/06\/bozita-hundens-utveckling-300x201.jpg 300w, https:\/\/bozita.com\/fi\/wp-content\/uploads\/sites\/11\/2021\/06\/bozita-hundens-utveckling-768x515.jpg 768w\" sizes=\"(max-width: 800px) 100vw, 800px\" \/>\n\t\t\t\t\t\t\t\t\t\t\t\t\t\t<div class=\"card-body\">\n\t\t\t\t\t\t\t\t\n\t\t\t\t\t\t\t\t\t\t\t\t\t\t\t\t\t<ul>\n\t\t\t\t\t\t\t\t\t\t\t\t\t\t\t\t\t\t\t\t\t<li><a href=\"https:\/\/bozita.com\/fi\/koirasi-kehitys\/koiran-nuoruus-vinkkeja-koiran-teini-ikaan\/\">Koiran nuoruus &#8211; vinkkej\u00e4 koiran teini-ik\u00e4\u00e4n<\/a><\/li>\n\t\t\t\t\t\t\t\t\t\t\t\t\t\t\t\t\t\t\t\t\t\t<li><a href=\"https:\/\/bozita.com\/fi\/koirasi-kehitys\/sosiaalista-koiranpentusi-kouluta-koirasi-tottumaan-uusiin-ymparistoihin\/\">Sosiaalista koiranpentusi &#8211; kouluta koirasi tottumaan uusiin ymp\u00e4rist\u00f6ihin<\/a><\/li>\n\t\t\t\t\t\t\t\t\t\t\t\t\t\t\t\t\t\t\t\t\t\t<li><a href=\"https:\/\/bozita.com\/fi\/koirasi-kehitys\/pennun-itsenaisyyden-harjoittelu-kouluta-koirasi-olemaan-yksin\/\">Pennun itsen\u00e4isyyden harjoittelu &#8211; kouluta koirasi olemaan yksin<\/a><\/li>\n\t\t\t\t\t\t\t\t\t\t\t\t\t\t\t\t\t\t\t\t<\/ul>\n\t\t\t\t\t\t\t\t\t\t\t\t\t\t\t\t<a target=\"\" href=\"https:\/\/bozita.com\/fi\/koirasi-kehitys\/\" class=\"btn btn-primary\">Lis\u00e4\u00e4 artikkeleita<\/a>\n\t\t\t\t\t\t\t<\/div>\n\t\t\t\t\t\t<\/div>\n\t\t\t\t\t<\/div>\n\t\t\t\t\t\t\t\t\t\t<div class=\"col-md-6 col-lg-3\">\n\t\t\t\t\t\t\t\t\t\t\t\t\t<h6>Koiran hankinta<\/h6>\n\t\t\t\t\t\t\t\t\t\t\t\t\t<div class=\"card \">\n\t\t\t\t\t\t\t<img loading=\"lazy\" decoding=\"async\" width=\"800\" height=\"532\" src=\"https:\/\/bozita.com\/fi\/wp-content\/uploads\/sites\/11\/2021\/06\/bozita-kopa-hund.jpg\" class=\"attachment-post-thumbnail size-post-thumbnail wp-post-image\" alt=\"El\u00e4m\u00e4 koiran kanssa\" srcset=\"https:\/\/bozita.com\/fi\/wp-content\/uploads\/sites\/11\/2021\/06\/bozita-kopa-hund.jpg 800w, https:\/\/bozita.com\/fi\/wp-content\/uploads\/sites\/11\/2021\/06\/bozita-kopa-hund-300x200.jpg 300w, https:\/\/bozita.com\/fi\/wp-content\/uploads\/sites\/11\/2021\/06\/bozita-kopa-hund-768x511.jpg 768w\" sizes=\"(max-width: 800px) 100vw, 800px\" \/>\n\t\t\t\t\t\t\t\t\t\t\t\t\t\t<div class=\"card-body\">\n\t\t\t\t\t\t\t\t\n\t\t\t\t\t\t\t\t\t\t\t\t\t\t\t\t<a target=\"\" href=\"https:\/\/bozita.com\/fi\/koiran-hankinta\/\" class=\"btn btn-primary\">Lis\u00e4\u00e4 artikkeleita<\/a>\n\t\t\t\t\t\t\t<\/div>\n\t\t\t\t\t\t<\/div>\n\t\t\t\t\t<\/div>\n\t\t\t\t\t\t\t<\/div>\n\t<\/div>\n<\/section>\n","protected":false},"excerpt":{"rendered":"","protected":false},"author":4,"featured_media":6363,"parent":0,"menu_order":0,"comment_status":"closed","ping_status":"closed","template":"guternberg.php","meta":{"footnotes":""},"acf":[],"yoast_head":"<!-- This site is optimized with the Yoast SEO plugin v21.3 - https:\/\/yoast.com\/wordpress\/plugins\/seo\/ -->\n<title>Aktivoi koiraasi - Bozita Finland<\/title>\n<meta name=\"description\" content=\"Voidakseen hyvin koira tarvitsee niin kehon kuin mielen aktivoimista. T\u00e4st\u00e4 saat vinkkej\u00e4 koiran aktivoimiseen ja samalla siteenne vahvistamiseen.\" \/>\n<meta name=\"robots\" content=\"index, follow, max-snippet:-1, max-image-preview:large, max-video-preview:-1\" \/>\n<link rel=\"canonical\" href=\"https:\/\/bozita.com\/fi\/aktiovoi-koirasi\/\" \/>\n<meta property=\"og:locale\" content=\"fi_FI\" \/>\n<meta property=\"og:type\" content=\"article\" \/>\n<meta property=\"og:title\" content=\"Aktivoi koiraasi - Bozita Finland\" \/>\n<meta property=\"og:description\" content=\"Voidakseen hyvin koira tarvitsee niin kehon kuin mielen aktivoimista. T\u00e4st\u00e4 saat vinkkej\u00e4 koiran aktivoimiseen ja samalla siteenne vahvistamiseen.\" \/>\n<meta property=\"og:url\" content=\"https:\/\/bozita.com\/fi\/aktiovoi-koirasi\/\" \/>\n<meta property=\"og:site_name\" content=\"Bozita Finland\" \/>\n<meta property=\"article:modified_time\" content=\"2024-03-27T16:26:49+00:00\" \/>\n<meta property=\"og:image\" content=\"https:\/\/bozita.com\/fi\/wp-content\/uploads\/sites\/11\/2021\/06\/bozita-aktivera-hund.jpg\" \/>\n\t<meta property=\"og:image:width\" content=\"800\" \/>\n\t<meta property=\"og:image:height\" content=\"531\" \/>\n\t<meta property=\"og:image:type\" content=\"image\/jpeg\" \/>\n<meta name=\"twitter:card\" content=\"summary_large_image\" \/>\n<!-- \/ Yoast SEO plugin. -->","yoast_head_json":{"title":"Aktivoi koiraasi - Bozita Finland","description":"Voidakseen hyvin koira tarvitsee niin kehon kuin mielen aktivoimista. T\u00e4st\u00e4 saat vinkkej\u00e4 koiran aktivoimiseen ja samalla siteenne vahvistamiseen.","robots":{"index":"index","follow":"follow","max-snippet":"max-snippet:-1","max-image-preview":"max-image-preview:large","max-video-preview":"max-video-preview:-1"},"canonical":"https:\/\/bozita.com\/fi\/aktiovoi-koirasi\/","og_locale":"fi_FI","og_type":"article","og_title":"Aktivoi koiraasi - Bozita Finland","og_description":"Voidakseen hyvin koira tarvitsee niin kehon kuin mielen aktivoimista. T\u00e4st\u00e4 saat vinkkej\u00e4 koiran aktivoimiseen ja samalla siteenne vahvistamiseen.","og_url":"https:\/\/bozita.com\/fi\/aktiovoi-koirasi\/","og_site_name":"Bozita Finland","article_modified_time":"2024-03-27T16:26:49+00:00","og_image":[{"width":800,"height":531,"url":"https:\/\/bozita.com\/fi\/wp-content\/uploads\/sites\/11\/2021\/06\/bozita-aktivera-hund.jpg","type":"image\/jpeg"}],"twitter_card":"summary_large_image","schema":{"@context":"https:\/\/schema.org","@graph":[{"@type":"WebPage","@id":"https:\/\/bozita.com\/fi\/aktiovoi-koirasi\/","url":"https:\/\/bozita.com\/fi\/aktiovoi-koirasi\/","name":"Aktivoi koiraasi - Bozita Finland","isPartOf":{"@id":"https:\/\/bozita.com\/fi\/#website"},"datePublished":"2022-08-31T06:52:08+00:00","dateModified":"2024-03-27T16:26:49+00:00","description":"Voidakseen hyvin koira tarvitsee niin kehon kuin mielen aktivoimista. T\u00e4st\u00e4 saat vinkkej\u00e4 koiran aktivoimiseen ja samalla siteenne vahvistamiseen.","breadcrumb":{"@id":"https:\/\/bozita.com\/fi\/aktiovoi-koirasi\/#breadcrumb"},"inLanguage":"fi","potentialAction":[{"@type":"ReadAction","target":["https:\/\/bozita.com\/fi\/aktiovoi-koirasi\/"]}]},{"@type":"BreadcrumbList","@id":"https:\/\/bozita.com\/fi\/aktiovoi-koirasi\/#breadcrumb","itemListElement":[{"@type":"ListItem","position":1,"name":"Koti","item":"https:\/\/bozita.com\/fi\/"},{"@type":"ListItem","position":2,"name":"Aktivoi koiraasi"}]},{"@type":"WebSite","@id":"https:\/\/bozita.com\/fi\/#website","url":"https:\/\/bozita.com\/fi\/","name":"Bozita Finland","description":"","potentialAction":[{"@type":"SearchAction","target":{"@type":"EntryPoint","urlTemplate":"https:\/\/bozita.com\/fi\/?s={search_term_string}"},"query-input":"required name=search_term_string"}],"inLanguage":"fi"}]}},"_links":{"self":[{"href":"https:\/\/bozita.com\/fi\/wp-json\/wp\/v2\/pages\/6361"}],"collection":[{"href":"https:\/\/bozita.com\/fi\/wp-json\/wp\/v2\/pages"}],"about":[{"href":"https:\/\/bozita.com\/fi\/wp-json\/wp\/v2\/types\/page"}],"author":[{"embeddable":true,"href":"https:\/\/bozita.com\/fi\/wp-json\/wp\/v2\/users\/4"}],"replies":[{"embeddable":true,"href":"https:\/\/bozita.com\/fi\/wp-json\/wp\/v2\/comments?post=6361"}],"version-history":[{"count":50,"href":"https:\/\/bozita.com\/fi\/wp-json\/wp\/v2\/pages\/6361\/revisions"}],"predecessor-version":[{"id":9875,"href":"https:\/\/bozita.com\/fi\/wp-json\/wp\/v2\/pages\/6361\/revisions\/9875"}],"wp:featuredmedia":[{"embeddable":true,"href":"https:\/\/bozita.com\/fi\/wp-json\/wp\/v2\/media\/6363"}],"wp:attachment":[{"href":"https:\/\/bozita.com\/fi\/wp-json\/wp\/v2\/media?parent=6361"}],"curies":[{"name":"wp","href":"https:\/\/api.w.org\/{rel}","templated":true}]}}