{"id":6367,"date":"2022-08-31T06:52:27","date_gmt":"2022-08-31T06:52:27","guid":{"rendered":"https:\/\/bozita.com\/fi\/aktivoi-kissasi\/"},"modified":"2025-04-09T09:08:14","modified_gmt":"2025-04-09T09:08:14","slug":"aktivoi-kissasi","status":"publish","type":"page","link":"https:\/\/bozita.com\/fi\/kissan-aktivoiminen\/aktivoi-kissasi\/","title":{"rendered":"Aktivoi kissaasi"},"content":{"rendered":"\t\t<section class=\"small-hero\">\n\t\t\t<div class=\"container\">\n\t\t\t\t<h5>Tietoa<\/h5><h1 class=\"small-hero-title\">Aktivoi kissaasi<\/h1><p><p>Kissoilla on saalistajina luonnollisia mets\u00e4stysviettej\u00e4. Varmistaaksesi kissasi fyysisen ja henkisen hyvinvoinnin on sen toteutettava met\u00e4stysviettej\u00e4\u00e4n.<\/p>\n<\/p>\t\t\t<\/div>\n\t\t\t<\/div>\n\t\t<\/section>\n\t\n\n\t<div class=\"text-box-warp\">\n\t\t<div class=\"container\">\n\t\t\t<div class=\"text-content\">\n\t\t\t\t<p>Alistimuloitu kissa on usein stressaantunut, mik\u00e4 n\u00e4kyy maukumisena, liiallisena puhdistautumisena tai kissanhiekkalaatikon laiminly\u00f6misen\u00e4. Sis\u00e4kissat eiv\u00e4t usein p\u00e4\u00e4se tyydytt\u00e4m\u00e4\u00e4n mets\u00e4stysvietti\u00e4\u00e4n itse, joten ne tarvitsevat apuasi.<\/p>\n<h2>STIMULOIVA YMP\u00c4RIST\u00d6 AKTIVOI KISSAA<\/h2>\n<p>Kissoilla on stimuloimista vaativia luonnollisia vaistoja ja sinun tulee &#8211; el\u00e4insuojelulain mukaan &#8211; varmistaa, ett\u00e4 kissallasi on riitt\u00e4v\u00e4n aktiivinen elinymp\u00e4rist\u00f6. K\u00e4yt\u00e4nn\u00f6ss\u00e4 t\u00e4m\u00e4 tarkoittaa, ett\u00e4 kissalla tulee olla p\u00e4\u00e4sy haastaviin olosuhteisiin, kuten korkeisiin istuma &#8211; ja lepopaikkoihin, raapimapaikkoihin sek\u00e4 piiloihin. Jos sinulla on sis\u00e4kissa, on erityisen t\u00e4rke\u00e4\u00e4 ett\u00e4 sill\u00e4 on p\u00e4iv\u00e4n aikana tarpeeksi aktiviteetteja, jotka antavat niin fyysisi\u00e4 kuin henkisi\u00e4 virikkeit\u00e4.<\/p>\n<h2>KISSASI OSAA VIIHDYTT\u00c4\u00c4 ITSE\u00c4\u00c4N<\/h2>\n<p>T\u00e4m\u00e4 tarkoittaa, ett\u00e4 kissasi osaa l\u00f6yt\u00e4\u00e4 l\u00f6yt\u00e4\u00e4 aktiviteetteja, joilla t\u00e4ytt\u00e4\u00e4 p\u00e4iv\u00e4ns\u00e4. Sen ei tarvitse olla monimutkaista, hauskoja kissan leluja on tarjolla paljon. Voit ostaa leluja tai yksinkertaisesti k\u00e4ytt\u00e4\u00e4 kotona olevia esineit\u00e4. Esimerkiksi pahvilaatikot ja paperirullat ovat niin sis\u00e4-, kuin ulkokissoista \u00e4\u00e4rimm\u00e4isen kiehtovia. \u00c4l\u00e4 kuitenkaan j\u00e4t\u00e4 kissaasi leikkim\u00e4\u00e4n langalla tai narulla yksin, sill\u00e4 se voi sotkeutua naruun. Ruoka on aina erinomainen tapa aktivoida kissaasi. Piilota herkkuja ymp\u00e4ri taloa ja anna kissan mets\u00e4st\u00e4\u00e4 herkkupalat, kuten saalistaja etsii luonnossa saalistaan. Piilota muutama nappula kuivaruokaa raapimapuun p\u00e4\u00e4lle, p\u00f6yd\u00e4n alle tai sohvan taakse ja anna kissan huolehtia lopusta. Toinen yksinkertainen keino on aktivointikupin k\u00e4ytt\u00f6, jolloin kissa joutuu n\u00e4kem\u00e4\u00e4n v\u00e4h\u00e4n vaivaa ruokansa eteen. Se on j\u00e4nnitt\u00e4v\u00e4 p\u00e4ivitt\u00e4inen haaste, joka stimuloi kissan kehoa ja mielt\u00e4. Tutkimukset jopa osoittavat, ett\u00e4 aktivointikupin k\u00e4ytt\u00e4minen v\u00e4hent\u00e4\u00e4 sis\u00e4kissojen ja -koirien stressi\u00e4 ja stressik\u00e4yt\u00f6st\u00e4. Jos sinun on vaikea aktivoida kissaasi tai rohkaista sit\u00e4 leikkim\u00e4\u00e4n leluillaan voit kokeilla kissanminttua, joka sis\u00e4lt\u00e4\u00e4 ainetta, johon kissat reagoivat eritt\u00e4in voimakkaasti. Kissan parempi mieliala johtaa my\u00f6s lis\u00e4\u00e4ntyneeseen haluun leikki\u00e4.<\/p>\n<h2>YHDESS\u00c4 LEIKKIMINEN VAHVISTAA SIDETT\u00c4SI KISSAAN<\/h2>\n<p>Mets\u00e4stysvietin stimuloimisen lis\u00e4ksi kissasi tarvitsee my\u00f6s sosiaalista kanssak\u00e4ymist\u00e4. Hauskat yhdess\u00e4 teht\u00e4v\u00e4t aktiviteetit ovat kissalle hy\u00f6dyllisi\u00e4, vahvistavat suhdettanne ja antavat kissallesi sen tarvitsemaa p\u00e4ivitt\u00e4ist\u00e4 liikuntaa. Voit esimerkiksi helposti rakentaa kotiin ratoja k\u00e4ytt\u00e4en kirjoja ja tuoleja estein\u00e4. Houkuttele sitten kissasi menem\u00e4\u00e4n esteiden yli, ali ja ymp\u00e4ri.<\/p>\n\t\t\t<\/div>\n\t\t<\/div>\n\t<\/div>\n\n\n\t<section class=\"block section-promos\">\n\t\t<div class=\"container\">\n\t\t\t<div class=\"row\">\n\t\t\t\t\t\t\t\t\t\t<div class=\"col-md-6\">\n\t\t\t\t\t\t\t<div class=\"card\">\n\t\t\t\t\t\t\t\t\t\t\t\t\t\t\t\t\t<img decoding=\"async\" class=\"card-img-top\" src=\"https:\/\/bozita.com\/fi\/wp-content\/uploads\/sites\/11\/2021\/06\/bozita-katt-halsa.jpg\" alt=\"\">\n\t\t\t\t\t\t\t\t\t\t\t\t\t\t\t\t<div class=\"card-body\">\n\t\t\t\t\t\t\t\t\t<h5 class=\"card-title\">Kissan hyvinvointi<\/h5>\n\t\t\t\t\t\t\t\t\t<p class=\"card-text\"><\/p>\n\t\t\t\t\t\t\t\t\t\t\t\t\t\t\t\t\t\t\t<a target=\"\" href=\"https:\/\/bozita.com\/fi\/pida-kissasi-terveena\/\" class=\"btn btn-white\">Kissan hyvinvointi<\/a>\n\t\t\t\t\t\t\t\t\t\t\t\t\t\t\t\t\t\t<\/div>\n\t\t\t\t\t\t\t<\/div>\n\t\t\t\t\t\t<\/div>\n\t\t\t\t\t\t\t\t\t\t\t\t<div class=\"col-md-6\">\n\t\t\t\t\t\t\t<div class=\"card\">\n\t\t\t\t\t\t\t\t\t\t\t\t\t\t\t\t\t<img decoding=\"async\" class=\"card-img-top\" src=\"https:\/\/bozita.com\/fi\/wp-content\/uploads\/sites\/11\/2021\/06\/bozita-nutrition-kost-katt.jpg\" alt=\"\">\n\t\t\t\t\t\t\t\t\t\t\t\t\t\t\t\t<div class=\"card-body\">\n\t\t\t\t\t\t\t\t\t<h5 class=\"card-title\">Ravitsemus &amp; ruokavalio<\/h5>\n\t\t\t\t\t\t\t\t\t<p class=\"card-text\"><\/p>\n\t\t\t\t\t\t\t\t\t\t\t\t\t\t\t\t\t\t\t<a target=\"\" href=\"https:\/\/bozita.com\/fi\/ravitsemus-ja-ruokavalio\/\" class=\"btn btn-white\">Ravitsemus ja ruokavalio<\/a>\n\t\t\t\t\t\t\t\t\t\t\t\t\t\t\t\t\t\t<\/div>\n\t\t\t\t\t\t\t<\/div>\n\t\t\t\t\t\t<\/div>\n\t\t\t\t\t\t\t\t\t\t\t\t<div class=\"col-md-6\">\n\t\t\t\t\t\t\t<div class=\"card\">\n\t\t\t\t\t\t\t\t\t\t\t\t\t\t\t\t\t<img decoding=\"async\" class=\"card-img-top\" src=\"https:\/\/bozita.com\/fi\/wp-content\/uploads\/sites\/11\/2021\/06\/bozita-katt-utveckling.jpg\" alt=\"\">\n\t\t\t\t\t\t\t\t\t\t\t\t\t\t\t\t<div class=\"card-body\">\n\t\t\t\t\t\t\t\t\t<h5 class=\"card-title\">Kissan kehitys<\/h5>\n\t\t\t\t\t\t\t\t\t<p class=\"card-text\"><\/p>\n\t\t\t\t\t\t\t\t\t\t\t\t\t\t\t\t\t\t\t<a target=\"\" href=\"https:\/\/bozita.com\/fi\/kissan-kehitys\/\" class=\"btn btn-white\">Kissan kehitys<\/a>\n\t\t\t\t\t\t\t\t\t\t\t\t\t\t\t\t\t\t<\/div>\n\t\t\t\t\t\t\t<\/div>\n\t\t\t\t\t\t<\/div>\n\t\t\t\t\t\t\t\t\t\t\t\t<div class=\"col-md-6\">\n\t\t\t\t\t\t\t<div class=\"card\">\n\t\t\t\t\t\t\t\t\t\t\t\t\t\t\t\t\t<img decoding=\"async\" class=\"card-img-top\" src=\"https:\/\/bozita.com\/fi\/wp-content\/uploads\/sites\/11\/2021\/08\/buying-cat-promo-kitten.jpg\" alt=\"\">\n\t\t\t\t\t\t\t\t\t\t\t\t\t\t\t\t<div class=\"card-body\">\n\t\t\t\t\t\t\t\t\t<h5 class=\"card-title\">Kissan osto<\/h5>\n\t\t\t\t\t\t\t\t\t<p class=\"card-text\"><\/p>\n\t\t\t\t\t\t\t\t\t\t\t\t\t\t\t\t\t\t\t<a target=\"\" href=\"https:\/\/bozita.com\/fi\/kissan-hankinta\/\" class=\"btn btn-white\">Kissan osto<\/a>\n\t\t\t\t\t\t\t\t\t\t\t\t\t\t\t\t\t\t<\/div>\n\t\t\t\t\t\t\t<\/div>\n\t\t\t\t\t\t<\/div>\n\t\t\t\t\t\t\t\t\t<\/div>\n\t\t<\/div>\n\t<\/section>\n","protected":false},"excerpt":{"rendered":"","protected":false},"author":1,"featured_media":6368,"parent":6372,"menu_order":0,"comment_status":"closed","ping_status":"closed","template":"guternberg.php","meta":{"footnotes":""},"acf":[],"yoast_head":"<!-- This site is optimized with the Yoast SEO plugin v21.3 - https:\/\/yoast.com\/wordpress\/plugins\/seo\/ -->\n<title>Aktivoi kissaasi - Bozita Finland<\/title>\n<meta name=\"description\" content=\"Aktivoi kissasi. Kissan kehon ja mielen hyvinvointi vaatii sen luonnollisten vaistojen toteuttamista. Sis\u00e4kissan aktivoiminen on erityisen t\u00e4rke\u00e4\u00e4.\" \/>\n<meta name=\"robots\" content=\"index, follow, max-snippet:-1, max-image-preview:large, max-video-preview:-1\" \/>\n<link rel=\"canonical\" href=\"https:\/\/bozita.com\/fi\/kissan-aktivoiminen\/aktivoi-kissasi\/\" \/>\n<meta property=\"og:locale\" content=\"fi_FI\" \/>\n<meta property=\"og:type\" content=\"article\" \/>\n<meta property=\"og:title\" content=\"Aktivoi kissaasi - Bozita Finland\" \/>\n<meta property=\"og:description\" content=\"Aktivoi kissasi. Kissan kehon ja mielen hyvinvointi vaatii sen luonnollisten vaistojen toteuttamista. Sis\u00e4kissan aktivoiminen on erityisen t\u00e4rke\u00e4\u00e4.\" \/>\n<meta property=\"og:url\" content=\"https:\/\/bozita.com\/fi\/kissan-aktivoiminen\/aktivoi-kissasi\/\" \/>\n<meta property=\"og:site_name\" content=\"Bozita Finland\" \/>\n<meta property=\"article:modified_time\" content=\"2025-04-09T09:08:14+00:00\" \/>\n<meta property=\"og:image\" content=\"https:\/\/bozita.com\/fi\/wp-content\/uploads\/sites\/11\/2021\/08\/bozita-aktivera-innekatt.jpg\" \/>\n\t<meta property=\"og:image:width\" content=\"800\" \/>\n\t<meta property=\"og:image:height\" content=\"534\" \/>\n\t<meta property=\"og:image:type\" content=\"image\/jpeg\" \/>\n<meta name=\"twitter:card\" content=\"summary_large_image\" \/>\n<!-- \/ Yoast SEO plugin. -->","yoast_head_json":{"title":"Aktivoi kissaasi - Bozita Finland","description":"Aktivoi kissasi. Kissan kehon ja mielen hyvinvointi vaatii sen luonnollisten vaistojen toteuttamista. Sis\u00e4kissan aktivoiminen on erityisen t\u00e4rke\u00e4\u00e4.","robots":{"index":"index","follow":"follow","max-snippet":"max-snippet:-1","max-image-preview":"max-image-preview:large","max-video-preview":"max-video-preview:-1"},"canonical":"https:\/\/bozita.com\/fi\/kissan-aktivoiminen\/aktivoi-kissasi\/","og_locale":"fi_FI","og_type":"article","og_title":"Aktivoi kissaasi - Bozita Finland","og_description":"Aktivoi kissasi. Kissan kehon ja mielen hyvinvointi vaatii sen luonnollisten vaistojen toteuttamista. Sis\u00e4kissan aktivoiminen on erityisen t\u00e4rke\u00e4\u00e4.","og_url":"https:\/\/bozita.com\/fi\/kissan-aktivoiminen\/aktivoi-kissasi\/","og_site_name":"Bozita Finland","article_modified_time":"2025-04-09T09:08:14+00:00","og_image":[{"width":800,"height":534,"url":"https:\/\/bozita.com\/fi\/wp-content\/uploads\/sites\/11\/2021\/08\/bozita-aktivera-innekatt.jpg","type":"image\/jpeg"}],"twitter_card":"summary_large_image","schema":{"@context":"https:\/\/schema.org","@graph":[{"@type":"WebPage","@id":"https:\/\/bozita.com\/fi\/kissan-aktivoiminen\/aktivoi-kissasi\/","url":"https:\/\/bozita.com\/fi\/kissan-aktivoiminen\/aktivoi-kissasi\/","name":"Aktivoi kissaasi - Bozita Finland","isPartOf":{"@id":"https:\/\/bozita.com\/fi\/#website"},"datePublished":"2022-08-31T06:52:27+00:00","dateModified":"2025-04-09T09:08:14+00:00","description":"Aktivoi kissasi. Kissan kehon ja mielen hyvinvointi vaatii sen luonnollisten vaistojen toteuttamista. Sis\u00e4kissan aktivoiminen on erityisen t\u00e4rke\u00e4\u00e4.","breadcrumb":{"@id":"https:\/\/bozita.com\/fi\/kissan-aktivoiminen\/aktivoi-kissasi\/#breadcrumb"},"inLanguage":"fi","potentialAction":[{"@type":"ReadAction","target":["https:\/\/bozita.com\/fi\/kissan-aktivoiminen\/aktivoi-kissasi\/"]}]},{"@type":"BreadcrumbList","@id":"https:\/\/bozita.com\/fi\/kissan-aktivoiminen\/aktivoi-kissasi\/#breadcrumb","itemListElement":[{"@type":"ListItem","position":1,"name":"Koti","item":"https:\/\/bozita.com\/fi\/"},{"@type":"ListItem","position":2,"name":"Kissan aktivoiminen","item":"https:\/\/bozita.com\/fi\/kissan-aktivoiminen\/"},{"@type":"ListItem","position":3,"name":"Aktivoi kissaasi"}]},{"@type":"WebSite","@id":"https:\/\/bozita.com\/fi\/#website","url":"https:\/\/bozita.com\/fi\/","name":"Bozita Finland","description":"","potentialAction":[{"@type":"SearchAction","target":{"@type":"EntryPoint","urlTemplate":"https:\/\/bozita.com\/fi\/?s={search_term_string}"},"query-input":"required name=search_term_string"}],"inLanguage":"fi"}]}},"_links":{"self":[{"href":"https:\/\/bozita.com\/fi\/wp-json\/wp\/v2\/pages\/6367"}],"collection":[{"href":"https:\/\/bozita.com\/fi\/wp-json\/wp\/v2\/pages"}],"about":[{"href":"https:\/\/bozita.com\/fi\/wp-json\/wp\/v2\/types\/page"}],"author":[{"embeddable":true,"href":"https:\/\/bozita.com\/fi\/wp-json\/wp\/v2\/users\/1"}],"replies":[{"embeddable":true,"href":"https:\/\/bozita.com\/fi\/wp-json\/wp\/v2\/comments?post=6367"}],"version-history":[{"count":6,"href":"https:\/\/bozita.com\/fi\/wp-json\/wp\/v2\/pages\/6367\/revisions"}],"predecessor-version":[{"id":11252,"href":"https:\/\/bozita.com\/fi\/wp-json\/wp\/v2\/pages\/6367\/revisions\/11252"}],"up":[{"embeddable":true,"href":"https:\/\/bozita.com\/fi\/wp-json\/wp\/v2\/pages\/6372"}],"wp:featuredmedia":[{"embeddable":true,"href":"https:\/\/bozita.com\/fi\/wp-json\/wp\/v2\/media\/6368"}],"wp:attachment":[{"href":"https:\/\/bozita.com\/fi\/wp-json\/wp\/v2\/media?parent=6367"}],"curies":[{"name":"wp","href":"https:\/\/api.w.org\/{rel}","templated":true}]}}