{"id":6372,"date":"2022-08-31T06:52:43","date_gmt":"2022-08-31T06:52:43","guid":{"rendered":"https:\/\/bozita.com\/fi\/kissan-aktivoiminen\/"},"modified":"2023-02-27T14:59:32","modified_gmt":"2023-02-27T14:59:32","slug":"kissan-aktivoiminen","status":"publish","type":"page","link":"https:\/\/bozita.com\/fi\/kissan-aktivoiminen\/","title":{"rendered":"Kissan aktivoiminen"},"content":{"rendered":"\n\t\t<section class=\"small-hero-with-image\">\n\t\t\t\t\t\t\t<img decoding=\"async\" class=\"background-image\" src=\"https:\/\/bozita.com\/fi\/wp-content\/uploads\/sites\/11\/2021\/06\/bozita-aktivera-katt.jpg\" alt=\"\">\n\t\t\t\t\t\t\t<div class=\"overlay-v1 \">\n\t\t\t\t<div class=\"container\">\n\t\t\t\t\t<div class=\"row\">\n\t\t\t\t\t\t<div class=\"col-md-6 col-lg-5\">\n\t\t\t\t\t\t\t<h5>Tietoa<\/h5><h1>Kissan aktivoiminen<\/h1>\t\t\t\t\t\t<\/div>\n\t\t\t\t\t<\/div>\n\t\t\t\t<\/div>\n\t\t\t<\/div>\n\t\t<\/section>\n\t\t\n\n\t<div class=\"text-box-warp\">\n\t\t<div class=\"container\">\n\t\t\t<div class=\"text-content\">\n\t\t\t\t<h2><a href=\"https:\/\/bozita.com\/fi\/aktivoi-kissasi\/?lang=fi\">Aktivoi kissasi<\/a><\/h2>\n<p>Kissat ovat luonnostaan mets\u00e4stysvaistoilla varustettuja saalistajia. Varmistaaksesi kissasi hyvinvoinnin mets\u00e4stysvietti\u00e4 pit\u00e4\u00e4 aktivoida niin fyysisesti kuin henkisesti. Alistimuloitu kissa on usein stressaantunut, mika n\u00e4kyy naukumisena, liiallisena puhdistautumisena tai kissanhiekkalaatikon laiminly\u00f6misen\u00e4. Sis\u00e4kissojen aktivoiminen on erityisen t\u00e4rke\u00e4\u00e4. Sis\u00e4kissat eiv\u00e4t usein p\u00e4\u00e4se tyydytt\u00e4m\u00e4\u00e4n mets\u00e4tysvietti\u00e4\u00e4n itse, joten ne tarvitsevat apuamme. <\/p>\n\t\t\t<\/div>\n\t\t<\/div>\n\t<\/div>\n","protected":false},"excerpt":{"rendered":"","protected":false},"author":1,"featured_media":6373,"parent":0,"menu_order":0,"comment_status":"closed","ping_status":"closed","template":"guternberg.php","meta":{"footnotes":""},"acf":[],"yoast_head":"<!-- This site is optimized with the Yoast SEO plugin v21.3 - https:\/\/yoast.com\/wordpress\/plugins\/seo\/ -->\n<title>Kissan aktivoiminen - Bozita Finland<\/title>\n<meta name=\"description\" content=\"Voidakseen keholtaan ja mielelt\u00e4\u00e4n hyvin kissojen on saatava purkaa luonnollisia vaistojaan (mets\u00e4st\u00e4minen, raapiminen, kiipe\u00e4minen). T\u00e4m\u00e4 on erityisen t\u00e4rke\u00e4\u00e4 sis\u00e4kissojen kohdalla.\" \/>\n<meta name=\"robots\" content=\"index, follow, max-snippet:-1, max-image-preview:large, max-video-preview:-1\" \/>\n<link rel=\"canonical\" href=\"https:\/\/bozita.com\/fi\/kissan-aktivoiminen\/\" \/>\n<meta property=\"og:locale\" content=\"fi_FI\" \/>\n<meta property=\"og:type\" content=\"article\" \/>\n<meta property=\"og:title\" content=\"Kissan aktivoiminen - Bozita Finland\" \/>\n<meta property=\"og:description\" content=\"Voidakseen keholtaan ja mielelt\u00e4\u00e4n hyvin kissojen on saatava purkaa luonnollisia vaistojaan (mets\u00e4st\u00e4minen, raapiminen, kiipe\u00e4minen). T\u00e4m\u00e4 on erityisen t\u00e4rke\u00e4\u00e4 sis\u00e4kissojen kohdalla.\" \/>\n<meta property=\"og:url\" content=\"https:\/\/bozita.com\/fi\/kissan-aktivoiminen\/\" \/>\n<meta property=\"og:site_name\" content=\"Bozita Finland\" \/>\n<meta property=\"article:modified_time\" content=\"2023-02-27T14:59:32+00:00\" \/>\n<meta property=\"og:image\" content=\"https:\/\/bozita.com\/fi\/wp-content\/uploads\/sites\/11\/2021\/06\/bozita-aktivera-katt.jpg\" \/>\n\t<meta property=\"og:image:width\" content=\"1600\" \/>\n\t<meta property=\"og:image:height\" content=\"578\" \/>\n\t<meta property=\"og:image:type\" content=\"image\/jpeg\" \/>\n<meta name=\"twitter:card\" content=\"summary_large_image\" \/>\n<!-- \/ Yoast SEO plugin. -->","yoast_head_json":{"title":"Kissan aktivoiminen - Bozita Finland","description":"Voidakseen keholtaan ja mielelt\u00e4\u00e4n hyvin kissojen on saatava purkaa luonnollisia vaistojaan (mets\u00e4st\u00e4minen, raapiminen, kiipe\u00e4minen). T\u00e4m\u00e4 on erityisen t\u00e4rke\u00e4\u00e4 sis\u00e4kissojen kohdalla.","robots":{"index":"index","follow":"follow","max-snippet":"max-snippet:-1","max-image-preview":"max-image-preview:large","max-video-preview":"max-video-preview:-1"},"canonical":"https:\/\/bozita.com\/fi\/kissan-aktivoiminen\/","og_locale":"fi_FI","og_type":"article","og_title":"Kissan aktivoiminen - Bozita Finland","og_description":"Voidakseen keholtaan ja mielelt\u00e4\u00e4n hyvin kissojen on saatava purkaa luonnollisia vaistojaan (mets\u00e4st\u00e4minen, raapiminen, kiipe\u00e4minen). T\u00e4m\u00e4 on erityisen t\u00e4rke\u00e4\u00e4 sis\u00e4kissojen kohdalla.","og_url":"https:\/\/bozita.com\/fi\/kissan-aktivoiminen\/","og_site_name":"Bozita Finland","article_modified_time":"2023-02-27T14:59:32+00:00","og_image":[{"width":1600,"height":578,"url":"https:\/\/bozita.com\/fi\/wp-content\/uploads\/sites\/11\/2021\/06\/bozita-aktivera-katt.jpg","type":"image\/jpeg"}],"twitter_card":"summary_large_image","schema":{"@context":"https:\/\/schema.org","@graph":[{"@type":"WebPage","@id":"https:\/\/bozita.com\/fi\/kissan-aktivoiminen\/","url":"https:\/\/bozita.com\/fi\/kissan-aktivoiminen\/","name":"Kissan aktivoiminen - Bozita Finland","isPartOf":{"@id":"https:\/\/bozita.com\/fi\/#website"},"datePublished":"2022-08-31T06:52:43+00:00","dateModified":"2023-02-27T14:59:32+00:00","description":"Voidakseen keholtaan ja mielelt\u00e4\u00e4n hyvin kissojen on saatava purkaa luonnollisia vaistojaan (mets\u00e4st\u00e4minen, raapiminen, kiipe\u00e4minen). T\u00e4m\u00e4 on erityisen t\u00e4rke\u00e4\u00e4 sis\u00e4kissojen kohdalla.","breadcrumb":{"@id":"https:\/\/bozita.com\/fi\/kissan-aktivoiminen\/#breadcrumb"},"inLanguage":"fi","potentialAction":[{"@type":"ReadAction","target":["https:\/\/bozita.com\/fi\/kissan-aktivoiminen\/"]}]},{"@type":"BreadcrumbList","@id":"https:\/\/bozita.com\/fi\/kissan-aktivoiminen\/#breadcrumb","itemListElement":[{"@type":"ListItem","position":1,"name":"Koti","item":"https:\/\/bozita.com\/fi\/"},{"@type":"ListItem","position":2,"name":"Kissan aktivoiminen"}]},{"@type":"WebSite","@id":"https:\/\/bozita.com\/fi\/#website","url":"https:\/\/bozita.com\/fi\/","name":"Bozita Finland","description":"","potentialAction":[{"@type":"SearchAction","target":{"@type":"EntryPoint","urlTemplate":"https:\/\/bozita.com\/fi\/?s={search_term_string}"},"query-input":"required name=search_term_string"}],"inLanguage":"fi"}]}},"_links":{"self":[{"href":"https:\/\/bozita.com\/fi\/wp-json\/wp\/v2\/pages\/6372"}],"collection":[{"href":"https:\/\/bozita.com\/fi\/wp-json\/wp\/v2\/pages"}],"about":[{"href":"https:\/\/bozita.com\/fi\/wp-json\/wp\/v2\/types\/page"}],"author":[{"embeddable":true,"href":"https:\/\/bozita.com\/fi\/wp-json\/wp\/v2\/users\/1"}],"replies":[{"embeddable":true,"href":"https:\/\/bozita.com\/fi\/wp-json\/wp\/v2\/comments?post=6372"}],"version-history":[{"count":3,"href":"https:\/\/bozita.com\/fi\/wp-json\/wp\/v2\/pages\/6372\/revisions"}],"predecessor-version":[{"id":7522,"href":"https:\/\/bozita.com\/fi\/wp-json\/wp\/v2\/pages\/6372\/revisions\/7522"}],"wp:featuredmedia":[{"embeddable":true,"href":"https:\/\/bozita.com\/fi\/wp-json\/wp\/v2\/media\/6373"}],"wp:attachment":[{"href":"https:\/\/bozita.com\/fi\/wp-json\/wp\/v2\/media?parent=6372"}],"curies":[{"name":"wp","href":"https:\/\/api.w.org\/{rel}","templated":true}]}}