{"id":6379,"date":"2022-08-31T06:52:54","date_gmt":"2022-08-31T06:52:54","guid":{"rendered":"https:\/\/bozita.com\/fi\/levakukinta-ja-koirat-mita-sinun-tulee-tietaa\/"},"modified":"2023-02-27T14:48:52","modified_gmt":"2023-02-27T14:48:52","slug":"levakukinta-ja-koirat-mita-sinun-tulee-tietaa","status":"publish","type":"page","link":"https:\/\/bozita.com\/fi\/koirasi-terveys\/levakukinta-ja-koirat-mita-sinun-tulee-tietaa\/","title":{"rendered":"Lev\u00e4kukinta ja koirat &#8211; mit\u00e4 sinun tulee tiet\u00e4\u00e4"},"content":{"rendered":"\t\t<section class=\"small-hero\">\n\t\t\t<div class=\"container\">\n\t\t\t\t<h5>Tietoa<\/h5><h1 class=\"small-hero-title\">Sinilev\u00e4 ja koirat &#8211; t\u00e4m\u00e4 on syyt\u00e4 tiet\u00e4\u00e4<\/h1><p><p>Kes\u00e4n saapuessa saapuvat my\u00f6s (toivottavasti!) l\u00e4mpim\u00e4t s\u00e4\u00e4t. Mik\u00e4 olisikaan mukavampaa kuin viilent\u00e4v\u00e4 pulahdus veteen johonkin tuhansista j\u00e4rvist\u00e4mme tai jopa meress\u00e4? Vaikkapa yhdess\u00e4 koirasi kanssa!<\/p>\n<\/p>\t\t\t<\/div>\n\t\t\t<\/div>\n\t\t<\/section>\n\t\n\n\t<div class=\"text-box-warp\">\n\t\t<div class=\"container\">\n\t\t\t<div class=\"text-content\">\n\t\t\t\t<p>Kes\u00e4n ja alkusyksyn aikana on kuitenkin syyt\u00e4 seurata valtakunnallista lev\u00e4tilannetta ja tarkistaa veden tila aina ennen kuin p\u00e4\u00e4st\u00e4t koirasi siihen uimaan.<\/p>\n<h2>KOIRAN LEV\u00c4MYRKYTYS<\/h2>\n<p>Sinilevien kukkiessa niist\u00e4 vapautuu toksiineja, jotka voivat aiheuttaa koirallesi myrkytystilan. Myrkkyj\u00e4 on kahdenlaisia, maksamyrkkyj\u00e4 ja hermomyrkkyj\u00e4. Ne voivat johtaa hengitysvaikeuksiin, liikkumisvaikeuksiin, vaurioittaa sis\u00e4elimi\u00e4 ja pahimmassa tapauksessa johtaa jopa koiran menehtymiseen. Sinilev\u00e4\u00e4 esiintyy sek\u00e4 merialueilla ett\u00e4 j\u00e4rviss\u00e4, ja niiden kukinnat ovat sinivihreit\u00e4, sinisi\u00e4 ja keltavihreit\u00e4 lauttoja. Myrkyt voivat s\u00e4ily\u00e4 vedess\u00e4 useita p\u00e4ivi\u00e4 sinilev\u00e4kukintojen hajoamisen j\u00e4lkeenkin, jolloin on viel\u00e4 syyt\u00e4 olla varovainen vesist\u00f6jen \u00e4\u00e4rell\u00e4.<\/p>\n<h2>OTA YHTEYS EL\u00c4INL\u00c4\u00c4K\u00c4RIIN<\/h2>\n<p>Mik\u00e4li ep\u00e4ilet koirasi saaneen sinilev\u00e4myrkytyksen, ole v\u00e4litt\u00f6m\u00e4sti yhteydess\u00e4 el\u00e4inl\u00e4\u00e4k\u00e4riin.<\/p>\n<h2>SEURAA LEV\u00c4RAPORTTEJA<\/h2>\n<p>Suomen sinilev\u00e4havaintoja voit seurata t\u00e4\u00e4lt\u00e4:<br \/>\n<a href=\"http:\/\/www.jarviwiki.fi\/wiki\/Lev%C3%A4tilanne\">http:\/\/www.jarviwiki.fi\/wiki\/Lev%C3%A4tilanne<\/a><\/p>\n\t\t\t<\/div>\n\t\t<\/div>\n\t<\/div>\n\n\n\n\t<section class=\"block related-articles\">\n\t\t<div class=\"container\">\n\t\t\t<h2>Aiheeseen liittyvi\u00e4 artikkeleita<\/h2>\n\t\t\t<div class=\"row justify-content-center\">\n\t\t\t\t\t\t\t\t\t\t<div class=\"col-sm-6 col-md-6 col-lg-3\">\n\t\t\t\t\t\t\t\t\t\t\t\t\t\t<div class=\"card \">\n\t\t\t\t\t\t\t\t\t\t\t\t\t\t\t\t\t<img decoding=\"async\"  src=\"https:\/\/bozita.com\/fi\/wp-content\/uploads\/sites\/11\/2021\/06\/bozita-avmaska-hundvalp-hund.jpg\" alt=\"\">\n\t\t\t\t\t\t\t\t\t\t\t\t\t\t\t\t\t<!-- <img decoding=\"async\" src=\"\n\t\t\t\t\t\t\t\t\t\t\t\t\t\t\t\t\t\t\t\t\" alt=\"\n\t\t\t\t\t\t\t\t\t\t\t\t\t\t\t\t\t\t\t\t\t\t\t\t\t\t\t\"> -->\n\t\t\t\t\t\t\t\t<div class=\"card-body\">\n\t\t\t\t\t\t\t\t\t\t\t\t\t\t\t\t\t\t\t<h6>Koirien ja pentujen madottaminen<\/h6>\n\t\t\t\t\t\t\t\t\t\t\t\t\t\t\t\t\t\t\t<a href=\"https:\/\/bozita.com\/fi\/koirasi-terveys\/koirien-ja-pentujen-madottaminen\/\">Lue lis\u00e4\u00e4 &nbsp; ><\/a>\n\t\t\t\t\t\t\t\t<\/div>\n\t\t\t\t\t\t\t<\/div>\n\t\t\t\t\t\t<\/div>\n\n\t\t\t\t\t\t\t\t\t\t\t<div class=\"col-sm-6 col-md-6 col-lg-3\">\n\t\t\t\t\t\t\t\t\t\t\t\t\t\t<div class=\"card \">\n\t\t\t\t\t\t\t\t\t\t\t\t\t\t\t\t\t<img decoding=\"async\"  src=\"https:\/\/bozita.com\/fi\/wp-content\/uploads\/sites\/11\/2021\/08\/bozita-hund-vaccinera.jpeg\" alt=\"\">\n\t\t\t\t\t\t\t\t\t\t\t\t\t\t\t\t\t<!-- <img decoding=\"async\" src=\"\n\t\t\t\t\t\t\t\t\t\t\t\t\t\t\t\t\t\t\t\t\" alt=\"\n\t\t\t\t\t\t\t\t\t\t\t\t\t\t\t\t\t\t\t\t\t\t\t\t\t\t\t\"> -->\n\t\t\t\t\t\t\t\t<div class=\"card-body\">\n\t\t\t\t\t\t\t\t\t\t\t\t\t\t\t\t\t\t\t<h6>Koirien ja koiranpentujen rokottaminen<\/h6>\n\t\t\t\t\t\t\t\t\t\t\t\t\t\t\t\t\t\t\t<a href=\"https:\/\/bozita.com\/fi\/koirasi-terveys\/koirien-ja-koiranpentujen-rokottaminen\/\">Lue lis\u00e4\u00e4 &nbsp; ><\/a>\n\t\t\t\t\t\t\t\t<\/div>\n\t\t\t\t\t\t\t<\/div>\n\t\t\t\t\t\t<\/div>\n\n\t\t\t\t\t\t\t\t\t\t\t<div class=\"col-sm-6 col-md-6 col-lg-3\">\n\t\t\t\t\t\t\t\t\t\t\t\t\t\t<div class=\"card \">\n\t\t\t\t\t\t\t\t\t\t\t\t\t\t\t\t\t<img decoding=\"async\"  src=\"https:\/\/bozita.com\/fi\/wp-content\/uploads\/sites\/11\/2021\/08\/bozita-forgiftning-svamp-hund.jpeg\" alt=\"\">\n\t\t\t\t\t\t\t\t\t\t\t\t\t\t\t\t\t<!-- <img decoding=\"async\" src=\"\n\t\t\t\t\t\t\t\t\t\t\t\t\t\t\t\t\t\t\t\t\" alt=\"\n\t\t\t\t\t\t\t\t\t\t\t\t\t\t\t\t\t\t\t\t\t\t\t\t\t\t\t\"> -->\n\t\t\t\t\t\t\t\t<div class=\"card-body\">\n\t\t\t\t\t\t\t\t\t\t\t\t\t\t\t\t\t\t\t<h6>Koirien sienimyrkytykset &#8211; ole varuillasi mets\u00e4ss\u00e4<\/h6>\n\t\t\t\t\t\t\t\t\t\t\t\t\t\t\t\t\t\t\t<a href=\"https:\/\/bozita.com\/fi\/koirasi-terveys\/koirien-sienimyrkytykset-ole-varuillasi-metsassa\/\">Lue lis\u00e4\u00e4 &nbsp; ><\/a>\n\t\t\t\t\t\t\t\t<\/div>\n\t\t\t\t\t\t\t<\/div>\n\t\t\t\t\t\t<\/div>\n\n\t\t\t\t\t\t\t\t\t\t\t\t<\/div>\n\t\t<\/div>\n\t<\/section>\n","protected":false},"excerpt":{"rendered":"","protected":false},"author":1,"featured_media":6380,"parent":6550,"menu_order":0,"comment_status":"closed","ping_status":"closed","template":"guternberg.php","meta":{"footnotes":""},"acf":[],"yoast_head":"<!-- This site is optimized with the Yoast SEO plugin v21.3 - https:\/\/yoast.com\/wordpress\/plugins\/seo\/ -->\n<title>Lev\u00e4kukinta ja koirat - mit\u00e4 sinun tulee tiet\u00e4\u00e4 - Bozita Finland<\/title>\n<meta name=\"description\" content=\"Seuraa lev\u00e4kukintoja ja koiraasi. Koiran lev\u00e4myrkytys vaikuttaa sen keskushermostoon sek\u00e4 maksaan ja voi olla kohtalokas. Oireiden esiintyess\u00e4 ota yhteys el\u00e4inl\u00e4\u00e4k\u00e4riin.\" \/>\n<meta name=\"robots\" content=\"index, follow, max-snippet:-1, max-image-preview:large, max-video-preview:-1\" \/>\n<link rel=\"canonical\" href=\"https:\/\/bozita.com\/fi\/koirasi-terveys\/levakukinta-ja-koirat-mita-sinun-tulee-tietaa\/\" \/>\n<meta property=\"og:locale\" content=\"fi_FI\" \/>\n<meta property=\"og:type\" content=\"article\" \/>\n<meta property=\"og:title\" content=\"Lev\u00e4kukinta ja koirat - mit\u00e4 sinun tulee tiet\u00e4\u00e4 - Bozita Finland\" \/>\n<meta property=\"og:description\" content=\"Seuraa lev\u00e4kukintoja ja koiraasi. Koiran lev\u00e4myrkytys vaikuttaa sen keskushermostoon sek\u00e4 maksaan ja voi olla kohtalokas. Oireiden esiintyess\u00e4 ota yhteys el\u00e4inl\u00e4\u00e4k\u00e4riin.\" \/>\n<meta property=\"og:url\" content=\"https:\/\/bozita.com\/fi\/koirasi-terveys\/levakukinta-ja-koirat-mita-sinun-tulee-tietaa\/\" \/>\n<meta property=\"og:site_name\" content=\"Bozita Finland\" \/>\n<meta property=\"article:modified_time\" content=\"2023-02-27T14:48:52+00:00\" \/>\n<meta property=\"og:image\" content=\"https:\/\/bozita.com\/fi\/wp-content\/uploads\/sites\/11\/2021\/08\/bozita-algblomning-algforgiftning.jpeg\" \/>\n\t<meta property=\"og:image:width\" content=\"800\" \/>\n\t<meta property=\"og:image:height\" content=\"533\" \/>\n\t<meta property=\"og:image:type\" content=\"image\/jpeg\" \/>\n<meta name=\"twitter:card\" content=\"summary_large_image\" \/>\n<!-- \/ Yoast SEO plugin. -->","yoast_head_json":{"title":"Lev\u00e4kukinta ja koirat - mit\u00e4 sinun tulee tiet\u00e4\u00e4 - Bozita Finland","description":"Seuraa lev\u00e4kukintoja ja koiraasi. Koiran lev\u00e4myrkytys vaikuttaa sen keskushermostoon sek\u00e4 maksaan ja voi olla kohtalokas. Oireiden esiintyess\u00e4 ota yhteys el\u00e4inl\u00e4\u00e4k\u00e4riin.","robots":{"index":"index","follow":"follow","max-snippet":"max-snippet:-1","max-image-preview":"max-image-preview:large","max-video-preview":"max-video-preview:-1"},"canonical":"https:\/\/bozita.com\/fi\/koirasi-terveys\/levakukinta-ja-koirat-mita-sinun-tulee-tietaa\/","og_locale":"fi_FI","og_type":"article","og_title":"Lev\u00e4kukinta ja koirat - mit\u00e4 sinun tulee tiet\u00e4\u00e4 - Bozita Finland","og_description":"Seuraa lev\u00e4kukintoja ja koiraasi. Koiran lev\u00e4myrkytys vaikuttaa sen keskushermostoon sek\u00e4 maksaan ja voi olla kohtalokas. Oireiden esiintyess\u00e4 ota yhteys el\u00e4inl\u00e4\u00e4k\u00e4riin.","og_url":"https:\/\/bozita.com\/fi\/koirasi-terveys\/levakukinta-ja-koirat-mita-sinun-tulee-tietaa\/","og_site_name":"Bozita Finland","article_modified_time":"2023-02-27T14:48:52+00:00","og_image":[{"width":800,"height":533,"url":"https:\/\/bozita.com\/fi\/wp-content\/uploads\/sites\/11\/2021\/08\/bozita-algblomning-algforgiftning.jpeg","type":"image\/jpeg"}],"twitter_card":"summary_large_image","schema":{"@context":"https:\/\/schema.org","@graph":[{"@type":"WebPage","@id":"https:\/\/bozita.com\/fi\/koirasi-terveys\/levakukinta-ja-koirat-mita-sinun-tulee-tietaa\/","url":"https:\/\/bozita.com\/fi\/koirasi-terveys\/levakukinta-ja-koirat-mita-sinun-tulee-tietaa\/","name":"Lev\u00e4kukinta ja koirat - mit\u00e4 sinun tulee tiet\u00e4\u00e4 - Bozita Finland","isPartOf":{"@id":"https:\/\/bozita.com\/fi\/#website"},"datePublished":"2022-08-31T06:52:54+00:00","dateModified":"2023-02-27T14:48:52+00:00","description":"Seuraa lev\u00e4kukintoja ja koiraasi. Koiran lev\u00e4myrkytys vaikuttaa sen keskushermostoon sek\u00e4 maksaan ja voi olla kohtalokas. Oireiden esiintyess\u00e4 ota yhteys el\u00e4inl\u00e4\u00e4k\u00e4riin.","breadcrumb":{"@id":"https:\/\/bozita.com\/fi\/koirasi-terveys\/levakukinta-ja-koirat-mita-sinun-tulee-tietaa\/#breadcrumb"},"inLanguage":"fi","potentialAction":[{"@type":"ReadAction","target":["https:\/\/bozita.com\/fi\/koirasi-terveys\/levakukinta-ja-koirat-mita-sinun-tulee-tietaa\/"]}]},{"@type":"BreadcrumbList","@id":"https:\/\/bozita.com\/fi\/koirasi-terveys\/levakukinta-ja-koirat-mita-sinun-tulee-tietaa\/#breadcrumb","itemListElement":[{"@type":"ListItem","position":1,"name":"Koti","item":"https:\/\/bozita.com\/fi\/"},{"@type":"ListItem","position":2,"name":"Koirasi terveys","item":"https:\/\/bozita.com\/fi\/koirasi-terveys\/"},{"@type":"ListItem","position":3,"name":"Lev\u00e4kukinta ja koirat &#8211; mit\u00e4 sinun tulee tiet\u00e4\u00e4"}]},{"@type":"WebSite","@id":"https:\/\/bozita.com\/fi\/#website","url":"https:\/\/bozita.com\/fi\/","name":"Bozita Finland","description":"","potentialAction":[{"@type":"SearchAction","target":{"@type":"EntryPoint","urlTemplate":"https:\/\/bozita.com\/fi\/?s={search_term_string}"},"query-input":"required name=search_term_string"}],"inLanguage":"fi"}]}},"_links":{"self":[{"href":"https:\/\/bozita.com\/fi\/wp-json\/wp\/v2\/pages\/6379"}],"collection":[{"href":"https:\/\/bozita.com\/fi\/wp-json\/wp\/v2\/pages"}],"about":[{"href":"https:\/\/bozita.com\/fi\/wp-json\/wp\/v2\/types\/page"}],"author":[{"embeddable":true,"href":"https:\/\/bozita.com\/fi\/wp-json\/wp\/v2\/users\/1"}],"replies":[{"embeddable":true,"href":"https:\/\/bozita.com\/fi\/wp-json\/wp\/v2\/comments?post=6379"}],"version-history":[{"count":12,"href":"https:\/\/bozita.com\/fi\/wp-json\/wp\/v2\/pages\/6379\/revisions"}],"predecessor-version":[{"id":8793,"href":"https:\/\/bozita.com\/fi\/wp-json\/wp\/v2\/pages\/6379\/revisions\/8793"}],"up":[{"embeddable":true,"href":"https:\/\/bozita.com\/fi\/wp-json\/wp\/v2\/pages\/6550"}],"wp:featuredmedia":[{"embeddable":true,"href":"https:\/\/bozita.com\/fi\/wp-json\/wp\/v2\/media\/6380"}],"wp:attachment":[{"href":"https:\/\/bozita.com\/fi\/wp-json\/wp\/v2\/media?parent=6379"}],"curies":[{"name":"wp","href":"https:\/\/api.w.org\/{rel}","templated":true}]}}