{"id":6384,"date":"2022-08-31T06:53:09","date_gmt":"2022-08-31T06:53:09","guid":{"rendered":"https:\/\/bozita.com\/fi\/lahettilaat\/"},"modified":"2024-03-26T09:06:37","modified_gmt":"2024-03-26T09:06:37","slug":"lahettilaat","status":"publish","type":"page","link":"https:\/\/bozita.com\/fi\/lahettilaat\/","title":{"rendered":"L\u00e4hettil\u00e4\u00e4t"},"content":{"rendered":"\t\t<section class=\"small-hero\">\n\t\t\t<div class=\"container\">\n\t\t\t\t<h1 class=\"small-hero-title\">Tutustu Bozitan l\u00e4hettil\u00e4isiin<\/h1><p><p>Bozitan l\u00e4hettil\u00e4\u00e4t ovat kaikki alojensa asiantuntijoita ja tekev\u00e4t kanssamme tiivist\u00e4 yhteisty\u00f6t\u00e4 Bozitan tuotteiden ja valikoiman parantamiseksi ja vahvistamiseksi. Paljon saavuttaneina tavoitteellisina koiraihmisin\u00e4 he tiet\u00e4v\u00e4t, mit\u00e4 menestys vaatii. Tied\u00e4mme kaikki, ett\u00e4 pelkk\u00e4 onni ei riit\u00e4 menestymiseen!<\/p>\n<\/p>\t\t\t<\/div>\n\t\t\t<\/div>\n\t\t<\/section>\n\t\n\n<section class=\"block ambassadeur-wrap\">\n\t<div class=\"container\">\n\t\t<div class=\"row\">\n\t\t\t\t\t\t\t\t<div class=\"col-md-6\">\n\t\t\t\t\t\t<div class=\"card\">\n\t\t\t\t\t\t\t\t\t\t\t\t\t\t<img decoding=\"async\" class=\"card-img-top\" src=\"https:\/\/bozita.com\/fi\/wp-content\/uploads\/sites\/11\/2021\/08\/bozita-ingrid-tomas-olofsson-ambassadors.jpeg\" alt=\"\">\n\t\t\t\t\t\t\t\t\t\t\t\t\t\t<div class=\"card-body\">\n\t\t\t\t\t\t\t\t<h5 class=\"card-title\">INGRID JA TOMAS OLOFSSON KASVATTAVAT M\u00dcNSTERINSEISOJIA JA LYHYTKARVAISIA SAKSANSEISOJIA<\/h5>\n\t\t\t\t\t\t\t\t<p class=\"more\">Ingridin ja Tomasin koirat sy\u00f6v\u00e4t Bozita Robur Adult Maintenance, Bozita Robur Active Performance and Bozita Robur Sensitive Grain free  Reindeer -ruokia. He kasvattavat m\u00fcnsterinseisojia ja lyhytkarvaisia saksanseisojia Hed\u00e4ngens kenneliss\u00e4 Hedingen maatilalla, hieman Tidaholmin ulkopuolella L\u00e4nsig\u00f6tanmaalla. Koirat koulutetaan yleiskoiriksi, mutta erikoistuvat tottelevaisuuteen ja mets\u00e4stykseen. Ingridin ja Tomasin tavoitteena on kasvattaa rodunomaisia ja terveit\u00e4 yksil\u00f6it\u00e4, joilla on hyv\u00e4t mets\u00e4stystaidot. He hankkivat ensimm\u00e4iset jalostuskoiransa vuonna 2000, jonka j\u00e4lkeen heill\u00e4 on ollut useita pentueita molemmissa roduissa. aisia saksanseisojia. He ovat my\u00f6s j\u00e4tt\u00e4neet kotiin kasvattejaan, joista on tullut menestyksekk\u00e4it\u00e4 mets\u00e4styskoiria.<\/p>\n\t\t\t\t\t\t\t\t\t\t\t\t\t\t\t\t\t<h5 class=\"social-icon-headline\">Seuraa Ingridi\u00e4 ja Tomasia sosiaalisessa mediassa<\/h5>\n\t\t\t\t\t\t\t\t\t\t\t\t\t\t\t\t\t\t\t\t\t\t\t\t\t\t<ul>\n\t\t\t\t\t\t\t\t\t\t\t\t\t\t\t\t\t\t\t\t\t\t\t\t\t\t\t\t\t\t\t\t\t\t\t\t\t\t\t\t\t\t\t\t\t\t\t\t\t\t\t<li><a href=\"https:\/\/hedangens.se\/?page_id=170\" target=\"_blank\"><i class=\"fas fa-globe\"><\/i><\/a><\/li>\n\t\t\t\t\t\t\t\t\t\t\t\t\t\t\t\t\t\t\t\t\t\t\t\t\t\t\t\t\t<\/ul>\n\t\t\t\t\t\t\t\t\t\n\t\t\t\t\t\t\t<\/div>\n\t\t\t\t\t\t<\/div>\n\t\t\t\t\t<\/div>\n\t\t\t\t\t\t\t<\/div>\n\t<\/div>\n<\/section>\n","protected":false},"excerpt":{"rendered":"","protected":false},"author":4,"featured_media":0,"parent":0,"menu_order":0,"comment_status":"closed","ping_status":"closed","template":"guternberg.php","meta":{"footnotes":""},"acf":[],"yoast_head":"<!-- This site is optimized with the Yoast SEO plugin v21.3 - https:\/\/yoast.com\/wordpress\/plugins\/seo\/ -->\n<title>L\u00e4hettil\u00e4\u00e4t - Bozita Finland<\/title>\n<meta name=\"description\" content=\"Bozitan l\u00e4hettil\u00e4\u00e4t ovat kaikki alojensa asiantuntijoita. Teemme tiivist\u00e4 yhteisty\u00f6t\u00e4 tehd\u00e4ksemme koiranruoastamme ja kissaruoastamme viel\u00e4 parempaa.\" \/>\n<meta name=\"robots\" content=\"index, follow, max-snippet:-1, max-image-preview:large, max-video-preview:-1\" \/>\n<link rel=\"canonical\" href=\"https:\/\/bozita.com\/fi\/lahettilaat\/\" \/>\n<meta property=\"og:locale\" content=\"fi_FI\" \/>\n<meta property=\"og:type\" content=\"article\" \/>\n<meta property=\"og:title\" content=\"L\u00e4hettil\u00e4\u00e4t - Bozita Finland\" \/>\n<meta property=\"og:description\" content=\"Bozitan l\u00e4hettil\u00e4\u00e4t ovat kaikki alojensa asiantuntijoita. Teemme tiivist\u00e4 yhteisty\u00f6t\u00e4 tehd\u00e4ksemme koiranruoastamme ja kissaruoastamme viel\u00e4 parempaa.\" \/>\n<meta property=\"og:url\" content=\"https:\/\/bozita.com\/fi\/lahettilaat\/\" \/>\n<meta property=\"og:site_name\" content=\"Bozita Finland\" \/>\n<meta property=\"article:modified_time\" content=\"2024-03-26T09:06:37+00:00\" \/>\n<meta name=\"twitter:card\" content=\"summary_large_image\" \/>\n<!-- \/ Yoast SEO plugin. -->","yoast_head_json":{"title":"L\u00e4hettil\u00e4\u00e4t - Bozita Finland","description":"Bozitan l\u00e4hettil\u00e4\u00e4t ovat kaikki alojensa asiantuntijoita. Teemme tiivist\u00e4 yhteisty\u00f6t\u00e4 tehd\u00e4ksemme koiranruoastamme ja kissaruoastamme viel\u00e4 parempaa.","robots":{"index":"index","follow":"follow","max-snippet":"max-snippet:-1","max-image-preview":"max-image-preview:large","max-video-preview":"max-video-preview:-1"},"canonical":"https:\/\/bozita.com\/fi\/lahettilaat\/","og_locale":"fi_FI","og_type":"article","og_title":"L\u00e4hettil\u00e4\u00e4t - Bozita Finland","og_description":"Bozitan l\u00e4hettil\u00e4\u00e4t ovat kaikki alojensa asiantuntijoita. Teemme tiivist\u00e4 yhteisty\u00f6t\u00e4 tehd\u00e4ksemme koiranruoastamme ja kissaruoastamme viel\u00e4 parempaa.","og_url":"https:\/\/bozita.com\/fi\/lahettilaat\/","og_site_name":"Bozita Finland","article_modified_time":"2024-03-26T09:06:37+00:00","twitter_card":"summary_large_image","schema":{"@context":"https:\/\/schema.org","@graph":[{"@type":"WebPage","@id":"https:\/\/bozita.com\/fi\/lahettilaat\/","url":"https:\/\/bozita.com\/fi\/lahettilaat\/","name":"L\u00e4hettil\u00e4\u00e4t - Bozita Finland","isPartOf":{"@id":"https:\/\/bozita.com\/fi\/#website"},"datePublished":"2022-08-31T06:53:09+00:00","dateModified":"2024-03-26T09:06:37+00:00","description":"Bozitan l\u00e4hettil\u00e4\u00e4t ovat kaikki alojensa asiantuntijoita. Teemme tiivist\u00e4 yhteisty\u00f6t\u00e4 tehd\u00e4ksemme koiranruoastamme ja kissaruoastamme viel\u00e4 parempaa.","breadcrumb":{"@id":"https:\/\/bozita.com\/fi\/lahettilaat\/#breadcrumb"},"inLanguage":"fi","potentialAction":[{"@type":"ReadAction","target":["https:\/\/bozita.com\/fi\/lahettilaat\/"]}]},{"@type":"BreadcrumbList","@id":"https:\/\/bozita.com\/fi\/lahettilaat\/#breadcrumb","itemListElement":[{"@type":"ListItem","position":1,"name":"Koti","item":"https:\/\/bozita.com\/fi\/"},{"@type":"ListItem","position":2,"name":"L\u00e4hettil\u00e4\u00e4t"}]},{"@type":"WebSite","@id":"https:\/\/bozita.com\/fi\/#website","url":"https:\/\/bozita.com\/fi\/","name":"Bozita Finland","description":"","potentialAction":[{"@type":"SearchAction","target":{"@type":"EntryPoint","urlTemplate":"https:\/\/bozita.com\/fi\/?s={search_term_string}"},"query-input":"required name=search_term_string"}],"inLanguage":"fi"}]}},"_links":{"self":[{"href":"https:\/\/bozita.com\/fi\/wp-json\/wp\/v2\/pages\/6384"}],"collection":[{"href":"https:\/\/bozita.com\/fi\/wp-json\/wp\/v2\/pages"}],"about":[{"href":"https:\/\/bozita.com\/fi\/wp-json\/wp\/v2\/types\/page"}],"author":[{"embeddable":true,"href":"https:\/\/bozita.com\/fi\/wp-json\/wp\/v2\/users\/4"}],"replies":[{"embeddable":true,"href":"https:\/\/bozita.com\/fi\/wp-json\/wp\/v2\/comments?post=6384"}],"version-history":[{"count":15,"href":"https:\/\/bozita.com\/fi\/wp-json\/wp\/v2\/pages\/6384\/revisions"}],"predecessor-version":[{"id":9537,"href":"https:\/\/bozita.com\/fi\/wp-json\/wp\/v2\/pages\/6384\/revisions\/9537"}],"wp:attachment":[{"href":"https:\/\/bozita.com\/fi\/wp-json\/wp\/v2\/media?parent=6384"}],"curies":[{"name":"wp","href":"https:\/\/api.w.org\/{rel}","templated":true}]}}