{"id":6398,"date":"2022-08-31T06:59:29","date_gmt":"2022-08-31T06:59:29","guid":{"rendered":"https:\/\/bozita.com\/fi\/kissan-steriloimisella-on-monia-etuja\/"},"modified":"2025-03-05T09:00:38","modified_gmt":"2025-03-05T09:00:38","slug":"kissan-steriloimisella-on-monia-etuja","status":"publish","type":"page","link":"https:\/\/bozita.com\/fi\/pida-kissasi-terveena\/kissan-steriloimisella-on-monia-etuja\/","title":{"rendered":"Kissan steriloimisella on monia etuja"},"content":{"rendered":"\t\t<section class=\"small-hero\">\n\t\t\t<div class=\"container\">\n\t\t\t\t<h5>Tietoa<\/h5><h1 class=\"small-hero-title\">Kissan steriloimisella on monia etuja<\/h1><p><p>Uuden el\u00e4insuojelulain mukaan el\u00e4intenomistajien on estett\u00e4v\u00e4 kissojen vapaa ulkoilu ja suunnittelematon, ep\u00e4toivottu tai liiallinen lis\u00e4\u00e4ntyminen. T\u00e4m\u00e4n voi toteuttaa steriloimalla, tai leikkaamalla kissan taikka muilla tavoin est\u00e4m\u00e4\u00e4n kissan hallitsemattoman lis\u00e4\u00e4ntymisen.<\/p>\n<\/p>\t\t\t<\/div>\n\t\t\t<\/div>\n\t\t<\/section>\n\t\n\n\t<div class=\"text-box-warp\">\n\t\t<div class=\"container\">\n\t\t\t<div class=\"text-content\">\n\t\t\t\t<p>Jos et suunnittele kissan k\u00e4ytt\u00e4mist\u00e4 jalostukseen on sen steriloimisella sukupuolesta riippumatta useita etuja.\u00a0T\u00e4m\u00e4 artikkeli perustuu keskusteluihin Bozitan oman kissa-asiaintuntijan Elin Hirschin kanssa. H\u00e4n on kissojen k\u00e4ytt\u00e4ytymiseen erikoistunut etiologian tohtori. <\/p>\n<h2>MILLOIN KISSAN VOI KASTROIDA TAI STERILOIDA?<\/h2>\n<p>Ruotsissa kissojen steriloimista ei suositella ennen kuin ne saavuttavat kuuden kuukauden i\u00e4n. Kissat tulevat sukukypsiksi noin puolen vuoden ik\u00e4isin\u00e4 ja el\u00e4inl\u00e4\u00e4k\u00e4rit suosittelevat steriloimista juuri ennen tuon i\u00e4n t\u00e4yttymist\u00e4.<\/p>\n<h2>KISSAN STERILOINTI &#8211; TERVEYSEDUT JA K\u00c4YTT\u00c4YTYMINEN<\/h2>\n<p>Kissan steriloiminen est\u00e4\u00e4 ep\u00e4toivottujen pentueiden syntymisen ja rajoittaa n\u00e4in kissojen kodittomuutta, steriloimisella on lis\u00e4ksi useita terveyshy\u00f6tyj\u00e4. Sterilointi on my\u00f6s kissan k\u00e4yt\u00f6ksen kannalta edullista ja tuo mukanaan useita positiivisia muutoksia. Sis\u00e4lle virtsaamisen riski pienenee, leikatut ulkokissat pysyv\u00e4t l\u00e4hemp\u00e4n\u00e4 kotia ja niiden tarve kohdata muita kissoja pienenee, mik\u00e4 osaltaan v\u00e4hent\u00e4\u00e4 tappeluista johtuvien vammojen ja tulehdusten syntymist\u00e4. Jos sinulle on steriloitu naaraskissa se ei en\u00e4\u00e4 saa juoksuaikoja, joten turhautuneesta kissasta johtuvat unettomat y\u00f6t j\u00e4\u00e4v\u00e4t taakse. Kiimassa oleva kissa ei ole hiljainen. Steriloidut kissat ovat usein rauhallisempia n\u00e4ytt\u00e4v\u00e4t enemm\u00e4n kiintymyst\u00e4 omistajiinsa. N\u00e4in ollen kissan leikkaaminen on my\u00f6s eduksi teid\u00e4n suhteessanne.<\/p>\n<h2>LIS\u00c4\u00c4NYTNYT YLIPAINON RISKI<\/h2>\n<p>On hyv\u00e4 muistaa, kissan aineenvaihdunta muuttuu steriloimisen seurauksena ja niill\u00e4 on taipumus sy\u00f6d\u00e4 enemm\u00e4n ja liikkua v\u00e4hemm\u00e4n. T\u00e4m\u00e4 johtaa ep\u00e4terveen painon nousun riskin kasvamiseen. T\u00e4st\u00e4 syyst\u00e4 on hyv\u00e4 vaihtaa kissan ruoka erityisesti leikatuille kissoille suunniteltuun ruokaan, esimerkiksi Bozita indoor &amp; sterilised grain-free clean &#8211; ja pit\u00e4\u00e4 kissan painoa silm\u00e4ll\u00e4. Hy\u00f6dynn\u00e4 arvioinnissa Bozitan painonarviointiopasta. <\/p>\n<h2>KISSAN STERILOINTI &#8211; KUINKA SE TOIMII<\/h2>\n<p>Kastrointi, sterilointi tai kemiallinen sterilointi &#8211; kissan lis\u00e4\u00e4ntymisen est\u00e4miselle on useita tapoja. Kissanomistajana haluat ehk\u00e4 tiet\u00e4\u00e4 kuinka steriloiminen tapahtuu ja kuinka huolehdit kissastasi ennen ja j\u00e4lkeen tapahtuman. Nukutuksessa oksentelun v\u00e4ltt\u00e4miseksi kissan tulee olla sy\u00f6m\u00e4tt\u00e4 keskiy\u00f6st\u00e4 leikkausp\u00e4iv\u00e4n\u00e4. Se saa kuitenkin juoda vett\u00e4 leikkausp\u00e4iv\u00e4n aamuna. Pid\u00e4 kissa sis\u00e4ll\u00e4, jotta voit tarkkailla sit\u00e4<br \/>\n.<\/p>\n<h2>NAARASKISSOJEN STERILOINTI<\/h2>\n<p>Naaraskissan steriloiminen tarkoittaa nukutuksessa teht\u00e4v\u00e4\u00e4 leikkausta, mutta se on siit\u00e4 huolimatta el\u00e4inl\u00e4\u00e4k\u00e4reille p\u00e4ivitt\u00e4inen rutiinitoimenpide. Yleens\u00e4 el\u00e4inl\u00e4\u00e4k\u00e4riin saavutaan aamulla ja kissa haetaan iltap\u00e4iv\u00e4st\u00e4. Ennen toimenpidett\u00e4 el\u00e4inl\u00e4\u00e4k\u00e4ri tutkii kissan varmistuakseen sen hyv\u00e4st\u00e4 terveydentilasta. Kissallesi annetaan kipul\u00e4\u00e4kett\u00e4 ennen ja j\u00e4lkeen toimenpiteen. Turkki ajellaan vatsapuolelta ja iho puhdistetaan huolellisesti. Munanjohtimet, munasarjat ja kohtu poistetaan leikkauksessa, mink\u00e4 j\u00e4lkeen haava suljetaan tikein. Leikkaushaava tutkitaan huolellisesti kissan her\u00e4tty\u00e4, jotta sen varmasti on turvallista palata kotiin. <\/p>\n<h2>UROSKISSAN KASTRAATIO<\/h2>\n<p>Kastraatio on naaraskissan steriloimista yksinkertaisempi toimenpide. Rutiini el\u00e4inl\u00e4\u00e4k\u00e4rille saapuessa on sama ja kissa tutkitaan ennen nukutusta. Nivusten alue ajellaan ja puhdistetaan. Toimenpide pit\u00e4\u00e4 sis\u00e4ll\u00e4\u00e4n injektion kivespussien molemmin puolin, jotta siitti\u00f6kanava voidaan katkaista ja kivekset poistaa. Nivuset paranevat itsest\u00e4\u00e4n eik\u00e4 toimenpide vaadi tikkej\u00e4. Kissa saa kipul\u00e4\u00e4kett\u00e4 ennen ja j\u00e4lkeen toimenpiteen ja tutkitaan uudestaan kun se on t\u00e4ysin hereill\u00e4, jotta sen varmasti on turvallista palata kotiin. . <\/p>\n<h2>KISSASTA HUOLEHTIMINEN STERILOINNIN J\u00c4LKEEN<\/h2>\n<p>Palattuanne kotiin j\u00e4t\u00e4 kissa h\u00e4m\u00e4r\u00e4\u00e4n huoneeseen, jotta se saa her\u00e4t\u00e4 t\u00e4ysin rauhassa. V\u00e4lt\u00e4 kissan ruokkimista ennen kuin se on t\u00e4ysin virke\u00e4 ja k\u00e4velee horjumatta, t\u00e4ss\u00e4 vaiheessa voit antaa kissalle pieni\u00e4 ruoka-annoksia. Jatka kipul\u00e4\u00e4kkeen antamista annostuksen mukaan ja pid\u00e4 kissa sis\u00e4ll\u00e4 kunnes haava on t\u00e4ysin parantunut. Kaulurin k\u00e4ytt\u00e4minen on t\u00e4rke\u00e4\u00e4 jos huomaat kissan nuolevan haavaa. Ota yhteytt\u00e4 el\u00e4inl\u00e4\u00e4k\u00e4riin jos haavassa ilmenee mit\u00e4\u00e4n ongelmia. Iho on palautunut 10-12 p\u00e4iv\u00e4ss\u00e4 ja tikit sulavat ja katoavat yleens\u00e4 itsest\u00e4\u00e4n. Jos jokin tuntuu ep\u00e4selv\u00e4lt\u00e4, ota yhteytt\u00e4 el\u00e4inl\u00e4\u00e4k\u00e4riin.<\/p>\n\t\t\t<\/div>\n\t\t<\/div>\n\t<\/div>\n\n\n<section class=\"block product-promos\">\n\t<div class=\"container\">\n\t\t<div class=\"row align-items-center\">\n\t\t\t<div class=\"col-md-5\">\n\t\t\t\t<div class=\"prdt__promos-heading\">\n\t\t\t\t\t<h3>\n\t\t\t\t\t\tErityisravinto steriloiduille kissoille\t\t\t\t\t<\/h3>\n\t\t\t\t\t\t\t\t\t<\/div>\n\t\t\t<\/div>\n\t\t\t<div class=\"col-md-7\">\n\t\t\t\t\t\t\t\t\t<div class=\"owl-carousel owl-theme product-promo-carousel\">\n\t\t\t\t\t\t\t\t\t\t\t\t\t<a href=\"https:\/\/bozita.com\/fi\/kissanruoka\/bozita-indoor-sterilised-kana\/\">\n\t\t\t\t\t\t\t\t<div class=\"blk__prdt-item\">\n\t\t\t\t\t\t\t\t\t<figure>\n\t\t\t\t\t\t\t\t\t\t<img loading=\"lazy\" decoding=\"async\" width=\"600\" height=\"600\" src=\"https:\/\/bozita.com\/fi\/wp-content\/uploads\/sites\/11\/2024\/08\/bozita-indoor-and-sterilised-chicken-2-kg.png\" class=\"attachment-post-thumbnail size-post-thumbnail wp-post-image\" alt=\"\" srcset=\"https:\/\/bozita.com\/fi\/wp-content\/uploads\/sites\/11\/2024\/08\/bozita-indoor-and-sterilised-chicken-2-kg.png 600w, https:\/\/bozita.com\/fi\/wp-content\/uploads\/sites\/11\/2024\/08\/bozita-indoor-and-sterilised-chicken-2-kg-300x300.png 300w, https:\/\/bozita.com\/fi\/wp-content\/uploads\/sites\/11\/2024\/08\/bozita-indoor-and-sterilised-chicken-2-kg-150x150.png 150w\" sizes=\"(max-width: 600px) 100vw, 600px\" \/>\t\t\t\t\t\t\t\t\t\t\t\t\t\t\t\t\t\t\t<\/figure>\n\t\t\t\t\t\t\t\t\t<h4 class=\"carousel-title\"><\/h4>\n\t\t\t\t\t\t\t\t\t<span class=\"carousel-category\">INDOOR &amp; STERILISED &#8211; CHICKEN<\/span>\n\t\t\t\t\t\t\t\t\t  \n\t\t\t\t\t\t\t\t\t<ul class=\"category-list\">\n\t\t\t\t\t\t\t\t\t\t\t\t\t\t\t\t\t\t\t\t\t\t\t\t\t\t\t\t\t\t\t\t\t<li class=\"svg-image\">\n\t\t\t\t\t\t\t\t\t\t\t\t\t\t<img decoding=\"async\" src=\"https:\/\/bozita.com\/fi\/wp-content\/uploads\/sites\/11\/2023\/09\/icon-flavour-chicken.svg\" \/>\n\t\t\t\t\t\t\t\t\t\t\t\t\t<\/li>\n\t\t\t\t\t\t\t\t\t\t\t\t\t\t\t\t\t\t\t\t\t\t<\/ul>       \n\n\t\t\t\t\t\t\t\t<\/div>\n\t\t\t\t\t\t\t<\/a>\n\t\t\t\t\t\t\t\t\t\t\t\t\t\t\t\t\t\t\t\t<a href=\"https:\/\/bozita.com\/fi\/kissanruoka\/bozita-indoor-sterilised-viljaton-poro\/\">\n\t\t\t\t\t\t\t\t<div class=\"blk__prdt-item\">\n\t\t\t\t\t\t\t\t\t<figure>\n\t\t\t\t\t\t\t\t\t\t<img loading=\"lazy\" decoding=\"async\" width=\"600\" height=\"600\" src=\"https:\/\/bozita.com\/fi\/wp-content\/uploads\/sites\/11\/2024\/07\/31221-03-Bozita-Dry-Cat-Indoor-Sterilised-Reindeer-GF-2kg-Bag.jpg\" class=\"attachment-post-thumbnail size-post-thumbnail wp-post-image\" alt=\"\" srcset=\"https:\/\/bozita.com\/fi\/wp-content\/uploads\/sites\/11\/2024\/07\/31221-03-Bozita-Dry-Cat-Indoor-Sterilised-Reindeer-GF-2kg-Bag.jpg 600w, https:\/\/bozita.com\/fi\/wp-content\/uploads\/sites\/11\/2024\/07\/31221-03-Bozita-Dry-Cat-Indoor-Sterilised-Reindeer-GF-2kg-Bag-300x300.jpg 300w, https:\/\/bozita.com\/fi\/wp-content\/uploads\/sites\/11\/2024\/07\/31221-03-Bozita-Dry-Cat-Indoor-Sterilised-Reindeer-GF-2kg-Bag-150x150.jpg 150w\" sizes=\"(max-width: 600px) 100vw, 600px\" \/>\t\t\t\t\t\t\t\t\t\t\t\t\t\t\t\t\t\t\t<\/figure>\n\t\t\t\t\t\t\t\t\t<h4 class=\"carousel-title\"><\/h4>\n\t\t\t\t\t\t\t\t\t<span class=\"carousel-category\">INDOOR &amp; STERILISED -REINDEER<\/span>\n\t\t\t\t\t\t\t\t\t  \n\t\t\t\t\t\t\t\t\t<ul class=\"category-list\">\n\t\t\t\t\t\t\t\t\t\t\t\t\t\t\t\t\t\t\t\t\t\t\t<li class=\"svg-image\">\n\t\t\t\t\t\t\t\t\t\t\t\t\t\t<img decoding=\"async\" src=\"https:\/\/bozita.com\/fi\/wp-content\/uploads\/sites\/11\/2023\/09\/icon-grain-free.svg\" \/>\n\t\t\t\t\t\t\t\t\t\t\t\t\t<\/li>\n\t\t\t\t\t\t\t\t\t\t\t\t\t\t\t\t\t\t\t\t\t\t\t\t\t\t\t\t\t\t\t\t\t\t\t\t<li class=\"svg-image\">\n\t\t\t\t\t\t\t\t\t\t\t\t\t\t<img decoding=\"async\" src=\"https:\/\/bozita.com\/fi\/wp-content\/uploads\/sites\/11\/2023\/09\/icon-flavour-reindeer.svg\" \/>\n\t\t\t\t\t\t\t\t\t\t\t\t\t<\/li>\n\t\t\t\t\t\t\t\t\t\t\t\t\t\t\t\t\t\t\t\t\t\t<\/ul>       \n\n\t\t\t\t\t\t\t\t<\/div>\n\t\t\t\t\t\t\t<\/a>\n\t\t\t\t\t\t\t\t\t\t\t\t\t\t\t\t\t\t\t\t\t\t\t\t\t\t\t<a href=\"https:\/\/bozita.com\/fi\/kissanruoka\/bozita-active-sterilised-viljaton-lammas\/\">\n\t\t\t\t\t\t\t\t<div class=\"blk__prdt-item\">\n\t\t\t\t\t\t\t\t\t<figure>\n\t\t\t\t\t\t\t\t\t\t<img loading=\"lazy\" decoding=\"async\" width=\"600\" height=\"600\" src=\"https:\/\/bozita.com\/fi\/wp-content\/uploads\/sites\/11\/2025\/03\/bozita-dry-cat-active-sterilised-lamb-gf-2kg-bag-31321.jpg\" class=\"attachment-post-thumbnail size-post-thumbnail wp-post-image\" alt=\"\" srcset=\"https:\/\/bozita.com\/fi\/wp-content\/uploads\/sites\/11\/2025\/03\/bozita-dry-cat-active-sterilised-lamb-gf-2kg-bag-31321.jpg 600w, https:\/\/bozita.com\/fi\/wp-content\/uploads\/sites\/11\/2025\/03\/bozita-dry-cat-active-sterilised-lamb-gf-2kg-bag-31321-300x300.jpg 300w, https:\/\/bozita.com\/fi\/wp-content\/uploads\/sites\/11\/2025\/03\/bozita-dry-cat-active-sterilised-lamb-gf-2kg-bag-31321-150x150.jpg 150w\" sizes=\"(max-width: 600px) 100vw, 600px\" \/>\t\t\t\t\t\t\t\t\t\t\t\t\t\t\t\t\t\t\t<\/figure>\n\t\t\t\t\t\t\t\t\t<h4 class=\"carousel-title\"><\/h4>\n\t\t\t\t\t\t\t\t\t<span class=\"carousel-category\">ACTIVE &amp; STERILISED &#8211; LAMB<\/span>\n\t\t\t\t\t\t\t\t\t  \n\t\t\t\t\t\t\t\t\t<ul class=\"category-list\">\n\t\t\t\t\t\t\t\t\t\t\t\t\t\t\t\t\t\t\t\t\t\t\t<li class=\"svg-image\">\n\t\t\t\t\t\t\t\t\t\t\t\t\t\t<img decoding=\"async\" src=\"https:\/\/bozita.com\/fi\/wp-content\/uploads\/sites\/11\/2023\/09\/icon-grain-free.svg\" \/>\n\t\t\t\t\t\t\t\t\t\t\t\t\t<\/li>\n\t\t\t\t\t\t\t\t\t\t\t\t\t\t\t\t\t\t\t\t\t\t\t\t\t\t\t\t\t\t\t\t\t\t\t\t<li class=\"svg-image\">\n\t\t\t\t\t\t\t\t\t\t\t\t\t\t<img decoding=\"async\" src=\"https:\/\/bozita.com\/fi\/wp-content\/uploads\/sites\/11\/2023\/09\/icon-flavour-lamb.svg\" \/>\n\t\t\t\t\t\t\t\t\t\t\t\t\t<\/li>\n\t\t\t\t\t\t\t\t\t\t\t\t\t\t\t\t\t\t\t\t\t\t<\/ul>       \n\n\t\t\t\t\t\t\t\t<\/div>\n\t\t\t\t\t\t\t<\/a>\n\t\t\t\t\t\t\t\t\t\t\t\t\t\t\t\t\t\t<\/div>\n\t\t\t\t\t\t\t<\/div>\n\t\t<\/div>\n\t<\/div>\n<\/section>\n<script>\njQuery(document).ready(function($) {\n\tjQuery('.product-promo-carousel').owlCarousel({\n\tloop: true,\n\tmargin: 10,\n\tresponsiveClass: true,\n\tresponsive: {\n\t\t0: {\n\t\titems: 1,\n\t\tnav: true\n\t\t},\n\t\t600: {\n\t\titems: 1,\n\t\tnav: true\n\t\t},\n\t\t1000: {\n\t\titems: 2,\n\t\tnav: true,\n\t\t}\n\t}\n\t})\n\tjQuery(\".owl-prev\").html('<span><<\/span>');\n\tjQuery(\".owl-next\").html('<span>><\/span>');\n\n\tvar slider = jQuery('.promo-slider-list');\n\tslider.owlCarousel();\n\tjQuery('.nextbtn-a').click(function() {\n\tslider.trigger('next.owl.carousel');\n\t})\n\t\/\/ Go to the previous item\n\tjQuery('.prebtn-a').click(function() {\n\tslider.trigger('prev.owl.carousel', [300]);\n\t})\n});\n<\/script>\n\n\n\n\t<section class=\"block related-articles\">\n\t\t<div class=\"container\">\n\t\t\t<h2>Aiheeseen liittyvi\u00e4 artikkeleita<\/h2>\n\t\t\t<div class=\"row justify-content-center\">\n\t\t\t\t\t\t\t\t\t\t<div class=\"col-sm-6 col-md-6 col-lg-3\">\n\t\t\t\t\t\t\t\t\t\t\t\t\t\t<div class=\"card \">\n\t\t\t\t\t\t\t\t\t\t\t\t\t\t\t\t\t<img decoding=\"async\"  src=\"https:\/\/bozita.com\/fi\/wp-content\/uploads\/sites\/11\/2021\/08\/bozita-katt-ratt-hull-guide.jpeg\" alt=\"\">\n\t\t\t\t\t\t\t\t\t\t\t\t\t\t\t\t\t<!-- <img decoding=\"async\" src=\"\n\t\t\t\t\t\t\t\t\t\t\t\t\t\t\t\t\t\t\t\t\" alt=\"\n\t\t\t\t\t\t\t\t\t\t\t\t\t\t\t\t\t\t\t\t\t\t\t\t\t\t\t\"> -->\n\t\t\t\t\t\t\t\t<div class=\"card-body\">\n\t\t\t\t\t\t\t\t\t\t\t\t\t\t\t\t\t\t\t<h6>Kuinka paljon kissan tulisi painaa?<\/h6>\n\t\t\t\t\t\t\t\t\t\t\t\t\t\t\t\t\t\t\t<a href=\"https:\/\/bozita.com\/fi\/pida-kissasi-terveena\/kuinka-paljon-kissan-tulisi-painaa\/\">Lue lis\u00e4\u00e4 &nbsp; ><\/a>\n\t\t\t\t\t\t\t\t<\/div>\n\t\t\t\t\t\t\t<\/div>\n\t\t\t\t\t\t<\/div>\n\n\t\t\t\t\t\t\t\t\t\t\t<div class=\"col-sm-6 col-md-6 col-lg-3\">\n\t\t\t\t\t\t\t\t\t\t\t\t\t\t<div class=\"card \">\n\t\t\t\t\t\t\t\t\t\t\t\t\t\t\t\t\t<img decoding=\"async\"  src=\"https:\/\/bozita.com\/fi\/wp-content\/uploads\/sites\/11\/2021\/08\/bozita-palsvard-fibrer-motverkar-harbollar.jpg\" alt=\"\">\n\t\t\t\t\t\t\t\t\t\t\t\t\t\t\t\t\t<!-- <img decoding=\"async\" src=\"\n\t\t\t\t\t\t\t\t\t\t\t\t\t\t\t\t\t\t\t\t\" alt=\"\n\t\t\t\t\t\t\t\t\t\t\t\t\t\t\t\t\t\t\t\t\t\t\t\t\t\t\t\"> -->\n\t\t\t\t\t\t\t\t<div class=\"card-body\">\n\t\t\t\t\t\t\t\t\t\t\t\t\t\t\t\t\t\t\t<h6>Oksenteleeko kissasi karvapalloja?<\/h6>\n\t\t\t\t\t\t\t\t\t\t\t\t\t\t\t\t\t\t\t<a href=\"https:\/\/bozita.com\/fi\/pida-kissasi-terveena\/oksenteleeko-kissasi-karvapalloja\/\">Lue lis\u00e4\u00e4 &nbsp; ><\/a>\n\t\t\t\t\t\t\t\t<\/div>\n\t\t\t\t\t\t\t<\/div>\n\t\t\t\t\t\t<\/div>\n\n\t\t\t\t\t\t\t\t\t\t\t<div class=\"col-sm-6 col-md-6 col-lg-3\">\n\t\t\t\t\t\t\t\t\t\t\t\t\t\t<div class=\"card \">\n\t\t\t\t\t\t\t\t\t\t\t\t\t\t\t\t\t<img decoding=\"async\"  src=\"https:\/\/bozita.com\/fi\/wp-content\/uploads\/sites\/11\/2025\/03\/bozita_swedish-natural-quality-compass.jpg\" alt=\"\">\n\t\t\t\t\t\t\t\t\t\t\t\t\t\t\t\t\t<!-- <img decoding=\"async\" src=\"\n\t\t\t\t\t\t\t\t\t\t\t\t\t\t\t\t\t\t\t\t\" alt=\"\n\t\t\t\t\t\t\t\t\t\t\t\t\t\t\t\t\t\t\t\t\t\t\t\t\t\t\t\"> -->\n\t\t\t\t\t\t\t\t<div class=\"card-body\">\n\t\t\t\t\t\t\t\t\t\t\t\t\t\t\t\t\t\t\t<h6>Miksi sinun tulisi tunnistusmerkit\u00e4 kissasi<\/h6>\n\t\t\t\t\t\t\t\t\t\t\t\t\t\t\t\t\t\t\t<a href=\"https:\/\/bozita.com\/fi\/miksi-sinun-tulisi-tunnistusmerkita-kissasi\/\">Lue lis\u00e4\u00e4 &nbsp; ><\/a>\n\t\t\t\t\t\t\t\t<\/div>\n\t\t\t\t\t\t\t<\/div>\n\t\t\t\t\t\t<\/div>\n\n\t\t\t\t\t\t\t\t\t\t\t\t<\/div>\n\t\t<\/div>\n\t<\/section>\n","protected":false},"excerpt":{"rendered":"","protected":false},"author":1,"featured_media":6399,"parent":6537,"menu_order":0,"comment_status":"closed","ping_status":"closed","template":"guternberg.php","meta":{"footnotes":""},"acf":[],"yoast_head":"<!-- This site is optimized with the Yoast SEO plugin v21.3 - https:\/\/yoast.com\/wordpress\/plugins\/seo\/ -->\n<title>Kissan steriloimisella on monia etuja - Bozita Finland<\/title>\n<meta name=\"description\" content=\"Kissojen leikkaaminen ja sterilointi. Miksi steriloisit naaraskissasi tai uroskissasi ja miten se k\u00e4yt\u00e4nn\u00f6ss\u00e4 tapahtuu? T\u00e4\u00e4lt\u00e4 saat vinkkej\u00e4 ja neuvoja.\" \/>\n<meta name=\"robots\" content=\"index, follow, max-snippet:-1, max-image-preview:large, max-video-preview:-1\" \/>\n<link rel=\"canonical\" href=\"https:\/\/bozita.com\/fi\/pida-kissasi-terveena\/kissan-steriloimisella-on-monia-etuja\/\" \/>\n<meta property=\"og:locale\" content=\"fi_FI\" \/>\n<meta property=\"og:type\" content=\"article\" \/>\n<meta property=\"og:title\" content=\"Kissan steriloimisella on monia etuja - Bozita Finland\" \/>\n<meta property=\"og:description\" content=\"Kissojen leikkaaminen ja sterilointi. Miksi steriloisit naaraskissasi tai uroskissasi ja miten se k\u00e4yt\u00e4nn\u00f6ss\u00e4 tapahtuu? T\u00e4\u00e4lt\u00e4 saat vinkkej\u00e4 ja neuvoja.\" \/>\n<meta property=\"og:url\" content=\"https:\/\/bozita.com\/fi\/pida-kissasi-terveena\/kissan-steriloimisella-on-monia-etuja\/\" \/>\n<meta property=\"og:site_name\" content=\"Bozita Finland\" \/>\n<meta property=\"article:modified_time\" content=\"2025-03-05T09:00:38+00:00\" \/>\n<meta property=\"og:image\" content=\"https:\/\/bozita.com\/fi\/wp-content\/uploads\/sites\/11\/2021\/08\/bozita-kastrera-katt.jpeg\" \/>\n\t<meta property=\"og:image:width\" content=\"800\" \/>\n\t<meta property=\"og:image:height\" content=\"533\" \/>\n\t<meta property=\"og:image:type\" content=\"image\/jpeg\" \/>\n<meta name=\"twitter:card\" content=\"summary_large_image\" \/>\n<!-- \/ Yoast SEO plugin. -->","yoast_head_json":{"title":"Kissan steriloimisella on monia etuja - Bozita Finland","description":"Kissojen leikkaaminen ja sterilointi. Miksi steriloisit naaraskissasi tai uroskissasi ja miten se k\u00e4yt\u00e4nn\u00f6ss\u00e4 tapahtuu? T\u00e4\u00e4lt\u00e4 saat vinkkej\u00e4 ja neuvoja.","robots":{"index":"index","follow":"follow","max-snippet":"max-snippet:-1","max-image-preview":"max-image-preview:large","max-video-preview":"max-video-preview:-1"},"canonical":"https:\/\/bozita.com\/fi\/pida-kissasi-terveena\/kissan-steriloimisella-on-monia-etuja\/","og_locale":"fi_FI","og_type":"article","og_title":"Kissan steriloimisella on monia etuja - Bozita Finland","og_description":"Kissojen leikkaaminen ja sterilointi. Miksi steriloisit naaraskissasi tai uroskissasi ja miten se k\u00e4yt\u00e4nn\u00f6ss\u00e4 tapahtuu? T\u00e4\u00e4lt\u00e4 saat vinkkej\u00e4 ja neuvoja.","og_url":"https:\/\/bozita.com\/fi\/pida-kissasi-terveena\/kissan-steriloimisella-on-monia-etuja\/","og_site_name":"Bozita Finland","article_modified_time":"2025-03-05T09:00:38+00:00","og_image":[{"width":800,"height":533,"url":"https:\/\/bozita.com\/fi\/wp-content\/uploads\/sites\/11\/2021\/08\/bozita-kastrera-katt.jpeg","type":"image\/jpeg"}],"twitter_card":"summary_large_image","schema":{"@context":"https:\/\/schema.org","@graph":[{"@type":"WebPage","@id":"https:\/\/bozita.com\/fi\/pida-kissasi-terveena\/kissan-steriloimisella-on-monia-etuja\/","url":"https:\/\/bozita.com\/fi\/pida-kissasi-terveena\/kissan-steriloimisella-on-monia-etuja\/","name":"Kissan steriloimisella on monia etuja - Bozita Finland","isPartOf":{"@id":"https:\/\/bozita.com\/fi\/#website"},"datePublished":"2022-08-31T06:59:29+00:00","dateModified":"2025-03-05T09:00:38+00:00","description":"Kissojen leikkaaminen ja sterilointi. Miksi steriloisit naaraskissasi tai uroskissasi ja miten se k\u00e4yt\u00e4nn\u00f6ss\u00e4 tapahtuu? T\u00e4\u00e4lt\u00e4 saat vinkkej\u00e4 ja neuvoja.","breadcrumb":{"@id":"https:\/\/bozita.com\/fi\/pida-kissasi-terveena\/kissan-steriloimisella-on-monia-etuja\/#breadcrumb"},"inLanguage":"fi","potentialAction":[{"@type":"ReadAction","target":["https:\/\/bozita.com\/fi\/pida-kissasi-terveena\/kissan-steriloimisella-on-monia-etuja\/"]}]},{"@type":"BreadcrumbList","@id":"https:\/\/bozita.com\/fi\/pida-kissasi-terveena\/kissan-steriloimisella-on-monia-etuja\/#breadcrumb","itemListElement":[{"@type":"ListItem","position":1,"name":"Koti","item":"https:\/\/bozita.com\/fi\/"},{"@type":"ListItem","position":2,"name":"Pid\u00e4 kissasi terveen\u00e4","item":"https:\/\/bozita.com\/fi\/pida-kissasi-terveena\/"},{"@type":"ListItem","position":3,"name":"Kissan steriloimisella on monia etuja"}]},{"@type":"WebSite","@id":"https:\/\/bozita.com\/fi\/#website","url":"https:\/\/bozita.com\/fi\/","name":"Bozita Finland","description":"","potentialAction":[{"@type":"SearchAction","target":{"@type":"EntryPoint","urlTemplate":"https:\/\/bozita.com\/fi\/?s={search_term_string}"},"query-input":"required name=search_term_string"}],"inLanguage":"fi"}]}},"_links":{"self":[{"href":"https:\/\/bozita.com\/fi\/wp-json\/wp\/v2\/pages\/6398"}],"collection":[{"href":"https:\/\/bozita.com\/fi\/wp-json\/wp\/v2\/pages"}],"about":[{"href":"https:\/\/bozita.com\/fi\/wp-json\/wp\/v2\/types\/page"}],"author":[{"embeddable":true,"href":"https:\/\/bozita.com\/fi\/wp-json\/wp\/v2\/users\/1"}],"replies":[{"embeddable":true,"href":"https:\/\/bozita.com\/fi\/wp-json\/wp\/v2\/comments?post=6398"}],"version-history":[{"count":8,"href":"https:\/\/bozita.com\/fi\/wp-json\/wp\/v2\/pages\/6398\/revisions"}],"predecessor-version":[{"id":11222,"href":"https:\/\/bozita.com\/fi\/wp-json\/wp\/v2\/pages\/6398\/revisions\/11222"}],"up":[{"embeddable":true,"href":"https:\/\/bozita.com\/fi\/wp-json\/wp\/v2\/pages\/6537"}],"wp:featuredmedia":[{"embeddable":true,"href":"https:\/\/bozita.com\/fi\/wp-json\/wp\/v2\/media\/6399"}],"wp:attachment":[{"href":"https:\/\/bozita.com\/fi\/wp-json\/wp\/v2\/media?parent=6398"}],"curies":[{"name":"wp","href":"https:\/\/api.w.org\/{rel}","templated":true}]}}