{"id":6403,"date":"2022-08-31T06:59:49","date_gmt":"2022-08-31T06:59:49","guid":{"rendered":"https:\/\/bozita.com\/fi\/koirien-ja-pentujen-madottaminen\/"},"modified":"2023-02-27T14:53:31","modified_gmt":"2023-02-27T14:53:31","slug":"koirien-ja-pentujen-madottaminen","status":"publish","type":"page","link":"https:\/\/bozita.com\/fi\/koirasi-terveys\/koirien-ja-pentujen-madottaminen\/","title":{"rendered":"Koirien ja pentujen madottaminen"},"content":{"rendered":"\t\t<section class=\"small-hero\">\n\t\t\t<div class=\"container\">\n\t\t\t\t<h5>Tietoa<\/h5><h1 class=\"small-hero-title\">Koirien ja pentujen madottaminen<\/h1><p><p>Jos ja milloin sinun tulee madottaa koirasi riippuu sen i\u00e4st\u00e4, elinymp\u00e4rist\u00f6st\u00e4 ja siit\u00e4 onko sill\u00e4 matotartunnan oireita. Esimerkiksi pennut ja imett\u00e4v\u00e4t nartut tulisi s\u00e4\u00e4nn\u00f6llisesti madottaa heti alkuvaiheessa. <\/p>\n<\/p>\t\t\t<\/div>\n\t\t\t<\/div>\n\t\t<\/section>\n\t\n\n\t<div class=\"text-box-warp\">\n\t\t<div class=\"container\">\n\t\t\t<div class=\"text-content\">\n\t\t\t\t<p>Aikuisia koiria ei en\u00e4\u00e4 nykyp\u00e4iv\u00e4n\u00e4 madoteta vanhaan tapaan &#8221;varmuuden vuoksi&#8221;. Syy t\u00e4lle muutokselle on se, ett\u00e4 madottamatta j\u00e4tt\u00e4minen v\u00e4hent\u00e4\u00e4 riski\u00e4 resistenssin kehittymiselle matol\u00e4\u00e4kkeit\u00e4 vastaan, silloin niist\u00e4 ei ole en\u00e4\u00e4 hy\u00f6ty\u00e4 loista vastaan. Sen sijaan koiralta otetaan n\u00e4yte jos sill\u00e4 ep\u00e4ill\u00e4\u00e4n matotartuntaa. N\u00e4yte osoittaa mink\u00e4lainen mato koiralla mahdollisesti on, esimerkiksi py\u00f6r\u00f6mato tai lapamato. Jos olet matkustamassa koirasi kanssa sinun tulee tarkistaa mink\u00e4laiset s\u00e4\u00e4nn\u00f6t kohdemaassa on ja mik\u00e4 p\u00e4tee palatessasi kotiin.<\/p>\n<h2>PENTUJEN JA IMETT\u00c4VIEN NARTTUJEN MADOTTAMINEN<\/h2>\n<p>Useimmilla pentukoirilla on py\u00f6r\u00f6matoja, sill\u00e4 se v\u00e4littyy naaraasta jo kohdussa tai rintamaidon kautta. T\u00e4st\u00e4 syyst\u00e4 naaraskoira ja pennut pit\u00e4\u00e4 madottaa s\u00e4\u00e4nn\u00f6llisesti. Kysy el\u00e4inl\u00e4\u00e4k\u00e4rilt\u00e4 sopiva matol\u00e4\u00e4ke imett\u00e4v\u00e4lle nartulle ja koiranpennulle ja seuraa kyseisen l\u00e4\u00e4kkeen annostusaikataulua.<\/p>\n<p>Mik\u00e4li olet \u00e4skett\u00e4in hakenut pennun kasvattajalta, kysy onko koira saanut kaikki annokset vai pit\u00e4\u00e4k\u00f6 sinun antaa viimeinen annos itse. Kysy my\u00f6s mit\u00e4 matol\u00e4\u00e4kett\u00e4 pentu on saanut ja mink\u00e4laista aikataulua sinun tulisi noudattaa.<\/p>\n<h2>AIKUISEN KOIRAN MADOTTAMINEN<\/h2>\n<p>Menneisyydess\u00e4 koirat madotettiin s\u00e4\u00e4nn\u00f6llisesti, mutta suositukset ovat muuttuneet ja nykyisin koiran madottamista suositellaan vain erityistapauksissa koiran ulosteen laboratoriotutkimuksen j\u00e4lkeen, joka osoittaa onko koiralla matoja. Muussa tapauksessa riski matol\u00e4\u00e4keresistenssille kasvaa. Resistenssi tarkoittaa, ett\u00e4 organismi, t\u00e4ss\u00e4 tapauksessa mato, kehitt\u00e4\u00e4 kyvyn siet\u00e4\u00e4 l\u00e4\u00e4kkett\u00e4, jota k\u00e4ytet\u00e4\u00e4n sen karkottamiseen.<\/p>\n<p>Jos ep\u00e4ilet, ett\u00e4 lemmikill\u00e4si on matoja voit hankkia testauspakkauksen apteekista. Ulosten\u00e4yte l\u00e4hetet\u00e4\u00e4n laboratorioon analysoitavaksi. Analyysi n\u00e4ytt\u00e4\u00e4 onko koiralla matoja ja my\u00f6s mink\u00e4laisia.<\/p>\n<h2>KOIRAN MATOL\u00c4\u00c4KE<\/h2>\n<p>Matol\u00e4\u00e4kkeen tyypin valintaa ohjaa se mink\u00e4laisesta madosta on kyse. Kysy el\u00e4inl\u00e4\u00e4k\u00e4rilt\u00e4 mik\u00e4 l\u00e4\u00e4ke on koirallesi kaikkein paras. Punnitse koirasi ennen l\u00e4\u00e4kkeen antamista, jotta annostus on oikea.<\/p>\n<p>Matol\u00e4\u00e4kkeit\u00e4 saa niin tabletteina kuin tahnana ja niit\u00e4 saa apteekeista. Sek\u00e4 k\u00e4sikauppatavarana, ett\u00e4 reseptill\u00e4 myyt\u00e4vi\u00e4 matol\u00e4\u00e4kkeit\u00e4 on olemassa.<\/p>\n<p>Muista, ett\u00e4 madon t\u00e4ydelliseen katoamiseen koiran ulosteesta menee joitakin p\u00e4ivi\u00e4, sill\u00e4 koiran suolistossa on kuolleita matoja jonkin aikaa.<\/p>\n<h2>KOIRAN MATOTARTUNNAN OIREET<\/h2>\n<p>Matoja ei aina voi n\u00e4hd\u00e4 paljaalla silm\u00e4ll\u00e4. Py\u00f6r\u00f6matoa l\u00f6ytyy toisinaan koiran oksennuksesta, kun taas lapamato voi olla n\u00e4ht\u00e4viss\u00e4 koiran per\u00e4suolen l\u00e4hist\u00f6ll\u00e4. T\u00e4st\u00e4 syyst\u00e4 on hyv\u00e4 olla tarkkana koiran oksennuksen ja ulosteen suhteen.<\/p>\n<p>Muita merkkej\u00e4, ett\u00e4 koirallasi on matoja ovat <\/p>\n<ul>\n<li>ripuli,<\/li>\n<li>painonlasku,<\/li>\n<li>kiilloton turkki,<\/li>\n<li>oksentelu,<\/li>\n<li>ysk\u00e4<\/li>\n<li>heikentynyt yleistila<\/li>\n<\/ul>\n<h2>KUINKA MADOT V\u00c4LITTYV\u00c4T JA KUINKA SUURI RISKI ON<\/h2>\n<p>Pennut voivat saada matoja tiineyden aikana ja my\u00f6s rintamaidon kautta ensimm\u00e4isten elinkuukausien aikana. T\u00e4st\u00e4 syyst\u00e4 pennut ja nartut madotetaan s\u00e4\u00e4nn\u00f6llisesti alkuvaiheessa.<\/p>\n<p>Aikuiset koirat altistuvat yleens\u00e4 jonkin sy\u00f6m\u00e4ns\u00e4 kautta, kuten matoja kantavien pienjyrsi\u00f6iden kautta tai sy\u00f6m\u00e4ll\u00e4 madon munia, joita on koiran l\u00e4hiymp\u00e4rist\u00f6ss\u00e4. Kaupungissa asuvalla lemmikkikoira, jolla on v\u00e4hemm\u00e4n kosketuspintaa luontoon, on pienempi riski saada matoja. Mets\u00e4styskoirilla, kennelikoirilla, ty\u00f6koirilla ja matkustavilla koirilla on paljon suurempi riski saada matotartunta. Vapaana kulkevat koirat voivat sy\u00f6d\u00e4 villej\u00e4 pienjyrsij\u00f6it\u00e4, raakaa lihaa sek\u00e4 sis\u00e4elimi\u00e4 ja niill\u00e4 on todellinen riski saada matoja.<\/p>\n<h2>MATKUSTAVAN KOIRAN MADOTTAMINEN<\/h2>\n<p>El\u00e4inl\u00e4\u00e4k\u00e4rin suorittama madottaminen on matkustamiselle yleinen vaatimus. Ruotsin maatalouslautakunnalla on koirille matkustussuositukset EU:n sis\u00e4isiin ja ulkopuolisiin matkoihin. On t\u00e4rke\u00e4 selvitt\u00e4\u00e4 tarkasti maakohtaiset s\u00e4\u00e4d\u00f6kset. S\u00e4\u00e4nt\u00f6jen selvitt\u00e4misen ja ymm\u00e4rt\u00e4misen t\u00e4rkeytt\u00e4 ei voi liikaa korostaa, sill\u00e4 n\u00e4in v\u00e4ltt\u00e4\u00e4 mahdolliset ongelmat rajoilla niin l\u00e4htiess\u00e4 kuin saapuessa.<\/p>\n<p>Tietyt Euroopan maat vaativat kansainv\u00e4lisilt\u00e4 matkustajilta madottamista ketun kantamaa loismatoa vastaan. L\u00e4\u00e4kityksen tulee olla el\u00e4inl\u00e4\u00e4k\u00e4rin antama ja rekister\u00f6ity koiran passiin. Ota yhteytt\u00e4 el\u00e4inl\u00e4\u00e4k\u00e4riisi hyviss\u00e4 ajoin ennen matkan alkua. <\/p>\n<h2>PY\u00d6R\u00d6MATO, LAPAMATO JA HEISIMATO KOIRILLA<\/h2>\n<p>Yleisimm\u00e4t matolajikkeet pennuilla ja koirilla ovat lapamato ja py\u00f6r\u00f6mato. Ne ovat ajoissa hoidettuina suhteellisen harmittomia.<\/p>\n<p>Kettujen kantama lois on koiralle huomattavasti haitallisempi, mutta se on onneksi Ruotsissa eritt\u00e4in harvinainen.<\/p>\n<h2>KOIRIEN LAPAMATO<\/h2>\n<p>Lapamatoa tavataan yleens\u00e4 pennuilla ja nuorilla koirilla. Se on v\u00e4rilt\u00e4\u00e4n keltainen ja 6-18 cm pitk\u00e4, mik\u00e4 tekee sen havaitsemisesta koiran oksennuksessa ja ulosteessa melko helppoa. Jos matoja on useampia voi t\u00e4m\u00e4 olla koirallesi ep\u00e4terveellist\u00e4.<\/p>\n<p>Lapamato kasvaa pennun suolistossa, matkustaa sielt\u00e4 keuhkoihin ja aiheuttaa yskimist\u00e4. T\u00e4t\u00e4 ei tapahdu aikuisille koirille. Aikuisten koirien kohdalla mato l\u00f6ytyy koiran suolistosta. Toukkavaiheessa madot voivat kulkeutua muihin elimiin, joihin ne j\u00e4\u00e4v\u00e4t. Toukat aktivoituvat kun koiraa tulee tiineeksi, mink\u00e4 j\u00e4lkeen ne voivat tartuttaa my\u00f6s pennun siki\u00f6vaiheessa tai my\u00f6hemmin rintamaidon kautta.<\/p>\n<p>Lapamatotartunta on suhteellisen helppohoitoinen. Hoidolla ja madottamisella ei ole pit\u00e4aikaisvaikutuksia ja n\u00e4in koira voi my\u00f6s saada matotartunnan toistamiseen. <\/p>\n<h2>KOIRIEN PY\u00d6R\u00d6MATO<\/h2>\n<p>Jos koiralla on py\u00f6r\u00f6matoja voi madon munien kapseleita n\u00e4hd\u00e4 koiran ulosteessa, l\u00e4hell\u00e4 per\u00e4aukkoa tai h\u00e4nn\u00e4n tyvess\u00e4. Munien kapselit muistuttavat ulkon\u00e4\u00f6lt\u00e4\u00e4n riisinjyvi\u00e4.<\/p>\n<p>Koiraan py\u00f6r\u00f6mato kulkeutuu niin sanotun v\u00e4liaikaisen is\u00e4nn\u00e4n kautta. T\u00e4m\u00e4 tapahtuu kun koira sy\u00f6 toisen, matoa kantavan el\u00e4imen, kuten esimerkiksi pienen jyrsij\u00e4n tai jopa matoa kantavan k\u00e4rp\u00e4sen saaden n\u00e4in tartunnan. Aikuiset koirat ovat pentuja suuremmassa riskiss\u00e4 saada tartunta, koska se tapahtuu aina v\u00e4liaikaisen is\u00e4nn\u00e4n kautta. Raakaa lihaa ja sis\u00e4elimi\u00e4 sy\u00f6v\u00e4t mets\u00e4styskoirat ovat suurimmassa riskiryhm\u00e4ss\u00e4, kuten my\u00f6s koirat joilla on kirppuja.<\/p>\n<p>Koirien py\u00f6r\u00f6mato ei johda vakaviin komplikaatioihin jos koira madotetaan v\u00e4litt\u00f6m\u00e4sti. <\/p>\n<h2>KETTUJEN MYYR\u00c4EKINOKOKKI-LOISMATO KOIRILLAA<\/h2>\n<p>Tietyiss\u00e4 maissa kettujen kantama loismato on kaikkein haitallisin matolajike, joka voi vaihngoittaa koiran maksaa, keuhkoja tai muita elimi\u00e4, joihin loinen pesiytyy. T\u00e4m\u00e4 loismato on Ruotsissa eritt\u00e4in harvinainen. Matoa esiintyy p\u00e4\u00e4asiassa maissa, joissa koiria k\u00e4ytet\u00e4\u00e4n laajasti paimentamiseen.<\/p>\n<p>T\u00e4m\u00e4 loinen pesii niin is\u00e4nt\u00e4el\u00e4imess\u00e4 (miss\u00e4 t\u00e4ysikasvuinen mato el\u00e4\u00e4) ja v\u00e4liaikaisissa is\u00e4nniss\u00e4 (joissa munat kehittyv\u00e4t toukiksi) ja v\u00e4littyv\u00e4t samaan tapaan kuin yleisempi sukkulamato.<\/p>\n<p>Ketuilla on erityinen loinen, joka voi my\u00f6s tarttua koiriin. T\u00e4m\u00e4 mato aiheuttaa koiran terveydell\u00e4 vakaavia haittoja. T\u00e4st\u00e4 syyst\u00e4 ketun ulosteen kanssa on syyt\u00e4 olla tarkkana.<\/p>\n<p>Yleinen suositus on madottaa koira jos asuinalueellasi on t\u00e4m\u00e4n loismadon riski, mutta ota yst\u00e4v\u00e4llisesti ensin yhteytt\u00e4 el\u00e4inl\u00e4\u00e4k\u00e4riin.<\/p>\n\t\t\t<\/div>\n\t\t<\/div>\n\t<\/div>\n\n\n\n\t<section class=\"block related-articles\">\n\t\t<div class=\"container\">\n\t\t\t<h2>Aiheeseen liittyvi\u00e4 artikkeleita<\/h2>\n\t\t\t<div class=\"row justify-content-center\">\n\t\t\t\t\t\t\t\t\t\t<div class=\"col-sm-6 col-md-6 col-lg-3\">\n\t\t\t\t\t\t\t\t\t\t\t\t\t\t<div class=\"card \">\n\t\t\t\t\t\t\t\t\t\t\t\t\t\t\t\t\t<img decoding=\"async\"  src=\"https:\/\/bozita.com\/fi\/wp-content\/uploads\/sites\/11\/2021\/08\/bozita-hund-vaccinera.jpeg\" alt=\"\">\n\t\t\t\t\t\t\t\t\t\t\t\t\t\t\t\t\t<!-- <img decoding=\"async\" src=\"\n\t\t\t\t\t\t\t\t\t\t\t\t\t\t\t\t\t\t\t\t\" alt=\"\n\t\t\t\t\t\t\t\t\t\t\t\t\t\t\t\t\t\t\t\t\t\t\t\t\t\t\t\"> -->\n\t\t\t\t\t\t\t\t<div class=\"card-body\">\n\t\t\t\t\t\t\t\t\t\t\t\t\t\t\t\t\t\t\t<h6>Koirien ja koiranpentujen rokottaminen<\/h6>\n\t\t\t\t\t\t\t\t\t\t\t\t\t\t\t\t\t\t\t<a href=\"https:\/\/bozita.com\/fi\/koirasi-terveys\/koirien-ja-koiranpentujen-rokottaminen\/\">Lue lis\u00e4\u00e4 &nbsp; ><\/a>\n\t\t\t\t\t\t\t\t<\/div>\n\t\t\t\t\t\t\t<\/div>\n\t\t\t\t\t\t<\/div>\n\n\t\t\t\t\t\t\t\t\t\t\t<div class=\"col-sm-6 col-md-6 col-lg-3\">\n\t\t\t\t\t\t\t\t\t\t\t\t\t\t<div class=\"card \">\n\t\t\t\t\t\t\t\t\t\t\t\t\t\t\t\t\t<img decoding=\"async\"  src=\"https:\/\/bozita.com\/fi\/wp-content\/uploads\/sites\/11\/2021\/08\/bozita-hund-borsta-tander-hygien.jpeg\" alt=\"\">\n\t\t\t\t\t\t\t\t\t\t\t\t\t\t\t\t\t<!-- <img decoding=\"async\" src=\"\n\t\t\t\t\t\t\t\t\t\t\t\t\t\t\t\t\t\t\t\t\" alt=\"\n\t\t\t\t\t\t\t\t\t\t\t\t\t\t\t\t\t\t\t\t\t\t\t\t\t\t\t\"> -->\n\t\t\t\t\t\t\t\t<div class=\"card-body\">\n\t\t\t\t\t\t\t\t\t\t\t\t\t\t\t\t\t\t\t<h6>Koiran hammaskivi<\/h6>\n\t\t\t\t\t\t\t\t\t\t\t\t\t\t\t\t\t\t\t<a href=\"https:\/\/bozita.com\/fi\/koirasi-terveys\/koiran-hammaskivi\/\">Lue lis\u00e4\u00e4 &nbsp; ><\/a>\n\t\t\t\t\t\t\t\t<\/div>\n\t\t\t\t\t\t\t<\/div>\n\t\t\t\t\t\t<\/div>\n\n\t\t\t\t\t\t\t\t\t\t\t<div class=\"col-sm-6 col-md-6 col-lg-3\">\n\t\t\t\t\t\t\t\t\t\t\t\t\t\t<div class=\"card \">\n\t\t\t\t\t\t\t\t\t\t\t\t\t\t\t\t\t<img decoding=\"async\"  src=\"https:\/\/bozita.com\/fi\/wp-content\/uploads\/sites\/11\/2021\/08\/bozita-algblomning-algforgiftning.jpeg\" alt=\"\">\n\t\t\t\t\t\t\t\t\t\t\t\t\t\t\t\t\t<!-- <img decoding=\"async\" src=\"\n\t\t\t\t\t\t\t\t\t\t\t\t\t\t\t\t\t\t\t\t\" alt=\"\n\t\t\t\t\t\t\t\t\t\t\t\t\t\t\t\t\t\t\t\t\t\t\t\t\t\t\t\"> -->\n\t\t\t\t\t\t\t\t<div class=\"card-body\">\n\t\t\t\t\t\t\t\t\t\t\t\t\t\t\t\t\t\t\t<h6>Lev\u00e4kukinta ja koirat &#8211; mit\u00e4 sinun tulee tiet\u00e4\u00e4<\/h6>\n\t\t\t\t\t\t\t\t\t\t\t\t\t\t\t\t\t\t\t<a href=\"https:\/\/bozita.com\/fi\/koirasi-terveys\/levakukinta-ja-koirat-mita-sinun-tulee-tietaa\/\">Lue lis\u00e4\u00e4 &nbsp; ><\/a>\n\t\t\t\t\t\t\t\t<\/div>\n\t\t\t\t\t\t\t<\/div>\n\t\t\t\t\t\t<\/div>\n\n\t\t\t\t\t\t\t\t\t\t\t\t<\/div>\n\t\t<\/div>\n\t<\/section>\n","protected":false},"excerpt":{"rendered":"","protected":false},"author":1,"featured_media":6404,"parent":6550,"menu_order":0,"comment_status":"closed","ping_status":"closed","template":"guternberg.php","meta":{"footnotes":""},"acf":[],"yoast_head":"<!-- This site is optimized with the Yoast SEO plugin v21.3 - https:\/\/yoast.com\/wordpress\/plugins\/seo\/ -->\n<title>Koirien ja pentujen madottaminen - Bozita Finland<\/title>\n<meta name=\"description\" content=\"T\u00e4m\u00e4 k\u00e4sittelee koirien ja pentujen madottamista. Lue lis\u00e4\u00e4 oireista, joita mato (py\u00f6r\u00f6mato, lapamato, heisimato) koirallesi tuottaa, tulehduksen levi\u00e4misest\u00e4 jne.\" \/>\n<meta name=\"robots\" content=\"index, follow, max-snippet:-1, max-image-preview:large, max-video-preview:-1\" \/>\n<link rel=\"canonical\" href=\"https:\/\/bozita.com\/fi\/koirasi-terveys\/koirien-ja-pentujen-madottaminen\/\" \/>\n<meta property=\"og:locale\" content=\"fi_FI\" \/>\n<meta property=\"og:type\" content=\"article\" \/>\n<meta property=\"og:title\" content=\"Koirien ja pentujen madottaminen - Bozita Finland\" \/>\n<meta property=\"og:description\" content=\"T\u00e4m\u00e4 k\u00e4sittelee koirien ja pentujen madottamista. Lue lis\u00e4\u00e4 oireista, joita mato (py\u00f6r\u00f6mato, lapamato, heisimato) koirallesi tuottaa, tulehduksen levi\u00e4misest\u00e4 jne.\" \/>\n<meta property=\"og:url\" content=\"https:\/\/bozita.com\/fi\/koirasi-terveys\/koirien-ja-pentujen-madottaminen\/\" \/>\n<meta property=\"og:site_name\" content=\"Bozita Finland\" \/>\n<meta property=\"article:modified_time\" content=\"2023-02-27T14:53:31+00:00\" \/>\n<meta property=\"og:image\" content=\"https:\/\/bozita.com\/fi\/wp-content\/uploads\/sites\/11\/2021\/06\/bozita-avmaska-hundvalp-hund.jpg\" \/>\n\t<meta property=\"og:image:width\" content=\"800\" \/>\n\t<meta property=\"og:image:height\" content=\"533\" \/>\n\t<meta property=\"og:image:type\" content=\"image\/jpeg\" \/>\n<meta name=\"twitter:card\" content=\"summary_large_image\" \/>\n<!-- \/ Yoast SEO plugin. -->","yoast_head_json":{"title":"Koirien ja pentujen madottaminen - Bozita Finland","description":"T\u00e4m\u00e4 k\u00e4sittelee koirien ja pentujen madottamista. Lue lis\u00e4\u00e4 oireista, joita mato (py\u00f6r\u00f6mato, lapamato, heisimato) koirallesi tuottaa, tulehduksen levi\u00e4misest\u00e4 jne.","robots":{"index":"index","follow":"follow","max-snippet":"max-snippet:-1","max-image-preview":"max-image-preview:large","max-video-preview":"max-video-preview:-1"},"canonical":"https:\/\/bozita.com\/fi\/koirasi-terveys\/koirien-ja-pentujen-madottaminen\/","og_locale":"fi_FI","og_type":"article","og_title":"Koirien ja pentujen madottaminen - Bozita Finland","og_description":"T\u00e4m\u00e4 k\u00e4sittelee koirien ja pentujen madottamista. Lue lis\u00e4\u00e4 oireista, joita mato (py\u00f6r\u00f6mato, lapamato, heisimato) koirallesi tuottaa, tulehduksen levi\u00e4misest\u00e4 jne.","og_url":"https:\/\/bozita.com\/fi\/koirasi-terveys\/koirien-ja-pentujen-madottaminen\/","og_site_name":"Bozita Finland","article_modified_time":"2023-02-27T14:53:31+00:00","og_image":[{"width":800,"height":533,"url":"https:\/\/bozita.com\/fi\/wp-content\/uploads\/sites\/11\/2021\/06\/bozita-avmaska-hundvalp-hund.jpg","type":"image\/jpeg"}],"twitter_card":"summary_large_image","schema":{"@context":"https:\/\/schema.org","@graph":[{"@type":"WebPage","@id":"https:\/\/bozita.com\/fi\/koirasi-terveys\/koirien-ja-pentujen-madottaminen\/","url":"https:\/\/bozita.com\/fi\/koirasi-terveys\/koirien-ja-pentujen-madottaminen\/","name":"Koirien ja pentujen madottaminen - Bozita Finland","isPartOf":{"@id":"https:\/\/bozita.com\/fi\/#website"},"datePublished":"2022-08-31T06:59:49+00:00","dateModified":"2023-02-27T14:53:31+00:00","description":"T\u00e4m\u00e4 k\u00e4sittelee koirien ja pentujen madottamista. Lue lis\u00e4\u00e4 oireista, joita mato (py\u00f6r\u00f6mato, lapamato, heisimato) koirallesi tuottaa, tulehduksen levi\u00e4misest\u00e4 jne.","breadcrumb":{"@id":"https:\/\/bozita.com\/fi\/koirasi-terveys\/koirien-ja-pentujen-madottaminen\/#breadcrumb"},"inLanguage":"fi","potentialAction":[{"@type":"ReadAction","target":["https:\/\/bozita.com\/fi\/koirasi-terveys\/koirien-ja-pentujen-madottaminen\/"]}]},{"@type":"BreadcrumbList","@id":"https:\/\/bozita.com\/fi\/koirasi-terveys\/koirien-ja-pentujen-madottaminen\/#breadcrumb","itemListElement":[{"@type":"ListItem","position":1,"name":"Koti","item":"https:\/\/bozita.com\/fi\/"},{"@type":"ListItem","position":2,"name":"Koirasi terveys","item":"https:\/\/bozita.com\/fi\/koirasi-terveys\/"},{"@type":"ListItem","position":3,"name":"Koirien ja pentujen madottaminen"}]},{"@type":"WebSite","@id":"https:\/\/bozita.com\/fi\/#website","url":"https:\/\/bozita.com\/fi\/","name":"Bozita Finland","description":"","potentialAction":[{"@type":"SearchAction","target":{"@type":"EntryPoint","urlTemplate":"https:\/\/bozita.com\/fi\/?s={search_term_string}"},"query-input":"required name=search_term_string"}],"inLanguage":"fi"}]}},"_links":{"self":[{"href":"https:\/\/bozita.com\/fi\/wp-json\/wp\/v2\/pages\/6403"}],"collection":[{"href":"https:\/\/bozita.com\/fi\/wp-json\/wp\/v2\/pages"}],"about":[{"href":"https:\/\/bozita.com\/fi\/wp-json\/wp\/v2\/types\/page"}],"author":[{"embeddable":true,"href":"https:\/\/bozita.com\/fi\/wp-json\/wp\/v2\/users\/1"}],"replies":[{"embeddable":true,"href":"https:\/\/bozita.com\/fi\/wp-json\/wp\/v2\/comments?post=6403"}],"version-history":[{"count":4,"href":"https:\/\/bozita.com\/fi\/wp-json\/wp\/v2\/pages\/6403\/revisions"}],"predecessor-version":[{"id":8077,"href":"https:\/\/bozita.com\/fi\/wp-json\/wp\/v2\/pages\/6403\/revisions\/8077"}],"up":[{"embeddable":true,"href":"https:\/\/bozita.com\/fi\/wp-json\/wp\/v2\/pages\/6550"}],"wp:featuredmedia":[{"embeddable":true,"href":"https:\/\/bozita.com\/fi\/wp-json\/wp\/v2\/media\/6404"}],"wp:attachment":[{"href":"https:\/\/bozita.com\/fi\/wp-json\/wp\/v2\/media?parent=6403"}],"curies":[{"name":"wp","href":"https:\/\/api.w.org\/{rel}","templated":true}]}}