{"id":6407,"date":"2022-08-31T07:00:18","date_gmt":"2022-08-31T07:00:18","guid":{"rendered":"https:\/\/bozita.com\/fi\/kissan-ja-kissanpennun-madottaminen\/"},"modified":"2025-03-05T11:46:44","modified_gmt":"2025-03-05T11:46:44","slug":"kissan-ja-kissanpennun-madottaminen","status":"publish","type":"page","link":"https:\/\/bozita.com\/fi\/pida-kissasi-terveena\/kissan-ja-kissanpennun-madottaminen\/","title":{"rendered":"Kissan ja kissanpennun madottaminen"},"content":{"rendered":"\t\t<section class=\"small-hero\">\n\t\t\t<div class=\"container\">\n\t\t\t\t<h5>Tietoa<\/h5><h1 class=\"small-hero-title\">Kissan ja kissanpennun madottaminen<\/h1><p><p>Kuinka usein sinun pit\u00e4\u00e4 matol\u00e4\u00e4kit\u00e4 kissasi riippuu siit\u00e4 onko se sis\u00e4- vai ulkokissa ja pentu vai aikuinen. Madottamista suositellaan vain kun kissa osoittaa matoinfektion oireita ja ep\u00e4ilet infektion olevan mahdollinen.<\/p>\n<\/p>\t\t\t<\/div>\n\t\t\t<\/div>\n\t\t<\/section>\n\t\n\n\t<div class=\"text-box-warp\">\n\t\t<div class=\"container\">\n\t\t\t<div class=\"text-content\">\n\t\t\t\t<p>Kissojen tavallisimmat madot ovat py\u00f6r\u00f6matoja ja lapamatoja.<\/p>\n<h2>KUINKA USEIN KISSA PIT\u00c4\u00c4 MADOTTAA?<\/h2>\n<p>AIkuiset ulkokissat madotetaan sis\u00e4kissoja useammin, sill\u00e4 ne pyydyst\u00e4v\u00e4t mahdollisesti loisia kantavia hiiri\u00e4 ja muita pieni\u00e4 el\u00e4imi\u00e4. Sis\u00e4kissoilla madot ovat harvinaisempia, sill\u00e4 ne eiv\u00e4t pyydyst\u00e4 tai sy\u00f6 pienel\u00e4imi\u00e4. Kissanhiekkalaatikoilta on sis\u00e4kissankin mahdoolista saada tartunta, toisen kissan v\u00e4lityksell\u00e4.<\/p>\n<p>Ruotsin l\u00e4\u00e4keainevirasto suosittelee kissan madottamista vain jos ep\u00e4ilet sill\u00e4 tartuntaa, eik\u00e4 ennaltaehk\u00e4isev\u00e4n\u00e4 toimenpiteen\u00e4. Jos madotat kissan liian usein kasvaa resistenssin riski matol\u00e4\u00e4kkeit\u00e4 vastaan, mik\u00e4 tarkoittaa ett\u00e4 tulevia matoinfektioita on vaikeampi hoitaa.  Jos sinulla on ep\u00e4ilyksi\u00e4, ota yhteytt\u00e4 el\u00e4inl\u00e4\u00e4k\u00e4riisi tutkimusta tai ulosten\u00e4ytett\u00e4 varten.<\/p>\n<h4>Lis\u00e4tietoa<\/h4>\n<p><a href=\"https:\/\/www.lakemedelsverket.se\/sv\/behandling-och-forskrivning\/behandlingsrekommendationer\/lakemedel-vid-ekto--och-endoparasitinfektioner-hos-hund-och-katt--behandlingsrekommendation\">Rektaali ja sis\u00e4loisinfektiol\u00e4\u00e4kkeet koirille ja kissoille &#8211; hoitosuositukset<\/a><\/p>\n<h2>KOSKA KISSANPENTU PIT\u00c4\u00c4 MADOTTAA?<\/h2>\n<p>Kissanpennut saavat usein py\u00f6r\u00f6matotartunnan imett\u00e4vilt\u00e4 emoiltaan, joten kissanpentu tulisi madottaa aikuista kissaa useammin. Kissanpennut madotetaan ensimm\u00e4ist\u00e4 kertaa kolmiviikkoisina.<\/p>\n<p>Kissanpentu on yleens\u00e4 madotettu kasvattajan toimesta jo ennen kuin ostat sen ja saat pennun 12-viikkoisena kotiin. Jos sit\u00e4 ei ole madotettu matol\u00e4\u00e4kett\u00e4 tulee antaa s\u00e4\u00e4nn\u00f6llisesti 3 kuukauden ik\u00e4\u00e4n asti. Kuinka usein tarkalleen l\u00e4\u00e4kett\u00e4 annetaan riippuu l\u00e4\u00e4kkeest\u00e4. Kysy el\u00e4inl\u00e4\u00e4k\u00e4rilt\u00e4 jos olet ep\u00e4varma.<\/p>\n<p><strong>KISSOJEN MATOTARTUNNAN OIREET<\/strong><\/p>\n<p>Kissoilla voi olla oireita, vaikka ei selkeit\u00e4 oireita olisikaan, mutta havaitset usein tartunnan n\u00e4kem\u00e4ll\u00e4 matoja kissasi ulosteessa tai oksennuksessa. Kissa voi my\u00f6s laihtua, sen turkista saattaa tulla kiilloton, se voi k\u00e4rsi\u00e4 ripulista tai oksentelusta.<\/p>\n<h2>KUINKA V\u00c4HENN\u00c4T TARTUNNAN RISKI\u00c4 JA EST\u00c4T MATOA LEVI\u00c4M\u00c4ST\u00c4<\/h2>\n<p>Kissa voi saada matotartunnan usealla eri tavalla.<\/p>\n<p>Kissa voi saada niin lapamadon kuin py\u00f6r\u00f6madon sy\u00f6m\u00e4ll\u00e4 pieni\u00e4 el\u00e4imi\u00e4, kuten hiiri\u00e4, rottia tai lintuja. Jos talouteesi kuuluu useita kissoja on olemassa riski, ett\u00e4 paljaalle silm\u00e4lle n\u00e4kym\u00e4tt\u00f6m\u00e4t py\u00f6r\u00f6madon munat levi\u00e4v\u00e4t esimerkiksi kissanhiekkalaatikon tai yhteisen peiton kautta. Kissat ja koirat voivat my\u00f6s tartuttaa toisiaan,.<\/p>\n<p>On \u00e4\u00e4rimm\u00e4isen t\u00e4rke\u00e4\u00e4 puhdistaa kissanhiekkalaatikko huolellisesti jos ep\u00e4ilet kissallasi matoinfektiota. Puhdista my\u00f6s lelut, peitteet ja muut esineet, joita tartunnan saanut kissa on k\u00e4ytt\u00e4nyt.<\/p>\n<h2>T\u00c4LT\u00c4 KISSAN PY\u00d6R\u00d6MATO JA LAPAMATO N\u00c4YTT\u00c4V\u00c4T<\/h2>\n<p>Py\u00f6r\u00f6mato on kissojen tavallisin loinen ja arviolta 5-15 prosentilla kaikista ulkokissoista on py\u00f6r\u00f6mato. Sen v\u00e4ri vaihtelee, mutta yleens\u00e4 se on kellert\u00e4v\u00e4n valkoinen ja muutaman senttimetrin pituinen.<\/p>\n<p>Lapamato on pitk\u00e4, litte\u00e4 ja v\u00e4rilt\u00e4\u00e4n valkoinen. Se muistuttaa v\u00e4h\u00e4n riisinjyv\u00e4\u00e4 ja on noin 1cm pitk\u00e4. Lapamato ei levi\u00e4 ulosteen kautta vaan ainostaan luonnossa saaliin kautta. T\u00e4st\u00e4 syyst\u00e4 lapamato on ulkokissoilla yleisempi. <\/p>\n\t\t\t<\/div>\n\t\t<\/div>\n\t<\/div>\n\n\n\n\t<section class=\"block related-articles\">\n\t\t<div class=\"container\">\n\t\t\t<h2>Aiheeseen liittyvi\u00e4 artikkeleita<\/h2>\n\t\t\t<div class=\"row justify-content-center\">\n\t\t\t\t\t\t\t\t\t\t<div class=\"col-sm-6 col-md-6 col-lg-3\">\n\t\t\t\t\t\t\t\t\t\t\t\t\t\t<div class=\"card \">\n\t\t\t\t\t\t\t\t\t\t\t\t\t\t\t\t\t<img decoding=\"async\"  src=\"https:\/\/bozita.com\/fi\/wp-content\/uploads\/sites\/11\/2025\/03\/bozita_swedish-natural-quality-compass.jpg\" alt=\"\">\n\t\t\t\t\t\t\t\t\t\t\t\t\t\t\t\t\t<!-- <img decoding=\"async\" src=\"\n\t\t\t\t\t\t\t\t\t\t\t\t\t\t\t\t\t\t\t\t\" alt=\"\n\t\t\t\t\t\t\t\t\t\t\t\t\t\t\t\t\t\t\t\t\t\t\t\t\t\t\t\"> -->\n\t\t\t\t\t\t\t\t<div class=\"card-body\">\n\t\t\t\t\t\t\t\t\t\t\t\t\t\t\t\t\t\t\t<h6>Koska voit p\u00e4\u00e4st\u00e4\u00e4 kissanpennun ulos ensimm\u00e4ist\u00e4 kertaa?<\/h6>\n\t\t\t\t\t\t\t\t\t\t\t\t\t\t\t\t\t\t\t<a href=\"https:\/\/bozita.com\/fi\/kissan-hankinta\/koska-voit-paastaa-kissanpennun-ulos-ensimmaista-kertaa\/\">Lue lis\u00e4\u00e4 &nbsp; ><\/a>\n\t\t\t\t\t\t\t\t<\/div>\n\t\t\t\t\t\t\t<\/div>\n\t\t\t\t\t\t<\/div>\n\n\t\t\t\t\t\t\t\t\t\t\t<div class=\"col-sm-6 col-md-6 col-lg-3\">\n\t\t\t\t\t\t\t\t\t\t\t\t\t\t<div class=\"card \">\n\t\t\t\t\t\t\t\t\t\t\t\t\t\t\t\t\t<img decoding=\"async\"  src=\"https:\/\/bozita.com\/fi\/wp-content\/uploads\/sites\/11\/2021\/08\/bozita-vaccinera-katt.jpg\" alt=\"\">\n\t\t\t\t\t\t\t\t\t\t\t\t\t\t\t\t\t<!-- <img decoding=\"async\" src=\"\n\t\t\t\t\t\t\t\t\t\t\t\t\t\t\t\t\t\t\t\t\" alt=\"\n\t\t\t\t\t\t\t\t\t\t\t\t\t\t\t\t\t\t\t\t\t\t\t\t\t\t\t\"> -->\n\t\t\t\t\t\t\t\t<div class=\"card-body\">\n\t\t\t\t\t\t\t\t\t\t\t\t\t\t\t\t\t\t\t<h6>Kissasi rokottaminen<\/h6>\n\t\t\t\t\t\t\t\t\t\t\t\t\t\t\t\t\t\t\t<a href=\"https:\/\/bozita.com\/fi\/pida-kissasi-terveena\/kissasi-rokottaminen\/\">Lue lis\u00e4\u00e4 &nbsp; ><\/a>\n\t\t\t\t\t\t\t\t<\/div>\n\t\t\t\t\t\t\t<\/div>\n\t\t\t\t\t\t<\/div>\n\n\t\t\t\t\t\t\t\t\t\t\t<div class=\"col-sm-6 col-md-6 col-lg-3\">\n\t\t\t\t\t\t\t\t\t\t\t\t\t\t<div class=\"card \">\n\t\t\t\t\t\t\t\t\t\t\t\t\t\t\t\t\t<img decoding=\"async\"  src=\"https:\/\/bozita.com\/fi\/wp-content\/uploads\/sites\/11\/2025\/03\/bozita_swedish-natural-quality-compass.jpg\" alt=\"\">\n\t\t\t\t\t\t\t\t\t\t\t\t\t\t\t\t\t<!-- <img decoding=\"async\" src=\"\n\t\t\t\t\t\t\t\t\t\t\t\t\t\t\t\t\t\t\t\t\" alt=\"\n\t\t\t\t\t\t\t\t\t\t\t\t\t\t\t\t\t\t\t\t\t\t\t\t\t\t\t\"> -->\n\t\t\t\t\t\t\t\t<div class=\"card-body\">\n\t\t\t\t\t\t\t\t\t\t\t\t\t\t\t\t\t\t\t<h6>Miksi sinun tulisi tunnistusmerkit\u00e4 kissasi<\/h6>\n\t\t\t\t\t\t\t\t\t\t\t\t\t\t\t\t\t\t\t<a href=\"https:\/\/bozita.com\/fi\/miksi-sinun-tulisi-tunnistusmerkita-kissasi\/\">Lue lis\u00e4\u00e4 &nbsp; ><\/a>\n\t\t\t\t\t\t\t\t<\/div>\n\t\t\t\t\t\t\t<\/div>\n\t\t\t\t\t\t<\/div>\n\n\t\t\t\t\t\t\t\t\t\t\t\t<\/div>\n\t\t<\/div>\n\t<\/section>\n","protected":false},"excerpt":{"rendered":"","protected":false},"author":1,"featured_media":11179,"parent":6537,"menu_order":0,"comment_status":"closed","ping_status":"closed","template":"guternberg.php","meta":{"footnotes":""},"acf":[],"yoast_head":"<!-- This site is optimized with the Yoast SEO plugin v21.3 - https:\/\/yoast.com\/wordpress\/plugins\/seo\/ -->\n<title>Kissan ja kissanpennun madottaminen - Bozita Finland<\/title>\n<meta name=\"description\" content=\"N\u00e4in usein kissasi ja kissanpentusi tulee madottaa. Sis\u00e4- ja ulkokissan madottaminen, matoinfektion oireet kissalla, kuinka madot levi\u00e4v\u00e4t ja milt\u00e4 madot n\u00e4ytt\u00e4v\u00e4t.\" \/>\n<meta name=\"robots\" content=\"index, follow, max-snippet:-1, max-image-preview:large, max-video-preview:-1\" \/>\n<link rel=\"canonical\" href=\"https:\/\/bozita.com\/fi\/pida-kissasi-terveena\/kissan-ja-kissanpennun-madottaminen\/\" \/>\n<meta property=\"og:locale\" content=\"fi_FI\" \/>\n<meta property=\"og:type\" content=\"article\" \/>\n<meta property=\"og:title\" content=\"Kissan ja kissanpennun madottaminen - Bozita Finland\" \/>\n<meta property=\"og:description\" content=\"N\u00e4in usein kissasi ja kissanpentusi tulee madottaa. Sis\u00e4- ja ulkokissan madottaminen, matoinfektion oireet kissalla, kuinka madot levi\u00e4v\u00e4t ja milt\u00e4 madot n\u00e4ytt\u00e4v\u00e4t.\" \/>\n<meta property=\"og:url\" content=\"https:\/\/bozita.com\/fi\/pida-kissasi-terveena\/kissan-ja-kissanpennun-madottaminen\/\" \/>\n<meta property=\"og:site_name\" content=\"Bozita Finland\" \/>\n<meta property=\"article:modified_time\" content=\"2025-03-05T11:46:44+00:00\" \/>\n<meta property=\"og:image\" content=\"https:\/\/bozita.com\/fi\/wp-content\/uploads\/sites\/11\/2025\/03\/bozita_swedish-natural-quality-compass.jpg\" \/>\n\t<meta property=\"og:image:width\" content=\"800\" \/>\n\t<meta property=\"og:image:height\" content=\"533\" \/>\n\t<meta property=\"og:image:type\" content=\"image\/jpeg\" \/>\n<meta name=\"twitter:card\" content=\"summary_large_image\" \/>\n<!-- \/ Yoast SEO plugin. -->","yoast_head_json":{"title":"Kissan ja kissanpennun madottaminen - Bozita Finland","description":"N\u00e4in usein kissasi ja kissanpentusi tulee madottaa. Sis\u00e4- ja ulkokissan madottaminen, matoinfektion oireet kissalla, kuinka madot levi\u00e4v\u00e4t ja milt\u00e4 madot n\u00e4ytt\u00e4v\u00e4t.","robots":{"index":"index","follow":"follow","max-snippet":"max-snippet:-1","max-image-preview":"max-image-preview:large","max-video-preview":"max-video-preview:-1"},"canonical":"https:\/\/bozita.com\/fi\/pida-kissasi-terveena\/kissan-ja-kissanpennun-madottaminen\/","og_locale":"fi_FI","og_type":"article","og_title":"Kissan ja kissanpennun madottaminen - Bozita Finland","og_description":"N\u00e4in usein kissasi ja kissanpentusi tulee madottaa. Sis\u00e4- ja ulkokissan madottaminen, matoinfektion oireet kissalla, kuinka madot levi\u00e4v\u00e4t ja milt\u00e4 madot n\u00e4ytt\u00e4v\u00e4t.","og_url":"https:\/\/bozita.com\/fi\/pida-kissasi-terveena\/kissan-ja-kissanpennun-madottaminen\/","og_site_name":"Bozita Finland","article_modified_time":"2025-03-05T11:46:44+00:00","og_image":[{"width":800,"height":533,"url":"https:\/\/bozita.com\/fi\/wp-content\/uploads\/sites\/11\/2025\/03\/bozita_swedish-natural-quality-compass.jpg","type":"image\/jpeg"}],"twitter_card":"summary_large_image","schema":{"@context":"https:\/\/schema.org","@graph":[{"@type":"WebPage","@id":"https:\/\/bozita.com\/fi\/pida-kissasi-terveena\/kissan-ja-kissanpennun-madottaminen\/","url":"https:\/\/bozita.com\/fi\/pida-kissasi-terveena\/kissan-ja-kissanpennun-madottaminen\/","name":"Kissan ja kissanpennun madottaminen - Bozita Finland","isPartOf":{"@id":"https:\/\/bozita.com\/fi\/#website"},"datePublished":"2022-08-31T07:00:18+00:00","dateModified":"2025-03-05T11:46:44+00:00","description":"N\u00e4in usein kissasi ja kissanpentusi tulee madottaa. Sis\u00e4- ja ulkokissan madottaminen, matoinfektion oireet kissalla, kuinka madot levi\u00e4v\u00e4t ja milt\u00e4 madot n\u00e4ytt\u00e4v\u00e4t.","breadcrumb":{"@id":"https:\/\/bozita.com\/fi\/pida-kissasi-terveena\/kissan-ja-kissanpennun-madottaminen\/#breadcrumb"},"inLanguage":"fi","potentialAction":[{"@type":"ReadAction","target":["https:\/\/bozita.com\/fi\/pida-kissasi-terveena\/kissan-ja-kissanpennun-madottaminen\/"]}]},{"@type":"BreadcrumbList","@id":"https:\/\/bozita.com\/fi\/pida-kissasi-terveena\/kissan-ja-kissanpennun-madottaminen\/#breadcrumb","itemListElement":[{"@type":"ListItem","position":1,"name":"Koti","item":"https:\/\/bozita.com\/fi\/"},{"@type":"ListItem","position":2,"name":"Pid\u00e4 kissasi terveen\u00e4","item":"https:\/\/bozita.com\/fi\/pida-kissasi-terveena\/"},{"@type":"ListItem","position":3,"name":"Kissan ja kissanpennun madottaminen"}]},{"@type":"WebSite","@id":"https:\/\/bozita.com\/fi\/#website","url":"https:\/\/bozita.com\/fi\/","name":"Bozita Finland","description":"","potentialAction":[{"@type":"SearchAction","target":{"@type":"EntryPoint","urlTemplate":"https:\/\/bozita.com\/fi\/?s={search_term_string}"},"query-input":"required name=search_term_string"}],"inLanguage":"fi"}]}},"_links":{"self":[{"href":"https:\/\/bozita.com\/fi\/wp-json\/wp\/v2\/pages\/6407"}],"collection":[{"href":"https:\/\/bozita.com\/fi\/wp-json\/wp\/v2\/pages"}],"about":[{"href":"https:\/\/bozita.com\/fi\/wp-json\/wp\/v2\/types\/page"}],"author":[{"embeddable":true,"href":"https:\/\/bozita.com\/fi\/wp-json\/wp\/v2\/users\/1"}],"replies":[{"embeddable":true,"href":"https:\/\/bozita.com\/fi\/wp-json\/wp\/v2\/comments?post=6407"}],"version-history":[{"count":4,"href":"https:\/\/bozita.com\/fi\/wp-json\/wp\/v2\/pages\/6407\/revisions"}],"predecessor-version":[{"id":11187,"href":"https:\/\/bozita.com\/fi\/wp-json\/wp\/v2\/pages\/6407\/revisions\/11187"}],"up":[{"embeddable":true,"href":"https:\/\/bozita.com\/fi\/wp-json\/wp\/v2\/pages\/6537"}],"wp:featuredmedia":[{"embeddable":true,"href":"https:\/\/bozita.com\/fi\/wp-json\/wp\/v2\/media\/11179"}],"wp:attachment":[{"href":"https:\/\/bozita.com\/fi\/wp-json\/wp\/v2\/media?parent=6407"}],"curies":[{"name":"wp","href":"https:\/\/api.w.org\/{rel}","templated":true}]}}