{"id":6411,"date":"2022-08-31T07:00:46","date_gmt":"2022-08-31T07:00:46","guid":{"rendered":"https:\/\/bozita.com\/fi\/koirien-tasapainoharjoittelu\/"},"modified":"2025-03-05T10:13:43","modified_gmt":"2025-03-05T10:13:43","slug":"koirien-tasapainoharjoittelu","status":"publish","type":"page","link":"https:\/\/bozita.com\/fi\/aktiovoi-koirasi\/koirien-tasapainoharjoittelu\/","title":{"rendered":"Koirien tasapainoharjoittelu"},"content":{"rendered":"\t\t<section class=\"small-hero\">\n\t\t\t<div class=\"container\">\n\t\t\t\t<h5>Tietoa<\/h5><h1 class=\"small-hero-title\">Koirien tasapainoharjoittelu<\/h1><p><p>Keskikokoinen villakoira Astrid asuu yhden Bozitan tuotekehittelij\u00e4n kanssa. Astridilla diagnosoitiin pentuna patellaluksaatio, sairaus joka aiheuttaa polvilumpion sijoiltaanmenon. Leikkaus oli Astridille v\u00e4ltt\u00e4m\u00e4t\u00f6n.<\/p>\n<\/p>\t\t\t<\/div>\n\t\t\t<\/div>\n\t\t<\/section>\n\t\n\n\t<div class=\"text-box-warp\">\n\t\t<div class=\"container\">\n\t\t\t<div class=\"text-content\">\n\t\t\t\t<p>Kiitos koirien koordinaatio- ja tasapainoharjoittelun, Astrid on nyt terve koira, joka rakastaa luonnossa kulkemista.<\/p>\n<h2>POLVILUMPION SIJOITAANMENO KOIRILLA<\/h2>\n<p>Astrid on keskikokoinen villakoira joka asuu yhden Bozitan tuotekehittelij\u00e4n kanssa. Jo ennen kuin Astrid oli vuoden ik\u00e4inen oli selv\u00e4\u00e4, ett\u00e4 takajaloissa oli jokin vikana. Koira teki ik\u00e4\u00e4n kuin sammakkohypyn l\u00e4htiess\u00e4\u00e4n istuma-asennosta liikkeelle. El\u00e4inl\u00e4\u00e4k\u00e4ri diagnosoi Astridille patellaluksaation, joka aiheuttaa koirilla niiden polvilumpion sijoiltaanmenon. Usein on mahdollista vakauttaa nivel ja est\u00e4\u00e4 sijoiltaanmeno vahvistamalla ymp\u00e4r\u00f6ivi\u00e4 lihaksia. Astridin tapauksessa tila oli kuitenkin sangen vakava ja leikkaus oli siit\u00e4 syyst\u00e4 v\u00e4ltt\u00e4m\u00e4t\u00f6n.<\/p>\n<h2>KUNTOUTUS KOIRIEN TASAPAINOHARJOITTELULLA<\/h2>\n<p>Leikkaus suoritettiin polvi kerrallaan ja leikkauksia seurasi pitk\u00e4t kuntoutusjaksot fysioterapeutin ja ortopedin ohjeiden mukaisesti. Kuntoutuksen tavoitteena oli nivelt\u00e4 ymp\u00e4r\u00f6ivien pienten lihasten aktivoiminen ja vahvistaminen perusteellisen koirien koordinaatio- ja tasapainoharjoittelun kautta. Ajatuksena oli saada Astrid k\u00e4ytt\u00e4m\u00e4\u00e4n molempia takajalkojaan tasapuolisesti sen sijaan, ett\u00e4 h\u00e4n tapansa mukaan laittoi enemm\u00e4n painoa toiselle takajalalle. Molempien takajalkojen aktivoimiseksi Astridin harjoitteluun kuului suuri m\u00e4\u00e4r\u00e4 reipasta k\u00e4vely\u00e4 niin maalla kuin matalassa vedess\u00e4 el\u00e4inl\u00e4\u00e4k\u00e4rin klinikalla ja j\u00e4rviss\u00e4 sek\u00e4 my\u00f6s paljon k\u00e4vely\u00e4 matalassa mustikkavarvikossa. Ajatus oli rohkaista Astridia nostamaan takajalkojaan tarpeeksi paljon.<\/p>\n<p>T\u00e4n\u00e4 p\u00e4iv\u00e4n\u00e4 Astridilla ei ole mink\u00e4\u00e4nlaisia vaikeuksia nousta seisomaan tasapainolaudalle, joka on erinomanen v\u00e4line koirien tasapainoharjoitteluun. Se oli aluksi valtava haaste, sill\u00e4 Astrid oli arka tassuistaan ja yleisesti muutenkin varsin varovainen. Totuttaminen oli avainasemassa, sitten palkitseminen toivotusta k\u00e4yt\u00f6ksest\u00e4 ja lopuksi oikean l\u00e4hestymistavan rohkaiseminen. T\u00e4m\u00e4 kehitti Astridin itsen\u00e4isyytt\u00e4, paransi sen itsetuntoa ja v\u00e4hensi varovaisuutta. Sitten yhten\u00e4 p\u00e4iv\u00e4n\u00e4 Astrid seisoi tasapainolaudalla kaikilla nelj\u00e4ll\u00e4 tassullaan ja jopa liikkui laudalla ilman ongelmia.<\/p>\n\t\t\t<\/div>\n\t\t<\/div>\n\t<\/div>\n\n\n<section class=\"block full-section-promo\">\n\t<div class=\"container\">\n\t\t<div class=\"mb-3 row align-items-center \n\t\t\t\t\">\n\t\t\t<div class=\"col-md-6\">\n\t\t\t\t\t\t\t\t\t<img decoding=\"async\" src=\"https:\/\/bozita.com\/fi\/wp-content\/uploads\/sites\/11\/2021\/08\/bozita-balanstraning-med-astrid.jpg\" alt=\"\">\n\t\t\t\t\t\n\t\t\t<\/div>\n\t\t\t<div class=\"col-md-6\">\n\t\t\t\t<h2>PATELLALUKSAATIO <\/h2><p>Astrid on nyt kuusivuotias ja t\u00e4ysin vapaa polvivaivoista. H\u00e4nen em\u00e4nt\u00e4ns\u00e4 tulee kuitenkin tarkkailla liikkumista ja kannustaa aktiviteetteihin ja harjoituksiin, jotka ehk\u00e4isev\u00e4t tulevia ongelmia. Sill\u00e4 on suurentunut nivelrikon riski, mutta t\u00e4st\u00e4 ei ole viel\u00e4 mit\u00e4\u00e4n merkkej\u00e4. Astrid on nyt onnellinen koira, joka rakastaa mets\u00e4ss\u00e4 juoksemista. Lue lis\u00e4\u00e4 patellaluksaatiosta Suomen kennelliiton sivuilta. <\/p>\t\t\t\t\t<a target=\"\" href=\"https:\/\/www.kennelliitto.fi\/kasvatus-ja-terveys\/koiran-terveys\/perinnolliset-sairaudet-ja-koiran-hyvinvointi\/polvilumpion-sijoiltaanmeno-patellaluksaatio\" class=\"btn btn-primary\">Lue lis\u00e4\u00e4<\/a>\n\t\t\t\t\t\t\t\t<\/div>\n\t\t<\/div>\n\n\n\t<\/div>\n<\/section>\n\n\n\n\t<section class=\"block related-articles\">\n\t\t<div class=\"container\">\n\t\t\t<h2>Aiheeseen liittyvi\u00e4 artikkeleita<\/h2>\n\t\t\t<div class=\"row justify-content-center\">\n\t\t\t\t\t\t\t\t\t\t<div class=\"col-sm-6 col-md-6 col-lg-3\">\n\t\t\t\t\t\t\t\t\t\t\t\t\t\t<div class=\"card \">\n\t\t\t\t\t\t\t\t\t\t\t\t\t\t\t\t\t<img decoding=\"async\"  src=\"https:\/\/bozita.com\/fi\/wp-content\/uploads\/sites\/11\/2021\/06\/bozita-smakgaranti-hundmat-kattmat.jpeg\" alt=\"\">\n\t\t\t\t\t\t\t\t\t\t\t\t\t\t\t\t\t<!-- <img decoding=\"async\" src=\"\n\t\t\t\t\t\t\t\t\t\t\t\t\t\t\t\t\t\t\t\t\" alt=\"\n\t\t\t\t\t\t\t\t\t\t\t\t\t\t\t\t\t\t\t\t\t\t\t\t\t\t\t\"> -->\n\t\t\t\t\t\t\t\t<div class=\"card-body\">\n\t\t\t\t\t\t\t\t\t\t\t\t\t\t\t\t\t\t\t<h6>Koirakurssit ja aktiviteetit<\/h6>\n\t\t\t\t\t\t\t\t\t\t\t\t\t\t\t\t\t\t\t<a href=\"https:\/\/bozita.com\/fi\/aktiovoi-koirasi\/koirakurssit-ja-aktiviteetit\/\">Lue lis\u00e4\u00e4 &nbsp; ><\/a>\n\t\t\t\t\t\t\t\t<\/div>\n\t\t\t\t\t\t\t<\/div>\n\t\t\t\t\t\t<\/div>\n\n\t\t\t\t\t\t\t\t\t\t\t<div class=\"col-sm-6 col-md-6 col-lg-3\">\n\t\t\t\t\t\t\t\t\t\t\t\t\t\t<div class=\"card \">\n\t\t\t\t\t\t\t\t\t\t\t\t\t\t\t\t\t<img decoding=\"async\"  src=\"https:\/\/bozita.com\/fi\/wp-content\/uploads\/sites\/11\/2021\/08\/bozita-ta-med-hunden-till-fjallen.jpeg\" alt=\"\">\n\t\t\t\t\t\t\t\t\t\t\t\t\t\t\t\t\t<!-- <img decoding=\"async\" src=\"\n\t\t\t\t\t\t\t\t\t\t\t\t\t\t\t\t\t\t\t\t\" alt=\"\n\t\t\t\t\t\t\t\t\t\t\t\t\t\t\t\t\t\t\t\t\t\t\t\t\t\t\t\"> -->\n\t\t\t\t\t\t\t\t<div class=\"card-body\">\n\t\t\t\t\t\t\t\t\t\t\t\t\t\t\t\t\t\t\t<h6>Loma koiran kanssa tuntureilla<\/h6>\n\t\t\t\t\t\t\t\t\t\t\t\t\t\t\t\t\t\t\t<a href=\"https:\/\/bozita.com\/fi\/aktiovoi-koirasi\/loma-koiran-kanssa-tuntureilla\/\">Lue lis\u00e4\u00e4 &nbsp; ><\/a>\n\t\t\t\t\t\t\t\t<\/div>\n\t\t\t\t\t\t\t<\/div>\n\t\t\t\t\t\t<\/div>\n\n\t\t\t\t\t\t\t\t\t\t\t<div class=\"col-sm-6 col-md-6 col-lg-3\">\n\t\t\t\t\t\t\t\t\t\t\t\t\t\t<div class=\"card \">\n\t\t\t\t\t\t\t\t\t\t\t\t\t\t\t\t\t<img decoding=\"async\"  src=\"https:\/\/bozita.com\/fi\/wp-content\/uploads\/sites\/11\/2021\/08\/bozita-hund-reflexer-reflexvast.jpeg\" alt=\"\">\n\t\t\t\t\t\t\t\t\t\t\t\t\t\t\t\t\t<!-- <img decoding=\"async\" src=\"\n\t\t\t\t\t\t\t\t\t\t\t\t\t\t\t\t\t\t\t\t\" alt=\"\n\t\t\t\t\t\t\t\t\t\t\t\t\t\t\t\t\t\t\t\t\t\t\t\t\t\t\t\"> -->\n\t\t\t\t\t\t\t\t<div class=\"card-body\">\n\t\t\t\t\t\t\t\t\t\t\t\t\t\t\t\t\t\t\t<h6>Koiran heijastin &#8211; yksinkertainen henkivakuutus<\/h6>\n\t\t\t\t\t\t\t\t\t\t\t\t\t\t\t\t\t\t\t<a href=\"https:\/\/bozita.com\/fi\/aktiovoi-koirasi\/koiran-heijastin-yksinkertainen-henkivakuutus\/\">Lue lis\u00e4\u00e4 &nbsp; ><\/a>\n\t\t\t\t\t\t\t\t<\/div>\n\t\t\t\t\t\t\t<\/div>\n\t\t\t\t\t\t<\/div>\n\n\t\t\t\t\t\t\t\t\t\t\t\t<\/div>\n\t\t<\/div>\n\t<\/section>\n","protected":false},"excerpt":{"rendered":"","protected":false},"author":1,"featured_media":11179,"parent":6361,"menu_order":0,"comment_status":"closed","ping_status":"closed","template":"guternberg.php","meta":{"footnotes":""},"acf":[],"yoast_head":"<!-- This site is optimized with the Yoast SEO plugin v21.3 - https:\/\/yoast.com\/wordpress\/plugins\/seo\/ -->\n<title>Koirien tasapainoharjoittelu - Bozita Finland<\/title>\n<meta name=\"description\" content=\"Lue t\u00e4st\u00e4 koirien tasapainoharjoittelusta ja tutustu Astridiin, jolla diagnosoitiin patellan dislokaatio mutta on t\u00e4n\u00e4\u00e4n terve koira, joka rakastaa mets\u00e4ss\u00e4 juoksemista.\" \/>\n<meta name=\"robots\" content=\"index, follow, max-snippet:-1, max-image-preview:large, max-video-preview:-1\" \/>\n<link rel=\"canonical\" href=\"https:\/\/bozita.com\/fi\/aktiovoi-koirasi\/koirien-tasapainoharjoittelu\/\" \/>\n<meta property=\"og:locale\" content=\"fi_FI\" \/>\n<meta property=\"og:type\" content=\"article\" \/>\n<meta property=\"og:title\" content=\"Koirien tasapainoharjoittelu - Bozita Finland\" \/>\n<meta property=\"og:description\" content=\"Lue t\u00e4st\u00e4 koirien tasapainoharjoittelusta ja tutustu Astridiin, jolla diagnosoitiin patellan dislokaatio mutta on t\u00e4n\u00e4\u00e4n terve koira, joka rakastaa mets\u00e4ss\u00e4 juoksemista.\" \/>\n<meta property=\"og:url\" content=\"https:\/\/bozita.com\/fi\/aktiovoi-koirasi\/koirien-tasapainoharjoittelu\/\" \/>\n<meta property=\"og:site_name\" content=\"Bozita Finland\" \/>\n<meta property=\"article:modified_time\" content=\"2025-03-05T10:13:43+00:00\" \/>\n<meta property=\"og:image\" content=\"https:\/\/bozita.com\/fi\/wp-content\/uploads\/sites\/11\/2025\/03\/bozita_swedish-natural-quality-compass.jpg\" \/>\n\t<meta property=\"og:image:width\" content=\"800\" \/>\n\t<meta property=\"og:image:height\" content=\"533\" \/>\n\t<meta property=\"og:image:type\" content=\"image\/jpeg\" \/>\n<meta name=\"twitter:card\" content=\"summary_large_image\" \/>\n<!-- \/ Yoast SEO plugin. -->","yoast_head_json":{"title":"Koirien tasapainoharjoittelu - Bozita Finland","description":"Lue t\u00e4st\u00e4 koirien tasapainoharjoittelusta ja tutustu Astridiin, jolla diagnosoitiin patellan dislokaatio mutta on t\u00e4n\u00e4\u00e4n terve koira, joka rakastaa mets\u00e4ss\u00e4 juoksemista.","robots":{"index":"index","follow":"follow","max-snippet":"max-snippet:-1","max-image-preview":"max-image-preview:large","max-video-preview":"max-video-preview:-1"},"canonical":"https:\/\/bozita.com\/fi\/aktiovoi-koirasi\/koirien-tasapainoharjoittelu\/","og_locale":"fi_FI","og_type":"article","og_title":"Koirien tasapainoharjoittelu - Bozita Finland","og_description":"Lue t\u00e4st\u00e4 koirien tasapainoharjoittelusta ja tutustu Astridiin, jolla diagnosoitiin patellan dislokaatio mutta on t\u00e4n\u00e4\u00e4n terve koira, joka rakastaa mets\u00e4ss\u00e4 juoksemista.","og_url":"https:\/\/bozita.com\/fi\/aktiovoi-koirasi\/koirien-tasapainoharjoittelu\/","og_site_name":"Bozita Finland","article_modified_time":"2025-03-05T10:13:43+00:00","og_image":[{"width":800,"height":533,"url":"https:\/\/bozita.com\/fi\/wp-content\/uploads\/sites\/11\/2025\/03\/bozita_swedish-natural-quality-compass.jpg","type":"image\/jpeg"}],"twitter_card":"summary_large_image","schema":{"@context":"https:\/\/schema.org","@graph":[{"@type":"WebPage","@id":"https:\/\/bozita.com\/fi\/aktiovoi-koirasi\/koirien-tasapainoharjoittelu\/","url":"https:\/\/bozita.com\/fi\/aktiovoi-koirasi\/koirien-tasapainoharjoittelu\/","name":"Koirien tasapainoharjoittelu - Bozita Finland","isPartOf":{"@id":"https:\/\/bozita.com\/fi\/#website"},"datePublished":"2022-08-31T07:00:46+00:00","dateModified":"2025-03-05T10:13:43+00:00","description":"Lue t\u00e4st\u00e4 koirien tasapainoharjoittelusta ja tutustu Astridiin, jolla diagnosoitiin patellan dislokaatio mutta on t\u00e4n\u00e4\u00e4n terve koira, joka rakastaa mets\u00e4ss\u00e4 juoksemista.","breadcrumb":{"@id":"https:\/\/bozita.com\/fi\/aktiovoi-koirasi\/koirien-tasapainoharjoittelu\/#breadcrumb"},"inLanguage":"fi","potentialAction":[{"@type":"ReadAction","target":["https:\/\/bozita.com\/fi\/aktiovoi-koirasi\/koirien-tasapainoharjoittelu\/"]}]},{"@type":"BreadcrumbList","@id":"https:\/\/bozita.com\/fi\/aktiovoi-koirasi\/koirien-tasapainoharjoittelu\/#breadcrumb","itemListElement":[{"@type":"ListItem","position":1,"name":"Koti","item":"https:\/\/bozita.com\/fi\/"},{"@type":"ListItem","position":2,"name":"Aktivoi koiraasi","item":"https:\/\/bozita.com\/fi\/aktiovoi-koirasi\/"},{"@type":"ListItem","position":3,"name":"Koirien tasapainoharjoittelu"}]},{"@type":"WebSite","@id":"https:\/\/bozita.com\/fi\/#website","url":"https:\/\/bozita.com\/fi\/","name":"Bozita Finland","description":"","potentialAction":[{"@type":"SearchAction","target":{"@type":"EntryPoint","urlTemplate":"https:\/\/bozita.com\/fi\/?s={search_term_string}"},"query-input":"required name=search_term_string"}],"inLanguage":"fi"}]}},"_links":{"self":[{"href":"https:\/\/bozita.com\/fi\/wp-json\/wp\/v2\/pages\/6411"}],"collection":[{"href":"https:\/\/bozita.com\/fi\/wp-json\/wp\/v2\/pages"}],"about":[{"href":"https:\/\/bozita.com\/fi\/wp-json\/wp\/v2\/types\/page"}],"author":[{"embeddable":true,"href":"https:\/\/bozita.com\/fi\/wp-json\/wp\/v2\/users\/1"}],"replies":[{"embeddable":true,"href":"https:\/\/bozita.com\/fi\/wp-json\/wp\/v2\/comments?post=6411"}],"version-history":[{"count":8,"href":"https:\/\/bozita.com\/fi\/wp-json\/wp\/v2\/pages\/6411\/revisions"}],"predecessor-version":[{"id":11248,"href":"https:\/\/bozita.com\/fi\/wp-json\/wp\/v2\/pages\/6411\/revisions\/11248"}],"up":[{"embeddable":true,"href":"https:\/\/bozita.com\/fi\/wp-json\/wp\/v2\/pages\/6361"}],"wp:featuredmedia":[{"embeddable":true,"href":"https:\/\/bozita.com\/fi\/wp-json\/wp\/v2\/media\/11179"}],"wp:attachment":[{"href":"https:\/\/bozita.com\/fi\/wp-json\/wp\/v2\/media?parent=6411"}],"curies":[{"name":"wp","href":"https:\/\/api.w.org\/{rel}","templated":true}]}}