{"id":6425,"date":"2022-08-31T07:02:23","date_gmt":"2022-08-31T07:02:23","guid":{"rendered":"https:\/\/bozita.com\/fi\/bozita-breeders-club\/"},"modified":"2026-02-02T06:28:01","modified_gmt":"2026-02-02T06:28:01","slug":"bozita-breeders-club","status":"publish","type":"page","link":"https:\/\/bozita.com\/fi\/bozita-breeders-club\/","title":{"rendered":"Bozita Breeders Club"},"content":{"rendered":"\t\t<section class=\"block full-width-promo \">\n\t\t<div class=\"overlay-v2\">\n\t\t\t\t\t\t\t\t<img decoding=\"async\" class=\"background-image-v2\" src=\"https:\/\/bozita.com\/fi\/wp-content\/uploads\/sites\/11\/2025\/04\/bozita-breeders-club.png\" alt=\"\">\n\t\t\t\t\t\t\t\t<div class=\"container\">\n\t\t\t\t<div class=\"row\">\n\t\t\t\t\t<div class=\"col-md-6 col-lg-5\">\n\t\t\t\t\t\t\t\t\t\t\t\t\t\t\t\t\t<\/div>\n\t\t\t\t<\/div>\n\t\t\t<\/div>\n\t\t<\/div>\n\t<\/section>\n\n\n\t\t<section class=\"small-hero\">\n\t\t\t<div class=\"container\">\n\t\t\t\t<h1 class=\"small-hero-title\">Bozita Breeders Club<\/h1><p><p>T\u00e4ll\u00e4 hetkell\u00e4 Suomessa ei ole kasvattajakerhoa.<\/p>\n<p>Bozita ruokia on saatavissa suomalaisista kivijalkaliikkeist\u00e4 ja useista kotimaisista ja kansainv\u00e4lisist\u00e4 verkkokaupoista.<\/p>\n<p>Mik\u00e4li sinulla on kysytt\u00e4v\u00e4\u00e4 tuotemerkist\u00e4mme, ota yhteytt\u00e4 Ruotsin asiakaspalveluun, info@bozita.com puh. +46 771 646400.<\/p>\n<\/p>\t\t\t<\/div>\n\t\t\t<\/div>\n\t\t<\/section>\n\t","protected":false},"excerpt":{"rendered":"","protected":false},"author":4,"featured_media":6426,"parent":0,"menu_order":0,"comment_status":"closed","ping_status":"closed","template":"guternberg.php","meta":{"footnotes":""},"acf":[],"yoast_head":"<!-- This site is optimized with the Yoast SEO plugin v21.3 - https:\/\/yoast.com\/wordpress\/plugins\/seo\/ -->\n<title>Bozita Breeders Club - Bozita Finland<\/title>\n<meta name=\"robots\" content=\"index, follow, max-snippet:-1, max-image-preview:large, max-video-preview:-1\" \/>\n<link rel=\"canonical\" href=\"https:\/\/bozita.com\/fi\/bozita-breeders-club\/\" \/>\n<meta property=\"og:locale\" content=\"fi_FI\" \/>\n<meta property=\"og:type\" content=\"article\" \/>\n<meta property=\"og:title\" content=\"Bozita Breeders Club - Bozita Finland\" \/>\n<meta property=\"og:url\" content=\"https:\/\/bozita.com\/fi\/bozita-breeders-club\/\" \/>\n<meta property=\"og:site_name\" content=\"Bozita Finland\" \/>\n<meta property=\"article:modified_time\" content=\"2026-02-02T06:28:01+00:00\" \/>\n<meta property=\"og:image\" content=\"https:\/\/bozita.com\/fi\/wp-content\/uploads\/sites\/11\/2021\/05\/Breeders-Club-Header-Image@2x-scaled.jpg\" \/>\n\t<meta property=\"og:image:width\" content=\"2560\" \/>\n\t<meta property=\"og:image:height\" content=\"1056\" \/>\n\t<meta property=\"og:image:type\" content=\"image\/jpeg\" \/>\n<meta name=\"twitter:card\" content=\"summary_large_image\" \/>\n<!-- \/ Yoast SEO plugin. -->","yoast_head_json":{"title":"Bozita Breeders Club - Bozita Finland","robots":{"index":"index","follow":"follow","max-snippet":"max-snippet:-1","max-image-preview":"max-image-preview:large","max-video-preview":"max-video-preview:-1"},"canonical":"https:\/\/bozita.com\/fi\/bozita-breeders-club\/","og_locale":"fi_FI","og_type":"article","og_title":"Bozita Breeders Club - Bozita Finland","og_url":"https:\/\/bozita.com\/fi\/bozita-breeders-club\/","og_site_name":"Bozita Finland","article_modified_time":"2026-02-02T06:28:01+00:00","og_image":[{"width":2560,"height":1056,"url":"https:\/\/bozita.com\/fi\/wp-content\/uploads\/sites\/11\/2021\/05\/Breeders-Club-Header-Image@2x-scaled.jpg","type":"image\/jpeg"}],"twitter_card":"summary_large_image","schema":{"@context":"https:\/\/schema.org","@graph":[{"@type":"WebPage","@id":"https:\/\/bozita.com\/fi\/bozita-breeders-club\/","url":"https:\/\/bozita.com\/fi\/bozita-breeders-club\/","name":"Bozita Breeders Club - Bozita Finland","isPartOf":{"@id":"https:\/\/bozita.com\/fi\/#website"},"datePublished":"2022-08-31T07:02:23+00:00","dateModified":"2026-02-02T06:28:01+00:00","breadcrumb":{"@id":"https:\/\/bozita.com\/fi\/bozita-breeders-club\/#breadcrumb"},"inLanguage":"fi","potentialAction":[{"@type":"ReadAction","target":["https:\/\/bozita.com\/fi\/bozita-breeders-club\/"]}]},{"@type":"BreadcrumbList","@id":"https:\/\/bozita.com\/fi\/bozita-breeders-club\/#breadcrumb","itemListElement":[{"@type":"ListItem","position":1,"name":"Koti","item":"https:\/\/bozita.com\/fi\/"},{"@type":"ListItem","position":2,"name":"Bozita Breeders Club"}]},{"@type":"WebSite","@id":"https:\/\/bozita.com\/fi\/#website","url":"https:\/\/bozita.com\/fi\/","name":"Bozita Finland","description":"","potentialAction":[{"@type":"SearchAction","target":{"@type":"EntryPoint","urlTemplate":"https:\/\/bozita.com\/fi\/?s={search_term_string}"},"query-input":"required name=search_term_string"}],"inLanguage":"fi"}]}},"_links":{"self":[{"href":"https:\/\/bozita.com\/fi\/wp-json\/wp\/v2\/pages\/6425"}],"collection":[{"href":"https:\/\/bozita.com\/fi\/wp-json\/wp\/v2\/pages"}],"about":[{"href":"https:\/\/bozita.com\/fi\/wp-json\/wp\/v2\/types\/page"}],"author":[{"embeddable":true,"href":"https:\/\/bozita.com\/fi\/wp-json\/wp\/v2\/users\/4"}],"replies":[{"embeddable":true,"href":"https:\/\/bozita.com\/fi\/wp-json\/wp\/v2\/comments?post=6425"}],"version-history":[{"count":87,"href":"https:\/\/bozita.com\/fi\/wp-json\/wp\/v2\/pages\/6425\/revisions"}],"predecessor-version":[{"id":12002,"href":"https:\/\/bozita.com\/fi\/wp-json\/wp\/v2\/pages\/6425\/revisions\/12002"}],"wp:featuredmedia":[{"embeddable":true,"href":"https:\/\/bozita.com\/fi\/wp-json\/wp\/v2\/media\/6426"}],"wp:attachment":[{"href":"https:\/\/bozita.com\/fi\/wp-json\/wp\/v2\/media?parent=6425"}],"curies":[{"name":"wp","href":"https:\/\/api.w.org\/{rel}","templated":true}]}}