{"id":6447,"date":"2022-08-31T07:03:22","date_gmt":"2022-08-31T07:03:22","guid":{"rendered":"https:\/\/bozita.com\/fi\/evastekaytanto\/"},"modified":"2023-02-27T14:16:06","modified_gmt":"2023-02-27T14:16:06","slug":"cookiepolicy","status":"publish","type":"page","link":"https:\/\/bozita.com\/fi\/cookiepolicy\/","title":{"rendered":"Ev\u00e4stek\u00e4yt\u00e4nt\u00f6"},"content":{"rendered":"\t\t<section class=\"small-hero\">\n\t\t\t<div class=\"container\">\n\t\t\t\t<h5>Bozita<\/h5><h1 class=\"small-hero-title\">Ev\u00e4stek\u00e4yt\u00e4nt\u00f6<\/h1>\t\t\t<\/div>\n\t\t\t<\/div>\n\t\t<\/section>\n\t\n\n\t<div class=\"text-box-warp\">\n\t\t<div class=\"container\">\n\t\t\t<div class=\"text-content\">\n\t\t\t\t<h2>EV\u00c4STEET<\/h2>\n<p>25 Hein\u00e4kuuta 2003 voimaan tulleen elektronisen kommunikaation s\u00e4\u00e4d\u00f6ksen mukaan, jokaisen verkkosivuston vierailijan tulee saada tietoa ev\u00e4steist\u00e4, mit\u00e4 ne ovat, miten niit\u00e4 k\u00e4ytet\u00e4\u00e4n sek\u00e4 miten ne voi v\u00e4ltt\u00e4\u00e4.<\/p>\n<h2>K\u00c4YTT\u00c4\u00c4K\u00d6 bozita.com\/fi EV\u00c4STEIT\u00c4?<\/h2>\n<p>K\u00e4yt\u00e4mme pysyvi\u00e4 ev\u00e4steit\u00e4 sivuston k\u00e4yt\u00f6n tilastoimiseen<\/p>\n<h2>MIHIN EV\u00c4STEIT\u00c4 K\u00c4YTET\u00c4\u00c4N?<\/h2>\n<p>Ev\u00e4ste on pieni tietoa sis\u00e4lt\u00e4v\u00e4 tekstitiedosto, joka tallennetaan tietokoneellesi. Ev\u00e4steit\u00e4 k\u00e4ytet\u00e4\u00e4n vain teknisist\u00e4 syist\u00e4 verkkosivuston toiminnan takia esimerkiksi sis\u00e4\u00e4nkirjautumisissa, sivuston navigoimisessa ja lomakkeiden prosessoinnissa. Ev\u00e4steit\u00e4 on kahdenlaisia: pysyv\u00e4mpi\u00e4, jotka tallennetaan tietokoneellesi ja v\u00e4liaikaisia, jotka tallentuvat sivustolla vierailusi ajaksi.<\/p>\n<h2>TIETOA Ev\u00e4steist\u00e4mme<\/h2>\n<p>K\u00e4yt\u00e4mme seuraavia ev\u00e4steit\u00e4 seuraaviin tarkoituksiin:<br \/>\n<script id=\"CookieDeclaration\" src=\"https:\/\/consent.cookiebot.com\/78b85fce-4155-426b-b5ba-ca8fd119b8e1\/cd.js\" type=\"text\/javascript\" async><\/script><\/p>\n<h2>KUINKA V\u00c4LT\u00c4T EV\u00c4STEET?<\/h2>\n<p>Jos et halua sallia ev\u00e4steiden tallentamista tietokoneellesi voit v\u00e4ltt\u00e4\u00e4 t\u00e4m\u00e4n selaimesi asetuksista (katso ohjeet selaimestasi, tapa est\u00e4\u00e4 ev\u00e4steen vaihtelee selaimesta toiseen). T\u00e4m\u00e4 kuitenkin rajoittaa verkkosivuston toimintoja.<\/p>\n<h2>GDPR<\/h2>\n<p>Prosessoimme l\u00e4hett\u00e4m\u00e4\u00e4si dataa GDPR:n mukaisesti. Voit lukea lis\u00e4\u00e4 GDPR ty\u00f6st\u00e4mme Tietosuojalausekkeestamme. L\u00e4hett\u00e4mi\u00e4si tietoja k\u00e4ytet\u00e4\u00e4n vain sis\u00e4isesti Doggylla.<\/p>\n\t\t\t<\/div>\n\t\t<\/div>\n\t<\/div>\n","protected":false},"excerpt":{"rendered":"","protected":false},"author":4,"featured_media":6448,"parent":0,"menu_order":0,"comment_status":"closed","ping_status":"closed","template":"guternberg.php","meta":{"footnotes":""},"acf":[],"yoast_head":"<!-- This site is optimized with the Yoast SEO plugin v21.3 - https:\/\/yoast.com\/wordpress\/plugins\/seo\/ -->\n<title>Ev\u00e4stek\u00e4yt\u00e4nt\u00f6 - Bozita Finland<\/title>\n<meta name=\"description\" content=\"Lue lis\u00e4\u00e4 ev\u00e4steist\u00e4 bozita.com\/fi -sivustolla. Mit\u00e4 ev\u00e4steet ovat, mihin niit\u00e4 k\u00e4ytet\u00e4\u00e4n ja miten voit v\u00e4ltt\u00e4\u00e4 ev\u00e4steet halutessasi.\" \/>\n<meta name=\"robots\" content=\"index, follow, max-snippet:-1, max-image-preview:large, max-video-preview:-1\" \/>\n<link rel=\"canonical\" href=\"https:\/\/bozita.com\/fi\/cookiepolicy\/\" \/>\n<meta property=\"og:locale\" content=\"fi_FI\" \/>\n<meta property=\"og:type\" content=\"article\" \/>\n<meta property=\"og:title\" content=\"Ev\u00e4stek\u00e4yt\u00e4nt\u00f6 - Bozita Finland\" \/>\n<meta property=\"og:description\" content=\"Lue lis\u00e4\u00e4 ev\u00e4steist\u00e4 bozita.com\/fi -sivustolla. Mit\u00e4 ev\u00e4steet ovat, mihin niit\u00e4 k\u00e4ytet\u00e4\u00e4n ja miten voit v\u00e4ltt\u00e4\u00e4 ev\u00e4steet halutessasi.\" \/>\n<meta property=\"og:url\" content=\"https:\/\/bozita.com\/fi\/cookiepolicy\/\" \/>\n<meta property=\"og:site_name\" content=\"Bozita Finland\" \/>\n<meta property=\"article:modified_time\" content=\"2023-02-27T14:16:06+00:00\" \/>\n<meta property=\"og:image\" content=\"https:\/\/bozita.com\/fi\/wp-content\/uploads\/sites\/11\/2021\/08\/bozita-introducera-katt-till-nytt-hem.jpg\" \/>\n\t<meta property=\"og:image:width\" content=\"800\" \/>\n\t<meta property=\"og:image:height\" content=\"533\" \/>\n\t<meta property=\"og:image:type\" content=\"image\/jpeg\" \/>\n<meta name=\"twitter:card\" content=\"summary_large_image\" \/>\n<!-- \/ Yoast SEO plugin. -->","yoast_head_json":{"title":"Ev\u00e4stek\u00e4yt\u00e4nt\u00f6 - Bozita Finland","description":"Lue lis\u00e4\u00e4 ev\u00e4steist\u00e4 bozita.com\/fi -sivustolla. Mit\u00e4 ev\u00e4steet ovat, mihin niit\u00e4 k\u00e4ytet\u00e4\u00e4n ja miten voit v\u00e4ltt\u00e4\u00e4 ev\u00e4steet halutessasi.","robots":{"index":"index","follow":"follow","max-snippet":"max-snippet:-1","max-image-preview":"max-image-preview:large","max-video-preview":"max-video-preview:-1"},"canonical":"https:\/\/bozita.com\/fi\/cookiepolicy\/","og_locale":"fi_FI","og_type":"article","og_title":"Ev\u00e4stek\u00e4yt\u00e4nt\u00f6 - Bozita Finland","og_description":"Lue lis\u00e4\u00e4 ev\u00e4steist\u00e4 bozita.com\/fi -sivustolla. Mit\u00e4 ev\u00e4steet ovat, mihin niit\u00e4 k\u00e4ytet\u00e4\u00e4n ja miten voit v\u00e4ltt\u00e4\u00e4 ev\u00e4steet halutessasi.","og_url":"https:\/\/bozita.com\/fi\/cookiepolicy\/","og_site_name":"Bozita Finland","article_modified_time":"2023-02-27T14:16:06+00:00","og_image":[{"width":800,"height":533,"url":"https:\/\/bozita.com\/fi\/wp-content\/uploads\/sites\/11\/2021\/08\/bozita-introducera-katt-till-nytt-hem.jpg","type":"image\/jpeg"}],"twitter_card":"summary_large_image","schema":{"@context":"https:\/\/schema.org","@graph":[{"@type":"WebPage","@id":"https:\/\/bozita.com\/fi\/cookiepolicy\/","url":"https:\/\/bozita.com\/fi\/cookiepolicy\/","name":"Ev\u00e4stek\u00e4yt\u00e4nt\u00f6 - Bozita Finland","isPartOf":{"@id":"https:\/\/bozita.com\/fi\/#website"},"datePublished":"2022-08-31T07:03:22+00:00","dateModified":"2023-02-27T14:16:06+00:00","description":"Lue lis\u00e4\u00e4 ev\u00e4steist\u00e4 bozita.com\/fi -sivustolla. Mit\u00e4 ev\u00e4steet ovat, mihin niit\u00e4 k\u00e4ytet\u00e4\u00e4n ja miten voit v\u00e4ltt\u00e4\u00e4 ev\u00e4steet halutessasi.","breadcrumb":{"@id":"https:\/\/bozita.com\/fi\/cookiepolicy\/#breadcrumb"},"inLanguage":"fi","potentialAction":[{"@type":"ReadAction","target":["https:\/\/bozita.com\/fi\/cookiepolicy\/"]}]},{"@type":"BreadcrumbList","@id":"https:\/\/bozita.com\/fi\/cookiepolicy\/#breadcrumb","itemListElement":[{"@type":"ListItem","position":1,"name":"Koti","item":"https:\/\/bozita.com\/fi\/"},{"@type":"ListItem","position":2,"name":"Ev\u00e4stek\u00e4yt\u00e4nt\u00f6"}]},{"@type":"WebSite","@id":"https:\/\/bozita.com\/fi\/#website","url":"https:\/\/bozita.com\/fi\/","name":"Bozita Finland","description":"","potentialAction":[{"@type":"SearchAction","target":{"@type":"EntryPoint","urlTemplate":"https:\/\/bozita.com\/fi\/?s={search_term_string}"},"query-input":"required name=search_term_string"}],"inLanguage":"fi"}]}},"_links":{"self":[{"href":"https:\/\/bozita.com\/fi\/wp-json\/wp\/v2\/pages\/6447"}],"collection":[{"href":"https:\/\/bozita.com\/fi\/wp-json\/wp\/v2\/pages"}],"about":[{"href":"https:\/\/bozita.com\/fi\/wp-json\/wp\/v2\/types\/page"}],"author":[{"embeddable":true,"href":"https:\/\/bozita.com\/fi\/wp-json\/wp\/v2\/users\/4"}],"replies":[{"embeddable":true,"href":"https:\/\/bozita.com\/fi\/wp-json\/wp\/v2\/comments?post=6447"}],"version-history":[{"count":3,"href":"https:\/\/bozita.com\/fi\/wp-json\/wp\/v2\/pages\/6447\/revisions"}],"predecessor-version":[{"id":7973,"href":"https:\/\/bozita.com\/fi\/wp-json\/wp\/v2\/pages\/6447\/revisions\/7973"}],"wp:featuredmedia":[{"embeddable":true,"href":"https:\/\/bozita.com\/fi\/wp-json\/wp\/v2\/media\/6448"}],"wp:attachment":[{"href":"https:\/\/bozita.com\/fi\/wp-json\/wp\/v2\/media?parent=6447"}],"curies":[{"name":"wp","href":"https:\/\/api.w.org\/{rel}","templated":true}]}}