{"id":6452,"date":"2022-08-31T07:04:56","date_gmt":"2022-08-31T07:04:56","guid":{"rendered":"https:\/\/bozita.com\/fi\/oksenteleeko-kissasi-karvapalloja\/"},"modified":"2025-03-05T09:26:31","modified_gmt":"2025-03-05T09:26:31","slug":"oksenteleeko-kissasi-karvapalloja","status":"publish","type":"page","link":"https:\/\/bozita.com\/fi\/pida-kissasi-terveena\/oksenteleeko-kissasi-karvapalloja\/","title":{"rendered":"Oksenteleeko kissasi karvapalloja?"},"content":{"rendered":"\t\t<section class=\"small-hero\">\n\t\t\t<div class=\"container\">\n\t\t\t\t<h1 class=\"small-hero-title\">Oksenteleeko kissasi karvapalloja?<\/h1>\t\t\t<\/div>\n\t\t\t<\/div>\n\t\t<\/section>\n\t\n\n\t<div class=\"text-box-warp\">\n\t\t<div class=\"container\">\n\t\t\t<div class=\"text-content\">\n\t\t\t\t<p><strong>Kun kissa puhdistaa itse\u00e4\u00e4n, irtokarvoja kulkeutuu sen vatsaan, jossa ne muodostavat karvapalloja. Kissa yritt\u00e4\u00e4 oksentaa karvat ulos mahdollisimman nopeasti, mutta jos t\u00e4m\u00e4 ei onnistu karva kulkeutuu kissan kehon l\u00e4pi. Korkeakuituisella ruokavaliolla voit ennaltaehk\u00e4ist\u00e4 monia karvapallojen aiheuttamia ongelmia.<\/strong><\/p>\n<h2>KARVAPALLOT VOIVAT AIHEUTTAA ONGELMIA RUOANSULATUKSESSA<\/h2>\n<p>Kissat pit\u00e4v\u00e4t puhtaudesta ja k\u00e4ytt\u00e4v\u00e4t p\u00e4ivitt\u00e4in tunteja itsens\u00e4 puhdistamiseen. Siisteyden hinta voi kuitenkin olla, ett\u00e4 turkista irtoaa karvoja, jotka vatsaan p\u00e4\u00e4dytty\u00e4\u00e4n muodostavat karvapalloja. Koska karvapallot eiv\u00e4t hajoa ruoansulatuskanavassa ne voivat aiheuttaa ongelmia, kuten huonoa ruokahalua, ripulia, oksentelua ja ummetusta kulkeutuessaan kissan kehon l\u00e4pi.<\/p>\n<h2>KORKEAKUITUINEN RUOKA AUTTAA<\/h2>\n<p>Prosessin helpottamiseksi kissan ravintoon lis\u00e4t\u00e4\u00e4n usein pieni m\u00e4\u00e4r\u00e4 kuitua. Kuitu helpottaa karvapallojen kulkeutumista kehon l\u00e4pi, v\u00e4hent\u00e4\u00e4 karvapalloihin liittyvi\u00e4 ongelmia ja hidastaa karvanl\u00e4ht\u00f6\u00e4. Hyvin toimiva vatsa on t\u00e4rke\u00e4, joten varmista, ett\u00e4 kissasi on aktiivinen ja ett\u00e4 se juo tarpeeksi nesteit\u00e4. Muista sijoittaa kissan juomakulho pienen et\u00e4isyyden p\u00e4\u00e4h\u00e4n ruokakupista. T\u00e4ll\u00f6in kissa juo todenn\u00e4k\u00f6isesti paremmin.<\/p>\n<ul>\n<li><a href=\"https:\/\/bozita.com\/fi\/kissanruoka\/\">Bozitan kissanruoka sis\u00e4lt\u00e4\u00e4 kaiken kissasi hyvinvointiin tarvittavan<\/a><\/li>\n<li><a href=\"https:\/\/bozita.com\/fi\/mita-teen-kun-kissani-ei-syo-tai-juo\/\">Mit\u00e4 voit tehd\u00e4 jos kissa ei sy\u00f6 tai juo &#8211; neuvoja ja vinkkej\u00e4<\/a><\/li>\n<\/ul>\n<h2>AUTA KISSAASI TURKINHOIDOSSA<\/h2>\n<p>Voit pienent\u00e4\u00e4 karvapallojen riski\u00e4 auttamalla kissaasi turkinhoidossa. Harjaamalla kissan turkin usein v\u00e4henn\u00e4t irtokarvan m\u00e4\u00e4r\u00c4\u00e4, joka saattaa kulkeutua kissan vatsaan sen puhdistaessa itse\u00e4\u00e4n.<\/p>\n<ul>\n<li><a href=\"https:\/\/bozita.com\/fi\/pida-kissasi-terveena\/\">Lis\u00e4\u00e4 vinkkej\u00e4 kissastasi huolehtimiseen<\/a><\/li>\n<\/ul>\n\t\t\t<\/div>\n\t\t<\/div>\n\t<\/div>\n\n\n\n\t<section class=\"block related-articles\">\n\t\t<div class=\"container\">\n\t\t\t<h2>Aiheeseen liittyvi\u00e4 artikkeleita<\/h2>\n\t\t\t<div class=\"row justify-content-center\">\n\t\t\t\t\t\t\t\t\t\t<div class=\"col-sm-6 col-md-6 col-lg-3\">\n\t\t\t\t\t\t\t\t\t\t\t\t\t\t<div class=\"card \">\n\t\t\t\t\t\t\t\t\t\t\t\t\t\t\t\t\t<img decoding=\"async\"  src=\"https:\/\/bozita.com\/fi\/wp-content\/uploads\/sites\/11\/2021\/08\/bozita-vaccinera-katt.jpg\" alt=\"\">\n\t\t\t\t\t\t\t\t\t\t\t\t\t\t\t\t\t<!-- <img decoding=\"async\" src=\"\n\t\t\t\t\t\t\t\t\t\t\t\t\t\t\t\t\t\t\t\t\" alt=\"\n\t\t\t\t\t\t\t\t\t\t\t\t\t\t\t\t\t\t\t\t\t\t\t\t\t\t\t\"> -->\n\t\t\t\t\t\t\t\t<div class=\"card-body\">\n\t\t\t\t\t\t\t\t\t\t\t\t\t\t\t\t\t\t\t<h6>Kissasi rokottaminen<\/h6>\n\t\t\t\t\t\t\t\t\t\t\t\t\t\t\t\t\t\t\t<a href=\"https:\/\/bozita.com\/fi\/pida-kissasi-terveena\/kissasi-rokottaminen\/\">Lue lis\u00e4\u00e4 &nbsp; ><\/a>\n\t\t\t\t\t\t\t\t<\/div>\n\t\t\t\t\t\t\t<\/div>\n\t\t\t\t\t\t<\/div>\n\n\t\t\t\t\t\t\t\t\t\t\t<div class=\"col-sm-6 col-md-6 col-lg-3\">\n\t\t\t\t\t\t\t\t\t\t\t\t\t\t<div class=\"card \">\n\t\t\t\t\t\t\t\t\t\t\t\t\t\t\t\t\t<img decoding=\"async\"  src=\"https:\/\/bozita.com\/fi\/wp-content\/uploads\/sites\/11\/2021\/08\/bozita-katter-ar-kottatare.jpg\" alt=\"\">\n\t\t\t\t\t\t\t\t\t\t\t\t\t\t\t\t\t<!-- <img decoding=\"async\" src=\"\n\t\t\t\t\t\t\t\t\t\t\t\t\t\t\t\t\t\t\t\t\" alt=\"\n\t\t\t\t\t\t\t\t\t\t\t\t\t\t\t\t\t\t\t\t\t\t\t\t\t\t\t\"> -->\n\t\t\t\t\t\t\t\t<div class=\"card-body\">\n\t\t\t\t\t\t\t\t\t\t\t\t\t\t\t\t\t\t\t<h6>Mit\u00e4 kissat sy\u00f6v\u00e4t?<\/h6>\n\t\t\t\t\t\t\t\t\t\t\t\t\t\t\t\t\t\t\t<a href=\"https:\/\/bozita.com\/fi\/ravinto-ja-ruokavalio\/mita-kissat-syovat\/\">Lue lis\u00e4\u00e4 &nbsp; ><\/a>\n\t\t\t\t\t\t\t\t<\/div>\n\t\t\t\t\t\t\t<\/div>\n\t\t\t\t\t\t<\/div>\n\n\t\t\t\t\t\t\t\t\t\t\t<div class=\"col-sm-6 col-md-6 col-lg-3\">\n\t\t\t\t\t\t\t\t\t\t\t\t\t\t<div class=\"card \">\n\t\t\t\t\t\t\t\t\t\t\t\t\t\t\t\t\t<img decoding=\"async\"  src=\"https:\/\/bozita.com\/fi\/wp-content\/uploads\/sites\/11\/2021\/08\/bozita-katt-ratt-hull-guide.jpeg\" alt=\"\">\n\t\t\t\t\t\t\t\t\t\t\t\t\t\t\t\t\t<!-- <img decoding=\"async\" src=\"\n\t\t\t\t\t\t\t\t\t\t\t\t\t\t\t\t\t\t\t\t\" alt=\"\n\t\t\t\t\t\t\t\t\t\t\t\t\t\t\t\t\t\t\t\t\t\t\t\t\t\t\t\"> -->\n\t\t\t\t\t\t\t\t<div class=\"card-body\">\n\t\t\t\t\t\t\t\t\t\t\t\t\t\t\t\t\t\t\t<h6>Kuinka paljon kissan tulisi painaa?<\/h6>\n\t\t\t\t\t\t\t\t\t\t\t\t\t\t\t\t\t\t\t<a href=\"https:\/\/bozita.com\/fi\/pida-kissasi-terveena\/kuinka-paljon-kissan-tulisi-painaa\/\">Lue lis\u00e4\u00e4 &nbsp; ><\/a>\n\t\t\t\t\t\t\t\t<\/div>\n\t\t\t\t\t\t\t<\/div>\n\t\t\t\t\t\t<\/div>\n\n\t\t\t\t\t\t\t\t\t\t\t\t<\/div>\n\t\t<\/div>\n\t<\/section>\n","protected":false},"excerpt":{"rendered":"","protected":false},"author":1,"featured_media":6453,"parent":6537,"menu_order":0,"comment_status":"closed","ping_status":"closed","template":"guternberg.php","meta":{"footnotes":""},"acf":[],"yoast_head":"<!-- This site is optimized with the Yoast SEO plugin v21.3 - https:\/\/yoast.com\/wordpress\/plugins\/seo\/ -->\n<title>Oksenteleeko kissasi karvapalloja? - Bozita Finland<\/title>\n<meta name=\"description\" content=\"Karvapallot voivat aiheuttaa ongelmia kissan ruoansulatuksessa. Korkeakuituinen ravinto ja hyv\u00e4 turkinhoito ennaltaehk\u00e4isev\u00e4t ongelmia.\" \/>\n<meta name=\"robots\" content=\"index, follow, max-snippet:-1, max-image-preview:large, max-video-preview:-1\" \/>\n<link rel=\"canonical\" href=\"https:\/\/bozita.com\/fi\/pida-kissasi-terveena\/oksenteleeko-kissasi-karvapalloja\/\" \/>\n<meta property=\"og:locale\" content=\"fi_FI\" \/>\n<meta property=\"og:type\" content=\"article\" \/>\n<meta property=\"og:title\" content=\"Oksenteleeko kissasi karvapalloja? - Bozita Finland\" \/>\n<meta property=\"og:description\" content=\"Karvapallot voivat aiheuttaa ongelmia kissan ruoansulatuksessa. Korkeakuituinen ravinto ja hyv\u00e4 turkinhoito ennaltaehk\u00e4isev\u00e4t ongelmia.\" \/>\n<meta property=\"og:url\" content=\"https:\/\/bozita.com\/fi\/pida-kissasi-terveena\/oksenteleeko-kissasi-karvapalloja\/\" \/>\n<meta property=\"og:site_name\" content=\"Bozita Finland\" \/>\n<meta property=\"article:modified_time\" content=\"2025-03-05T09:26:31+00:00\" \/>\n<meta property=\"og:image\" content=\"https:\/\/bozita.com\/fi\/wp-content\/uploads\/sites\/11\/2021\/08\/bozita-palsvard-fibrer-motverkar-harbollar.jpg\" \/>\n\t<meta property=\"og:image:width\" content=\"800\" \/>\n\t<meta property=\"og:image:height\" content=\"533\" \/>\n\t<meta property=\"og:image:type\" content=\"image\/jpeg\" \/>\n<meta name=\"twitter:card\" content=\"summary_large_image\" \/>\n<!-- \/ Yoast SEO plugin. -->","yoast_head_json":{"title":"Oksenteleeko kissasi karvapalloja? - Bozita Finland","description":"Karvapallot voivat aiheuttaa ongelmia kissan ruoansulatuksessa. Korkeakuituinen ravinto ja hyv\u00e4 turkinhoito ennaltaehk\u00e4isev\u00e4t ongelmia.","robots":{"index":"index","follow":"follow","max-snippet":"max-snippet:-1","max-image-preview":"max-image-preview:large","max-video-preview":"max-video-preview:-1"},"canonical":"https:\/\/bozita.com\/fi\/pida-kissasi-terveena\/oksenteleeko-kissasi-karvapalloja\/","og_locale":"fi_FI","og_type":"article","og_title":"Oksenteleeko kissasi karvapalloja? - Bozita Finland","og_description":"Karvapallot voivat aiheuttaa ongelmia kissan ruoansulatuksessa. Korkeakuituinen ravinto ja hyv\u00e4 turkinhoito ennaltaehk\u00e4isev\u00e4t ongelmia.","og_url":"https:\/\/bozita.com\/fi\/pida-kissasi-terveena\/oksenteleeko-kissasi-karvapalloja\/","og_site_name":"Bozita Finland","article_modified_time":"2025-03-05T09:26:31+00:00","og_image":[{"width":800,"height":533,"url":"https:\/\/bozita.com\/fi\/wp-content\/uploads\/sites\/11\/2021\/08\/bozita-palsvard-fibrer-motverkar-harbollar.jpg","type":"image\/jpeg"}],"twitter_card":"summary_large_image","schema":{"@context":"https:\/\/schema.org","@graph":[{"@type":"WebPage","@id":"https:\/\/bozita.com\/fi\/pida-kissasi-terveena\/oksenteleeko-kissasi-karvapalloja\/","url":"https:\/\/bozita.com\/fi\/pida-kissasi-terveena\/oksenteleeko-kissasi-karvapalloja\/","name":"Oksenteleeko kissasi karvapalloja? - Bozita Finland","isPartOf":{"@id":"https:\/\/bozita.com\/fi\/#website"},"datePublished":"2022-08-31T07:04:56+00:00","dateModified":"2025-03-05T09:26:31+00:00","description":"Karvapallot voivat aiheuttaa ongelmia kissan ruoansulatuksessa. Korkeakuituinen ravinto ja hyv\u00e4 turkinhoito ennaltaehk\u00e4isev\u00e4t ongelmia.","breadcrumb":{"@id":"https:\/\/bozita.com\/fi\/pida-kissasi-terveena\/oksenteleeko-kissasi-karvapalloja\/#breadcrumb"},"inLanguage":"fi","potentialAction":[{"@type":"ReadAction","target":["https:\/\/bozita.com\/fi\/pida-kissasi-terveena\/oksenteleeko-kissasi-karvapalloja\/"]}]},{"@type":"BreadcrumbList","@id":"https:\/\/bozita.com\/fi\/pida-kissasi-terveena\/oksenteleeko-kissasi-karvapalloja\/#breadcrumb","itemListElement":[{"@type":"ListItem","position":1,"name":"Koti","item":"https:\/\/bozita.com\/fi\/"},{"@type":"ListItem","position":2,"name":"Pid\u00e4 kissasi terveen\u00e4","item":"https:\/\/bozita.com\/fi\/pida-kissasi-terveena\/"},{"@type":"ListItem","position":3,"name":"Oksenteleeko kissasi karvapalloja?"}]},{"@type":"WebSite","@id":"https:\/\/bozita.com\/fi\/#website","url":"https:\/\/bozita.com\/fi\/","name":"Bozita Finland","description":"","potentialAction":[{"@type":"SearchAction","target":{"@type":"EntryPoint","urlTemplate":"https:\/\/bozita.com\/fi\/?s={search_term_string}"},"query-input":"required name=search_term_string"}],"inLanguage":"fi"}]}},"_links":{"self":[{"href":"https:\/\/bozita.com\/fi\/wp-json\/wp\/v2\/pages\/6452"}],"collection":[{"href":"https:\/\/bozita.com\/fi\/wp-json\/wp\/v2\/pages"}],"about":[{"href":"https:\/\/bozita.com\/fi\/wp-json\/wp\/v2\/types\/page"}],"author":[{"embeddable":true,"href":"https:\/\/bozita.com\/fi\/wp-json\/wp\/v2\/users\/1"}],"replies":[{"embeddable":true,"href":"https:\/\/bozita.com\/fi\/wp-json\/wp\/v2\/comments?post=6452"}],"version-history":[{"count":10,"href":"https:\/\/bozita.com\/fi\/wp-json\/wp\/v2\/pages\/6452\/revisions"}],"predecessor-version":[{"id":11227,"href":"https:\/\/bozita.com\/fi\/wp-json\/wp\/v2\/pages\/6452\/revisions\/11227"}],"up":[{"embeddable":true,"href":"https:\/\/bozita.com\/fi\/wp-json\/wp\/v2\/pages\/6537"}],"wp:featuredmedia":[{"embeddable":true,"href":"https:\/\/bozita.com\/fi\/wp-json\/wp\/v2\/media\/6453"}],"wp:attachment":[{"href":"https:\/\/bozita.com\/fi\/wp-json\/wp\/v2\/media?parent=6452"}],"curies":[{"name":"wp","href":"https:\/\/api.w.org\/{rel}","templated":true}]}}