{"id":6458,"date":"2022-08-31T07:05:56","date_gmt":"2022-08-31T07:05:56","guid":{"rendered":"https:\/\/bozita.com\/fi\/hyva-ruoka-kissanpennuille-kissanpennun-ruoka\/"},"modified":"2025-03-05T08:32:11","modified_gmt":"2025-03-05T08:32:11","slug":"hyva-ruoka-kissanpennuille-kissanpennun-ruoka","status":"publish","type":"page","link":"https:\/\/bozita.com\/fi\/ravinto-ja-ruokavalio\/hyva-ruoka-kissanpennuille-kissanpennun-ruoka\/","title":{"rendered":"Hyv\u00e4 ruoka kissanpennuille = kissanpennun ruoka"},"content":{"rendered":"\t\t<section class=\"small-hero\">\n\t\t\t<div class=\"container\">\n\t\t\t\t<h1 class=\"small-hero-title\">Hyv\u00e4 ruoka kissanpennuille = kissanpennun ruoka<\/h1>\t\t\t<\/div>\n\t\t\t<\/div>\n\t\t<\/section>\n\t\n\n\t<div class=\"text-box-warp\">\n\t\t<div class=\"container\">\n\t\t\t<div class=\"text-content\">\n\t\t\t\t<p>Kissan ravinnolla on suuri vaikutus sen terveyteen ja t\u00e4m\u00e4n lis\u00e4ksi kissanpennun energiantarve on suurempi kuin aikuisen kissan. T\u00e4st\u00e4 syyst\u00e4 on eritt\u00e4in t\u00e4rke\u00e4\u00e4 antaa kissanpennulle erityisesti kasvavalle aktiiviselle kissanpennulle suunniteltua ruokaa. Meid\u00e4n ruoallamme voit olla varma, ett\u00e4 kissanpentusi saa kaikkea tarvitsemaansa sopivassa m\u00e4\u00e4rin.<\/p>\n<p>Kissanpennun ruoassa tulee pennun terveen kasvun ja kehityksen varmistamiseksi yhdisty\u00e4 korkea energia- ja proteiinipitoisuus sek\u00e4 monipuolisesti t\u00e4rkeit\u00e4 mineraaleja vahvan luuston kehitt\u00e4miselle. On my\u00f6s ensisijaisen t\u00e4rke\u00e4\u00e4, ett\u00e4 kissanpennulle on aina tarjolla vett\u00e4, mielell\u00e4\u00e4n useassa eri paikassa.<\/p>\n<p>\u00c4l\u00e4 ruoki kissanpennullesi maitoa, sill\u00e4 t\u00e4m\u00e4 saatta johtaa vatsaongelmiin.<\/p>\n<h2>TULEEKO KISSANPENNULLE ANTAA KUIVARUOKAA VAI M\u00c4RK\u00c4RUOKAA?<\/h2>\n<p>Olennaista on antaa kissanpennulle sen ik\u00e4\u00e4n ja aktiivisuustasoon suunniteltua ruokaa. Niin kuivaruoassa kuin m\u00e4rk\u00e4ruoassa on etunsa, ja oikean ruoan l\u00f6yt\u00e4miseksi kissanpennullesi voit kokeilla molempia. Tai yhdistelm\u00e4\u00e4 kuiva- ja m\u00e4rk\u00e4ruokaa.<\/p>\n<p>Kuivaruoan etuna on, ett\u00e4 sen voi j\u00e4tt\u00e4\u00e4 esille ja kissanpentusi voi sy\u00f6d\u00e4 silloin kun sill\u00e4 on n\u00e4lk\u00e4. Kissat sy\u00f6v\u00e4t luonnostaan v\u00e4h\u00e4n ja usein. Kaikki kissanpennut eiv\u00e4t kuitenkaan osaa s\u00e4\u00e4dell\u00e4 ravinnontarvettaan, joten on hyv\u00e4 laittaa ruokaa tarjolle pieniss\u00e4 annoksissa monta kertaa p\u00e4iv\u00e4ss\u00e4.<\/p>\n<p>Yksi m\u00e4rk\u00e4ruoan eduista on, ett\u00e4 se on hyv\u00e4 nesteenl\u00e4hde ja voi my\u00f6s olla parempi ahneille kissanpennuille. Vaikka pentu tarvitsee paljon energiaa niiden ei tulisi kasvaa liian nopeasti ja t\u00e4ss\u00e4 m\u00e4rk\u00e4ruoka voi olla avuksi. M\u00e4rk\u00e4ruoka antaa kissanpennulle kyll\u00e4isyyden tunteen luovuttamatta liikaa energiaa.<\/p>\n<h2>KUINKA PALJON KISSANPENNUN PIT\u00c4\u00c4 SY\u00d6D\u00c4?<\/h2>\n<p>Ravinnon m\u00e4\u00e4r\u00e4 riippuu kissan koosta. Noudata paketin ohjeistusta kun ruokit kissanpentuasi. Kissanpennun on t\u00e4rke\u00e4 kasvaa kaikessa rauhassa, ei liian nopeasti. Normaaliolosuhteissa kissanpentu saavuttaa aikuisen painon 8-12 kuukaudessa. Jos huomaat ett\u00e4 kissanpentusi paino karttuu liian nopeasti pienenn\u00e4 ruoka-annoksia tai anna ruokaa harvemmin.<\/p>\n<h2>KUINKA USEIN KISSANPENNUN PIT\u00c4\u00c4 SY\u00d6D\u00c4?<\/h2>\n<p>On hyv\u00e4 muistaa, ett\u00e4 energiatiivis ruoka, kuten kissanpennun ruoka antaa nopeasti kyll\u00e4isyyden tunteen. Vaikka kissanpennuilla usein on hyv\u00e4 ruokahalu niiden vatsalaukku on pieni. Anna kissanpennulle pieni\u00e4 ruoka-annoksia v\u00e4hint\u00e4\u00e4n nelj\u00e4sti p\u00e4iv\u00e4ss\u00e4. N\u00e4in kissanpentusi saa oikean m\u00e4\u00e4r\u00e4n ruokaa tasaisessa tahdissa.<\/p>\n<p><strong>Lue lis\u00e4\u00e4<\/strong><\/p>\n<ul>\n<li><a href=\"https:\/\/bozita.com\/fi\/mita-kissat-syovat\/\">WMit\u00e4 ja miten vanhemman kissan tulisi sy\u00f6d\u00e4: mit\u00e4 kissa sy\u00f6?<\/a><\/li>\n<li><a href=\"https:\/\/bozita.com\/fi\/miten-vaihdat-kissasi-ruoan\/\">N\u00e4in siirryt aikuisen kissan ruokaand<\/a><\/li>\n<li><a href=\"https:\/\/bozita.com\/fi\/mita-teen-kun-kissani-ei-syo-tai-juo\/\">Mit\u00e4 tehd\u00e4 kun kissasi ei sy\u00f6 tai juo<\/a><\/li>\n<\/ul>\n\t\t\t<\/div>\n\t\t<\/div>\n\t<\/div>\n\n\n\n\t<section class=\"block related-articles\">\n\t\t<div class=\"container\">\n\t\t\t<h2>Aiheeseen liittyvi\u00e4 artikkeleita<\/h2>\n\t\t\t<div class=\"row justify-content-center\">\n\t\t\t\t\t\t\t\t\t\t<div class=\"col-sm-6 col-md-6 col-lg-3\">\n\t\t\t\t\t\t\t\t\t\t\t\t\t\t<div class=\"card \">\n\t\t\t\t\t\t\t\t\t\t\t\t\t\t\t\t\t<img decoding=\"async\"  src=\"https:\/\/bozita.com\/fi\/wp-content\/uploads\/sites\/11\/2021\/08\/bozita-byta-foder-vuxen-katt.jpg\" alt=\"\">\n\t\t\t\t\t\t\t\t\t\t\t\t\t\t\t\t\t<!-- <img decoding=\"async\" src=\"\n\t\t\t\t\t\t\t\t\t\t\t\t\t\t\t\t\t\t\t\t\" alt=\"\n\t\t\t\t\t\t\t\t\t\t\t\t\t\t\t\t\t\t\t\t\t\t\t\t\t\t\t\"> -->\n\t\t\t\t\t\t\t\t<div class=\"card-body\">\n\t\t\t\t\t\t\t\t\t\t\t\t\t\t\t\t\t\t\t<h6>Miten vaihdat kissasi ruoan<\/h6>\n\t\t\t\t\t\t\t\t\t\t\t\t\t\t\t\t\t\t\t<a href=\"https:\/\/bozita.com\/fi\/ravinto-ja-ruokavalio\/miten-vaihdat-kissasi-ruoan\/\">Lue lis\u00e4\u00e4 &nbsp; ><\/a>\n\t\t\t\t\t\t\t\t<\/div>\n\t\t\t\t\t\t\t<\/div>\n\t\t\t\t\t\t<\/div>\n\n\t\t\t\t\t\t\t\t\t\t\t<div class=\"col-sm-6 col-md-6 col-lg-3\">\n\t\t\t\t\t\t\t\t\t\t\t\t\t\t<div class=\"card \">\n\t\t\t\t\t\t\t\t\t\t\t\t\t\t\t\t\t<img decoding=\"async\"  src=\"https:\/\/bozita.com\/fi\/wp-content\/uploads\/sites\/11\/2021\/08\/bozita-katt-ater-inte-dricker-inte-krasen-dalig-aptit.jpg\" alt=\"\">\n\t\t\t\t\t\t\t\t\t\t\t\t\t\t\t\t\t<!-- <img decoding=\"async\" src=\"\n\t\t\t\t\t\t\t\t\t\t\t\t\t\t\t\t\t\t\t\t\" alt=\"\n\t\t\t\t\t\t\t\t\t\t\t\t\t\t\t\t\t\t\t\t\t\t\t\t\t\t\t\"> -->\n\t\t\t\t\t\t\t\t<div class=\"card-body\">\n\t\t\t\t\t\t\t\t\t\t\t\t\t\t\t\t\t\t\t<h6>Mit\u00e4 teen kun kissani ei sy\u00f6 tai juo?<\/h6>\n\t\t\t\t\t\t\t\t\t\t\t\t\t\t\t\t\t\t\t<a href=\"https:\/\/bozita.com\/fi\/ravinto-ja-ruokavalio\/mita-teen-kun-kissani-ei-syo-tai-juo\/\">Lue lis\u00e4\u00e4 &nbsp; ><\/a>\n\t\t\t\t\t\t\t\t<\/div>\n\t\t\t\t\t\t\t<\/div>\n\t\t\t\t\t\t<\/div>\n\n\t\t\t\t\t\t\t\t\t\t\t<div class=\"col-sm-6 col-md-6 col-lg-3\">\n\t\t\t\t\t\t\t\t\t\t\t\t\t\t<div class=\"card \">\n\t\t\t\t\t\t\t\t\t\t\t\t\t\t\t\t\t<img decoding=\"async\"  src=\"https:\/\/bozita.com\/fi\/wp-content\/uploads\/sites\/11\/2021\/08\/bozita-katter-ar-kottatare.jpg\" alt=\"\">\n\t\t\t\t\t\t\t\t\t\t\t\t\t\t\t\t\t<!-- <img decoding=\"async\" src=\"\n\t\t\t\t\t\t\t\t\t\t\t\t\t\t\t\t\t\t\t\t\" alt=\"\n\t\t\t\t\t\t\t\t\t\t\t\t\t\t\t\t\t\t\t\t\t\t\t\t\t\t\t\"> -->\n\t\t\t\t\t\t\t\t<div class=\"card-body\">\n\t\t\t\t\t\t\t\t\t\t\t\t\t\t\t\t\t\t\t<h6>Mit\u00e4 kissat sy\u00f6v\u00e4t?<\/h6>\n\t\t\t\t\t\t\t\t\t\t\t\t\t\t\t\t\t\t\t<a href=\"https:\/\/bozita.com\/fi\/ravinto-ja-ruokavalio\/mita-kissat-syovat\/\">Lue lis\u00e4\u00e4 &nbsp; ><\/a>\n\t\t\t\t\t\t\t\t<\/div>\n\t\t\t\t\t\t\t<\/div>\n\t\t\t\t\t\t<\/div>\n\n\t\t\t\t\t\t\t\t\t\t\t\t<\/div>\n\t\t<\/div>\n\t<\/section>\n","protected":false},"excerpt":{"rendered":"","protected":false},"author":1,"featured_media":11179,"parent":6661,"menu_order":0,"comment_status":"closed","ping_status":"closed","template":"guternberg.php","meta":{"footnotes":""},"acf":[],"yoast_head":"<!-- This site is optimized with the Yoast SEO plugin v21.3 - https:\/\/yoast.com\/wordpress\/plugins\/seo\/ -->\n<title>Hyv\u00e4 ruoka kissanpennuille = kissanpennun ruoka - Bozita Finland<\/title>\n<meta name=\"description\" content=\"Mit\u00e4 ruokaa sinun tulisi antaa kissanpennullesi ja kuinka paljon sen pit\u00e4isi sy\u00f6d\u00e4? Bozita neuvoo mink\u00e4lainen on hyv\u00e4 ruoka kissanpennulle ja paljonko sen tulee sy\u00f6d\u00e4.\" \/>\n<meta name=\"robots\" content=\"index, follow, max-snippet:-1, max-image-preview:large, max-video-preview:-1\" \/>\n<link rel=\"canonical\" href=\"https:\/\/bozita.com\/fi\/ravinto-ja-ruokavalio\/hyva-ruoka-kissanpennuille-kissanpennun-ruoka\/\" \/>\n<meta property=\"og:locale\" content=\"fi_FI\" \/>\n<meta property=\"og:type\" content=\"article\" \/>\n<meta property=\"og:title\" content=\"Hyv\u00e4 ruoka kissanpennuille = kissanpennun ruoka - Bozita Finland\" \/>\n<meta property=\"og:description\" content=\"Mit\u00e4 ruokaa sinun tulisi antaa kissanpennullesi ja kuinka paljon sen pit\u00e4isi sy\u00f6d\u00e4? Bozita neuvoo mink\u00e4lainen on hyv\u00e4 ruoka kissanpennulle ja paljonko sen tulee sy\u00f6d\u00e4.\" \/>\n<meta property=\"og:url\" content=\"https:\/\/bozita.com\/fi\/ravinto-ja-ruokavalio\/hyva-ruoka-kissanpennuille-kissanpennun-ruoka\/\" \/>\n<meta property=\"og:site_name\" content=\"Bozita Finland\" \/>\n<meta property=\"article:modified_time\" content=\"2025-03-05T08:32:11+00:00\" \/>\n<meta property=\"og:image\" content=\"https:\/\/bozita.com\/fi\/wp-content\/uploads\/sites\/11\/2025\/03\/bozita_swedish-natural-quality-compass.jpg\" \/>\n\t<meta property=\"og:image:width\" content=\"800\" \/>\n\t<meta property=\"og:image:height\" content=\"533\" \/>\n\t<meta property=\"og:image:type\" content=\"image\/jpeg\" \/>\n<meta name=\"twitter:card\" content=\"summary_large_image\" \/>\n<!-- \/ Yoast SEO plugin. -->","yoast_head_json":{"title":"Hyv\u00e4 ruoka kissanpennuille = kissanpennun ruoka - Bozita Finland","description":"Mit\u00e4 ruokaa sinun tulisi antaa kissanpennullesi ja kuinka paljon sen pit\u00e4isi sy\u00f6d\u00e4? Bozita neuvoo mink\u00e4lainen on hyv\u00e4 ruoka kissanpennulle ja paljonko sen tulee sy\u00f6d\u00e4.","robots":{"index":"index","follow":"follow","max-snippet":"max-snippet:-1","max-image-preview":"max-image-preview:large","max-video-preview":"max-video-preview:-1"},"canonical":"https:\/\/bozita.com\/fi\/ravinto-ja-ruokavalio\/hyva-ruoka-kissanpennuille-kissanpennun-ruoka\/","og_locale":"fi_FI","og_type":"article","og_title":"Hyv\u00e4 ruoka kissanpennuille = kissanpennun ruoka - Bozita Finland","og_description":"Mit\u00e4 ruokaa sinun tulisi antaa kissanpennullesi ja kuinka paljon sen pit\u00e4isi sy\u00f6d\u00e4? Bozita neuvoo mink\u00e4lainen on hyv\u00e4 ruoka kissanpennulle ja paljonko sen tulee sy\u00f6d\u00e4.","og_url":"https:\/\/bozita.com\/fi\/ravinto-ja-ruokavalio\/hyva-ruoka-kissanpennuille-kissanpennun-ruoka\/","og_site_name":"Bozita Finland","article_modified_time":"2025-03-05T08:32:11+00:00","og_image":[{"width":800,"height":533,"url":"https:\/\/bozita.com\/fi\/wp-content\/uploads\/sites\/11\/2025\/03\/bozita_swedish-natural-quality-compass.jpg","type":"image\/jpeg"}],"twitter_card":"summary_large_image","schema":{"@context":"https:\/\/schema.org","@graph":[{"@type":"WebPage","@id":"https:\/\/bozita.com\/fi\/ravinto-ja-ruokavalio\/hyva-ruoka-kissanpennuille-kissanpennun-ruoka\/","url":"https:\/\/bozita.com\/fi\/ravinto-ja-ruokavalio\/hyva-ruoka-kissanpennuille-kissanpennun-ruoka\/","name":"Hyv\u00e4 ruoka kissanpennuille = kissanpennun ruoka - Bozita Finland","isPartOf":{"@id":"https:\/\/bozita.com\/fi\/#website"},"datePublished":"2022-08-31T07:05:56+00:00","dateModified":"2025-03-05T08:32:11+00:00","description":"Mit\u00e4 ruokaa sinun tulisi antaa kissanpennullesi ja kuinka paljon sen pit\u00e4isi sy\u00f6d\u00e4? Bozita neuvoo mink\u00e4lainen on hyv\u00e4 ruoka kissanpennulle ja paljonko sen tulee sy\u00f6d\u00e4.","breadcrumb":{"@id":"https:\/\/bozita.com\/fi\/ravinto-ja-ruokavalio\/hyva-ruoka-kissanpennuille-kissanpennun-ruoka\/#breadcrumb"},"inLanguage":"fi","potentialAction":[{"@type":"ReadAction","target":["https:\/\/bozita.com\/fi\/ravinto-ja-ruokavalio\/hyva-ruoka-kissanpennuille-kissanpennun-ruoka\/"]}]},{"@type":"BreadcrumbList","@id":"https:\/\/bozita.com\/fi\/ravinto-ja-ruokavalio\/hyva-ruoka-kissanpennuille-kissanpennun-ruoka\/#breadcrumb","itemListElement":[{"@type":"ListItem","position":1,"name":"Koti","item":"https:\/\/bozita.com\/fi\/"},{"@type":"ListItem","position":2,"name":"Ravinto ja ruokavalio","item":"https:\/\/bozita.com\/fi\/ravinto-ja-ruokavalio\/"},{"@type":"ListItem","position":3,"name":"Hyv\u00e4 ruoka kissanpennuille = kissanpennun ruoka"}]},{"@type":"WebSite","@id":"https:\/\/bozita.com\/fi\/#website","url":"https:\/\/bozita.com\/fi\/","name":"Bozita Finland","description":"","potentialAction":[{"@type":"SearchAction","target":{"@type":"EntryPoint","urlTemplate":"https:\/\/bozita.com\/fi\/?s={search_term_string}"},"query-input":"required name=search_term_string"}],"inLanguage":"fi"}]}},"_links":{"self":[{"href":"https:\/\/bozita.com\/fi\/wp-json\/wp\/v2\/pages\/6458"}],"collection":[{"href":"https:\/\/bozita.com\/fi\/wp-json\/wp\/v2\/pages"}],"about":[{"href":"https:\/\/bozita.com\/fi\/wp-json\/wp\/v2\/types\/page"}],"author":[{"embeddable":true,"href":"https:\/\/bozita.com\/fi\/wp-json\/wp\/v2\/users\/1"}],"replies":[{"embeddable":true,"href":"https:\/\/bozita.com\/fi\/wp-json\/wp\/v2\/comments?post=6458"}],"version-history":[{"count":9,"href":"https:\/\/bozita.com\/fi\/wp-json\/wp\/v2\/pages\/6458\/revisions"}],"predecessor-version":[{"id":11207,"href":"https:\/\/bozita.com\/fi\/wp-json\/wp\/v2\/pages\/6458\/revisions\/11207"}],"up":[{"embeddable":true,"href":"https:\/\/bozita.com\/fi\/wp-json\/wp\/v2\/pages\/6661"}],"wp:featuredmedia":[{"embeddable":true,"href":"https:\/\/bozita.com\/fi\/wp-json\/wp\/v2\/media\/11179"}],"wp:attachment":[{"href":"https:\/\/bozita.com\/fi\/wp-json\/wp\/v2\/media?parent=6458"}],"curies":[{"name":"wp","href":"https:\/\/api.w.org\/{rel}","templated":true}]}}