{"id":6460,"date":"2022-08-31T07:06:37","date_gmt":"2022-08-31T07:06:37","guid":{"rendered":"https:\/\/bozita.com\/fi\/edut-kissasi-paivittaiselle-markaruoalla-ruokkimiselle\/"},"modified":"2025-03-05T08:31:12","modified_gmt":"2025-03-05T08:31:12","slug":"edut-kissasi-paivittaiselle-markaruoalla-ruokkimiselle","status":"publish","type":"page","link":"https:\/\/bozita.com\/fi\/ravinto-ja-ruokavalio\/edut-kissasi-paivittaiselle-markaruoalla-ruokkimiselle\/","title":{"rendered":"Edut kissasi p\u00e4ivitt\u00e4iselle m\u00e4rk\u00e4ruoalla ruokkimiselle"},"content":{"rendered":"\t\t<section class=\"small-hero\">\n\t\t\t<div class=\"container\">\n\t\t\t\t<h1 class=\"small-hero-title\">Edut kissasi p\u00e4ivitt\u00e4iselle m\u00e4rk\u00e4ruoalla ruokkimiselle<\/h1>\t\t\t<\/div>\n\t\t\t<\/div>\n\t\t<\/section>\n\t\n\n\t<div class=\"text-box-warp\">\n\t\t<div class=\"container\">\n\t\t\t<div class=\"text-content\">\n\t\t\t\t<p>Jotkut kissanomistajat v\u00e4ltt\u00e4v\u00e4t m\u00e4rk\u00e4ruokia niiden sotkuisuuden takia ja pit\u00e4v\u00e4t \u00e4rsytt\u00e4v\u00e4n\u00e4, ett\u00e4 avattua pakkausta pit\u00e4\u00e4 s\u00e4ilytt\u00e4\u00e4 j\u00e4\u00e4kaapissa. M\u00e4rk\u00e4ruoalla on kuitenkin useita etuja. Ensinn\u00e4kin se on herkullista!<\/p>\n<h2>M\u00c4RK\u00c4RUOKA ON T\u00c4YNN\u00c4 NESTEIT\u00c4<\/h2>\n<p>Kun annat kissallesi kuivaruoan lis\u00e4ksi m\u00e4rk\u00e4ruokaa varmistat, ett\u00e4 kissasi saa paljon nesteit\u00e4. T\u00e4m\u00e4 perustuu siihen, ett\u00e4 tuore el\u00e4inper\u00e4inen ruoka luonnollisesti sis\u00e4lt\u00e4\u00e4 runsaasti vett\u00e4, joka on my\u00f6s olennainen ainesosa hyytel\u00f6ss\u00e4 joka sitoo palaset yhteen.<\/p>\n<p>Kissan on t\u00e4rke\u00e4\u00e4 saada paljon nestett\u00e4 p\u00e4iv\u00e4n mittaan sill\u00e4 monet elintoiminnot voivat muuten hidastua, mik\u00e4 lis\u00e4\u00e4 virtsakivien riski\u00e4. Vain kuivaruokaa sy\u00f6v\u00e4t kissat saavat usein liian v\u00e4h\u00e4n nesteit\u00e4, mik\u00e4 johtaa virtsan tiivistymiseen ja lis\u00e4\u00e4 virtsakivien riski\u00e4.<\/p>\n<h2>M\u00c4RK\u00c4RUOKA AUTTAA PIT\u00c4M\u00c4\u00c4N KISSASI NORMAALIPAINOSSA<\/h2>\n<p>M\u00e4rk\u00e4ruoalla on nestesis\u00e4ll\u00f6n lis\u00e4ksi monia muitakin etuja. Se jopa auttaa pit\u00e4m\u00e4\u00e4n kissan terveen painoisena. Kuivaruoka on eritt\u00e4in energiatihe\u00e4\u00e4 ja 100g sis\u00e4lt\u00e4\u00e4 noin nelj\u00e4 kertaa enemm\u00e4n energiaa kuin 100g m\u00e4rk\u00e4ruokaa. Antamalla kissallesi m\u00e4rk\u00e4ruokaa varmistat, ett\u00e4 se on kyll\u00e4inen alhaisemmalla energiam\u00e4\u00e4r\u00e4ll\u00e4 ja n\u00e4in kissasi on helpompi pysy\u00e4 normaalipainossa.<\/p>\n<p>Kissan ylipaino aiheuttaa sille monenlaisia ongelmia, laskee kissan elintasoa ja altistaa useille vakaville sairauksille. T\u00e4st\u00e4 syyst\u00e4 on t\u00e4rke\u00e4\u00e4, ettei kissalle anna liikaa ruokaa, jotta se voi el\u00e4\u00e4 t\u00e4ytt\u00e4 ja tervett\u00e4 kissanel\u00e4m\u00e4\u00e4.<\/p>\n<ul>\n<li><a href=\"https:\/\/bozita.com\/fi\/markaruoka\/?lang=fi\">Bozita kissan m\u00e4rk\u00e4ruokia on useita makuja<\/a><\/li>\n<\/ul>\n<h2>TETRA RECART JA YKSITT\u00c4ISPAKKAUKSET TEKEV\u00c4T SIIT\u00c4 HELPPOA<\/h2>\n<p>Monet Bozitan m\u00e4rk\u00e4ruoista ovat fiksuissa <a href=\"https:\/\/bozita.com\/fi\/tetra-recart-ymparistoystavallinen-pakkaus-markaruoalle\/\">Tetra Recart\u00ae -pakkauksissa<\/a>, jotka on helppo avata ja sulkea uudelleen. T\u00e4m\u00e4 pit\u00e4\u00e4 sek\u00e4 ruoan, ett\u00e4 j\u00e4\u00e4kaappisi raikkaana. Pakkaus on my\u00f6s ymp\u00e4rist\u00f6yst\u00e4v\u00e4llinen ja helppo kierr\u00e4tt\u00e4\u00e4.<\/p>\n<p>Monet m\u00e4rk\u00e4ruoistamme ovat saatavilla yksitt\u00e4ispakkauksina. T\u00e4m\u00e4 helpottaa entisest\u00e4\u00e4n ruoan tarjoilua ja s\u00e4ilytt\u00e4mist\u00e4.<br \/>\nYksitt\u00e4ispakkaus on my\u00f6s helppo ottaa mukaan jos matkustat kissasi kanssa.<\/p>\n<p>Kokeile kissasi ruokkimista m\u00e4rk\u00e4ruoalla v\u00e4hint\u00e4\u00e4n kerran viikossa, ne arvostavat makua ja koostumusta ja sin\u00e4 n\u00e4et terveysedut.<\/p>\n\t\t\t<\/div>\n\t\t<\/div>\n\t<\/div>\n\n\n<section class=\"block product-promos\">\n\t<div class=\"container\">\n\t\t<div class=\"row align-items-center\">\n\t\t\t<div class=\"col-md-5\">\n\t\t\t\t<div class=\"prdt__promos-heading\">\n\t\t\t\t\t<h3>\n\t\t\t\t\t\tM\u00e4rk\u00e4ruokasuosikkejamme\t\t\t\t\t<\/h3>\n\t\t\t\t\t\t\t\t\t<\/div>\n\t\t\t<\/div>\n\t\t\t<div class=\"col-md-7\">\n\t\t\t\t\t\t\t<\/div>\n\t\t<\/div>\n\t<\/div>\n<\/section>\n<script>\njQuery(document).ready(function($) {\n\tjQuery('.product-promo-carousel').owlCarousel({\n\tloop: true,\n\tmargin: 10,\n\tresponsiveClass: true,\n\tresponsive: {\n\t\t0: {\n\t\titems: 1,\n\t\tnav: true\n\t\t},\n\t\t600: {\n\t\titems: 1,\n\t\tnav: true\n\t\t},\n\t\t1000: {\n\t\titems: 1,\n\t\tnav: true,\n\t\t}\n\t}\n\t})\n\tjQuery(\".owl-prev\").html('<span><<\/span>');\n\tjQuery(\".owl-next\").html('<span>><\/span>');\n\n\tvar slider = jQuery('.promo-slider-list');\n\tslider.owlCarousel();\n\tjQuery('.nextbtn-a').click(function() {\n\tslider.trigger('next.owl.carousel');\n\t})\n\t\/\/ Go to the previous item\n\tjQuery('.prebtn-a').click(function() {\n\tslider.trigger('prev.owl.carousel', [300]);\n\t})\n});\n<\/script>\n\n\n\n\t<section class=\"block related-articles\">\n\t\t<div class=\"container\">\n\t\t\t<h2>Aiheeseen liittyvi\u00e4 artikkeleita<\/h2>\n\t\t\t<div class=\"row justify-content-center\">\n\t\t\t\t\t\t\t\t\t\t<div class=\"col-sm-6 col-md-6 col-lg-3\">\n\t\t\t\t\t\t\t\t\t\t\t\t\t\t<div class=\"card \">\n\t\t\t\t\t\t\t\t\t\t\t\t\t\t\t\t\t<img decoding=\"async\"  src=\"https:\/\/bozita.com\/fi\/wp-content\/uploads\/sites\/11\/2021\/08\/bozita-katter-ar-kottatare.jpg\" alt=\"\">\n\t\t\t\t\t\t\t\t\t\t\t\t\t\t\t\t\t<!-- <img decoding=\"async\" src=\"\n\t\t\t\t\t\t\t\t\t\t\t\t\t\t\t\t\t\t\t\t\" alt=\"\n\t\t\t\t\t\t\t\t\t\t\t\t\t\t\t\t\t\t\t\t\t\t\t\t\t\t\t\"> -->\n\t\t\t\t\t\t\t\t<div class=\"card-body\">\n\t\t\t\t\t\t\t\t\t\t\t\t\t\t\t\t\t\t\t<h6>Mit\u00e4 kissat sy\u00f6v\u00e4t?<\/h6>\n\t\t\t\t\t\t\t\t\t\t\t\t\t\t\t\t\t\t\t<a href=\"https:\/\/bozita.com\/fi\/ravinto-ja-ruokavalio\/mita-kissat-syovat\/\">Lue lis\u00e4\u00e4 &nbsp; ><\/a>\n\t\t\t\t\t\t\t\t<\/div>\n\t\t\t\t\t\t\t<\/div>\n\t\t\t\t\t\t<\/div>\n\n\t\t\t\t\t\t\t\t\t\t\t<div class=\"col-sm-6 col-md-6 col-lg-3\">\n\t\t\t\t\t\t\t\t\t\t\t\t\t\t<div class=\"card \">\n\t\t\t\t\t\t\t\t\t\t\t\t\t\t\t\t\t<img decoding=\"async\"  src=\"https:\/\/bozita.com\/fi\/wp-content\/uploads\/sites\/11\/2021\/08\/bozita-katt-ater-inte-dricker-inte-krasen-dalig-aptit.jpg\" alt=\"\">\n\t\t\t\t\t\t\t\t\t\t\t\t\t\t\t\t\t<!-- <img decoding=\"async\" src=\"\n\t\t\t\t\t\t\t\t\t\t\t\t\t\t\t\t\t\t\t\t\" alt=\"\n\t\t\t\t\t\t\t\t\t\t\t\t\t\t\t\t\t\t\t\t\t\t\t\t\t\t\t\"> -->\n\t\t\t\t\t\t\t\t<div class=\"card-body\">\n\t\t\t\t\t\t\t\t\t\t\t\t\t\t\t\t\t\t\t<h6>Mit\u00e4 teen kun kissani ei sy\u00f6 tai juo?<\/h6>\n\t\t\t\t\t\t\t\t\t\t\t\t\t\t\t\t\t\t\t<a href=\"https:\/\/bozita.com\/fi\/ravinto-ja-ruokavalio\/mita-teen-kun-kissani-ei-syo-tai-juo\/\">Lue lis\u00e4\u00e4 &nbsp; ><\/a>\n\t\t\t\t\t\t\t\t<\/div>\n\t\t\t\t\t\t\t<\/div>\n\t\t\t\t\t\t<\/div>\n\n\t\t\t\t\t\t\t\t\t\t\t<div class=\"col-sm-6 col-md-6 col-lg-3\">\n\t\t\t\t\t\t\t\t\t\t\t\t\t\t<div class=\"card \">\n\t\t\t\t\t\t\t\t\t\t\t\t\t\t\t\t\t<img decoding=\"async\"  src=\"https:\/\/bozita.com\/fi\/wp-content\/uploads\/sites\/11\/2021\/08\/bozita-katt-ratt-hull-guide.jpeg\" alt=\"\">\n\t\t\t\t\t\t\t\t\t\t\t\t\t\t\t\t\t<!-- <img decoding=\"async\" src=\"\n\t\t\t\t\t\t\t\t\t\t\t\t\t\t\t\t\t\t\t\t\" alt=\"\n\t\t\t\t\t\t\t\t\t\t\t\t\t\t\t\t\t\t\t\t\t\t\t\t\t\t\t\"> -->\n\t\t\t\t\t\t\t\t<div class=\"card-body\">\n\t\t\t\t\t\t\t\t\t\t\t\t\t\t\t\t\t\t\t<h6>Kuinka paljon kissan tulisi painaa?<\/h6>\n\t\t\t\t\t\t\t\t\t\t\t\t\t\t\t\t\t\t\t<a href=\"https:\/\/bozita.com\/fi\/pida-kissasi-terveena\/kuinka-paljon-kissan-tulisi-painaa\/\">Lue lis\u00e4\u00e4 &nbsp; ><\/a>\n\t\t\t\t\t\t\t\t<\/div>\n\t\t\t\t\t\t\t<\/div>\n\t\t\t\t\t\t<\/div>\n\n\t\t\t\t\t\t\t\t\t\t\t\t<\/div>\n\t\t<\/div>\n\t<\/section>\n","protected":false},"excerpt":{"rendered":"","protected":false},"author":1,"featured_media":11179,"parent":6661,"menu_order":0,"comment_status":"closed","ping_status":"closed","template":"guternberg.php","meta":{"footnotes":""},"acf":[],"yoast_head":"<!-- This site is optimized with the Yoast SEO plugin v21.3 - https:\/\/yoast.com\/wordpress\/plugins\/seo\/ -->\n<title>Edut kissasi p\u00e4ivitt\u00e4iselle m\u00e4rk\u00e4ruoalla ruokkimiselle - Bozita Finland<\/title>\n<meta name=\"description\" content=\"On monia etuja ruokkia kissaa m\u00e4rk\u00e4ruoalla p\u00e4ivitt\u00e4in. M\u00e4rk\u00e4ruoalla varmistat, ett\u00e4 kissasi saa riitt\u00e4v\u00e4sti nestett\u00e4 ja n\u00e4in virtsakivien riski pienenee. M\u00e4rk\u00e4ruoka sis\u00e4lt\u00e4\u00e4 kuivaruokaa v\u00e4hemm\u00e4n energiaa. M\u00e4rk\u00e4ruokaa sy\u00f6m\u00e4ll\u00e4 kissasi voi sy\u00f6d\u00e4 itsens\u00e4 kyll\u00e4iseksi saamatta liikaa energiaa ja sit\u00e4 kautta painon hallinta helpottuu.\" \/>\n<meta name=\"robots\" content=\"index, follow, max-snippet:-1, max-image-preview:large, max-video-preview:-1\" \/>\n<link rel=\"canonical\" href=\"https:\/\/bozita.com\/fi\/ravinto-ja-ruokavalio\/edut-kissasi-paivittaiselle-markaruoalla-ruokkimiselle\/\" \/>\n<meta property=\"og:locale\" content=\"fi_FI\" \/>\n<meta property=\"og:type\" content=\"article\" \/>\n<meta property=\"og:title\" content=\"Edut kissasi p\u00e4ivitt\u00e4iselle m\u00e4rk\u00e4ruoalla ruokkimiselle - Bozita Finland\" \/>\n<meta property=\"og:description\" content=\"On monia etuja ruokkia kissaa m\u00e4rk\u00e4ruoalla p\u00e4ivitt\u00e4in. M\u00e4rk\u00e4ruoalla varmistat, ett\u00e4 kissasi saa riitt\u00e4v\u00e4sti nestett\u00e4 ja n\u00e4in virtsakivien riski pienenee. M\u00e4rk\u00e4ruoka sis\u00e4lt\u00e4\u00e4 kuivaruokaa v\u00e4hemm\u00e4n energiaa. M\u00e4rk\u00e4ruokaa sy\u00f6m\u00e4ll\u00e4 kissasi voi sy\u00f6d\u00e4 itsens\u00e4 kyll\u00e4iseksi saamatta liikaa energiaa ja sit\u00e4 kautta painon hallinta helpottuu.\" \/>\n<meta property=\"og:url\" content=\"https:\/\/bozita.com\/fi\/ravinto-ja-ruokavalio\/edut-kissasi-paivittaiselle-markaruoalla-ruokkimiselle\/\" \/>\n<meta property=\"og:site_name\" content=\"Bozita Finland\" \/>\n<meta property=\"article:modified_time\" content=\"2025-03-05T08:31:12+00:00\" \/>\n<meta property=\"og:image\" content=\"https:\/\/bozita.com\/fi\/wp-content\/uploads\/sites\/11\/2025\/03\/bozita_swedish-natural-quality-compass.jpg\" \/>\n\t<meta property=\"og:image:width\" content=\"800\" \/>\n\t<meta property=\"og:image:height\" content=\"533\" \/>\n\t<meta property=\"og:image:type\" content=\"image\/jpeg\" \/>\n<meta name=\"twitter:card\" content=\"summary_large_image\" \/>\n<!-- \/ Yoast SEO plugin. -->","yoast_head_json":{"title":"Edut kissasi p\u00e4ivitt\u00e4iselle m\u00e4rk\u00e4ruoalla ruokkimiselle - Bozita Finland","description":"On monia etuja ruokkia kissaa m\u00e4rk\u00e4ruoalla p\u00e4ivitt\u00e4in. M\u00e4rk\u00e4ruoalla varmistat, ett\u00e4 kissasi saa riitt\u00e4v\u00e4sti nestett\u00e4 ja n\u00e4in virtsakivien riski pienenee. M\u00e4rk\u00e4ruoka sis\u00e4lt\u00e4\u00e4 kuivaruokaa v\u00e4hemm\u00e4n energiaa. M\u00e4rk\u00e4ruokaa sy\u00f6m\u00e4ll\u00e4 kissasi voi sy\u00f6d\u00e4 itsens\u00e4 kyll\u00e4iseksi saamatta liikaa energiaa ja sit\u00e4 kautta painon hallinta helpottuu.","robots":{"index":"index","follow":"follow","max-snippet":"max-snippet:-1","max-image-preview":"max-image-preview:large","max-video-preview":"max-video-preview:-1"},"canonical":"https:\/\/bozita.com\/fi\/ravinto-ja-ruokavalio\/edut-kissasi-paivittaiselle-markaruoalla-ruokkimiselle\/","og_locale":"fi_FI","og_type":"article","og_title":"Edut kissasi p\u00e4ivitt\u00e4iselle m\u00e4rk\u00e4ruoalla ruokkimiselle - Bozita Finland","og_description":"On monia etuja ruokkia kissaa m\u00e4rk\u00e4ruoalla p\u00e4ivitt\u00e4in. M\u00e4rk\u00e4ruoalla varmistat, ett\u00e4 kissasi saa riitt\u00e4v\u00e4sti nestett\u00e4 ja n\u00e4in virtsakivien riski pienenee. M\u00e4rk\u00e4ruoka sis\u00e4lt\u00e4\u00e4 kuivaruokaa v\u00e4hemm\u00e4n energiaa. M\u00e4rk\u00e4ruokaa sy\u00f6m\u00e4ll\u00e4 kissasi voi sy\u00f6d\u00e4 itsens\u00e4 kyll\u00e4iseksi saamatta liikaa energiaa ja sit\u00e4 kautta painon hallinta helpottuu.","og_url":"https:\/\/bozita.com\/fi\/ravinto-ja-ruokavalio\/edut-kissasi-paivittaiselle-markaruoalla-ruokkimiselle\/","og_site_name":"Bozita Finland","article_modified_time":"2025-03-05T08:31:12+00:00","og_image":[{"width":800,"height":533,"url":"https:\/\/bozita.com\/fi\/wp-content\/uploads\/sites\/11\/2025\/03\/bozita_swedish-natural-quality-compass.jpg","type":"image\/jpeg"}],"twitter_card":"summary_large_image","schema":{"@context":"https:\/\/schema.org","@graph":[{"@type":"WebPage","@id":"https:\/\/bozita.com\/fi\/ravinto-ja-ruokavalio\/edut-kissasi-paivittaiselle-markaruoalla-ruokkimiselle\/","url":"https:\/\/bozita.com\/fi\/ravinto-ja-ruokavalio\/edut-kissasi-paivittaiselle-markaruoalla-ruokkimiselle\/","name":"Edut kissasi p\u00e4ivitt\u00e4iselle m\u00e4rk\u00e4ruoalla ruokkimiselle - Bozita Finland","isPartOf":{"@id":"https:\/\/bozita.com\/fi\/#website"},"datePublished":"2022-08-31T07:06:37+00:00","dateModified":"2025-03-05T08:31:12+00:00","description":"On monia etuja ruokkia kissaa m\u00e4rk\u00e4ruoalla p\u00e4ivitt\u00e4in. M\u00e4rk\u00e4ruoalla varmistat, ett\u00e4 kissasi saa riitt\u00e4v\u00e4sti nestett\u00e4 ja n\u00e4in virtsakivien riski pienenee. M\u00e4rk\u00e4ruoka sis\u00e4lt\u00e4\u00e4 kuivaruokaa v\u00e4hemm\u00e4n energiaa. M\u00e4rk\u00e4ruokaa sy\u00f6m\u00e4ll\u00e4 kissasi voi sy\u00f6d\u00e4 itsens\u00e4 kyll\u00e4iseksi saamatta liikaa energiaa ja sit\u00e4 kautta painon hallinta helpottuu.","breadcrumb":{"@id":"https:\/\/bozita.com\/fi\/ravinto-ja-ruokavalio\/edut-kissasi-paivittaiselle-markaruoalla-ruokkimiselle\/#breadcrumb"},"inLanguage":"fi","potentialAction":[{"@type":"ReadAction","target":["https:\/\/bozita.com\/fi\/ravinto-ja-ruokavalio\/edut-kissasi-paivittaiselle-markaruoalla-ruokkimiselle\/"]}]},{"@type":"BreadcrumbList","@id":"https:\/\/bozita.com\/fi\/ravinto-ja-ruokavalio\/edut-kissasi-paivittaiselle-markaruoalla-ruokkimiselle\/#breadcrumb","itemListElement":[{"@type":"ListItem","position":1,"name":"Koti","item":"https:\/\/bozita.com\/fi\/"},{"@type":"ListItem","position":2,"name":"Ravinto ja ruokavalio","item":"https:\/\/bozita.com\/fi\/ravinto-ja-ruokavalio\/"},{"@type":"ListItem","position":3,"name":"Edut kissasi p\u00e4ivitt\u00e4iselle m\u00e4rk\u00e4ruoalla ruokkimiselle"}]},{"@type":"WebSite","@id":"https:\/\/bozita.com\/fi\/#website","url":"https:\/\/bozita.com\/fi\/","name":"Bozita Finland","description":"","potentialAction":[{"@type":"SearchAction","target":{"@type":"EntryPoint","urlTemplate":"https:\/\/bozita.com\/fi\/?s={search_term_string}"},"query-input":"required name=search_term_string"}],"inLanguage":"fi"}]}},"_links":{"self":[{"href":"https:\/\/bozita.com\/fi\/wp-json\/wp\/v2\/pages\/6460"}],"collection":[{"href":"https:\/\/bozita.com\/fi\/wp-json\/wp\/v2\/pages"}],"about":[{"href":"https:\/\/bozita.com\/fi\/wp-json\/wp\/v2\/types\/page"}],"author":[{"embeddable":true,"href":"https:\/\/bozita.com\/fi\/wp-json\/wp\/v2\/users\/1"}],"replies":[{"embeddable":true,"href":"https:\/\/bozita.com\/fi\/wp-json\/wp\/v2\/comments?post=6460"}],"version-history":[{"count":14,"href":"https:\/\/bozita.com\/fi\/wp-json\/wp\/v2\/pages\/6460\/revisions"}],"predecessor-version":[{"id":11206,"href":"https:\/\/bozita.com\/fi\/wp-json\/wp\/v2\/pages\/6460\/revisions\/11206"}],"up":[{"embeddable":true,"href":"https:\/\/bozita.com\/fi\/wp-json\/wp\/v2\/pages\/6661"}],"wp:featuredmedia":[{"embeddable":true,"href":"https:\/\/bozita.com\/fi\/wp-json\/wp\/v2\/media\/11179"}],"wp:attachment":[{"href":"https:\/\/bozita.com\/fi\/wp-json\/wp\/v2\/media?parent=6460"}],"curies":[{"name":"wp","href":"https:\/\/api.w.org\/{rel}","templated":true}]}}