{"id":6462,"date":"2022-08-31T07:07:19","date_gmt":"2022-08-31T07:07:19","guid":{"rendered":"https:\/\/bozita.com\/fi\/miten-vaihdat-kissasi-ruoan\/"},"modified":"2023-02-27T14:16:48","modified_gmt":"2023-02-27T14:16:48","slug":"miten-vaihdat-kissasi-ruoan","status":"publish","type":"page","link":"https:\/\/bozita.com\/fi\/ravinto-ja-ruokavalio\/miten-vaihdat-kissasi-ruoan\/","title":{"rendered":"Miten vaihdat kissasi ruoan"},"content":{"rendered":"\t\t<section class=\"small-hero\">\n\t\t\t<div class=\"container\">\n\t\t\t\t<h5>Tietoa<\/h5><h1 class=\"small-hero-title\">Miten vaihdat kissasi ruoan<\/h1><p><p>On useita syit\u00e4 miksi voi olla v\u00e4ltt\u00e4m\u00e4t\u00f6nt\u00e4 vaihtaa kissasi ruoka. Esimerkiksi jos kissasi siirtyy uuteen el\u00e4m\u00e4nvaiheeseen tai se steriloidaan.<\/p>\n<\/p>\t\t\t<\/div>\n\t\t\t<\/div>\n\t\t<\/section>\n\t\n\n\t<div class=\"text-box-warp\">\n\t\t<div class=\"container\">\n\t\t\t<div class=\"text-content\">\n\t\t\t\t<p>Onko kissallasi diagnoisoitu erityist\u00e4 ruokavaliota edellytt\u00e4v\u00e4 tila? Olipa syy ruoan vaihtamiselle mik\u00e4 hyv\u00e4ns\u00e4 se on teht\u00e4v\u00e4 oikealla tavalla, T\u00e4ss\u00e4 saat ravitsemusterapeutti ja kotiel\u00e4inagrologi \u00c5sa L\u00f6fstrandilta muutaman vinkin.<\/p>\n<h2>KISSAN RUOAN VAIHTAMISEEN PIT\u00c4\u00c4 VARATA AIKAA<\/h2>\n<p>T\u00e4ysin uuteen ruokaan siirtymisen pit\u00e4\u00e4 tapahtua vaiheittain, jotta kissan vatsalla ja ja suoliston bakteeristolla on aikaa sopeutua. Liian nopea ruoan vaihtaminen saattaa aiheuttaa vatsan ja sis\u00e4elinten ongelmia kuten ripulia, oksentelua ja ummetusta. Kuinka nopeast voit vaihtaa ruokaa riippuu kissasi herkk\u00e4vatsaisuudesta, mutta yleisesti on suositeltavaa tehd\u00e4 se vaiheittain 2-4 viikon kuluessa. Aloita tarjoilemalla maksimissaan 1\/4 uutta ruokaa sekoitettuna 3\/4 vanhaan ruokaa ja lis\u00e4\u00e4 kahden viikon aikana uuden ruoan suhteellista m\u00e4\u00e4r\u00e4\u00e4. Mik\u00e4li ensimm\u00e4isten p\u00e4ivien aikana ilmenee ongelmia, kuten oksentelua tai muutoksia ulosteessa, muutos on luultavasti ollut liian nopea. V\u00e4henn\u00e4 taas uuden ruoan suhteellista m\u00e4\u00e4r\u00e4\u00e4 ja lis\u00e4\u00e4 sit\u00e4 sitten varovaisesti kahden-nelj\u00e4n viikon ajan<\/p>\n<ul>\n<li><a href=\"https:\/\/bozita.com\/fi\/kissanruoka\/\">Tutustu Bozitan valikoimaan Ruotsissa valmistettuja kissan kuiva- ja m\u00e4rk\u00e4ruokia<\/a><\/li>\n<\/ul>\n<h2>V\u00c4LT\u00c4 HERKKUJEN ANTAMISTA KISSALLESI RUOAN VAIHTAMISEN AIKANA<\/h2>\n<p>On j\u00e4rkev\u00e4\u00e4 v\u00e4ltt\u00e4\u00e4 herkkujen tai ruoanloppujen antamista kissallesi ruoan vaihtamisen aikana. T\u00e4m\u00e4 tekee kissasi vatsan sopeutumisesta helpompaa ja auttaa uuteen ruokaan tottumisessa ilman komplikaatioita.<\/p>\n<h2>KISSANPENNUN RUOAN VAIHTO<\/h2>\n<p>Jos ostat kissan kasvattajalta, h\u00e4n antaa sinulle todenn\u00e4k\u00f6isesti my\u00f6s ruokintaohjeet. Jos kuitenkin p\u00e4\u00e4t\u00e4t vaihtaa ruokaa t\u00e4m\u00e4 tulee tehd\u00e4 asteittain ja lopettaa, jos ongelmia ilmenee. Tarkista kasvattajalta mit\u00e4 ruokaa kissanpennulle on annettu, ja jatka samantyyppisell\u00e4 ravinnolla kun tuot kissanpennun kotiin. Uuteen kotiin tottumisessa on yleens\u00e4 tarpeeksi haastetta kissanpennulle monimutkaistamatta asioita ruoan vaihdolla. Kun kissanpentusi on noin kuukauden kuluttua asettunut uuteen kotiinsa, voit aloittaa tutustuttaa sit\u00e4 uuteen ruokavalioon. Yleinen suositus on, ett\u00e4 t\u00e4m\u00e4 tapahtuu asteittain 2-4 viikon aikana. Jos kissanpentusi kielt\u00e4ytyy sy\u00f6m\u00e4st\u00e4, \u00e4l\u00e4 j\u00e4\u00e4 odottamaan, sill\u00e4 se ei ehk\u00e4 koskaan aloita. Palaa sen sijaan vanhaan ruokaan ja yrit\u00e4 my\u00f6hemmin uudestaan tai kokeile vaikkapa uuden ruokamerkin jotain muuta makua.<\/p>\n<h2>AIKATAULU KISSANPENNUN RUOAN VAIHTAMISELLE<\/h2>\n<ul>\n<li>P\u00e4iv\u00e4 1-3: 20% uutta ruokaa ja 80% nykyist\u00e4 ruokaa<\/li>\n<li>P\u00e4iv\u00e4 4-7: 40% uutta ruokaa ja 60% nykyist\u00e4 ruokaa<\/li>\n<li>P\u00e4iv\u00e4 8-10: 60% uutta ruokaa ja 40% nykyist\u00e4 ruokaa<\/li>\n<li>P\u00e4iv\u00e4 11-14: 80% uutta ruokaa ja 20% nykyist\u00e4 ruokaa<\/li>\n<li>P\u00e4iv\u00e4 15 eteenp\u00e4in: 100% uutta ruokaa kupissa<\/li>\n<\/ul>\n<h4>Hyvi\u00e4 penturuokia<\/h4>\n<ul>\n<li>Kuivaruoka: <a href=\"https:\/\/bozita.com\/fi\/products\/bozita-kitten-viljaton-kana\/\">Bozita Kitten Grain Free Chicken<\/a><\/li>\n<li>M\u00e4rk\u00e4ruoka: <a href=\"https:\/\/bozita.com\/fi\/products\/bozita-kananpalat-hyytelossa\/\">Bozita kitten palat hyytel\u00f6ss\u00e4<\/a><\/li>\n<\/ul>\n<p><strong>Bozita asiantuntija: \u00c5sa L\u00f6fstrand, ravitsemusterapeutti ja kotiel\u00e4inagrologi<\/strong><\/p>\n\t\t\t<\/div>\n\t\t<\/div>\n\t<\/div>\n\n\n\n\t<section class=\"block related-articles\">\n\t\t<div class=\"container\">\n\t\t\t<h2>Aiheeseen liittyvi\u00e4 artikkeleita<\/h2>\n\t\t\t<div class=\"row justify-content-center\">\n\t\t\t\t\t\t\t\t\t\t<div class=\"col-sm-6 col-md-6 col-lg-3\">\n\t\t\t\t\t\t\t\t\t\t\t\t\t\t<div class=\"card \">\n\t\t\t\t\t\t\t\t\t\t\t\t\t\t\t\t\t<img decoding=\"async\"  src=\"https:\/\/bozita.com\/fi\/wp-content\/uploads\/sites\/11\/2021\/08\/bozita-katt-ater-inte-dricker-inte-krasen-dalig-aptit.jpg\" alt=\"\">\n\t\t\t\t\t\t\t\t\t\t\t\t\t\t\t\t\t<!-- <img decoding=\"async\" src=\"\n\t\t\t\t\t\t\t\t\t\t\t\t\t\t\t\t\t\t\t\t\" alt=\"\n\t\t\t\t\t\t\t\t\t\t\t\t\t\t\t\t\t\t\t\t\t\t\t\t\t\t\t\"> -->\n\t\t\t\t\t\t\t\t<div class=\"card-body\">\n\t\t\t\t\t\t\t\t\t\t\t\t\t\t\t\t\t\t\t<h6>Mit\u00e4 teen kun kissani ei sy\u00f6 tai juo?<\/h6>\n\t\t\t\t\t\t\t\t\t\t\t\t\t\t\t\t\t\t\t<a href=\"https:\/\/bozita.com\/fi\/ravinto-ja-ruokavalio\/mita-teen-kun-kissani-ei-syo-tai-juo\/\">Lue lis\u00e4\u00e4 &nbsp; ><\/a>\n\t\t\t\t\t\t\t\t<\/div>\n\t\t\t\t\t\t\t<\/div>\n\t\t\t\t\t\t<\/div>\n\n\t\t\t\t\t\t\t\t\t\t\t<div class=\"col-sm-6 col-md-6 col-lg-3\">\n\t\t\t\t\t\t\t\t\t\t\t\t\t\t<div class=\"card \">\n\t\t\t\t\t\t\t\t\t\t\t\t\t\t\t\t\t<img decoding=\"async\"  src=\"https:\/\/bozita.com\/fi\/wp-content\/uploads\/sites\/11\/2021\/08\/bozita-katt-ratt-hull-guide.jpeg\" alt=\"\">\n\t\t\t\t\t\t\t\t\t\t\t\t\t\t\t\t\t<!-- <img decoding=\"async\" src=\"\n\t\t\t\t\t\t\t\t\t\t\t\t\t\t\t\t\t\t\t\t\" alt=\"\n\t\t\t\t\t\t\t\t\t\t\t\t\t\t\t\t\t\t\t\t\t\t\t\t\t\t\t\"> -->\n\t\t\t\t\t\t\t\t<div class=\"card-body\">\n\t\t\t\t\t\t\t\t\t\t\t\t\t\t\t\t\t\t\t<h6>Kuinka paljon kissan tulisi painaa?<\/h6>\n\t\t\t\t\t\t\t\t\t\t\t\t\t\t\t\t\t\t\t<a href=\"https:\/\/bozita.com\/fi\/pida-kissasi-terveena\/kuinka-paljon-kissan-tulisi-painaa\/\">Lue lis\u00e4\u00e4 &nbsp; ><\/a>\n\t\t\t\t\t\t\t\t<\/div>\n\t\t\t\t\t\t\t<\/div>\n\t\t\t\t\t\t<\/div>\n\n\t\t\t\t\t\t\t\t\t\t\t<div class=\"col-sm-6 col-md-6 col-lg-3\">\n\t\t\t\t\t\t\t\t\t\t\t\t\t\t<div class=\"card \">\n\t\t\t\t\t\t\t\t\t\t\t\t\t\t\t\t\t<img decoding=\"async\"  src=\"https:\/\/bozita.com\/fi\/wp-content\/uploads\/sites\/11\/2021\/08\/bozita-katter-ar-kottatare.jpg\" alt=\"\">\n\t\t\t\t\t\t\t\t\t\t\t\t\t\t\t\t\t<!-- <img decoding=\"async\" src=\"\n\t\t\t\t\t\t\t\t\t\t\t\t\t\t\t\t\t\t\t\t\" alt=\"\n\t\t\t\t\t\t\t\t\t\t\t\t\t\t\t\t\t\t\t\t\t\t\t\t\t\t\t\"> -->\n\t\t\t\t\t\t\t\t<div class=\"card-body\">\n\t\t\t\t\t\t\t\t\t\t\t\t\t\t\t\t\t\t\t<h6>Mit\u00e4 kissat sy\u00f6v\u00e4t?<\/h6>\n\t\t\t\t\t\t\t\t\t\t\t\t\t\t\t\t\t\t\t<a href=\"https:\/\/bozita.com\/fi\/ravinto-ja-ruokavalio\/mita-kissat-syovat\/\">Lue lis\u00e4\u00e4 &nbsp; ><\/a>\n\t\t\t\t\t\t\t\t<\/div>\n\t\t\t\t\t\t\t<\/div>\n\t\t\t\t\t\t<\/div>\n\n\t\t\t\t\t\t\t\t\t\t\t\t<\/div>\n\t\t<\/div>\n\t<\/section>\n","protected":false},"excerpt":{"rendered":"","protected":false},"author":1,"featured_media":6463,"parent":6661,"menu_order":0,"comment_status":"closed","ping_status":"closed","template":"guternberg.php","meta":{"footnotes":""},"acf":[],"yoast_head":"<!-- This site is optimized with the Yoast SEO plugin v21.3 - https:\/\/yoast.com\/wordpress\/plugins\/seo\/ -->\n<title>Miten vaihdat kissasi ruoan - Bozita Finland<\/title>\n<meta name=\"description\" content=\"Kissasi tai kissanpentusi ruoan vaihtamiseen kannattaa varata aikaa. Liian nopea ruoan vaihtaminen saattaa aiheuttaa ripulia, oksentelua ja ummetusta. Tee n\u00e4in.\" \/>\n<meta name=\"robots\" content=\"index, follow, max-snippet:-1, max-image-preview:large, max-video-preview:-1\" \/>\n<link rel=\"canonical\" href=\"https:\/\/bozita.com\/fi\/ravinto-ja-ruokavalio\/miten-vaihdat-kissasi-ruoan\/\" \/>\n<meta property=\"og:locale\" content=\"fi_FI\" \/>\n<meta property=\"og:type\" content=\"article\" \/>\n<meta property=\"og:title\" content=\"Miten vaihdat kissasi ruoan - Bozita Finland\" \/>\n<meta property=\"og:description\" content=\"Kissasi tai kissanpentusi ruoan vaihtamiseen kannattaa varata aikaa. Liian nopea ruoan vaihtaminen saattaa aiheuttaa ripulia, oksentelua ja ummetusta. Tee n\u00e4in.\" \/>\n<meta property=\"og:url\" content=\"https:\/\/bozita.com\/fi\/ravinto-ja-ruokavalio\/miten-vaihdat-kissasi-ruoan\/\" \/>\n<meta property=\"og:site_name\" content=\"Bozita Finland\" \/>\n<meta property=\"article:modified_time\" content=\"2023-02-27T14:16:48+00:00\" \/>\n<meta property=\"og:image\" content=\"https:\/\/bozita.com\/fi\/wp-content\/uploads\/sites\/11\/2021\/08\/bozita-byta-foder-vuxen-katt.jpg\" \/>\n\t<meta property=\"og:image:width\" content=\"800\" \/>\n\t<meta property=\"og:image:height\" content=\"532\" \/>\n\t<meta property=\"og:image:type\" content=\"image\/jpeg\" \/>\n<meta name=\"twitter:card\" content=\"summary_large_image\" \/>\n<!-- \/ Yoast SEO plugin. -->","yoast_head_json":{"title":"Miten vaihdat kissasi ruoan - Bozita Finland","description":"Kissasi tai kissanpentusi ruoan vaihtamiseen kannattaa varata aikaa. Liian nopea ruoan vaihtaminen saattaa aiheuttaa ripulia, oksentelua ja ummetusta. Tee n\u00e4in.","robots":{"index":"index","follow":"follow","max-snippet":"max-snippet:-1","max-image-preview":"max-image-preview:large","max-video-preview":"max-video-preview:-1"},"canonical":"https:\/\/bozita.com\/fi\/ravinto-ja-ruokavalio\/miten-vaihdat-kissasi-ruoan\/","og_locale":"fi_FI","og_type":"article","og_title":"Miten vaihdat kissasi ruoan - Bozita Finland","og_description":"Kissasi tai kissanpentusi ruoan vaihtamiseen kannattaa varata aikaa. Liian nopea ruoan vaihtaminen saattaa aiheuttaa ripulia, oksentelua ja ummetusta. Tee n\u00e4in.","og_url":"https:\/\/bozita.com\/fi\/ravinto-ja-ruokavalio\/miten-vaihdat-kissasi-ruoan\/","og_site_name":"Bozita Finland","article_modified_time":"2023-02-27T14:16:48+00:00","og_image":[{"width":800,"height":532,"url":"https:\/\/bozita.com\/fi\/wp-content\/uploads\/sites\/11\/2021\/08\/bozita-byta-foder-vuxen-katt.jpg","type":"image\/jpeg"}],"twitter_card":"summary_large_image","schema":{"@context":"https:\/\/schema.org","@graph":[{"@type":"WebPage","@id":"https:\/\/bozita.com\/fi\/ravinto-ja-ruokavalio\/miten-vaihdat-kissasi-ruoan\/","url":"https:\/\/bozita.com\/fi\/ravinto-ja-ruokavalio\/miten-vaihdat-kissasi-ruoan\/","name":"Miten vaihdat kissasi ruoan - Bozita Finland","isPartOf":{"@id":"https:\/\/bozita.com\/fi\/#website"},"datePublished":"2022-08-31T07:07:19+00:00","dateModified":"2023-02-27T14:16:48+00:00","description":"Kissasi tai kissanpentusi ruoan vaihtamiseen kannattaa varata aikaa. Liian nopea ruoan vaihtaminen saattaa aiheuttaa ripulia, oksentelua ja ummetusta. Tee n\u00e4in.","breadcrumb":{"@id":"https:\/\/bozita.com\/fi\/ravinto-ja-ruokavalio\/miten-vaihdat-kissasi-ruoan\/#breadcrumb"},"inLanguage":"fi","potentialAction":[{"@type":"ReadAction","target":["https:\/\/bozita.com\/fi\/ravinto-ja-ruokavalio\/miten-vaihdat-kissasi-ruoan\/"]}]},{"@type":"BreadcrumbList","@id":"https:\/\/bozita.com\/fi\/ravinto-ja-ruokavalio\/miten-vaihdat-kissasi-ruoan\/#breadcrumb","itemListElement":[{"@type":"ListItem","position":1,"name":"Koti","item":"https:\/\/bozita.com\/fi\/"},{"@type":"ListItem","position":2,"name":"Ravinto ja ruokavalio","item":"https:\/\/bozita.com\/fi\/ravinto-ja-ruokavalio\/"},{"@type":"ListItem","position":3,"name":"Miten vaihdat kissasi ruoan"}]},{"@type":"WebSite","@id":"https:\/\/bozita.com\/fi\/#website","url":"https:\/\/bozita.com\/fi\/","name":"Bozita Finland","description":"","potentialAction":[{"@type":"SearchAction","target":{"@type":"EntryPoint","urlTemplate":"https:\/\/bozita.com\/fi\/?s={search_term_string}"},"query-input":"required name=search_term_string"}],"inLanguage":"fi"}]}},"_links":{"self":[{"href":"https:\/\/bozita.com\/fi\/wp-json\/wp\/v2\/pages\/6462"}],"collection":[{"href":"https:\/\/bozita.com\/fi\/wp-json\/wp\/v2\/pages"}],"about":[{"href":"https:\/\/bozita.com\/fi\/wp-json\/wp\/v2\/types\/page"}],"author":[{"embeddable":true,"href":"https:\/\/bozita.com\/fi\/wp-json\/wp\/v2\/users\/1"}],"replies":[{"embeddable":true,"href":"https:\/\/bozita.com\/fi\/wp-json\/wp\/v2\/comments?post=6462"}],"version-history":[{"count":17,"href":"https:\/\/bozita.com\/fi\/wp-json\/wp\/v2\/pages\/6462\/revisions"}],"predecessor-version":[{"id":8638,"href":"https:\/\/bozita.com\/fi\/wp-json\/wp\/v2\/pages\/6462\/revisions\/8638"}],"up":[{"embeddable":true,"href":"https:\/\/bozita.com\/fi\/wp-json\/wp\/v2\/pages\/6661"}],"wp:featuredmedia":[{"embeddable":true,"href":"https:\/\/bozita.com\/fi\/wp-json\/wp\/v2\/media\/6463"}],"wp:attachment":[{"href":"https:\/\/bozita.com\/fi\/wp-json\/wp\/v2\/media?parent=6462"}],"curies":[{"name":"wp","href":"https:\/\/api.w.org\/{rel}","templated":true}]}}