{"id":6467,"date":"2022-08-31T07:07:45","date_gmt":"2022-08-31T07:07:45","guid":{"rendered":"https:\/\/bozita.com\/fi\/kissan-laatikkoharjoittelu\/"},"modified":"2025-04-16T10:26:20","modified_gmt":"2025-04-16T10:26:20","slug":"kissan-laatikkoharjoittelu","status":"publish","type":"page","link":"https:\/\/bozita.com\/fi\/kissan-hankinta\/kissan-laatikkoharjoittelu\/","title":{"rendered":"Kissan laatikkoharjoittelu"},"content":{"rendered":"\t\t<section class=\"small-hero\">\n\t\t\t<div class=\"container\">\n\t\t\t\t<h1 class=\"small-hero-title\">Kissan laatikkoharjoittelu<\/h1>\t\t\t<\/div>\n\t\t\t<\/div>\n\t\t<\/section>\n\t\n\n\t<div class=\"text-box-warp\">\n\t\t<div class=\"container\">\n\t\t\t<div class=\"text-content\">\n\t\t\t\t<p><strong>Kissat ovat tunnetusti siistej\u00e4 el\u00e4imi\u00e4, eik\u00e4 kissanhiekkalaatikon k\u00e4ytt\u00e4misen opettelussa yleens\u00e4 ilmene ongelmia. Muutamia asioita kannattaa kuitenkin huomioida opettaessa kissaa laatikolle ja p\u00e4\u00e4tt\u00e4ess\u00e4 sen paikkaa.<\/strong><\/p>\n<h2>OPETA KISSASI K\u00c4YTT\u00c4M\u00c4\u00c4N KISSANHIEKKALAATIKKOA<\/h2>\n<p>Kissanhiekkalaatikolla k\u00e4yminen muistuttaa kissan ulkona tarpeillaan k\u00e4ymist\u00e4, joten, kuten monessa asiassa, harjoittelulle ei ole suurta tarvetta.<\/p>\n<p>Usein kissanpentua ei tarvitse opettaa k\u00e4ym\u00e4\u00e4n kissanhiekkalaatikolla. Kasvattajalta ostettu kissanpentu on usein jo sis\u00e4siisti, mutta oikean paikan l\u00f6yt\u00e4minen uudessa kodissa voi olla hankalaa. Laita kissanpentusi kissanhiekkalaatikkoon ja anna sen tutkia sit\u00e4 itse. Hyv\u00e4 hetki t\u00e4lle on heti ruokailun j\u00e4lkeen, jolloin kissanpennun on usein p\u00e4\u00e4st\u00e4v\u00e4 nopeasti tarpeilleen.<\/p>\n<p>Jos kissanpentusi virtsaa v\u00e4\u00e4r\u00e4\u00e4n paikkaan, nosta se varovaisesti takaisin kissanhiekkalaatikkoon.<\/p>\n<p>Kissan sis\u00e4siistiksi opettamisessa k\u00e4rsiv\u00e4llisyys on t\u00e4rke\u00e4\u00e4. Kehu kissanpentua onnistuneen laatikkok\u00e4ynnin j\u00e4lkeen. \u00c4l\u00e4 h\u00e4iritse pentua kun se on kissanhiekkalaatikolla, t\u00e4m\u00e4 saattaa tuntua siit\u00e4 ep\u00e4mukavalta.<\/p>\n<h2>LAITA KISSANHIEKKALAATIKKO OIKEAAN PAIKKAAN<\/h2>\n<p>Kun opetat kissaasi k\u00e4ym\u00e4\u00e4n kissanhiekkalaatikolla sen ei pit\u00e4isi joutua etsim\u00e4\u00e4n laatikkoa, mutta se ei my\u00f6sk\u00e4\u00e4n saa olla liian esill\u00e4. Kissat pit\u00e4v\u00e4t yksityisyydest\u00e4\u00e4n.<\/p>\n<p>Pid\u00e4 kissan ruoka ja kissanhiekkalaatikko eri huoneissa. Kukaan ei halua sy\u00f6d\u00e4 ja k\u00e4yd\u00e4 vessassa samassa huoneessa, ei my\u00f6sk\u00e4\u00e4n kissa.<\/p>\n<h2>JOS KISSASI EI HALUA K\u00c4YTT\u00c4\u00c4 KISSANHIEKKALAATIKKOA<\/h2>\n<p>Mik\u00e4li kissasi alkaa kissanhiekkalaatikon sijasta k\u00e4ytt\u00e4\u00e4 muuta paikkaa on t\u00e4lle yleens\u00e4 yksinkertainen selitys<\/p>\n<ul>\n<li><strong>Pid\u00e4 laatikko puhtaana!<\/strong> &#8211; Jotta kissasi haluaa k\u00e4ytt\u00e4\u00e4 laatikkoa, on sen oltava puhdas. Likainen kissanhiekkalaatikko saattaa olla syy sille, ettei kissa halua sit\u00e4 k\u00e4ytt\u00e4\u00e4. Poista kiinte\u00e4 tavara sek\u00e4 virtsa p\u00e4ivitt\u00e4in ja vaihda koko hiekka s\u00e4\u00e4nn\u00f6llisesti. Kun vaihdat kissanhiekan uuteen tulisi my\u00f6s laatikko pest\u00e4 saippualla tai miedolla pesuaineella.<\/li>\n<li><strong>V\u00e4hint\u00e4\u00e4n yksi laatikko kissa kohti, mielell\u00e4\u00e4n useampi<\/strong>\u00a0&#8211; Pid\u00e4 v\u00e4hint\u00e4\u00e4n yksi kissanhiekkalaatikko kissaa kohti, mielell\u00e4\u00e4n my\u00f6s yksi ylim\u00e4\u00e4r\u00e4inen.<br \/>\nJos sinulla on yksi kissa on siis hyv\u00e4 olla kaksi laatikkoa.<\/li>\n<li><strong>Tarpeeksi hiekkaa<\/strong> &#8211; Hiekkaa pit\u00e4\u00e4 aina olla tarpeeksi paljon, mielell\u00e4\u00e4n 8-10 cm, jotta kissa voi kaivaa perusteellisesti.<\/li>\n<li><strong>Hiekan laadun vaihtaminen<\/strong>&#8211; Kokeile erilaista kissanhiekkaa. Ehk\u00e4 hiekan tuoksu tai kiteiden muoto eiv\u00e4t miellytt\u00e4 kissaasi?<\/li>\n<li><strong>Vaihda itse laatikko\u00a0<\/strong>&#8211; Kokeile uudenlaista kissanhiekkalaatikkoa. Liian pieni laatikko rajoittaa kissan vapaata liikkumista, joka saattaa vied\u00e4 kissan muualle.<\/li>\n<li><strong>Onko tapahtunut suuria muutoksia?<\/strong> &#8211; Pohdi onko kissasi kokenut suuria el\u00e4m\u00e4nmuutoksia, jotka voisivat aiheuttaa haluttomuuden k\u00e4ytt\u00e4\u00e4 kissanhiekkalaatikkoa..<\/li>\n<\/ul>\n\t\t\t<\/div>\n\t\t<\/div>\n\t<\/div>\n\n\n\n\t<section class=\"block related-articles\">\n\t\t<div class=\"container\">\n\t\t\t<h2>Aiheeseen liittyvi\u00e4 artikkeleita<\/h2>\n\t\t\t<div class=\"row justify-content-center\">\n\t\t\t\t\t\t\t\t\t\t<div class=\"col-sm-6 col-md-6 col-lg-3\">\n\t\t\t\t\t\t\t\t\t\t\t\t\t\t<div class=\"card \">\n\t\t\t\t\t\t\t\t\t\t\t\t\t\t\t\t\t<img decoding=\"async\"  src=\"https:\/\/bozita.com\/fi\/wp-content\/uploads\/sites\/11\/2021\/08\/bozita-introducera-katt-till-nytt-hem.jpg\" alt=\"\">\n\t\t\t\t\t\t\t\t\t\t\t\t\t\t\t\t\t<!-- <img decoding=\"async\" src=\"\n\t\t\t\t\t\t\t\t\t\t\t\t\t\t\t\t\t\t\t\t\" alt=\"\n\t\t\t\t\t\t\t\t\t\t\t\t\t\t\t\t\t\t\t\t\t\t\t\t\t\t\t\"> -->\n\t\t\t\t\t\t\t\t<div class=\"card-body\">\n\t\t\t\t\t\t\t\t\t\t\t\t\t\t\t\t\t\t\t<h6>Kissan totuttaminen uuteen kotiin<\/h6>\n\t\t\t\t\t\t\t\t\t\t\t\t\t\t\t\t\t\t\t<a href=\"https:\/\/bozita.com\/fi\/kissan-hankinta\/kissan-totuttaminen-uuteen-kotiin\/\">Lue lis\u00e4\u00e4 &nbsp; ><\/a>\n\t\t\t\t\t\t\t\t<\/div>\n\t\t\t\t\t\t\t<\/div>\n\t\t\t\t\t\t<\/div>\n\n\t\t\t\t\t\t\t\t\t\t\t<div class=\"col-sm-6 col-md-6 col-lg-3\">\n\t\t\t\t\t\t\t\t\t\t\t\t\t\t<div class=\"card \">\n\t\t\t\t\t\t\t\t\t\t\t\t\t\t\t\t\t<img decoding=\"async\"  src=\"https:\/\/bozita.com\/fi\/wp-content\/uploads\/sites\/11\/2021\/08\/bozita-lamna-katt-ensam.jpg\" alt=\"\">\n\t\t\t\t\t\t\t\t\t\t\t\t\t\t\t\t\t<!-- <img decoding=\"async\" src=\"\n\t\t\t\t\t\t\t\t\t\t\t\t\t\t\t\t\t\t\t\t\" alt=\"\n\t\t\t\t\t\t\t\t\t\t\t\t\t\t\t\t\t\t\t\t\t\t\t\t\t\t\t\"> -->\n\t\t\t\t\t\t\t\t<div class=\"card-body\">\n\t\t\t\t\t\t\t\t\t\t\t\t\t\t\t\t\t\t\t<h6>Kuinka pitk\u00e4\u00e4n kissa voi olla yksin?<\/h6>\n\t\t\t\t\t\t\t\t\t\t\t\t\t\t\t\t\t\t\t<a href=\"https:\/\/bozita.com\/fi\/kuinka-pitkaan-kissa-voi-olla-yksin\/\">Lue lis\u00e4\u00e4 &nbsp; ><\/a>\n\t\t\t\t\t\t\t\t<\/div>\n\t\t\t\t\t\t\t<\/div>\n\t\t\t\t\t\t<\/div>\n\n\t\t\t\t\t\t\t\t\t\t\t<div class=\"col-sm-6 col-md-6 col-lg-3\">\n\t\t\t\t\t\t\t\t\t\t\t\t\t\t<div class=\"card \">\n\t\t\t\t\t\t\t\t\t\t\t\t\t\t\t\t\t<img decoding=\"async\"  src=\"https:\/\/bozita.com\/fi\/wp-content\/uploads\/sites\/11\/2021\/08\/bozita-kattens-kroppssprak.jpg\" alt=\"\">\n\t\t\t\t\t\t\t\t\t\t\t\t\t\t\t\t\t<!-- <img decoding=\"async\" src=\"\n\t\t\t\t\t\t\t\t\t\t\t\t\t\t\t\t\t\t\t\t\" alt=\"\n\t\t\t\t\t\t\t\t\t\t\t\t\t\t\t\t\t\t\t\t\t\t\t\t\t\t\t\"> -->\n\t\t\t\t\t\t\t\t<div class=\"card-body\">\n\t\t\t\t\t\t\t\t\t\t\t\t\t\t\t\t\t\t\t<h6>Kissan k\u00e4yt\u00f6s ja kehonkieli<\/h6>\n\t\t\t\t\t\t\t\t\t\t\t\t\t\t\t\t\t\t\t<a href=\"https:\/\/bozita.com\/fi\/kissan-kehitys\/kissan-kaytos-ja-kehonkieli\/\">Lue lis\u00e4\u00e4 &nbsp; ><\/a>\n\t\t\t\t\t\t\t\t<\/div>\n\t\t\t\t\t\t\t<\/div>\n\t\t\t\t\t\t<\/div>\n\n\t\t\t\t\t\t\t\t\t\t\t\t<\/div>\n\t\t<\/div>\n\t<\/section>\n","protected":false},"excerpt":{"rendered":"","protected":false},"author":1,"featured_media":6468,"parent":6978,"menu_order":0,"comment_status":"closed","ping_status":"closed","template":"guternberg.php","meta":{"footnotes":""},"acf":[],"yoast_head":"<!-- This site is optimized with the Yoast SEO plugin v21.3 - https:\/\/yoast.com\/wordpress\/plugins\/seo\/ -->\n<title>Kissan laatikkoharjoittelu - Bozita Finland<\/title>\n<meta name=\"description\" content=\"Kissasi tai kissanpentusi opettaminen sis\u00e4siistiksi on t\u00e4rke\u00e4\u00e4. Bozita opastaa sinua auttamaan ja kouluttamaan kissasi parhaalla mahdollisella tavalla.\" \/>\n<meta name=\"robots\" content=\"index, follow, max-snippet:-1, max-image-preview:large, max-video-preview:-1\" \/>\n<link rel=\"canonical\" href=\"https:\/\/bozita.com\/fi\/kissan-hankinta\/kissan-laatikkoharjoittelu\/\" \/>\n<meta property=\"og:locale\" content=\"fi_FI\" \/>\n<meta property=\"og:type\" content=\"article\" \/>\n<meta property=\"og:title\" content=\"Kissan laatikkoharjoittelu - Bozita Finland\" \/>\n<meta property=\"og:description\" content=\"Kissasi tai kissanpentusi opettaminen sis\u00e4siistiksi on t\u00e4rke\u00e4\u00e4. Bozita opastaa sinua auttamaan ja kouluttamaan kissasi parhaalla mahdollisella tavalla.\" \/>\n<meta property=\"og:url\" content=\"https:\/\/bozita.com\/fi\/kissan-hankinta\/kissan-laatikkoharjoittelu\/\" \/>\n<meta property=\"og:site_name\" content=\"Bozita Finland\" \/>\n<meta property=\"article:modified_time\" content=\"2025-04-16T10:26:20+00:00\" \/>\n<meta property=\"og:image\" content=\"https:\/\/bozita.com\/fi\/wp-content\/uploads\/sites\/11\/2021\/08\/bozita-katt-rumsren-ga-pa-ladan.jpg\" \/>\n\t<meta property=\"og:image:width\" content=\"800\" \/>\n\t<meta property=\"og:image:height\" content=\"533\" \/>\n\t<meta property=\"og:image:type\" content=\"image\/jpeg\" \/>\n<meta name=\"twitter:card\" content=\"summary_large_image\" \/>\n<!-- \/ Yoast SEO plugin. -->","yoast_head_json":{"title":"Kissan laatikkoharjoittelu - Bozita Finland","description":"Kissasi tai kissanpentusi opettaminen sis\u00e4siistiksi on t\u00e4rke\u00e4\u00e4. Bozita opastaa sinua auttamaan ja kouluttamaan kissasi parhaalla mahdollisella tavalla.","robots":{"index":"index","follow":"follow","max-snippet":"max-snippet:-1","max-image-preview":"max-image-preview:large","max-video-preview":"max-video-preview:-1"},"canonical":"https:\/\/bozita.com\/fi\/kissan-hankinta\/kissan-laatikkoharjoittelu\/","og_locale":"fi_FI","og_type":"article","og_title":"Kissan laatikkoharjoittelu - Bozita Finland","og_description":"Kissasi tai kissanpentusi opettaminen sis\u00e4siistiksi on t\u00e4rke\u00e4\u00e4. Bozita opastaa sinua auttamaan ja kouluttamaan kissasi parhaalla mahdollisella tavalla.","og_url":"https:\/\/bozita.com\/fi\/kissan-hankinta\/kissan-laatikkoharjoittelu\/","og_site_name":"Bozita Finland","article_modified_time":"2025-04-16T10:26:20+00:00","og_image":[{"width":800,"height":533,"url":"https:\/\/bozita.com\/fi\/wp-content\/uploads\/sites\/11\/2021\/08\/bozita-katt-rumsren-ga-pa-ladan.jpg","type":"image\/jpeg"}],"twitter_card":"summary_large_image","schema":{"@context":"https:\/\/schema.org","@graph":[{"@type":"WebPage","@id":"https:\/\/bozita.com\/fi\/kissan-hankinta\/kissan-laatikkoharjoittelu\/","url":"https:\/\/bozita.com\/fi\/kissan-hankinta\/kissan-laatikkoharjoittelu\/","name":"Kissan laatikkoharjoittelu - Bozita Finland","isPartOf":{"@id":"https:\/\/bozita.com\/fi\/#website"},"datePublished":"2022-08-31T07:07:45+00:00","dateModified":"2025-04-16T10:26:20+00:00","description":"Kissasi tai kissanpentusi opettaminen sis\u00e4siistiksi on t\u00e4rke\u00e4\u00e4. Bozita opastaa sinua auttamaan ja kouluttamaan kissasi parhaalla mahdollisella tavalla.","breadcrumb":{"@id":"https:\/\/bozita.com\/fi\/kissan-hankinta\/kissan-laatikkoharjoittelu\/#breadcrumb"},"inLanguage":"fi","potentialAction":[{"@type":"ReadAction","target":["https:\/\/bozita.com\/fi\/kissan-hankinta\/kissan-laatikkoharjoittelu\/"]}]},{"@type":"BreadcrumbList","@id":"https:\/\/bozita.com\/fi\/kissan-hankinta\/kissan-laatikkoharjoittelu\/#breadcrumb","itemListElement":[{"@type":"ListItem","position":1,"name":"Koti","item":"https:\/\/bozita.com\/fi\/"},{"@type":"ListItem","position":2,"name":"Kissan hankinta","item":"https:\/\/bozita.com\/fi\/kissan-hankinta\/"},{"@type":"ListItem","position":3,"name":"Kissan laatikkoharjoittelu"}]},{"@type":"WebSite","@id":"https:\/\/bozita.com\/fi\/#website","url":"https:\/\/bozita.com\/fi\/","name":"Bozita Finland","description":"","potentialAction":[{"@type":"SearchAction","target":{"@type":"EntryPoint","urlTemplate":"https:\/\/bozita.com\/fi\/?s={search_term_string}"},"query-input":"required name=search_term_string"}],"inLanguage":"fi"}]}},"_links":{"self":[{"href":"https:\/\/bozita.com\/fi\/wp-json\/wp\/v2\/pages\/6467"}],"collection":[{"href":"https:\/\/bozita.com\/fi\/wp-json\/wp\/v2\/pages"}],"about":[{"href":"https:\/\/bozita.com\/fi\/wp-json\/wp\/v2\/types\/page"}],"author":[{"embeddable":true,"href":"https:\/\/bozita.com\/fi\/wp-json\/wp\/v2\/users\/1"}],"replies":[{"embeddable":true,"href":"https:\/\/bozita.com\/fi\/wp-json\/wp\/v2\/comments?post=6467"}],"version-history":[{"count":8,"href":"https:\/\/bozita.com\/fi\/wp-json\/wp\/v2\/pages\/6467\/revisions"}],"predecessor-version":[{"id":11442,"href":"https:\/\/bozita.com\/fi\/wp-json\/wp\/v2\/pages\/6467\/revisions\/11442"}],"up":[{"embeddable":true,"href":"https:\/\/bozita.com\/fi\/wp-json\/wp\/v2\/pages\/6978"}],"wp:featuredmedia":[{"embeddable":true,"href":"https:\/\/bozita.com\/fi\/wp-json\/wp\/v2\/media\/6468"}],"wp:attachment":[{"href":"https:\/\/bozita.com\/fi\/wp-json\/wp\/v2\/media?parent=6467"}],"curies":[{"name":"wp","href":"https:\/\/api.w.org\/{rel}","templated":true}]}}