{"id":6472,"date":"2022-08-31T07:08:03","date_gmt":"2022-08-31T07:08:03","guid":{"rendered":"https:\/\/bozita.com\/fi\/kissan-totuttaminen-uuteen-kotiin\/"},"modified":"2025-04-09T09:18:04","modified_gmt":"2025-04-09T09:18:04","slug":"kissan-totuttaminen-uuteen-kotiin","status":"publish","type":"page","link":"https:\/\/bozita.com\/fi\/kissan-hankinta\/kissan-totuttaminen-uuteen-kotiin\/","title":{"rendered":"Kissan totuttaminen uuteen kotiin"},"content":{"rendered":"\t\t<section class=\"small-hero\">\n\t\t\t<div class=\"container\">\n\t\t\t\t<h1 class=\"small-hero-title\">Kissan totuttaminen uuteen kotiin<\/h1>\t\t\t<\/div>\n\t\t\t<\/div>\n\t\t<\/section>\n\t\n\n\t<div class=\"text-box-warp\">\n\t\t<div class=\"container\">\n\t\t\t<div class=\"text-content\">\n\t\t\t\t<p>On paljon huomioitavia asioita ennen kuin tuot kissan tai kissanpennun kotiisi. Kissanomistajana sinun tulee varmistua siit\u00e4, ett\u00e4 sinulla on oikeaa tietoa kissan tarpeista ja k\u00e4yt\u00f6ksest\u00e4. Olemme koostaneet kaksi tarkistuslistaa, jotka edesauttavat kissasi totuttamista uuteen kotiinsa ja k\u00e4yt\u00e4nn\u00f6n vinkkej\u00e4 kuinka saat kissasi asettumaan ja tuntemaan olonsa mukavaksi.<\/p>\n<p>Kissalle uuteen kotiin tottuminen on valtava urakka. Kissanomistajalle on kaikkein t\u00e4rkeint\u00e4 huomioida ett\u00e4 kissan ymp\u00e4rist\u00f6 on sille tuttu ja luo sille turvallisen olon.<\/p>\n<p>Yrit\u00e4 minimoida muutokset kun kissa muuttaa kotiisi. Kissan stressin hallitsemiseksi sinun tulisi tehd\u00e4 mahdollisimman paljon tehd\u00e4ksesi uudesta kodista rutiineineen edellisen kaltainen. Mieti mihin kissa on tottunut ja mink\u00e4laisia kokemuksia sill\u00e4 on. Onko kissa tottunut lapsiin? Oliko sill\u00e4 aiemmin p\u00e4\u00e4sy ulkotiloihin vai oliko se yksinomaan sis\u00e4kissa? T\u00e4m\u00e4 helpottaa kissan reaktioiden ennakoimisessa.<\/p>\n<h2>KISSAN TOTUTTAMINEN UUTEEN KOTIIN &#8211; TARKISTUSLISTA<\/h2>\n<ol>\n<li><strong>Onko kissalla kaikki tarvitsemansa?<\/strong><br \/>\nKissalle voi olla stressaavaa asettua uuteen ja vieraaseen ymp\u00e4rist\u00f6\u00f6n. Siksi on t\u00e4rke\u00e4\u00e4, ett\u00e4 uudessa kodissa kaikki on hankittu ja valmisteltu jo ennen kuin kissa saapuu kotiisi. Pid\u00e4 huoli, ett\u00e4 sinulla on kissanhiekkalaatikko, ruoka- ja vesikupit ja niin edelleen. Toinen hyv\u00e4 vinkki on antaa kissalle samaa ruokaa ja k\u00e4ytt\u00e4\u00e4 samaa kissanhiekkaa mihin kissa on aiemmin tottunut. <strong>Lue lis\u00e4\u00e4<\/strong><br \/>\n<a href=\"https:\/\/djur.jordbruksverket.se\/amnesomraden\/djur\/olikaslagsdjur\/hundarochkatter\/skotselavhundochkatt\/saskoterdudinkatt.4.207049b811dd8a513dc80001987.html\">Kissan ruoan vaihto &#8211; mit\u00e4 kannattaa huomioida<\/a><\/li>\n<li><strong>Toitko jotain kissalle tuttua sen edellisest\u00e4 kodista?<\/strong><br \/>\nVoit luoda tutumman ja turvallisen ymp\u00e4rist\u00f6n kissalle levitt\u00e4m\u00e4ll\u00e4 sen hajua uuteen kotiin. Esimerkiksi asettamalla uuteen kotiin tyynyn, peiton tai lelun kissan vanhasta kodista auttaa niit\u00e4 asettumaan, etenkin paikat, joita kissat voivat merkata omaksi reviirikseen, kuten huonekalut, nurkat, kynnykset ja kissanluukut ovat t\u00e4rkeit\u00e4. K\u00e4yt\u00e4 mahdollisuuksien mukaan kissan omaa kissanhiekkalaatikkoa, ruokakulhoa, vesikuppia sen vanhasta kodista. Mik\u00e4li vanhasta kodista ei ole mahdollista tuoda mit\u00e4\u00e4n voi kissan tuoksua hieroa uuden kodin esineisiin. Kissan on olennaisen t\u00e4rke\u00e4\u00e4 p\u00e4\u00e4st\u00e4 pois lattialta ja johonkin korkeaan paikkaan. Alkajaisiksi voi olla hyv\u00e4 ajatus tehd\u00e4 kissalle tilaa istua ikkunalaudalla tai kirjahyllyn p\u00e4\u00e4ll\u00e4. T\u00e4m\u00e4 on erityisen t\u00e4rke\u00e4\u00e4 kissanpennuille ja nuorille kissoille, jotka usein k\u00e4ytt\u00e4v\u00e4t kolmea ulottuvuutta leikkiess\u00e4\u00e4n ja oppiessaan.<\/li>\n<li><strong>Onko kotisi kissavarmistettu onnettomuuksien ja loukkaantumisten riskin pienent\u00e4miseksi?<\/strong><br \/>\nMyrkkykasvien ja s\u00e4rkyvien esineiden poistaminen on hyv\u00e4 varotoimi ik\u00e4vien sattumusten v\u00e4ltt\u00e4miseksi. Tee t\u00e4m\u00e4 ennen kuin tuot kissan uuteen kotiin. Kannttaa my\u00f6s mietti\u00e4 onko paikkoja, joihin kissa voi piiloutuessaan j\u00e4\u00e4d\u00e4 jumiin, kuten pakastimen tai pesukoneen taustat.<\/li>\n<\/ol>\n<h2>KUINKA KOHDATA KISSASI ENSIMM\u00c4ISEN KERRAN<\/h2>\n<ol>\n<li>Suunnitelma kissan totuttamiseen uuteen kotiin ja perheeseen,<br \/>\nEnsimm\u00e4isell\u00e4 tutustumiskerralla on hyv\u00e4 aloittaa rajatusta osasta kotia, eli yhdest\u00e4 huoneesta kerrallaan.Valitse huone, jonne kissan olisi hyv\u00e4 ja turvallista palata silloinkin kun sill\u00e4 on p\u00e4\u00e4sy koko taloon. T\u00e4ss\u00e4 tutustumishuoneessa kissalla tulee olla kaikki tarvitsemansa &#8211; kissanhiekkalaatikko, leluja, piilopaikkoja, pehme\u00e4 peti, ruokaa ja vett\u00e4 sek\u00e4 mahdollisuus olla kanssak\u00e4ymisess\u00e4 ihmisten kanssa. Anna kissan totutella n\u00e4in muutaman p\u00e4iv\u00e4n ajan, kunnes se tuntee olonsa mukavaksi. Anna muiden perheenj\u00e4senten tulla tapaamaan kissaa turvalliseen huoneeseen. Anna kissan p\u00e4\u00e4tt\u00e4\u00e4 jos\/milloin se haluaa tulla silitetyksi. Kun kissa tuntee olonsa turvalliseksi ja on tavannut perheen, on aika tutustuttaa se koko taloon. Nyt voit siirt\u00e4\u00e4 kissanhiekkalaatikon ja ruoka- sek\u00e4 vesikulhon omille pysyville paikoilleen.<\/li>\n<li><strong>Mahdollisuus lev\u00e4t\u00e4, leikki\u00e4, olla aktiivinen ja piiloutua<\/strong><br \/>\nKun tutustutat kissaa uuteen kotiin sill\u00e4 tulee olla paikkoja, joissa lev\u00e4t\u00e4, leikki\u00e4 ja liikkua. Kissa tarvitsee kuitenkin my\u00f6s piilopaikan, johon vet\u00e4yty\u00e4 kun se haluaa rauhaa. <a href=\"https:\/\/bozita.com\/fi\/aktivoi-kissasi\/?lang=fi\">Lue lis\u00e4\u00e4 kissasi stimuloimisesta <\/a>Leiki aina poisp\u00e4in kehostasi, esimerkiksi heitt\u00e4m\u00e4ll\u00e4 lelua, jonka kissa voi sitten ottaa kiinni tai hakea. \u00c4l\u00e4 koskaan leikit\u00e4 kissaa k\u00e4sill\u00e4si tai jaloillasi, sill\u00e4 aikuinen kissa saattaa pit\u00e4\u00e4 t\u00e4t\u00e4 uhkaavana.<\/li>\n<li><strong>N\u00e4in varmistat, ett\u00e4 kissasi kuuntelee sinua ja tuntee olonsa turvalliseksi<\/strong><br \/>\nVoi olla hyv\u00e4 ajatus kutsua kissaasi nimelt\u00e4 jo kun tuot sen kotiin ensimm\u00e4ist\u00e4 kertaa. N\u00e4in opetat kissaasi kuuntelemaan nime\u00e4\u00e4n ja tulemaan luoksesi kutsuttaessa. T\u00e4m\u00e4 onnistuu helposti siten, ett\u00e4 kutsut kissaa nimelt\u00e4 ja annat sille pienen herkun kun se tulee luoksesi. Toista nime\u00e4 kunnes n\u00e4et selke\u00e4n reaktion ja huomaat kissan etsiv\u00e4n palkintoa kuullessaan nimens\u00e4. Lis\u00e4\u00e4 v\u00e4hitellen et\u00e4isyytt\u00e4 itsesi ja kissan v\u00e4liss\u00e4 ja anna herkku vain kun haluat palkita positiivista k\u00e4yt\u00f6st\u00e4. J\u00e4t\u00e4 kaikki muu huomioimatta!<\/li>\n<\/ol>\n<p>Kun tutustutat kissaa uuteen kotiin se kokee luultavasti jonkinasteista stressi\u00e4 ja ahdistusta riippumatta siit\u00e4 kuinka hyvin valmistautuneita sin\u00e4 ja kotisi olette. T\u00e4m\u00e4 voi tarkoittaa, ett\u00e4 kissa pysyy piilossa suurimman osan ajasta. Muista, ett\u00e4 t\u00e4m\u00e4 on normaalia ja se on kissan strategia uuden tilanteen hallitsemiseksi.<\/p>\n<p>&nbsp;<\/p>\n\t\t\t<\/div>\n\t\t<\/div>\n\t<\/div>\n\n\n\n\t<section class=\"block related-articles\">\n\t\t<div class=\"container\">\n\t\t\t<h2>Aiheeseen liittyvi\u00e4 artikkeleja<\/h2>\n\t\t\t<div class=\"row justify-content-center\">\n\t\t\t\t\t\t\t\t\t\t<div class=\"col-sm-6 col-md-6 col-lg-3\">\n\t\t\t\t\t\t\t\t\t\t\t\t\t\t<div class=\"card \">\n\t\t\t\t\t\t\t\t\t\t\t\t\t\t\t\t\t<img decoding=\"async\"  src=\"https:\/\/bozita.com\/fi\/wp-content\/uploads\/sites\/11\/2021\/08\/bozita-katt-rumsren-ga-pa-ladan.jpg\" alt=\"\">\n\t\t\t\t\t\t\t\t\t\t\t\t\t\t\t\t\t<!-- <img decoding=\"async\" src=\"\n\t\t\t\t\t\t\t\t\t\t\t\t\t\t\t\t\t\t\t\t\" alt=\"\n\t\t\t\t\t\t\t\t\t\t\t\t\t\t\t\t\t\t\t\t\t\t\t\t\t\t\t\"> -->\n\t\t\t\t\t\t\t\t<div class=\"card-body\">\n\t\t\t\t\t\t\t\t\t\t\t\t\t\t\t\t\t\t\t<h6>Kissan laatikkoharjoittelu<\/h6>\n\t\t\t\t\t\t\t\t\t\t\t\t\t\t\t\t\t\t\t<a href=\"https:\/\/bozita.com\/fi\/kissan-hankinta\/kissan-laatikkoharjoittelu\/\">Lue lis\u00e4\u00e4 &nbsp; ><\/a>\n\t\t\t\t\t\t\t\t<\/div>\n\t\t\t\t\t\t\t<\/div>\n\t\t\t\t\t\t<\/div>\n\n\t\t\t\t\t\t\t\t\t\t\t<div class=\"col-sm-6 col-md-6 col-lg-3\">\n\t\t\t\t\t\t\t\t\t\t\t\t\t\t<div class=\"card \">\n\t\t\t\t\t\t\t\t\t\t\t\t\t\t\t\t\t<img decoding=\"async\"  src=\"https:\/\/bozita.com\/fi\/wp-content\/uploads\/sites\/11\/2021\/08\/bozita-lamna-katt-ensam.jpg\" alt=\"\">\n\t\t\t\t\t\t\t\t\t\t\t\t\t\t\t\t\t<!-- <img decoding=\"async\" src=\"\n\t\t\t\t\t\t\t\t\t\t\t\t\t\t\t\t\t\t\t\t\" alt=\"\n\t\t\t\t\t\t\t\t\t\t\t\t\t\t\t\t\t\t\t\t\t\t\t\t\t\t\t\"> -->\n\t\t\t\t\t\t\t\t<div class=\"card-body\">\n\t\t\t\t\t\t\t\t\t\t\t\t\t\t\t\t\t\t\t<h6>Kuinka pitk\u00e4\u00e4n kissa voi olla yksin?<\/h6>\n\t\t\t\t\t\t\t\t\t\t\t\t\t\t\t\t\t\t\t<a href=\"https:\/\/bozita.com\/fi\/kuinka-pitkaan-kissa-voi-olla-yksin\/\">Lue lis\u00e4\u00e4 &nbsp; ><\/a>\n\t\t\t\t\t\t\t\t<\/div>\n\t\t\t\t\t\t\t<\/div>\n\t\t\t\t\t\t<\/div>\n\n\t\t\t\t\t\t\t\t\t\t\t<div class=\"col-sm-6 col-md-6 col-lg-3\">\n\t\t\t\t\t\t\t\t\t\t\t\t\t\t<div class=\"card \">\n\t\t\t\t\t\t\t\t\t\t\t\t\t\t\t\t\t<img decoding=\"async\"  src=\"https:\/\/bozita.com\/fi\/wp-content\/uploads\/sites\/11\/2025\/03\/bozita_swedish-natural-quality-compass.jpg\" alt=\"\">\n\t\t\t\t\t\t\t\t\t\t\t\t\t\t\t\t\t<!-- <img decoding=\"async\" src=\"\n\t\t\t\t\t\t\t\t\t\t\t\t\t\t\t\t\t\t\t\t\" alt=\"\n\t\t\t\t\t\t\t\t\t\t\t\t\t\t\t\t\t\t\t\t\t\t\t\t\t\t\t\"> -->\n\t\t\t\t\t\t\t\t<div class=\"card-body\">\n\t\t\t\t\t\t\t\t\t\t\t\t\t\t\t\t\t\t\t<h6>Koska voit p\u00e4\u00e4st\u00e4\u00e4 kissanpennun ulos ensimm\u00e4ist\u00e4 kertaa?<\/h6>\n\t\t\t\t\t\t\t\t\t\t\t\t\t\t\t\t\t\t\t<a href=\"https:\/\/bozita.com\/fi\/kissan-hankinta\/koska-voit-paastaa-kissanpennun-ulos-ensimmaista-kertaa\/\">Lue lis\u00e4\u00e4 &nbsp; ><\/a>\n\t\t\t\t\t\t\t\t<\/div>\n\t\t\t\t\t\t\t<\/div>\n\t\t\t\t\t\t<\/div>\n\n\t\t\t\t\t\t\t\t\t\t\t\t<\/div>\n\t\t<\/div>\n\t<\/section>\n","protected":false},"excerpt":{"rendered":"","protected":false},"author":1,"featured_media":6451,"parent":6978,"menu_order":0,"comment_status":"closed","ping_status":"closed","template":"guternberg.php","meta":{"footnotes":""},"acf":[],"yoast_head":"<!-- This site is optimized with the Yoast SEO plugin v21.3 - https:\/\/yoast.com\/wordpress\/plugins\/seo\/ -->\n<title>Kissan totuttaminen uuteen kotiin - Bozita Finland<\/title>\n<meta name=\"description\" content=\"Valmistaudu totuttamaan kissasi uuteen kotiinsa ennen sen saapumista. Stressi v\u00e4henee ja kissasi tuntee olonsa kotoisammaksi. Tutustu tarkistuslistaamme.\" \/>\n<meta name=\"robots\" content=\"index, follow, max-snippet:-1, max-image-preview:large, max-video-preview:-1\" \/>\n<link rel=\"canonical\" href=\"https:\/\/bozita.com\/fi\/kissan-hankinta\/kissan-totuttaminen-uuteen-kotiin\/\" \/>\n<meta property=\"og:locale\" content=\"fi_FI\" \/>\n<meta property=\"og:type\" content=\"article\" \/>\n<meta property=\"og:title\" content=\"Kissan totuttaminen uuteen kotiin - Bozita Finland\" \/>\n<meta property=\"og:description\" content=\"Valmistaudu totuttamaan kissasi uuteen kotiinsa ennen sen saapumista. Stressi v\u00e4henee ja kissasi tuntee olonsa kotoisammaksi. Tutustu tarkistuslistaamme.\" \/>\n<meta property=\"og:url\" content=\"https:\/\/bozita.com\/fi\/kissan-hankinta\/kissan-totuttaminen-uuteen-kotiin\/\" \/>\n<meta property=\"og:site_name\" content=\"Bozita Finland\" \/>\n<meta property=\"article:modified_time\" content=\"2025-04-09T09:18:04+00:00\" \/>\n<meta property=\"og:image\" content=\"https:\/\/bozita.com\/fi\/wp-content\/uploads\/sites\/11\/2021\/08\/bozita-introducera-katt-till-nytt-hem.jpg\" \/>\n\t<meta property=\"og:image:width\" content=\"800\" \/>\n\t<meta property=\"og:image:height\" content=\"533\" \/>\n\t<meta property=\"og:image:type\" content=\"image\/jpeg\" \/>\n<meta name=\"twitter:card\" content=\"summary_large_image\" \/>\n<!-- \/ Yoast SEO plugin. -->","yoast_head_json":{"title":"Kissan totuttaminen uuteen kotiin - Bozita Finland","description":"Valmistaudu totuttamaan kissasi uuteen kotiinsa ennen sen saapumista. Stressi v\u00e4henee ja kissasi tuntee olonsa kotoisammaksi. Tutustu tarkistuslistaamme.","robots":{"index":"index","follow":"follow","max-snippet":"max-snippet:-1","max-image-preview":"max-image-preview:large","max-video-preview":"max-video-preview:-1"},"canonical":"https:\/\/bozita.com\/fi\/kissan-hankinta\/kissan-totuttaminen-uuteen-kotiin\/","og_locale":"fi_FI","og_type":"article","og_title":"Kissan totuttaminen uuteen kotiin - Bozita Finland","og_description":"Valmistaudu totuttamaan kissasi uuteen kotiinsa ennen sen saapumista. Stressi v\u00e4henee ja kissasi tuntee olonsa kotoisammaksi. Tutustu tarkistuslistaamme.","og_url":"https:\/\/bozita.com\/fi\/kissan-hankinta\/kissan-totuttaminen-uuteen-kotiin\/","og_site_name":"Bozita Finland","article_modified_time":"2025-04-09T09:18:04+00:00","og_image":[{"width":800,"height":533,"url":"https:\/\/bozita.com\/fi\/wp-content\/uploads\/sites\/11\/2021\/08\/bozita-introducera-katt-till-nytt-hem.jpg","type":"image\/jpeg"}],"twitter_card":"summary_large_image","schema":{"@context":"https:\/\/schema.org","@graph":[{"@type":"WebPage","@id":"https:\/\/bozita.com\/fi\/kissan-hankinta\/kissan-totuttaminen-uuteen-kotiin\/","url":"https:\/\/bozita.com\/fi\/kissan-hankinta\/kissan-totuttaminen-uuteen-kotiin\/","name":"Kissan totuttaminen uuteen kotiin - Bozita Finland","isPartOf":{"@id":"https:\/\/bozita.com\/fi\/#website"},"datePublished":"2022-08-31T07:08:03+00:00","dateModified":"2025-04-09T09:18:04+00:00","description":"Valmistaudu totuttamaan kissasi uuteen kotiinsa ennen sen saapumista. Stressi v\u00e4henee ja kissasi tuntee olonsa kotoisammaksi. Tutustu tarkistuslistaamme.","breadcrumb":{"@id":"https:\/\/bozita.com\/fi\/kissan-hankinta\/kissan-totuttaminen-uuteen-kotiin\/#breadcrumb"},"inLanguage":"fi","potentialAction":[{"@type":"ReadAction","target":["https:\/\/bozita.com\/fi\/kissan-hankinta\/kissan-totuttaminen-uuteen-kotiin\/"]}]},{"@type":"BreadcrumbList","@id":"https:\/\/bozita.com\/fi\/kissan-hankinta\/kissan-totuttaminen-uuteen-kotiin\/#breadcrumb","itemListElement":[{"@type":"ListItem","position":1,"name":"Koti","item":"https:\/\/bozita.com\/fi\/"},{"@type":"ListItem","position":2,"name":"Kissan hankinta","item":"https:\/\/bozita.com\/fi\/kissan-hankinta\/"},{"@type":"ListItem","position":3,"name":"Kissan totuttaminen uuteen kotiin"}]},{"@type":"WebSite","@id":"https:\/\/bozita.com\/fi\/#website","url":"https:\/\/bozita.com\/fi\/","name":"Bozita Finland","description":"","potentialAction":[{"@type":"SearchAction","target":{"@type":"EntryPoint","urlTemplate":"https:\/\/bozita.com\/fi\/?s={search_term_string}"},"query-input":"required name=search_term_string"}],"inLanguage":"fi"}]}},"_links":{"self":[{"href":"https:\/\/bozita.com\/fi\/wp-json\/wp\/v2\/pages\/6472"}],"collection":[{"href":"https:\/\/bozita.com\/fi\/wp-json\/wp\/v2\/pages"}],"about":[{"href":"https:\/\/bozita.com\/fi\/wp-json\/wp\/v2\/types\/page"}],"author":[{"embeddable":true,"href":"https:\/\/bozita.com\/fi\/wp-json\/wp\/v2\/users\/1"}],"replies":[{"embeddable":true,"href":"https:\/\/bozita.com\/fi\/wp-json\/wp\/v2\/comments?post=6472"}],"version-history":[{"count":7,"href":"https:\/\/bozita.com\/fi\/wp-json\/wp\/v2\/pages\/6472\/revisions"}],"predecessor-version":[{"id":11178,"href":"https:\/\/bozita.com\/fi\/wp-json\/wp\/v2\/pages\/6472\/revisions\/11178"}],"up":[{"embeddable":true,"href":"https:\/\/bozita.com\/fi\/wp-json\/wp\/v2\/pages\/6978"}],"wp:featuredmedia":[{"embeddable":true,"href":"https:\/\/bozita.com\/fi\/wp-json\/wp\/v2\/media\/6451"}],"wp:attachment":[{"href":"https:\/\/bozita.com\/fi\/wp-json\/wp\/v2\/media?parent=6472"}],"curies":[{"name":"wp","href":"https:\/\/api.w.org\/{rel}","templated":true}]}}