{"id":6474,"date":"2022-08-31T07:09:26","date_gmt":"2022-08-31T07:09:26","guid":{"rendered":"https:\/\/bozita.com\/fi\/koska-voit-paastaa-kissanpennun-ulos-ensimmaista-kertaa\/"},"modified":"2025-04-09T09:19:04","modified_gmt":"2025-04-09T09:19:04","slug":"koska-voit-paastaa-kissanpennun-ulos-ensimmaista-kertaa","status":"publish","type":"page","link":"https:\/\/bozita.com\/fi\/kissan-hankinta\/koska-voit-paastaa-kissanpennun-ulos-ensimmaista-kertaa\/","title":{"rendered":"Koska voit p\u00e4\u00e4st\u00e4\u00e4 kissanpennun ulos ensimm\u00e4ist\u00e4 kertaa?"},"content":{"rendered":"\t\t<section class=\"small-hero\">\n\t\t\t<div class=\"container\">\n\t\t\t\t<h1 class=\"small-hero-title\">Koska voit p\u00e4\u00e4st\u00e4\u00e4 kissanpennun ulos ensimm\u00e4ist\u00e4 kertaa?<\/h1>\t\t\t<\/div>\n\t\t\t<\/div>\n\t\t<\/section>\n\t\n\n\t<div class=\"text-box-warp\">\n\t\t<div class=\"container\">\n\t\t\t<div class=\"text-content\">\n\t\t\t\t<p><strong>Jos haluat kissasi olevan ulkokissa on t\u00e4rke\u00e4\u00e4, ett\u00e4 et p\u00e4\u00e4st\u00e4 sit\u00e4 ulos ennen kuin se on siihen valmis ja olet varma sen olevan kissallesi turvallista.<\/strong>\u00a0<strong>Aloita lyhyill\u00e4 ulkoiluilla etenkin kissanpennuille.<\/strong><\/p>\n<h2>\u00c4L\u00c4 P\u00c4\u00c4ST\u00c4 KISSAASI ULOS ENNEN KUIN SE ON SIRUTETTU, ROKOTETTU JA STERILOITU<\/h2>\n<p>Kissan tulisi olla sirutettu, rokotettu ja steriloitu ennen kuin se p\u00e4\u00e4stet\u00e4\u00e4n ulos.Odota kunnes kissanpentusi on noin kuusi kuukautta vanha ennen sen ulosp\u00e4\u00e4st\u00e4mist\u00e4.<\/p>\n<p>Kissan rekister\u00f6iminen ja siruttaminen minimoi karkaamisen ja katoamisen riskin. N\u00e4in sinut voi my\u00f6s tunnistaa kissan omistajaksi jos se sattuisi joutumaan onnettomuuteen.<\/p>\n<p>Rokotukset poistavat tavallisten kissojen tautien vaaran. Useimmat kissat ovat t\u00e4ysin rokotettuja kolmen kuukauden ik\u00e4isin\u00e4.<\/p>\n<h4>Lue lis\u00e4\u00e4<\/h4>\n<ul>\n<li><a href=\"https:\/\/bozita.com\/fi\/miksi-sinun-tulisi-tunnistusmerkita-kissasi\/\">Tast\u00e4 syyst\u00e4 sinun tulisi siruttaa kissasi<\/a><\/li>\n<li><a href=\"https:\/\/bozita.com\/fi\/kissasi-rokottaminen\/\">Rokotukset poistavat tavallisten kissojen tautien vaaran.<\/a><\/li>\n<\/ul>\n<p>Mik\u00e4li et aio k\u00e4ytt\u00e4\u00e4 kissaasi jalostukseen on sinun, Ruotsin maatalousliiton uusien s\u00e4\u00e4nn\u00f6sten mukaan, steriloitava kissasi erityisesti jos se on ulkokissa. Ruotsissa on t\u00e4n\u00e4 p\u00e4iv\u00e4n\u00e4 aivan liikaa kodittomia kissoja ja leikkaamattomat ulkokissat ovat osa t\u00e4t\u00e4 ongelmaa. Yleinen suositus on steriloida kissa juuri sen saavuttaessa sukukypsyyden eli noin kuuden kuukauden i\u00e4ss\u00e4.<\/p>\n<h4>Lue lis\u00e4\u00e4<\/h4>\n<ul>\n<li><a href=\"https:\/\/bozita.com\/fi\/kissan-steriloimisella-on-monia-etuja\/?lang=fi\">Kissan steriloimisella on useita etuja<\/a><\/li>\n<\/ul>\n<h2>ONKO KISSASI VALMIS ULKOEL\u00c4M\u00c4\u00c4N?<\/h2>\n<p>Vaikka kissasi olisi sirutettu, rokotettu ja steriloitu ei se v\u00e4ltt\u00e4m\u00e4tt\u00e4 ole valmis ulosp\u00e4\u00e4stett\u00e4v\u00e4ksi. Kenties ei viel\u00e4 ole aika p\u00e4\u00e4st\u00e4\u00e4 kissaasi ulos. Outoja \u00e4\u00e4ni\u00e4 s\u00e4ikkyv\u00e4t kissat tarvitsevat usein enemm\u00e4n aikaa eik\u00e4 ole lainkaan tavatonta, ett\u00e4 ne ovat vuoden vanhoja ennen ulkoilun aloittamista.<\/p>\n<h2>ALOITA KISSAN ULKOILUTTAMINEN V\u00c4HITELLEN<\/h2>\n<p>Ulkona avautuva avara maailma saattaa olla nuorelle kissalle liikaa. Jos p\u00e4\u00e4st\u00e4t kissasi ulos liian aikaisin se saattaa pel\u00e4sty\u00e4 ja juosta piiloutumaan jonnekin. P\u00e4\u00e4st\u00e4 siis kissasi ulos sen m\u00e4\u00e4r\u00e4m\u00e4ll\u00e4 tahdilla.<\/p>\n<p>Aloita p\u00e4\u00e4st\u00e4m\u00e4ll\u00e4 kissasi tutkimaan talon l\u00e4heisyydess\u00e4 olevaa nurmikentt\u00e4\u00e4 tai k\u00e4vele sen kanssa hihnassa tielle tai parkkipaikalle, jotta se tottuu ulkona avautuvaan maailmaan.<\/p>\n<p>Kun nurmikentt\u00e4 ja tie ovat tulleet tutuiksi ja kissa vaikuttaa tyytyv\u00e4iselt\u00e4 on se valmis tutkimaan paikkoja itsekseen. Palkitse kissasi makupalalla kun se tulee kotiin, jotta kotiin tulemisesta tulee sille miellytt\u00e4v\u00e4 tapahtuma.<\/p>\n<p>Jos tavallisesti ruokit kissasi aina samaan kellonaikaan on hyv\u00e4 p\u00e4\u00e4st\u00e4\u00e4 se ulos juuri ennen ruoka-aikaa. T\u00e4m\u00e4 varmistaa sen, ett\u00e4 kissa palaa n\u00e4lk\u00e4isen\u00e4 kotiin ruokittavaksi.<\/p>\n<h4>Lue lis\u00e4\u00e4<\/h4>\n<ul>\n<li><a href=\"https:\/\/bozita.com\/fi\/onko-kissan-tai-kissanpennun-kouluttaminen-mahdollista\/\">Voiko kissaa tai kissanpentua koluttaa?<\/a><\/li>\n<\/ul>\n\t\t\t<\/div>\n\t\t<\/div>\n\t<\/div>\n\n\n\n\t<section class=\"block related-articles\">\n\t\t<div class=\"container\">\n\t\t\t<h2>Aiheeseen liittyvi\u00e4 artikkeleita<\/h2>\n\t\t\t<div class=\"row justify-content-center\">\n\t\t\t\t\t\t\t\t\t\t<div class=\"col-sm-6 col-md-6 col-lg-3\">\n\t\t\t\t\t\t\t\t\t\t\t\t\t\t<div class=\"card \">\n\t\t\t\t\t\t\t\t\t\t\t\t\t\t\t\t\t<img decoding=\"async\"  src=\"https:\/\/bozita.com\/fi\/wp-content\/uploads\/sites\/11\/2025\/03\/bozita_swedish-natural-quality-compass.jpg\" alt=\"\">\n\t\t\t\t\t\t\t\t\t\t\t\t\t\t\t\t\t<!-- <img decoding=\"async\" src=\"\n\t\t\t\t\t\t\t\t\t\t\t\t\t\t\t\t\t\t\t\t\" alt=\"\n\t\t\t\t\t\t\t\t\t\t\t\t\t\t\t\t\t\t\t\t\t\t\t\t\t\t\t\"> -->\n\t\t\t\t\t\t\t\t<div class=\"card-body\">\n\t\t\t\t\t\t\t\t\t\t\t\t\t\t\t\t\t\t\t<h6>Miksi sinun tulisi tunnistusmerkit\u00e4 kissasi<\/h6>\n\t\t\t\t\t\t\t\t\t\t\t\t\t\t\t\t\t\t\t<a href=\"https:\/\/bozita.com\/fi\/miksi-sinun-tulisi-tunnistusmerkita-kissasi\/\">Lue lis\u00e4\u00e4 &nbsp; ><\/a>\n\t\t\t\t\t\t\t\t<\/div>\n\t\t\t\t\t\t\t<\/div>\n\t\t\t\t\t\t<\/div>\n\n\t\t\t\t\t\t\t\t\t\t\t<div class=\"col-sm-6 col-md-6 col-lg-3\">\n\t\t\t\t\t\t\t\t\t\t\t\t\t\t<div class=\"card \">\n\t\t\t\t\t\t\t\t\t\t\t\t\t\t\t\t\t<img decoding=\"async\"  src=\"https:\/\/bozita.com\/fi\/wp-content\/uploads\/sites\/11\/2025\/03\/bozita_swedish-natural-quality-compass.jpg\" alt=\"\">\n\t\t\t\t\t\t\t\t\t\t\t\t\t\t\t\t\t<!-- <img decoding=\"async\" src=\"\n\t\t\t\t\t\t\t\t\t\t\t\t\t\t\t\t\t\t\t\t\" alt=\"\n\t\t\t\t\t\t\t\t\t\t\t\t\t\t\t\t\t\t\t\t\t\t\t\t\t\t\t\"> -->\n\t\t\t\t\t\t\t\t<div class=\"card-body\">\n\t\t\t\t\t\t\t\t\t\t\t\t\t\t\t\t\t\t\t<h6>Kissan ja kissanpennun madottaminen<\/h6>\n\t\t\t\t\t\t\t\t\t\t\t\t\t\t\t\t\t\t\t<a href=\"https:\/\/bozita.com\/fi\/pida-kissasi-terveena\/kissan-ja-kissanpennun-madottaminen\/\">Lue lis\u00e4\u00e4 &nbsp; ><\/a>\n\t\t\t\t\t\t\t\t<\/div>\n\t\t\t\t\t\t\t<\/div>\n\t\t\t\t\t\t<\/div>\n\n\t\t\t\t\t\t\t\t\t\t\t<div class=\"col-sm-6 col-md-6 col-lg-3\">\n\t\t\t\t\t\t\t\t\t\t\t\t\t\t<div class=\"card \">\n\t\t\t\t\t\t\t\t\t\t\t\t\t\t\t\t\t<img decoding=\"async\"  src=\"https:\/\/bozita.com\/fi\/wp-content\/uploads\/sites\/11\/2021\/08\/bozita-socialisera-kattunge.jpg\" alt=\"\">\n\t\t\t\t\t\t\t\t\t\t\t\t\t\t\t\t\t<!-- <img decoding=\"async\" src=\"\n\t\t\t\t\t\t\t\t\t\t\t\t\t\t\t\t\t\t\t\t\" alt=\"\n\t\t\t\t\t\t\t\t\t\t\t\t\t\t\t\t\t\t\t\t\t\t\t\t\t\t\t\"> -->\n\t\t\t\t\t\t\t\t<div class=\"card-body\">\n\t\t\t\t\t\t\t\t\t\t\t\t\t\t\t\t\t\t\t<h6>Kissanpennut &#8211; kehitys ja sosiaalistaminen<\/h6>\n\t\t\t\t\t\t\t\t\t\t\t\t\t\t\t\t\t\t\t<a href=\"https:\/\/bozita.com\/fi\/kissan-kehitys\/kissanpennut-kehitys-ja-sosiaalistaminen\/\">Lue lis\u00e4\u00e4 &nbsp; ><\/a>\n\t\t\t\t\t\t\t\t<\/div>\n\t\t\t\t\t\t\t<\/div>\n\t\t\t\t\t\t<\/div>\n\n\t\t\t\t\t\t\t\t\t\t\t\t<\/div>\n\t\t<\/div>\n\t<\/section>\n","protected":false},"excerpt":{"rendered":"","protected":false},"author":1,"featured_media":11179,"parent":6978,"menu_order":0,"comment_status":"closed","ping_status":"closed","template":"guternberg.php","meta":{"footnotes":""},"acf":[],"yoast_head":"<!-- This site is optimized with the Yoast SEO plugin v21.3 - https:\/\/yoast.com\/wordpress\/plugins\/seo\/ -->\n<title>Koska voit p\u00e4\u00e4st\u00e4\u00e4 kissanpennun ulos ensimm\u00e4ist\u00e4 kertaa? - Bozita Finland<\/title>\n<meta name=\"description\" content=\"Pid\u00e4 t\u00e4m\u00e4 mieless\u00e4 kun aiot p\u00e4\u00e4st\u00e4\u00e4 kissasi ulos. Kissan on oltava sirutettu, rokotettu ja steriloitu. Totuta kissa ulkoel\u00e4m\u00e4\u00e4n rauhallisella tahdilla.\" \/>\n<meta name=\"robots\" content=\"index, follow, max-snippet:-1, max-image-preview:large, max-video-preview:-1\" \/>\n<link rel=\"canonical\" href=\"https:\/\/bozita.com\/fi\/kissan-hankinta\/koska-voit-paastaa-kissanpennun-ulos-ensimmaista-kertaa\/\" \/>\n<meta property=\"og:locale\" content=\"fi_FI\" \/>\n<meta property=\"og:type\" content=\"article\" \/>\n<meta property=\"og:title\" content=\"Koska voit p\u00e4\u00e4st\u00e4\u00e4 kissanpennun ulos ensimm\u00e4ist\u00e4 kertaa? - Bozita Finland\" \/>\n<meta property=\"og:description\" content=\"Pid\u00e4 t\u00e4m\u00e4 mieless\u00e4 kun aiot p\u00e4\u00e4st\u00e4\u00e4 kissasi ulos. Kissan on oltava sirutettu, rokotettu ja steriloitu. Totuta kissa ulkoel\u00e4m\u00e4\u00e4n rauhallisella tahdilla.\" \/>\n<meta property=\"og:url\" content=\"https:\/\/bozita.com\/fi\/kissan-hankinta\/koska-voit-paastaa-kissanpennun-ulos-ensimmaista-kertaa\/\" \/>\n<meta property=\"og:site_name\" content=\"Bozita Finland\" \/>\n<meta property=\"article:modified_time\" content=\"2025-04-09T09:19:04+00:00\" \/>\n<meta property=\"og:image\" content=\"https:\/\/bozita.com\/fi\/wp-content\/uploads\/sites\/11\/2025\/03\/bozita_swedish-natural-quality-compass.jpg\" \/>\n\t<meta property=\"og:image:width\" content=\"800\" \/>\n\t<meta property=\"og:image:height\" content=\"533\" \/>\n\t<meta property=\"og:image:type\" content=\"image\/jpeg\" \/>\n<meta name=\"twitter:card\" content=\"summary_large_image\" \/>\n<!-- \/ Yoast SEO plugin. -->","yoast_head_json":{"title":"Koska voit p\u00e4\u00e4st\u00e4\u00e4 kissanpennun ulos ensimm\u00e4ist\u00e4 kertaa? - Bozita Finland","description":"Pid\u00e4 t\u00e4m\u00e4 mieless\u00e4 kun aiot p\u00e4\u00e4st\u00e4\u00e4 kissasi ulos. Kissan on oltava sirutettu, rokotettu ja steriloitu. Totuta kissa ulkoel\u00e4m\u00e4\u00e4n rauhallisella tahdilla.","robots":{"index":"index","follow":"follow","max-snippet":"max-snippet:-1","max-image-preview":"max-image-preview:large","max-video-preview":"max-video-preview:-1"},"canonical":"https:\/\/bozita.com\/fi\/kissan-hankinta\/koska-voit-paastaa-kissanpennun-ulos-ensimmaista-kertaa\/","og_locale":"fi_FI","og_type":"article","og_title":"Koska voit p\u00e4\u00e4st\u00e4\u00e4 kissanpennun ulos ensimm\u00e4ist\u00e4 kertaa? - Bozita Finland","og_description":"Pid\u00e4 t\u00e4m\u00e4 mieless\u00e4 kun aiot p\u00e4\u00e4st\u00e4\u00e4 kissasi ulos. Kissan on oltava sirutettu, rokotettu ja steriloitu. Totuta kissa ulkoel\u00e4m\u00e4\u00e4n rauhallisella tahdilla.","og_url":"https:\/\/bozita.com\/fi\/kissan-hankinta\/koska-voit-paastaa-kissanpennun-ulos-ensimmaista-kertaa\/","og_site_name":"Bozita Finland","article_modified_time":"2025-04-09T09:19:04+00:00","og_image":[{"width":800,"height":533,"url":"https:\/\/bozita.com\/fi\/wp-content\/uploads\/sites\/11\/2025\/03\/bozita_swedish-natural-quality-compass.jpg","type":"image\/jpeg"}],"twitter_card":"summary_large_image","schema":{"@context":"https:\/\/schema.org","@graph":[{"@type":"WebPage","@id":"https:\/\/bozita.com\/fi\/kissan-hankinta\/koska-voit-paastaa-kissanpennun-ulos-ensimmaista-kertaa\/","url":"https:\/\/bozita.com\/fi\/kissan-hankinta\/koska-voit-paastaa-kissanpennun-ulos-ensimmaista-kertaa\/","name":"Koska voit p\u00e4\u00e4st\u00e4\u00e4 kissanpennun ulos ensimm\u00e4ist\u00e4 kertaa? - Bozita Finland","isPartOf":{"@id":"https:\/\/bozita.com\/fi\/#website"},"datePublished":"2022-08-31T07:09:26+00:00","dateModified":"2025-04-09T09:19:04+00:00","description":"Pid\u00e4 t\u00e4m\u00e4 mieless\u00e4 kun aiot p\u00e4\u00e4st\u00e4\u00e4 kissasi ulos. Kissan on oltava sirutettu, rokotettu ja steriloitu. Totuta kissa ulkoel\u00e4m\u00e4\u00e4n rauhallisella tahdilla.","breadcrumb":{"@id":"https:\/\/bozita.com\/fi\/kissan-hankinta\/koska-voit-paastaa-kissanpennun-ulos-ensimmaista-kertaa\/#breadcrumb"},"inLanguage":"fi","potentialAction":[{"@type":"ReadAction","target":["https:\/\/bozita.com\/fi\/kissan-hankinta\/koska-voit-paastaa-kissanpennun-ulos-ensimmaista-kertaa\/"]}]},{"@type":"BreadcrumbList","@id":"https:\/\/bozita.com\/fi\/kissan-hankinta\/koska-voit-paastaa-kissanpennun-ulos-ensimmaista-kertaa\/#breadcrumb","itemListElement":[{"@type":"ListItem","position":1,"name":"Koti","item":"https:\/\/bozita.com\/fi\/"},{"@type":"ListItem","position":2,"name":"Kissan hankinta","item":"https:\/\/bozita.com\/fi\/kissan-hankinta\/"},{"@type":"ListItem","position":3,"name":"Koska voit p\u00e4\u00e4st\u00e4\u00e4 kissanpennun ulos ensimm\u00e4ist\u00e4 kertaa?"}]},{"@type":"WebSite","@id":"https:\/\/bozita.com\/fi\/#website","url":"https:\/\/bozita.com\/fi\/","name":"Bozita Finland","description":"","potentialAction":[{"@type":"SearchAction","target":{"@type":"EntryPoint","urlTemplate":"https:\/\/bozita.com\/fi\/?s={search_term_string}"},"query-input":"required name=search_term_string"}],"inLanguage":"fi"}]}},"_links":{"self":[{"href":"https:\/\/bozita.com\/fi\/wp-json\/wp\/v2\/pages\/6474"}],"collection":[{"href":"https:\/\/bozita.com\/fi\/wp-json\/wp\/v2\/pages"}],"about":[{"href":"https:\/\/bozita.com\/fi\/wp-json\/wp\/v2\/types\/page"}],"author":[{"embeddable":true,"href":"https:\/\/bozita.com\/fi\/wp-json\/wp\/v2\/users\/1"}],"replies":[{"embeddable":true,"href":"https:\/\/bozita.com\/fi\/wp-json\/wp\/v2\/comments?post=6474"}],"version-history":[{"count":11,"href":"https:\/\/bozita.com\/fi\/wp-json\/wp\/v2\/pages\/6474\/revisions"}],"predecessor-version":[{"id":11186,"href":"https:\/\/bozita.com\/fi\/wp-json\/wp\/v2\/pages\/6474\/revisions\/11186"}],"up":[{"embeddable":true,"href":"https:\/\/bozita.com\/fi\/wp-json\/wp\/v2\/pages\/6978"}],"wp:featuredmedia":[{"embeddable":true,"href":"https:\/\/bozita.com\/fi\/wp-json\/wp\/v2\/media\/11179"}],"wp:attachment":[{"href":"https:\/\/bozita.com\/fi\/wp-json\/wp\/v2\/media?parent=6474"}],"curies":[{"name":"wp","href":"https:\/\/api.w.org\/{rel}","templated":true}]}}