{"id":6476,"date":"2022-08-31T07:09:46","date_gmt":"2022-08-31T07:09:46","guid":{"rendered":"https:\/\/bozita.com\/fi\/bozitasta\/"},"modified":"2025-10-07T13:51:24","modified_gmt":"2025-10-07T13:51:24","slug":"bozitasta","status":"publish","type":"page","link":"https:\/\/bozita.com\/fi\/bozitasta\/","title":{"rendered":"Bozitasta"},"content":{"rendered":"\n\t\t<section class=\"small-hero-with-image\">\n\t\t\t\t\t\t\t<img decoding=\"async\" class=\"background-image\" src=\"https:\/\/bozita.com\/fi\/wp-content\/uploads\/sites\/11\/2021\/08\/bozita-om-oss-2.jpg\" alt=\"\">\n\t\t\t\t\t\t\t<div class=\"overlay-v1 overlay-bg\">\n\t\t\t\t<div class=\"container\">\n\t\t\t\t\t<div class=\"row\">\n\t\t\t\t\t\t<div class=\"col-md-6 col-lg-5\">\n\t\t\t\t\t\t\t<h5>Filosofiamme<\/h5><h1>Bozitasta<\/h1><p><p>Olemme pieni yritys V\u00e5rg\u00e5rdasta, Ruotsista, joka on valmistanut kissan- ja koiranruokaa vuodesta 1903. Haluamme tehd\u00e4 asiat mahdollisimman yksinkertaisesti ja luonnollisesti.<\/p>\n<\/p>\t\t\t\t\t\t<\/div>\n\t\t\t\t\t<\/div>\n\t\t\t\t<\/div>\n\t\t\t<\/div>\n\t\t<\/section>\n\t\t\n\n\t<div class=\"text-box-warp\">\n\t\t<div class=\"container\">\n\t\t\t<div class=\"text-content\">\n\t\t\t\t<div id=\"page\" class=\"site\">\n<p>&nbsp;<\/p>\n<div class=\"text-box-warp\">\n<div class=\"container\">\n<div class=\"text-content\">\n<p><strong>Valmistamme kissan- ja koiranruokamme luonnollisista, korkealaatuisista ainesosista ilman tarpeettomia lis\u00e4aineita.<\/strong><\/p>\n<h2>KAIKKI ALKOI VUONNA 1903<\/h2>\n<p>Er\u00e4\u00e4n\u00e4 p\u00e4iv\u00e4n\u00e4 1800-luvun puoliv\u00e4liss\u00e4, nuori mies G\u00f6teborgista nimelt\u00e4\u00e4n Aron Heyman, nousi junasta V\u00e5rg\u00e5rdassa. T\u00e4ll\u00e4 hedelm\u00e4llisell\u00e4 seudulla h\u00e4n k\u00e4ytti aiemmin Skotlannista saamaansa tietoa valmistaakseen ylij\u00e4\u00e4m\u00e4viljasta h\u00f6yrytetty\u00e4 puuroa. Vuonna 1903 h\u00e4n esitteli aivan ensimm\u00e4isen koiranruokamme \u201cV\u00e5rg\u00e5rda Hundmj\u00f6l\u201d:n.<\/p>\n<p>Nykyisin Partner in Pet Food Nordics AB on Ruotsin suurin kissan- ja koiranruoan valmistaja yli sadan vuoden kokemuksella lemmikkiruokien valmistamisesta. Yhti\u00f6ll\u00e4 on noin 200 ty\u00f6ntekij\u00e4\u00e4 ja yli miljardin SEK:n vuosittainen liikevaihto.<\/p>\n<h2>RUOTSISSA TUOTETTUA<\/h2>\n<p>Tehtaamme sijaitsee L\u00e4nsi-Ruotsin kauniilla maatalousalueella, V\u00e5rg\u00e5rdassa, jossa valmistamme niin m\u00e4rk\u00e4- kuin kuivaruokaa. T\u00e4\u00e4ll\u00e4 \u2013 kuten muuallakin Ruotsissa \u2013 maanviljelij\u00e4t k\u00e4ytt\u00e4v\u00e4t v\u00e4hemm\u00e4n kemikaaleja kuin muualla maailmassa, ja ruotsalainen karjatalous asettaa tunnetusti paljon painoa el\u00e4inten hyvinvoinnille. T\u00e4m\u00e4 tarkoittaa, ett\u00e4 ruokiin k\u00e4ytt\u00e4m\u00e4mme raaka-aineet ovat huippulaadukkaita.<\/p>\n<h2>TUOTEKEHITTELY<\/h2>\n<p>Me Partner in Pet Food Nordics AB:ssa ty\u00f6skentelemme jatkuvasti kehitt\u00e4\u00e4ksemme tuotteitamme entist\u00e4 paremmiksi. T\u00e4t\u00e4 teemme johtaaksemme ja muokataksemme teollisuuttamme hyv\u00e4ll\u00e4 tavalla. Tuotekehittely ei tarkoita ainoastaan olemassa olevien tuotteiden kehitt\u00e4mist\u00e4 vaan my\u00f6s mit\u00e4 suurimmassa m\u00e4\u00e4rin uusien tuotteiden luomista.<\/p>\n<p>&nbsp;<\/p>\n<\/div>\n<\/div>\n<\/div>\n<p>&nbsp;<\/p>\n<\/div>\n<section class=\"block section-promos\">\n<div class=\"container\">\n<div class=\"row\">\n<div class=\"col-md-6 col-lg-4 condensed_V2\">\n<div class=\"card\"><\/div>\n<\/div>\n<\/div>\n<\/div>\n<\/section>\n\t\t\t<\/div>\n\t\t<\/div>\n\t<\/div>\n\n\n\t<section class=\"block section-promos\">\n\t\t<div class=\"container\">\n\t\t\t<div class=\"row\">\n\t\t\t\t\t\t\t\t\t\t<div class=\"col-md-6 col-lg-4 condensed_V2\">\n\t\t\t\t\t\t\t<div class=\"card\">\n\t\t\t\t\t\t\t\t\t\t\t\t\t\t\t\t\t<img decoding=\"async\" class=\"card-img-top\" src=\"https:\/\/bozita.com\/fi\/wp-content\/uploads\/sites\/11\/2023\/10\/bozita-breeders-club-dog-cat.jpeg\" alt=\"\">\n\t\t\t\t\t\t\t\t\t\t\t\t\t\t\t\t<div class=\"card-body\">\n\t\t\t\t\t\t\t\t\t<h5 class=\"card-title\">KASVATTAJILLE<\/h5>\n\t\t\t\t\t\t\t\t\t<p class=\"card-text\">Mik\u00e4li olet koiran- tai kissankasvattaja, jolla on v\u00e4hint\u00e4\u00e4n yksi pentue joka kolmas vuosi, voit liitty\u00e4 kasvattajakerhoomme Bozita Breeders Club.<\/p>\n\t\t\t\t\t\t\t\t\t\t\t\t\t\t\t\t\t\t\t<a target=\"\" href=\"https:\/\/bozita.com\/fi\/bozita-breeders-club\/\" class=\"btn btn-white\">Bozita Breeders Club<\/a>\n\t\t\t\t\t\t\t\t\t\t\t\t\t\t\t\t\t\t<\/div>\n\t\t\t\t\t\t\t<\/div>\n\t\t\t\t\t\t<\/div>\n\t\t\t\t\t\t\t\t\t\t\t\t<div class=\"col-md-6 col-lg-4 condensed_V2\">\n\t\t\t\t\t\t\t<div class=\"card\">\n\t\t\t\t\t\t\t\t\t\t\t\t\t\t\t\t\t<img decoding=\"async\" class=\"card-img-top\" src=\"https:\/\/bozita.com\/fi\/wp-content\/uploads\/sites\/11\/2022\/09\/bozita-hallbarhet-2.jpeg\" alt=\"\">\n\t\t\t\t\t\t\t\t\t\t\t\t\t\t\t\t<div class=\"card-body\">\n\t\t\t\t\t\t\t\t\t<h5 class=\"card-title\">KEST\u00c4VYYS<\/h5>\n\t\t\t\t\t\t\t\t\t<p class=\"card-text\">Tavoitteemme on valmistaa korkealuokkaista koiran- ja kissanruokaa kest\u00e4vyys, ymp\u00e4rist\u00f6 ja yhteinen tulevaisuus huomioonottaen.<\/p>\n\t\t\t\t\t\t\t\t\t\t\t\t\t\t\t\t\t\t\t<a target=\"\" href=\"https:\/\/bozita.com\/fi\/kestavaa-elaimille-ja-luonnolle\/\" class=\"btn btn-white\">Kest\u00e4v\u00e4\u00e4 \u2013 el\u00e4imille ja luonnolle<\/a>\n\t\t\t\t\t\t\t\t\t\t\t\t\t\t\t\t\t\t<\/div>\n\t\t\t\t\t\t\t<\/div>\n\t\t\t\t\t\t<\/div>\n\t\t\t\t\t\t\t\t\t\t\t\t<div class=\"col-md-6 col-lg-4 condensed_V2\">\n\t\t\t\t\t\t\t<div class=\"card\">\n\t\t\t\t\t\t\t\t\t\t\t\t\t\t\t\t\t<img decoding=\"async\" class=\"card-img-top\" src=\"https:\/\/bozita.com\/fi\/wp-content\/uploads\/sites\/11\/2022\/09\/bozita-miljovanlig-forpackning-tetra-recart-2.jpeg\" alt=\"\">\n\t\t\t\t\t\t\t\t\t\t\t\t\t\t\t\t<div class=\"card-body\">\n\t\t\t\t\t\t\t\t\t<h5 class=\"card-title\">TUOTEPAKKAUKSET<\/h5>\n\t\t\t\t\t\t\t\t\t<p class=\"card-text\">Useat m\u00e4rk\u00e4ruokamme pakataan Tetra Recart, ymp\u00e4rist\u00f6yst\u00e4v\u00e4lliseen pakkaukseen, jonka voit helposti kierr\u00e4tt\u00e4\u00e4 muiden kartonkipakkausten tavoin.<\/p>\n\t\t\t\t\t\t\t\t\t\t\t\t\t\t\t\t\t\t\t<a target=\"\" href=\"https:\/\/bozita.com\/fi\/tetra-recart-ymparistoystavallinen-pakkaus-markaruoalle\/\" class=\"btn btn-white\">Tetra Recart\u00ae \u2013 ymp\u00e4rist\u00f6yst\u00e4v\u00e4llinen pakkaus m\u00e4rk\u00e4ruoalle<\/a>\n\t\t\t\t\t\t\t\t\t\t\t\t\t\t\t\t\t\t<\/div>\n\t\t\t\t\t\t\t<\/div>\n\t\t\t\t\t\t<\/div>\n\t\t\t\t\t\t\t\t\t<\/div>\n\t\t<\/div>\n\t<\/section>\n","protected":false},"excerpt":{"rendered":"","protected":false},"author":1,"featured_media":6477,"parent":0,"menu_order":0,"comment_status":"closed","ping_status":"closed","template":"guternberg.php","meta":{"footnotes":""},"acf":[],"yoast_head":"<!-- This site is optimized with the Yoast SEO plugin v21.3 - https:\/\/yoast.com\/wordpress\/plugins\/seo\/ -->\n<title>Bozitasta - Bozita Finland<\/title>\n<meta name=\"description\" content=\"Olemme pieni yritys V\u00e5rg\u00e5rdasta, Ruotsista, joka on valmistanut kissan- ja koiranruokaa vuodesta 1903. Haluamme tehd\u00e4 asiat yksinkertaisesti ja luonnollisesti. Valmistamme kissan- ja koiranruokamme korkealaatuisista ainesosista ilman turhia lis\u00e4aineita.\" \/>\n<meta name=\"robots\" content=\"index, follow, max-snippet:-1, max-image-preview:large, max-video-preview:-1\" \/>\n<link rel=\"canonical\" href=\"https:\/\/bozita.com\/fi\/bozitasta\/\" \/>\n<meta property=\"og:locale\" content=\"fi_FI\" \/>\n<meta property=\"og:type\" content=\"article\" \/>\n<meta property=\"og:title\" content=\"Bozitasta - Bozita Finland\" \/>\n<meta property=\"og:description\" content=\"Olemme pieni yritys V\u00e5rg\u00e5rdasta, Ruotsista, joka on valmistanut kissan- ja koiranruokaa vuodesta 1903. Haluamme tehd\u00e4 asiat yksinkertaisesti ja luonnollisesti. Valmistamme kissan- ja koiranruokamme korkealaatuisista ainesosista ilman turhia lis\u00e4aineita.\" \/>\n<meta property=\"og:url\" content=\"https:\/\/bozita.com\/fi\/bozitasta\/\" \/>\n<meta property=\"og:site_name\" content=\"Bozita Finland\" \/>\n<meta property=\"article:modified_time\" content=\"2025-10-07T13:51:24+00:00\" \/>\n<meta property=\"og:image\" content=\"https:\/\/bozita.com\/fi\/wp-content\/uploads\/sites\/11\/2021\/06\/bozita-om-oss.jpg\" \/>\n\t<meta property=\"og:image:width\" content=\"1600\" \/>\n\t<meta property=\"og:image:height\" content=\"578\" \/>\n\t<meta property=\"og:image:type\" content=\"image\/jpeg\" \/>\n<meta name=\"twitter:card\" content=\"summary_large_image\" \/>\n<!-- \/ Yoast SEO plugin. -->","yoast_head_json":{"title":"Bozitasta - Bozita Finland","description":"Olemme pieni yritys V\u00e5rg\u00e5rdasta, Ruotsista, joka on valmistanut kissan- ja koiranruokaa vuodesta 1903. Haluamme tehd\u00e4 asiat yksinkertaisesti ja luonnollisesti. Valmistamme kissan- ja koiranruokamme korkealaatuisista ainesosista ilman turhia lis\u00e4aineita.","robots":{"index":"index","follow":"follow","max-snippet":"max-snippet:-1","max-image-preview":"max-image-preview:large","max-video-preview":"max-video-preview:-1"},"canonical":"https:\/\/bozita.com\/fi\/bozitasta\/","og_locale":"fi_FI","og_type":"article","og_title":"Bozitasta - Bozita Finland","og_description":"Olemme pieni yritys V\u00e5rg\u00e5rdasta, Ruotsista, joka on valmistanut kissan- ja koiranruokaa vuodesta 1903. Haluamme tehd\u00e4 asiat yksinkertaisesti ja luonnollisesti. Valmistamme kissan- ja koiranruokamme korkealaatuisista ainesosista ilman turhia lis\u00e4aineita.","og_url":"https:\/\/bozita.com\/fi\/bozitasta\/","og_site_name":"Bozita Finland","article_modified_time":"2025-10-07T13:51:24+00:00","og_image":[{"width":1600,"height":578,"url":"https:\/\/bozita.com\/fi\/wp-content\/uploads\/sites\/11\/2021\/06\/bozita-om-oss.jpg","type":"image\/jpeg"}],"twitter_card":"summary_large_image","schema":{"@context":"https:\/\/schema.org","@graph":[{"@type":"WebPage","@id":"https:\/\/bozita.com\/fi\/bozitasta\/","url":"https:\/\/bozita.com\/fi\/bozitasta\/","name":"Bozitasta - Bozita Finland","isPartOf":{"@id":"https:\/\/bozita.com\/fi\/#website"},"datePublished":"2022-08-31T07:09:46+00:00","dateModified":"2025-10-07T13:51:24+00:00","description":"Olemme pieni yritys V\u00e5rg\u00e5rdasta, Ruotsista, joka on valmistanut kissan- ja koiranruokaa vuodesta 1903. Haluamme tehd\u00e4 asiat yksinkertaisesti ja luonnollisesti. Valmistamme kissan- ja koiranruokamme korkealaatuisista ainesosista ilman turhia lis\u00e4aineita.","breadcrumb":{"@id":"https:\/\/bozita.com\/fi\/bozitasta\/#breadcrumb"},"inLanguage":"fi","potentialAction":[{"@type":"ReadAction","target":["https:\/\/bozita.com\/fi\/bozitasta\/"]}]},{"@type":"BreadcrumbList","@id":"https:\/\/bozita.com\/fi\/bozitasta\/#breadcrumb","itemListElement":[{"@type":"ListItem","position":1,"name":"Koti","item":"https:\/\/bozita.com\/fi\/"},{"@type":"ListItem","position":2,"name":"Bozitasta"}]},{"@type":"WebSite","@id":"https:\/\/bozita.com\/fi\/#website","url":"https:\/\/bozita.com\/fi\/","name":"Bozita Finland","description":"","potentialAction":[{"@type":"SearchAction","target":{"@type":"EntryPoint","urlTemplate":"https:\/\/bozita.com\/fi\/?s={search_term_string}"},"query-input":"required name=search_term_string"}],"inLanguage":"fi"}]}},"_links":{"self":[{"href":"https:\/\/bozita.com\/fi\/wp-json\/wp\/v2\/pages\/6476"}],"collection":[{"href":"https:\/\/bozita.com\/fi\/wp-json\/wp\/v2\/pages"}],"about":[{"href":"https:\/\/bozita.com\/fi\/wp-json\/wp\/v2\/types\/page"}],"author":[{"embeddable":true,"href":"https:\/\/bozita.com\/fi\/wp-json\/wp\/v2\/users\/1"}],"replies":[{"embeddable":true,"href":"https:\/\/bozita.com\/fi\/wp-json\/wp\/v2\/comments?post=6476"}],"version-history":[{"count":55,"href":"https:\/\/bozita.com\/fi\/wp-json\/wp\/v2\/pages\/6476\/revisions"}],"predecessor-version":[{"id":11898,"href":"https:\/\/bozita.com\/fi\/wp-json\/wp\/v2\/pages\/6476\/revisions\/11898"}],"wp:featuredmedia":[{"embeddable":true,"href":"https:\/\/bozita.com\/fi\/wp-json\/wp\/v2\/media\/6477"}],"wp:attachment":[{"href":"https:\/\/bozita.com\/fi\/wp-json\/wp\/v2\/media?parent=6476"}],"curies":[{"name":"wp","href":"https:\/\/api.w.org\/{rel}","templated":true}]}}