{"id":6483,"date":"2022-08-31T07:10:01","date_gmt":"2022-08-31T07:10:01","guid":{"rendered":"https:\/\/bozita.com\/fi\/kissakoti-tassalyckan\/"},"modified":"2025-03-25T09:01:46","modified_gmt":"2025-03-25T09:01:46","slug":"kissakoti-tassalyckan","status":"publish","type":"page","link":"https:\/\/bozita.com\/fi\/kissakoti-tassalyckan\/","title":{"rendered":""},"content":{"rendered":"\n\t\t<section class=\"small-hero-with-image\">\n\t\t\t\t\t\t\t<img decoding=\"async\" class=\"background-image\" src=\"https:\/\/bozita.com\/fi\/wp-content\/uploads\/sites\/11\/2021\/08\/bozita-tassalyckans-katthem-produktutveckling-2-2.jpg\" alt=\"\">\n\t\t\t\t\t\t\t<div class=\"overlay-v1 overlay-bg\">\n\t\t\t\t<div class=\"container\">\n\t\t\t\t\t<div class=\"row\">\n\t\t\t\t\t\t<div class=\"col-md-6 col-lg-5\">\n\t\t\t\t\t\t\t<h1>Tassula suljetaan<\/h1><p><p>Tassulan kissakoti perustettiin 1992 ja vuosien saatossa on t\u00e4ll\u00e4 ainutlaatuisella kissatalolla ollut erilaisia toimintoja. Sen on tarjonnut turvallisen ja rakastavan paikan kissoille, jotka ovat tarvinneet huolenpitoa, ja samalla kissat ovat toimineet arvostettuna makuraatinamme uusia tuotteita kehitt\u00e4ess\u00e4mme. Partner in Pet Food hankki Doggy AB:n omistukseensa vuonna 2020, ja sen j\u00e4lkeen tuotekehitysprosessimme on k\u00e4ynyt l\u00e4pi muutoksia, joiden johdosta my\u00f6s ruokiemme testaus hoidetaan nyky\u00e4\u00e4n riippumattomien tutkimusyritysten toimesta kissojen omissa kodeissa. Lopettamisp\u00e4\u00e4t\u00f6s ei ole ollut helppo, mutta teemme sen rakkaudella ja kiitollisuudella, ja olemme vakuuttuneita siit\u00e4, ett\u00e4 Tassulalla on ollut suuri vaikutus useiden kissojen el\u00e4m\u00e4\u00e4n. Tassulan lopettaessa toimintansa V\u00e5rg\u00e5rdassa, etsimme kaikille kissoille rakastavat loppuel\u00e4m\u00e4nkodit. Yritys my\u00f6s tarjoaa kissoille ilmaisen ruoan koko loppuel\u00e4m\u00e4n ajaksi.<\/p>\n<\/p>\t\t\t\t\t\t<\/div>\n\t\t\t\t\t<\/div>\n\t\t\t\t<\/div>\n\t\t\t<\/div>\n\t\t<\/section>\n\t\t\n\n\t<div class=\"text-box-warp\">\n\t\t<div class=\"container\">\n\t\t\t<div class=\"text-content\">\n\t\t\t\t\t\t\t<\/div>\n\t\t<\/div>\n\t<\/div>\n\n\n\t<section class=\"block section-promos\">\n\t\t<div class=\"container\">\n\t\t\t<div class=\"row\">\n\t\t\t\t\t\t\t\t\t\t<div class=\"col-md-6 col-lg-4 condensed_V2\">\n\t\t\t\t\t\t\t<div class=\"card\">\n\t\t\t\t\t\t\t\t\t\t\t\t\t\t\t\t\t<img decoding=\"async\" class=\"card-img-top\" src=\"https:\/\/bozita.com\/fi\/wp-content\/uploads\/sites\/11\/2021\/06\/bozita-about-us.jpeg\" alt=\"\">\n\t\t\t\t\t\t\t\t\t\t\t\t\t\t\t\t<div class=\"card-body\">\n\t\t\t\t\t\t\t\t\t<h5 class=\"card-title\">Bozitasta<\/h5>\n\t\t\t\t\t\t\t\t\t<p class=\"card-text\">Olemme valmistaneet koiran- ja kissanruokaa yli 100 vuotta! Kaikki lemmikkiruokamme on valmistettu V\u00e5rg\u00e5rdassa parhaista mahdollisista aineksista.<\/p>\n\t\t\t\t\t\t\t\t\t\t\t\t\t\t\t\t\t\t\t<a target=\"\" href=\"https:\/\/bozita.com\/fi\/bozitasta\/\" class=\"btn btn-white\">Bozitasta<\/a>\n\t\t\t\t\t\t\t\t\t\t\t\t\t\t\t\t\t\t<\/div>\n\t\t\t\t\t\t\t<\/div>\n\t\t\t\t\t\t<\/div>\n\t\t\t\t\t\t\t\t\t\t\t\t<div class=\"col-md-6 col-lg-4 condensed_V2\">\n\t\t\t\t\t\t\t<div class=\"card\">\n\t\t\t\t\t\t\t\t\t\t\t\t\t\t\t\t\t<img decoding=\"async\" class=\"card-img-top\" src=\"https:\/\/bozita.com\/fi\/wp-content\/uploads\/sites\/11\/2021\/06\/bozita-breeders-club-dog-cat.jpeg\" alt=\"\">\n\t\t\t\t\t\t\t\t\t\t\t\t\t\t\t\t<div class=\"card-body\">\n\t\t\t\t\t\t\t\t\t<h5 class=\"card-title\">Kasvattajille<\/h5>\n\t\t\t\t\t\t\t\t\t<p class=\"card-text\">Mik\u00e4li olet kasvattaja, jolla on v\u00e4hint\u00e4\u00e4n yksi pentue joka kolmas vuosi voit liitty\u00e4 j\u00e4seneksi seuraamme, Bozita Breeder&#8217;s Clubiin. <\/p>\n\t\t\t\t\t\t\t\t\t\t\t\t\t\t\t\t\t\t\t<a target=\"\" href=\"https:\/\/bozita.com\/fi\/bozita-breeders-club\/\" class=\"btn btn-white\">Bozita Breeders Club<\/a>\n\t\t\t\t\t\t\t\t\t\t\t\t\t\t\t\t\t\t<\/div>\n\t\t\t\t\t\t\t<\/div>\n\t\t\t\t\t\t<\/div>\n\t\t\t\t\t\t\t\t\t\t\t\t<div class=\"col-md-6 col-lg-4 condensed_V2\">\n\t\t\t\t\t\t\t<div class=\"card\">\n\t\t\t\t\t\t\t\t\t\t\t\t\t\t\t\t\t<img decoding=\"async\" class=\"card-img-top\" src=\"https:\/\/bozita.com\/fi\/wp-content\/uploads\/sites\/11\/2021\/06\/bozita-hallbarhet.jpeg\" alt=\"\">\n\t\t\t\t\t\t\t\t\t\t\t\t\t\t\t\t<div class=\"card-body\">\n\t\t\t\t\t\t\t\t\t<h5 class=\"card-title\">Kest\u00e4vyys<\/h5>\n\t\t\t\t\t\t\t\t\t<p class=\"card-text\">Tavoitteemme on tuottaa kaikkein parasta koiran- ja kissanruokaa keskittyen kest\u00e4vyyteen, ymp\u00e4rist\u00f6\u00f6n sek\u00e4 jaettuun tulevaisuuteemme<\/p>\n\t\t\t\t\t\t\t\t\t\t\t\t\t\t\t\t\t\t\t<a target=\"\" href=\"https:\/\/bozita.com\/fi\/kestavaa-elaimille-ja-luonnolle\/\" class=\"btn btn-white\">Kest\u00e4v\u00e4\u00e4 &#8211; el\u00e4imille ja luonnolle.<\/a>\n\t\t\t\t\t\t\t\t\t\t\t\t\t\t\t\t\t\t<\/div>\n\t\t\t\t\t\t\t<\/div>\n\t\t\t\t\t\t<\/div>\n\t\t\t\t\t\t\t\t\t\t\t\t<div class=\"col-md-6 col-lg-4 condensed_V2\">\n\t\t\t\t\t\t\t<div class=\"card\">\n\t\t\t\t\t\t\t\t\t\t\t\t\t\t\t\t\t<img decoding=\"async\" class=\"card-img-top\" src=\"https:\/\/bozita.com\/fi\/wp-content\/uploads\/sites\/11\/2021\/06\/bozita-smakgaranti-hundmat-kattmat.jpeg\" alt=\"\">\n\t\t\t\t\t\t\t\t\t\t\t\t\t\t\t\t<div class=\"card-body\">\n\t\t\t\t\t\t\t\t\t<h5 class=\"card-title\">Makutakuu<\/h5>\n\t\t\t\t\t\t\t\t\t<p class=\"card-text\">Makutakuumme takaa, ett\u00e4 saat rahasi takaisin jos kissasi tai koirasi ei pid\u00e4 ruoastamme.<\/p>\n\t\t\t\t\t\t\t\t\t\t\t\t\t\t\t\t\t\t\t<a target=\"\" href=\"https:\/\/bozita.com\/fi\/makutakuu\/\" class=\"btn btn-white\">Makutakuu<\/a>\n\t\t\t\t\t\t\t\t\t\t\t\t\t\t\t\t\t\t<\/div>\n\t\t\t\t\t\t\t<\/div>\n\t\t\t\t\t\t<\/div>\n\t\t\t\t\t\t\t\t\t\t\t\t<div class=\"col-md-6 col-lg-4 condensed_V2\">\n\t\t\t\t\t\t\t<div class=\"card\">\n\t\t\t\t\t\t\t\t\t\t\t\t\t\t\t\t\t<img decoding=\"async\" class=\"card-img-top\" src=\"https:\/\/bozita.com\/fi\/wp-content\/uploads\/sites\/11\/2021\/06\/bozita-miljovanlig-forpackning-tetra-recart.jpeg\" alt=\"\">\n\t\t\t\t\t\t\t\t\t\t\t\t\t\t\t\t<div class=\"card-body\">\n\t\t\t\t\t\t\t\t\t<h5 class=\"card-title\">Pakkaukset<\/h5>\n\t\t\t\t\t\t\t\t\t<p class=\"card-text\">Monet m\u00e4rk\u00e4ruoistamme on pakattu Tetra Recart -pakkaukseen. Se on ymp\u00e4rist\u00f6yst\u00e4v\u00e4llinen pakkaus, jonka voi kierr\u00e4tt\u00e4\u00e4 paperin ja pahvin kanssa.<\/p>\n\t\t\t\t\t\t\t\t\t\t\t\t\t\t\t\t\t\t\t<a target=\"\" href=\"https:\/\/bozita.com\/fi\/tetra-recart-ymparistoystavallinen-pakkaus-markaruoalle\/\" class=\"btn btn-white\">Tetra Recart\u00ae \u2013 ymp\u00e4rist\u00f6yst\u00e4v\u00e4llinen pakkaus m\u00e4rk\u00e4ruoalle<\/a>\n\t\t\t\t\t\t\t\t\t\t\t\t\t\t\t\t\t\t<\/div>\n\t\t\t\t\t\t\t<\/div>\n\t\t\t\t\t\t<\/div>\n\t\t\t\t\t\t\t\t\t\t\t\t<div class=\"col-md-6 col-lg-4 condensed_V2\">\n\t\t\t\t\t\t\t<div class=\"card\">\n\t\t\t\t\t\t\t\t\t\t\t\t\t\t\t\t\t<img decoding=\"async\" class=\"card-img-top\" src=\"\" alt=\"\">\n\t\t\t\t\t\t\t\t\t\t\t\t\t\t\t\t<div class=\"card-body\">\n\t\t\t\t\t\t\t\t\t<h5 class=\"card-title\">L\u00e4hettil\u00e4\u00e4t<\/h5>\n\t\t\t\t\t\t\t\t\t<p class=\"card-text\">N\u00e4ist\u00e4 syist\u00e4 l\u00e4hettil\u00e4\u00e4mme valitsevat Bozitan<\/p>\n\t\t\t\t\t\t\t\t\t\t\t\t\t\t\t\t\t\t\t<a target=\"\" href=\"https:\/\/bozita.com\/fi\/lahettilaat\/\" class=\"btn btn-white\">L\u00e4hettil\u00e4\u00e4t<\/a>\n\t\t\t\t\t\t\t\t\t\t\t\t\t\t\t\t\t\t<\/div>\n\t\t\t\t\t\t\t<\/div>\n\t\t\t\t\t\t<\/div>\n\t\t\t\t\t\t\t\t\t<\/div>\n\t\t<\/div>\n\t<\/section>\n","protected":false},"excerpt":{"rendered":"","protected":false},"author":1,"featured_media":6486,"parent":0,"menu_order":0,"comment_status":"closed","ping_status":"closed","template":"guternberg.php","meta":{"footnotes":""},"acf":[],"yoast_head":"<!-- This site is optimized with the Yoast SEO plugin v21.3 - https:\/\/yoast.com\/wordpress\/plugins\/seo\/ -->\n<title>- Bozita Finland<\/title>\n<meta name=\"description\" content=\"Partner in Pet Food Nordics AB:lla on oma kissakotinsa, Tassalyckan, joka on ollut toiminnassa jo vuodesta 1992. Siell\u00e4 asuu noin kolmekymment\u00e4 kissaa, jotka kaikki ty\u00f6skentelev\u00e4t tuotekehittelij\u00f6in\u00e4. Kissat tulevat erilaisista taustoista, mutta Tassalyckanissa niill\u00e4 on mukava koti ja hyv\u00e4 ty\u00f6.\" \/>\n<meta name=\"robots\" content=\"index, follow, max-snippet:-1, max-image-preview:large, max-video-preview:-1\" \/>\n<link rel=\"canonical\" href=\"https:\/\/bozita.com\/fi\/kissakoti-tassalyckan\/\" \/>\n<meta property=\"og:locale\" content=\"fi_FI\" \/>\n<meta property=\"og:type\" content=\"article\" \/>\n<meta property=\"og:title\" content=\"- Bozita Finland\" \/>\n<meta property=\"og:description\" content=\"Partner in Pet Food Nordics AB:lla on oma kissakotinsa, Tassalyckan, joka on ollut toiminnassa jo vuodesta 1992. Siell\u00e4 asuu noin kolmekymment\u00e4 kissaa, jotka kaikki ty\u00f6skentelev\u00e4t tuotekehittelij\u00f6in\u00e4. Kissat tulevat erilaisista taustoista, mutta Tassalyckanissa niill\u00e4 on mukava koti ja hyv\u00e4 ty\u00f6.\" \/>\n<meta property=\"og:url\" content=\"https:\/\/bozita.com\/fi\/kissakoti-tassalyckan\/\" \/>\n<meta property=\"og:site_name\" content=\"Bozita Finland\" \/>\n<meta property=\"article:modified_time\" content=\"2025-03-25T09:01:46+00:00\" \/>\n<meta property=\"og:image\" content=\"https:\/\/bozita.com\/fi\/wp-content\/uploads\/sites\/11\/2021\/06\/bozita-tassalyckan-katthem-provsmakare-produktutveckling.jpeg\" \/>\n\t<meta property=\"og:image:width\" content=\"800\" \/>\n\t<meta property=\"og:image:height\" content=\"533\" \/>\n\t<meta property=\"og:image:type\" content=\"image\/jpeg\" \/>\n<meta name=\"twitter:card\" content=\"summary_large_image\" \/>\n<!-- \/ Yoast SEO plugin. -->","yoast_head_json":{"title":"- Bozita Finland","description":"Partner in Pet Food Nordics AB:lla on oma kissakotinsa, Tassalyckan, joka on ollut toiminnassa jo vuodesta 1992. Siell\u00e4 asuu noin kolmekymment\u00e4 kissaa, jotka kaikki ty\u00f6skentelev\u00e4t tuotekehittelij\u00f6in\u00e4. Kissat tulevat erilaisista taustoista, mutta Tassalyckanissa niill\u00e4 on mukava koti ja hyv\u00e4 ty\u00f6.","robots":{"index":"index","follow":"follow","max-snippet":"max-snippet:-1","max-image-preview":"max-image-preview:large","max-video-preview":"max-video-preview:-1"},"canonical":"https:\/\/bozita.com\/fi\/kissakoti-tassalyckan\/","og_locale":"fi_FI","og_type":"article","og_title":"- Bozita Finland","og_description":"Partner in Pet Food Nordics AB:lla on oma kissakotinsa, Tassalyckan, joka on ollut toiminnassa jo vuodesta 1992. Siell\u00e4 asuu noin kolmekymment\u00e4 kissaa, jotka kaikki ty\u00f6skentelev\u00e4t tuotekehittelij\u00f6in\u00e4. Kissat tulevat erilaisista taustoista, mutta Tassalyckanissa niill\u00e4 on mukava koti ja hyv\u00e4 ty\u00f6.","og_url":"https:\/\/bozita.com\/fi\/kissakoti-tassalyckan\/","og_site_name":"Bozita Finland","article_modified_time":"2025-03-25T09:01:46+00:00","og_image":[{"width":800,"height":533,"url":"https:\/\/bozita.com\/fi\/wp-content\/uploads\/sites\/11\/2021\/06\/bozita-tassalyckan-katthem-provsmakare-produktutveckling.jpeg","type":"image\/jpeg"}],"twitter_card":"summary_large_image","schema":{"@context":"https:\/\/schema.org","@graph":[{"@type":"WebPage","@id":"https:\/\/bozita.com\/fi\/kissakoti-tassalyckan\/","url":"https:\/\/bozita.com\/fi\/kissakoti-tassalyckan\/","name":"- Bozita Finland","isPartOf":{"@id":"https:\/\/bozita.com\/fi\/#website"},"datePublished":"2022-08-31T07:10:01+00:00","dateModified":"2025-03-25T09:01:46+00:00","description":"Partner in Pet Food Nordics AB:lla on oma kissakotinsa, Tassalyckan, joka on ollut toiminnassa jo vuodesta 1992. Siell\u00e4 asuu noin kolmekymment\u00e4 kissaa, jotka kaikki ty\u00f6skentelev\u00e4t tuotekehittelij\u00f6in\u00e4. Kissat tulevat erilaisista taustoista, mutta Tassalyckanissa niill\u00e4 on mukava koti ja hyv\u00e4 ty\u00f6.","inLanguage":"fi","potentialAction":[{"@type":"ReadAction","target":["https:\/\/bozita.com\/fi\/kissakoti-tassalyckan\/"]}]},{"@type":"WebSite","@id":"https:\/\/bozita.com\/fi\/#website","url":"https:\/\/bozita.com\/fi\/","name":"Bozita Finland","description":"","potentialAction":[{"@type":"SearchAction","target":{"@type":"EntryPoint","urlTemplate":"https:\/\/bozita.com\/fi\/?s={search_term_string}"},"query-input":"required name=search_term_string"}],"inLanguage":"fi"}]}},"_links":{"self":[{"href":"https:\/\/bozita.com\/fi\/wp-json\/wp\/v2\/pages\/6483"}],"collection":[{"href":"https:\/\/bozita.com\/fi\/wp-json\/wp\/v2\/pages"}],"about":[{"href":"https:\/\/bozita.com\/fi\/wp-json\/wp\/v2\/types\/page"}],"author":[{"embeddable":true,"href":"https:\/\/bozita.com\/fi\/wp-json\/wp\/v2\/users\/1"}],"replies":[{"embeddable":true,"href":"https:\/\/bozita.com\/fi\/wp-json\/wp\/v2\/comments?post=6483"}],"version-history":[{"count":12,"href":"https:\/\/bozita.com\/fi\/wp-json\/wp\/v2\/pages\/6483\/revisions"}],"predecessor-version":[{"id":11372,"href":"https:\/\/bozita.com\/fi\/wp-json\/wp\/v2\/pages\/6483\/revisions\/11372"}],"wp:featuredmedia":[{"embeddable":true,"href":"https:\/\/bozita.com\/fi\/wp-json\/wp\/v2\/media\/6486"}],"wp:attachment":[{"href":"https:\/\/bozita.com\/fi\/wp-json\/wp\/v2\/media?parent=6483"}],"curies":[{"name":"wp","href":"https:\/\/api.w.org\/{rel}","templated":true}]}}