{"id":6507,"date":"2022-08-31T07:10:51","date_gmt":"2022-08-31T07:10:51","guid":{"rendered":"https:\/\/bozita.com\/fi\/mita-kissat-syovat\/"},"modified":"2025-03-05T11:23:01","modified_gmt":"2025-03-05T11:23:01","slug":"mita-kissat-syovat","status":"publish","type":"page","link":"https:\/\/bozita.com\/fi\/ravinto-ja-ruokavalio\/mita-kissat-syovat\/","title":{"rendered":"Mit\u00e4 kissat sy\u00f6v\u00e4t?"},"content":{"rendered":"\t\t<section class=\"small-hero\">\n\t\t\t<div class=\"container\">\n\t\t\t\t<h1 class=\"small-hero-title\">Mit\u00e4 kissat sy\u00f6v\u00e4t?<\/h1>\t\t\t<\/div>\n\t\t\t<\/div>\n\t\t<\/section>\n\t\n\n\t<div class=\"text-box-warp\">\n\t\t<div class=\"container\">\n\t\t\t<div class=\"text-content\">\n\t\t\t\t<p><strong>Kissat lovat luonnostaan lihansy\u00f6ji\u00e4, joten ne tarvitsevat ruokavalioonsa paljon el\u00e4inproteiinia ja el\u00e4inper\u00e4isi\u00e4 rasvoja. T\u00e4m\u00e4 ei kuitenkaan tarkoita, ett\u00e4 niiden tulee sy\u00f6d\u00e4 ainoastaan lihaa. T\u00e4rkkelys on erinomainen energianl\u00e4hde ja toimii proteiinin lis\u00e4n\u00e4 hyvin kudosten rakentamiseen ja korjaamiseen.<\/strong><\/p>\n<h2>MIT\u00c4 KISSAT SY\u00d6V\u00c4T &#8211; PROTEIINI JA RASVA<\/h2>\n<p>Kissat tarvitsevat ruokavalioonsa runsaasti proteiinia ja aminohappoja, liian alhaiset tasot saattavat olla kissalle vaarallisia. Jopa yksitt\u00e4inen ateria ilman aminohappo arginiinia voi olla kohtalokas ja tauriinin puute saattaa johtaa vakaviin komplikaatioihin, kuten syd\u00e4nsairauksiin ja sokeuteen. Koska el\u00e4intuotteet sis\u00e4lt\u00e4v\u00e4t suuren m\u00e4\u00e4r\u00e4n molempia kissanruoan t\u00e4ytyy sis\u00e4lt\u00e4\u00e4 el\u00e4inproteiinia. T\u00e4ysin kasvispohjainen ruokavalio ei sovi kissalle.<\/p>\n<p>Kissat tarvitsevat ruokavalioonsa my\u00f6s rasvaa, osittain energian takia mutta my\u00f6s kolmen t\u00e4rke\u00e4n rasvahapon vuoksi. Yksi n\u00e4ist\u00e4, arakidonihappo, sis\u00e4ltyy aina kissanruokaan. Omega-3 EPA ja DHA -rasvahappoja ei pidet\u00e4 kissalle v\u00e4ltt\u00e4m\u00e4tt\u00f6min\u00e4, mutta niill\u00e4 on terveytt\u00e4 edist\u00e4vi\u00e4 ominaisuuksia, jotka voivat edesauttaa aivojen kehityst\u00e4. EPA ja DHA ovat siksi aina penturuoan osa.<\/p>\n<h2>MIT\u00c4 KISSAT SY\u00d6V\u00c4T &#8211; T\u00c4RKKELYS<\/h2>\n<p>Vaikka kissat tarvitsevat ruokavalioonsa lihaa ei niiden tarvitse sy\u00f6d\u00e4 ainoastaan lihaa. Kissoilla on hyv\u00e4t valmiudet hy\u00f6dynt\u00e4\u00e4 hyvin valmistettuja hiilihydraatteja, kuten t\u00e4rkkelyst\u00e4, mik\u00e4 tekee siit\u00e4 erinomaisen energianl\u00e4hteen. Kun t\u00e4rkkelys tuo osan energiasis\u00e4ll\u00f6st\u00e4 voi proteiini keskitty\u00e4 t\u00e4rke\u00e4\u00e4n teht\u00e4v\u00e4\u00e4ns\u00e4 kudosten korjaajana.<\/p>\n<h2>TASAPAINOISEN KISSANRUOAN T\u00c4RKEYS<\/h2>\n<p>Hyv\u00e4n kissanruoan tulee olla huolellisesti suunniteltua, jotta se pit\u00e4\u00e4 kissan terveen\u00e4 ja mahdollistaa pitk\u00e4n el\u00e4m\u00e4n <a href=\"https:\/\/bozita.com\/fi\/kissanruoka\/\">Bozitan kissanruoat<\/a> sis\u00e4lt\u00e4v\u00e4t korkean m\u00e4\u00e4r\u00e4n el\u00e4inproteiinia sek\u00e4 hyv\u00e4\u00e4 t\u00e4rkkelyst\u00e4, kuten maissia, perunaa ja riisi\u00e4. T\u00e4m\u00e4 tekee ruoasta maistuvaa, helposti sulatettavaa ja kissallesi hy\u00f6dyllist\u00e4.<\/p>\n<h2>MIT\u00c4 VITAMIINEJA JA MINERAALEJA KISSASI TARVITSEE?<\/h2>\n<p>Ihmisten tavoin, my\u00f6s kissat tarvitsevat ruokavalioonsa tiettyj\u00e4 vitamiineja ja mineraaleja. Yksi merkitt\u00e4v\u00e4 ero on, ett\u00e4 kissat tuottavat itse C-vitamiinia, joten sit\u00e4 ei tarvitse lis\u00e4t\u00e4 niiden ruokaan. Vaikka ainesosat luonnostaan sis\u00e4lt\u00e4v\u00e4t mineraaleja ja vitamiineja, lis\u00e4t\u00e4\u00e4n kaikkiin Bozitan ruokiin mineraaleja ja vitamiineja varmistamaan, ett\u00e4 kaikki kissasi ravitsemukselliset tarpeet t\u00e4yttyv\u00e4t.<\/p>\n<h2>KUINKA PALJON KISSAN TULEE SY\u00d6D\u00c4?<\/h2>\n<p>Kissan ruoantarve riippuu monesta seikasta, kuten koosta, rodusta ja el\u00e4m\u00e4nvaiheesta. Steriloidulilla kissoilla ja sis\u00e4kissoilla on alhaisempi energiantarve kuin steriloimattomilla kissoilla ja ulkokissoilla. Ruoan m\u00e4\u00e4r\u00e4\u00e4n vaikuttaa my\u00f6s ravinnon energiapitoisuus. Kuivaruoassa on suupalaa kohden enemm\u00e4n energiaa, joten sit\u00e4 voi antaa pienempi\u00e4 m\u00e4\u00e4ri\u00e4 kuin m\u00e4rk\u00e4ruokaa, jossa suuremmat annokset ovat kissan terveyden kannalta t\u00e4ysin sallittuja.<\/p>\n<h2>KUINKA USEIN KISSAN TULEE SY\u00d6D\u00c4?<\/h2>\n<p>Kissan on kaikkein luonnollisinta sy\u00f6d\u00e4 v\u00e4h\u00e4n ja usein, mutta t\u00e4m\u00e4n j\u00e4rjest\u00e4minen ei ole useimmille kissanomistajille mahdollista. Siin\u00e4 tapauksessa kissan tulee sy\u00f6d\u00e4 tasaisesti v\u00e4hint\u00e4\u00e4n kahdesti p\u00e4ivitt\u00e4in. Jos kuitenkin haluat ruokkia kissaasi v\u00e4h\u00e4n ja usein on olemassa laitteita, jotka tarjoilevat pieni\u00e4 ruoka-annoksia ennalta m\u00e4\u00e4r\u00e4ttyin\u00e4 kellonaikoina.<\/p>\n<h2>MIT\u00c4 KISSAT SY\u00d6V\u00c4T- BOZITAN SUOSITUKSET<\/h2>\n<ul>\n<li>Ruoki kissa tasapainoisella kissanruoalla. V\u00e4lt\u00e4 kasvisruokaa.<\/li>\n<li>\u00c4l\u00e4 anna muille el\u00e4imille suunniteltua ruokaa kissalle.<\/li>\n<li>Kissan on olennaista sy\u00f6d\u00e4 oikeat ainesosat sis\u00e4lt\u00e4v\u00e4\u00e4, vain kissoille suunniteltua ruokaa.<\/li>\n<li>Pid\u00e4 ruokakupit ja ruokailualue puhtaina ja siistein\u00e4, poista ylim\u00e4\u00e4r\u00e4inen m\u00e4rk\u00e4ruoka<\/li>\n<li>Varmista, ett\u00e4 kissalla on aina raikasta, puhdasta vett\u00e4.. Tarjoile <a href=\"https:\/\/bozita.com\/fi\/markaruoka\/?lang=fi\">m\u00e4rk\u00e4ruokaa<\/a>lis\u00e4n\u00e4 <a href=\"https:\/\/bozita.com\/fi\/bozita-kissan-kuivaruoka\/?lang=fi\">kuivaruoalle<\/a>.<\/li>\n<li>Pid\u00e4 huoli, ett\u00e4 kissa pysyy terveen painoisena. Tutustu t\u00e4\u00e4ll\u00e4 <a href=\"https:\/\/bozita.com\/fi\/kuinka-paljon-kissan-tulisi-painaa\/\">Bozitan kehonrasvaojeistukseen<\/a><\/li>\n<li>Muista, ett\u00e4 steriloitu kissa lihoo helpommin. Valitse erityisesti steriloiduille kissoille suunniteltu ruoka..<\/li>\n<li>\u00c4l\u00e4 anna kissalle kermaa tai maitoa, jota ei ole niille erityisesti suunniteltu. Aikuiset kissat ovat laktoosi-intolerantteja.<\/li>\n<\/ul>\n<h4>Lue lis\u00e4\u00e4:<\/h4>\n<ul>\n<li><a href=\"https:\/\/bozita.com\/fi\/miten-vaihdat-kissasi-ruoan\/?lang=fi\">Kuinka muutat kissan ruokavalion<\/a><\/li>\n<li><a href=\"https:\/\/bozita.com\/fi\/mita-teen-kun-kissani-ei-syo-tai-juo\/\">Mit\u00e4 tehd\u00e4 jos kissa ei sy\u00f6 tai juo<\/a><\/li>\n<li><a href=\"https:\/\/bozita.com\/fi\/kissanruoka\/\">Bozitan kissanruoka: m\u00e4rk\u00e4ruoka ja kuivaruoka<\/a><\/li>\n<\/ul>\n\t\t\t<\/div>\n\t\t<\/div>\n\t<\/div>\n\n\n\n\t<section class=\"block related-articles\">\n\t\t<div class=\"container\">\n\t\t\t<h2>Aiheeseen liittyvi\u00e4 artikkeleita<\/h2>\n\t\t\t<div class=\"row justify-content-center\">\n\t\t\t\t\t\t\t\t\t\t<div class=\"col-sm-6 col-md-6 col-lg-3\">\n\t\t\t\t\t\t\t\t\t\t\t\t\t\t<div class=\"card \">\n\t\t\t\t\t\t\t\t\t\t\t\t\t\t\t\t\t<img decoding=\"async\"  src=\"https:\/\/bozita.com\/fi\/wp-content\/uploads\/sites\/11\/2021\/08\/bozita-katt-ater-inte-dricker-inte-krasen-dalig-aptit.jpg\" alt=\"\">\n\t\t\t\t\t\t\t\t\t\t\t\t\t\t\t\t\t<!-- <img decoding=\"async\" src=\"\n\t\t\t\t\t\t\t\t\t\t\t\t\t\t\t\t\t\t\t\t\" alt=\"\n\t\t\t\t\t\t\t\t\t\t\t\t\t\t\t\t\t\t\t\t\t\t\t\t\t\t\t\"> -->\n\t\t\t\t\t\t\t\t<div class=\"card-body\">\n\t\t\t\t\t\t\t\t\t\t\t\t\t\t\t\t\t\t\t<h6>Mit\u00e4 teen kun kissani ei sy\u00f6 tai juo?<\/h6>\n\t\t\t\t\t\t\t\t\t\t\t\t\t\t\t\t\t\t\t<a href=\"https:\/\/bozita.com\/fi\/ravinto-ja-ruokavalio\/mita-teen-kun-kissani-ei-syo-tai-juo\/\">Lue lis\u00e4\u00e4 &nbsp; ><\/a>\n\t\t\t\t\t\t\t\t<\/div>\n\t\t\t\t\t\t\t<\/div>\n\t\t\t\t\t\t<\/div>\n\n\t\t\t\t\t\t\t\t\t\t\t<div class=\"col-sm-6 col-md-6 col-lg-3\">\n\t\t\t\t\t\t\t\t\t\t\t\t\t\t<div class=\"card \">\n\t\t\t\t\t\t\t\t\t\t\t\t\t\t\t\t\t<img decoding=\"async\"  src=\"https:\/\/bozita.com\/fi\/wp-content\/uploads\/sites\/11\/2021\/08\/bozita-palsvard-fibrer-motverkar-harbollar.jpg\" alt=\"\">\n\t\t\t\t\t\t\t\t\t\t\t\t\t\t\t\t\t<!-- <img decoding=\"async\" src=\"\n\t\t\t\t\t\t\t\t\t\t\t\t\t\t\t\t\t\t\t\t\" alt=\"\n\t\t\t\t\t\t\t\t\t\t\t\t\t\t\t\t\t\t\t\t\t\t\t\t\t\t\t\"> -->\n\t\t\t\t\t\t\t\t<div class=\"card-body\">\n\t\t\t\t\t\t\t\t\t\t\t\t\t\t\t\t\t\t\t<h6>Oksenteleeko kissasi karvapalloja?<\/h6>\n\t\t\t\t\t\t\t\t\t\t\t\t\t\t\t\t\t\t\t<a href=\"https:\/\/bozita.com\/fi\/pida-kissasi-terveena\/oksenteleeko-kissasi-karvapalloja\/\">Lue lis\u00e4\u00e4 &nbsp; ><\/a>\n\t\t\t\t\t\t\t\t<\/div>\n\t\t\t\t\t\t\t<\/div>\n\t\t\t\t\t\t<\/div>\n\n\t\t\t\t\t\t\t\t\t\t\t<div class=\"col-sm-6 col-md-6 col-lg-3\">\n\t\t\t\t\t\t\t\t\t\t\t\t\t\t<div class=\"card \">\n\t\t\t\t\t\t\t\t\t\t\t\t\t\t\t\t\t<img decoding=\"async\"  src=\"https:\/\/bozita.com\/fi\/wp-content\/uploads\/sites\/11\/2021\/08\/bozita-katt-ratt-hull-guide.jpeg\" alt=\"\">\n\t\t\t\t\t\t\t\t\t\t\t\t\t\t\t\t\t<!-- <img decoding=\"async\" src=\"\n\t\t\t\t\t\t\t\t\t\t\t\t\t\t\t\t\t\t\t\t\" alt=\"\n\t\t\t\t\t\t\t\t\t\t\t\t\t\t\t\t\t\t\t\t\t\t\t\t\t\t\t\"> -->\n\t\t\t\t\t\t\t\t<div class=\"card-body\">\n\t\t\t\t\t\t\t\t\t\t\t\t\t\t\t\t\t\t\t<h6>Kuinka paljon kissan tulisi painaa?<\/h6>\n\t\t\t\t\t\t\t\t\t\t\t\t\t\t\t\t\t\t\t<a href=\"https:\/\/bozita.com\/fi\/pida-kissasi-terveena\/kuinka-paljon-kissan-tulisi-painaa\/\">Lue lis\u00e4\u00e4 &nbsp; ><\/a>\n\t\t\t\t\t\t\t\t<\/div>\n\t\t\t\t\t\t\t<\/div>\n\t\t\t\t\t\t<\/div>\n\n\t\t\t\t\t\t\t\t\t\t\t\t<\/div>\n\t\t<\/div>\n\t<\/section>\n","protected":false},"excerpt":{"rendered":"","protected":false},"author":1,"featured_media":6508,"parent":6661,"menu_order":0,"comment_status":"closed","ping_status":"closed","template":"guternberg.php","meta":{"footnotes":""},"acf":[],"yoast_head":"<!-- This site is optimized with the Yoast SEO plugin v21.3 - https:\/\/yoast.com\/wordpress\/plugins\/seo\/ -->\n<title>Mit\u00e4 kissat sy\u00f6v\u00e4t? - Bozita Finland<\/title>\n<meta name=\"description\" content=\"Mit\u00e4 kissat sy\u00f6v\u00e4t ja mik\u00e4 saa ne voimaan hyvin? Hyv\u00e4 tasapaino on t\u00e4rke\u00e4 pitk\u00e4n, terveen el\u00e4m\u00e4n kannalta. Lue Bozitan ohjeet siit\u00e4 mit\u00e4, miten paljon ja kuinka usein kissan tulisi sy\u00f6d\u00e4.\" \/>\n<meta name=\"robots\" content=\"index, follow, max-snippet:-1, max-image-preview:large, max-video-preview:-1\" \/>\n<link rel=\"canonical\" href=\"https:\/\/bozita.com\/fi\/ravinto-ja-ruokavalio\/mita-kissat-syovat\/\" \/>\n<meta property=\"og:locale\" content=\"fi_FI\" \/>\n<meta property=\"og:type\" content=\"article\" \/>\n<meta property=\"og:title\" content=\"Mit\u00e4 kissat sy\u00f6v\u00e4t? - Bozita Finland\" \/>\n<meta property=\"og:description\" content=\"Mit\u00e4 kissat sy\u00f6v\u00e4t ja mik\u00e4 saa ne voimaan hyvin? Hyv\u00e4 tasapaino on t\u00e4rke\u00e4 pitk\u00e4n, terveen el\u00e4m\u00e4n kannalta. Lue Bozitan ohjeet siit\u00e4 mit\u00e4, miten paljon ja kuinka usein kissan tulisi sy\u00f6d\u00e4.\" \/>\n<meta property=\"og:url\" content=\"https:\/\/bozita.com\/fi\/ravinto-ja-ruokavalio\/mita-kissat-syovat\/\" \/>\n<meta property=\"og:site_name\" content=\"Bozita Finland\" \/>\n<meta property=\"article:modified_time\" content=\"2025-03-05T11:23:01+00:00\" \/>\n<meta property=\"og:image\" content=\"https:\/\/bozita.com\/fi\/wp-content\/uploads\/sites\/11\/2021\/08\/bozita-katter-ar-kottatare.jpg\" \/>\n\t<meta property=\"og:image:width\" content=\"800\" \/>\n\t<meta property=\"og:image:height\" content=\"533\" \/>\n\t<meta property=\"og:image:type\" content=\"image\/jpeg\" \/>\n<meta name=\"twitter:card\" content=\"summary_large_image\" \/>\n<!-- \/ Yoast SEO plugin. -->","yoast_head_json":{"title":"Mit\u00e4 kissat sy\u00f6v\u00e4t? - Bozita Finland","description":"Mit\u00e4 kissat sy\u00f6v\u00e4t ja mik\u00e4 saa ne voimaan hyvin? Hyv\u00e4 tasapaino on t\u00e4rke\u00e4 pitk\u00e4n, terveen el\u00e4m\u00e4n kannalta. Lue Bozitan ohjeet siit\u00e4 mit\u00e4, miten paljon ja kuinka usein kissan tulisi sy\u00f6d\u00e4.","robots":{"index":"index","follow":"follow","max-snippet":"max-snippet:-1","max-image-preview":"max-image-preview:large","max-video-preview":"max-video-preview:-1"},"canonical":"https:\/\/bozita.com\/fi\/ravinto-ja-ruokavalio\/mita-kissat-syovat\/","og_locale":"fi_FI","og_type":"article","og_title":"Mit\u00e4 kissat sy\u00f6v\u00e4t? - Bozita Finland","og_description":"Mit\u00e4 kissat sy\u00f6v\u00e4t ja mik\u00e4 saa ne voimaan hyvin? Hyv\u00e4 tasapaino on t\u00e4rke\u00e4 pitk\u00e4n, terveen el\u00e4m\u00e4n kannalta. Lue Bozitan ohjeet siit\u00e4 mit\u00e4, miten paljon ja kuinka usein kissan tulisi sy\u00f6d\u00e4.","og_url":"https:\/\/bozita.com\/fi\/ravinto-ja-ruokavalio\/mita-kissat-syovat\/","og_site_name":"Bozita Finland","article_modified_time":"2025-03-05T11:23:01+00:00","og_image":[{"width":800,"height":533,"url":"https:\/\/bozita.com\/fi\/wp-content\/uploads\/sites\/11\/2021\/08\/bozita-katter-ar-kottatare.jpg","type":"image\/jpeg"}],"twitter_card":"summary_large_image","schema":{"@context":"https:\/\/schema.org","@graph":[{"@type":"WebPage","@id":"https:\/\/bozita.com\/fi\/ravinto-ja-ruokavalio\/mita-kissat-syovat\/","url":"https:\/\/bozita.com\/fi\/ravinto-ja-ruokavalio\/mita-kissat-syovat\/","name":"Mit\u00e4 kissat sy\u00f6v\u00e4t? - Bozita Finland","isPartOf":{"@id":"https:\/\/bozita.com\/fi\/#website"},"datePublished":"2022-08-31T07:10:51+00:00","dateModified":"2025-03-05T11:23:01+00:00","description":"Mit\u00e4 kissat sy\u00f6v\u00e4t ja mik\u00e4 saa ne voimaan hyvin? Hyv\u00e4 tasapaino on t\u00e4rke\u00e4 pitk\u00e4n, terveen el\u00e4m\u00e4n kannalta. Lue Bozitan ohjeet siit\u00e4 mit\u00e4, miten paljon ja kuinka usein kissan tulisi sy\u00f6d\u00e4.","breadcrumb":{"@id":"https:\/\/bozita.com\/fi\/ravinto-ja-ruokavalio\/mita-kissat-syovat\/#breadcrumb"},"inLanguage":"fi","potentialAction":[{"@type":"ReadAction","target":["https:\/\/bozita.com\/fi\/ravinto-ja-ruokavalio\/mita-kissat-syovat\/"]}]},{"@type":"BreadcrumbList","@id":"https:\/\/bozita.com\/fi\/ravinto-ja-ruokavalio\/mita-kissat-syovat\/#breadcrumb","itemListElement":[{"@type":"ListItem","position":1,"name":"Koti","item":"https:\/\/bozita.com\/fi\/"},{"@type":"ListItem","position":2,"name":"Ravinto ja ruokavalio","item":"https:\/\/bozita.com\/fi\/ravinto-ja-ruokavalio\/"},{"@type":"ListItem","position":3,"name":"Mit\u00e4 kissat sy\u00f6v\u00e4t?"}]},{"@type":"WebSite","@id":"https:\/\/bozita.com\/fi\/#website","url":"https:\/\/bozita.com\/fi\/","name":"Bozita Finland","description":"","potentialAction":[{"@type":"SearchAction","target":{"@type":"EntryPoint","urlTemplate":"https:\/\/bozita.com\/fi\/?s={search_term_string}"},"query-input":"required name=search_term_string"}],"inLanguage":"fi"}]}},"_links":{"self":[{"href":"https:\/\/bozita.com\/fi\/wp-json\/wp\/v2\/pages\/6507"}],"collection":[{"href":"https:\/\/bozita.com\/fi\/wp-json\/wp\/v2\/pages"}],"about":[{"href":"https:\/\/bozita.com\/fi\/wp-json\/wp\/v2\/types\/page"}],"author":[{"embeddable":true,"href":"https:\/\/bozita.com\/fi\/wp-json\/wp\/v2\/users\/1"}],"replies":[{"embeddable":true,"href":"https:\/\/bozita.com\/fi\/wp-json\/wp\/v2\/comments?post=6507"}],"version-history":[{"count":12,"href":"https:\/\/bozita.com\/fi\/wp-json\/wp\/v2\/pages\/6507\/revisions"}],"predecessor-version":[{"id":11257,"href":"https:\/\/bozita.com\/fi\/wp-json\/wp\/v2\/pages\/6507\/revisions\/11257"}],"up":[{"embeddable":true,"href":"https:\/\/bozita.com\/fi\/wp-json\/wp\/v2\/pages\/6661"}],"wp:featuredmedia":[{"embeddable":true,"href":"https:\/\/bozita.com\/fi\/wp-json\/wp\/v2\/media\/6508"}],"wp:attachment":[{"href":"https:\/\/bozita.com\/fi\/wp-json\/wp\/v2\/media?parent=6507"}],"curies":[{"name":"wp","href":"https:\/\/api.w.org\/{rel}","templated":true}]}}