{"id":6532,"date":"2022-08-31T07:13:31","date_gmt":"2022-08-31T07:13:31","guid":{"rendered":"https:\/\/bozita.com\/fi\/kaarmeenpuremat-kuinka-suojautua\/"},"modified":"2023-02-27T14:37:52","modified_gmt":"2023-02-27T14:37:52","slug":"kaarmeenpuremat-kuinka-suojautua","status":"publish","type":"page","link":"https:\/\/bozita.com\/fi\/koirasi-terveys\/kaarmeenpuremat-kuinka-suojautua\/","title":{"rendered":"K\u00e4\u00e4rmeenpuremat &#8211; Kuinka suojautua"},"content":{"rendered":"\t\t<section class=\"small-hero\">\n\t\t\t<div class=\"container\">\n\t\t\t\t<h1 class=\"small-hero-title\">K\u00e4\u00e4rmeenpuremat &#8211; Kuinka suojautua<\/h1>\t\t\t<\/div>\n\t\t\t<\/div>\n\t\t<\/section>\n\t\n\n\t<div class=\"text-box-warp\">\n\t\t<div class=\"container\">\n\t\t\t<div class=\"text-content\">\n\t\t\t\t<p>Oletko tietoinen k\u00e4\u00e4rmeen puremien riskeist\u00e4 ja tied\u00e4tk\u00f6 kuinka suojaat itsesi ja koirasi niilt\u00e4? Joka vuosi ruotsissa kuolee koiria kyyn puremiin. Pid\u00e4 silm\u00e4t auki k\u00e4\u00e4rmeiden varalta l\u00e4mpimill\u00e4 pinnoilla, korkeassa ruohikossa, lehtikasoissa sek\u00e4 muissa suojaisissa paikoissa ja pid\u00e4 mieless\u00e4 ett\u00e4 k\u00e4\u00e4rmeen purema koira tarvitsee v\u00e4lit\u00f6nt\u00e4 el\u00e4inl\u00e4\u00e4k\u00e4rin apua.<\/p>\n<h2>VARO KUUMIA PINTOJA JA KORKEAA RUOHOA<\/h2>\n<p>K\u00e4\u00e4rmeit\u00e4 ja niiden puremien v\u00e4ltt\u00e4mist\u00e4 tulee varoa l\u00e4mpimin\u00e4 kes\u00e4kuukausina. Kyyt rakastavat l\u00e4mpimi\u00e4 paikkoja, joissa ne voivat lojua auringossa. Ne pit\u00e4v\u00e4t my\u00f6s korkeasta ruohosta, lehtikasoista sek\u00e4 muista piilopaikosta, kuten talojen alustoista ja ulkorakennuksista. Teet puutarhasasti k\u00e4\u00e4rmeelle ep\u00e4mieluisamma leikkaamalla nurmikon lyhyeksi ja haravoimalla pihasi hyvin. Muista, ett\u00e4 kyyk\u00e4\u00e4rme on suojeltu laji ja sit\u00e4 tulee kohdella kunnioituksella. Ne purevat ainoastaan tuntiessaan olonsa uhatuksi eiv\u00e4tk\u00e4 ole aggressiivinen el\u00e4inlaji.<\/p>\n<h2>KYYN PUREMA KOIRA &#8211; HAKEUDU V\u00c4LITT\u00d6M\u00c4STI EL\u00c4INL\u00c4\u00c4K\u00c4RIIN<\/h2>\n<p>Koiraa purraan yleens\u00e4 etutassuihin tai kuonoon. Kuun purema kuonoon johtaa yleens\u00e4 lievempiin oireisiin kuin purema jalkoihin. T\u00e4m\u00e4 johtuu siit\u00e4, ett\u00e4 veri kiert\u00e4\u00e4 tehokkaammin jaloissa ja tassuissa. Jos k\u00e4\u00e4rme puree koiraasi hakeudu heti el\u00e4inl\u00e4\u00e4k\u00e4riin. El\u00e4inl\u00e4\u00e4k\u00e4riss\u00e4 koirasi shokkia hoidetaan ja myrkyn vaikutusta verisoluihin tarkkaillaan,<\/p>\n<h2>KOIRIEN K\u00c4\u00c4RMEEN PUREMAT &#8211; OIREET<\/h2>\n<ul>\n<li>Purema-alueen turvotus ja arkuus<\/li>\n<li>Turvotus voi lis\u00e4\u00e4nty\u00e4 muutaman p\u00e4iv\u00e4n ajan ennen v\u00e4istymist\u00e4\u00e4n<\/li>\n<li>Koirasta tulee usein pureman j\u00e4lkeen veltto<\/li>\n<li>Huono yleistila, huimaus ja uneliaisuus<\/li>\n<li>Toisinaan puremakohdassa n\u00e4kyy kaksi pient\u00e4 pistett\u00e4<\/li>\n<li>Oksentelu ja ripuli<\/li>\n<li>Halvausoireet ja kipu<\/li>\n<\/ul>\n<p>Mitk\u00e4 oireista ilmenev\u00e4t ja kuinka vakavia ne ovat riippuu siit\u00e4 kuinka paljon myrkky\u00e4 k\u00e4\u00e4rmeen puremasta erittyy. Ota aina v\u00e4litt\u00f6m\u00e4sti yhteytt\u00e4 el\u00e4inl\u00e4\u00e4k\u00e4riin jos ep\u00e4ilet koirallasi kyyn puremaa.<\/p>\n<h2>TUNNISTATKO K\u00c4\u00c4RMEET?<\/h2>\n<p>Ruotsissa kyy on ainoa myrkkyk\u00e4\u00e4rme. Tunnistatko erilaiset k\u00e4\u00e4rmeet? Tutustu niihin Skansenin verkkosivustolla.<\/p>\n<ul>\n<li>Kuinka tunnistan kyyn<\/li>\n<li>Kuinka tunnistan rantak\u00e4\u00e4rmeen<\/li>\n<\/ul>\n\t\t\t<\/div>\n\t\t<\/div>\n\t<\/div>\n\n\n\n\t<section class=\"block related-articles\">\n\t\t<div class=\"container\">\n\t\t\t<h2>Aiheeseen liittyvi\u00e4 artikkeleita<\/h2>\n\t\t\t<div class=\"row justify-content-center\">\n\t\t\t\t\t\t\t\t\t\t<div class=\"col-sm-6 col-md-6 col-lg-3\">\n\t\t\t\t\t\t\t\t\t\t\t\t\t\t<div class=\"card \">\n\t\t\t\t\t\t\t\t\t\t\t\t\t\t\t\t\t<img decoding=\"async\"  src=\"https:\/\/bozita.com\/fi\/wp-content\/uploads\/sites\/11\/2021\/08\/bozita-forgiftning-svamp-hund.jpeg\" alt=\"\">\n\t\t\t\t\t\t\t\t\t\t\t\t\t\t\t\t\t<!-- <img decoding=\"async\" src=\"\n\t\t\t\t\t\t\t\t\t\t\t\t\t\t\t\t\t\t\t\t\" alt=\"\n\t\t\t\t\t\t\t\t\t\t\t\t\t\t\t\t\t\t\t\t\t\t\t\t\t\t\t\"> -->\n\t\t\t\t\t\t\t\t<div class=\"card-body\">\n\t\t\t\t\t\t\t\t\t\t\t\t\t\t\t\t\t\t\t<h6>Koirien sienimyrkytykset &#8211; ole varuillasi mets\u00e4ss\u00e4<\/h6>\n\t\t\t\t\t\t\t\t\t\t\t\t\t\t\t\t\t\t\t<a href=\"https:\/\/bozita.com\/fi\/koirasi-terveys\/koirien-sienimyrkytykset-ole-varuillasi-metsassa\/\">Lue lis\u00e4\u00e4 &nbsp; ><\/a>\n\t\t\t\t\t\t\t\t<\/div>\n\t\t\t\t\t\t\t<\/div>\n\t\t\t\t\t\t<\/div>\n\n\t\t\t\t\t\t\t\t\t\t\t<div class=\"col-sm-6 col-md-6 col-lg-3\">\n\t\t\t\t\t\t\t\t\t\t\t\t\t\t<div class=\"card \">\n\t\t\t\t\t\t\t\t\t\t\t\t\t\t\t\t\t<img decoding=\"async\"  src=\"https:\/\/bozita.com\/fi\/wp-content\/uploads\/sites\/11\/2021\/08\/bozita-algblomning-algforgiftning.jpeg\" alt=\"\">\n\t\t\t\t\t\t\t\t\t\t\t\t\t\t\t\t\t<!-- <img decoding=\"async\" src=\"\n\t\t\t\t\t\t\t\t\t\t\t\t\t\t\t\t\t\t\t\t\" alt=\"\n\t\t\t\t\t\t\t\t\t\t\t\t\t\t\t\t\t\t\t\t\t\t\t\t\t\t\t\"> -->\n\t\t\t\t\t\t\t\t<div class=\"card-body\">\n\t\t\t\t\t\t\t\t\t\t\t\t\t\t\t\t\t\t\t<h6>Lev\u00e4kukinta ja koirat &#8211; mit\u00e4 sinun tulee tiet\u00e4\u00e4<\/h6>\n\t\t\t\t\t\t\t\t\t\t\t\t\t\t\t\t\t\t\t<a href=\"https:\/\/bozita.com\/fi\/koirasi-terveys\/levakukinta-ja-koirat-mita-sinun-tulee-tietaa\/\">Lue lis\u00e4\u00e4 &nbsp; ><\/a>\n\t\t\t\t\t\t\t\t<\/div>\n\t\t\t\t\t\t\t<\/div>\n\t\t\t\t\t\t<\/div>\n\n\t\t\t\t\t\t\t\t\t\t\t<div class=\"col-sm-6 col-md-6 col-lg-3\">\n\t\t\t\t\t\t\t\t\t\t\t\t\t\t<div class=\"card \">\n\t\t\t\t\t\t\t\t\t\t\t\t\t\t\t\t\t<img decoding=\"async\"  src=\"https:\/\/bozita.com\/fi\/wp-content\/uploads\/sites\/11\/2021\/08\/bozita-hund-sommarvarme-varmeslag.jpeg\" alt=\"\">\n\t\t\t\t\t\t\t\t\t\t\t\t\t\t\t\t\t<!-- <img decoding=\"async\" src=\"\n\t\t\t\t\t\t\t\t\t\t\t\t\t\t\t\t\t\t\t\t\" alt=\"\n\t\t\t\t\t\t\t\t\t\t\t\t\t\t\t\t\t\t\t\t\t\t\t\t\t\t\t\"> -->\n\t\t\t\t\t\t\t\t<div class=\"card-body\">\n\t\t\t\t\t\t\t\t\t\t\t\t\t\t\t\t\t\t\t<h6>Koirien l\u00e4mp\u00f6halvaukset &#8211; pid\u00e4 koirasi viile\u00e4n\u00e4 kes\u00e4isin<\/h6>\n\t\t\t\t\t\t\t\t\t\t\t\t\t\t\t\t\t\t\t<a href=\"https:\/\/bozita.com\/fi\/koirasi-terveys\/koirien-lampohalvaukset-pida-koirasi-viileana-kesaisin\/\">Lue lis\u00e4\u00e4 &nbsp; ><\/a>\n\t\t\t\t\t\t\t\t<\/div>\n\t\t\t\t\t\t\t<\/div>\n\t\t\t\t\t\t<\/div>\n\n\t\t\t\t\t\t\t\t\t\t\t\t<\/div>\n\t\t<\/div>\n\t<\/section>\n","protected":false},"excerpt":{"rendered":"","protected":false},"author":1,"featured_media":6533,"parent":6550,"menu_order":0,"comment_status":"closed","ping_status":"closed","template":"guternberg.php","meta":{"footnotes":""},"acf":[],"yoast_head":"<!-- This site is optimized with the Yoast SEO plugin v21.3 - https:\/\/yoast.com\/wordpress\/plugins\/seo\/ -->\n<title>K\u00e4\u00e4rmeenpuremat - Kuinka suojautua - Bozita Finland<\/title>\n<meta name=\"description\" content=\"Joka vuosi koiria kuolee kyyk\u00e4\u00e4rmen puremiin. Jos kyy puree koiraasi hakeudu v\u00e4litt\u00f6m\u00e4sti el\u00e4inl\u00e4\u00e4k\u00e4rin tutkittavaksi. Lue lis\u00e4\u00e4, miten suojaat itsesi ja koirasi kyyk\u00e4\u00e4rmeilt\u00e4.\" \/>\n<meta name=\"robots\" content=\"index, follow, max-snippet:-1, max-image-preview:large, max-video-preview:-1\" \/>\n<link rel=\"canonical\" href=\"https:\/\/bozita.com\/fi\/koirasi-terveys\/kaarmeenpuremat-kuinka-suojautua\/\" \/>\n<meta property=\"og:locale\" content=\"fi_FI\" \/>\n<meta property=\"og:type\" content=\"article\" \/>\n<meta property=\"og:title\" content=\"K\u00e4\u00e4rmeenpuremat - Kuinka suojautua - Bozita Finland\" \/>\n<meta property=\"og:description\" content=\"Joka vuosi koiria kuolee kyyk\u00e4\u00e4rmen puremiin. Jos kyy puree koiraasi hakeudu v\u00e4litt\u00f6m\u00e4sti el\u00e4inl\u00e4\u00e4k\u00e4rin tutkittavaksi. Lue lis\u00e4\u00e4, miten suojaat itsesi ja koirasi kyyk\u00e4\u00e4rmeilt\u00e4.\" \/>\n<meta property=\"og:url\" content=\"https:\/\/bozita.com\/fi\/koirasi-terveys\/kaarmeenpuremat-kuinka-suojautua\/\" \/>\n<meta property=\"og:site_name\" content=\"Bozita Finland\" \/>\n<meta property=\"article:modified_time\" content=\"2023-02-27T14:37:52+00:00\" \/>\n<meta property=\"og:image\" content=\"https:\/\/bozita.com\/fi\/wp-content\/uploads\/sites\/11\/2021\/08\/bozita-hund-huggormsbiten.jpeg\" \/>\n\t<meta property=\"og:image:width\" content=\"800\" \/>\n\t<meta property=\"og:image:height\" content=\"533\" \/>\n\t<meta property=\"og:image:type\" content=\"image\/jpeg\" \/>\n<meta name=\"twitter:card\" content=\"summary_large_image\" \/>\n<!-- \/ Yoast SEO plugin. -->","yoast_head_json":{"title":"K\u00e4\u00e4rmeenpuremat - Kuinka suojautua - Bozita Finland","description":"Joka vuosi koiria kuolee kyyk\u00e4\u00e4rmen puremiin. Jos kyy puree koiraasi hakeudu v\u00e4litt\u00f6m\u00e4sti el\u00e4inl\u00e4\u00e4k\u00e4rin tutkittavaksi. Lue lis\u00e4\u00e4, miten suojaat itsesi ja koirasi kyyk\u00e4\u00e4rmeilt\u00e4.","robots":{"index":"index","follow":"follow","max-snippet":"max-snippet:-1","max-image-preview":"max-image-preview:large","max-video-preview":"max-video-preview:-1"},"canonical":"https:\/\/bozita.com\/fi\/koirasi-terveys\/kaarmeenpuremat-kuinka-suojautua\/","og_locale":"fi_FI","og_type":"article","og_title":"K\u00e4\u00e4rmeenpuremat - Kuinka suojautua - Bozita Finland","og_description":"Joka vuosi koiria kuolee kyyk\u00e4\u00e4rmen puremiin. Jos kyy puree koiraasi hakeudu v\u00e4litt\u00f6m\u00e4sti el\u00e4inl\u00e4\u00e4k\u00e4rin tutkittavaksi. Lue lis\u00e4\u00e4, miten suojaat itsesi ja koirasi kyyk\u00e4\u00e4rmeilt\u00e4.","og_url":"https:\/\/bozita.com\/fi\/koirasi-terveys\/kaarmeenpuremat-kuinka-suojautua\/","og_site_name":"Bozita Finland","article_modified_time":"2023-02-27T14:37:52+00:00","og_image":[{"width":800,"height":533,"url":"https:\/\/bozita.com\/fi\/wp-content\/uploads\/sites\/11\/2021\/08\/bozita-hund-huggormsbiten.jpeg","type":"image\/jpeg"}],"twitter_card":"summary_large_image","schema":{"@context":"https:\/\/schema.org","@graph":[{"@type":"WebPage","@id":"https:\/\/bozita.com\/fi\/koirasi-terveys\/kaarmeenpuremat-kuinka-suojautua\/","url":"https:\/\/bozita.com\/fi\/koirasi-terveys\/kaarmeenpuremat-kuinka-suojautua\/","name":"K\u00e4\u00e4rmeenpuremat - Kuinka suojautua - Bozita Finland","isPartOf":{"@id":"https:\/\/bozita.com\/fi\/#website"},"datePublished":"2022-08-31T07:13:31+00:00","dateModified":"2023-02-27T14:37:52+00:00","description":"Joka vuosi koiria kuolee kyyk\u00e4\u00e4rmen puremiin. Jos kyy puree koiraasi hakeudu v\u00e4litt\u00f6m\u00e4sti el\u00e4inl\u00e4\u00e4k\u00e4rin tutkittavaksi. Lue lis\u00e4\u00e4, miten suojaat itsesi ja koirasi kyyk\u00e4\u00e4rmeilt\u00e4.","breadcrumb":{"@id":"https:\/\/bozita.com\/fi\/koirasi-terveys\/kaarmeenpuremat-kuinka-suojautua\/#breadcrumb"},"inLanguage":"fi","potentialAction":[{"@type":"ReadAction","target":["https:\/\/bozita.com\/fi\/koirasi-terveys\/kaarmeenpuremat-kuinka-suojautua\/"]}]},{"@type":"BreadcrumbList","@id":"https:\/\/bozita.com\/fi\/koirasi-terveys\/kaarmeenpuremat-kuinka-suojautua\/#breadcrumb","itemListElement":[{"@type":"ListItem","position":1,"name":"Koti","item":"https:\/\/bozita.com\/fi\/"},{"@type":"ListItem","position":2,"name":"Koirasi terveys","item":"https:\/\/bozita.com\/fi\/koirasi-terveys\/"},{"@type":"ListItem","position":3,"name":"K\u00e4\u00e4rmeenpuremat &#8211; Kuinka suojautua"}]},{"@type":"WebSite","@id":"https:\/\/bozita.com\/fi\/#website","url":"https:\/\/bozita.com\/fi\/","name":"Bozita Finland","description":"","potentialAction":[{"@type":"SearchAction","target":{"@type":"EntryPoint","urlTemplate":"https:\/\/bozita.com\/fi\/?s={search_term_string}"},"query-input":"required name=search_term_string"}],"inLanguage":"fi"}]}},"_links":{"self":[{"href":"https:\/\/bozita.com\/fi\/wp-json\/wp\/v2\/pages\/6532"}],"collection":[{"href":"https:\/\/bozita.com\/fi\/wp-json\/wp\/v2\/pages"}],"about":[{"href":"https:\/\/bozita.com\/fi\/wp-json\/wp\/v2\/types\/page"}],"author":[{"embeddable":true,"href":"https:\/\/bozita.com\/fi\/wp-json\/wp\/v2\/users\/1"}],"replies":[{"embeddable":true,"href":"https:\/\/bozita.com\/fi\/wp-json\/wp\/v2\/comments?post=6532"}],"version-history":[{"count":4,"href":"https:\/\/bozita.com\/fi\/wp-json\/wp\/v2\/pages\/6532\/revisions"}],"predecessor-version":[{"id":8024,"href":"https:\/\/bozita.com\/fi\/wp-json\/wp\/v2\/pages\/6532\/revisions\/8024"}],"up":[{"embeddable":true,"href":"https:\/\/bozita.com\/fi\/wp-json\/wp\/v2\/pages\/6550"}],"wp:featuredmedia":[{"embeddable":true,"href":"https:\/\/bozita.com\/fi\/wp-json\/wp\/v2\/media\/6533"}],"wp:attachment":[{"href":"https:\/\/bozita.com\/fi\/wp-json\/wp\/v2\/media?parent=6532"}],"curies":[{"name":"wp","href":"https:\/\/api.w.org\/{rel}","templated":true}]}}