{"id":6537,"date":"2022-08-31T07:13:53","date_gmt":"2022-08-31T07:13:53","guid":{"rendered":"https:\/\/bozita.com\/fi\/pida-kissasi-terveena\/"},"modified":"2025-04-09T08:53:40","modified_gmt":"2025-04-09T08:53:40","slug":"pida-kissasi-terveena","status":"publish","type":"page","link":"https:\/\/bozita.com\/fi\/pida-kissasi-terveena\/","title":{"rendered":"Pid\u00e4 kissasi terveen\u00e4"},"content":{"rendered":"\n\t\t<section class=\"small-hero-with-image\">\n\t\t\t\t\t\t\t<img decoding=\"async\" class=\"background-image\" src=\"https:\/\/bozita.com\/fi\/wp-content\/uploads\/sites\/11\/2021\/08\/bozita-katt-halsa-3-2.jpg\" alt=\"\">\n\t\t\t\t\t\t\t<div class=\"overlay-v1 overlay-bg\">\n\t\t\t\t<div class=\"container\">\n\t\t\t\t\t<div class=\"row\">\n\t\t\t\t\t\t<div class=\"col-md-6 col-lg-5\">\n\t\t\t\t\t\t\t<h5>Tietoa<\/h5><h1>Pid\u00e4 kissasi terveen\u00e4<\/h1><p><p>Kissanomistajana haluat, ett\u00e4 kissasi el\u00e4\u00e4 rikkaan, t\u00e4yden ja aktiivisen el\u00e4m\u00e4n. Jokainen kissa on yksil\u00f6, joka tarvitsee kaikki rakkautta ja huolenpitoa.<\/p>\n<\/p>\t\t\t\t\t\t<\/div>\n\t\t\t\t\t<\/div>\n\t\t\t\t<\/div>\n\t\t\t<\/div>\n\t\t<\/section>\n\t\t\n\n\t<div class=\"text-box-warp\">\n\t\t<div class=\"container\">\n\t\t\t<div class=\"text-content\">\n\t\t\t\t<p>Pit\u00e4\u00e4ksesi kissasi terveen\u00e4 sinun on t\u00e4rke\u00e4 pit\u00e4\u00e4 huolta asioista kuten rokotuksista, kissan leikkaamisesta ja siit\u00e4, ett\u00e4 kissasi sy\u00f6 riitt\u00e4v\u00e4sti sopivaa ruokaa.<\/p>\n<h2><a href=\"https:\/\/bozita.com\/fi\/kissasi-rokottaminen\/\">Kissn rokottaminen<\/a><\/h2>\n<p>Kissasi rokottaminen on t\u00e4rke\u00e4\u00e4 niin sille itselleen, kuin muillekin kissoille. Rokottamalla kissasi pienenenn\u00e4t tavallisten tautien, kuten FPLV:n ja kissaflunssan levi\u00e4mist\u00e4.<\/p>\n<h2><a href=\"https:\/\/bozita.com\/fi\/pida-kissasi-terveena\/kissan-steriloimisella-on-monia-etuja\/\">Kissan steriloimisella on useita terveysetuja<\/a><\/h2>\n<p>Lemmikinomistajien tulee est\u00e4\u00e4 ulkokissojen suunnittelematon, toivomaton tai liiallinen lis\u00e4\u00e4ntyminen. T\u00e4m\u00e4n voi saavuttaa kastroimalla tai steriloimalla kissan tai muuten est\u00e4m\u00e4ll\u00e4 sen vapaan lis\u00e4\u00e4ntymisen. Jos et aio k\u00e4ytt\u00e4\u00e4 kissaasi jalostukseen, on kastroinnista\/steriloinnista useita etuja.<\/p>\n<h2><a href=\"https:\/\/bozita.com\/fi\/kuinka-paljon-kissan-tulisi-painaa\/\">Kuinka paljon kissan tulisi painaa?<\/a><\/h2>\n<p>On hyvin yksil\u00f6kohtaista kuinka paljon aikuisen kissan tulisi painaa. Hyv\u00e4 s\u00e4\u00e4nt\u00f6n\u00e4 kuitenkin on, ett\u00e4 katsomalla kissan kehoa voit arvioida onko se hyv\u00e4ss\u00e4 kunnossa, joka on kissan hyvinvoinnin kannalta eritt\u00e4in t\u00e4rke\u00e4\u00e4, tai tarvitseeko sen pudottaa tai lis\u00e4t\u00e4 painoaan. K\u00e4yt\u00e4 Bozitan annosteluohjeita apuna m\u00e4\u00e4rityksess\u00e4 kuinka paljon kissan tulisi sy\u00f6d\u00e4.<\/p>\n<h2><a href=\"https:\/\/bozita.com\/fi\/pida-kissasi-terveena\/oksenteleeko-kissasi-karvapalloja\/\">Oksenteleeko kissasi karvapalloja?<\/a><\/h2>\n<p>Kun kissa puhdistaa itse\u00e4\u00e4n, sen turkista kulkeutuu irtokarvoja vatsalaukkuun, miss\u00e4 niist\u00e4 muodostuu karvapalloja. Kissa yritt\u00e4\u00e4 oksentaa ne mahdollisimman pian, mutta jos t\u00e4m\u00e4 ei onnistu on karvan kulkeuduttava ruoansulatuskanavan l\u00e4pi. Pit\u00e4m\u00e4ll\u00e4 huolta kissasi turkista ja kuitupitoisesta ravinnosta voit v\u00e4ltt\u00e4\u00e4 karvapallojen aiheuttamat vakavammat ongelmat.<\/p>\n<h2><a href=\"https:\/\/bozita.com\/fi\/kissalle-vaaralliset-joulukoristeet\/\">Kissalle vaaralliset jouluiset esineet<\/a><\/h2>\n<p>Joulu on leppoisaa aikaa ja talossa on koristeita ja kynttil\u00f6it\u00e4, mutta t\u00e4m\u00e4 tuo my\u00f6s uusia riskej\u00e4 kissallesi. Olemme koonneet t\u00e4h\u00e4n tavallisimmat joulun riskit ja joitakin helppoja ratkaisuja, jotta voit viett\u00e4\u00e4 mukavaa ja onnettomuusvapaata joulunaikaa kissasi kanssa.<\/p>\n<h2><a href=\"https:\/\/bozita.com\/fi\/kuinka-usein-kissan-kynnet-pitaa-leikata\/\">Kuinka usein kissan kynnet pit\u00e4\u00e4 leikata?<\/a><\/h2>\n<p>Kissan kynsien leikkaaminen, etenkin ensimm\u00e4isin\u00e4 kertoina, saattaa vaatia hieman k\u00e4rsiv\u00e4llisyytt\u00e4 kissan pit\u00e4ess\u00e4 tilannetta outona. Kuinka usein kissan kynnet pit\u00e4\u00e4 leikata riippuu kissasi elintavoista. Sis\u00e4kissa tarvitsee ulkokissaa enemm\u00e4n kynsihuoltoa, sill\u00e4 ulkokissat kuluttavat kynsi\u00e4\u00e4n luonnollisesti liikkuessaan luonnossa.<\/p>\n<h2><a href=\"https:\/\/bozita.com\/fi\/pida-kissasi-terveena\/kissan-ja-kissanpennun-madottaminen\/\">Kissojen ja kissanpentujen madotus<\/a><\/h2>\n<p>Kuinka usein kissa pit\u00e4\u00e4 madottaa riippuu siit\u00e4, onko se aikuinen vai pentu ja onko kyseess\u00e4 sis\u00e4kissa vai ulkokissa. Nykyinen suositus on madottaa kissa ainoastaan kun sill\u00e4 on oireita tai ep\u00e4ilet matoinfektiota. Kissojen yleisimm\u00e4t matotyypit ovat py\u00f6r\u00f6mato ja lapamato.<\/p>\n\t\t\t<\/div>\n\t\t<\/div>\n\t<\/div>\n\n\n\n\t<section class=\"block explore-other-topics\">\n\t<div class=\"container\">\n\t\t<h2>Muita aiheita<\/h2>\n\t\t<div class=\"row\">\n\t\t\t\t\t\t\t\t<div class=\"col-md-6 col-lg-3\">\n\t\t\t\t\t\t\t\t\t\t\t\t\t<h6>Ravinto ja ruokavalio<\/h6>\n\t\t\t\t\t\t\t\t\t\t\t\t\t<div class=\"card \">\n\t\t\t\t\t\t\t<img loading=\"lazy\" decoding=\"async\" width=\"800\" height=\"533\" src=\"https:\/\/bozita.com\/fi\/wp-content\/uploads\/sites\/11\/2021\/06\/bozita-nutrition-kost-katt.jpg\" class=\"attachment-post-thumbnail size-post-thumbnail wp-post-image\" alt=\"Ravinto ja ruokavalio\" srcset=\"https:\/\/bozita.com\/fi\/wp-content\/uploads\/sites\/11\/2021\/06\/bozita-nutrition-kost-katt.jpg 800w, https:\/\/bozita.com\/fi\/wp-content\/uploads\/sites\/11\/2021\/06\/bozita-nutrition-kost-katt-300x200.jpg 300w, https:\/\/bozita.com\/fi\/wp-content\/uploads\/sites\/11\/2021\/06\/bozita-nutrition-kost-katt-768x512.jpg 768w\" sizes=\"(max-width: 800px) 100vw, 800px\" \/>\n\t\t\t\t\t\t\t\t\t\t\t\t\t\t<div class=\"card-body\">\n\t\t\t\t\t\t\t\t\n\t\t\t\t\t\t\t\t\t\t\t\t\t\t\t\t\t<ul>\n\t\t\t\t\t\t\t\t\t\t\t\t\t\t\t\t\t\t\t\t\t<li><a href=\"https:\/\/bozita.com\/fi\/ravinto-ja-ruokavalio\/hyva-ruoka-kissanpennuille-kissanpennun-ruoka\/\">Hyv\u00e4 ruoka kissanpennuille = kissanpennun ruoka<\/a><\/li>\n\t\t\t\t\t\t\t\t\t\t\t\t\t\t\t\t\t\t\t\t\t\t<li><a href=\"https:\/\/bozita.com\/fi\/ravinto-ja-ruokavalio\/edut-kissasi-paivittaiselle-markaruoalla-ruokkimiselle\/\">Edut kissasi p\u00e4ivitt\u00e4iselle m\u00e4rk\u00e4ruoalla ruokkimiselle<\/a><\/li>\n\t\t\t\t\t\t\t\t\t\t\t\t\t\t\t\t\t\t\t\t\t\t<li><a href=\"https:\/\/bozita.com\/fi\/ravinto-ja-ruokavalio\/miten-vaihdat-kissasi-ruoan\/\">Miten vaihdat kissasi ruoan<\/a><\/li>\n\t\t\t\t\t\t\t\t\t\t\t\t\t\t\t\t\t\t\t\t<\/ul>\n\t\t\t\t\t\t\t\t\t\t\t\t\t\t\t\t<a target=\"\" href=\"https:\/\/bozita.com\/fi\/ravinto-ja-ruokavalio\/\" class=\"btn btn-primary\">Lis\u00e4\u00e4 artikkeleita<\/a>\n\t\t\t\t\t\t\t<\/div>\n\t\t\t\t\t\t<\/div>\n\t\t\t\t\t<\/div>\n\t\t\t\t\t\t\t\t\t\t<div class=\"col-md-6 col-lg-3\">\n\t\t\t\t\t\t\t\t\t\t\t\t\t<h6>Kissan aktivoiminen<\/h6>\n\t\t\t\t\t\t\t\t\t\t\t\t\t<div class=\"card \">\n\t\t\t\t\t\t\t<img loading=\"lazy\" decoding=\"async\" width=\"1600\" height=\"578\" src=\"https:\/\/bozita.com\/fi\/wp-content\/uploads\/sites\/11\/2021\/06\/bozita-aktivera-katt.jpg\" class=\"attachment-post-thumbnail size-post-thumbnail wp-post-image\" alt=\"Kissan aktivoiminen\" srcset=\"https:\/\/bozita.com\/fi\/wp-content\/uploads\/sites\/11\/2021\/06\/bozita-aktivera-katt.jpg 1600w, https:\/\/bozita.com\/fi\/wp-content\/uploads\/sites\/11\/2021\/06\/bozita-aktivera-katt-300x108.jpg 300w, https:\/\/bozita.com\/fi\/wp-content\/uploads\/sites\/11\/2021\/06\/bozita-aktivera-katt-1024x370.jpg 1024w, https:\/\/bozita.com\/fi\/wp-content\/uploads\/sites\/11\/2021\/06\/bozita-aktivera-katt-768x277.jpg 768w, https:\/\/bozita.com\/fi\/wp-content\/uploads\/sites\/11\/2021\/06\/bozita-aktivera-katt-1536x555.jpg 1536w\" sizes=\"(max-width: 1600px) 100vw, 1600px\" \/>\n\t\t\t\t\t\t\t\t\t\t\t\t\t\t<div class=\"card-body\">\n\t\t\t\t\t\t\t\t\n\t\t\t\t\t\t\t\t\t\t\t\t\t\t\t\t\t<ul>\n\t\t\t\t\t\t\t\t\t\t\t\t\t\t\t\t\t\t\t\t\t<li><a href=\"https:\/\/bozita.com\/fi\/kissan-aktivoiminen\/aktivoi-kissasi\/\">Aktivoi kissaasi<\/a><\/li>\n\t\t\t\t\t\t\t\t\t\t\t\t\t\t\t\t\t\t\t\t<\/ul>\n\t\t\t\t\t\t\t\t\t\t\t\t\t\t\t\t<a target=\"\" href=\"https:\/\/bozita.com\/fi\/kissan-aktivoiminen\/\" class=\"btn btn-primary\">Lis\u00e4\u00e4 artikkeleita<\/a>\n\t\t\t\t\t\t\t<\/div>\n\t\t\t\t\t\t<\/div>\n\t\t\t\t\t<\/div>\n\t\t\t\t\t\t\t\t\t\t<div class=\"col-md-6 col-lg-3\">\n\t\t\t\t\t\t\t\t\t\t\t\t\t<h6>Kissan kehitys<\/h6>\n\t\t\t\t\t\t\t\t\t\t\t\t\t<div class=\"card \">\n\t\t\t\t\t\t\t<img loading=\"lazy\" decoding=\"async\" width=\"1600\" height=\"578\" src=\"https:\/\/bozita.com\/fi\/wp-content\/uploads\/sites\/11\/2021\/06\/bozita-katt-utveckling-2.jpg\" class=\"attachment-post-thumbnail size-post-thumbnail wp-post-image\" alt=\"Kissan kehitys\" srcset=\"https:\/\/bozita.com\/fi\/wp-content\/uploads\/sites\/11\/2021\/06\/bozita-katt-utveckling-2.jpg 1600w, https:\/\/bozita.com\/fi\/wp-content\/uploads\/sites\/11\/2021\/06\/bozita-katt-utveckling-2-300x108.jpg 300w, https:\/\/bozita.com\/fi\/wp-content\/uploads\/sites\/11\/2021\/06\/bozita-katt-utveckling-2-1024x370.jpg 1024w, https:\/\/bozita.com\/fi\/wp-content\/uploads\/sites\/11\/2021\/06\/bozita-katt-utveckling-2-768x277.jpg 768w, https:\/\/bozita.com\/fi\/wp-content\/uploads\/sites\/11\/2021\/06\/bozita-katt-utveckling-2-1536x555.jpg 1536w\" sizes=\"(max-width: 1600px) 100vw, 1600px\" \/>\n\t\t\t\t\t\t\t\t\t\t\t\t\t\t<div class=\"card-body\">\n\t\t\t\t\t\t\t\t\n\t\t\t\t\t\t\t\t\t\t\t\t\t\t\t\t\t<ul>\n\t\t\t\t\t\t\t\t\t\t\t\t\t\t\t\t\t\t\t\t\t<li><a href=\"https:\/\/bozita.com\/fi\/kissan-kehitys\/mika-on-paras-tapa-matkustaa-kissan-kanssa\/\">Mik\u00e4 on paras tapa matkustaa kissan kanssa?<\/a><\/li>\n\t\t\t\t\t\t\t\t\t\t\t\t\t\t\t\t\t\t\t\t\t\t<li><a href=\"https:\/\/bozita.com\/fi\/kissan-kehitys\/kissan-kaytos-ja-kehonkieli\/\">Kissan k\u00e4yt\u00f6s ja kehonkieli<\/a><\/li>\n\t\t\t\t\t\t\t\t\t\t\t\t\t\t\t\t\t\t\t\t\t\t<li><a href=\"https:\/\/bozita.com\/fi\/kissan-kehitys\/kissojen-historiaa\/\">Kissojen historiaa<\/a><\/li>\n\t\t\t\t\t\t\t\t\t\t\t\t\t\t\t\t\t\t\t\t<\/ul>\n\t\t\t\t\t\t\t\t\t\t\t\t\t\t\t\t<a target=\"\" href=\"https:\/\/bozita.com\/fi\/kissan-kehitys\/\" class=\"btn btn-primary\">Lis\u00e4\u00e4 artikkeleita<\/a>\n\t\t\t\t\t\t\t<\/div>\n\t\t\t\t\t\t<\/div>\n\t\t\t\t\t<\/div>\n\t\t\t\t\t\t\t\t\t\t<div class=\"col-md-6 col-lg-3\">\n\t\t\t\t\t\t\t\t\t\t\t\t\t<h6>Kissan hankinta<\/h6>\n\t\t\t\t\t\t\t\t\t\t\t\t\t<div class=\"card \">\n\t\t\t\t\t\t\t<img loading=\"lazy\" decoding=\"async\" width=\"600\" height=\"401\" src=\"https:\/\/bozita.com\/fi\/wp-content\/uploads\/sites\/11\/2021\/08\/Bozita_Kitten_lax_optimized-new.png\" class=\"attachment-post-thumbnail size-post-thumbnail wp-post-image\" alt=\"Kissan hankinta\" srcset=\"https:\/\/bozita.com\/fi\/wp-content\/uploads\/sites\/11\/2021\/08\/Bozita_Kitten_lax_optimized-new.png 600w, https:\/\/bozita.com\/fi\/wp-content\/uploads\/sites\/11\/2021\/08\/Bozita_Kitten_lax_optimized-new-300x201.png 300w\" sizes=\"(max-width: 600px) 100vw, 600px\" \/>\n\t\t\t\t\t\t\t\t\t\t\t\t\t\t<div class=\"card-body\">\n\t\t\t\t\t\t\t\t\n\t\t\t\t\t\t\t\t\t\t\t\t\t\t\t\t\t<ul>\n\t\t\t\t\t\t\t\t\t\t\t\t\t\t\t\t\t\t\t\t\t<li><a href=\"https:\/\/bozita.com\/fi\/kissan-hankinta\/kissan-laatikkoharjoittelu\/\">Kissan laatikkoharjoittelu<\/a><\/li>\n\t\t\t\t\t\t\t\t\t\t\t\t\t\t\t\t\t\t\t\t\t\t<li><a href=\"https:\/\/bozita.com\/fi\/kissan-hankinta\/kissan-totuttaminen-uuteen-kotiin\/\">Kissan totuttaminen uuteen kotiin<\/a><\/li>\n\t\t\t\t\t\t\t\t\t\t\t\t\t\t\t\t\t\t\t\t\t\t<li><a href=\"https:\/\/bozita.com\/fi\/kissan-hankinta\/koska-voit-paastaa-kissanpennun-ulos-ensimmaista-kertaa\/\">Koska voit p\u00e4\u00e4st\u00e4\u00e4 kissanpennun ulos ensimm\u00e4ist\u00e4 kertaa?<\/a><\/li>\n\t\t\t\t\t\t\t\t\t\t\t\t\t\t\t\t\t\t\t\t<\/ul>\n\t\t\t\t\t\t\t\t\t\t\t\t\t\t\t\t<a target=\"\" href=\"https:\/\/bozita.com\/fi\/kissan-hankinta\/\" class=\"btn btn-primary\">Lis\u00e4\u00e4 artikkeleita<\/a>\n\t\t\t\t\t\t\t<\/div>\n\t\t\t\t\t\t<\/div>\n\t\t\t\t\t<\/div>\n\t\t\t\t\t\t\t<\/div>\n\t<\/div>\n<\/section>\n","protected":false},"excerpt":{"rendered":"","protected":false},"author":4,"featured_media":6539,"parent":0,"menu_order":0,"comment_status":"closed","ping_status":"closed","template":"guternberg.php","meta":{"footnotes":""},"acf":[],"yoast_head":"<!-- This site is optimized with the Yoast SEO plugin v21.3 - https:\/\/yoast.com\/wordpress\/plugins\/seo\/ -->\n<title>Pid\u00e4 kissasi terveen\u00e4 - Bozita Finland<\/title>\n<meta name=\"description\" content=\"Vinkkej\u00e4 ja neuvoja kuinka huolehtia kissastasi: kissojen rokotukset, leikkaaminen ja sterilointi, mit\u00e4 kissan tulisi painaa, turkinhuolto ja turvallisuus.\" \/>\n<meta name=\"robots\" content=\"index, follow, max-snippet:-1, max-image-preview:large, max-video-preview:-1\" \/>\n<link rel=\"canonical\" href=\"https:\/\/bozita.com\/fi\/pida-kissasi-terveena\/\" \/>\n<meta property=\"og:locale\" content=\"fi_FI\" \/>\n<meta property=\"og:type\" content=\"article\" \/>\n<meta property=\"og:title\" content=\"Pid\u00e4 kissasi terveen\u00e4 - Bozita Finland\" \/>\n<meta property=\"og:description\" content=\"Vinkkej\u00e4 ja neuvoja kuinka huolehtia kissastasi: kissojen rokotukset, leikkaaminen ja sterilointi, mit\u00e4 kissan tulisi painaa, turkinhuolto ja turvallisuus.\" \/>\n<meta property=\"og:url\" content=\"https:\/\/bozita.com\/fi\/pida-kissasi-terveena\/\" \/>\n<meta property=\"og:site_name\" content=\"Bozita Finland\" \/>\n<meta property=\"article:modified_time\" content=\"2025-04-09T08:53:40+00:00\" \/>\n<meta property=\"og:image\" content=\"https:\/\/bozita.com\/fi\/wp-content\/uploads\/sites\/11\/2021\/06\/bozita-katt-halsa.jpg\" \/>\n\t<meta property=\"og:image:width\" content=\"800\" \/>\n\t<meta property=\"og:image:height\" content=\"533\" \/>\n\t<meta property=\"og:image:type\" content=\"image\/jpeg\" \/>\n<meta name=\"twitter:card\" content=\"summary_large_image\" \/>\n<!-- \/ Yoast SEO plugin. -->","yoast_head_json":{"title":"Pid\u00e4 kissasi terveen\u00e4 - Bozita Finland","description":"Vinkkej\u00e4 ja neuvoja kuinka huolehtia kissastasi: kissojen rokotukset, leikkaaminen ja sterilointi, mit\u00e4 kissan tulisi painaa, turkinhuolto ja turvallisuus.","robots":{"index":"index","follow":"follow","max-snippet":"max-snippet:-1","max-image-preview":"max-image-preview:large","max-video-preview":"max-video-preview:-1"},"canonical":"https:\/\/bozita.com\/fi\/pida-kissasi-terveena\/","og_locale":"fi_FI","og_type":"article","og_title":"Pid\u00e4 kissasi terveen\u00e4 - Bozita Finland","og_description":"Vinkkej\u00e4 ja neuvoja kuinka huolehtia kissastasi: kissojen rokotukset, leikkaaminen ja sterilointi, mit\u00e4 kissan tulisi painaa, turkinhuolto ja turvallisuus.","og_url":"https:\/\/bozita.com\/fi\/pida-kissasi-terveena\/","og_site_name":"Bozita Finland","article_modified_time":"2025-04-09T08:53:40+00:00","og_image":[{"width":800,"height":533,"url":"https:\/\/bozita.com\/fi\/wp-content\/uploads\/sites\/11\/2021\/06\/bozita-katt-halsa.jpg","type":"image\/jpeg"}],"twitter_card":"summary_large_image","schema":{"@context":"https:\/\/schema.org","@graph":[{"@type":"WebPage","@id":"https:\/\/bozita.com\/fi\/pida-kissasi-terveena\/","url":"https:\/\/bozita.com\/fi\/pida-kissasi-terveena\/","name":"Pid\u00e4 kissasi terveen\u00e4 - Bozita Finland","isPartOf":{"@id":"https:\/\/bozita.com\/fi\/#website"},"datePublished":"2022-08-31T07:13:53+00:00","dateModified":"2025-04-09T08:53:40+00:00","description":"Vinkkej\u00e4 ja neuvoja kuinka huolehtia kissastasi: kissojen rokotukset, leikkaaminen ja sterilointi, mit\u00e4 kissan tulisi painaa, turkinhuolto ja turvallisuus.","breadcrumb":{"@id":"https:\/\/bozita.com\/fi\/pida-kissasi-terveena\/#breadcrumb"},"inLanguage":"fi","potentialAction":[{"@type":"ReadAction","target":["https:\/\/bozita.com\/fi\/pida-kissasi-terveena\/"]}]},{"@type":"BreadcrumbList","@id":"https:\/\/bozita.com\/fi\/pida-kissasi-terveena\/#breadcrumb","itemListElement":[{"@type":"ListItem","position":1,"name":"Koti","item":"https:\/\/bozita.com\/fi\/"},{"@type":"ListItem","position":2,"name":"Pid\u00e4 kissasi terveen\u00e4"}]},{"@type":"WebSite","@id":"https:\/\/bozita.com\/fi\/#website","url":"https:\/\/bozita.com\/fi\/","name":"Bozita Finland","description":"","potentialAction":[{"@type":"SearchAction","target":{"@type":"EntryPoint","urlTemplate":"https:\/\/bozita.com\/fi\/?s={search_term_string}"},"query-input":"required name=search_term_string"}],"inLanguage":"fi"}]}},"_links":{"self":[{"href":"https:\/\/bozita.com\/fi\/wp-json\/wp\/v2\/pages\/6537"}],"collection":[{"href":"https:\/\/bozita.com\/fi\/wp-json\/wp\/v2\/pages"}],"about":[{"href":"https:\/\/bozita.com\/fi\/wp-json\/wp\/v2\/types\/page"}],"author":[{"embeddable":true,"href":"https:\/\/bozita.com\/fi\/wp-json\/wp\/v2\/users\/4"}],"replies":[{"embeddable":true,"href":"https:\/\/bozita.com\/fi\/wp-json\/wp\/v2\/comments?post=6537"}],"version-history":[{"count":28,"href":"https:\/\/bozita.com\/fi\/wp-json\/wp\/v2\/pages\/6537\/revisions"}],"predecessor-version":[{"id":11417,"href":"https:\/\/bozita.com\/fi\/wp-json\/wp\/v2\/pages\/6537\/revisions\/11417"}],"wp:featuredmedia":[{"embeddable":true,"href":"https:\/\/bozita.com\/fi\/wp-json\/wp\/v2\/media\/6539"}],"wp:attachment":[{"href":"https:\/\/bozita.com\/fi\/wp-json\/wp\/v2\/media?parent=6537"}],"curies":[{"name":"wp","href":"https:\/\/api.w.org\/{rel}","templated":true}]}}