{"id":6543,"date":"2022-08-31T07:14:13","date_gmt":"2022-08-31T07:14:13","guid":{"rendered":"https:\/\/bozita.com\/fi\/kestavaa-elaimille-ja-luonnolle\/"},"modified":"2025-03-05T06:50:27","modified_gmt":"2025-03-05T06:50:27","slug":"kestavaa-elaimille-ja-luonnolle","status":"publish","type":"page","link":"https:\/\/bozita.com\/fi\/kestavaa-elaimille-ja-luonnolle\/","title":{"rendered":"Kest\u00e4v\u00e4\u00e4 &#8211; el\u00e4imille ja luonnolle"},"content":{"rendered":"\t\t<section class=\"small-hero\">\n\t\t\t<div class=\"container\">\n\t\t\t\t<h5>BOZITA<\/h5><h1 class=\"small-hero-title\">Kest\u00e4v\u00e4\u00e4 &#8211; el\u00e4imille ja luonnolle<\/h1><p><p>Meill\u00e4 Bozitalla tavoitteena on valmistaa korkealaatuista koiranruokaa ja kissanruokaa kest\u00e4vin ja ymp\u00e4rist\u00f6yst\u00e4v\u00e4llisin prosessein, jotta voimme auttaa ymp\u00e4rist\u00f6n suojelemisessa.<\/p>\n<\/p>\t\t\t<\/div>\n\t\t\t<\/div>\n\t\t<\/section>\n\t\n\n\t<div class=\"text-box-warp\">\n\t\t<div class=\"container\">\n\t\t\t<div class=\"text-content\">\n\t\t\t\t<h2>UUSIUTUVA ENERGIA &#8211; TUOTANTO HARMONIASSA LUONNON KANSSA<\/h2>\n<p>Keitti\u00f6mme (jossa useimmat Bozita tuotteet valmistetaan) sijaitsee kauniilla V\u00e5rg\u00e5rdan maanviljelyseudulla L\u00e4nsi-Ruotsissa. Keitt\u00f6mme toimii 100% uusiutuvalla energialla. Kolme nelj\u00e4sosaa energiasta tulee h\u00f6yryst\u00e4 V\u00e5rg\u00e5rda \u00c5ngfabrikilta, ja loput on vesivoimalla, s\u00e4hk\u00f6st\u00e4 vihreimm\u00e4ll\u00e4, tuotettua.<\/p>\n<p>Ylij\u00e4\u00e4m\u00e4ruoka ja bioj\u00e4te tuotannostamme otetaan talteen ja kierr\u00e4tet\u00e4\u00e4n biokaasuksi, joka toimii kaupunkibussien ja roska-autojen polttoaineena.<\/p>\n<h2>LUONNOLLISET AINESOSAT<\/h2>\n<p>Valitsemme ainesosamme todella huolellisesti. Monet ainesosista toimitetaan suoraan ruotsalaisilta maanviljelij\u00f6ilt\u00e4 keitti\u00f6\u00f6mme ja ovat ruotsalaisen el\u00e4insuojelulain puitteissa tuotettuja. T\u00e4ll\u00e4 on useita etuja:<\/p>\n<ul>\n<li>Tiukka el\u00e4insuojelulaki \u2013 ruotsalainen el\u00e4insuojelulaki kuuluu maailman tiukimpiin.<\/li>\n<li>Ei kasvuhormoneja \u2013 kasvuhormonien k\u00e4ytt\u00f6 el\u00e4intenkasvatuksessa on Ruotsissa kielletty\u00e4.<\/li>\n<li>BSE-vapaa maa \u2013 Ruotsi on yhten\u00e4 ensimm\u00e4isist\u00e4 maista maailmassa luokiteltu World Organisation for Animal Healthin toimesta BSE-vapaaksi (hullun lehm\u00e4n tauti).<\/li>\n<\/ul>\n<p>K\u00e4yt\u00e4mme ruokien valmistukseen elintarviketeollisuuden sivuvirtoja. Otamme siis talteen ne korkealaatuiset raaka-aineet, jotka eiv\u00e4t humaanikulutukseen kelpaa, ja valmistamme niist\u00e4 maistuvaa ja korkealaatuista ruokaa lemmikkeille. Bozitan n\u00e4kemys on, ett\u00e4 ilmaston\u00e4k\u00f6kulmasta ei ole kest\u00e4v\u00e4\u00e4 sy\u00f6tt\u00e4\u00e4 ihmiskulutukseen tarkoitettuja elintarviketuotannon raaka-aineita lemmikeillemme.<\/p>\n<p>&nbsp;<\/p>\n<p>YMP\u00c4RIST\u00d6YST\u00c4V\u00c4LLINEN PAKKAUS<\/p>\n<p>Tuotteidemme pakkauksilla on matala ymp\u00e4rist\u00f6vaikutus, olivatpa ne pahvia, muovia tai Tetra Recart\u00ae pakkauksia. Tarjosimme ensimm\u00e4isin\u00e4 maailmassa lemmikkien ruokia Tetra Recart\u00ae -pakkauksissa, kartonkipohjaisessa ymp\u00e4rist\u00f6yst\u00e4v\u00e4llisess\u00e4 pakkausessa, joka on helppo avata ja sulkea ja voidaan pakata tehokkaasti v\u00e4hent\u00e4en n\u00e4in my\u00f6s tyhjien pakkausten kuljetustilan tarvetta. Tetra Recart\u00ae -pakkausten materiaali on FSC-merkitty\u00e4 ja kierr\u00e4tett\u00e4v\u00e4\u00e4.<\/p>\n<p><a href=\"https:\/\/bozita.com\/fi\/tetra-recart-ymparistoystavallinen-pakkaus-markaruoalle\/?lang=fi\">Tetra Recart\u00ae \u2013 ymp\u00e4rist\u00f6yst\u00e4v\u00e4llinen pakkaus el\u00e4inruoalle<\/a><\/p>\n<h2>ELINTARVIKESERTIFIOITUA LEMMIKKIRUOKAA VUODESTA 2007<\/h2>\n<p>Meille on t\u00e4rke\u00e4\u00e4 tarjoilla el\u00e4imille vain korkealaatuisia tuotteita. T\u00e4st\u00e4 johtuen el\u00e4inruokatuotantomme V\u00e5rg\u00e5rdassa on ollut elintarvikesertifioitu ISO 22000 mukaisesti vuodesta 2007. Olimme itse asiassa ensimm\u00e4inen elintarvikesertifioituun el\u00e4inruokatuotantoon panostanut ruotsalainen el\u00e4inruokien valmistaja. ISO22000 on elintarvikkeiden turvallisuuteen keskittynyt elintarviketeollisuuden laatustandardi. Seritifointi takaa muun muassa sen, ett\u00e4 kaikki k\u00e4ytt\u00e4m\u00e4mme ainesosat ovat t\u00e4ysin j\u00e4ljitett\u00e4viss\u00e4.<\/p>\n<p>Koska tehtaamme V\u00e5rg\u00e5rdassa on elintarvikesertifioitu, voit lemmikinomistajana luottaa siihen, etteiv\u00e4t tuotteemme sis\u00e4ll\u00e4 mit\u00e4\u00e4n lemmikillesi haitallisia aineita, ja ett\u00e4 tuotteet valmistetaan hyviss\u00e4 olosuhteissa. Sertifiointi tarkoittaa my\u00f6s, ett\u00e4 noudatamme tuotannossamme tiukkoja vaatimuksia hygienian ja puhtauden suhteen, mik\u00e4 tarkistetaan s\u00e4\u00e4nn\u00f6llisesti niin omien kuin ulkoisten kontrollien kautta.<\/p>\n\t\t\t<\/div>\n\t\t<\/div>\n\t<\/div>\n\n\n\t<section class=\"block section-promos\">\n\t\t<div class=\"container\">\n\t\t\t<div class=\"row\">\n\t\t\t\t\t\t\t\t\t\t<div class=\" col-md-6 condensed_V1\">\n\t\t\t\t\t\t\t<div class=\"card\">\n\t\t\t\t\t\t\t\t\t\t\t\t\t\t\t\t\t<img decoding=\"async\" class=\"card-img-top\" src=\"https:\/\/bozita.com\/fi\/wp-content\/uploads\/sites\/11\/2021\/06\/bozita-about-us.jpeg\" alt=\"\">\n\t\t\t\t\t\t\t\t\t\t\t\t\t\t\t\t<div class=\"card-body\">\n\t\t\t\t\t\t\t\t\t<h5 class=\"card-title\">Bozitasta<\/h5>\n\t\t\t\t\t\t\t\t\t<p class=\"card-text\">Olemme valmistaneet koiran- ja kissanruokaa jo yli 100 vuoden ajan! Kaikki ruokamme valmistetaan V\u00e5rg\u00e5rdassa korkealaatuisimmista ainesosista.<\/p>\n\t\t\t\t\t\t\t\t\t\t\t\t\t\t\t\t\t\t\t<a target=\"\" href=\"https:\/\/bozita.com\/fi\/bozitasta\/\" class=\"btn btn-white\">Bozitasta<\/a>\n\t\t\t\t\t\t\t\t\t\t\t\t\t\t\t\t\t\t<\/div>\n\t\t\t\t\t\t\t<\/div>\n\t\t\t\t\t\t<\/div>\n\t\t\t\t\t\t\t\t\t\t\t\t<div class=\" col-md-6 condensed_V1\">\n\t\t\t\t\t\t\t<div class=\"card\">\n\t\t\t\t\t\t\t\t\t\t\t\t\t\t\t\t\t<img decoding=\"async\" class=\"card-img-top\" src=\"https:\/\/bozita.com\/fi\/wp-content\/uploads\/sites\/11\/2021\/06\/bozita-breeders-club-dog-cat.jpeg\" alt=\"\">\n\t\t\t\t\t\t\t\t\t\t\t\t\t\t\t\t<div class=\"card-body\">\n\t\t\t\t\t\t\t\t\t<h5 class=\"card-title\">Kasvattajille<\/h5>\n\t\t\t\t\t\t\t\t\t<p class=\"card-text\">Jos olet kissan- tai koirankasvattaja, jolla on v\u00e4hint\u00e4\u00e4n yksi pentue joka kolmas vuosi, voit liitty\u00e4 Bozita Breeders Club kasvattajakerhoomme.<\/p>\n\t\t\t\t\t\t\t\t\t\t\t\t\t\t\t\t\t\t\t<a target=\"\" href=\"https:\/\/bozita.com\/fi\/bozita-breeders-club\/\" class=\"btn btn-white\">Bozita Breeders Club<\/a>\n\t\t\t\t\t\t\t\t\t\t\t\t\t\t\t\t\t\t<\/div>\n\t\t\t\t\t\t\t<\/div>\n\t\t\t\t\t\t<\/div>\n\t\t\t\t\t\t\t\t\t\t\t\t<div class=\" col-md-6 condensed_V1\">\n\t\t\t\t\t\t\t<div class=\"card\">\n\t\t\t\t\t\t\t\t\t\t\t\t\t\t\t\t\t<img decoding=\"async\" class=\"card-img-top\" src=\"https:\/\/bozita.com\/fi\/wp-content\/uploads\/sites\/11\/2021\/06\/bozita-smakgaranti-hundmat-kattmat.jpeg\" alt=\"\">\n\t\t\t\t\t\t\t\t\t\t\t\t\t\t\t\t<div class=\"card-body\">\n\t\t\t\t\t\t\t\t\t<h5 class=\"card-title\">Makutakuu<\/h5>\n\t\t\t\t\t\t\t\t\t<p class=\"card-text\">Makutakuumme varmistaa, ett\u00e4 saat hyvityksen mik\u00e4li koirasi tai kissasi ei pid\u00e4 ruoasta <\/p>\n\t\t\t\t\t\t\t\t\t\t\t\t\t\t\t\t\t\t\t<a target=\"\" href=\"https:\/\/bozita.com\/fi\/makutakuu\/\" class=\"btn btn-white\">Makutakuu<\/a>\n\t\t\t\t\t\t\t\t\t\t\t\t\t\t\t\t\t\t<\/div>\n\t\t\t\t\t\t\t<\/div>\n\t\t\t\t\t\t<\/div>\n\t\t\t\t\t\t\t\t\t\t\t\t<div class=\" col-md-6 condensed_V1\">\n\t\t\t\t\t\t\t<div class=\"card\">\n\t\t\t\t\t\t\t\t\t\t\t\t\t\t\t\t\t<img decoding=\"async\" class=\"card-img-top\" src=\"https:\/\/bozita.com\/fi\/wp-content\/uploads\/sites\/11\/2021\/06\/bozita-miljovanlig-forpackning-tetra-recart.jpeg\" alt=\"\">\n\t\t\t\t\t\t\t\t\t\t\t\t\t\t\t\t<div class=\"card-body\">\n\t\t\t\t\t\t\t\t\t<h5 class=\"card-title\">Pakkaukset<\/h5>\n\t\t\t\t\t\t\t\t\t<p class=\"card-text\">Monet m\u00e4rk\u00e4ruoistamme tulevat Tetra Recart -pakkauksissa. Se on ymp\u00e4rist\u00f6yst\u00e4v\u00e4llinen pakkaus, jonka voit kierr\u00e4tt\u00e4\u00e4 kartonkij\u00e4tteen\u00e4.<\/p>\n\t\t\t\t\t\t\t\t\t\t\t\t\t\t\t\t\t\t\t<a target=\"\" href=\"https:\/\/bozita.com\/fi\/tetra-recart-ymparistoystavallinen-pakkaus-markaruoalle\/\" class=\"btn btn-white\">Tetra Recart\u00ae \u2013 ymp\u00e4rist\u00f6yst\u00e4v\u00e4llinen pakkaus m\u00e4rk\u00e4ruoalle<\/a>\n\t\t\t\t\t\t\t\t\t\t\t\t\t\t\t\t\t\t<\/div>\n\t\t\t\t\t\t\t<\/div>\n\t\t\t\t\t\t<\/div>\n\t\t\t\t\t\t\t\t\t\t\t\t<div class=\" col-md-6 condensed_V1\">\n\t\t\t\t\t\t\t<div class=\"card\">\n\t\t\t\t\t\t\t\t\t\t\t\t\t\t\t\t\t<img decoding=\"async\" class=\"card-img-top\" src=\"https:\/\/bozita.com\/fi\/wp-content\/uploads\/sites\/11\/2021\/06\/bozita-tassalyckan-katthem-provsmakare-produktutveckling.jpeg\" alt=\"\">\n\t\t\t\t\t\t\t\t\t\t\t\t\t\t\t\t<div class=\"card-body\">\n\t\t\t\t\t\t\t\t\t<h5 class=\"card-title\">Testaajaryhm\u00e4mme<\/h5>\n\t\t\t\t\t\t\t\t\t<p class=\"card-text\">Kolmekymment\u00e4 kissaa asuu Tassalyckanin kissakodissa. Ne auttavat meit\u00e4 maistamalla ja kehitt\u00e4m\u00e4ll\u00e4 kissojen m\u00e4rk\u00e4- ja kuivaruokia.<\/p>\n\t\t\t\t\t\t\t\t\t\t\t\t\t\t\t\t\t\t\t<a target=\"\" href=\"https:\/\/bozita.com\/fi\/kissakoti-tassalyckan\/\" class=\"btn btn-white\">Tassalyckanin kissakoti<\/a>\n\t\t\t\t\t\t\t\t\t\t\t\t\t\t\t\t\t\t<\/div>\n\t\t\t\t\t\t\t<\/div>\n\t\t\t\t\t\t<\/div>\n\t\t\t\t\t\t\t\t\t<\/div>\n\t\t<\/div>\n\t<\/section>\n","protected":false},"excerpt":{"rendered":"","protected":false},"author":4,"featured_media":0,"parent":0,"menu_order":0,"comment_status":"closed","ping_status":"closed","template":"guternberg.php","meta":{"footnotes":""},"acf":[],"yoast_head":"<!-- This site is optimized with the Yoast SEO plugin v21.3 - https:\/\/yoast.com\/wordpress\/plugins\/seo\/ -->\n<title>Kest\u00e4v\u00e4\u00e4 - el\u00e4imille ja luonnolle - Bozita Finland<\/title>\n<meta name=\"description\" content=\"Meill\u00e4 Bozitalla tavoitteena on valmistaa kaikkein parasta koiran- ja kissanruokaa parhaalla mahdollisella tavalla kest\u00e4vyytt\u00e4, ymp\u00e4rist\u00f6\u00e4 ja yhteist\u00e4 tulevaisuuttamme silm\u00e4ll\u00e4pit\u00e4en.\" \/>\n<meta name=\"robots\" content=\"index, follow, max-snippet:-1, max-image-preview:large, max-video-preview:-1\" \/>\n<link rel=\"canonical\" href=\"https:\/\/bozita.com\/fi\/kestavaa-elaimille-ja-luonnolle\/\" \/>\n<meta property=\"og:locale\" content=\"fi_FI\" \/>\n<meta property=\"og:type\" content=\"article\" \/>\n<meta property=\"og:title\" content=\"Kest\u00e4v\u00e4\u00e4 - el\u00e4imille ja luonnolle - Bozita Finland\" \/>\n<meta property=\"og:description\" content=\"Meill\u00e4 Bozitalla tavoitteena on valmistaa kaikkein parasta koiran- ja kissanruokaa parhaalla mahdollisella tavalla kest\u00e4vyytt\u00e4, ymp\u00e4rist\u00f6\u00e4 ja yhteist\u00e4 tulevaisuuttamme silm\u00e4ll\u00e4pit\u00e4en.\" \/>\n<meta property=\"og:url\" content=\"https:\/\/bozita.com\/fi\/kestavaa-elaimille-ja-luonnolle\/\" \/>\n<meta property=\"og:site_name\" content=\"Bozita Finland\" \/>\n<meta property=\"article:modified_time\" content=\"2025-03-05T06:50:27+00:00\" \/>\n<meta property=\"og:image\" content=\"https:\/\/bozita.com\/fi\/wp-content\/uploads\/sites\/11\/2021\/08\/bozita_swedish-natural-quality.jpg\" \/>\n\t<meta property=\"og:image:width\" content=\"800\" \/>\n\t<meta property=\"og:image:height\" content=\"533\" \/>\n\t<meta property=\"og:image:type\" content=\"image\/jpeg\" \/>\n<meta name=\"twitter:card\" content=\"summary_large_image\" \/>\n<!-- \/ Yoast SEO plugin. -->","yoast_head_json":{"title":"Kest\u00e4v\u00e4\u00e4 - el\u00e4imille ja luonnolle - Bozita Finland","description":"Meill\u00e4 Bozitalla tavoitteena on valmistaa kaikkein parasta koiran- ja kissanruokaa parhaalla mahdollisella tavalla kest\u00e4vyytt\u00e4, ymp\u00e4rist\u00f6\u00e4 ja yhteist\u00e4 tulevaisuuttamme silm\u00e4ll\u00e4pit\u00e4en.","robots":{"index":"index","follow":"follow","max-snippet":"max-snippet:-1","max-image-preview":"max-image-preview:large","max-video-preview":"max-video-preview:-1"},"canonical":"https:\/\/bozita.com\/fi\/kestavaa-elaimille-ja-luonnolle\/","og_locale":"fi_FI","og_type":"article","og_title":"Kest\u00e4v\u00e4\u00e4 - el\u00e4imille ja luonnolle - Bozita Finland","og_description":"Meill\u00e4 Bozitalla tavoitteena on valmistaa kaikkein parasta koiran- ja kissanruokaa parhaalla mahdollisella tavalla kest\u00e4vyytt\u00e4, ymp\u00e4rist\u00f6\u00e4 ja yhteist\u00e4 tulevaisuuttamme silm\u00e4ll\u00e4pit\u00e4en.","og_url":"https:\/\/bozita.com\/fi\/kestavaa-elaimille-ja-luonnolle\/","og_site_name":"Bozita Finland","article_modified_time":"2025-03-05T06:50:27+00:00","og_image":[{"width":800,"height":533,"url":"https:\/\/bozita.com\/fi\/wp-content\/uploads\/sites\/11\/2021\/08\/bozita_swedish-natural-quality.jpg","type":"image\/jpeg"}],"twitter_card":"summary_large_image","schema":{"@context":"https:\/\/schema.org","@graph":[{"@type":"WebPage","@id":"https:\/\/bozita.com\/fi\/kestavaa-elaimille-ja-luonnolle\/","url":"https:\/\/bozita.com\/fi\/kestavaa-elaimille-ja-luonnolle\/","name":"Kest\u00e4v\u00e4\u00e4 - el\u00e4imille ja luonnolle - Bozita Finland","isPartOf":{"@id":"https:\/\/bozita.com\/fi\/#website"},"datePublished":"2022-08-31T07:14:13+00:00","dateModified":"2025-03-05T06:50:27+00:00","description":"Meill\u00e4 Bozitalla tavoitteena on valmistaa kaikkein parasta koiran- ja kissanruokaa parhaalla mahdollisella tavalla kest\u00e4vyytt\u00e4, ymp\u00e4rist\u00f6\u00e4 ja yhteist\u00e4 tulevaisuuttamme silm\u00e4ll\u00e4pit\u00e4en.","breadcrumb":{"@id":"https:\/\/bozita.com\/fi\/kestavaa-elaimille-ja-luonnolle\/#breadcrumb"},"inLanguage":"fi","potentialAction":[{"@type":"ReadAction","target":["https:\/\/bozita.com\/fi\/kestavaa-elaimille-ja-luonnolle\/"]}]},{"@type":"BreadcrumbList","@id":"https:\/\/bozita.com\/fi\/kestavaa-elaimille-ja-luonnolle\/#breadcrumb","itemListElement":[{"@type":"ListItem","position":1,"name":"Koti","item":"https:\/\/bozita.com\/fi\/"},{"@type":"ListItem","position":2,"name":"Kest\u00e4v\u00e4\u00e4 &#8211; el\u00e4imille ja luonnolle"}]},{"@type":"WebSite","@id":"https:\/\/bozita.com\/fi\/#website","url":"https:\/\/bozita.com\/fi\/","name":"Bozita Finland","description":"","potentialAction":[{"@type":"SearchAction","target":{"@type":"EntryPoint","urlTemplate":"https:\/\/bozita.com\/fi\/?s={search_term_string}"},"query-input":"required name=search_term_string"}],"inLanguage":"fi"}]}},"_links":{"self":[{"href":"https:\/\/bozita.com\/fi\/wp-json\/wp\/v2\/pages\/6543"}],"collection":[{"href":"https:\/\/bozita.com\/fi\/wp-json\/wp\/v2\/pages"}],"about":[{"href":"https:\/\/bozita.com\/fi\/wp-json\/wp\/v2\/types\/page"}],"author":[{"embeddable":true,"href":"https:\/\/bozita.com\/fi\/wp-json\/wp\/v2\/users\/4"}],"replies":[{"embeddable":true,"href":"https:\/\/bozita.com\/fi\/wp-json\/wp\/v2\/comments?post=6543"}],"version-history":[{"count":15,"href":"https:\/\/bozita.com\/fi\/wp-json\/wp\/v2\/pages\/6543\/revisions"}],"predecessor-version":[{"id":11199,"href":"https:\/\/bozita.com\/fi\/wp-json\/wp\/v2\/pages\/6543\/revisions\/11199"}],"wp:attachment":[{"href":"https:\/\/bozita.com\/fi\/wp-json\/wp\/v2\/media?parent=6543"}],"curies":[{"name":"wp","href":"https:\/\/api.w.org\/{rel}","templated":true}]}}