{"id":6545,"date":"2022-08-31T07:14:37","date_gmt":"2022-08-31T07:14:37","guid":{"rendered":"https:\/\/bozita.com\/fi\/koirat-veneissa-nelja-turvallisuusvinkkia\/"},"modified":"2025-03-27T09:13:29","modified_gmt":"2025-03-27T09:13:29","slug":"koirat-veneissa-nelja-turvallisuusvinkkia","status":"publish","type":"page","link":"https:\/\/bozita.com\/fi\/aktiovoi-koirasi\/koirat-veneissa-nelja-turvallisuusvinkkia\/","title":{"rendered":"Koirat veneiss\u00e4 &#8211; nelj\u00e4 turvallisuusvinkki\u00e4"},"content":{"rendered":"\t\t<section class=\"small-hero\">\n\t\t\t<div class=\"container\">\n\t\t\t\t<h1 class=\"small-hero-title\">Koirat veneiss\u00e4 &#8211; nelj\u00e4 turvallisuusvinkki\u00e4<\/h1>\t\t\t<\/div>\n\t\t\t<\/div>\n\t\t<\/section>\n\t\n\n\t<div class=\"text-box-warp\">\n\t\t<div class=\"container\">\n\t\t\t<div class=\"text-content\">\n\t\t\t\t<p>Jos olet suunnitellut kes\u00e4\u00e4 meren aalloilla ja haluat ottaa koirasi kyytiin on paljon ajateltavaa ennen kuin irrotatte k\u00f6ydet!<\/p>\n<p>Peilin\u00e4 kimmelt\u00e4v\u00e4n veden halkominen pilvett\u00f6m\u00e4n taivaan alla saattaa kuulostaa huolettomalta el\u00e4mykselt\u00e4. Koiranomistajana haluat luultavasti ottaa koirasi matkalle mukaan. Vaikka veneily kuuluu el\u00e4m\u00e4n yksinkertaisiin iloihin, se asettaa vaatimuksia turvallisuudelle ja logistiikan suunnittelulle, etenkin jos koirasi matkustaa kanssasi. Koiralle on outoa joutua yht&#8217;\u00e4kki\u00e4 pieneen, veden p\u00e4\u00e4ll\u00e4 kelluvaan esineeseen. On vaikea ennakoida nauttiiko koira matkasta ja miten se reagoi.<\/p>\n<h2>KOIRIEN PELASTUSLIIVIT &#8211; TURVALLISUUS EDELL\u00c4<\/h2>\n<p>Ensimm\u00e4inen ja kaikkein t\u00e4rkein mieless\u00e4 pidett\u00e4v\u00e4 asia on, ett\u00e4 kun koirasi nousee veneeseen sen on pidett\u00e4v\u00e4 pelastusliivi\u00e4 niin veneess\u00e4 kuin laiturilla. Koirasi saattaa olla loistava uimari ja rakastaa uimista, mutta jos se putoaa yli laidan, tilanne saattaa nopeasti muuttua eritt\u00e4in stressaavaksi ja pelottavaksi. Pelastusliivi helpottaa my\u00f6s koirasta kiinni pit\u00e4mist\u00e4 ja sen auttamista vedest\u00e4. Joten muista, koira veneess\u00e4 = koiran pelastusliivit.<\/p>\n<p>Pelastusliivin valinnassa ratkaisee koirasi paino. Muista lis\u00e4t\u00e4 pitk\u00e4karvaiselle koiralle muutama kilo painoa, sill\u00e4 turkki painaa m\u00e4rk\u00e4n\u00e4 enemm\u00e4n. Hyviss\u00e4 pelastusliiveiss\u00e4 on selk\u00e4puolella kunnolliset kahvat ja lenkki hihnan kiinnitt\u00e4mist\u00e4 varten. Huomioi my\u00f6s, ett\u00e4 veneess\u00e4 tai laiturilla koira ei miss\u00e4\u00e4n tapauksessa saa olla kaulapantaan kiinnitetyss\u00e4 hihnassa, koska t\u00e4ll\u00e4 voi olla kohtalokkaat seuraukset jos koira putoaa veteen. Kiinnit\u00e4 sen sijaan hihna koiran pelastusliiveihin.<\/p>\n<h2>KOIRAN KANSSA UIMINEN &#8211; AJATTELE SEURAAVAA<\/h2>\n<p>Jotkut koirat pit\u00e4v\u00e4t uimisesta paljon ja on helppo pulahtaa uimaan veden ollessa niin l\u00e4hell\u00e4. Uiminen on koirille erinomaista liikuntamuoto, joten tee mielell\u00e4\u00e4n harjoittelusta hauskempaa heitt\u00e4m\u00e4ll\u00e4 keppi\u00e4 veteen tai uimalla koirasi kanssa. Tee se kuitenkin koiran tahtiin ja muista, ett\u00e4 uiminen saattaa olla my\u00f6s eritt\u00e4in raskasta.<\/p>\n<p>Jos koirasi on aloitteleva uimari on j\u00e4rkev\u00e4\u00e4 aloittaa hitaasti. Miksip\u00e4 et aloittaisi matalassa vedess\u00e4? Houkuttele koirasi veteen lelujen avulla ja pysy itse l\u00e4hell\u00e4. Muista, ett\u00e4 liukkaat kivet eiv\u00e4t ole uimisesta huolestuneille koirille hyv\u00e4ksi ja merirokko saattaa tehd\u00e4 tassuihin haavoja.<\/p>\n<h2>KUIVAA KOIRASI UIMISEN J\u00c4LKEEN &#8211; V\u00c4LT\u00c4 VESIH\u00c4NT\u00c4<\/h2>\n<p>Koiran kuivaaminen uimisen j\u00e4lkeen on t\u00e4rke\u00e4\u00e4. Jos koira ui paljon eik\u00e4 sit\u00e4 kuivata uimisen j\u00e4lkeen voi koiralle tulla vesih\u00e4nt\u00e4. Se on h\u00e4nn\u00e4n juuren tulehdus, joka saattaa ilmaantua kun koira on kostea ja kylm\u00e4. Vesih\u00e4nt\u00e4 on eritt\u00e4in kivulias ja tekee pakaroiden alueen araksi. Vesih\u00e4nt\u00e4 menee yleens\u00e4 itsest\u00e4\u00e4n ohi parissa p\u00e4iv\u00e4ss\u00e4, jos koira pysyy kuivana ja l\u00e4mpim\u00e4n\u00e4, mutta jos oireet eiv\u00e4t katoa, el\u00e4inl\u00e4\u00e4k\u00e4rilt\u00e4 voi hakea tulehduskipul\u00e4\u00e4kett\u00e4.<\/p>\n<p>Vesih\u00e4nn\u00e4n v\u00e4ltt\u00e4miseksi on t\u00e4rke\u00e4\u00e4 kuivata koira uimisen j\u00e4lkeen ja pit\u00e4\u00e4 se l\u00e4mpim\u00e4n\u00e4 uintikertojen v\u00e4liss\u00e4. Uinnin j\u00e4lkeisen kuivaamisen lis\u00e4ksi on t\u00e4rke\u00e4\u00e4 toisinan huuhdella koira makealla vedell\u00e4. Harjaa my\u00f6s turkki p\u00e4\u00e4st\u00e4ksesi eroon merest\u00e4 lian mukana tulevista loisita ja bakteereista.<\/p>\n<h2>KOIRA VENEESS\u00c4 &#8211; SUUNNITTELE MATKASI HUOLELLA<\/h2>\n<p>Suunnittele matkasi huolellisesti ennen kuin otat koiran veneeseen. Kun koira on veneess\u00e4 tulee pit\u00e4\u00e4 mieless\u00e4 useita k\u00e4yt\u00e4nn\u00f6n asioita. Koirat eiv\u00e4t yleens\u00e4 nauti pitkist\u00e4 merimatkoista, joten \u00e4l\u00e4 j\u00e4t\u00e4 taukojen v\u00e4liin nelj\u00e4\u00e4-viitt\u00e4 tuntia enemp\u00e4\u00e4. Pid\u00e4 huoli siit\u00e4, ett\u00e4 mukana on riitt\u00e4v\u00e4sti juomavett\u00e4 ja anna koiran juoda usein. Muuten se saattaa juoda suolavett\u00e4, mik\u00e4 voi johtaa suolavesimyrkytykseen. \u00c4l\u00e4 my\u00f6sk\u00e4\u00e4n annan koirasi uida jos ep\u00e4ilet lev\u00e4esiintymi\u00e4, sill\u00e4 ne voivat olla myrkyllisi\u00e4. Pakkaa mukaan koiran ensiapupakkaus silt\u00e4 varalta, ett\u00e4 jotain sattuu. L\u00e4heisten el\u00e4inl\u00e4\u00e4k\u00e4reiden puhelinnumeroiden tallentamisesta ei ole haittaa, joten miksi et kirjoittaisi niit\u00e4 muistiin? Anna koiran sek\u00e4 lev\u00e4t\u00e4, ett\u00e4 olla aktiivinen maissa ja anna sille rauhallinen ja turvallinen lepopaikka veneess\u00e4.<\/p>\n<p>Jos olet tehnyt kaiken t\u00e4m\u00e4n olet valmis irrottamaan k\u00f6ydet. Ota koirasi mukaan veneilem\u00e4\u00e4n ja nauti merellisest\u00e4 kes\u00e4st\u00e4!<\/p>\n<h4>Lue lis\u00e4\u00e4<\/h4>\n<ul>\n<li><a href=\"https:\/\/bozita.com\/fi\/levakukinta-ja-koirat-mita-sinun-tulee-tietaa\/?lang=fi\">Lev\u00e4 ja koirat<\/a><\/li>\n<\/ul>\n\t\t\t<\/div>\n\t\t<\/div>\n\t<\/div>\n\n\n\n\t<section class=\"block related-articles\">\n\t\t<div class=\"container\">\n\t\t\t<h2>Aiheeseen liittyvi\u00e4 artikkeleita<\/h2>\n\t\t\t<div class=\"row justify-content-center\">\n\t\t\t\t\t\t\t\t\t\t<div class=\"col-sm-6 col-md-6 col-lg-3\">\n\t\t\t\t\t\t\t\t\t\t\t\t\t\t<div class=\"card \">\n\t\t\t\t\t\t\t\t\t\t\t\t\t\t\t\t\t<img decoding=\"async\"  src=\"https:\/\/bozita.com\/fi\/wp-content\/uploads\/sites\/11\/2021\/08\/bozita-vandra-med-hund-300x200-1.jpg\" alt=\"\">\n\t\t\t\t\t\t\t\t\t\t\t\t\t\t\t\t\t<!-- <img decoding=\"async\" src=\"\n\t\t\t\t\t\t\t\t\t\t\t\t\t\t\t\t\t\t\t\t\" alt=\"\n\t\t\t\t\t\t\t\t\t\t\t\t\t\t\t\t\t\t\t\t\t\t\t\t\t\t\t\"> -->\n\t\t\t\t\t\t\t\t<div class=\"card-body\">\n\t\t\t\t\t\t\t\t\t\t\t\t\t\t\t\t\t\t\t<h6>Vaeltaminen koiran kanssa<\/h6>\n\t\t\t\t\t\t\t\t\t\t\t\t\t\t\t\t\t\t\t<a href=\"https:\/\/bozita.com\/fi\/aktiovoi-koirasi\/vaeltaminen-koiran-kanssa\/\">Lue lis\u00e4\u00e4 &nbsp; ><\/a>\n\t\t\t\t\t\t\t\t<\/div>\n\t\t\t\t\t\t\t<\/div>\n\t\t\t\t\t\t<\/div>\n\n\t\t\t\t\t\t\t\t\t\t\t<div class=\"col-sm-6 col-md-6 col-lg-3\">\n\t\t\t\t\t\t\t\t\t\t\t\t\t\t<div class=\"card \">\n\t\t\t\t\t\t\t\t\t\t\t\t\t\t\t\t\t<img decoding=\"async\"  src=\"https:\/\/bozita.com\/fi\/wp-content\/uploads\/sites\/11\/2021\/08\/bozita-ta-med-hunden-till-fjallen.jpeg\" alt=\"\">\n\t\t\t\t\t\t\t\t\t\t\t\t\t\t\t\t\t<!-- <img decoding=\"async\" src=\"\n\t\t\t\t\t\t\t\t\t\t\t\t\t\t\t\t\t\t\t\t\" alt=\"\n\t\t\t\t\t\t\t\t\t\t\t\t\t\t\t\t\t\t\t\t\t\t\t\t\t\t\t\"> -->\n\t\t\t\t\t\t\t\t<div class=\"card-body\">\n\t\t\t\t\t\t\t\t\t\t\t\t\t\t\t\t\t\t\t<h6>Loma koiran kanssa tuntureilla<\/h6>\n\t\t\t\t\t\t\t\t\t\t\t\t\t\t\t\t\t\t\t<a href=\"https:\/\/bozita.com\/fi\/aktiovoi-koirasi\/loma-koiran-kanssa-tuntureilla\/\">Lue lis\u00e4\u00e4 &nbsp; ><\/a>\n\t\t\t\t\t\t\t\t<\/div>\n\t\t\t\t\t\t\t<\/div>\n\t\t\t\t\t\t<\/div>\n\n\t\t\t\t\t\t\t\t\t\t\t<div class=\"col-sm-6 col-md-6 col-lg-3\">\n\t\t\t\t\t\t\t\t\t\t\t\t\t\t<div class=\"card \">\n\t\t\t\t\t\t\t\t\t\t\t\t\t\t\t\t\t<img decoding=\"async\"  src=\"https:\/\/bozita.com\/fi\/wp-content\/uploads\/sites\/11\/2021\/08\/bozita-hund-reflexer-reflexvast.jpeg\" alt=\"\">\n\t\t\t\t\t\t\t\t\t\t\t\t\t\t\t\t\t<!-- <img decoding=\"async\" src=\"\n\t\t\t\t\t\t\t\t\t\t\t\t\t\t\t\t\t\t\t\t\" alt=\"\n\t\t\t\t\t\t\t\t\t\t\t\t\t\t\t\t\t\t\t\t\t\t\t\t\t\t\t\"> -->\n\t\t\t\t\t\t\t\t<div class=\"card-body\">\n\t\t\t\t\t\t\t\t\t\t\t\t\t\t\t\t\t\t\t<h6>Koiran heijastin &#8211; yksinkertainen henkivakuutus<\/h6>\n\t\t\t\t\t\t\t\t\t\t\t\t\t\t\t\t\t\t\t<a href=\"https:\/\/bozita.com\/fi\/aktiovoi-koirasi\/koiran-heijastin-yksinkertainen-henkivakuutus\/\">Lue lis\u00e4\u00e4 &nbsp; ><\/a>\n\t\t\t\t\t\t\t\t<\/div>\n\t\t\t\t\t\t\t<\/div>\n\t\t\t\t\t\t<\/div>\n\n\t\t\t\t\t\t\t\t\t\t\t\t<\/div>\n\t\t<\/div>\n\t<\/section>\n","protected":false},"excerpt":{"rendered":"","protected":false},"author":1,"featured_media":6546,"parent":6361,"menu_order":0,"comment_status":"closed","ping_status":"closed","template":"guternberg.php","meta":{"footnotes":""},"acf":[],"yoast_head":"<!-- This site is optimized with the Yoast SEO plugin v21.3 - https:\/\/yoast.com\/wordpress\/plugins\/seo\/ -->\n<title>Koirat veneiss\u00e4 - nelj\u00e4 turvallisuusvinkki\u00e4 - Bozita Finland<\/title>\n<meta name=\"description\" content=\"Vinkkej\u00e4 sinulle joka aiot ottaa koirasi veneeseen tai uida koirasi kanssa. Tarvitset muun muassa oikeanlaisen pelastusliivin ja koira pit\u00e4\u00e4 muistaa kuivata uimisen j\u00e4lkeen. Lue t\u00e4\u00e4lt\u00e4 lis\u00e4\u00e4.\" \/>\n<meta name=\"robots\" content=\"index, follow, max-snippet:-1, max-image-preview:large, max-video-preview:-1\" \/>\n<link rel=\"canonical\" href=\"https:\/\/bozita.com\/fi\/aktiovoi-koirasi\/koirat-veneissa-nelja-turvallisuusvinkkia\/\" \/>\n<meta property=\"og:locale\" content=\"fi_FI\" \/>\n<meta property=\"og:type\" content=\"article\" \/>\n<meta property=\"og:title\" content=\"Koirat veneiss\u00e4 - nelj\u00e4 turvallisuusvinkki\u00e4 - Bozita Finland\" \/>\n<meta property=\"og:description\" content=\"Vinkkej\u00e4 sinulle joka aiot ottaa koirasi veneeseen tai uida koirasi kanssa. Tarvitset muun muassa oikeanlaisen pelastusliivin ja koira pit\u00e4\u00e4 muistaa kuivata uimisen j\u00e4lkeen. Lue t\u00e4\u00e4lt\u00e4 lis\u00e4\u00e4.\" \/>\n<meta property=\"og:url\" content=\"https:\/\/bozita.com\/fi\/aktiovoi-koirasi\/koirat-veneissa-nelja-turvallisuusvinkkia\/\" \/>\n<meta property=\"og:site_name\" content=\"Bozita Finland\" \/>\n<meta property=\"article:modified_time\" content=\"2025-03-27T09:13:29+00:00\" \/>\n<meta property=\"og:image\" content=\"https:\/\/bozita.com\/fi\/wp-content\/uploads\/sites\/11\/2021\/08\/bozita-ta-med-hunde-pa-baten.jpeg\" \/>\n\t<meta property=\"og:image:width\" content=\"800\" \/>\n\t<meta property=\"og:image:height\" content=\"534\" \/>\n\t<meta property=\"og:image:type\" content=\"image\/jpeg\" \/>\n<meta name=\"twitter:card\" content=\"summary_large_image\" \/>\n<!-- \/ Yoast SEO plugin. -->","yoast_head_json":{"title":"Koirat veneiss\u00e4 - nelj\u00e4 turvallisuusvinkki\u00e4 - Bozita Finland","description":"Vinkkej\u00e4 sinulle joka aiot ottaa koirasi veneeseen tai uida koirasi kanssa. Tarvitset muun muassa oikeanlaisen pelastusliivin ja koira pit\u00e4\u00e4 muistaa kuivata uimisen j\u00e4lkeen. Lue t\u00e4\u00e4lt\u00e4 lis\u00e4\u00e4.","robots":{"index":"index","follow":"follow","max-snippet":"max-snippet:-1","max-image-preview":"max-image-preview:large","max-video-preview":"max-video-preview:-1"},"canonical":"https:\/\/bozita.com\/fi\/aktiovoi-koirasi\/koirat-veneissa-nelja-turvallisuusvinkkia\/","og_locale":"fi_FI","og_type":"article","og_title":"Koirat veneiss\u00e4 - nelj\u00e4 turvallisuusvinkki\u00e4 - Bozita Finland","og_description":"Vinkkej\u00e4 sinulle joka aiot ottaa koirasi veneeseen tai uida koirasi kanssa. Tarvitset muun muassa oikeanlaisen pelastusliivin ja koira pit\u00e4\u00e4 muistaa kuivata uimisen j\u00e4lkeen. Lue t\u00e4\u00e4lt\u00e4 lis\u00e4\u00e4.","og_url":"https:\/\/bozita.com\/fi\/aktiovoi-koirasi\/koirat-veneissa-nelja-turvallisuusvinkkia\/","og_site_name":"Bozita Finland","article_modified_time":"2025-03-27T09:13:29+00:00","og_image":[{"width":800,"height":534,"url":"https:\/\/bozita.com\/fi\/wp-content\/uploads\/sites\/11\/2021\/08\/bozita-ta-med-hunde-pa-baten.jpeg","type":"image\/jpeg"}],"twitter_card":"summary_large_image","schema":{"@context":"https:\/\/schema.org","@graph":[{"@type":"WebPage","@id":"https:\/\/bozita.com\/fi\/aktiovoi-koirasi\/koirat-veneissa-nelja-turvallisuusvinkkia\/","url":"https:\/\/bozita.com\/fi\/aktiovoi-koirasi\/koirat-veneissa-nelja-turvallisuusvinkkia\/","name":"Koirat veneiss\u00e4 - nelj\u00e4 turvallisuusvinkki\u00e4 - Bozita Finland","isPartOf":{"@id":"https:\/\/bozita.com\/fi\/#website"},"datePublished":"2022-08-31T07:14:37+00:00","dateModified":"2025-03-27T09:13:29+00:00","description":"Vinkkej\u00e4 sinulle joka aiot ottaa koirasi veneeseen tai uida koirasi kanssa. Tarvitset muun muassa oikeanlaisen pelastusliivin ja koira pit\u00e4\u00e4 muistaa kuivata uimisen j\u00e4lkeen. Lue t\u00e4\u00e4lt\u00e4 lis\u00e4\u00e4.","breadcrumb":{"@id":"https:\/\/bozita.com\/fi\/aktiovoi-koirasi\/koirat-veneissa-nelja-turvallisuusvinkkia\/#breadcrumb"},"inLanguage":"fi","potentialAction":[{"@type":"ReadAction","target":["https:\/\/bozita.com\/fi\/aktiovoi-koirasi\/koirat-veneissa-nelja-turvallisuusvinkkia\/"]}]},{"@type":"BreadcrumbList","@id":"https:\/\/bozita.com\/fi\/aktiovoi-koirasi\/koirat-veneissa-nelja-turvallisuusvinkkia\/#breadcrumb","itemListElement":[{"@type":"ListItem","position":1,"name":"Koti","item":"https:\/\/bozita.com\/fi\/"},{"@type":"ListItem","position":2,"name":"Aktivoi koiraasi","item":"https:\/\/bozita.com\/fi\/aktiovoi-koirasi\/"},{"@type":"ListItem","position":3,"name":"Koirat veneiss\u00e4 &#8211; nelj\u00e4 turvallisuusvinkki\u00e4"}]},{"@type":"WebSite","@id":"https:\/\/bozita.com\/fi\/#website","url":"https:\/\/bozita.com\/fi\/","name":"Bozita Finland","description":"","potentialAction":[{"@type":"SearchAction","target":{"@type":"EntryPoint","urlTemplate":"https:\/\/bozita.com\/fi\/?s={search_term_string}"},"query-input":"required name=search_term_string"}],"inLanguage":"fi"}]}},"_links":{"self":[{"href":"https:\/\/bozita.com\/fi\/wp-json\/wp\/v2\/pages\/6545"}],"collection":[{"href":"https:\/\/bozita.com\/fi\/wp-json\/wp\/v2\/pages"}],"about":[{"href":"https:\/\/bozita.com\/fi\/wp-json\/wp\/v2\/types\/page"}],"author":[{"embeddable":true,"href":"https:\/\/bozita.com\/fi\/wp-json\/wp\/v2\/users\/1"}],"replies":[{"embeddable":true,"href":"https:\/\/bozita.com\/fi\/wp-json\/wp\/v2\/comments?post=6545"}],"version-history":[{"count":5,"href":"https:\/\/bozita.com\/fi\/wp-json\/wp\/v2\/pages\/6545\/revisions"}],"predecessor-version":[{"id":11406,"href":"https:\/\/bozita.com\/fi\/wp-json\/wp\/v2\/pages\/6545\/revisions\/11406"}],"up":[{"embeddable":true,"href":"https:\/\/bozita.com\/fi\/wp-json\/wp\/v2\/pages\/6361"}],"wp:featuredmedia":[{"embeddable":true,"href":"https:\/\/bozita.com\/fi\/wp-json\/wp\/v2\/media\/6546"}],"wp:attachment":[{"href":"https:\/\/bozita.com\/fi\/wp-json\/wp\/v2\/media?parent=6545"}],"curies":[{"name":"wp","href":"https:\/\/api.w.org\/{rel}","templated":true}]}}