{"id":6560,"date":"2022-08-31T07:16:02","date_gmt":"2022-08-31T07:16:02","guid":{"rendered":"https:\/\/bozita.com\/fi\/koirakurssit-ja-aktiviteetit\/"},"modified":"2024-08-12T12:14:15","modified_gmt":"2024-08-12T12:14:15","slug":"koirakurssit-ja-aktiviteetit","status":"publish","type":"page","link":"https:\/\/bozita.com\/fi\/aktiovoi-koirasi\/koirakurssit-ja-aktiviteetit\/","title":{"rendered":"Koirakurssit ja aktiviteetit"},"content":{"rendered":"\t\t<section class=\"small-hero\">\n\t\t\t<div class=\"container\">\n\t\t\t\t<h1 class=\"small-hero-title\">Koirakurssit ja aktiviteetit<\/h1>\t\t\t<\/div>\n\t\t\t<\/div>\n\t\t<\/section>\n\t\n\n\t<div class=\"text-box-warp\">\n\t\t<div class=\"container\">\n\t\t\t<div class=\"text-content\">\n\t\t\t\t<p><strong>Riippumatta siit\u00e4, aiotko kilpailla koirasi kanssa vai et, koirakurssit ovat hyv\u00e4 tapa lujittaa suhdetta koiraasi ja tarjota sille henkisi\u00e4 ja fyysisi\u00e4 virikkeit\u00e4. Ehk\u00e4 haluat kokeilla agilitya tai tutustua rally-tokoon koirasi kanssa tai ehk\u00e4 parasta on keskitty\u00e4 hihnakoulutukseen ja yleiseen tottelevaisuuteen. T\u00e4\u00e4lt\u00e4 saat tietoa ja ideoita aktiviteeteista ja mist\u00e4 l\u00f6yd\u00e4t sopivan koirakurssin. <\/strong><\/p>\n<h2>KUINKA L\u00d6YT\u00c4\u00c4 AKTIVITEETTEJA JA KOIRAKURSSEJA<\/h2>\n<p>Hyv\u00e4 tapa l\u00f6yt\u00e4\u00e4 sopivia aktiviteetteja, koirakursseja ja pentukursseja, on selata paikallisten koirayhdistysten, rotuyhdistysten ja lajiyhdistysten verkkosivuja. My\u00f6s hyvi\u00e4 yksityisi\u00e4 koiran kouluttajia, koirakouluja ja muita toimijoita sek\u00e4 yhdistyksi\u00e4 l\u00f6ytyy maanlaajuisesti. Varmista vain, ett\u00e4 kurssin ohjaajalla on riitt\u00e4v\u00e4 p\u00e4tevyys. Voit kysy\u00e4 muilta koiranomistajilta tai k\u00e4yd\u00e4 tapaamassa ohjaajaa saadaksesi vinkkej\u00e4 itsellesi ja koirallesi sopivista kursseista. Jonotuslista voi toisinaan olla pitk\u00e4 ja paikkaa voi olla vaikea saada, joten suunnittele ennakkoon mille kurssille haluaisitte osallistua.<\/p>\n<ul>\n<li>Etsi kursseja paikallisen koirayhdistyksen kautta<\/li>\n<li>Etsi kursseja rotuyhdistyksen kautta<\/li>\n<\/ul>\n<h2>PENNUN VIEMINEN KOIRAKURSSILLE<\/h2>\n<p>Yleinen s\u00e4\u00e4nt\u00f6 on, ett\u00e4 pennun tulee olla noin nelj\u00e4 kuukautta vanha sen osallistuessa ensimm\u00e4iselle kurssilleen. Vasta t\u00e4ss\u00e4 vaiheessa pentu on valmis k\u00e4sittelem\u00e4\u00e4n kaikkea mit\u00e4 kurssilla tapahtuu.<\/p>\n<p>Pennun pit\u00e4\u00e4 my\u00f6s olla rokotettu ennen kurssille menoa. Perusrokotukset annetaan pennun ollessa 7-8 viikon ik\u00e4inen ja vahvisterokote 12 viikon vanhana.<\/p>\n<h4>Lue lis\u00e4\u00e4<\/h4>\n<ul>\n<li>Koirien rokottaminen<\/li>\n<\/ul>\n<h2>EHDOTUKSIA KOIRAN AKTIVITEETEIKSI<\/h2>\n<h4>Pentukurssi<\/h4>\n<p>Pentukurssilla k\u00e4yminen antaa erinomaiset mahdollisuudet toimivan suhteen perusteiden luomiselle sek\u00e4 jokap\u00e4iv\u00e4iselle tottelevaisuudelle, olet sitten kokenut tai aloitteleva koiranomistaja. Pentusi tapaa uudessa ymp\u00e4rist\u00f6ss\u00e4 muita ihmisi\u00e4 ja toisia koiria. Tapaat my\u00f6s muita koiranomistajia, joiden kanssa voit vaihtaa kokemuksia.<\/p>\n<h4>Hihnakoulutus<\/h4>\n<p>Hihnassa vet\u00e4m\u00e4tt\u00e4 kulkeminen on ehdoton taito kaikille koirille. Tietyiss\u00e4 ymp\u00e4rist\u00f6iss\u00e4 tiettyin\u00e4 vuodenaikoina koiran pit\u00e4minen hihnassa on laillinen pakko.<\/p>\n<p>Voit aloittaa hihnaharjoittelun aikaisin koiran el\u00e4m\u00e4ss\u00e4. Kun koirat ovat pentuja niiden on helpompi oppia asioita, koira on my\u00f6s pienempi, joten sinun on helpompi k\u00e4sitell\u00e4 sit\u00e4. Hihnakoulutus kuuluu jossain m\u00e4\u00e4rin pentukurssien sis\u00e4lt\u00f6\u00f6n, mutta on my\u00f6s erityiskoulutuksia hihnassa olemisen opetteluun.<\/p>\n<p>Muista, ettei koirasi saa koskaan ajaa takaa villiel\u00e4imi\u00e4 jos ei ole mets\u00e4styskausi ja koirasi ole ty\u00f6skentelev\u00e4 mets\u00e4styskoira. Sinulla pit\u00e4\u00e4 olla niin paljon k\u00e4skyvaltaa koiraasi, ett\u00e4 se tulee luokse kutsuttaessa. Jos se ei tule, voi asiasta seurata oikeudellisia seurauksia ja joudut kenties pit\u00e4m\u00e4\u00e4n koiraasi hihnassa vuoden ymp\u00e4ri.<\/p>\n<h4>Tottelevaisuuskoulutus<\/h4>\n<p>Tottelevaisuuskoulutus on niit\u00e4 varten, jotka haluavat arjesta koiran kanssa tulevan rauhallista ja ongelmatonta (yleinen tottelevaisuus) sek\u00e4 niille, jotka haluavat kilpailla tottelevaisuuskoulutuksessa (kilpailutottelevaisuus).<\/p>\n<p>Yleisill\u00e4 tottelevaisuuskursseilla harjoitellaan maahan menoa, paikalla pysymist\u00e4, luoksetuloa sek\u00e4 hihnassa kulkemista. P\u00e4\u00e4paino on omistajan ja koiran hyv\u00e4n suhteen luomisessa.<\/p>\n<p>Kilpailutottelevaisuuskurssit vaativat yleens\u00e4 jonkin verran ennakkotietoa (olet esimerkiksi k\u00e4ynyt yleisen tottelevaisuuskurssin). N\u00e4ill\u00e4 kursseilla painopiste on eri tottelevaisuusluokkien yksityiskohtien hienos\u00e4\u00e4d\u00f6st\u00e4 sek\u00e4 kilpailus\u00e4\u00e4nt\u00f6jen oppimisessa. Koiran ja omistajan suhde on my\u00f6s t\u00e4rke\u00e4ss\u00e4 osassa.<\/p>\n<h4>J\u00e4ljest\u00e4minen<\/h4>\n<p>Koiran hajuaisti on huomattavasti ihmisen hajuaistia hienostuneempi. Noin viiden kuukauden i\u00e4st\u00e4 pennun kiinnostus hajuihin lis\u00e4\u00e4ntyy ja se alkaa seurata erilaisia hajuj\u00e4lki\u00e4. Koiran kouluttaminen j\u00e4ljest\u00e4miseen on sek\u00e4 hy\u00f6dyllist\u00e4, ett\u00e4 hauskaa riippumatta siit\u00e4 onko sinulle aikeita osallistua kilpailuihin, kiinnostusta mets\u00e4st\u00e4miseen tai vain pid\u00e4t aktiviteettia hauskana.<\/p>\n<h4>Rally-toko<\/h4>\n<p>Rally-toko alkoi kehitty\u00e4 2000-luvulla ja se on nopeasti saavuttanut suosiota nopeasti. T\u00e4ss\u00e4 urheilussa koiran ja omistajan tulee selvitt\u00e4\u00e4 rata, jossa on kylteill\u00e4 n\u00e4ytetty mit\u00e4 pit\u00e4\u00e4 tehd\u00e4. Esimerkiksi koiran pit\u00e4\u00e4 menn\u00e4 maahan ja ohjaaja k\u00e4velee sen ymp\u00e4ri ja siit\u00e4 siirryt\u00e4\u00e4n seuraavalle rastille. Nopeus ei ole t\u00e4rkeint\u00e4. P\u00e4\u00e4paino on hyv\u00e4 yhteys koiran ja omistajan v\u00e4lill\u00e4 sek\u00e4 yhteinen hauskanpito!<\/p>\n<p>Rally-toko ei vaadi fyysisen kunnon kannalta kovinkaan paljoa, joten kaikki koirat voivat osallistua riippumatta siit\u00e4 ovatko ne nuoria vai vanhoja, pieni\u00e4 vai suuria. Koiralla t\u00e4ytyy kuitenkin olla tiettyj\u00e4 perustaitoja, kuten istuminen, maahan meno ja k\u00e4skyst\u00e4 seisominen ennen kuin rally-tokoon voi osallistua. Kilpailut ovat avoimia kaikille yli 10 kk ik\u00e4isille koirille.<\/p>\n<h4>Agility<\/h4>\n<p>Agility tuli Pohjoismaihin 80-luvun puoliv\u00e4liss\u00e4 ja se on ollut virallinen koiraurheilulaji sek\u00e4 yleis\u00f6n suosikki vuodesta 1989. Agilityssa selvitet\u00e4\u00e4n esterata, esimerkiksi pujottelukeppej\u00e4, esteit\u00e4 ja keinulautoja mahdollisimman nopeasti ja mahdollisimman v\u00e4hill\u00e4 virheill\u00e4. Se on hyv\u00e4 tapa rakentaa koiraan voimakas suhde. Koiran itsetunto kehittyy my\u00f6s kun yhdess\u00e4 opettelette itsen\u00e4isesti selvitt\u00e4m\u00e4\u00e4n erilaisia esteit\u00e4.<\/p>\n<p>Agility on vaativaa, ei v\u00e4hiten fyysisesti. Ennen kuin aloitatte vakavamman harjoittelun tulee koirasi olla v\u00e4hint\u00e4\u00e4n vuoden ik\u00e4inen, jotta lihakset ja luusto kest\u00e4v\u00e4t rasituksen. Agility-kilpailut ovat avoimia kaikille yli 18kk ik\u00e4isille koirille.<\/p>\n<p>&nbsp;<\/p>\n\t\t\t<\/div>\n\t\t<\/div>\n\t<\/div>\n\n\n\n\t<section class=\"block related-articles\">\n\t\t<div class=\"container\">\n\t\t\t<h2>Aiheeseen liittyvi\u00e4 artikkeleita<\/h2>\n\t\t\t<div class=\"row justify-content-center\">\n\t\t\t\t\t\t\t\t\t\t<div class=\"col-sm-6 col-md-6 col-lg-3\">\n\t\t\t\t\t\t\t\t\t\t\t\t\t\t<div class=\"card \">\n\t\t\t\t\t\t\t\t\t\t\t\t\t\t\t\t\t<img decoding=\"async\"  src=\"https:\/\/bozita.com\/fi\/wp-content\/uploads\/sites\/11\/2021\/08\/bozita-hundvalp-miljotraning-socialisering.jpeg\" alt=\"\">\n\t\t\t\t\t\t\t\t\t\t\t\t\t\t\t\t\t<!-- <img decoding=\"async\" src=\"\n\t\t\t\t\t\t\t\t\t\t\t\t\t\t\t\t\t\t\t\t\" alt=\"\n\t\t\t\t\t\t\t\t\t\t\t\t\t\t\t\t\t\t\t\t\t\t\t\t\t\t\t\"> -->\n\t\t\t\t\t\t\t\t<div class=\"card-body\">\n\t\t\t\t\t\t\t\t\t\t\t\t\t\t\t\t\t\t\t<h6>Sosiaalista koiranpentusi &#8211; kouluta koirasi tottumaan uusiin ymp\u00e4rist\u00f6ihin<\/h6>\n\t\t\t\t\t\t\t\t\t\t\t\t\t\t\t\t\t\t\t<a href=\"https:\/\/bozita.com\/fi\/koirasi-kehitys\/sosiaalista-koiranpentusi-kouluta-koirasi-tottumaan-uusiin-ymparistoihin\/\">Lue lis\u00e4\u00e4 &nbsp; ><\/a>\n\t\t\t\t\t\t\t\t<\/div>\n\t\t\t\t\t\t\t<\/div>\n\t\t\t\t\t\t<\/div>\n\n\t\t\t\t\t\t\t\t\t\t\t<div class=\"col-sm-6 col-md-6 col-lg-3\">\n\t\t\t\t\t\t\t\t\t\t\t\t\t\t<div class=\"card \">\n\t\t\t\t\t\t\t\t\t\t\t\t\t\t\t\t\t<img decoding=\"async\"  src=\"https:\/\/bozita.com\/fi\/wp-content\/uploads\/sites\/11\/2021\/08\/bozita-vandra-med-hund-300x200-1.jpg\" alt=\"\">\n\t\t\t\t\t\t\t\t\t\t\t\t\t\t\t\t\t<!-- <img decoding=\"async\" src=\"\n\t\t\t\t\t\t\t\t\t\t\t\t\t\t\t\t\t\t\t\t\" alt=\"\n\t\t\t\t\t\t\t\t\t\t\t\t\t\t\t\t\t\t\t\t\t\t\t\t\t\t\t\"> -->\n\t\t\t\t\t\t\t\t<div class=\"card-body\">\n\t\t\t\t\t\t\t\t\t\t\t\t\t\t\t\t\t\t\t<h6>Vaeltaminen koiran kanssa<\/h6>\n\t\t\t\t\t\t\t\t\t\t\t\t\t\t\t\t\t\t\t<a href=\"https:\/\/bozita.com\/fi\/aktiovoi-koirasi\/vaeltaminen-koiran-kanssa\/\">Lue lis\u00e4\u00e4 &nbsp; ><\/a>\n\t\t\t\t\t\t\t\t<\/div>\n\t\t\t\t\t\t\t<\/div>\n\t\t\t\t\t\t<\/div>\n\n\t\t\t\t\t\t\t\t\t\t\t<div class=\"col-sm-6 col-md-6 col-lg-3\">\n\t\t\t\t\t\t\t\t\t\t\t\t\t\t<div class=\"card \">\n\t\t\t\t\t\t\t\t\t\t\t\t\t\t\t\t\t<img decoding=\"async\"  src=\"https:\/\/bozita.com\/fi\/wp-content\/uploads\/sites\/11\/2021\/08\/bozita-ta-med-hunden-till-fjallen.jpeg\" alt=\"\">\n\t\t\t\t\t\t\t\t\t\t\t\t\t\t\t\t\t<!-- <img decoding=\"async\" src=\"\n\t\t\t\t\t\t\t\t\t\t\t\t\t\t\t\t\t\t\t\t\" alt=\"\n\t\t\t\t\t\t\t\t\t\t\t\t\t\t\t\t\t\t\t\t\t\t\t\t\t\t\t\"> -->\n\t\t\t\t\t\t\t\t<div class=\"card-body\">\n\t\t\t\t\t\t\t\t\t\t\t\t\t\t\t\t\t\t\t<h6>Loma koiran kanssa tuntureilla<\/h6>\n\t\t\t\t\t\t\t\t\t\t\t\t\t\t\t\t\t\t\t<a href=\"https:\/\/bozita.com\/fi\/aktiovoi-koirasi\/loma-koiran-kanssa-tuntureilla\/\">Lue lis\u00e4\u00e4 &nbsp; ><\/a>\n\t\t\t\t\t\t\t\t<\/div>\n\t\t\t\t\t\t\t<\/div>\n\t\t\t\t\t\t<\/div>\n\n\t\t\t\t\t\t\t\t\t\t\t\t<\/div>\n\t\t<\/div>\n\t<\/section>\n","protected":false},"excerpt":{"rendered":"","protected":false},"author":1,"featured_media":6561,"parent":6361,"menu_order":0,"comment_status":"closed","ping_status":"closed","template":"guternberg.php","meta":{"footnotes":""},"acf":[],"yoast_head":"<!-- This site is optimized with the Yoast SEO plugin v21.3 - https:\/\/yoast.com\/wordpress\/plugins\/seo\/ -->\n<title>Koirakurssit ja aktiviteetit - Bozita Finland<\/title>\n<meta name=\"description\" content=\"Aktivoi koiraasi koirakursseilla, pentukursseilla ja hauskoilla aktiviteeteilla. Kokeile agilitya, rally-tokoa tai saa apua hihnak\u00e4yt\u00f6kseen. N\u00e4in l\u00f6yd\u00e4t oikean lajin.\" \/>\n<meta name=\"robots\" content=\"index, follow, max-snippet:-1, max-image-preview:large, max-video-preview:-1\" \/>\n<link rel=\"canonical\" href=\"https:\/\/bozita.com\/fi\/aktiovoi-koirasi\/koirakurssit-ja-aktiviteetit\/\" \/>\n<meta property=\"og:locale\" content=\"fi_FI\" \/>\n<meta property=\"og:type\" content=\"article\" \/>\n<meta property=\"og:title\" content=\"Koirakurssit ja aktiviteetit - Bozita Finland\" \/>\n<meta property=\"og:description\" content=\"Aktivoi koiraasi koirakursseilla, pentukursseilla ja hauskoilla aktiviteeteilla. Kokeile agilitya, rally-tokoa tai saa apua hihnak\u00e4yt\u00f6kseen. N\u00e4in l\u00f6yd\u00e4t oikean lajin.\" \/>\n<meta property=\"og:url\" content=\"https:\/\/bozita.com\/fi\/aktiovoi-koirasi\/koirakurssit-ja-aktiviteetit\/\" \/>\n<meta property=\"og:site_name\" content=\"Bozita Finland\" \/>\n<meta property=\"article:modified_time\" content=\"2024-08-12T12:14:15+00:00\" \/>\n<meta property=\"og:image\" content=\"https:\/\/bozita.com\/fi\/wp-content\/uploads\/sites\/11\/2021\/06\/bozita-smakgaranti-hundmat-kattmat.jpeg\" \/>\n\t<meta property=\"og:image:width\" content=\"800\" \/>\n\t<meta property=\"og:image:height\" content=\"533\" \/>\n\t<meta property=\"og:image:type\" content=\"image\/jpeg\" \/>\n<meta name=\"twitter:card\" content=\"summary_large_image\" \/>\n<!-- \/ Yoast SEO plugin. -->","yoast_head_json":{"title":"Koirakurssit ja aktiviteetit - Bozita Finland","description":"Aktivoi koiraasi koirakursseilla, pentukursseilla ja hauskoilla aktiviteeteilla. Kokeile agilitya, rally-tokoa tai saa apua hihnak\u00e4yt\u00f6kseen. N\u00e4in l\u00f6yd\u00e4t oikean lajin.","robots":{"index":"index","follow":"follow","max-snippet":"max-snippet:-1","max-image-preview":"max-image-preview:large","max-video-preview":"max-video-preview:-1"},"canonical":"https:\/\/bozita.com\/fi\/aktiovoi-koirasi\/koirakurssit-ja-aktiviteetit\/","og_locale":"fi_FI","og_type":"article","og_title":"Koirakurssit ja aktiviteetit - Bozita Finland","og_description":"Aktivoi koiraasi koirakursseilla, pentukursseilla ja hauskoilla aktiviteeteilla. Kokeile agilitya, rally-tokoa tai saa apua hihnak\u00e4yt\u00f6kseen. N\u00e4in l\u00f6yd\u00e4t oikean lajin.","og_url":"https:\/\/bozita.com\/fi\/aktiovoi-koirasi\/koirakurssit-ja-aktiviteetit\/","og_site_name":"Bozita Finland","article_modified_time":"2024-08-12T12:14:15+00:00","og_image":[{"width":800,"height":533,"url":"https:\/\/bozita.com\/fi\/wp-content\/uploads\/sites\/11\/2021\/06\/bozita-smakgaranti-hundmat-kattmat.jpeg","type":"image\/jpeg"}],"twitter_card":"summary_large_image","schema":{"@context":"https:\/\/schema.org","@graph":[{"@type":"WebPage","@id":"https:\/\/bozita.com\/fi\/aktiovoi-koirasi\/koirakurssit-ja-aktiviteetit\/","url":"https:\/\/bozita.com\/fi\/aktiovoi-koirasi\/koirakurssit-ja-aktiviteetit\/","name":"Koirakurssit ja aktiviteetit - Bozita Finland","isPartOf":{"@id":"https:\/\/bozita.com\/fi\/#website"},"datePublished":"2022-08-31T07:16:02+00:00","dateModified":"2024-08-12T12:14:15+00:00","description":"Aktivoi koiraasi koirakursseilla, pentukursseilla ja hauskoilla aktiviteeteilla. Kokeile agilitya, rally-tokoa tai saa apua hihnak\u00e4yt\u00f6kseen. N\u00e4in l\u00f6yd\u00e4t oikean lajin.","breadcrumb":{"@id":"https:\/\/bozita.com\/fi\/aktiovoi-koirasi\/koirakurssit-ja-aktiviteetit\/#breadcrumb"},"inLanguage":"fi","potentialAction":[{"@type":"ReadAction","target":["https:\/\/bozita.com\/fi\/aktiovoi-koirasi\/koirakurssit-ja-aktiviteetit\/"]}]},{"@type":"BreadcrumbList","@id":"https:\/\/bozita.com\/fi\/aktiovoi-koirasi\/koirakurssit-ja-aktiviteetit\/#breadcrumb","itemListElement":[{"@type":"ListItem","position":1,"name":"Koti","item":"https:\/\/bozita.com\/fi\/"},{"@type":"ListItem","position":2,"name":"Aktivoi koiraasi","item":"https:\/\/bozita.com\/fi\/aktiovoi-koirasi\/"},{"@type":"ListItem","position":3,"name":"Koirakurssit ja aktiviteetit"}]},{"@type":"WebSite","@id":"https:\/\/bozita.com\/fi\/#website","url":"https:\/\/bozita.com\/fi\/","name":"Bozita Finland","description":"","potentialAction":[{"@type":"SearchAction","target":{"@type":"EntryPoint","urlTemplate":"https:\/\/bozita.com\/fi\/?s={search_term_string}"},"query-input":"required name=search_term_string"}],"inLanguage":"fi"}]}},"_links":{"self":[{"href":"https:\/\/bozita.com\/fi\/wp-json\/wp\/v2\/pages\/6560"}],"collection":[{"href":"https:\/\/bozita.com\/fi\/wp-json\/wp\/v2\/pages"}],"about":[{"href":"https:\/\/bozita.com\/fi\/wp-json\/wp\/v2\/types\/page"}],"author":[{"embeddable":true,"href":"https:\/\/bozita.com\/fi\/wp-json\/wp\/v2\/users\/1"}],"replies":[{"embeddable":true,"href":"https:\/\/bozita.com\/fi\/wp-json\/wp\/v2\/comments?post=6560"}],"version-history":[{"count":10,"href":"https:\/\/bozita.com\/fi\/wp-json\/wp\/v2\/pages\/6560\/revisions"}],"predecessor-version":[{"id":10999,"href":"https:\/\/bozita.com\/fi\/wp-json\/wp\/v2\/pages\/6560\/revisions\/10999"}],"up":[{"embeddable":true,"href":"https:\/\/bozita.com\/fi\/wp-json\/wp\/v2\/pages\/6361"}],"wp:featuredmedia":[{"embeddable":true,"href":"https:\/\/bozita.com\/fi\/wp-json\/wp\/v2\/media\/6561"}],"wp:attachment":[{"href":"https:\/\/bozita.com\/fi\/wp-json\/wp\/v2\/media?parent=6560"}],"curies":[{"name":"wp","href":"https:\/\/api.w.org\/{rel}","templated":true}]}}