{"id":6564,"date":"2022-08-31T07:16:22","date_gmt":"2022-08-31T07:16:22","guid":{"rendered":"https:\/\/bozita.com\/fi\/kuinka-pitkaan-kissa-voi-olla-yksin\/"},"modified":"2025-04-16T10:39:54","modified_gmt":"2025-04-16T10:39:54","slug":"kuinka-pitkaan-kissa-voi-olla-yksin","status":"publish","type":"page","link":"https:\/\/bozita.com\/fi\/kuinka-pitkaan-kissa-voi-olla-yksin\/","title":{"rendered":"Kuinka pitk\u00e4\u00e4n kissa voi olla yksin?"},"content":{"rendered":"\t\t<section class=\"small-hero\">\n\t\t\t<div class=\"container\">\n\t\t\t\t<h1 class=\"small-hero-title\">Kuinka pitk\u00e4\u00e4n kissa voi olla yksin?<\/h1>\t\t\t<\/div>\n\t\t\t<\/div>\n\t\t<\/section>\n\t\n\n\t<div class=\"text-box-warp\">\n\t\t<div class=\"container\">\n\t\t\t<div class=\"text-content\">\n\t\t\t\t<p><strong>Toisinaan kissanomistajan on j\u00e4tett\u00e4v\u00e4 kissa yksin matkan ajaksi, mutta yleisesti kissa ei voi huolehtia itsest\u00e4\u00e4n pitki\u00e4 aikoja. Laki el\u00e4inten hyvinvoinnista velvoittaa tarkastamaan terveen kissan voinnin v\u00e4hint\u00e4\u00e4n kerran vuorokaudessa, mielell\u00e4\u00e4n useamminkin. Veden ja ruoan lis\u00e4ksi kissa tarvitsee my\u00f6s sosiaalista kontaktia.<\/strong><\/p>\n<h2>IK\u00c4, TERVEYS, KOKO JA ROTU M\u00c4\u00c4RITTELEV\u00c4T KUINKA PITK\u00c4\u00c4N KISSASI VOI OLLA YKSIN<\/h2>\n<p>Aivan ihmisten tavoin jokainen kissa on oma ainutkertainen persoonansa. Osin persoonallisuus m\u00e4\u00e4ritt\u00e4\u00e4 kuinka kauan kissa voi olla yksin, muita vaikuttavia tekij\u00f6it\u00e4 ovat muun muassa ik\u00e4, terveys, rotu ja koko.<\/p>\n<p>Kissanpentua, joka tarvitsee emoltaan huolenpitoa ja ruokaa, ei saa erottaa emostaan ellei se ole aivan v\u00e4ltt\u00e4m\u00e4t\u00f6nt\u00e4 ja silloinkin vain v\u00e4liaikaisesti. Kissanpennun saa erottaa emostaan vasta sen ollessa 14 viikon ik\u00e4inen.<\/p>\n<p>Vanhemmalla kissalla on my\u00f6s erityistarpeita ja yleisesti ottaen ne tarvitsevat enemm\u00e4n huolenpitoa kuin nuoret kissat. Jos kissasi on kantava tai loukkaanut, my\u00f6s t\u00e4m\u00e4 pit\u00e4\u00e4 ottaa huomioon.<\/p>\n<p>Jos sinun t\u00e4ytyy j\u00e4tt\u00e4\u00e4 kissasi yksin ja se on puhdasrotuinen, muista ett\u00e4 jotkut puhdasrotuiset kissat, kuten siamilainen tai it\u00e4mainen lyhytkarva, tarvitsevat enemm\u00e4n sosiaalista kontaktia kuin jotkut toiset rodut. Ne voivat reagoida psyykkisesti huonommin pitk\u00e4aikaiseen yksinoloon. My\u00f6skin hyvin energiset rodut, kuten bengalit, stressaantuvat yksin ollessaan helpommin sill\u00e4 niiden onnellisuus edellytt\u00e4\u00e4 paljon liikuntaa ja leikki\u00e4. Lue lis\u00e4\u00e4 kissasi rodusta ennen kuin j\u00e4t\u00e4t sen yksin.<\/p>\n<h2>VALMISTAUTUMINEN KISSAN YKSIN J\u00c4TT\u00c4MISELLE<\/h2>\n<p>Mik\u00e4li sinun pit\u00e4\u00e4 j\u00e4tt\u00e4\u00e4 kissasi yksin pitemm\u00e4ksi aikaa on t\u00e4rke\u00e4\u00e4, ett\u00e4 l\u00f6yd\u00e4t kissavahdin, joka voi k\u00e4yd\u00e4 katsomassa kissaasi.<\/p>\n<h2>RUOKA, VESI JA KISSANHIEKKA<\/h2>\n<p>Jos sinun pit\u00e4\u00e4 j\u00e4tt\u00e4\u00e4 kissasi yksin, sill\u00e4 pit\u00e4\u00e4 olla runsaasti ravitsevaa ruokaa ja vett\u00e4 saatavilla. Sis\u00e4kissoilla tulee olla vapaa p\u00e4\u00e4sty juomaveteen ja my\u00f6s ulkokissoilla pit\u00e4\u00e4 olla mahdollisuus juoda vett\u00e4 v\u00e4hint\u00e4\u00e4n kahdesti p\u00e4iv\u00e4ss\u00e4. My\u00f6s ulkokissoilla pit\u00e4isi ihannetilanteessa olla vapaa p\u00e4\u00e4sy juomaveteen, joten sijoita useita vesikuppeja varjoisiin paikkoihin puutarhassa, jotta vesi ei haihdu liian nopeasti. Varmista my\u00f6s, ett\u00e4 kissavahti tiet\u00e4\u00e4 miss\u00e4 tarpeellisia tavaroita, kuten ruokaa ja kissanhiekkaa s\u00e4ilytet\u00e4\u00e4n.<\/p>\n<h2>TURVALLINEN LEPOPAIKKA JA LIIKUNTAMAHDOLLISUUDET<\/h2>\n<p>Ruoan, veden ja paikan tarpeidensa tekemist\u00e4 varten lis\u00e4ksi kissa tarvitsee my\u00f6s oman lepopaikkansa sek\u00e4 mahdollisuuden raapia, esimerkiksi raapimatolpan tai raapimapuun. My\u00f6s sis\u00e4kissa tarvitsee liikuntaa, joten aktivoivat lelut ja ruokinta-automaatit voivat olla tarpeen hankkia ennen kuin j\u00e4t\u00e4t kissan yksin. Jos kissa kokee olevansa alistimuloitu se voi vaikuttaa negatiivisesti niiden hyvinvointiin.<\/p>\n<h2>KISSOJA SUOJELEVAT EL\u00c4INSUOJELULAJIT<\/h2>\n<p>On useita s\u00e4\u00e4d\u00f6ksi\u00e4 jotka suojelevat kissojen hyvinvointia, jotta jokaisella kissalla on mahdollisuus el\u00e4\u00e4 onnellista el\u00e4m\u00e4\u00e4. N\u00e4iss\u00e4 m\u00e4\u00e4ritet\u00e4\u00e4n v\u00e4himm\u00e4isvaatimukset, jotta kissa voisi voida hyvin niin fyysisesti kuin henkisesti.<\/p>\n<h4>Lue lis\u00e4\u00e4<\/h4>\n<ul>\n<li><a href=\"https:\/\/www.ruokavirasto.fi\/elaimet\/elainten-hyvinvointi\/\">Lue lis\u00e4\u00e4 el\u00e4inten hyvinvointia koskevista s\u00e4\u00e4nn\u00f6ksist\u00e4 Ruokaviraston sivulta<\/a><\/li>\n<\/ul>\n\t\t\t<\/div>\n\t\t<\/div>\n\t<\/div>\n\n\n\n\t<section class=\"block related-articles\">\n\t\t<div class=\"container\">\n\t\t\t<h2>Aiheeseen liittyvi\u00e4 artikkeleita<\/h2>\n\t\t\t<div class=\"row justify-content-center\">\n\t\t\t\t\t\t\t\t\t\t<div class=\"col-sm-6 col-md-6 col-lg-3\">\n\t\t\t\t\t\t\t\t\t\t\t\t\t\t<div class=\"card \">\n\t\t\t\t\t\t\t\t\t\t\t\t\t\t\t\t\t<img decoding=\"async\"  src=\"https:\/\/bozita.com\/fi\/wp-content\/uploads\/sites\/11\/2021\/08\/bozita-introducera-katt-till-nytt-hem.jpg\" alt=\"\">\n\t\t\t\t\t\t\t\t\t\t\t\t\t\t\t\t\t<!-- <img decoding=\"async\" src=\"\n\t\t\t\t\t\t\t\t\t\t\t\t\t\t\t\t\t\t\t\t\" alt=\"\n\t\t\t\t\t\t\t\t\t\t\t\t\t\t\t\t\t\t\t\t\t\t\t\t\t\t\t\"> -->\n\t\t\t\t\t\t\t\t<div class=\"card-body\">\n\t\t\t\t\t\t\t\t\t\t\t\t\t\t\t\t\t\t\t<h6>Kissan totuttaminen uuteen kotiin<\/h6>\n\t\t\t\t\t\t\t\t\t\t\t\t\t\t\t\t\t\t\t<a href=\"https:\/\/bozita.com\/fi\/kissan-hankinta\/kissan-totuttaminen-uuteen-kotiin\/\">Lue lis\u00e4\u00e4 &nbsp; ><\/a>\n\t\t\t\t\t\t\t\t<\/div>\n\t\t\t\t\t\t\t<\/div>\n\t\t\t\t\t\t<\/div>\n\n\t\t\t\t\t\t\t\t\t\t\t<div class=\"col-sm-6 col-md-6 col-lg-3\">\n\t\t\t\t\t\t\t\t\t\t\t\t\t\t<div class=\"card \">\n\t\t\t\t\t\t\t\t\t\t\t\t\t\t\t\t\t<img decoding=\"async\"  src=\"https:\/\/bozita.com\/fi\/wp-content\/uploads\/sites\/11\/2021\/08\/bozita-kattens-kroppssprak.jpg\" alt=\"\">\n\t\t\t\t\t\t\t\t\t\t\t\t\t\t\t\t\t<!-- <img decoding=\"async\" src=\"\n\t\t\t\t\t\t\t\t\t\t\t\t\t\t\t\t\t\t\t\t\" alt=\"\n\t\t\t\t\t\t\t\t\t\t\t\t\t\t\t\t\t\t\t\t\t\t\t\t\t\t\t\"> -->\n\t\t\t\t\t\t\t\t<div class=\"card-body\">\n\t\t\t\t\t\t\t\t\t\t\t\t\t\t\t\t\t\t\t<h6>Kissan k\u00e4yt\u00f6s ja kehonkieli<\/h6>\n\t\t\t\t\t\t\t\t\t\t\t\t\t\t\t\t\t\t\t<a href=\"https:\/\/bozita.com\/fi\/kissan-kehitys\/kissan-kaytos-ja-kehonkieli\/\">Lue lis\u00e4\u00e4 &nbsp; ><\/a>\n\t\t\t\t\t\t\t\t<\/div>\n\t\t\t\t\t\t\t<\/div>\n\t\t\t\t\t\t<\/div>\n\n\t\t\t\t\t\t\t\t\t\t\t<div class=\"col-sm-6 col-md-6 col-lg-3\">\n\t\t\t\t\t\t\t\t\t\t\t\t\t\t<div class=\"card \">\n\t\t\t\t\t\t\t\t\t\t\t\t\t\t\t\t\t<img decoding=\"async\"  src=\"https:\/\/bozita.com\/fi\/wp-content\/uploads\/sites\/11\/2021\/08\/bozita-katt-rumsren-ga-pa-ladan.jpg\" alt=\"\">\n\t\t\t\t\t\t\t\t\t\t\t\t\t\t\t\t\t<!-- <img decoding=\"async\" src=\"\n\t\t\t\t\t\t\t\t\t\t\t\t\t\t\t\t\t\t\t\t\" alt=\"\n\t\t\t\t\t\t\t\t\t\t\t\t\t\t\t\t\t\t\t\t\t\t\t\t\t\t\t\"> -->\n\t\t\t\t\t\t\t\t<div class=\"card-body\">\n\t\t\t\t\t\t\t\t\t\t\t\t\t\t\t\t\t\t\t<h6>Kissan laatikkoharjoittelu<\/h6>\n\t\t\t\t\t\t\t\t\t\t\t\t\t\t\t\t\t\t\t<a href=\"https:\/\/bozita.com\/fi\/kissan-hankinta\/kissan-laatikkoharjoittelu\/\">Lue lis\u00e4\u00e4 &nbsp; ><\/a>\n\t\t\t\t\t\t\t\t<\/div>\n\t\t\t\t\t\t\t<\/div>\n\t\t\t\t\t\t<\/div>\n\n\t\t\t\t\t\t\t\t\t\t\t\t<\/div>\n\t\t<\/div>\n\t<\/section>\n","protected":false},"excerpt":{"rendered":"","protected":false},"author":1,"featured_media":6565,"parent":0,"menu_order":0,"comment_status":"closed","ping_status":"closed","template":"guternberg.php","meta":{"footnotes":""},"acf":[],"yoast_head":"<!-- This site is optimized with the Yoast SEO plugin v21.3 - https:\/\/yoast.com\/wordpress\/plugins\/seo\/ -->\n<title>Kuinka pitk\u00e4\u00e4n kissa voi olla yksin? - Bozita Finland<\/title>\n<meta name=\"description\" content=\"Pit\u00e4\u00e4k\u00f6 sinun j\u00e4tt\u00e4\u00e4 kissasi yksin? Kissat voivat olla yksin, mutta kissanomistajan sinulla on tiettyj\u00e4 velvollisuuksia. Bozita opastaa sinua.\" \/>\n<meta name=\"robots\" content=\"index, follow, max-snippet:-1, max-image-preview:large, max-video-preview:-1\" \/>\n<link rel=\"canonical\" href=\"https:\/\/bozita.com\/fi\/kuinka-pitkaan-kissa-voi-olla-yksin\/\" \/>\n<meta property=\"og:locale\" content=\"fi_FI\" \/>\n<meta property=\"og:type\" content=\"article\" \/>\n<meta property=\"og:title\" content=\"Kuinka pitk\u00e4\u00e4n kissa voi olla yksin? - Bozita Finland\" \/>\n<meta property=\"og:description\" content=\"Pit\u00e4\u00e4k\u00f6 sinun j\u00e4tt\u00e4\u00e4 kissasi yksin? Kissat voivat olla yksin, mutta kissanomistajan sinulla on tiettyj\u00e4 velvollisuuksia. Bozita opastaa sinua.\" \/>\n<meta property=\"og:url\" content=\"https:\/\/bozita.com\/fi\/kuinka-pitkaan-kissa-voi-olla-yksin\/\" \/>\n<meta property=\"og:site_name\" content=\"Bozita Finland\" \/>\n<meta property=\"article:modified_time\" content=\"2025-04-16T10:39:54+00:00\" \/>\n<meta property=\"og:image\" content=\"https:\/\/bozita.com\/fi\/wp-content\/uploads\/sites\/11\/2021\/08\/bozita-lamna-katt-ensam.jpg\" \/>\n\t<meta property=\"og:image:width\" content=\"800\" \/>\n\t<meta property=\"og:image:height\" content=\"533\" \/>\n\t<meta property=\"og:image:type\" content=\"image\/jpeg\" \/>\n<meta name=\"twitter:card\" content=\"summary_large_image\" \/>\n<!-- \/ Yoast SEO plugin. -->","yoast_head_json":{"title":"Kuinka pitk\u00e4\u00e4n kissa voi olla yksin? - Bozita Finland","description":"Pit\u00e4\u00e4k\u00f6 sinun j\u00e4tt\u00e4\u00e4 kissasi yksin? Kissat voivat olla yksin, mutta kissanomistajan sinulla on tiettyj\u00e4 velvollisuuksia. Bozita opastaa sinua.","robots":{"index":"index","follow":"follow","max-snippet":"max-snippet:-1","max-image-preview":"max-image-preview:large","max-video-preview":"max-video-preview:-1"},"canonical":"https:\/\/bozita.com\/fi\/kuinka-pitkaan-kissa-voi-olla-yksin\/","og_locale":"fi_FI","og_type":"article","og_title":"Kuinka pitk\u00e4\u00e4n kissa voi olla yksin? - Bozita Finland","og_description":"Pit\u00e4\u00e4k\u00f6 sinun j\u00e4tt\u00e4\u00e4 kissasi yksin? Kissat voivat olla yksin, mutta kissanomistajan sinulla on tiettyj\u00e4 velvollisuuksia. Bozita opastaa sinua.","og_url":"https:\/\/bozita.com\/fi\/kuinka-pitkaan-kissa-voi-olla-yksin\/","og_site_name":"Bozita Finland","article_modified_time":"2025-04-16T10:39:54+00:00","og_image":[{"width":800,"height":533,"url":"https:\/\/bozita.com\/fi\/wp-content\/uploads\/sites\/11\/2021\/08\/bozita-lamna-katt-ensam.jpg","type":"image\/jpeg"}],"twitter_card":"summary_large_image","schema":{"@context":"https:\/\/schema.org","@graph":[{"@type":"WebPage","@id":"https:\/\/bozita.com\/fi\/kuinka-pitkaan-kissa-voi-olla-yksin\/","url":"https:\/\/bozita.com\/fi\/kuinka-pitkaan-kissa-voi-olla-yksin\/","name":"Kuinka pitk\u00e4\u00e4n kissa voi olla yksin? - Bozita Finland","isPartOf":{"@id":"https:\/\/bozita.com\/fi\/#website"},"datePublished":"2022-08-31T07:16:22+00:00","dateModified":"2025-04-16T10:39:54+00:00","description":"Pit\u00e4\u00e4k\u00f6 sinun j\u00e4tt\u00e4\u00e4 kissasi yksin? Kissat voivat olla yksin, mutta kissanomistajan sinulla on tiettyj\u00e4 velvollisuuksia. Bozita opastaa sinua.","breadcrumb":{"@id":"https:\/\/bozita.com\/fi\/kuinka-pitkaan-kissa-voi-olla-yksin\/#breadcrumb"},"inLanguage":"fi","potentialAction":[{"@type":"ReadAction","target":["https:\/\/bozita.com\/fi\/kuinka-pitkaan-kissa-voi-olla-yksin\/"]}]},{"@type":"BreadcrumbList","@id":"https:\/\/bozita.com\/fi\/kuinka-pitkaan-kissa-voi-olla-yksin\/#breadcrumb","itemListElement":[{"@type":"ListItem","position":1,"name":"Koti","item":"https:\/\/bozita.com\/fi\/"},{"@type":"ListItem","position":2,"name":"Kuinka pitk\u00e4\u00e4n kissa voi olla yksin?"}]},{"@type":"WebSite","@id":"https:\/\/bozita.com\/fi\/#website","url":"https:\/\/bozita.com\/fi\/","name":"Bozita Finland","description":"","potentialAction":[{"@type":"SearchAction","target":{"@type":"EntryPoint","urlTemplate":"https:\/\/bozita.com\/fi\/?s={search_term_string}"},"query-input":"required name=search_term_string"}],"inLanguage":"fi"}]}},"_links":{"self":[{"href":"https:\/\/bozita.com\/fi\/wp-json\/wp\/v2\/pages\/6564"}],"collection":[{"href":"https:\/\/bozita.com\/fi\/wp-json\/wp\/v2\/pages"}],"about":[{"href":"https:\/\/bozita.com\/fi\/wp-json\/wp\/v2\/types\/page"}],"author":[{"embeddable":true,"href":"https:\/\/bozita.com\/fi\/wp-json\/wp\/v2\/users\/1"}],"replies":[{"embeddable":true,"href":"https:\/\/bozita.com\/fi\/wp-json\/wp\/v2\/comments?post=6564"}],"version-history":[{"count":11,"href":"https:\/\/bozita.com\/fi\/wp-json\/wp\/v2\/pages\/6564\/revisions"}],"predecessor-version":[{"id":11452,"href":"https:\/\/bozita.com\/fi\/wp-json\/wp\/v2\/pages\/6564\/revisions\/11452"}],"wp:featuredmedia":[{"embeddable":true,"href":"https:\/\/bozita.com\/fi\/wp-json\/wp\/v2\/media\/6565"}],"wp:attachment":[{"href":"https:\/\/bozita.com\/fi\/wp-json\/wp\/v2\/media?parent=6564"}],"curies":[{"name":"wp","href":"https:\/\/api.w.org\/{rel}","templated":true}]}}