{"id":6569,"date":"2022-08-31T07:16:56","date_gmt":"2022-08-31T07:16:56","guid":{"rendered":"https:\/\/bozita.com\/fi\/kuinka-paljon-kissan-tulisi-painaa\/"},"modified":"2025-03-05T09:02:17","modified_gmt":"2025-03-05T09:02:17","slug":"kuinka-paljon-kissan-tulisi-painaa","status":"publish","type":"page","link":"https:\/\/bozita.com\/fi\/pida-kissasi-terveena\/kuinka-paljon-kissan-tulisi-painaa\/","title":{"rendered":"Kuinka paljon kissan tulisi painaa?"},"content":{"rendered":"\t\t<section class=\"small-hero\">\n\t\t\t<div class=\"container\">\n\t\t\t\t<h1 class=\"small-hero-title\">Kuinka paljon kissan tulisi painaa?<\/h1>\t\t\t<\/div>\n\t\t\t<\/div>\n\t\t<\/section>\n\t\n\n\t<div class=\"text-box-warp\">\n\t\t<div class=\"container\">\n\t\t\t<div class=\"text-content\">\n\t\t\t\t<p>Aikuisen kissan sopiva paino vaihtelee kissasta toiseen. Katsomalla kissan vartaloa voit p\u00e4\u00e4tell\u00e4 onko se hyv\u00e4ss\u00e4 kunnossa &#8211; joka on olennaista sen hyvinvoinnille &#8211; tai pit\u00e4\u00e4k\u00f6 sen pudottaa tai lis\u00e4t\u00e4 painoaan.<\/p>\n<p>K\u00e4yt\u00e4 Bozitan opasta selvitt\u00e4m\u00e4\u00e4n kuinka paljon kissasi tulisi painaa. Oppaan avulla pystyt itse arvioimaan onko kissasi oikeanpainonen el\u00e4\u00e4kseen tervett\u00e4 ja aktiivista el\u00e4m\u00e4\u00e4.<\/p>\n<h2>OPAS KISSAN VARTALON MALLIN ARVIOINTIIN<\/h2>\n<p>Tarkista kissasi vartalon malli kun punnitset sen. Vaikka kissasi olisi oppaamme mukaan hyv\u00e4ss\u00e4 kunnossa, se tulee punnita s\u00e4\u00e4nn\u00f6llisesti, jotta tied\u00e4t sen pysyv\u00e4n oikeassa painossa. Tehokkain tapa pit\u00e4\u00e4 kissasi normaalipainossa on tiet\u00e4\u00e4 kuinka paljon sen pit\u00e4isi painaa ja punnita se usein (noin kerran viikossa). Bozitan oppaassa kissan vartalon arviointiin on viisi tasoa &#8211; selv\u00e4sti alipainoinen, alipainoinen, ihannepainoinen, ylipainoinen, selv\u00e4sti ylipainoinen &#8211; kuvituksineen ja kuvauksineen auttamaan sinua arvioimaan mill\u00e4 portaalla kissasi on ja tarvitseeko sen pudottaa tai nostaa painoaan. Jos olet edelleen ep\u00e4varma kissasi painosta voit olla yhteydess\u00e4 el\u00e4inl\u00e4\u00e4k\u00e4riin. Kissan punnitseminen s\u00e4\u00e4nn\u00f6llisesti on hyv\u00e4, sill\u00e4 n\u00e4in tied\u00e4t onko paino nousussa tai laskussa.<\/p>\n<p><a href=\"https:\/\/bozita.com\/fi\/wp-content\/uploads\/sites\/7\/2021\/06\/bozita-bedoma-katters-hull-guide.pdf\">Lataa vartalon mallin arviointiopas PDF-tiedostona<\/a><\/p>\n<h2>KUINKA PALJON KISSAN TULISI SY\u00d6D\u00c4?<\/h2>\n<p>Kaikkien ruokiemme kanssa saat ruokintaoppaan, josta voit tarkistaa kuinka paljon kissasi tulee sy\u00f6d\u00e4. Ruokintaopas n\u00e4ytt\u00e4\u00e4 kissan p\u00e4ivitt\u00e4isen ruoka-annoksen.<\/p>\n<ul>\n<li><a href=\"https:\/\/bozita.com\/fi\/kissanruoka\/\">Bozita kissanruoka &#8211; Ruotsissa tuotettua luonnollista kissanruokaa<\/a><\/li>\n<li><a href=\"https:\/\/bozita.com\/fi\/bozita-kissan-kuivaruoka\/?lang=fi\">Bozita kissan kuivaruoka<\/a><\/li>\n<li><a href=\"https:\/\/bozita.com\/fi\/markaruoka\/?lang=fi\">Bozita kissan m\u00e4rk\u00e4ruoka<\/a><\/li>\n<\/ul>\n\t\t\t<\/div>\n\t\t<\/div>\n\t<\/div>\n\n\n<section class=\"block full-section-promo\">\n\t<div class=\"container\">\n\t\t<div class=\"mb-3 row align-items-center \n\t\t\t\t\">\n\t\t\t<div class=\"col-md-6\">\n\t\t\t\t\t\t\t\t\t<img decoding=\"async\" src=\"https:\/\/bozita.com\/fi\/wp-content\/uploads\/sites\/11\/2021\/08\/bozita-mager-katt-6.png\" alt=\"\">\n\t\t\t\t\t\n\t\t\t<\/div>\n\t\t\t<div class=\"col-md-6\">\n\t\t\t\t<h2>SELV\u00c4STI ALIPAINOINEN <\/h2><p>Selv\u00e4sti alipainoisella kissalla ei ole kylkiluiden p\u00e4\u00e4ll\u00e4 rasvakerrosta. Jos kissasi on t\u00e4ll\u00e4 portaalla ja lyhytkarvainen erotat sen kylkiluut selke\u00e4sti. Sill\u00e4 ei ole vatsarasvaa ja vatsalinja on korkea. Jos katsot kissaasi ylh\u00e4\u00e4lt\u00e4, sen vy\u00f6t\u00e4r\u00f6 kaartuu selke\u00e4sti. Vinkkej\u00e4 selv\u00e4sti alipainoisen kissan painon nostamiseen. <\/p>\t\t\t<\/div>\n\t\t<\/div>\n\n\n\t<\/div>\n<\/section>\n\n\n<section class=\"block full-section-promo\">\n\t<div class=\"container\">\n\t\t<div class=\"mb-3 row align-items-center \n\t\tflex-row-reverse\t\t\">\n\t\t\t<div class=\"col-md-6\">\n\t\t\t\t\t\t\t\t\t<img decoding=\"async\" src=\"https:\/\/bozita.com\/fi\/wp-content\/uploads\/sites\/11\/2021\/08\/bozita-underviktig-katt.png\" alt=\"\">\n\t\t\t\t\t\n\t\t\t<\/div>\n\t\t\t<div class=\"col-md-6\">\n\t\t\t\t<h2>ALIPAINOINEN <\/h2><p>Alipainoisella kissalla on minimaalinen rasvakerros kylkiluiden p\u00e4\u00e4ll\u00e4 ja tunnet kylkiluut selke\u00e4sti kevyesti painelemalla. Jos kissasi on t\u00e4ll\u00e4 portaalla ja lyhytkarvainen voit juuri ja juuri erottaa sen kylkiluut. Sill\u00e4 on minimaalisesti vatsarasvaa ja tiukka vatsalinja. Jos katsot kissaa ylh\u00e4\u00e4lt\u00e4, sen vy\u00f6t\u00e4r\u00f6 kaartuu hieman. Vinkkej\u00e4 alipainoisen kissan painon nostamiseen <\/p>\t\t\t<\/div>\n\t\t<\/div>\n\n\n\t<\/div>\n<\/section>\n\n\n<section class=\"block full-section-promo\">\n\t<div class=\"container\">\n\t\t<div class=\"mb-3 row align-items-center \n\t\t\t\t\">\n\t\t\t<div class=\"col-md-6\">\n\t\t\t\t\t\t\t\t\t<img decoding=\"async\" src=\"https:\/\/bozita.com\/fi\/wp-content\/uploads\/sites\/11\/2021\/08\/bozita-katt-idealvikt-2.png\" alt=\"\">\n\t\t\t\t\t\n\t\t\t<\/div>\n\t\t\t<div class=\"col-md-6\">\n\t\t\t\t<h2>IHANNEPAINO <\/h2><p>Ihanne- eli normaalipainoisella kissalla on ohut rasvakerros kylkiluiden p\u00e4\u00e4ll\u00e4 ja tunnet kylkiluut kevyesti painellen. Jos kissasi on t\u00e4ll\u00e4 portaalla ja lyhytkarvainen et n\u00e4e sen kylkiluita. Normaalipainoisella kissalla on hieman vatsarasvaa ja hieman kohonnut vatsalinja, Jos katsot kissaa ylh\u00e4\u00e4lt\u00e4 sill\u00e4 on selke\u00e4 vy\u00f6t\u00e4r\u00f6. <\/p>\t\t\t<\/div>\n\t\t<\/div>\n\n\n\t<\/div>\n<\/section>\n\n\n<section class=\"block full-section-promo\">\n\t<div class=\"container\">\n\t\t<div class=\"mb-3 row align-items-center \n\t\tflex-row-reverse\t\t\">\n\t\t\t<div class=\"col-md-6\">\n\t\t\t\t\t\t\t\t\t<img decoding=\"async\" src=\"https:\/\/bozita.com\/fi\/wp-content\/uploads\/sites\/11\/2021\/08\/bozita-overviktig-katt.png\" alt=\"\">\n\t\t\t\t\t\n\t\t\t<\/div>\n\t\t\t<div class=\"col-md-6\">\n\t\t\t\t<h2>YLIPAINOINEN KISSA <\/h2><p>Ylipainoisella kissalla on rasvakerros kylkiluiden p\u00e4\u00e4ll\u00e4 ja on vaikea tuntea kylkiluita kevyesti painellen. Sill\u00e4 on vatsarasvaa ja vatsalinja, joka kohoaa vain hieman tai jopa pullistuu, Jos katsot kissaa ylh\u00e4\u00e4lt\u00e4 sill\u00e4 ei ole selke\u00e4\u00e4 vy\u00f6t\u00e4r\u00f6\u00e4. Vinkkej\u00e4 kuinka ylipainoisen kissan painoa voi pudottaa. <\/p>\t\t\t<\/div>\n\t\t<\/div>\n\n\n\t<\/div>\n<\/section>\n\n\n<section class=\"block full-section-promo\">\n\t<div class=\"container\">\n\t\t<div class=\"mb-3 row align-items-center \n\t\t\t\t\">\n\t\t\t<div class=\"col-md-6\">\n\t\t\t\t\t\t\t\t\t<img decoding=\"async\" src=\"https:\/\/bozita.com\/fi\/wp-content\/uploads\/sites\/11\/2021\/08\/bozita-kraftigt-overviktig-katt.png\" alt=\"\">\n\t\t\t\t\t\n\t\t\t<\/div>\n\t\t\t<div class=\"col-md-6\">\n\t\t\t\t<h2>SELV\u00c4STI YLIPAINOINEN <\/h2><p>Selv\u00e4sti ylipainoisella kissalla on paksu rasvakerros kylkiluiden p\u00e4\u00e4ll\u00e4 ja kylkiluita ei voi tuntea. Sill\u00e4 on suuri m\u00e4\u00e4r\u00e4 vatsarasvaa ja jos katsot kissaa ylh\u00e4\u00e4lt\u00e4 sill\u00e4 ei ole vy\u00f6t\u00e4r\u00f6\u00e4 vaan py\u00f6re\u00e4 muoro. Vinkkej\u00e4 kuinka selke\u00e4sti ylipainoisen kissan painoa voi pudottaa. <\/p>\t\t\t<\/div>\n\t\t<\/div>\n\n\n\t<\/div>\n<\/section>\n\n\n<section class=\"product-list-content\">\n\t<div class=\"overlay\">\n\t\t<div class=\"container\">\n\t\t\t<div class=\"row\">\n\t\t\t\t<div class=\"col-md-12\">\n\t\t\t\t\t<h2>KUINKA AUTAN KISSAANI NOSTAMAAN PAINOAAN?<\/h2>\n<p>Ihannepainoa hoikemman kissan (eli liian laihan) tulee lis\u00e4t\u00e4 energiansaantiaan nostaakseen painoaan. Sen pit\u00e4\u00e4 sy\u00f6d\u00e4 enemm\u00e4n ja ehk\u00e4 energiatiivimp\u00e4\u00e4 ruokaa. Jos ep\u00e4ilet kissasi alipainon syyksi sairautta, ota yhteytt\u00e4 el\u00e4inl\u00e4\u00e4k\u00e4riin.<\/p>\n<p>Ruokapakkausten suosituksien seuraaminen on hyv\u00e4 tapa varmistaa, ett\u00e4 kissasi saa tarpeeksi ruokaa joka p\u00e4iv\u00e4. Ole vain tarkkana, ettet ruoki kissaa likaa. Liian suuret annokset voivat rasittaa kissan herkk\u00e4 ruoansulatusta ja vaikutus voi olla k\u00e4\u00e4nteinen, joten on t\u00e4rke\u00e4\u00e4 edet\u00e4 varovaisesti.<\/p>\n<p>Mik\u00e4li annoskoon suurentaminen ei ole vaihtoehto voit vaihtaa energiatiivimp\u00e4\u00e4n ruokaan. N\u00e4in kissa saa normaalikokoisia annoksia, jotka sen vatsa pystyy k\u00e4sittelem\u00e4\u00e4n, mutta varmistat silti ett\u00e4 kissasi energiansaanti on hyv\u00e4ll\u00e4 tasolla.<\/p>\n\t\t\t\t<\/div>\n\t\t\t<\/div>\n\t\t<\/div>\n\t<\/div>\n<\/section>\n\n\n<section class=\"block product-promos\">\n\t<div class=\"container\">\n\t\t<div class=\"row align-items-center\">\n\t\t\t<div class=\"col-md-5\">\n\t\t\t\t<div class=\"prdt__promos-heading\">\n\t\t\t\t\t<h3>\n\t\t\t\t\t\tKorkemman energiatiheyden ruoka \t\t\t\t\t<\/h3>\n\t\t\t\t\t\t\t\t\t<\/div>\n\t\t\t<\/div>\n\t\t\t<div class=\"col-md-7\">\n\t\t\t\t\t\t\t\t\t<div class=\"owl-carousel owl-theme product-promo-carousel\">\n\t\t\t\t\t\t\t\t\t\t\t\t\t<a href=\"https:\/\/bozita.com\/fi\/kissanruoka\/bozita-active-sterilised-viljaton-lammas\/\">\n\t\t\t\t\t\t\t\t<div class=\"blk__prdt-item\">\n\t\t\t\t\t\t\t\t\t<figure>\n\t\t\t\t\t\t\t\t\t\t<img loading=\"lazy\" decoding=\"async\" width=\"600\" height=\"600\" src=\"https:\/\/bozita.com\/fi\/wp-content\/uploads\/sites\/11\/2025\/03\/bozita-dry-cat-active-sterilised-lamb-gf-2kg-bag-31321.jpg\" class=\"attachment-post-thumbnail size-post-thumbnail wp-post-image\" alt=\"\" srcset=\"https:\/\/bozita.com\/fi\/wp-content\/uploads\/sites\/11\/2025\/03\/bozita-dry-cat-active-sterilised-lamb-gf-2kg-bag-31321.jpg 600w, https:\/\/bozita.com\/fi\/wp-content\/uploads\/sites\/11\/2025\/03\/bozita-dry-cat-active-sterilised-lamb-gf-2kg-bag-31321-300x300.jpg 300w, https:\/\/bozita.com\/fi\/wp-content\/uploads\/sites\/11\/2025\/03\/bozita-dry-cat-active-sterilised-lamb-gf-2kg-bag-31321-150x150.jpg 150w\" sizes=\"(max-width: 600px) 100vw, 600px\" \/>\t\t\t\t\t\t\t\t\t\t\t\t\t\t\t\t\t\t\t<\/figure>\n\t\t\t\t\t\t\t\t\t<h4 class=\"carousel-title\"><\/h4>\n\t\t\t\t\t\t\t\t\t<span class=\"carousel-category\">ACTIVE &amp; STERILISED &#8211; LAMB<\/span>\n\t\t\t\t\t\t\t\t\t  \n\t\t\t\t\t\t\t\t\t<ul class=\"category-list\">\n\t\t\t\t\t\t\t\t\t\t\t\t\t\t\t\t\t\t\t\t\t\t\t<li class=\"svg-image\">\n\t\t\t\t\t\t\t\t\t\t\t\t\t\t<img decoding=\"async\" src=\"https:\/\/bozita.com\/fi\/wp-content\/uploads\/sites\/11\/2023\/09\/icon-grain-free.svg\" \/>\n\t\t\t\t\t\t\t\t\t\t\t\t\t<\/li>\n\t\t\t\t\t\t\t\t\t\t\t\t\t\t\t\t\t\t\t\t\t\t\t\t\t\t\t\t\t\t\t\t\t\t\t\t<li class=\"svg-image\">\n\t\t\t\t\t\t\t\t\t\t\t\t\t\t<img decoding=\"async\" src=\"https:\/\/bozita.com\/fi\/wp-content\/uploads\/sites\/11\/2023\/09\/icon-flavour-lamb.svg\" \/>\n\t\t\t\t\t\t\t\t\t\t\t\t\t<\/li>\n\t\t\t\t\t\t\t\t\t\t\t\t\t\t\t\t\t\t\t\t\t\t<\/ul>       \n\n\t\t\t\t\t\t\t\t<\/div>\n\t\t\t\t\t\t\t<\/a>\n\t\t\t\t\t\t\t\t\t\t\t\t\t\t\t\t\t\t\t\t<a href=\"https:\/\/bozita.com\/fi\/kissanruoka\/bozita-outdoor-active-hirvi\/\">\n\t\t\t\t\t\t\t\t<div class=\"blk__prdt-item\">\n\t\t\t\t\t\t\t\t\t<figure>\n\t\t\t\t\t\t\t\t\t\t<img loading=\"lazy\" decoding=\"async\" width=\"600\" height=\"600\" src=\"https:\/\/bozita.com\/fi\/wp-content\/uploads\/sites\/11\/2024\/07\/31821-03-Bozita-Dry-Cat-Outdoor-Active-Elk-2kg-Bag.jpg\" class=\"attachment-post-thumbnail size-post-thumbnail wp-post-image\" alt=\"\" srcset=\"https:\/\/bozita.com\/fi\/wp-content\/uploads\/sites\/11\/2024\/07\/31821-03-Bozita-Dry-Cat-Outdoor-Active-Elk-2kg-Bag.jpg 600w, https:\/\/bozita.com\/fi\/wp-content\/uploads\/sites\/11\/2024\/07\/31821-03-Bozita-Dry-Cat-Outdoor-Active-Elk-2kg-Bag-300x300.jpg 300w, https:\/\/bozita.com\/fi\/wp-content\/uploads\/sites\/11\/2024\/07\/31821-03-Bozita-Dry-Cat-Outdoor-Active-Elk-2kg-Bag-150x150.jpg 150w\" sizes=\"(max-width: 600px) 100vw, 600px\" \/>\t\t\t\t\t\t\t\t\t\t\t\t\t\t\t\t\t\t\t<\/figure>\n\t\t\t\t\t\t\t\t\t<h4 class=\"carousel-title\"><\/h4>\n\t\t\t\t\t\t\t\t\t<span class=\"carousel-category\">OUTDOOR &amp; ACTIVE &#8211; ELK<\/span>\n\t\t\t\t\t\t\t\t\t  \n\t\t\t\t\t\t\t\t\t<ul class=\"category-list\">\n\t\t\t\t\t\t\t\t\t\t\t\t\t\t\t\t\t\t\t\t\t\t\t\t\t\t\t\t\t\t\t\t\t<li class=\"svg-image\">\n\t\t\t\t\t\t\t\t\t\t\t\t\t\t<img decoding=\"async\" src=\"https:\/\/bozita.com\/fi\/wp-content\/uploads\/sites\/11\/2023\/09\/icon-flavour-elk.svg\" \/>\n\t\t\t\t\t\t\t\t\t\t\t\t\t<\/li>\n\t\t\t\t\t\t\t\t\t\t\t\t\t\t\t\t\t\t\t\t\t\t<\/ul>       \n\n\t\t\t\t\t\t\t\t<\/div>\n\t\t\t\t\t\t\t<\/a>\n\t\t\t\t\t\t\t\t\t\t\t\t\t\t\t\t\t\t<\/div>\n\t\t\t\t\t\t\t<\/div>\n\t\t<\/div>\n\t<\/div>\n<\/section>\n<script>\njQuery(document).ready(function($) {\n\tjQuery('.product-promo-carousel').owlCarousel({\n\tloop: true,\n\tmargin: 10,\n\tresponsiveClass: true,\n\tresponsive: {\n\t\t0: {\n\t\titems: 1,\n\t\tnav: true\n\t\t},\n\t\t600: {\n\t\titems: 1,\n\t\tnav: true\n\t\t},\n\t\t1000: {\n\t\titems: 2,\n\t\tnav: true,\n\t\t}\n\t}\n\t})\n\tjQuery(\".owl-prev\").html('<span><<\/span>');\n\tjQuery(\".owl-next\").html('<span>><\/span>');\n\n\tvar slider = jQuery('.promo-slider-list');\n\tslider.owlCarousel();\n\tjQuery('.nextbtn-a').click(function() {\n\tslider.trigger('next.owl.carousel');\n\t})\n\t\/\/ Go to the previous item\n\tjQuery('.prebtn-a').click(function() {\n\tslider.trigger('prev.owl.carousel', [300]);\n\t})\n});\n<\/script>\n\n\n<section class=\"product-list-content\">\n\t<div class=\"overlay\">\n\t\t<div class=\"container\">\n\t\t\t<div class=\"row\">\n\t\t\t\t<div class=\"col-md-12\">\n\t\t\t\t\t<h2>KUINKA AUTAN KISSAANI PUDOTTAMAAN PAINOAAN?<\/h2>\n<p>Ylipainoisen tai lihavan kissan pit\u00e4\u00e4 sy\u00f6d\u00e4 v\u00e4hemm\u00e4n tai mahdollisesti v\u00e4hemm\u00e4n energiatiivist\u00e4 ruokaa laskeakseen painonsa ihannepainoon. Jo puolen kilon painonpudotuksella voi olla suuria vaikutuksia terveyteen, hyvinvointiin ja el\u00e4m\u00e4nlaatuun. Mik\u00e4li kissasi on selke\u00e4sti ylipainoinen voit pyyt\u00e4\u00e4 el\u00e4inl\u00e4\u00e4k\u00e4rilt\u00e4 erityist\u00e4 ruokasuunnitelmaa. Jos eritt\u00e4in ylipainoinen kissa pudottaa painoaan liian nopeasti se voi johtaa henke\u00e4uhkaavaan rasvamaksaan. <\/p>\n<p>Yleisin kissojen ylipainon syy on, ett\u00e4 ne yksinkertaisesti sy\u00f6v\u00e4t liikaa. Seuraa aina ruokapakkausten suosituksia kun ruokit kissaasi. Ne ovat paras ty\u00f6kalu oikean annoskoon varmistamiseksi. Jos kissasi saa lis\u00e4ksi muuta ruokaa, kuten t\u00e4hteit\u00e4 tai herkkuja, n\u00e4m\u00e4 pit\u00e4\u00e4 my\u00f6s laskea mukaan p\u00e4iv\u00e4annokseen. Ruoant\u00e4hteiden ruokkimista kissoille ei suositella sill\u00e4 se voi johtaa liallisen tai puutteelliseen ravintoaineiden saantiin.<\/p>\n<p>Toinen tapa laskea ylipainoisen kissan painoa on vaihtaa matalamman energiatiiviyden ruokaan. On syyt\u00e4 muistaa, ett\u00e4 steriloiduilla kissoilla on hitaampi aineenvaihdunta kuin ei-steriloiduilla, joten niille sopii usein hieman v\u00e4h\u00e4kalorisempi ruoka.<\/p>\n\t\t\t\t<\/div>\n\t\t\t<\/div>\n\t\t<\/div>\n\t<\/div>\n<\/section>\n\n\n<section class=\"block product-promos\">\n\t<div class=\"container\">\n\t\t<div class=\"row align-items-center\">\n\t\t\t<div class=\"col-md-5\">\n\t\t\t\t<div class=\"prdt__promos-heading\">\n\t\t\t\t\t<h3>\n\t\t\t\t\t\tMatalamman energiatiheyden ruoka\t\t\t\t\t<\/h3>\n\t\t\t\t\t\t\t\t\t<\/div>\n\t\t\t<\/div>\n\t\t\t<div class=\"col-md-7\">\n\t\t\t\t\t\t\t<\/div>\n\t\t<\/div>\n\t<\/div>\n<\/section>\n<script>\njQuery(document).ready(function($) {\n\tjQuery('.product-promo-carousel').owlCarousel({\n\tloop: true,\n\tmargin: 10,\n\tresponsiveClass: true,\n\tresponsive: {\n\t\t0: {\n\t\titems: 1,\n\t\tnav: true\n\t\t},\n\t\t600: {\n\t\titems: 1,\n\t\tnav: true\n\t\t},\n\t\t1000: {\n\t\titems: 1,\n\t\tnav: true,\n\t\t}\n\t}\n\t})\n\tjQuery(\".owl-prev\").html('<span><<\/span>');\n\tjQuery(\".owl-next\").html('<span>><\/span>');\n\n\tvar slider = jQuery('.promo-slider-list');\n\tslider.owlCarousel();\n\tjQuery('.nextbtn-a').click(function() {\n\tslider.trigger('next.owl.carousel');\n\t})\n\t\/\/ Go to the previous item\n\tjQuery('.prebtn-a').click(function() {\n\tslider.trigger('prev.owl.carousel', [300]);\n\t})\n});\n<\/script>\n\n\n\t<div class=\"text-box-warp\">\n\t\t<div class=\"container\">\n\t\t\t<div class=\"text-content\">\n\t\t\t\t<h2>VINKKEJ\u00c4 KISSAN AINEENVAIHDUNNAN NOPEUTTAMISEEN<\/h2>\n<p> Nopeuttaaksesi kissasi aineenvaihduntaa ja parantaaksesi sen fyysist\u00e4 terveytt\u00e4 voit ruoan s\u00e4\u00e4telyn lis\u00e4ksi rohkaista kissaa fyysiseen aktiivisuuteen.  Liikunta on t\u00e4rke\u00e4 osa terveen kissan el\u00e4m\u00e4\u00e4 ja erinomainen tapa polttaa ylim\u00e4\u00e4r\u00e4iset kalorit. Kissasi saattaa tarvita rohkaisua leikkimiseen ja aktiivisuuteen etenkin jos se on aikuinen ja jos liikkuminen on ylipainon vuoksi vaikeampaa. T\u00e4ll\u00f6in on hyv\u00e4 aloittaa pienesti ja nostaa fyysisen aktiivisuuden m\u00e4\u00e4r\u00e4 asteittain. Pid\u00e4 huoli, ett\u00e4 kissallasi on paljon leluja, joilla leikki\u00e4. Se saattaa kyll\u00e4sty\u00e4 yksitt\u00e4iseen leluun nopeasti! Kissapuut ja muut mets\u00e4st\u00e4misen sallivat lelut rohkaisevat kissaa k\u00e4ytt\u00e4m\u00e4\u00e4n luonnollisia vaistojaan ja tuovat spontaania liikuntaa. Hyviss\u00e4 el\u00e4inkaupoissa on suuri valikoima erilaisia hauskoja leluja mutta voit my\u00f6s tehd\u00e4 leluja itse jokap\u00e4iv\u00e4isist\u00e4 kotoa l\u00f6ytyvist\u00e4 tavaroista. <\/p>\n<h2>TAUDIT JA ONGELMAT, JOTKA VOIVAT OLLA YLIPAINOISELLE KISSALLE KOHTALOKKAITA<\/h2>\n<p> Kissat voivat sairastua ylipainon tai lihavuuden takia. Rasvamaksa, diabetes, virtsakivet, virtsarakon sy\u00f6p\u00e4 ja nivelrikko voivat lyhent\u00e4\u00e4 kissan el\u00e4m\u00e4\u00e4. Koska painavan kissan on vaikeampi liikkua, se voi my\u00f6s menett\u00e4\u00e4 kiinnostuksensa leikkimiseen ja saattaa laiminly\u00f6d\u00e4 henkil\u00f6kohtaista hygieniaansa, mik\u00e4 voi johtaa turkin ja ihon ongelmiin. Ylipainoiset kissat ovat suuri el\u00e4inten hyvinvointiongelma Ruotsissa ja syy on yleens\u00e4 liika ruoansaanti. Joten muista, ett\u00e4 pitemm\u00e4n p\u00e4\u00e4lle teet kissallesi palveluksen kielt\u00e4m\u00e4ll\u00e4 silt\u00e4 ylim\u00e4\u00e4r\u00e4isen herkun tai v\u00e4lipalan. Palkitse mielummin kissasi hauskoilla leluilla, silitt\u00e4m\u00e4ll\u00e4 tai hyv\u00e4ll\u00e4 harjauksella.<\/p>\n\t\t\t<\/div>\n\t\t<\/div>\n\t<\/div>\n\n\n\n\t<section class=\"block related-articles\">\n\t\t<div class=\"container\">\n\t\t\t<h2>Aiheeseen liittyvi\u00e4 artikkeleita<\/h2>\n\t\t\t<div class=\"row justify-content-center\">\n\t\t\t\t\t\t\t\t\t\t<div class=\"col-sm-6 col-md-6 col-lg-3\">\n\t\t\t\t\t\t\t\t\t\t\t\t\t\t<div class=\"card \">\n\t\t\t\t\t\t\t\t\t\t\t\t\t\t\t\t\t<img decoding=\"async\"  src=\"https:\/\/bozita.com\/fi\/wp-content\/uploads\/sites\/11\/2021\/08\/bozita-palsvard-fibrer-motverkar-harbollar.jpg\" alt=\"\">\n\t\t\t\t\t\t\t\t\t\t\t\t\t\t\t\t\t<!-- <img decoding=\"async\" src=\"\n\t\t\t\t\t\t\t\t\t\t\t\t\t\t\t\t\t\t\t\t\" alt=\"\n\t\t\t\t\t\t\t\t\t\t\t\t\t\t\t\t\t\t\t\t\t\t\t\t\t\t\t\"> -->\n\t\t\t\t\t\t\t\t<div class=\"card-body\">\n\t\t\t\t\t\t\t\t\t\t\t\t\t\t\t\t\t\t\t<h6>Oksenteleeko kissasi karvapalloja?<\/h6>\n\t\t\t\t\t\t\t\t\t\t\t\t\t\t\t\t\t\t\t<a href=\"https:\/\/bozita.com\/fi\/pida-kissasi-terveena\/oksenteleeko-kissasi-karvapalloja\/\">Lue lis\u00e4\u00e4 &nbsp; ><\/a>\n\t\t\t\t\t\t\t\t<\/div>\n\t\t\t\t\t\t\t<\/div>\n\t\t\t\t\t\t<\/div>\n\n\t\t\t\t\t\t\t\t\t\t\t<div class=\"col-sm-6 col-md-6 col-lg-3\">\n\t\t\t\t\t\t\t\t\t\t\t\t\t\t<div class=\"card \">\n\t\t\t\t\t\t\t\t\t\t\t\t\t\t\t\t\t<img decoding=\"async\"  src=\"https:\/\/bozita.com\/fi\/wp-content\/uploads\/sites\/11\/2021\/08\/bozita-katt-ater-inte-dricker-inte-krasen-dalig-aptit.jpg\" alt=\"\">\n\t\t\t\t\t\t\t\t\t\t\t\t\t\t\t\t\t<!-- <img decoding=\"async\" src=\"\n\t\t\t\t\t\t\t\t\t\t\t\t\t\t\t\t\t\t\t\t\" alt=\"\n\t\t\t\t\t\t\t\t\t\t\t\t\t\t\t\t\t\t\t\t\t\t\t\t\t\t\t\"> -->\n\t\t\t\t\t\t\t\t<div class=\"card-body\">\n\t\t\t\t\t\t\t\t\t\t\t\t\t\t\t\t\t\t\t<h6>Mit\u00e4 teen kun kissani ei sy\u00f6 tai juo?<\/h6>\n\t\t\t\t\t\t\t\t\t\t\t\t\t\t\t\t\t\t\t<a href=\"https:\/\/bozita.com\/fi\/ravinto-ja-ruokavalio\/mita-teen-kun-kissani-ei-syo-tai-juo\/\">Lue lis\u00e4\u00e4 &nbsp; ><\/a>\n\t\t\t\t\t\t\t\t<\/div>\n\t\t\t\t\t\t\t<\/div>\n\t\t\t\t\t\t<\/div>\n\n\t\t\t\t\t\t\t\t\t\t\t<div class=\"col-sm-6 col-md-6 col-lg-3\">\n\t\t\t\t\t\t\t\t\t\t\t\t\t\t<div class=\"card \">\n\t\t\t\t\t\t\t\t\t\t\t\t\t\t\t\t\t<img decoding=\"async\"  src=\"https:\/\/bozita.com\/fi\/wp-content\/uploads\/sites\/11\/2021\/08\/bozita-katter-ar-kottatare.jpg\" alt=\"\">\n\t\t\t\t\t\t\t\t\t\t\t\t\t\t\t\t\t<!-- <img decoding=\"async\" src=\"\n\t\t\t\t\t\t\t\t\t\t\t\t\t\t\t\t\t\t\t\t\" alt=\"\n\t\t\t\t\t\t\t\t\t\t\t\t\t\t\t\t\t\t\t\t\t\t\t\t\t\t\t\"> -->\n\t\t\t\t\t\t\t\t<div class=\"card-body\">\n\t\t\t\t\t\t\t\t\t\t\t\t\t\t\t\t\t\t\t<h6>Mit\u00e4 kissat sy\u00f6v\u00e4t?<\/h6>\n\t\t\t\t\t\t\t\t\t\t\t\t\t\t\t\t\t\t\t<a href=\"https:\/\/bozita.com\/fi\/ravinto-ja-ruokavalio\/mita-kissat-syovat\/\">Lue lis\u00e4\u00e4 &nbsp; ><\/a>\n\t\t\t\t\t\t\t\t<\/div>\n\t\t\t\t\t\t\t<\/div>\n\t\t\t\t\t\t<\/div>\n\n\t\t\t\t\t\t\t\t\t\t\t\t<\/div>\n\t\t<\/div>\n\t<\/section>\n","protected":false},"excerpt":{"rendered":"","protected":false},"author":1,"featured_media":6581,"parent":6537,"menu_order":0,"comment_status":"closed","ping_status":"closed","template":"guternberg.php","meta":{"footnotes":""},"acf":[],"yoast_head":"<!-- This site is optimized with the Yoast SEO plugin v21.3 - https:\/\/yoast.com\/wordpress\/plugins\/seo\/ -->\n<title>Kuinka paljon kissan tulisi painaa? - Bozita Finland<\/title>\n<meta name=\"description\" content=\"On yksil\u00f6kohtaista kuinka paljon kissa saa painaa. Bozitan oppaan avulla voit selvitt\u00e4\u00e4 onko kissasi oikean painoinen katsomalla kuinka paljon sill\u00e4 on rasvaa.\" \/>\n<meta name=\"robots\" content=\"index, follow, max-snippet:-1, max-image-preview:large, max-video-preview:-1\" \/>\n<link rel=\"canonical\" href=\"https:\/\/bozita.com\/fi\/pida-kissasi-terveena\/kuinka-paljon-kissan-tulisi-painaa\/\" \/>\n<meta property=\"og:locale\" content=\"fi_FI\" \/>\n<meta property=\"og:type\" content=\"article\" \/>\n<meta property=\"og:title\" content=\"Kuinka paljon kissan tulisi painaa? - Bozita Finland\" \/>\n<meta property=\"og:description\" content=\"On yksil\u00f6kohtaista kuinka paljon kissa saa painaa. Bozitan oppaan avulla voit selvitt\u00e4\u00e4 onko kissasi oikean painoinen katsomalla kuinka paljon sill\u00e4 on rasvaa.\" \/>\n<meta property=\"og:url\" content=\"https:\/\/bozita.com\/fi\/pida-kissasi-terveena\/kuinka-paljon-kissan-tulisi-painaa\/\" \/>\n<meta property=\"og:site_name\" content=\"Bozita Finland\" \/>\n<meta property=\"article:modified_time\" content=\"2025-03-05T09:02:17+00:00\" \/>\n<meta property=\"og:image\" content=\"https:\/\/bozita.com\/fi\/wp-content\/uploads\/sites\/11\/2021\/08\/bozita-katt-ratt-hull-guide.jpeg\" \/>\n\t<meta property=\"og:image:width\" content=\"800\" \/>\n\t<meta property=\"og:image:height\" content=\"541\" \/>\n\t<meta property=\"og:image:type\" content=\"image\/jpeg\" \/>\n<meta name=\"twitter:card\" content=\"summary_large_image\" \/>\n<!-- \/ Yoast SEO plugin. -->","yoast_head_json":{"title":"Kuinka paljon kissan tulisi painaa? - Bozita Finland","description":"On yksil\u00f6kohtaista kuinka paljon kissa saa painaa. Bozitan oppaan avulla voit selvitt\u00e4\u00e4 onko kissasi oikean painoinen katsomalla kuinka paljon sill\u00e4 on rasvaa.","robots":{"index":"index","follow":"follow","max-snippet":"max-snippet:-1","max-image-preview":"max-image-preview:large","max-video-preview":"max-video-preview:-1"},"canonical":"https:\/\/bozita.com\/fi\/pida-kissasi-terveena\/kuinka-paljon-kissan-tulisi-painaa\/","og_locale":"fi_FI","og_type":"article","og_title":"Kuinka paljon kissan tulisi painaa? - Bozita Finland","og_description":"On yksil\u00f6kohtaista kuinka paljon kissa saa painaa. Bozitan oppaan avulla voit selvitt\u00e4\u00e4 onko kissasi oikean painoinen katsomalla kuinka paljon sill\u00e4 on rasvaa.","og_url":"https:\/\/bozita.com\/fi\/pida-kissasi-terveena\/kuinka-paljon-kissan-tulisi-painaa\/","og_site_name":"Bozita Finland","article_modified_time":"2025-03-05T09:02:17+00:00","og_image":[{"width":800,"height":541,"url":"https:\/\/bozita.com\/fi\/wp-content\/uploads\/sites\/11\/2021\/08\/bozita-katt-ratt-hull-guide.jpeg","type":"image\/jpeg"}],"twitter_card":"summary_large_image","schema":{"@context":"https:\/\/schema.org","@graph":[{"@type":"WebPage","@id":"https:\/\/bozita.com\/fi\/pida-kissasi-terveena\/kuinka-paljon-kissan-tulisi-painaa\/","url":"https:\/\/bozita.com\/fi\/pida-kissasi-terveena\/kuinka-paljon-kissan-tulisi-painaa\/","name":"Kuinka paljon kissan tulisi painaa? - Bozita Finland","isPartOf":{"@id":"https:\/\/bozita.com\/fi\/#website"},"datePublished":"2022-08-31T07:16:56+00:00","dateModified":"2025-03-05T09:02:17+00:00","description":"On yksil\u00f6kohtaista kuinka paljon kissa saa painaa. Bozitan oppaan avulla voit selvitt\u00e4\u00e4 onko kissasi oikean painoinen katsomalla kuinka paljon sill\u00e4 on rasvaa.","breadcrumb":{"@id":"https:\/\/bozita.com\/fi\/pida-kissasi-terveena\/kuinka-paljon-kissan-tulisi-painaa\/#breadcrumb"},"inLanguage":"fi","potentialAction":[{"@type":"ReadAction","target":["https:\/\/bozita.com\/fi\/pida-kissasi-terveena\/kuinka-paljon-kissan-tulisi-painaa\/"]}]},{"@type":"BreadcrumbList","@id":"https:\/\/bozita.com\/fi\/pida-kissasi-terveena\/kuinka-paljon-kissan-tulisi-painaa\/#breadcrumb","itemListElement":[{"@type":"ListItem","position":1,"name":"Koti","item":"https:\/\/bozita.com\/fi\/"},{"@type":"ListItem","position":2,"name":"Pid\u00e4 kissasi terveen\u00e4","item":"https:\/\/bozita.com\/fi\/pida-kissasi-terveena\/"},{"@type":"ListItem","position":3,"name":"Kuinka paljon kissan tulisi painaa?"}]},{"@type":"WebSite","@id":"https:\/\/bozita.com\/fi\/#website","url":"https:\/\/bozita.com\/fi\/","name":"Bozita Finland","description":"","potentialAction":[{"@type":"SearchAction","target":{"@type":"EntryPoint","urlTemplate":"https:\/\/bozita.com\/fi\/?s={search_term_string}"},"query-input":"required name=search_term_string"}],"inLanguage":"fi"}]}},"_links":{"self":[{"href":"https:\/\/bozita.com\/fi\/wp-json\/wp\/v2\/pages\/6569"}],"collection":[{"href":"https:\/\/bozita.com\/fi\/wp-json\/wp\/v2\/pages"}],"about":[{"href":"https:\/\/bozita.com\/fi\/wp-json\/wp\/v2\/types\/page"}],"author":[{"embeddable":true,"href":"https:\/\/bozita.com\/fi\/wp-json\/wp\/v2\/users\/1"}],"replies":[{"embeddable":true,"href":"https:\/\/bozita.com\/fi\/wp-json\/wp\/v2\/comments?post=6569"}],"version-history":[{"count":12,"href":"https:\/\/bozita.com\/fi\/wp-json\/wp\/v2\/pages\/6569\/revisions"}],"predecessor-version":[{"id":11223,"href":"https:\/\/bozita.com\/fi\/wp-json\/wp\/v2\/pages\/6569\/revisions\/11223"}],"up":[{"embeddable":true,"href":"https:\/\/bozita.com\/fi\/wp-json\/wp\/v2\/pages\/6537"}],"wp:featuredmedia":[{"embeddable":true,"href":"https:\/\/bozita.com\/fi\/wp-json\/wp\/v2\/media\/6581"}],"wp:attachment":[{"href":"https:\/\/bozita.com\/fi\/wp-json\/wp\/v2\/media?parent=6569"}],"curies":[{"name":"wp","href":"https:\/\/api.w.org\/{rel}","templated":true}]}}