{"id":6602,"date":"2022-08-31T07:17:17","date_gmt":"2022-08-31T07:17:17","guid":{"rendered":"https:\/\/bozita.com\/fi\/kuinka-usein-kissan-kynnet-pitaa-leikata\/"},"modified":"2025-03-05T09:03:12","modified_gmt":"2025-03-05T09:03:12","slug":"kuinka-usein-kissan-kynnet-pitaa-leikata","status":"publish","type":"page","link":"https:\/\/bozita.com\/fi\/pida-kissasi-terveena\/kuinka-usein-kissan-kynnet-pitaa-leikata\/","title":{"rendered":"Kuinka usein kissan kynnet pit\u00e4\u00e4 leikata?"},"content":{"rendered":"\t\t<section class=\"small-hero\">\n\t\t\t<div class=\"container\">\n\t\t\t\t<h1 class=\"small-hero-title\">Kuinka usein kissan kynnet pit\u00e4\u00e4 leikata?<\/h1>\t\t\t<\/div>\n\t\t\t<\/div>\n\t\t<\/section>\n\t\n\n\t<div class=\"text-box-warp\">\n\t\t<div class=\"container\">\n\t\t\t<div class=\"text-content\">\n\t\t\t\t<p><strong>Kissan kynsien leikkaaminen vaatii hieman k\u00e4rsiv\u00e4llisyytt\u00e4, etenkin ensimm\u00e4isill\u00e4 kerroilla kun kissa ei ole viel\u00e4 t\u00e4h\u00e4n tottunut. Kuinka usein kynnet pit\u00e4\u00e4 leikata riippuu kissan el\u00e4m\u00e4ntavasta. Sis\u00e4kissa tarvitsee enemm\u00e4n huolenpitoa kuin ulkokissa, joka kuluttaa kynsi\u00e4\u00e4n luonnollisesti liikkuessan luonnossa.<\/strong><\/p>\n<h2>SIS\u00c4KISSOJEN JA ULKOKISSOJEN TARVE KYNSIENLEIKKUULLE ON ERILAINEN<\/h2>\n<p>Kissa k\u00e4ytt\u00e4\u00e4 kynsi\u00e4\u00e4n muun muassa mets\u00e4st\u00e4miseen, kiipeilyyn ja pakenemiseen. T\u00e4st\u00e4 syyst\u00e4 ulkokissan kynsien leikkaamista ei suositella. Ulkokissa tarvitsee ter\u00e4vi\u00e4 kynsi\u00e4\u00e4n ja ne kuluvat itsest\u00e4\u00e4n kissan tutkiessa ulkomaailmaa.<\/p>\n<p>Jos sinulla toisaalta on vanhempi sis\u00e4kissa, joka ei ole kovin aktiivinen eik\u00e4 k\u00e4yt\u00e4 kynsi\u00e4\u00e4n paljon, kannatta kynnet tarkistaa s\u00e4\u00e4nn\u00f6llisesti. Varmista, etteiv\u00e4t kynnet kasva sis\u00e4\u00e4n polkuanturoihin tai vaikuta vahingoittuneilta.<\/p>\n<p>Sis\u00e4kissa ei kuluta kynsi\u00e4\u00e4n puunrunkoihin tai muihin koviin materiaaleihin ja tarvitsee siksi raapimatyynyn tai raapimapuun. Joskus t\u00e4m\u00e4 riitt\u00e4\u00e4 kynsien kunnossa pit\u00e4miseksi, mutta usein sinun t\u00e4ytyy my\u00f6s auttaa kissaasi leikkaamalla sen kynnet.<\/p>\n<p>Tee kynsien tarkistamisesta silityksen yhteydess\u00e4 teht\u00e4v\u00e4 rutiini. Opit luultavasti kuinka nopeasti kissasi kynnet kasvavat ja kuinka usein ne pit\u00e4\u00e4 leikata.<\/p>\n<h2>APUA KISSAN KYNSIHUOLLON ALOITTAMISEEN<\/h2>\n<p>Jos mahdollista, aloita kynsien leikkuu kissan ollessa viel\u00e4 pentu. Kynsileikkureita ei tarvitse heti ottaa esille. Totuta sen sijaan kissasi siihen, ett\u00e4 sen tassuihin kosketaan. Hiero tassuja, polkuanturoita ja varpaita varovaisesti. Toista t\u00e4m\u00e4 mahdollisimman usein, mieluiten kun kissa on rauhallisella ja sosiaalisella tuulella.<\/p>\n<p>Kun huomaat, ettei kissa en\u00e4\u00e4 h\u00e4iriinny tai vastustele voit varoen ottaa yhden varpaan ja painaa sit\u00e4 hell\u00e4sti, jotta n\u00e4et koko kynnen. Jos kissasi pysyy rauhallisena, voit leikata sen kynnet saman tien. Jos reaktio on negatiivisempi tai kissa alkaa tapella vastaan on parempi lopettaa ja yritt\u00e4\u00e4 my\u00f6hemmin uudestaan.<\/p>\n<p>\u00c4l\u00e4 yrit\u00e4 leikata kynsi\u00e4 nopeasti. Jos n\u00e4in tapahtuu, kissa saattaa pit\u00e4\u00e4 tilannetta ep\u00e4miellytt\u00e4v\u00e4n\u00e4 eik\u00e4 halua, ett\u00e4 sen tassuihin kosketaan lainkaan.<\/p>\n<h4>Lue lis\u00e4\u00e4<\/h4>\n<ul>\n<li>Harjoittelemalla voit totuttaa kissasi uusiin asiohin &#8211; katso Bozitan kissa-asiantuntija Elin Hirschin parhaat vinkit <a href=\"https:\/\/bozita.com\/fi\/onko-kissan-tai-kissanpennun-kouluttaminen-mahdollista\/\">Voiko kissaa tai kissanpentua kouluttaa<\/a>?<\/li>\n<\/ul>\n<h2>VASTUSTELEVAN KISSAN KYNSIEN LEIKKAAMINEN<\/h2>\n<p>Osa kissoista ei vain halua, ett\u00e4 niiden tassuihin kosketaan. Jos kissasi reagoi n\u00e4in, yrit\u00e4 ensin silitt\u00e4\u00e4 sen vartaloa, jotta se tuntee itsens\u00e4 rauhalliseksi ja turvalliseksi kun kosket siihen. Voit sitten yritt\u00e4\u00e4 taputtaa kissan jalkoja ja hieroa sen tassuja.<\/p>\n<p>Mik\u00e4li kissasi useista yrityksist\u00e4 huolimatta pit\u00e4\u00e4 kynsien leikkaamista ep\u00e4mukavana, ota yhteytt\u00e4 el\u00e4inl\u00e4\u00e4k\u00e4riisi, joka leikkaa kynnet puolestasi.<\/p>\n\t\t\t<\/div>\n\t\t<\/div>\n\t<\/div>\n\n\n<section class=\"block product-promos\">\n\t<div class=\"container\">\n\t\t<div class=\"row align-items-center\">\n\t\t\t<div class=\"col-md-5\">\n\t\t\t\t<div class=\"prdt__promos-heading\">\n\t\t\t\t\t<h3>\n\t\t\t\t\t\tUlkokissoille suositeltu ruoka\t\t\t\t\t<\/h3>\n\t\t\t\t\t\t\t\t\t<\/div>\n\t\t\t<\/div>\n\t\t\t<div class=\"col-md-7\">\n\t\t\t\t\t\t\t\t\t<div class=\"owl-carousel owl-theme product-promo-carousel\">\n\t\t\t\t\t\t\t\t\t\t\t\t\t<a href=\"https:\/\/bozita.com\/fi\/kissanruoka\/bozita-outdoor-active-hirvi\/\">\n\t\t\t\t\t\t\t\t<div class=\"blk__prdt-item\">\n\t\t\t\t\t\t\t\t\t<figure>\n\t\t\t\t\t\t\t\t\t\t<img loading=\"lazy\" decoding=\"async\" width=\"600\" height=\"600\" src=\"https:\/\/bozita.com\/fi\/wp-content\/uploads\/sites\/11\/2024\/07\/31821-03-Bozita-Dry-Cat-Outdoor-Active-Elk-2kg-Bag.jpg\" class=\"attachment-post-thumbnail size-post-thumbnail wp-post-image\" alt=\"\" srcset=\"https:\/\/bozita.com\/fi\/wp-content\/uploads\/sites\/11\/2024\/07\/31821-03-Bozita-Dry-Cat-Outdoor-Active-Elk-2kg-Bag.jpg 600w, https:\/\/bozita.com\/fi\/wp-content\/uploads\/sites\/11\/2024\/07\/31821-03-Bozita-Dry-Cat-Outdoor-Active-Elk-2kg-Bag-300x300.jpg 300w, https:\/\/bozita.com\/fi\/wp-content\/uploads\/sites\/11\/2024\/07\/31821-03-Bozita-Dry-Cat-Outdoor-Active-Elk-2kg-Bag-150x150.jpg 150w\" sizes=\"(max-width: 600px) 100vw, 600px\" \/>\t\t\t\t\t\t\t\t\t\t\t\t\t\t\t\t\t\t\t<\/figure>\n\t\t\t\t\t\t\t\t\t<h4 class=\"carousel-title\"><\/h4>\n\t\t\t\t\t\t\t\t\t<span class=\"carousel-category\">OUTDOOR &amp; ACTIVE &#8211; ELK<\/span>\n\t\t\t\t\t\t\t\t\t  \n\t\t\t\t\t\t\t\t\t<ul class=\"category-list\">\n\t\t\t\t\t\t\t\t\t\t\t\t\t\t\t\t\t\t\t\t\t\t\t\t\t\t\t\t\t\t\t\t\t<li class=\"svg-image\">\n\t\t\t\t\t\t\t\t\t\t\t\t\t\t<img decoding=\"async\" src=\"https:\/\/bozita.com\/fi\/wp-content\/uploads\/sites\/11\/2023\/09\/icon-flavour-elk.svg\" \/>\n\t\t\t\t\t\t\t\t\t\t\t\t\t<\/li>\n\t\t\t\t\t\t\t\t\t\t\t\t\t\t\t\t\t\t\t\t\t\t<\/ul>       \n\n\t\t\t\t\t\t\t\t<\/div>\n\t\t\t\t\t\t\t<\/a>\n\t\t\t\t\t\t\t\t\t\t\t\t\t\t\t\t\t\t<\/div>\n\t\t\t\t\t\t\t<\/div>\n\t\t<\/div>\n\t<\/div>\n<\/section>\n<script>\njQuery(document).ready(function($) {\n\tjQuery('.product-promo-carousel').owlCarousel({\n\tloop: true,\n\tmargin: 10,\n\tresponsiveClass: true,\n\tresponsive: {\n\t\t0: {\n\t\titems: 1,\n\t\tnav: true\n\t\t},\n\t\t600: {\n\t\titems: 1,\n\t\tnav: true\n\t\t},\n\t\t1000: {\n\t\titems: 1,\n\t\tnav: true,\n\t\t}\n\t}\n\t})\n\tjQuery(\".owl-prev\").html('<span><<\/span>');\n\tjQuery(\".owl-next\").html('<span>><\/span>');\n\n\tvar slider = jQuery('.promo-slider-list');\n\tslider.owlCarousel();\n\tjQuery('.nextbtn-a').click(function() {\n\tslider.trigger('next.owl.carousel');\n\t})\n\t\/\/ Go to the previous item\n\tjQuery('.prebtn-a').click(function() {\n\tslider.trigger('prev.owl.carousel', [300]);\n\t})\n});\n<\/script>\n\n\n<section class=\"block product-promos\">\n\t<div class=\"container\">\n\t\t<div class=\"row align-items-center\">\n\t\t\t<div class=\"col-md-5\">\n\t\t\t\t<div class=\"prdt__promos-heading\">\n\t\t\t\t\t<h3>\n\t\t\t\t\t\tSis\u00e4kissoille suositeltu ruoka\t\t\t\t\t<\/h3>\n\t\t\t\t\t\t\t\t\t<\/div>\n\t\t\t<\/div>\n\t\t\t<div class=\"col-md-7\">\n\t\t\t\t\t\t\t\t\t<div class=\"owl-carousel owl-theme product-promo-carousel\">\n\t\t\t\t\t\t\t\t\t\t\t\t\t<a href=\"https:\/\/bozita.com\/fi\/kissanruoka\/bozita-indoor-sterilised-kana\/\">\n\t\t\t\t\t\t\t\t<div class=\"blk__prdt-item\">\n\t\t\t\t\t\t\t\t\t<figure>\n\t\t\t\t\t\t\t\t\t\t<img loading=\"lazy\" decoding=\"async\" width=\"600\" height=\"600\" src=\"https:\/\/bozita.com\/fi\/wp-content\/uploads\/sites\/11\/2024\/08\/bozita-indoor-and-sterilised-chicken-2-kg.png\" class=\"attachment-post-thumbnail size-post-thumbnail wp-post-image\" alt=\"\" srcset=\"https:\/\/bozita.com\/fi\/wp-content\/uploads\/sites\/11\/2024\/08\/bozita-indoor-and-sterilised-chicken-2-kg.png 600w, https:\/\/bozita.com\/fi\/wp-content\/uploads\/sites\/11\/2024\/08\/bozita-indoor-and-sterilised-chicken-2-kg-300x300.png 300w, https:\/\/bozita.com\/fi\/wp-content\/uploads\/sites\/11\/2024\/08\/bozita-indoor-and-sterilised-chicken-2-kg-150x150.png 150w\" sizes=\"(max-width: 600px) 100vw, 600px\" \/>\t\t\t\t\t\t\t\t\t\t\t\t\t\t\t\t\t\t\t<\/figure>\n\t\t\t\t\t\t\t\t\t<h4 class=\"carousel-title\"><\/h4>\n\t\t\t\t\t\t\t\t\t<span class=\"carousel-category\">INDOOR &amp; STERILISED &#8211; CHICKEN<\/span>\n\t\t\t\t\t\t\t\t\t  \n\t\t\t\t\t\t\t\t\t<ul class=\"category-list\">\n\t\t\t\t\t\t\t\t\t\t\t\t\t\t\t\t\t\t\t\t\t\t\t\t\t\t\t\t\t\t\t\t\t<li class=\"svg-image\">\n\t\t\t\t\t\t\t\t\t\t\t\t\t\t<img decoding=\"async\" src=\"https:\/\/bozita.com\/fi\/wp-content\/uploads\/sites\/11\/2023\/09\/icon-flavour-chicken.svg\" \/>\n\t\t\t\t\t\t\t\t\t\t\t\t\t<\/li>\n\t\t\t\t\t\t\t\t\t\t\t\t\t\t\t\t\t\t\t\t\t\t<\/ul>       \n\n\t\t\t\t\t\t\t\t<\/div>\n\t\t\t\t\t\t\t<\/a>\n\t\t\t\t\t\t\t\t\t\t\t\t\t\t\t\t\t\t\t\t<a href=\"https:\/\/bozita.com\/fi\/kissanruoka\/bozita-indoor-sterilised-viljaton-poro\/\">\n\t\t\t\t\t\t\t\t<div class=\"blk__prdt-item\">\n\t\t\t\t\t\t\t\t\t<figure>\n\t\t\t\t\t\t\t\t\t\t<img loading=\"lazy\" decoding=\"async\" width=\"600\" height=\"600\" src=\"https:\/\/bozita.com\/fi\/wp-content\/uploads\/sites\/11\/2024\/07\/31221-03-Bozita-Dry-Cat-Indoor-Sterilised-Reindeer-GF-2kg-Bag.jpg\" class=\"attachment-post-thumbnail size-post-thumbnail wp-post-image\" alt=\"\" srcset=\"https:\/\/bozita.com\/fi\/wp-content\/uploads\/sites\/11\/2024\/07\/31221-03-Bozita-Dry-Cat-Indoor-Sterilised-Reindeer-GF-2kg-Bag.jpg 600w, https:\/\/bozita.com\/fi\/wp-content\/uploads\/sites\/11\/2024\/07\/31221-03-Bozita-Dry-Cat-Indoor-Sterilised-Reindeer-GF-2kg-Bag-300x300.jpg 300w, https:\/\/bozita.com\/fi\/wp-content\/uploads\/sites\/11\/2024\/07\/31221-03-Bozita-Dry-Cat-Indoor-Sterilised-Reindeer-GF-2kg-Bag-150x150.jpg 150w\" sizes=\"(max-width: 600px) 100vw, 600px\" \/>\t\t\t\t\t\t\t\t\t\t\t\t\t\t\t\t\t\t\t<\/figure>\n\t\t\t\t\t\t\t\t\t<h4 class=\"carousel-title\"><\/h4>\n\t\t\t\t\t\t\t\t\t<span class=\"carousel-category\">INDOOR &amp; STERILISED -REINDEER<\/span>\n\t\t\t\t\t\t\t\t\t  \n\t\t\t\t\t\t\t\t\t<ul class=\"category-list\">\n\t\t\t\t\t\t\t\t\t\t\t\t\t\t\t\t\t\t\t\t\t\t\t<li class=\"svg-image\">\n\t\t\t\t\t\t\t\t\t\t\t\t\t\t<img decoding=\"async\" src=\"https:\/\/bozita.com\/fi\/wp-content\/uploads\/sites\/11\/2023\/09\/icon-grain-free.svg\" \/>\n\t\t\t\t\t\t\t\t\t\t\t\t\t<\/li>\n\t\t\t\t\t\t\t\t\t\t\t\t\t\t\t\t\t\t\t\t\t\t\t\t\t\t\t\t\t\t\t\t\t\t\t\t<li class=\"svg-image\">\n\t\t\t\t\t\t\t\t\t\t\t\t\t\t<img decoding=\"async\" src=\"https:\/\/bozita.com\/fi\/wp-content\/uploads\/sites\/11\/2023\/09\/icon-flavour-reindeer.svg\" \/>\n\t\t\t\t\t\t\t\t\t\t\t\t\t<\/li>\n\t\t\t\t\t\t\t\t\t\t\t\t\t\t\t\t\t\t\t\t\t\t<\/ul>       \n\n\t\t\t\t\t\t\t\t<\/div>\n\t\t\t\t\t\t\t<\/a>\n\t\t\t\t\t\t\t\t\t\t\t\t\t\t\t\t\t\t<\/div>\n\t\t\t\t\t\t\t<\/div>\n\t\t<\/div>\n\t<\/div>\n<\/section>\n<script>\njQuery(document).ready(function($) {\n\tjQuery('.product-promo-carousel').owlCarousel({\n\tloop: true,\n\tmargin: 10,\n\tresponsiveClass: true,\n\tresponsive: {\n\t\t0: {\n\t\titems: 1,\n\t\tnav: true\n\t\t},\n\t\t600: {\n\t\titems: 1,\n\t\tnav: true\n\t\t},\n\t\t1000: {\n\t\titems: 2,\n\t\tnav: true,\n\t\t}\n\t}\n\t})\n\tjQuery(\".owl-prev\").html('<span><<\/span>');\n\tjQuery(\".owl-next\").html('<span>><\/span>');\n\n\tvar slider = jQuery('.promo-slider-list');\n\tslider.owlCarousel();\n\tjQuery('.nextbtn-a').click(function() {\n\tslider.trigger('next.owl.carousel');\n\t})\n\t\/\/ Go to the previous item\n\tjQuery('.prebtn-a').click(function() {\n\tslider.trigger('prev.owl.carousel', [300]);\n\t})\n});\n<\/script>\n\n\n\n\t<section class=\"block related-articles\">\n\t\t<div class=\"container\">\n\t\t\t<h2>Aiheeseen liittyvi\u00e4 artikkeleja<\/h2>\n\t\t\t<div class=\"row justify-content-center\">\n\t\t\t\t\t\t\t\t\t\t<div class=\"col-sm-6 col-md-6 col-lg-3\">\n\t\t\t\t\t\t\t\t\t\t\t\t\t\t<div class=\"card \">\n\t\t\t\t\t\t\t\t\t\t\t\t\t\t\t\t\t<img decoding=\"async\"  src=\"https:\/\/bozita.com\/fi\/wp-content\/uploads\/sites\/11\/2021\/08\/bozita-trana-katt-kattunge.jpg\" alt=\"\">\n\t\t\t\t\t\t\t\t\t\t\t\t\t\t\t\t\t<!-- <img decoding=\"async\" src=\"\n\t\t\t\t\t\t\t\t\t\t\t\t\t\t\t\t\t\t\t\t\" alt=\"\n\t\t\t\t\t\t\t\t\t\t\t\t\t\t\t\t\t\t\t\t\t\t\t\t\t\t\t\"> -->\n\t\t\t\t\t\t\t\t<div class=\"card-body\">\n\t\t\t\t\t\t\t\t\t\t\t\t\t\t\t\t\t\t\t<h6>Onko kissan tai kissanpennun kouluttaminen mahdollista?<\/h6>\n\t\t\t\t\t\t\t\t\t\t\t\t\t\t\t\t\t\t\t<a href=\"https:\/\/bozita.com\/fi\/kissan-kehitys\/onko-kissan-tai-kissanpennun-kouluttaminen-mahdollista\/\">Lue lis\u00e4\u00e4 &nbsp; ><\/a>\n\t\t\t\t\t\t\t\t<\/div>\n\t\t\t\t\t\t\t<\/div>\n\t\t\t\t\t\t<\/div>\n\n\t\t\t\t\t\t\t\t\t\t\t<div class=\"col-sm-6 col-md-6 col-lg-3\">\n\t\t\t\t\t\t\t\t\t\t\t\t\t\t<div class=\"card \">\n\t\t\t\t\t\t\t\t\t\t\t\t\t\t\t\t\t<img decoding=\"async\"  src=\"https:\/\/bozita.com\/fi\/wp-content\/uploads\/sites\/11\/2021\/08\/bozita-katt-rumsren-ga-pa-ladan.jpg\" alt=\"\">\n\t\t\t\t\t\t\t\t\t\t\t\t\t\t\t\t\t<!-- <img decoding=\"async\" src=\"\n\t\t\t\t\t\t\t\t\t\t\t\t\t\t\t\t\t\t\t\t\" alt=\"\n\t\t\t\t\t\t\t\t\t\t\t\t\t\t\t\t\t\t\t\t\t\t\t\t\t\t\t\"> -->\n\t\t\t\t\t\t\t\t<div class=\"card-body\">\n\t\t\t\t\t\t\t\t\t\t\t\t\t\t\t\t\t\t\t<h6>Kissan laatikkoharjoittelu<\/h6>\n\t\t\t\t\t\t\t\t\t\t\t\t\t\t\t\t\t\t\t<a href=\"https:\/\/bozita.com\/fi\/kissan-hankinta\/kissan-laatikkoharjoittelu\/\">Lue lis\u00e4\u00e4 &nbsp; ><\/a>\n\t\t\t\t\t\t\t\t<\/div>\n\t\t\t\t\t\t\t<\/div>\n\t\t\t\t\t\t<\/div>\n\n\t\t\t\t\t\t\t\t\t\t\t<div class=\"col-sm-6 col-md-6 col-lg-3\">\n\t\t\t\t\t\t\t\t\t\t\t\t\t\t<div class=\"card \">\n\t\t\t\t\t\t\t\t\t\t\t\t\t\t\t\t\t<img decoding=\"async\"  src=\"https:\/\/bozita.com\/fi\/wp-content\/uploads\/sites\/11\/2021\/08\/bozita-lamna-katt-ensam.jpg\" alt=\"\">\n\t\t\t\t\t\t\t\t\t\t\t\t\t\t\t\t\t<!-- <img decoding=\"async\" src=\"\n\t\t\t\t\t\t\t\t\t\t\t\t\t\t\t\t\t\t\t\t\" alt=\"\n\t\t\t\t\t\t\t\t\t\t\t\t\t\t\t\t\t\t\t\t\t\t\t\t\t\t\t\"> -->\n\t\t\t\t\t\t\t\t<div class=\"card-body\">\n\t\t\t\t\t\t\t\t\t\t\t\t\t\t\t\t\t\t\t<h6>Kuinka pitk\u00e4\u00e4n kissa voi olla yksin?<\/h6>\n\t\t\t\t\t\t\t\t\t\t\t\t\t\t\t\t\t\t\t<a href=\"https:\/\/bozita.com\/fi\/kuinka-pitkaan-kissa-voi-olla-yksin\/\">Lue lis\u00e4\u00e4 &nbsp; ><\/a>\n\t\t\t\t\t\t\t\t<\/div>\n\t\t\t\t\t\t\t<\/div>\n\t\t\t\t\t\t<\/div>\n\n\t\t\t\t\t\t\t\t\t\t\t\t<\/div>\n\t\t<\/div>\n\t<\/section>\n","protected":false},"excerpt":{"rendered":"","protected":false},"author":1,"featured_media":11179,"parent":6537,"menu_order":0,"comment_status":"closed","ping_status":"closed","template":"guternberg.php","meta":{"footnotes":""},"acf":[],"yoast_head":"<!-- This site is optimized with the Yoast SEO plugin v21.3 - https:\/\/yoast.com\/wordpress\/plugins\/seo\/ -->\n<title>Kuinka usein kissan kynnet pit\u00e4\u00e4 leikata? - Bozita Finland<\/title>\n<meta name=\"description\" content=\"Kuinka usein kissan kynnet pit\u00e4isi leikata ja kuinka teet sen? Totuta kissasi t\u00e4h\u00e4n jo pentuna. Kissan kynsien leikkaaminen vaatii hieman k\u00e4rsiv\u00e4llisyytt\u00e4. Bozita auttaa sinua.\" \/>\n<meta name=\"robots\" content=\"index, follow, max-snippet:-1, max-image-preview:large, max-video-preview:-1\" \/>\n<link rel=\"canonical\" href=\"https:\/\/bozita.com\/fi\/pida-kissasi-terveena\/kuinka-usein-kissan-kynnet-pitaa-leikata\/\" \/>\n<meta property=\"og:locale\" content=\"fi_FI\" \/>\n<meta property=\"og:type\" content=\"article\" \/>\n<meta property=\"og:title\" content=\"Kuinka usein kissan kynnet pit\u00e4\u00e4 leikata? - Bozita Finland\" \/>\n<meta property=\"og:description\" content=\"Kuinka usein kissan kynnet pit\u00e4isi leikata ja kuinka teet sen? Totuta kissasi t\u00e4h\u00e4n jo pentuna. Kissan kynsien leikkaaminen vaatii hieman k\u00e4rsiv\u00e4llisyytt\u00e4. Bozita auttaa sinua.\" \/>\n<meta property=\"og:url\" content=\"https:\/\/bozita.com\/fi\/pida-kissasi-terveena\/kuinka-usein-kissan-kynnet-pitaa-leikata\/\" \/>\n<meta property=\"og:site_name\" content=\"Bozita Finland\" \/>\n<meta property=\"article:modified_time\" content=\"2025-03-05T09:03:12+00:00\" \/>\n<meta property=\"og:image\" content=\"https:\/\/bozita.com\/fi\/wp-content\/uploads\/sites\/11\/2025\/03\/bozita_swedish-natural-quality-compass.jpg\" \/>\n\t<meta property=\"og:image:width\" content=\"800\" \/>\n\t<meta property=\"og:image:height\" content=\"533\" \/>\n\t<meta property=\"og:image:type\" content=\"image\/jpeg\" \/>\n<meta name=\"twitter:card\" content=\"summary_large_image\" \/>\n<!-- \/ Yoast SEO plugin. -->","yoast_head_json":{"title":"Kuinka usein kissan kynnet pit\u00e4\u00e4 leikata? - Bozita Finland","description":"Kuinka usein kissan kynnet pit\u00e4isi leikata ja kuinka teet sen? Totuta kissasi t\u00e4h\u00e4n jo pentuna. Kissan kynsien leikkaaminen vaatii hieman k\u00e4rsiv\u00e4llisyytt\u00e4. Bozita auttaa sinua.","robots":{"index":"index","follow":"follow","max-snippet":"max-snippet:-1","max-image-preview":"max-image-preview:large","max-video-preview":"max-video-preview:-1"},"canonical":"https:\/\/bozita.com\/fi\/pida-kissasi-terveena\/kuinka-usein-kissan-kynnet-pitaa-leikata\/","og_locale":"fi_FI","og_type":"article","og_title":"Kuinka usein kissan kynnet pit\u00e4\u00e4 leikata? - Bozita Finland","og_description":"Kuinka usein kissan kynnet pit\u00e4isi leikata ja kuinka teet sen? Totuta kissasi t\u00e4h\u00e4n jo pentuna. Kissan kynsien leikkaaminen vaatii hieman k\u00e4rsiv\u00e4llisyytt\u00e4. Bozita auttaa sinua.","og_url":"https:\/\/bozita.com\/fi\/pida-kissasi-terveena\/kuinka-usein-kissan-kynnet-pitaa-leikata\/","og_site_name":"Bozita Finland","article_modified_time":"2025-03-05T09:03:12+00:00","og_image":[{"width":800,"height":533,"url":"https:\/\/bozita.com\/fi\/wp-content\/uploads\/sites\/11\/2025\/03\/bozita_swedish-natural-quality-compass.jpg","type":"image\/jpeg"}],"twitter_card":"summary_large_image","schema":{"@context":"https:\/\/schema.org","@graph":[{"@type":"WebPage","@id":"https:\/\/bozita.com\/fi\/pida-kissasi-terveena\/kuinka-usein-kissan-kynnet-pitaa-leikata\/","url":"https:\/\/bozita.com\/fi\/pida-kissasi-terveena\/kuinka-usein-kissan-kynnet-pitaa-leikata\/","name":"Kuinka usein kissan kynnet pit\u00e4\u00e4 leikata? - Bozita Finland","isPartOf":{"@id":"https:\/\/bozita.com\/fi\/#website"},"datePublished":"2022-08-31T07:17:17+00:00","dateModified":"2025-03-05T09:03:12+00:00","description":"Kuinka usein kissan kynnet pit\u00e4isi leikata ja kuinka teet sen? Totuta kissasi t\u00e4h\u00e4n jo pentuna. Kissan kynsien leikkaaminen vaatii hieman k\u00e4rsiv\u00e4llisyytt\u00e4. Bozita auttaa sinua.","breadcrumb":{"@id":"https:\/\/bozita.com\/fi\/pida-kissasi-terveena\/kuinka-usein-kissan-kynnet-pitaa-leikata\/#breadcrumb"},"inLanguage":"fi","potentialAction":[{"@type":"ReadAction","target":["https:\/\/bozita.com\/fi\/pida-kissasi-terveena\/kuinka-usein-kissan-kynnet-pitaa-leikata\/"]}]},{"@type":"BreadcrumbList","@id":"https:\/\/bozita.com\/fi\/pida-kissasi-terveena\/kuinka-usein-kissan-kynnet-pitaa-leikata\/#breadcrumb","itemListElement":[{"@type":"ListItem","position":1,"name":"Koti","item":"https:\/\/bozita.com\/fi\/"},{"@type":"ListItem","position":2,"name":"Pid\u00e4 kissasi terveen\u00e4","item":"https:\/\/bozita.com\/fi\/pida-kissasi-terveena\/"},{"@type":"ListItem","position":3,"name":"Kuinka usein kissan kynnet pit\u00e4\u00e4 leikata?"}]},{"@type":"WebSite","@id":"https:\/\/bozita.com\/fi\/#website","url":"https:\/\/bozita.com\/fi\/","name":"Bozita Finland","description":"","potentialAction":[{"@type":"SearchAction","target":{"@type":"EntryPoint","urlTemplate":"https:\/\/bozita.com\/fi\/?s={search_term_string}"},"query-input":"required name=search_term_string"}],"inLanguage":"fi"}]}},"_links":{"self":[{"href":"https:\/\/bozita.com\/fi\/wp-json\/wp\/v2\/pages\/6602"}],"collection":[{"href":"https:\/\/bozita.com\/fi\/wp-json\/wp\/v2\/pages"}],"about":[{"href":"https:\/\/bozita.com\/fi\/wp-json\/wp\/v2\/types\/page"}],"author":[{"embeddable":true,"href":"https:\/\/bozita.com\/fi\/wp-json\/wp\/v2\/users\/1"}],"replies":[{"embeddable":true,"href":"https:\/\/bozita.com\/fi\/wp-json\/wp\/v2\/comments?post=6602"}],"version-history":[{"count":14,"href":"https:\/\/bozita.com\/fi\/wp-json\/wp\/v2\/pages\/6602\/revisions"}],"predecessor-version":[{"id":11209,"href":"https:\/\/bozita.com\/fi\/wp-json\/wp\/v2\/pages\/6602\/revisions\/11209"}],"up":[{"embeddable":true,"href":"https:\/\/bozita.com\/fi\/wp-json\/wp\/v2\/pages\/6537"}],"wp:featuredmedia":[{"embeddable":true,"href":"https:\/\/bozita.com\/fi\/wp-json\/wp\/v2\/media\/11179"}],"wp:attachment":[{"href":"https:\/\/bozita.com\/fi\/wp-json\/wp\/v2\/media?parent=6602"}],"curies":[{"name":"wp","href":"https:\/\/api.w.org\/{rel}","templated":true}]}}