{"id":6604,"date":"2022-08-31T07:17:42","date_gmt":"2022-08-31T07:17:42","guid":{"rendered":"https:\/\/bozita.com\/fi\/mika-on-paras-tapa-matkustaa-kissan-kanssa\/"},"modified":"2025-03-05T11:38:42","modified_gmt":"2025-03-05T11:38:42","slug":"mika-on-paras-tapa-matkustaa-kissan-kanssa","status":"publish","type":"page","link":"https:\/\/bozita.com\/fi\/kissan-kehitys\/mika-on-paras-tapa-matkustaa-kissan-kanssa\/","title":{"rendered":"Mik\u00e4 on paras tapa matkustaa kissan kanssa?"},"content":{"rendered":"\t\t<section class=\"small-hero\">\n\t\t\t<div class=\"container\">\n\t\t\t\t<h1 class=\"small-hero-title\">Mik\u00e4 on paras tapa matkustaa kissan kanssa?<\/h1>\t\t\t<\/div>\n\t\t\t<\/div>\n\t\t<\/section>\n\t\n\n\t<div class=\"text-box-warp\">\n\t\t<div class=\"container\">\n\t\t\t<div class=\"text-content\">\n\t\t\t\t<p>Kissan kanssa matkustaminen vaatii valmistautumista riippumatta matkan pituudesta ja kestosta sek\u00e4 siit\u00e4 onko kulkuv\u00e4line auto, juna, bussi vai lentokone. Jos matkustat kissasi kanssa ulkomaille sinun pit\u00e4\u00e4 my\u00f6s selvitt\u00e4\u00e4 mitk\u00e4 s\u00e4\u00e4nn\u00f6t koskevat kissaasi kohdemaassa, etenkin rokotuksiin liittyv\u00e4t.<\/p>\n<h2>KISSAN KANSSA MATKUSTAMINEN &#8211; MIETI N\u00c4IT\u00c4 ASIOITA ENNEN MATKAA<\/h2>\n<p>Kissat ovat herkki\u00e4 muutokselle eik\u00e4 kissan mukaan ottaminen pitk\u00e4lle lomamatkalle aina ole hyv\u00e4 ajatus. Kissasi hyvinvoinnin pit\u00e4isi aina olla etusijalla. Jos et usko kissasi pit\u00e4v\u00e4n ymp\u00e4rist\u00f6nvaihdoksesta on paras j\u00e4tt\u00e4\u00e4 se turvalliseen paikkaan matkasi ajaksi.<\/p>\n<p>Kissat eiv\u00e4t pysty huolehtimaan itsest\u00e4\u00e4n, joten kissaa ei voi j\u00e4tt\u00e4\u00e4 loman ajaksi yksin. On s\u00e4\u00e4nn\u00f6t sille kuinka kauan kissan saa j\u00e4tt\u00e4\u00e4 olemaan yksin ja ne liittyv\u00e4t sosiaalisiin kontakteihin, eiv\u00e4t vain ruokaan ja veteen.<\/p>\n<h4>Lue lis\u00e4\u00e4<\/h4>\n<ul>\n<li><a href=\"https:\/\/bozita.com\/fi\/kuinka-pitkaan-kissa-voi-olla-yksin\/?lang=fi\">Kuinka pitk\u00e4ksi ajaksi kissan voi j\u00e4tt\u00e4\u00e4 yksin<\/a><\/li>\n<\/ul>\n<h2>ULKOMAILLE KISSAN KANSSA<\/h2>\n<p>Kun matkustat ulkomaille kissasi kanssa muista ett\u00e4 kaikilla mailla on omat maahantulos\u00e4\u00e4nt\u00f6ns\u00e4 ja rokotusvaatimuksensa. Rokotusten riitt\u00e4v\u00e4n suojan antaminen vie my\u00f6s aikaa, joten suunnittelu kannattaa aloittaa hyviss\u00e4 ajoin.<\/p>\n<p>EU:n sis\u00e4ll\u00e4 kissan kanssa matkustaminen on suhteellisen helppoa. Kaikki EU-maat vaativat, ett\u00e4 kissa on rokotettu rabiesta vastaan, se on mikrosirutettu ja ett\u00e4 sill\u00e4 on voimassaoleva EU:n lemmikkipassi. Jos kissasi t\u00e4ytt\u00e4\u00e4 kaikki vaatimukset el\u00e4inl\u00e4\u00e4k\u00e4risi voi luovuttaa sille EU:n kissapassin. Muiden s\u00e4\u00e4nn\u00f6sten lis\u00e4ksi maissa, jossa kettujen loismadot ovat yleisi\u00e4 on erityisi\u00e4 s\u00e4\u00e4nt\u00f6j\u00e4.<\/p>\n<p>T\u00e4ydelliset ohjeet kissan kanssa matkustamiseen voit tarkistaa Ruokaviraston verkkosivustolta:<\/p>\n<ul>\n<li><a href=\"https:\/\/www.ruokavirasto.fi\/teemat\/tuonti-ja-vienti\/eu-maat-norja-ja-sveitsi\/elaimet\/koirat-kissat-ja-fretit\/lisatietoa-matkustamisesta\/\">Lue lis\u00e4\u00e4 kissan kanssa matkustamisen vaatimuksista<\/a><\/li>\n<\/ul>\n<h4>Lue lis\u00e4\u00e4<\/h4>\n<ul>\n<li><a href=\"https:\/\/bozita.com\/fi\/miksi-sinun-tulisi-tunnistusmerkita-kissasi\/\">Miksi sinun tulee mikrosiruttaa kissasi<\/a><\/li>\n<\/ul>\n<h2>LENTOMATKA KISSAN KANSSA VAATII VALMISTELUJA<\/h2>\n<p>Suunnittele matkasi huolella ennen kissan kanssa lent\u00e4mist\u00e4. Kissat ovat herkki\u00e4 el\u00e4imi\u00e4, eiv\u00e4tk\u00e4 luultavasti nauti pitk\u00e4st\u00e4 lentomatkasta.<\/p>\n<p>Yleens\u00e4 ei suositella antamaan kissalle rauhoittavia l\u00e4\u00e4kkeit\u00e4, tietyt lentoyhti\u00f6t ovat kielt\u00e4neet t\u00e4m\u00e4n. Kissan rauhallisena pit\u00e4miseen on kuitenkin muita keinoja, kuten feromonisuihke.<\/p>\n<p>Jotta kissasi p\u00e4\u00e4see lentokoneeseen sill\u00e4 pit\u00e4\u00e4 olla erityinen lentolippu. Useimmat lentoyhti\u00f6t sallivat kissan tuomisen matkustamoon, mutta osa yhti\u00f6ist\u00e4 vaatii el\u00e4inten matkustavan ruumassa. Kissan painolle ja matkah\u00e4kin ulottuvuuksille on my\u00f6s omat rajoituksena.<\/p>\n<p>Aloita asioiden selvitt\u00e4minen hyviss\u00e4 ajoissa ja ota tarvittaessa yhteytt\u00e4 lentoyhti\u00f6\u00f6n.<\/p>\n<h2>AUTOLLA, JUNALLA TAI BUSSILLA MATKUSTAMINEN KISSAN KANSSA<\/h2>\n<p>Jos kissasi matkustaa kanssasi autossa, junassa tai linja-autossa pid\u00e4 huoli siit\u00e4, ett\u00e4 sill\u00e4 on turvallinen h\u00e4kki, jossa ilma vaihtuu vapaasti. H\u00e4kin pit\u00e4\u00e4 olla niin suuri, ett\u00e4 kissa mahtuu makaamaan siin\u00e4 luonnollisessa asennossa. Sen pit\u00e4isi my\u00f6s pysty\u00e4 nousemaan seisomaan ja k\u00e4\u00e4ntym\u00e4\u00e4n h\u00e4kin sis\u00e4ll\u00e4.<\/p>\n<p>Jos mahdollista kissalla olisi hyv\u00e4 olla raikasta vett\u00e4 koko matkan ajan. On olemassa erityisesti matkustamiseen suunniteltuja kulhoja, joista vesi ei p\u00e4\u00e4se kaatumaan h\u00e4kkiin.<\/p>\n<p>Jos vett\u00e4 ei voi olla tarjolla koko ajan, kissalle pit\u00e4isi tarjota mahdollisuutta juoda v\u00e4hint\u00e4\u00e4n kuuden tunnin v\u00e4lein. V\u00e4lt\u00e4 kissan ruokkimista juuri ennen matkaa sill\u00e4 monet kissat oksentavat matkapahoinvoinnista ja hermostuneisuudesta johtuen matkustaessaan.<\/p>\n<p>Kissat voivat pit\u00e4\u00e4 auton, junan tai linja-auton vieraita \u00e4\u00e4ni\u00e4 ep\u00e4miellytt\u00e4vin\u00e4. Sijoita mahdollisuuksien mukaan h\u00e4kin suuaukko itse\u00e4si kohti, jotta kissa voi katsella sinua matkan aikana. Voit my\u00f6s laittaa h\u00e4kkiin kissan lempipeiton, lelun tai jotain muuta, joka tuoksuu kodilta ja lis\u00e4\u00e4 turvallisuudentunnetta.<\/p>\n<p>Kun ajat kissasi kanssa on hyv\u00e4 pit\u00e4\u00e4 s\u00e4\u00e4nn\u00f6llisi\u00e4 taukoja, jotta sek\u00e4 kissa ett\u00e4 sin\u00e4 saatte raikasta ilmaa tasaisin v\u00e4lein. \u00c4l\u00e4 j\u00e4t\u00e4 kissaa yksin autoon, etenk\u00e4\u00e4n kuumina p\u00e4ivin\u00e4. L\u00e4mp\u00f6tilat voivat nousta auton sis\u00e4ll\u00e4 nopeasti ja t\u00e4m\u00e4 voi olla kissalle eritt\u00e4in vaarallista.<\/p>\n<p>Jos ajat rajojen yli kissa autossa sinun t\u00e4ytyy selvitt\u00e4\u00e4 mitk\u00e4 s\u00e4\u00e4nn\u00f6t p\u00e4tev\u00e4t ja kuinka kissaa tulee kohdemaassa kuljettaa. Esimerkiksi h\u00e4kille voi olla erityisi\u00e4 s\u00e4\u00e4d\u00f6ksi\u00e4.<\/p>\n\t\t\t<\/div>\n\t\t<\/div>\n\t<\/div>\n\n\n\n\t<section class=\"block related-articles\">\n\t\t<div class=\"container\">\n\t\t\t<h2>Aiheeseen liittyvi\u00e4 artikkeleita<\/h2>\n\t\t\t<div class=\"row justify-content-center\">\n\t\t\t\t\t\t\t\t\t\t<div class=\"col-sm-6 col-md-6 col-lg-3\">\n\t\t\t\t\t\t\t\t\t\t\t\t\t\t<div class=\"card \">\n\t\t\t\t\t\t\t\t\t\t\t\t\t\t\t\t\t<img decoding=\"async\"  src=\"https:\/\/bozita.com\/fi\/wp-content\/uploads\/sites\/11\/2021\/08\/bozita-kattens-kroppssprak.jpg\" alt=\"\">\n\t\t\t\t\t\t\t\t\t\t\t\t\t\t\t\t\t<!-- <img decoding=\"async\" src=\"\n\t\t\t\t\t\t\t\t\t\t\t\t\t\t\t\t\t\t\t\t\" alt=\"\n\t\t\t\t\t\t\t\t\t\t\t\t\t\t\t\t\t\t\t\t\t\t\t\t\t\t\t\"> -->\n\t\t\t\t\t\t\t\t<div class=\"card-body\">\n\t\t\t\t\t\t\t\t\t\t\t\t\t\t\t\t\t\t\t<h6>Kissan k\u00e4yt\u00f6s ja kehonkieli<\/h6>\n\t\t\t\t\t\t\t\t\t\t\t\t\t\t\t\t\t\t\t<a href=\"https:\/\/bozita.com\/fi\/kissan-kehitys\/kissan-kaytos-ja-kehonkieli\/\">Lue lis\u00e4\u00e4 &nbsp; ><\/a>\n\t\t\t\t\t\t\t\t<\/div>\n\t\t\t\t\t\t\t<\/div>\n\t\t\t\t\t\t<\/div>\n\n\t\t\t\t\t\t\t\t\t\t\t<div class=\"col-sm-6 col-md-6 col-lg-3\">\n\t\t\t\t\t\t\t\t\t\t\t\t\t\t<div class=\"card \">\n\t\t\t\t\t\t\t\t\t\t\t\t\t\t\t\t\t<img decoding=\"async\"  src=\"https:\/\/bozita.com\/fi\/wp-content\/uploads\/sites\/11\/2021\/08\/bozita-vaccinera-katt.jpg\" alt=\"\">\n\t\t\t\t\t\t\t\t\t\t\t\t\t\t\t\t\t<!-- <img decoding=\"async\" src=\"\n\t\t\t\t\t\t\t\t\t\t\t\t\t\t\t\t\t\t\t\t\" alt=\"\n\t\t\t\t\t\t\t\t\t\t\t\t\t\t\t\t\t\t\t\t\t\t\t\t\t\t\t\"> -->\n\t\t\t\t\t\t\t\t<div class=\"card-body\">\n\t\t\t\t\t\t\t\t\t\t\t\t\t\t\t\t\t\t\t<h6>Kissasi rokottaminen<\/h6>\n\t\t\t\t\t\t\t\t\t\t\t\t\t\t\t\t\t\t\t<a href=\"https:\/\/bozita.com\/fi\/pida-kissasi-terveena\/kissasi-rokottaminen\/\">Lue lis\u00e4\u00e4 &nbsp; ><\/a>\n\t\t\t\t\t\t\t\t<\/div>\n\t\t\t\t\t\t\t<\/div>\n\t\t\t\t\t\t<\/div>\n\n\t\t\t\t\t\t\t\t\t\t\t<div class=\"col-sm-6 col-md-6 col-lg-3\">\n\t\t\t\t\t\t\t\t\t\t\t\t\t\t<div class=\"card \">\n\t\t\t\t\t\t\t\t\t\t\t\t\t\t\t\t\t<img decoding=\"async\"  src=\"https:\/\/bozita.com\/fi\/wp-content\/uploads\/sites\/11\/2021\/08\/bozita-trana-katt-kattunge.jpg\" alt=\"\">\n\t\t\t\t\t\t\t\t\t\t\t\t\t\t\t\t\t<!-- <img decoding=\"async\" src=\"\n\t\t\t\t\t\t\t\t\t\t\t\t\t\t\t\t\t\t\t\t\" alt=\"\n\t\t\t\t\t\t\t\t\t\t\t\t\t\t\t\t\t\t\t\t\t\t\t\t\t\t\t\"> -->\n\t\t\t\t\t\t\t\t<div class=\"card-body\">\n\t\t\t\t\t\t\t\t\t\t\t\t\t\t\t\t\t\t\t<h6>Onko kissan tai kissanpennun kouluttaminen mahdollista?<\/h6>\n\t\t\t\t\t\t\t\t\t\t\t\t\t\t\t\t\t\t\t<a href=\"https:\/\/bozita.com\/fi\/kissan-kehitys\/onko-kissan-tai-kissanpennun-kouluttaminen-mahdollista\/\">Lue lis\u00e4\u00e4 &nbsp; ><\/a>\n\t\t\t\t\t\t\t\t<\/div>\n\t\t\t\t\t\t\t<\/div>\n\t\t\t\t\t\t<\/div>\n\n\t\t\t\t\t\t\t\t\t\t\t\t<\/div>\n\t\t<\/div>\n\t<\/section>\n","protected":false},"excerpt":{"rendered":"","protected":false},"author":1,"featured_media":11179,"parent":7239,"menu_order":0,"comment_status":"closed","ping_status":"closed","template":"guternberg.php","meta":{"footnotes":""},"acf":[],"yoast_head":"<!-- This site is optimized with the Yoast SEO plugin v21.3 - https:\/\/yoast.com\/wordpress\/plugins\/seo\/ -->\n<title>Mik\u00e4 on paras tapa matkustaa kissan kanssa? - Bozita Finland<\/title>\n<meta name=\"description\" content=\"Vinkkej\u00e4, neuvoja ja ohjeita kissan kanssa matkustamiseen. Matkustat sitten kissasi kanssa lent\u00e4en, autolla, bussilla tai junalla - Suomessa, EU:ssa tai EU:n ulkopuolella; t\u00e4m\u00e4 p\u00e4tee.\" \/>\n<meta name=\"robots\" content=\"index, follow, max-snippet:-1, max-image-preview:large, max-video-preview:-1\" \/>\n<link rel=\"canonical\" href=\"https:\/\/bozita.com\/fi\/kissan-kehitys\/mika-on-paras-tapa-matkustaa-kissan-kanssa\/\" \/>\n<meta property=\"og:locale\" content=\"fi_FI\" \/>\n<meta property=\"og:type\" content=\"article\" \/>\n<meta property=\"og:title\" content=\"Mik\u00e4 on paras tapa matkustaa kissan kanssa? - Bozita Finland\" \/>\n<meta property=\"og:description\" content=\"Vinkkej\u00e4, neuvoja ja ohjeita kissan kanssa matkustamiseen. Matkustat sitten kissasi kanssa lent\u00e4en, autolla, bussilla tai junalla - Suomessa, EU:ssa tai EU:n ulkopuolella; t\u00e4m\u00e4 p\u00e4tee.\" \/>\n<meta property=\"og:url\" content=\"https:\/\/bozita.com\/fi\/kissan-kehitys\/mika-on-paras-tapa-matkustaa-kissan-kanssa\/\" \/>\n<meta property=\"og:site_name\" content=\"Bozita Finland\" \/>\n<meta property=\"article:modified_time\" content=\"2025-03-05T11:38:42+00:00\" \/>\n<meta property=\"og:image\" content=\"https:\/\/bozita.com\/fi\/wp-content\/uploads\/sites\/11\/2025\/03\/bozita_swedish-natural-quality-compass.jpg\" \/>\n\t<meta property=\"og:image:width\" content=\"800\" \/>\n\t<meta property=\"og:image:height\" content=\"533\" \/>\n\t<meta property=\"og:image:type\" content=\"image\/jpeg\" \/>\n<meta name=\"twitter:card\" content=\"summary_large_image\" \/>\n<!-- \/ Yoast SEO plugin. -->","yoast_head_json":{"title":"Mik\u00e4 on paras tapa matkustaa kissan kanssa? - Bozita Finland","description":"Vinkkej\u00e4, neuvoja ja ohjeita kissan kanssa matkustamiseen. Matkustat sitten kissasi kanssa lent\u00e4en, autolla, bussilla tai junalla - Suomessa, EU:ssa tai EU:n ulkopuolella; t\u00e4m\u00e4 p\u00e4tee.","robots":{"index":"index","follow":"follow","max-snippet":"max-snippet:-1","max-image-preview":"max-image-preview:large","max-video-preview":"max-video-preview:-1"},"canonical":"https:\/\/bozita.com\/fi\/kissan-kehitys\/mika-on-paras-tapa-matkustaa-kissan-kanssa\/","og_locale":"fi_FI","og_type":"article","og_title":"Mik\u00e4 on paras tapa matkustaa kissan kanssa? - Bozita Finland","og_description":"Vinkkej\u00e4, neuvoja ja ohjeita kissan kanssa matkustamiseen. Matkustat sitten kissasi kanssa lent\u00e4en, autolla, bussilla tai junalla - Suomessa, EU:ssa tai EU:n ulkopuolella; t\u00e4m\u00e4 p\u00e4tee.","og_url":"https:\/\/bozita.com\/fi\/kissan-kehitys\/mika-on-paras-tapa-matkustaa-kissan-kanssa\/","og_site_name":"Bozita Finland","article_modified_time":"2025-03-05T11:38:42+00:00","og_image":[{"width":800,"height":533,"url":"https:\/\/bozita.com\/fi\/wp-content\/uploads\/sites\/11\/2025\/03\/bozita_swedish-natural-quality-compass.jpg","type":"image\/jpeg"}],"twitter_card":"summary_large_image","schema":{"@context":"https:\/\/schema.org","@graph":[{"@type":"WebPage","@id":"https:\/\/bozita.com\/fi\/kissan-kehitys\/mika-on-paras-tapa-matkustaa-kissan-kanssa\/","url":"https:\/\/bozita.com\/fi\/kissan-kehitys\/mika-on-paras-tapa-matkustaa-kissan-kanssa\/","name":"Mik\u00e4 on paras tapa matkustaa kissan kanssa? - Bozita Finland","isPartOf":{"@id":"https:\/\/bozita.com\/fi\/#website"},"datePublished":"2022-08-31T07:17:42+00:00","dateModified":"2025-03-05T11:38:42+00:00","description":"Vinkkej\u00e4, neuvoja ja ohjeita kissan kanssa matkustamiseen. Matkustat sitten kissasi kanssa lent\u00e4en, autolla, bussilla tai junalla - Suomessa, EU:ssa tai EU:n ulkopuolella; t\u00e4m\u00e4 p\u00e4tee.","breadcrumb":{"@id":"https:\/\/bozita.com\/fi\/kissan-kehitys\/mika-on-paras-tapa-matkustaa-kissan-kanssa\/#breadcrumb"},"inLanguage":"fi","potentialAction":[{"@type":"ReadAction","target":["https:\/\/bozita.com\/fi\/kissan-kehitys\/mika-on-paras-tapa-matkustaa-kissan-kanssa\/"]}]},{"@type":"BreadcrumbList","@id":"https:\/\/bozita.com\/fi\/kissan-kehitys\/mika-on-paras-tapa-matkustaa-kissan-kanssa\/#breadcrumb","itemListElement":[{"@type":"ListItem","position":1,"name":"Koti","item":"https:\/\/bozita.com\/fi\/"},{"@type":"ListItem","position":2,"name":"Kissan kehitys","item":"https:\/\/bozita.com\/fi\/kissan-kehitys\/"},{"@type":"ListItem","position":3,"name":"Mik\u00e4 on paras tapa matkustaa kissan kanssa?"}]},{"@type":"WebSite","@id":"https:\/\/bozita.com\/fi\/#website","url":"https:\/\/bozita.com\/fi\/","name":"Bozita Finland","description":"","potentialAction":[{"@type":"SearchAction","target":{"@type":"EntryPoint","urlTemplate":"https:\/\/bozita.com\/fi\/?s={search_term_string}"},"query-input":"required name=search_term_string"}],"inLanguage":"fi"}]}},"_links":{"self":[{"href":"https:\/\/bozita.com\/fi\/wp-json\/wp\/v2\/pages\/6604"}],"collection":[{"href":"https:\/\/bozita.com\/fi\/wp-json\/wp\/v2\/pages"}],"about":[{"href":"https:\/\/bozita.com\/fi\/wp-json\/wp\/v2\/types\/page"}],"author":[{"embeddable":true,"href":"https:\/\/bozita.com\/fi\/wp-json\/wp\/v2\/users\/1"}],"replies":[{"embeddable":true,"href":"https:\/\/bozita.com\/fi\/wp-json\/wp\/v2\/comments?post=6604"}],"version-history":[{"count":8,"href":"https:\/\/bozita.com\/fi\/wp-json\/wp\/v2\/pages\/6604\/revisions"}],"predecessor-version":[{"id":11263,"href":"https:\/\/bozita.com\/fi\/wp-json\/wp\/v2\/pages\/6604\/revisions\/11263"}],"up":[{"embeddable":true,"href":"https:\/\/bozita.com\/fi\/wp-json\/wp\/v2\/pages\/7239"}],"wp:featuredmedia":[{"embeddable":true,"href":"https:\/\/bozita.com\/fi\/wp-json\/wp\/v2\/media\/11179"}],"wp:attachment":[{"href":"https:\/\/bozita.com\/fi\/wp-json\/wp\/v2\/media?parent=6604"}],"curies":[{"name":"wp","href":"https:\/\/api.w.org\/{rel}","templated":true}]}}