{"id":6606,"date":"2022-08-31T07:18:30","date_gmt":"2022-08-31T07:18:30","guid":{"rendered":"https:\/\/bozita.com\/fi\/kuinka-paljon-kissa-nukkuu\/"},"modified":"2025-03-05T08:56:05","modified_gmt":"2025-03-05T08:56:05","slug":"kuinka-paljon-kissa-nukkuu","status":"publish","type":"page","link":"https:\/\/bozita.com\/fi\/kissan-kehitys\/kuinka-paljon-kissa-nukkuu\/","title":{"rendered":"Kuinka paljon kissa nukkuu?"},"content":{"rendered":"\t\t<section class=\"small-hero\">\n\t\t\t<div class=\"container\">\n\t\t\t\t<h1 class=\"small-hero-title\">Kuinka paljon kissa nukkuu?<\/h1>\t\t\t<\/div>\n\t\t\t<\/div>\n\t\t<\/section>\n\t\n\n\t<div class=\"text-box-warp\">\n\t\t<div class=\"container\">\n\t\t\t<div class=\"text-content\">\n\t\t\t\t<p><strong>Kissan p\u00e4ivitt\u00e4isen unen m\u00e4\u00e4r\u00e4\u00e4n vaikuttaa moni tekij\u00e4, kuten kissan ik\u00e4, aktiivisuustaso ja persoonallisuus. Esimerkiksi vanhemmat kissat ja kissanpennut tarvitsevat yleens\u00e4 enemm\u00e4n unta kuin rentoutuneet sis\u00e4kissat. Monet ihmiset ovat huolissaan kissansa unen m\u00e4\u00e4r\u00e4st\u00e4, mutta on harvinaista, ett\u00e4 kissa nukkuu liikaa.<\/strong><\/p>\n<h2>MIKSI KISSAT NUKKUVAT NIIN PALJON?<\/h2>\n<p>Kissasi unen m\u00e4\u00e4r\u00e4 riippuu sen i\u00e4st\u00e4, hereill\u00e4oloajan aktiivisuudesta ja persoonallisuudesta, mutta 16-18 tuntia unta vuorokaudessa ei ole ep\u00e4tavallista. Suurin osa unesta on kuitenkin kevytt\u00e4 torkkumista, mist\u00e4 kissa her\u00e4\u00e4 herk\u00e4sti. Olet varmaan huomannut, ett\u00e4 kissasi lep\u00e4\u00e4 p\u00e4iv\u00e4t ja on hereill\u00e4 \u00f6isin. T\u00e4m\u00e4 on t\u00e4ysin normaalia. Kissan luonnon mukaista on lev\u00e4t\u00e4 kunnes on aika mets\u00e4st\u00e4\u00e4. Kissat ovat aktiivisimmillaan h\u00e4m\u00e4r\u00e4ss\u00e4, aamuisin ja iltaisin, sill\u00e4 h\u00e4m\u00e4r\u00e4ss\u00e4 on helpompi saada saalista.<\/p>\n<h2>KUINKA PALJON KISSANPENTU NUKKUU?<\/h2>\n<p>Keskim\u00e4\u00e4rin kissanpentu nukkuu huomattavasti aikuista kissaa enemm\u00e4n. Vastasyntyneet kissat nukkuvat mahdollisimman paljon koska se auttaa niit\u00e4 pysym\u00e4\u00e4n tervein\u00e4 ja aktiivisina hereill\u00e4 ollessaan. Kissanpennut tarvitsevat my\u00f6s unta kasvaakseen, sill\u00e4 kasvuhormonia erittyy kissanpennun nukkuessa.<\/p>\n<h2>JOS KISSASI ON \u00d6ISIN LEVOTON<\/h2>\n<p>\u00d6isin valvova ja meteli\u00e4 pit\u00e4v\u00e4 kissa voi olla turhauttava. Jos sinulla on ongelmia eritt\u00e4in y\u00f6-aktiivisen kissan kanssa voit yritt\u00e4\u00e4 pit\u00e4\u00e4 sen iltaisin aktiivisena. V\u00e4sytt\u00e4m\u00e4ll\u00e4 sen lis\u00e4\u00e4t todenn\u00e4k\u00f6isyytt\u00e4, ett\u00e4 kissa nukkuu y\u00f6n. <strong>Lue lis\u00e4\u00e4<\/strong><\/p>\n<ul>\n<li><a title=\"Keep your cat active to keep it feeling good\" href=\"https:\/\/bozita.com\/fi\/aktivoi-kissasi\/?lang=fi\" data-udi=\"umb:\/\/document\/78acbe0e1c1f43c0bc9b639819b932a7\">N\u00e4in aktivoit kissasi<\/a><\/li>\n<\/ul>\n<h2>JOS KISSASI NUKKUU NORMAALIA ENEMM\u00c4N<\/h2>\n<p>L\u00e4mp\u00f6tilat vaikuttavat kissoihin kuten ihmisiin. On tavallista, ett\u00e4 sis\u00e4ll\u00e4 pysymisen lis\u00e4ksi, kissa on talvisin v\u00e4hemm\u00e4n aktiivinen ja unisempi verrattuna muihin vuodenaikoihin. Muuttunut unirytmi ei v\u00e4ltt\u00e4m\u00e4tt\u00e4 ole merkki siit\u00e4, ett\u00e4 jokin olisi viallaan, mutta jos huomaat kissasi nukkuvan paljon ja olevan heikko se voi olla merkki huonovointisuudesta. Jos sy\u00f6minen ja juominen lakkaa unen m\u00e4\u00e4r\u00e4n kasvamisen kanssa on syyt\u00e4 varmistaa el\u00e4inl\u00e4\u00e4k\u00e4rilt\u00e4, ett\u00e4 kaikki on hyvin.<br \/>\n<strong>Lue lis\u00e4\u00e4<\/strong><\/p>\n<ul>\n<li><a title=\"What to do with a cat that's not eating or drinking\" href=\"https:\/\/bozita.com\/fi\/ravinto-ja-ruokavalio\/\" data-udi=\"umb:\/\/document\/fc55131ac5d049159a7c79e6eb8e9d4f\">Kissasi ei juo. Vinkkej\u00e4 siihen mit\u00e4 voit tehd\u00e4.<\/a><\/li>\n<\/ul>\n\t\t\t<\/div>\n\t\t<\/div>\n\t<\/div>\n\n\n\n\t<section class=\"block related-articles\">\n\t\t<div class=\"container\">\n\t\t\t<h2>Aiheeseen liittyvi\u00e4 artikkeleita<\/h2>\n\t\t\t<div class=\"row justify-content-center\">\n\t\t\t\t\t\t\t\t\t\t<div class=\"col-sm-6 col-md-6 col-lg-3\">\n\t\t\t\t\t\t\t\t\t\t\t\t\t\t<div class=\"card \">\n\t\t\t\t\t\t\t\t\t\t\t\t\t\t\t\t\t<img decoding=\"async\"  src=\"https:\/\/bozita.com\/fi\/wp-content\/uploads\/sites\/11\/2021\/08\/bozita-kattens-utveckling-vuxenlivet.jpg\" alt=\"\">\n\t\t\t\t\t\t\t\t\t\t\t\t\t\t\t\t\t<!-- <img decoding=\"async\" src=\"\n\t\t\t\t\t\t\t\t\t\t\t\t\t\t\t\t\t\t\t\t\" alt=\"\n\t\t\t\t\t\t\t\t\t\t\t\t\t\t\t\t\t\t\t\t\t\t\t\t\t\t\t\"> -->\n\t\t\t\t\t\t\t\t<div class=\"card-body\">\n\t\t\t\t\t\t\t\t\t\t\t\t\t\t\t\t\t\t\t<h6>Kissan matka aikuisuuteen<\/h6>\n\t\t\t\t\t\t\t\t\t\t\t\t\t\t\t\t\t\t\t<a href=\"https:\/\/bozita.com\/fi\/kissan-kehitys\/kissan-matka-aikuisuuteen\/\">Lue lis\u00e4\u00e4    &nbsp; ><\/a>\n\t\t\t\t\t\t\t\t<\/div>\n\t\t\t\t\t\t\t<\/div>\n\t\t\t\t\t\t<\/div>\n\n\t\t\t\t\t\t\t\t\t\t\t<div class=\"col-sm-6 col-md-6 col-lg-3\">\n\t\t\t\t\t\t\t\t\t\t\t\t\t\t<div class=\"card \">\n\t\t\t\t\t\t\t\t\t\t\t\t\t\t\t\t\t<img decoding=\"async\"  src=\"https:\/\/bozita.com\/fi\/wp-content\/uploads\/sites\/11\/2021\/08\/bozita-kattens-kroppssprak.jpg\" alt=\"\">\n\t\t\t\t\t\t\t\t\t\t\t\t\t\t\t\t\t<!-- <img decoding=\"async\" src=\"\n\t\t\t\t\t\t\t\t\t\t\t\t\t\t\t\t\t\t\t\t\" alt=\"\n\t\t\t\t\t\t\t\t\t\t\t\t\t\t\t\t\t\t\t\t\t\t\t\t\t\t\t\"> -->\n\t\t\t\t\t\t\t\t<div class=\"card-body\">\n\t\t\t\t\t\t\t\t\t\t\t\t\t\t\t\t\t\t\t<h6>Kissan k\u00e4yt\u00f6s ja kehonkieli<\/h6>\n\t\t\t\t\t\t\t\t\t\t\t\t\t\t\t\t\t\t\t<a href=\"https:\/\/bozita.com\/fi\/kissan-kehitys\/kissan-kaytos-ja-kehonkieli\/\">Lue lis\u00e4\u00e4    &nbsp; ><\/a>\n\t\t\t\t\t\t\t\t<\/div>\n\t\t\t\t\t\t\t<\/div>\n\t\t\t\t\t\t<\/div>\n\n\t\t\t\t\t\t\t\t\t\t\t<div class=\"col-sm-6 col-md-6 col-lg-3\">\n\t\t\t\t\t\t\t\t\t\t\t\t\t\t<div class=\"card \">\n\t\t\t\t\t\t\t\t\t\t\t\t\t\t\t\t\t<img decoding=\"async\"  src=\"https:\/\/bozita.com\/fi\/wp-content\/uploads\/sites\/11\/2025\/03\/bozita_swedish-natural-quality-compass.jpg\" alt=\"\">\n\t\t\t\t\t\t\t\t\t\t\t\t\t\t\t\t\t<!-- <img decoding=\"async\" src=\"\n\t\t\t\t\t\t\t\t\t\t\t\t\t\t\t\t\t\t\t\t\" alt=\"\n\t\t\t\t\t\t\t\t\t\t\t\t\t\t\t\t\t\t\t\t\t\t\t\t\t\t\t\"> -->\n\t\t\t\t\t\t\t\t<div class=\"card-body\">\n\t\t\t\t\t\t\t\t\t\t\t\t\t\t\t\t\t\t\t<h6>Kissan anatomia ja fysiologia<\/h6>\n\t\t\t\t\t\t\t\t\t\t\t\t\t\t\t\t\t\t\t<a href=\"https:\/\/bozita.com\/fi\/kissan-kehitys\/kissan-anatomia-ja-fysiologia\/\">Lue lis\u00e4\u00e4    &nbsp; ><\/a>\n\t\t\t\t\t\t\t\t<\/div>\n\t\t\t\t\t\t\t<\/div>\n\t\t\t\t\t\t<\/div>\n\n\t\t\t\t\t\t\t\t\t\t\t\t<\/div>\n\t\t<\/div>\n\t<\/section>\n","protected":false},"excerpt":{"rendered":"","protected":false},"author":1,"featured_media":11179,"parent":7239,"menu_order":0,"comment_status":"closed","ping_status":"closed","template":"guternberg.php","meta":{"footnotes":""},"acf":[],"yoast_head":"<!-- This site is optimized with the Yoast SEO plugin v21.3 - https:\/\/yoast.com\/wordpress\/plugins\/seo\/ -->\n<title>Kuinka paljon kissa nukkuu? - Bozita Finland<\/title>\n<meta name=\"description\" content=\"Miksi kissat nukkuvat niin paljon ja kuinka paljon kissanpentu todellisuudessa nukkuu? Selvit\u00e4 t\u00e4st\u00e4 mit\u00e4 voit tehd\u00e4 jos kissasi nukkuu ep\u00e4tavallisen paljon.\" \/>\n<meta name=\"robots\" content=\"index, follow, max-snippet:-1, max-image-preview:large, max-video-preview:-1\" \/>\n<link rel=\"canonical\" href=\"https:\/\/bozita.com\/fi\/kissan-kehitys\/kuinka-paljon-kissa-nukkuu\/\" \/>\n<meta property=\"og:locale\" content=\"fi_FI\" \/>\n<meta property=\"og:type\" content=\"article\" \/>\n<meta property=\"og:title\" content=\"Kuinka paljon kissa nukkuu? - Bozita Finland\" \/>\n<meta property=\"og:description\" content=\"Miksi kissat nukkuvat niin paljon ja kuinka paljon kissanpentu todellisuudessa nukkuu? Selvit\u00e4 t\u00e4st\u00e4 mit\u00e4 voit tehd\u00e4 jos kissasi nukkuu ep\u00e4tavallisen paljon.\" \/>\n<meta property=\"og:url\" content=\"https:\/\/bozita.com\/fi\/kissan-kehitys\/kuinka-paljon-kissa-nukkuu\/\" \/>\n<meta property=\"og:site_name\" content=\"Bozita Finland\" \/>\n<meta property=\"article:modified_time\" content=\"2025-03-05T08:56:05+00:00\" \/>\n<meta property=\"og:image\" content=\"https:\/\/bozita.com\/fi\/wp-content\/uploads\/sites\/11\/2025\/03\/bozita_swedish-natural-quality-compass.jpg\" \/>\n\t<meta property=\"og:image:width\" content=\"800\" \/>\n\t<meta property=\"og:image:height\" content=\"533\" \/>\n\t<meta property=\"og:image:type\" content=\"image\/jpeg\" \/>\n<meta name=\"twitter:card\" content=\"summary_large_image\" \/>\n<!-- \/ Yoast SEO plugin. -->","yoast_head_json":{"title":"Kuinka paljon kissa nukkuu? - Bozita Finland","description":"Miksi kissat nukkuvat niin paljon ja kuinka paljon kissanpentu todellisuudessa nukkuu? Selvit\u00e4 t\u00e4st\u00e4 mit\u00e4 voit tehd\u00e4 jos kissasi nukkuu ep\u00e4tavallisen paljon.","robots":{"index":"index","follow":"follow","max-snippet":"max-snippet:-1","max-image-preview":"max-image-preview:large","max-video-preview":"max-video-preview:-1"},"canonical":"https:\/\/bozita.com\/fi\/kissan-kehitys\/kuinka-paljon-kissa-nukkuu\/","og_locale":"fi_FI","og_type":"article","og_title":"Kuinka paljon kissa nukkuu? - Bozita Finland","og_description":"Miksi kissat nukkuvat niin paljon ja kuinka paljon kissanpentu todellisuudessa nukkuu? Selvit\u00e4 t\u00e4st\u00e4 mit\u00e4 voit tehd\u00e4 jos kissasi nukkuu ep\u00e4tavallisen paljon.","og_url":"https:\/\/bozita.com\/fi\/kissan-kehitys\/kuinka-paljon-kissa-nukkuu\/","og_site_name":"Bozita Finland","article_modified_time":"2025-03-05T08:56:05+00:00","og_image":[{"width":800,"height":533,"url":"https:\/\/bozita.com\/fi\/wp-content\/uploads\/sites\/11\/2025\/03\/bozita_swedish-natural-quality-compass.jpg","type":"image\/jpeg"}],"twitter_card":"summary_large_image","schema":{"@context":"https:\/\/schema.org","@graph":[{"@type":"WebPage","@id":"https:\/\/bozita.com\/fi\/kissan-kehitys\/kuinka-paljon-kissa-nukkuu\/","url":"https:\/\/bozita.com\/fi\/kissan-kehitys\/kuinka-paljon-kissa-nukkuu\/","name":"Kuinka paljon kissa nukkuu? - Bozita Finland","isPartOf":{"@id":"https:\/\/bozita.com\/fi\/#website"},"datePublished":"2022-08-31T07:18:30+00:00","dateModified":"2025-03-05T08:56:05+00:00","description":"Miksi kissat nukkuvat niin paljon ja kuinka paljon kissanpentu todellisuudessa nukkuu? Selvit\u00e4 t\u00e4st\u00e4 mit\u00e4 voit tehd\u00e4 jos kissasi nukkuu ep\u00e4tavallisen paljon.","breadcrumb":{"@id":"https:\/\/bozita.com\/fi\/kissan-kehitys\/kuinka-paljon-kissa-nukkuu\/#breadcrumb"},"inLanguage":"fi","potentialAction":[{"@type":"ReadAction","target":["https:\/\/bozita.com\/fi\/kissan-kehitys\/kuinka-paljon-kissa-nukkuu\/"]}]},{"@type":"BreadcrumbList","@id":"https:\/\/bozita.com\/fi\/kissan-kehitys\/kuinka-paljon-kissa-nukkuu\/#breadcrumb","itemListElement":[{"@type":"ListItem","position":1,"name":"Koti","item":"https:\/\/bozita.com\/fi\/"},{"@type":"ListItem","position":2,"name":"Kissan kehitys","item":"https:\/\/bozita.com\/fi\/kissan-kehitys\/"},{"@type":"ListItem","position":3,"name":"Kuinka paljon kissa nukkuu?"}]},{"@type":"WebSite","@id":"https:\/\/bozita.com\/fi\/#website","url":"https:\/\/bozita.com\/fi\/","name":"Bozita Finland","description":"","potentialAction":[{"@type":"SearchAction","target":{"@type":"EntryPoint","urlTemplate":"https:\/\/bozita.com\/fi\/?s={search_term_string}"},"query-input":"required name=search_term_string"}],"inLanguage":"fi"}]}},"_links":{"self":[{"href":"https:\/\/bozita.com\/fi\/wp-json\/wp\/v2\/pages\/6606"}],"collection":[{"href":"https:\/\/bozita.com\/fi\/wp-json\/wp\/v2\/pages"}],"about":[{"href":"https:\/\/bozita.com\/fi\/wp-json\/wp\/v2\/types\/page"}],"author":[{"embeddable":true,"href":"https:\/\/bozita.com\/fi\/wp-json\/wp\/v2\/users\/1"}],"replies":[{"embeddable":true,"href":"https:\/\/bozita.com\/fi\/wp-json\/wp\/v2\/comments?post=6606"}],"version-history":[{"count":14,"href":"https:\/\/bozita.com\/fi\/wp-json\/wp\/v2\/pages\/6606\/revisions"}],"predecessor-version":[{"id":11208,"href":"https:\/\/bozita.com\/fi\/wp-json\/wp\/v2\/pages\/6606\/revisions\/11208"}],"up":[{"embeddable":true,"href":"https:\/\/bozita.com\/fi\/wp-json\/wp\/v2\/pages\/7239"}],"wp:featuredmedia":[{"embeddable":true,"href":"https:\/\/bozita.com\/fi\/wp-json\/wp\/v2\/media\/11179"}],"wp:attachment":[{"href":"https:\/\/bozita.com\/fi\/wp-json\/wp\/v2\/media?parent=6606"}],"curies":[{"name":"wp","href":"https:\/\/api.w.org\/{rel}","templated":true}]}}