{"id":6608,"date":"2022-08-31T07:18:48","date_gmt":"2022-08-31T07:18:48","guid":{"rendered":"https:\/\/bozita.com\/fi\/kolme-yksinkertaista-askelta-lemmikkiesi-toisiinsa-tutustuttamiseksi\/"},"modified":"2025-03-05T08:54:10","modified_gmt":"2025-03-05T08:54:10","slug":"kolme-yksinkertaista-askelta-lemmikkiesi-toisiinsa-tutustuttamiseksi","status":"publish","type":"page","link":"https:\/\/bozita.com\/fi\/kissan-kehitys\/kolme-yksinkertaista-askelta-lemmikkiesi-toisiinsa-tutustuttamiseksi\/","title":{"rendered":"Kolme yksinkertaista askelta lemmikkiesi toisiinsa tutustuttamiseksi"},"content":{"rendered":"\t\t<section class=\"small-hero\">\n\t\t\t<div class=\"container\">\n\t\t\t\t<h1 class=\"small-hero-title\">Kolme yksinkertaista askelta lemmikkiesi toisiinsa tutustuttamiseksi<\/h1>\t\t\t<\/div>\n\t\t\t<\/div>\n\t\t<\/section>\n\t\n\n\t<div class=\"text-box-warp\">\n\t\t<div class=\"container\">\n\t\t\t<div class=\"text-content\">\n\t\t\t\t<p><strong>Koirien ja kissojen toisiinsa totuttaminen sujuu yleens\u00e4 hyvin, mutta vaatii huolellista hallintaa ja k\u00e4rsiv\u00e4llisyytt\u00e4. Ensimm\u00e4isen tapaamisen pit\u00e4\u00e4 perustua turvallisuuteen ja anna molemmille (tai useammille) lemmikeille hyv\u00e4t olosuhteet tulevan suhteensa rakentamiselle. Alla on kolme yksinkertaista askelta seurattavaksi jos sinulle on koira ja suunnittelet kissan hankintaa.<\/strong><\/p>\n<h2>ASKEL 1 &#8211; AUTA KOIRAA JA KISSAA TOTTUMAAN TOISTENSA HAJUUN<\/h2>\n<p>Niin koirat kuin kissat kommunikoivat hajujen avulla, joten on t\u00e4rke\u00e4\u00e4 aloittaa tutustuttamalla el\u00e4imet toistensa tuoksuun. Laita ne eri huoneisiin ja anna kissan haistella koiran peitett\u00e4 tai lelua ja p\u00e4invastoin. T\u00e4m\u00e4 v\u00e4hent\u00e4\u00e4 ensitapaamisen j\u00e4rkytyst\u00e4. Jos toinen el\u00e4imist\u00e4 reagoi esineisiin negatiivisesti, ota rauhallisesti esine pois, laita harjoittelu tauolle ja yrit\u00e4 my\u00f6hemmin uudestaan. \u00c4l\u00e4 pakota asioita. Anna niiden vaihtaa paikkaa toistensa kanssa ja tee t\u00e4m\u00e4 niin usein, ett\u00e4 molemmat reagoivat rauhallisesti toisen hajuun. Jos ne vain nuuskaisevat esinett\u00e4 tai j\u00e4tt\u00e4v\u00e4t sen huomiotta, palkitse ne herkulla ja kehulla.<\/p>\n<h2>ASKEL 2 &#8211; ANNA KISSAN JA KOIRAN TUTUSTUA ET\u00c4\u00c4LT\u00c4<\/h2>\n<p>Kun ensimm\u00e4inen askel on otettu ja el\u00e4imet ovat tottuneet toisen hajuun omalla reviirill\u00e4\u00e4n voi tutustuttaa ne toisilleen kasvotusten. Varmista ett\u00e4 v\u00e4liss\u00e4 on jotain, kuten aita tai vauvan portti. Kun tutustutat koiraa kissalle se on hyv\u00e4 pit\u00e4\u00e4 hihnassa, jotta pystyt hallitsemaan tilannetta jos koira innostuu liikaa tai k\u00e4ytt\u00e4ytyy aggressiivisesti. Palkitse j\u00e4lleen positiivinen tai neutraali reaktio herkulla ja kehumalla ja muista ett\u00e4 useat lyhyet harjoitukset antavat usein paremman lopputuloksen kuin pitk\u00e4t ja harvat. Voi vied\u00e4 aikaa ennen kuin kissa ja koira tuntevat itsens\u00e4 turvalliseksi toisen seurassa. Molempien el\u00e4inten positiivinen kokemus on ensisijaisen t\u00e4rke\u00e4. <\/p>\n<h2>STEP 3 &#8211; ANNA KISSAN JA KOIRAN OLLA SAMASSA HUONEESSA<\/h2>\n<p>Kun el\u00e4imet ovat tutustuneet turvallisen et\u00e4isyyden p\u00e4\u00e4st\u00e4 on aika antaa niiden haistella toisiaan toden teolla. Aloita p\u00e4\u00e4st\u00e4m\u00e4ll\u00e4 ne samaan huoneeseen, mutta pid\u00e4 koira hihnassa. Jos se on pienempi koira tai pentu, se voi tarvita suojelemista kissalta jos kissa k\u00e4ytt\u00e4ytyy aggressiivisesti. J\u00e4t\u00e4 huoneen ovet auki, jotta kissa p\u00e4\u00e4see pakoon jos se alkaa tuntea itsens\u00e4 stressaantuneeksi. Jatka hyv\u00e4n reaktion palkitseminen, jotta kissa ja koira assosioivat toisen el\u00e4imen l\u00e4sn\u00e4olon johonkin positiiviseen. Tutustumisen on hyv\u00e4 tapahtua rauhallisessa ja hiljaisessa ymp\u00e4rist\u00f6ss\u00e4. \u00c4l\u00e4 j\u00e4t\u00e4 el\u00e4imi\u00e4 kesken\u00e4\u00e4n yksin ensitapaamisella. J\u00e4lleen, harjoittelua ja palkitsemista vaaditaan. Vasta kun el\u00e4imet voivat rauhallisesti viett\u00e4\u00e4 pitempi\u00e4 aikoja samassa huoneessa ne ovat valmiit yst\u00e4vystym\u00e4\u00e4n. Toivotamme onnea lemmikkiesi tutustuttamiseen toisilleen.<\/p>\n\t\t\t<\/div>\n\t\t<\/div>\n\t<\/div>\n\n\n\n\t<section class=\"block related-articles\">\n\t\t<div class=\"container\">\n\t\t\t<h2>Aiheeseen liittyvi\u00e4 artikkeleita<\/h2>\n\t\t\t<div class=\"row justify-content-center\">\n\t\t\t\t\t\t\t\t\t\t<div class=\"col-sm-6 col-md-6 col-lg-3\">\n\t\t\t\t\t\t\t\t\t\t\t\t\t\t<div class=\"card \">\n\t\t\t\t\t\t\t\t\t\t\t\t\t\t\t\t\t<img decoding=\"async\"  src=\"https:\/\/bozita.com\/fi\/wp-content\/uploads\/sites\/11\/2021\/08\/bozita-socialisera-kattunge.jpg\" alt=\"\">\n\t\t\t\t\t\t\t\t\t\t\t\t\t\t\t\t\t<!-- <img decoding=\"async\" src=\"\n\t\t\t\t\t\t\t\t\t\t\t\t\t\t\t\t\t\t\t\t\" alt=\"\n\t\t\t\t\t\t\t\t\t\t\t\t\t\t\t\t\t\t\t\t\t\t\t\t\t\t\t\"> -->\n\t\t\t\t\t\t\t\t<div class=\"card-body\">\n\t\t\t\t\t\t\t\t\t\t\t\t\t\t\t\t\t\t\t<h6>Kissanpennut &#8211; kehitys ja sosiaalistaminen<\/h6>\n\t\t\t\t\t\t\t\t\t\t\t\t\t\t\t\t\t\t\t<a href=\"https:\/\/bozita.com\/fi\/kissan-kehitys\/kissanpennut-kehitys-ja-sosiaalistaminen\/\">Lue lis\u00e4\u00e4 &nbsp; ><\/a>\n\t\t\t\t\t\t\t\t<\/div>\n\t\t\t\t\t\t\t<\/div>\n\t\t\t\t\t\t<\/div>\n\n\t\t\t\t\t\t\t\t\t\t\t<div class=\"col-sm-6 col-md-6 col-lg-3\">\n\t\t\t\t\t\t\t\t\t\t\t\t\t\t<div class=\"card \">\n\t\t\t\t\t\t\t\t\t\t\t\t\t\t\t\t\t<img decoding=\"async\"  src=\"https:\/\/bozita.com\/fi\/wp-content\/uploads\/sites\/11\/2025\/03\/bozita_swedish-natural-quality-compass.jpg\" alt=\"\">\n\t\t\t\t\t\t\t\t\t\t\t\t\t\t\t\t\t<!-- <img decoding=\"async\" src=\"\n\t\t\t\t\t\t\t\t\t\t\t\t\t\t\t\t\t\t\t\t\" alt=\"\n\t\t\t\t\t\t\t\t\t\t\t\t\t\t\t\t\t\t\t\t\t\t\t\t\t\t\t\"> -->\n\t\t\t\t\t\t\t\t<div class=\"card-body\">\n\t\t\t\t\t\t\t\t\t\t\t\t\t\t\t\t\t\t\t<h6>Kissan anatomia ja fysiologia<\/h6>\n\t\t\t\t\t\t\t\t\t\t\t\t\t\t\t\t\t\t\t<a href=\"https:\/\/bozita.com\/fi\/kissan-kehitys\/kissan-anatomia-ja-fysiologia\/\">Lue lis\u00e4\u00e4 &nbsp; ><\/a>\n\t\t\t\t\t\t\t\t<\/div>\n\t\t\t\t\t\t\t<\/div>\n\t\t\t\t\t\t<\/div>\n\n\t\t\t\t\t\t\t\t\t\t\t<div class=\"col-sm-6 col-md-6 col-lg-3\">\n\t\t\t\t\t\t\t\t\t\t\t\t\t\t<div class=\"card \">\n\t\t\t\t\t\t\t\t\t\t\t\t\t\t\t\t\t<img decoding=\"async\"  src=\"https:\/\/bozita.com\/fi\/wp-content\/uploads\/sites\/11\/2021\/08\/bozita-kattens-kroppssprak.jpg\" alt=\"\">\n\t\t\t\t\t\t\t\t\t\t\t\t\t\t\t\t\t<!-- <img decoding=\"async\" src=\"\n\t\t\t\t\t\t\t\t\t\t\t\t\t\t\t\t\t\t\t\t\" alt=\"\n\t\t\t\t\t\t\t\t\t\t\t\t\t\t\t\t\t\t\t\t\t\t\t\t\t\t\t\"> -->\n\t\t\t\t\t\t\t\t<div class=\"card-body\">\n\t\t\t\t\t\t\t\t\t\t\t\t\t\t\t\t\t\t\t<h6>Kissan k\u00e4yt\u00f6s ja kehonkieli<\/h6>\n\t\t\t\t\t\t\t\t\t\t\t\t\t\t\t\t\t\t\t<a href=\"https:\/\/bozita.com\/fi\/kissan-kehitys\/kissan-kaytos-ja-kehonkieli\/\">Lue lis\u00e4\u00e4 &nbsp; ><\/a>\n\t\t\t\t\t\t\t\t<\/div>\n\t\t\t\t\t\t\t<\/div>\n\t\t\t\t\t\t<\/div>\n\n\t\t\t\t\t\t\t\t\t\t\t\t<\/div>\n\t\t<\/div>\n\t<\/section>\n","protected":false},"excerpt":{"rendered":"","protected":false},"author":1,"featured_media":6609,"parent":7239,"menu_order":0,"comment_status":"closed","ping_status":"closed","template":"guternberg.php","meta":{"footnotes":""},"acf":[],"yoast_head":"<!-- This site is optimized with the Yoast SEO plugin v21.3 - https:\/\/yoast.com\/wordpress\/plugins\/seo\/ -->\n<title>Kolme yksinkertaista askelta lemmikkiesi toisiinsa tutustuttamiseksi - Bozita Finland<\/title>\n<meta name=\"description\" content=\"Yleens\u00e4 kissan ja koiran yhteiselo sujuu ongelmitta, mutta vaatii v\u00e4h\u00e4n harjoittelua. Bozitan kolmen askeleen opas auttaa sinua onnistumaan.\" \/>\n<meta name=\"robots\" content=\"index, follow, max-snippet:-1, max-image-preview:large, max-video-preview:-1\" \/>\n<link rel=\"canonical\" href=\"https:\/\/bozita.com\/fi\/kissan-kehitys\/kolme-yksinkertaista-askelta-lemmikkiesi-toisiinsa-tutustuttamiseksi\/\" \/>\n<meta property=\"og:locale\" content=\"fi_FI\" \/>\n<meta property=\"og:type\" content=\"article\" \/>\n<meta property=\"og:title\" content=\"Kolme yksinkertaista askelta lemmikkiesi toisiinsa tutustuttamiseksi - Bozita Finland\" \/>\n<meta property=\"og:description\" content=\"Yleens\u00e4 kissan ja koiran yhteiselo sujuu ongelmitta, mutta vaatii v\u00e4h\u00e4n harjoittelua. Bozitan kolmen askeleen opas auttaa sinua onnistumaan.\" \/>\n<meta property=\"og:url\" content=\"https:\/\/bozita.com\/fi\/kissan-kehitys\/kolme-yksinkertaista-askelta-lemmikkiesi-toisiinsa-tutustuttamiseksi\/\" \/>\n<meta property=\"og:site_name\" content=\"Bozita Finland\" \/>\n<meta property=\"article:modified_time\" content=\"2025-03-05T08:54:10+00:00\" \/>\n<meta property=\"og:image\" content=\"https:\/\/bozita.com\/fi\/wp-content\/uploads\/sites\/11\/2021\/08\/bozita-introducera-katt-hund.jpg\" \/>\n\t<meta property=\"og:image:width\" content=\"800\" \/>\n\t<meta property=\"og:image:height\" content=\"533\" \/>\n\t<meta property=\"og:image:type\" content=\"image\/jpeg\" \/>\n<meta name=\"twitter:card\" content=\"summary_large_image\" \/>\n<!-- \/ Yoast SEO plugin. -->","yoast_head_json":{"title":"Kolme yksinkertaista askelta lemmikkiesi toisiinsa tutustuttamiseksi - Bozita Finland","description":"Yleens\u00e4 kissan ja koiran yhteiselo sujuu ongelmitta, mutta vaatii v\u00e4h\u00e4n harjoittelua. Bozitan kolmen askeleen opas auttaa sinua onnistumaan.","robots":{"index":"index","follow":"follow","max-snippet":"max-snippet:-1","max-image-preview":"max-image-preview:large","max-video-preview":"max-video-preview:-1"},"canonical":"https:\/\/bozita.com\/fi\/kissan-kehitys\/kolme-yksinkertaista-askelta-lemmikkiesi-toisiinsa-tutustuttamiseksi\/","og_locale":"fi_FI","og_type":"article","og_title":"Kolme yksinkertaista askelta lemmikkiesi toisiinsa tutustuttamiseksi - Bozita Finland","og_description":"Yleens\u00e4 kissan ja koiran yhteiselo sujuu ongelmitta, mutta vaatii v\u00e4h\u00e4n harjoittelua. Bozitan kolmen askeleen opas auttaa sinua onnistumaan.","og_url":"https:\/\/bozita.com\/fi\/kissan-kehitys\/kolme-yksinkertaista-askelta-lemmikkiesi-toisiinsa-tutustuttamiseksi\/","og_site_name":"Bozita Finland","article_modified_time":"2025-03-05T08:54:10+00:00","og_image":[{"width":800,"height":533,"url":"https:\/\/bozita.com\/fi\/wp-content\/uploads\/sites\/11\/2021\/08\/bozita-introducera-katt-hund.jpg","type":"image\/jpeg"}],"twitter_card":"summary_large_image","schema":{"@context":"https:\/\/schema.org","@graph":[{"@type":"WebPage","@id":"https:\/\/bozita.com\/fi\/kissan-kehitys\/kolme-yksinkertaista-askelta-lemmikkiesi-toisiinsa-tutustuttamiseksi\/","url":"https:\/\/bozita.com\/fi\/kissan-kehitys\/kolme-yksinkertaista-askelta-lemmikkiesi-toisiinsa-tutustuttamiseksi\/","name":"Kolme yksinkertaista askelta lemmikkiesi toisiinsa tutustuttamiseksi - Bozita Finland","isPartOf":{"@id":"https:\/\/bozita.com\/fi\/#website"},"datePublished":"2022-08-31T07:18:48+00:00","dateModified":"2025-03-05T08:54:10+00:00","description":"Yleens\u00e4 kissan ja koiran yhteiselo sujuu ongelmitta, mutta vaatii v\u00e4h\u00e4n harjoittelua. Bozitan kolmen askeleen opas auttaa sinua onnistumaan.","breadcrumb":{"@id":"https:\/\/bozita.com\/fi\/kissan-kehitys\/kolme-yksinkertaista-askelta-lemmikkiesi-toisiinsa-tutustuttamiseksi\/#breadcrumb"},"inLanguage":"fi","potentialAction":[{"@type":"ReadAction","target":["https:\/\/bozita.com\/fi\/kissan-kehitys\/kolme-yksinkertaista-askelta-lemmikkiesi-toisiinsa-tutustuttamiseksi\/"]}]},{"@type":"BreadcrumbList","@id":"https:\/\/bozita.com\/fi\/kissan-kehitys\/kolme-yksinkertaista-askelta-lemmikkiesi-toisiinsa-tutustuttamiseksi\/#breadcrumb","itemListElement":[{"@type":"ListItem","position":1,"name":"Koti","item":"https:\/\/bozita.com\/fi\/"},{"@type":"ListItem","position":2,"name":"Kissan kehitys","item":"https:\/\/bozita.com\/fi\/kissan-kehitys\/"},{"@type":"ListItem","position":3,"name":"Kolme yksinkertaista askelta lemmikkiesi toisiinsa tutustuttamiseksi"}]},{"@type":"WebSite","@id":"https:\/\/bozita.com\/fi\/#website","url":"https:\/\/bozita.com\/fi\/","name":"Bozita Finland","description":"","potentialAction":[{"@type":"SearchAction","target":{"@type":"EntryPoint","urlTemplate":"https:\/\/bozita.com\/fi\/?s={search_term_string}"},"query-input":"required name=search_term_string"}],"inLanguage":"fi"}]}},"_links":{"self":[{"href":"https:\/\/bozita.com\/fi\/wp-json\/wp\/v2\/pages\/6608"}],"collection":[{"href":"https:\/\/bozita.com\/fi\/wp-json\/wp\/v2\/pages"}],"about":[{"href":"https:\/\/bozita.com\/fi\/wp-json\/wp\/v2\/types\/page"}],"author":[{"embeddable":true,"href":"https:\/\/bozita.com\/fi\/wp-json\/wp\/v2\/users\/1"}],"replies":[{"embeddable":true,"href":"https:\/\/bozita.com\/fi\/wp-json\/wp\/v2\/comments?post=6608"}],"version-history":[{"count":7,"href":"https:\/\/bozita.com\/fi\/wp-json\/wp\/v2\/pages\/6608\/revisions"}],"predecessor-version":[{"id":11219,"href":"https:\/\/bozita.com\/fi\/wp-json\/wp\/v2\/pages\/6608\/revisions\/11219"}],"up":[{"embeddable":true,"href":"https:\/\/bozita.com\/fi\/wp-json\/wp\/v2\/pages\/7239"}],"wp:featuredmedia":[{"embeddable":true,"href":"https:\/\/bozita.com\/fi\/wp-json\/wp\/v2\/media\/6609"}],"wp:attachment":[{"href":"https:\/\/bozita.com\/fi\/wp-json\/wp\/v2\/media?parent=6608"}],"curies":[{"name":"wp","href":"https:\/\/api.w.org\/{rel}","templated":true}]}}