{"id":6613,"date":"2022-08-31T07:19:28","date_gmt":"2022-08-31T07:19:28","guid":{"rendered":"https:\/\/bozita.com\/fi\/kissasi-toiseen-kissaan-tutustuttaminen\/"},"modified":"2025-03-05T08:53:46","modified_gmt":"2025-03-05T08:53:46","slug":"kissasi-toiseen-kissaan-tutustuttaminen","status":"publish","type":"page","link":"https:\/\/bozita.com\/fi\/kissan-kehitys\/kissasi-toiseen-kissaan-tutustuttaminen\/","title":{"rendered":"Kissasi tutustuttaminen toiseen kissaan"},"content":{"rendered":"\t\t<section class=\"small-hero\">\n\t\t\t<div class=\"container\">\n\t\t\t\t<h1 class=\"small-hero-title\">Kissasi tutustuttaminen toiseen kissaan<\/h1>\t\t\t<\/div>\n\t\t\t<\/div>\n\t\t<\/section>\n\t\n\n\t<div class=\"text-box-warp\">\n\t\t<div class=\"container\">\n\t\t\t<div class=\"text-content\">\n\t\t\t\t<p><strong>Bozitan oma kissa-asiantuntija Elin Hirsch on kissojen k\u00e4ytt\u00e4ytymiseen erikoistunut etiologian tohtori. Haluatko toisen kissan? T\u00e4m\u00e4 artikkeli antaa sinulle hyvi\u00e4 neuvoja onnistumiseen uuden kissan tutustuttamisessa.<\/strong><\/p>\n<p>Vaikka kissalla ja ihmisell\u00e4 on l\u00e4hes 10,000 vuotta yhteist\u00e4 historiaa kissa on pohjimmiltaan reviiritietoinen yksinel\u00e4j\u00e4. Kissat voivat ehdottomasti luoda tiiviit\u00e4 suhteita toisiin kissoihin, mutta niiden toisiinsa totuttaminen vaatii suunnittelua ja k\u00e4rsiv\u00e4llisyytt\u00e4. T\u00e4m\u00e4 pit\u00e4\u00e4 paikkansa sek\u00e4 aikuisen kissan, ett\u00e4 kissanpennun toisen kissan kotiin tuomisessa.<\/p>\n<h2>ESITTELE UUSI KISSA V\u00c4HITELLEN<\/h2>\n<p>Kissojen v\u00e4listen suhteiden perusta luodaan ensitapaamisella. Auta kissoja luomalla hyv\u00e4t olosuhteet. Kun tutustutat ne toisiinsa asteittain autat niit\u00e4 luomaan turvallisen suhteen. Asteittaisen tutustumisen kautta kissat luovat ja yll\u00e4pit\u00e4v\u00e4t laumoja luonnossa. Kissoista riippuen tutustumisessa voi menn\u00e4 p\u00e4ivist\u00e4 kuukausiin. Harmoonisen suhteen perustana on s\u00e4\u00e4nt\u00f6 &#8221;hidas on nopeaa ja nopea hidasta&#8221;.<\/p>\n<h2>UUDEN KISSAN ESITTELY<\/h2>\n<h5>ASKEL 1 \u2013 OMA TILA<\/h5>\n<p>Kun suunnittelet uuden kissan kotiin tuomista varmista, ett\u00e4 sill\u00e4 on oma tilansa. T\u00e4m\u00e4 on t\u00e4rke\u00e4\u00e4 siit\u00e4 syyst\u00e4, ett\u00e4 kissan pit\u00e4\u00e4 tottua uuteen ymp\u00e4rist\u00f6\u00f6n. T\u00e4m\u00e4 on aina kissoille hankalaa. Omassa tilassa pit\u00e4\u00e4 olla:<\/p>\n<ul>\n<li>kissanhiekka-astia<\/li>\n<li>pehme\u00e4 paikka nukkumiselle<\/li>\n<li>piilopaikka<\/li>\n<li>vesikulho ja ruokakuppi<\/li>\n<\/ul>\n<p>Kissat tuntevat olonsa turvalliseksi oman hajunsa ymp\u00e4r\u00f6imin\u00e4. T\u00e4st\u00e4 syyst\u00e4 huoneessa pit\u00e4isi olla jotakin, jossa on kissan oma haju, kuten tuttu peitto tai pyyhe. Kun uusi kissa on tottunut huoneeseensa tutustuttaminen voi alkaa. <\/p>\n<h5>ASKEL 2 \u2013 OTA HAJUT TALTEEN JA SEKOITA NIIT\u00c4<\/h5>\n<p>Kissat kommunikoivat p\u00e4\u00e4asiassa hajujen avulla. Ota alkuper\u00e4isen ja uuden kissan hajuja esimerkiksi pyyhkeeseen. Helpoin tapa hajujen ker\u00e4\u00e4miselle on laittaa pyyhe siihen, miss\u00e4 kissa yleens\u00e4 istuu. Esittele sitten toisen kissan haju vaihtamalla pyyhkeiden paikkoja. Laita pyyhe kissan ruokailupaikan l\u00e4helle, t\u00e4m\u00e4 auttaa positiivisen assosiaation luomiselle uuden kissan hajuun. Palkitse kissa esimerkiksi herkulla jos ne reagoivat rauhallisesti toisen kissan hajuun. Mik\u00e4li kissa v\u00e4lttelee toisen kissan pyyhett\u00e4, siirr\u00e4 se kauemmas ruokailupaikasta ja tuo sit\u00e4 taas pikkuhiljaa l\u00e4hemm\u00e4s. Kissalaumat luovat &#8221;ryhm\u00e4hajun&#8221; hieromalla itse\u00e4\u00e4n toisia vasten. Sekoita kissojen hajuja pit\u00e4m\u00e4ll\u00e4 niiden pyyhkeit\u00e4 yhdess\u00e4 ja asettamalla sitten pyyhkeen kummankin kissan viereen. Auta kissoja n\u00e4in sekoittamaan hajuja kunnes ne alkavat koskea toisiinsa.<\/p>\n<h5>ASKEL 3 \u2013 TUTUSTUTA UUSI KISSA KOTIISI<\/h5>\n<p>Anna kissan tutkia paikkoja omassa tahdissaan. Pid\u00e4 jo kotonasi asuva kissa\/kissat erill\u00e4\u00e4n tilanteesta. T\u00e4m\u00e4 on t\u00e4rke\u00e4 askel, sill\u00e4 kissan on saatava tutustua uuteen kotiinsa ilman ylim\u00e4\u00e4r\u00e4ist\u00e4 stressi\u00e4.<\/p>\n<h5>ASKEL 4 \u2013 KASVOTUSTEN<\/h5>\n<p>Aloita rajoitettu kasvotusten tutustuminen siten, ett\u00e4 kissat n\u00e4kev\u00e4t toisensa mutta eiv\u00e4t voi fyysisesti vahingoittaa toista. K\u00e4yt\u00e4 esimerkiksi vauvan porttia tai rakoa oven v\u00e4liss\u00e4. Ruoki kissoja ja leiki niiden kanssa portin l\u00e4hell\u00e4, jotta ne assosioivat toisen kissan johonkin positiiviseen. Kun kissat reagoivat rauhallisesti on niiden aika tutustua toisiinsa. Alkuun kissojen on hyv\u00e4 olla yhdess\u00e4 valvotusti. Kilpailun ja konfliktien v\u00e4ltt\u00e4miseksi on suositeltavaa, ettei kissojen tarvitse jakaa henkil\u00f6kohtaisia esineit\u00e4 kuten kissanhiekkalaatikkoa, ruokakuppia, vesikulhoa tai nukkumisaluetta. Jokaisella kissalla pit\u00e4\u00e4 olla oma ruokakuppinsa, sill\u00e4 ruokkiminen voi muuten olla hankalaa. Toivotamme onnea kissojen toisiinsa tutustuttamiselle. Kissan tai kissanpennun tuominen kotiin, jossa jo on kissa vaatii k\u00e4rsiv\u00e4llisyytt\u00e4. Mutta jos tutustuttaminen tehd\u00e4\u00e4n kunnolla kissasi voivat oppia el\u00e4m\u00e4\u00e4n yhdess\u00e4 ja nauttimaan toistensa seurasta. <\/p>\n\t\t\t<\/div>\n\t\t<\/div>\n\t<\/div>\n\n\n\n\t<section class=\"block related-articles\">\n\t\t<div class=\"container\">\n\t\t\t<h2>Aiheeseen liittyvi\u00e4 artikkeleita<\/h2>\n\t\t\t<div class=\"row justify-content-center\">\n\t\t\t\t\t\t\t\t\t\t<div class=\"col-sm-6 col-md-6 col-lg-3\">\n\t\t\t\t\t\t\t\t\t\t\t\t\t\t<div class=\"card \">\n\t\t\t\t\t\t\t\t\t\t\t\t\t\t\t\t\t<img decoding=\"async\"  src=\"https:\/\/bozita.com\/fi\/wp-content\/uploads\/sites\/11\/2021\/08\/bozita-kattens-historia-domesticering.jpg\" alt=\"\">\n\t\t\t\t\t\t\t\t\t\t\t\t\t\t\t\t\t<!-- <img decoding=\"async\" src=\"\n\t\t\t\t\t\t\t\t\t\t\t\t\t\t\t\t\t\t\t\t\" alt=\"\n\t\t\t\t\t\t\t\t\t\t\t\t\t\t\t\t\t\t\t\t\t\t\t\t\t\t\t\"> -->\n\t\t\t\t\t\t\t\t<div class=\"card-body\">\n\t\t\t\t\t\t\t\t\t\t\t\t\t\t\t\t\t\t\t<h6>Kissojen historiaa<\/h6>\n\t\t\t\t\t\t\t\t\t\t\t\t\t\t\t\t\t\t\t<a href=\"https:\/\/bozita.com\/fi\/kissan-kehitys\/kissojen-historiaa\/\">Lue lis\u00e4\u00e4 &nbsp; ><\/a>\n\t\t\t\t\t\t\t\t<\/div>\n\t\t\t\t\t\t\t<\/div>\n\t\t\t\t\t\t<\/div>\n\n\t\t\t\t\t\t\t\t\t\t\t<div class=\"col-sm-6 col-md-6 col-lg-3\">\n\t\t\t\t\t\t\t\t\t\t\t\t\t\t<div class=\"card \">\n\t\t\t\t\t\t\t\t\t\t\t\t\t\t\t\t\t<img decoding=\"async\"  src=\"https:\/\/bozita.com\/fi\/wp-content\/uploads\/sites\/11\/2021\/08\/bozita-introducera-katt-till-nytt-hem.jpg\" alt=\"\">\n\t\t\t\t\t\t\t\t\t\t\t\t\t\t\t\t\t<!-- <img decoding=\"async\" src=\"\n\t\t\t\t\t\t\t\t\t\t\t\t\t\t\t\t\t\t\t\t\" alt=\"\n\t\t\t\t\t\t\t\t\t\t\t\t\t\t\t\t\t\t\t\t\t\t\t\t\t\t\t\"> -->\n\t\t\t\t\t\t\t\t<div class=\"card-body\">\n\t\t\t\t\t\t\t\t\t\t\t\t\t\t\t\t\t\t\t<h6>Kissan totuttaminen uuteen kotiin<\/h6>\n\t\t\t\t\t\t\t\t\t\t\t\t\t\t\t\t\t\t\t<a href=\"https:\/\/bozita.com\/fi\/kissan-hankinta\/kissan-totuttaminen-uuteen-kotiin\/\">Lue lis\u00e4\u00e4 &nbsp; ><\/a>\n\t\t\t\t\t\t\t\t<\/div>\n\t\t\t\t\t\t\t<\/div>\n\t\t\t\t\t\t<\/div>\n\n\t\t\t\t\t\t\t\t\t\t\t<div class=\"col-sm-6 col-md-6 col-lg-3\">\n\t\t\t\t\t\t\t\t\t\t\t\t\t\t<div class=\"card \">\n\t\t\t\t\t\t\t\t\t\t\t\t\t\t\t\t\t<img decoding=\"async\"  src=\"https:\/\/bozita.com\/fi\/wp-content\/uploads\/sites\/11\/2021\/08\/bozita-kattens-kroppssprak.jpg\" alt=\"\">\n\t\t\t\t\t\t\t\t\t\t\t\t\t\t\t\t\t<!-- <img decoding=\"async\" src=\"\n\t\t\t\t\t\t\t\t\t\t\t\t\t\t\t\t\t\t\t\t\" alt=\"\n\t\t\t\t\t\t\t\t\t\t\t\t\t\t\t\t\t\t\t\t\t\t\t\t\t\t\t\"> -->\n\t\t\t\t\t\t\t\t<div class=\"card-body\">\n\t\t\t\t\t\t\t\t\t\t\t\t\t\t\t\t\t\t\t<h6>Kissan k\u00e4yt\u00f6s ja kehonkieli<\/h6>\n\t\t\t\t\t\t\t\t\t\t\t\t\t\t\t\t\t\t\t<a href=\"https:\/\/bozita.com\/fi\/kissan-kehitys\/kissan-kaytos-ja-kehonkieli\/\">Lue lis\u00e4\u00e4 &nbsp; ><\/a>\n\t\t\t\t\t\t\t\t<\/div>\n\t\t\t\t\t\t\t<\/div>\n\t\t\t\t\t\t<\/div>\n\n\t\t\t\t\t\t\t\t\t\t\t\t<\/div>\n\t\t<\/div>\n\t<\/section>\n","protected":false},"excerpt":{"rendered":"","protected":false},"author":1,"featured_media":6614,"parent":7239,"menu_order":0,"comment_status":"closed","ping_status":"closed","template":"guternberg.php","meta":{"footnotes":""},"acf":[],"yoast_head":"<!-- This site is optimized with the Yoast SEO plugin v21.3 - https:\/\/yoast.com\/wordpress\/plugins\/seo\/ -->\n<title>Kissasi tutustuttaminen toiseen kissaan - Bozita Finland<\/title>\n<meta name=\"description\" content=\"Vinkkej\u00e4 ja neuvoja kissanomistajalle, joka suunnittelee toisen kissan tai kissanpennun hankkimista. N\u00e4in ne oppivat el\u00e4m\u00e4\u00e4n yhdess\u00e4.\" \/>\n<meta name=\"robots\" content=\"index, follow, max-snippet:-1, max-image-preview:large, max-video-preview:-1\" \/>\n<link rel=\"canonical\" href=\"https:\/\/bozita.com\/fi\/kissan-kehitys\/kissasi-toiseen-kissaan-tutustuttaminen\/\" \/>\n<meta property=\"og:locale\" content=\"fi_FI\" \/>\n<meta property=\"og:type\" content=\"article\" \/>\n<meta property=\"og:title\" content=\"Kissasi tutustuttaminen toiseen kissaan - Bozita Finland\" \/>\n<meta property=\"og:description\" content=\"Vinkkej\u00e4 ja neuvoja kissanomistajalle, joka suunnittelee toisen kissan tai kissanpennun hankkimista. N\u00e4in ne oppivat el\u00e4m\u00e4\u00e4n yhdess\u00e4.\" \/>\n<meta property=\"og:url\" content=\"https:\/\/bozita.com\/fi\/kissan-kehitys\/kissasi-toiseen-kissaan-tutustuttaminen\/\" \/>\n<meta property=\"og:site_name\" content=\"Bozita Finland\" \/>\n<meta property=\"article:modified_time\" content=\"2025-03-05T08:53:46+00:00\" \/>\n<meta property=\"og:image\" content=\"https:\/\/bozita.com\/fi\/wp-content\/uploads\/sites\/11\/2021\/08\/bozita-introducera-katter-for-varandra-elin-hirsch.jpg\" \/>\n\t<meta property=\"og:image:width\" content=\"800\" \/>\n\t<meta property=\"og:image:height\" content=\"533\" \/>\n\t<meta property=\"og:image:type\" content=\"image\/jpeg\" \/>\n<meta name=\"twitter:card\" content=\"summary_large_image\" \/>\n<!-- \/ Yoast SEO plugin. -->","yoast_head_json":{"title":"Kissasi tutustuttaminen toiseen kissaan - Bozita Finland","description":"Vinkkej\u00e4 ja neuvoja kissanomistajalle, joka suunnittelee toisen kissan tai kissanpennun hankkimista. N\u00e4in ne oppivat el\u00e4m\u00e4\u00e4n yhdess\u00e4.","robots":{"index":"index","follow":"follow","max-snippet":"max-snippet:-1","max-image-preview":"max-image-preview:large","max-video-preview":"max-video-preview:-1"},"canonical":"https:\/\/bozita.com\/fi\/kissan-kehitys\/kissasi-toiseen-kissaan-tutustuttaminen\/","og_locale":"fi_FI","og_type":"article","og_title":"Kissasi tutustuttaminen toiseen kissaan - Bozita Finland","og_description":"Vinkkej\u00e4 ja neuvoja kissanomistajalle, joka suunnittelee toisen kissan tai kissanpennun hankkimista. N\u00e4in ne oppivat el\u00e4m\u00e4\u00e4n yhdess\u00e4.","og_url":"https:\/\/bozita.com\/fi\/kissan-kehitys\/kissasi-toiseen-kissaan-tutustuttaminen\/","og_site_name":"Bozita Finland","article_modified_time":"2025-03-05T08:53:46+00:00","og_image":[{"width":800,"height":533,"url":"https:\/\/bozita.com\/fi\/wp-content\/uploads\/sites\/11\/2021\/08\/bozita-introducera-katter-for-varandra-elin-hirsch.jpg","type":"image\/jpeg"}],"twitter_card":"summary_large_image","schema":{"@context":"https:\/\/schema.org","@graph":[{"@type":"WebPage","@id":"https:\/\/bozita.com\/fi\/kissan-kehitys\/kissasi-toiseen-kissaan-tutustuttaminen\/","url":"https:\/\/bozita.com\/fi\/kissan-kehitys\/kissasi-toiseen-kissaan-tutustuttaminen\/","name":"Kissasi tutustuttaminen toiseen kissaan - Bozita Finland","isPartOf":{"@id":"https:\/\/bozita.com\/fi\/#website"},"datePublished":"2022-08-31T07:19:28+00:00","dateModified":"2025-03-05T08:53:46+00:00","description":"Vinkkej\u00e4 ja neuvoja kissanomistajalle, joka suunnittelee toisen kissan tai kissanpennun hankkimista. N\u00e4in ne oppivat el\u00e4m\u00e4\u00e4n yhdess\u00e4.","breadcrumb":{"@id":"https:\/\/bozita.com\/fi\/kissan-kehitys\/kissasi-toiseen-kissaan-tutustuttaminen\/#breadcrumb"},"inLanguage":"fi","potentialAction":[{"@type":"ReadAction","target":["https:\/\/bozita.com\/fi\/kissan-kehitys\/kissasi-toiseen-kissaan-tutustuttaminen\/"]}]},{"@type":"BreadcrumbList","@id":"https:\/\/bozita.com\/fi\/kissan-kehitys\/kissasi-toiseen-kissaan-tutustuttaminen\/#breadcrumb","itemListElement":[{"@type":"ListItem","position":1,"name":"Koti","item":"https:\/\/bozita.com\/fi\/"},{"@type":"ListItem","position":2,"name":"Kissan kehitys","item":"https:\/\/bozita.com\/fi\/kissan-kehitys\/"},{"@type":"ListItem","position":3,"name":"Kissasi tutustuttaminen toiseen kissaan"}]},{"@type":"WebSite","@id":"https:\/\/bozita.com\/fi\/#website","url":"https:\/\/bozita.com\/fi\/","name":"Bozita Finland","description":"","potentialAction":[{"@type":"SearchAction","target":{"@type":"EntryPoint","urlTemplate":"https:\/\/bozita.com\/fi\/?s={search_term_string}"},"query-input":"required name=search_term_string"}],"inLanguage":"fi"}]}},"_links":{"self":[{"href":"https:\/\/bozita.com\/fi\/wp-json\/wp\/v2\/pages\/6613"}],"collection":[{"href":"https:\/\/bozita.com\/fi\/wp-json\/wp\/v2\/pages"}],"about":[{"href":"https:\/\/bozita.com\/fi\/wp-json\/wp\/v2\/types\/page"}],"author":[{"embeddable":true,"href":"https:\/\/bozita.com\/fi\/wp-json\/wp\/v2\/users\/1"}],"replies":[{"embeddable":true,"href":"https:\/\/bozita.com\/fi\/wp-json\/wp\/v2\/comments?post=6613"}],"version-history":[{"count":6,"href":"https:\/\/bozita.com\/fi\/wp-json\/wp\/v2\/pages\/6613\/revisions"}],"predecessor-version":[{"id":11218,"href":"https:\/\/bozita.com\/fi\/wp-json\/wp\/v2\/pages\/6613\/revisions\/11218"}],"up":[{"embeddable":true,"href":"https:\/\/bozita.com\/fi\/wp-json\/wp\/v2\/pages\/7239"}],"wp:featuredmedia":[{"embeddable":true,"href":"https:\/\/bozita.com\/fi\/wp-json\/wp\/v2\/media\/6614"}],"wp:attachment":[{"href":"https:\/\/bozita.com\/fi\/wp-json\/wp\/v2\/media?parent=6613"}],"curies":[{"name":"wp","href":"https:\/\/api.w.org\/{rel}","templated":true}]}}