{"id":6619,"date":"2022-08-31T07:20:10","date_gmt":"2022-08-31T07:20:10","guid":{"rendered":"https:\/\/bozita.com\/fi\/kissalle-vaaralliset-joulukoristeet\/"},"modified":"2025-03-05T09:02:46","modified_gmt":"2025-03-05T09:02:46","slug":"kissalle-vaaralliset-joulukoristeet","status":"publish","type":"page","link":"https:\/\/bozita.com\/fi\/pida-kissasi-terveena\/kissalle-vaaralliset-joulukoristeet\/","title":{"rendered":"Kissalle vaaralliset joulukoristeet"},"content":{"rendered":"\t\t<section class=\"small-hero\">\n\t\t\t<div class=\"container\">\n\t\t\t\t<h1 class=\"small-hero-title\">Kissalle vaaralliset joulukoristeet<\/h1>\t\t\t<\/div>\n\t\t\t<\/div>\n\t\t<\/section>\n\t\n\n\t<div class=\"text-box-warp\">\n\t\t<div class=\"container\">\n\t\t\t<div class=\"text-content\">\n\t\t\t\t<p>Joulu on koristeineen ja kynttil\u00f6ineen leppoisaa aikaa, mutta saattaa my\u00f6s sis\u00e4lt\u00e4\u00e4 kissallesi vaaroja.T\u00e4ss\u00e4 on lista yleisimmist\u00e4 joulun riskeist\u00e4 sek\u00e4 ehdotuksia niiden v\u00e4ltt\u00e4miseksi, jotta voit viett\u00e4\u00e4 ihanaa ja onnettomuusvapaata joulunaikaa kissasi kanssa.<\/p>\n<h2>NARU<\/h2>\n<ul>\n<li><strong>Riski<\/strong> \u2013 Kissat voivat niell\u00e4 narua. T\u00e4m\u00e4 voi aiheuttaa ruoansulatuskanavan vammoja.<\/li>\n<li><strong>Esimerkki<\/strong> \u2013\u00a0Lahjanarut, tinseli, kimmelnauha<\/li>\n<li><strong>Ratkaisu<\/strong> \u2013\u00a0Pid\u00e4 kissaa silm\u00e4ll\u00e4 kun paketoit tai avaat lahjoja. Pid\u00e4 lahjat ja lahjanaru kissan ulottumattomissa. V\u00e4lt\u00e4 kimmelnauhaa joulukuusessa tai sijoita se kissan ulottumattomiin<\/li>\n<\/ul>\n<h2>JOHDOT<\/h2>\n<ul>\n<li><strong>Riski<\/strong> \u2013 Kissasi voi purra s\u00e4hk\u00f6johtoja ja saada s\u00e4hk\u00f6iskun.<\/li>\n<li><strong>Esimerkki<\/strong> \u2013\u00a0Jouluvalot<\/li>\n<li><strong>Ratkaisu<\/strong> \u2013 Piilota s\u00e4hk\u00f6johdot mahdollisimman hyvin esimerkiksi huonekalujen ja mattojen avulla. Suihkuta johdoille kitker\u00e4nmakuista suihketta.<\/li>\n<\/ul>\n<h2>KASVIT<\/h2>\n<ul>\n<li><strong>Riski<\/strong> \u2013 Myrkytys jos kasvia on pureskeltu tai nielty. Liljat voivat my\u00f6s aiheuttaa myrkytyksen siitep\u00f6lyn kautta. Myrkytyksen oireet ovat l\u00e4hinn\u00e4 oksentelu, ripuli ja uneliaisuus. <\/li>\n<li><strong>Esimerkki<\/strong> \u2013\u00a0Amaryllis, hyasintti, jouluruusu, joulut\u00e4hti, liljat, misteli, rhodedendron, tulppaanit, pasuuna<\/li>\n<li><strong>Ratkaisu<\/strong> \u2013V\u00e4lt\u00e4 myrkyllisi\u00e4 kasveja tai laita ne kissasi ulottumattomiin. \u00c4l\u00e4 koskaan pid\u00e4 liljoja kotonasi.<\/li>\n<\/ul>\n<h2>KYNTTLIL\u00c4T<\/h2>\n<ul>\n<li><strong>Riski<\/strong> \u2013 Kissan turkki tai tuntokarvat voivat sytty\u00e4 tuleen, mik\u00e4 saattaa aiheuttaa vakavia palovammoja. My\u00f6s tulen levitt\u00e4minen on riski.<\/li>\n<li><strong>Esimerkki<\/strong> \u2013\u00a0Kaikki kynttil\u00e4t<\/li>\n<li><strong>Ratkaisu<\/strong> \u2013 K\u00e4yt\u00e4 lyhtyj\u00e4 tai laita kynttil\u00e4t kissan ulottumattomiin. Pid\u00e4 aina silm\u00e4ll\u00e4 palavia kynttil\u00f6it\u00e4. <\/li>\n<\/ul>\n\t\t\t<\/div>\n\t\t<\/div>\n\t<\/div>\n\n\n\n\t<section class=\"block related-articles\">\n\t\t<div class=\"container\">\n\t\t\t<h2>Aiheeseen liittyvi\u00e4 artikkeleita<\/h2>\n\t\t\t<div class=\"row justify-content-center\">\n\t\t\t\t\t\t\t\t\t\t<div class=\"col-sm-6 col-md-6 col-lg-3\">\n\t\t\t\t\t\t\t\t\t\t\t\t\t\t<div class=\"card \">\n\t\t\t\t\t\t\t\t\t\t\t\t\t\t\t\t\t<img decoding=\"async\"  src=\"https:\/\/bozita.com\/fi\/wp-content\/uploads\/sites\/11\/2021\/08\/bozita-kattens-historia-domesticering.jpg\" alt=\"\">\n\t\t\t\t\t\t\t\t\t\t\t\t\t\t\t\t\t<!-- <img decoding=\"async\" src=\"\n\t\t\t\t\t\t\t\t\t\t\t\t\t\t\t\t\t\t\t\t\" alt=\"\n\t\t\t\t\t\t\t\t\t\t\t\t\t\t\t\t\t\t\t\t\t\t\t\t\t\t\t\"> -->\n\t\t\t\t\t\t\t\t<div class=\"card-body\">\n\t\t\t\t\t\t\t\t\t\t\t\t\t\t\t\t\t\t\t<h6>Kissojen historiaa<\/h6>\n\t\t\t\t\t\t\t\t\t\t\t\t\t\t\t\t\t\t\t<a href=\"https:\/\/bozita.com\/fi\/kissan-kehitys\/kissojen-historiaa\/\">Lue lis\u00e4\u00e4 &nbsp; ><\/a>\n\t\t\t\t\t\t\t\t<\/div>\n\t\t\t\t\t\t\t<\/div>\n\t\t\t\t\t\t<\/div>\n\n\t\t\t\t\t\t\t\t\t\t\t<div class=\"col-sm-6 col-md-6 col-lg-3\">\n\t\t\t\t\t\t\t\t\t\t\t\t\t\t<div class=\"card \">\n\t\t\t\t\t\t\t\t\t\t\t\t\t\t\t\t\t<img decoding=\"async\"  src=\"https:\/\/bozita.com\/fi\/wp-content\/uploads\/sites\/11\/2021\/08\/bozita-introducera-katt-till-nytt-hem.jpg\" alt=\"\">\n\t\t\t\t\t\t\t\t\t\t\t\t\t\t\t\t\t<!-- <img decoding=\"async\" src=\"\n\t\t\t\t\t\t\t\t\t\t\t\t\t\t\t\t\t\t\t\t\" alt=\"\n\t\t\t\t\t\t\t\t\t\t\t\t\t\t\t\t\t\t\t\t\t\t\t\t\t\t\t\"> -->\n\t\t\t\t\t\t\t\t<div class=\"card-body\">\n\t\t\t\t\t\t\t\t\t\t\t\t\t\t\t\t\t\t\t<h6>Kissan totuttaminen uuteen kotiin<\/h6>\n\t\t\t\t\t\t\t\t\t\t\t\t\t\t\t\t\t\t\t<a href=\"https:\/\/bozita.com\/fi\/kissan-hankinta\/kissan-totuttaminen-uuteen-kotiin\/\">Lue lis\u00e4\u00e4 &nbsp; ><\/a>\n\t\t\t\t\t\t\t\t<\/div>\n\t\t\t\t\t\t\t<\/div>\n\t\t\t\t\t\t<\/div>\n\n\t\t\t\t\t\t\t\t\t\t\t<div class=\"col-sm-6 col-md-6 col-lg-3\">\n\t\t\t\t\t\t\t\t\t\t\t\t\t\t<div class=\"card \">\n\t\t\t\t\t\t\t\t\t\t\t\t\t\t\t\t\t<img decoding=\"async\"  src=\"https:\/\/bozita.com\/fi\/wp-content\/uploads\/sites\/11\/2021\/08\/bozita-katt-ater-inte-dricker-inte-krasen-dalig-aptit.jpg\" alt=\"\">\n\t\t\t\t\t\t\t\t\t\t\t\t\t\t\t\t\t<!-- <img decoding=\"async\" src=\"\n\t\t\t\t\t\t\t\t\t\t\t\t\t\t\t\t\t\t\t\t\" alt=\"\n\t\t\t\t\t\t\t\t\t\t\t\t\t\t\t\t\t\t\t\t\t\t\t\t\t\t\t\"> -->\n\t\t\t\t\t\t\t\t<div class=\"card-body\">\n\t\t\t\t\t\t\t\t\t\t\t\t\t\t\t\t\t\t\t<h6>Mit\u00e4 teen kun kissani ei sy\u00f6 tai juo?<\/h6>\n\t\t\t\t\t\t\t\t\t\t\t\t\t\t\t\t\t\t\t<a href=\"https:\/\/bozita.com\/fi\/ravinto-ja-ruokavalio\/mita-teen-kun-kissani-ei-syo-tai-juo\/\">Lue lis\u00e4\u00e4 &nbsp; ><\/a>\n\t\t\t\t\t\t\t\t<\/div>\n\t\t\t\t\t\t\t<\/div>\n\t\t\t\t\t\t<\/div>\n\n\t\t\t\t\t\t\t\t\t\t\t\t<\/div>\n\t\t<\/div>\n\t<\/section>\n","protected":false},"excerpt":{"rendered":"","protected":false},"author":1,"featured_media":11179,"parent":6537,"menu_order":0,"comment_status":"closed","ping_status":"closed","template":"guternberg.php","meta":{"footnotes":""},"acf":[],"yoast_head":"<!-- This site is optimized with the Yoast SEO plugin v21.3 - https:\/\/yoast.com\/wordpress\/plugins\/seo\/ -->\n<title>Kissalle vaaralliset joulukoristeet - Bozita Finland<\/title>\n<meta name=\"description\" content=\"Nauhat, glitteri, kynttil\u00e4t, narut ja monet joulukukat voivat olla vaarallisia kissalle. T\u00e4st\u00e4 saat neuvoja vinkkej\u00e4 kuinka pid\u00e4t kotisi kissalle turvallisena joulun aikana.\" \/>\n<meta name=\"robots\" content=\"index, follow, max-snippet:-1, max-image-preview:large, max-video-preview:-1\" \/>\n<link rel=\"canonical\" href=\"https:\/\/bozita.com\/fi\/pida-kissasi-terveena\/kissalle-vaaralliset-joulukoristeet\/\" \/>\n<meta property=\"og:locale\" content=\"fi_FI\" \/>\n<meta property=\"og:type\" content=\"article\" \/>\n<meta property=\"og:title\" content=\"Kissalle vaaralliset joulukoristeet - Bozita Finland\" \/>\n<meta property=\"og:description\" content=\"Nauhat, glitteri, kynttil\u00e4t, narut ja monet joulukukat voivat olla vaarallisia kissalle. T\u00e4st\u00e4 saat neuvoja vinkkej\u00e4 kuinka pid\u00e4t kotisi kissalle turvallisena joulun aikana.\" \/>\n<meta property=\"og:url\" content=\"https:\/\/bozita.com\/fi\/pida-kissasi-terveena\/kissalle-vaaralliset-joulukoristeet\/\" \/>\n<meta property=\"og:site_name\" content=\"Bozita Finland\" \/>\n<meta property=\"article:modified_time\" content=\"2025-03-05T09:02:46+00:00\" \/>\n<meta property=\"og:image\" content=\"https:\/\/bozita.com\/fi\/wp-content\/uploads\/sites\/11\/2025\/03\/bozita_swedish-natural-quality-compass.jpg\" \/>\n\t<meta property=\"og:image:width\" content=\"800\" \/>\n\t<meta property=\"og:image:height\" content=\"533\" \/>\n\t<meta property=\"og:image:type\" content=\"image\/jpeg\" \/>\n<meta name=\"twitter:card\" content=\"summary_large_image\" \/>\n<!-- \/ Yoast SEO plugin. -->","yoast_head_json":{"title":"Kissalle vaaralliset joulukoristeet - Bozita Finland","description":"Nauhat, glitteri, kynttil\u00e4t, narut ja monet joulukukat voivat olla vaarallisia kissalle. T\u00e4st\u00e4 saat neuvoja vinkkej\u00e4 kuinka pid\u00e4t kotisi kissalle turvallisena joulun aikana.","robots":{"index":"index","follow":"follow","max-snippet":"max-snippet:-1","max-image-preview":"max-image-preview:large","max-video-preview":"max-video-preview:-1"},"canonical":"https:\/\/bozita.com\/fi\/pida-kissasi-terveena\/kissalle-vaaralliset-joulukoristeet\/","og_locale":"fi_FI","og_type":"article","og_title":"Kissalle vaaralliset joulukoristeet - Bozita Finland","og_description":"Nauhat, glitteri, kynttil\u00e4t, narut ja monet joulukukat voivat olla vaarallisia kissalle. T\u00e4st\u00e4 saat neuvoja vinkkej\u00e4 kuinka pid\u00e4t kotisi kissalle turvallisena joulun aikana.","og_url":"https:\/\/bozita.com\/fi\/pida-kissasi-terveena\/kissalle-vaaralliset-joulukoristeet\/","og_site_name":"Bozita Finland","article_modified_time":"2025-03-05T09:02:46+00:00","og_image":[{"width":800,"height":533,"url":"https:\/\/bozita.com\/fi\/wp-content\/uploads\/sites\/11\/2025\/03\/bozita_swedish-natural-quality-compass.jpg","type":"image\/jpeg"}],"twitter_card":"summary_large_image","schema":{"@context":"https:\/\/schema.org","@graph":[{"@type":"WebPage","@id":"https:\/\/bozita.com\/fi\/pida-kissasi-terveena\/kissalle-vaaralliset-joulukoristeet\/","url":"https:\/\/bozita.com\/fi\/pida-kissasi-terveena\/kissalle-vaaralliset-joulukoristeet\/","name":"Kissalle vaaralliset joulukoristeet - Bozita Finland","isPartOf":{"@id":"https:\/\/bozita.com\/fi\/#website"},"datePublished":"2022-08-31T07:20:10+00:00","dateModified":"2025-03-05T09:02:46+00:00","description":"Nauhat, glitteri, kynttil\u00e4t, narut ja monet joulukukat voivat olla vaarallisia kissalle. T\u00e4st\u00e4 saat neuvoja vinkkej\u00e4 kuinka pid\u00e4t kotisi kissalle turvallisena joulun aikana.","breadcrumb":{"@id":"https:\/\/bozita.com\/fi\/pida-kissasi-terveena\/kissalle-vaaralliset-joulukoristeet\/#breadcrumb"},"inLanguage":"fi","potentialAction":[{"@type":"ReadAction","target":["https:\/\/bozita.com\/fi\/pida-kissasi-terveena\/kissalle-vaaralliset-joulukoristeet\/"]}]},{"@type":"BreadcrumbList","@id":"https:\/\/bozita.com\/fi\/pida-kissasi-terveena\/kissalle-vaaralliset-joulukoristeet\/#breadcrumb","itemListElement":[{"@type":"ListItem","position":1,"name":"Koti","item":"https:\/\/bozita.com\/fi\/"},{"@type":"ListItem","position":2,"name":"Pid\u00e4 kissasi terveen\u00e4","item":"https:\/\/bozita.com\/fi\/pida-kissasi-terveena\/"},{"@type":"ListItem","position":3,"name":"Kissalle vaaralliset joulukoristeet"}]},{"@type":"WebSite","@id":"https:\/\/bozita.com\/fi\/#website","url":"https:\/\/bozita.com\/fi\/","name":"Bozita Finland","description":"","potentialAction":[{"@type":"SearchAction","target":{"@type":"EntryPoint","urlTemplate":"https:\/\/bozita.com\/fi\/?s={search_term_string}"},"query-input":"required name=search_term_string"}],"inLanguage":"fi"}]}},"_links":{"self":[{"href":"https:\/\/bozita.com\/fi\/wp-json\/wp\/v2\/pages\/6619"}],"collection":[{"href":"https:\/\/bozita.com\/fi\/wp-json\/wp\/v2\/pages"}],"about":[{"href":"https:\/\/bozita.com\/fi\/wp-json\/wp\/v2\/types\/page"}],"author":[{"embeddable":true,"href":"https:\/\/bozita.com\/fi\/wp-json\/wp\/v2\/users\/1"}],"replies":[{"embeddable":true,"href":"https:\/\/bozita.com\/fi\/wp-json\/wp\/v2\/comments?post=6619"}],"version-history":[{"count":4,"href":"https:\/\/bozita.com\/fi\/wp-json\/wp\/v2\/pages\/6619\/revisions"}],"predecessor-version":[{"id":11180,"href":"https:\/\/bozita.com\/fi\/wp-json\/wp\/v2\/pages\/6619\/revisions\/11180"}],"up":[{"embeddable":true,"href":"https:\/\/bozita.com\/fi\/wp-json\/wp\/v2\/pages\/6537"}],"wp:featuredmedia":[{"embeddable":true,"href":"https:\/\/bozita.com\/fi\/wp-json\/wp\/v2\/media\/11179"}],"wp:attachment":[{"href":"https:\/\/bozita.com\/fi\/wp-json\/wp\/v2\/media?parent=6619"}],"curies":[{"name":"wp","href":"https:\/\/api.w.org\/{rel}","templated":true}]}}