{"id":6621,"date":"2022-08-31T07:20:23","date_gmt":"2022-08-31T07:20:23","guid":{"rendered":"https:\/\/bozita.com\/fi\/onko-kissan-tai-kissanpennun-kouluttaminen-mahdollista\/"},"modified":"2025-03-05T08:55:05","modified_gmt":"2025-03-05T08:55:05","slug":"onko-kissan-tai-kissanpennun-kouluttaminen-mahdollista","status":"publish","type":"page","link":"https:\/\/bozita.com\/fi\/kissan-kehitys\/onko-kissan-tai-kissanpennun-kouluttaminen-mahdollista\/","title":{"rendered":"Onko kissan tai kissanpennun kouluttaminen mahdollista?"},"content":{"rendered":"\t\t<section class=\"small-hero\">\n\t\t\t<div class=\"container\">\n\t\t\t\t<h1 class=\"small-hero-title\">Onko kissan tai kissanpennun kouluttaminen mahdollista?<\/h1>\t\t\t<\/div>\n\t\t\t<\/div>\n\t\t<\/section>\n\t\n\n\t<div class=\"text-box-warp\">\n\t\t<div class=\"container\">\n\t\t\t<div class=\"text-content\">\n\t\t\t\t<p><strong>Onko el\u00e4inl\u00e4\u00e4k\u00e4rik\u00e4ynnin aika? Monelle kissalle ja kissanomistajalle t\u00e4m\u00e4 tarkoittaa stressaavaa tilannetta, sill\u00e4 kissat pit\u00e4v\u00e4t rutiineista ja tuntevat olonsa turvallisimmaksi tutussa ym\u00e4rist\u00f6ss\u00e4. <\/strong><\/p>\n<p><strong>Matkustamisen tai el\u00e4inl\u00e4\u00e4k\u00e4rill\u00e4 k\u00e4ymisen ei tarvitse aiheuttaa pelkoa. T\u00e4st\u00e4 saat apua kissasi kouluttamiseen vieraisiin tilanteisiin tottumiseen. N\u00e4in v\u00e4henn\u00e4t uusien tilanteiden aiheuttamien negatiivisen reaktioiden riski\u00e4.<\/strong><\/p>\n<h2>KOULUTA KISSAASI PALKITSEMALLA<\/h2>\n<p>Lemmikinomistajina toivomme kissojemme selvi\u00e4v\u00e4n monesta jokap\u00e4iv\u00e4isest\u00e4 asiasta, jotka eiv\u00e4t ole niille luonnollisia. Esimerkkein\u00e4 n\u00e4ist\u00e4 k\u00e4ynnit el\u00e4inl\u00e4\u00e4k\u00e4rill\u00e4 tai huoltotoimet, kuten kynsien leikkuu ja turkin harjaaminen. Lemmikinomistajana voit kouluttaa kissasi tottumaan n\u00e4ihin tilanteisiin opettamalla niit\u00e4. Kissat vastaavat hyvin palkitsemisperusteiseen koulutukseen. T\u00e4m\u00e4nkaltaisella koulutuksella tuet positiivisia reaktioita palkitsemalla, jotta n\u00e4ist\u00e4 reaktioista muodostuu tapa negatiivisten reaktioiden sijasta. T\u00e4t\u00e4 kutsutaan positiiviseksi vahvistamiseksi. Palkinnon muoto riippuu yksil\u00f6st\u00e4, se voi olla esimerkiksi herkku, harjaus tai silitt\u00e4mist\u00e4. Olennaista on, ett\u00e4 kissa pit\u00e4\u00e4 sit\u00e4 mukavana ja palkitsevana.  <\/p>\n<h2>KOULUTA KISSAA JA KISSANPENTUA ASTEITTAIN<\/h2>\n<p>Yksi positiivisen vahvistamisen keino on edet\u00e4 k\u00e4yt\u00f6ksen muuttamisessa asteittain t\u00e4ydellisen muutoksen sijaan. Opituista osista muodostuu sitten toivottu k\u00e4ytt\u00e4ytymismalli. Voit k\u00e4ytt\u00e4\u00e4 t\u00e4t\u00e4 metodia kun kissa on uuden tilanteen edess\u00e4, esimerkiksi hampaiden harjaamisen, kynsien leikkaamisen tai uudessa kuljetuslaatikossa matkustamisen. Kuljetuslaatikko on stressaava kokemus ja kannattaa yritt\u00e4\u00e4 luoda h\u00e4kist\u00e4 positiivinen mielikuva tutustumalla ja palkitsemalla ennen k\u00e4ytt\u00f6\u00e4. <\/p>\n<h2>MIT\u00c4 KISSAN KOULUTUKSESSA PIT\u00c4\u00c4 OTTAA HUOMIOON<\/h2>\n<p>T\u00e4ss\u00e4 on esimerkki siit\u00e4, miten totutat kissanpennun stressitt\u00f6m\u00e4\u00e4n kuljetuslaatikossa matkustamiseen. Vastaava metodia, miss\u00e4 toivottu k\u00e4yt\u00f6s jaetaan pienempiin osiin voi k\u00e4ytt\u00e4\u00e4 kaikissa koulutustilanteissa hihnassa kulkemisesta kynsien leikkaamiseen. Esimerkiss\u00e4mme palkintona k\u00e4ytet\u00e4\u00e4n herkkuja, mutta ne voi korvata silityksill\u00e4 tai leikill\u00e4 riippuen siit\u00e4 mist\u00e4 kissasi pit\u00e4\u00e4. Jos kissanpentu osoittaa stressaantumisen merkkej\u00e4 on kouluts lopetettava ja aloitettava uudestaan my\u00f6hemmin varhaisemmasta vaiheesta.  <\/p>\n<ol>\n<li><strong>Kouluta kissasi tottumaan kuljetuslaatikkoon.<\/strong> Luo positiivinen mielleyhtym\u00e4 kuljetuslaatikkoon j\u00e4tt\u00e4m\u00e4ll\u00e4 se kotona esiin (ilman ovea) ja antamalla kissanpennulle herkkuja, ensin laatikon l\u00e4hell\u00e4 ja sitten laatikossa.<\/li>\n<li><strong>Kouluta kissasi tottumaan kuljetuslaatikkoon.<\/strong>Kun kissanpentu on tottunut olemaan laatikossa ja menee siihen vapaaehtoisesti voit laittaa oven kiinni. Aloita vain sulkemalla ovi, palkitsemalla pentu ja avaamalla ovi. Lis\u00e4\u00e4 oven kiinnioloaikaa v\u00e4hitellen, esimerkiksi 3 sekuntia, palkitse kissanpentu ja avaa ovi uudestaan. Pidenn\u00e4 aikoja v\u00e4hitellen riippuen kissanpennun reaktioista.<\/li>\n<li><strong>Kouluta kissasi tottumaan liikkuvaan kuljetuslaatikkoon.<\/strong> Kun kissa tuntee olonsa mukavaksi laatikossa pitemm\u00e4n ajan (noin kolme minuuttia) voit alkaa nostella laatikkoa ja sitten palkita kissanpennun. T\u00e4m\u00e4n j\u00e4lkeen voit kantaa laatikkoa lyhyit\u00e4 matkoja, ensin kotisi sis\u00e4ll\u00e4 ja sitten esimerkiksi autolle ja takaisin. Jatka kissan palkitsemista.<\/li>\n<li><strong>Totuta kissasi kuljetuslaatikkoon.<\/strong>Kun kissanpentu selvi\u00e4\u00e4 t\u00e4st\u00e4 ongelmitta, pysyy rauhallisena ja vastaanottaa palkintonsa voit jatkaa k\u00e4ynnist\u00e4m\u00e4ll\u00e4 auton ja ajamalla kissan kanssa lyhyit\u00e4 et\u00e4isyyksi\u00e4. Jatka kissan palkitsemista. On my\u00f6s hyv\u00e4 liitt\u00e4\u00e4 ensimm\u00e4iseen matkaan positiivinen muisto, esimerkiksi jaloittelu ja kissan lempiruoan sy\u00f6minen matkan p\u00e4\u00e4tteeksi. <\/li>\n<li><strong>Yll\u00e4pid\u00e4 positiivista mielikuvaa kuljetuslaatikosta.<\/strong> Pid\u00e4 kuljetuslaatikko (ilman ovea) kissan tavoitettavissa kotona, joten kissanpentu jatkaa sen havainnoimista. Jatka kissan palkitsemista laatikossa ajoittain.<\/li>\n<\/ol>\n<h2>KOULUTA KISSAASI POSITIIVISILLA KOKEMUKSILLA<\/h2>\n<p>Kissan on parempi kokea uusi tilanne vaiheittain, sen sijaan ett\u00e4 yrit\u00e4t kouluttaa sen tilanteen tullessa kokonaisuudessaan eteen ensimm\u00e4ist\u00e4 kertaa. Ensimm\u00e4isen el\u00e4inl\u00e4\u00e4k\u00e4rik\u00e4ynnin on parempi olla mukava kuin tutkimus tai rokotus. Monet el\u00e4inl\u00e4\u00e4k\u00e4riasemat tarjoavat kissoille tutustumisk\u00e4ynti\u00e4, jotta osa el\u00e4inl\u00e4\u00e4k\u00e4ripelosta haihtuu. Kissalle j\u00e4\u00e4 n\u00e4in ensimm\u00e4isest\u00e4 k\u00e4ynnist\u00e4 hyv\u00e4 mielikuva, mik\u00e4 tekee tulevista k\u00e4ynneist\u00e4 helpompia.<\/p>\n<h2>KUN KISSAT KOULUTTAVAT MEIT\u00c4<\/h2>\n<p>Me emme vain kouluta kissoja, ne my\u00f6s kouluttavat meit\u00e4. Kissat oppivat hyvin nopeasti yhdist\u00e4m\u00e4\u00e4n tietyn k\u00e4yt\u00f6smallin toivottuun lopputulokseen, eli palkintoon. T\u00e4m\u00e4 voi olla y\u00f6llisen maukumisen p\u00e4\u00e4ttyminen ruoka-annokseen (palkinto) tai oven raapimisen johtavan oven avautumiseen (palkinto). Siksi on hyv\u00e4 mietti\u00e4 miten erilaiseen k\u00e4yt\u00f6kseen reagoit ja mit\u00e4 palkitset. Jos olet jo ehtinyt palkita kissasi ep\u00e4toivotusta k\u00e4yt\u00f6ksest\u00e4 on helpompi korvata k\u00e4yt\u00f6smalli jollakin kuin opettaa siit\u00e4 pois. Jos esimerkiksi kissa raapii ovea halutessaan ulos ja t\u00e4m\u00e4 on ep\u00e4toivottua on helpompi opettaa kissalle joku toinen tapa ilmaista halunsa p\u00e4\u00e4st\u00e4 ulos kuin j\u00e4tt\u00e4\u00e4 se huomioimatta ja toivoa sen lopettavan raapimisen itse.<\/p>\n<p><strong>Artikkelin kirjoittaja:<\/strong> Elin Hirsch, Bozitan oma kissa-asiantuntija, kissojen k\u00e4ytt\u00e4ytymiseen erikoistunut etiologian tohtori.<\/p>\n\t\t\t<\/div>\n\t\t<\/div>\n\t<\/div>\n\n\n\n\t<section class=\"block related-articles\">\n\t\t<div class=\"container\">\n\t\t\t<h2>Aiheeseen liittyvi\u00e4 artikkeleita<\/h2>\n\t\t\t<div class=\"row justify-content-center\">\n\t\t\t\t\t\t\t\t\t\t<div class=\"col-sm-6 col-md-6 col-lg-3\">\n\t\t\t\t\t\t\t\t\t\t\t\t\t\t<div class=\"card \">\n\t\t\t\t\t\t\t\t\t\t\t\t\t\t\t\t\t<img decoding=\"async\"  src=\"https:\/\/bozita.com\/fi\/wp-content\/uploads\/sites\/11\/2021\/08\/bozita-socialisera-kattunge.jpg\" alt=\"\">\n\t\t\t\t\t\t\t\t\t\t\t\t\t\t\t\t\t<!-- <img decoding=\"async\" src=\"\n\t\t\t\t\t\t\t\t\t\t\t\t\t\t\t\t\t\t\t\t\" alt=\"\n\t\t\t\t\t\t\t\t\t\t\t\t\t\t\t\t\t\t\t\t\t\t\t\t\t\t\t\"> -->\n\t\t\t\t\t\t\t\t<div class=\"card-body\">\n\t\t\t\t\t\t\t\t\t\t\t\t\t\t\t\t\t\t\t<h6>Kissanpennut &#8211; kehitys ja sosiaalistaminen<\/h6>\n\t\t\t\t\t\t\t\t\t\t\t\t\t\t\t\t\t\t\t<a href=\"https:\/\/bozita.com\/fi\/kissan-kehitys\/kissanpennut-kehitys-ja-sosiaalistaminen\/\">Lue lis\u00e4\u00e4 &nbsp; ><\/a>\n\t\t\t\t\t\t\t\t<\/div>\n\t\t\t\t\t\t\t<\/div>\n\t\t\t\t\t\t<\/div>\n\n\t\t\t\t\t\t\t\t\t\t\t<div class=\"col-sm-6 col-md-6 col-lg-3\">\n\t\t\t\t\t\t\t\t\t\t\t\t\t\t<div class=\"card \">\n\t\t\t\t\t\t\t\t\t\t\t\t\t\t\t\t\t<img decoding=\"async\"  src=\"https:\/\/bozita.com\/fi\/wp-content\/uploads\/sites\/11\/2021\/08\/bozita-introducera-katter-for-varandra-elin-hirsch.jpg\" alt=\"\">\n\t\t\t\t\t\t\t\t\t\t\t\t\t\t\t\t\t<!-- <img decoding=\"async\" src=\"\n\t\t\t\t\t\t\t\t\t\t\t\t\t\t\t\t\t\t\t\t\" alt=\"\n\t\t\t\t\t\t\t\t\t\t\t\t\t\t\t\t\t\t\t\t\t\t\t\t\t\t\t\"> -->\n\t\t\t\t\t\t\t\t<div class=\"card-body\">\n\t\t\t\t\t\t\t\t\t\t\t\t\t\t\t\t\t\t\t<h6>Kissasi tutustuttaminen toiseen kissaan<\/h6>\n\t\t\t\t\t\t\t\t\t\t\t\t\t\t\t\t\t\t\t<a href=\"https:\/\/bozita.com\/fi\/kissan-kehitys\/kissasi-toiseen-kissaan-tutustuttaminen\/\">Lue lis\u00e4\u00e4 &nbsp; ><\/a>\n\t\t\t\t\t\t\t\t<\/div>\n\t\t\t\t\t\t\t<\/div>\n\t\t\t\t\t\t<\/div>\n\n\t\t\t\t\t\t\t\t\t\t\t<div class=\"col-sm-6 col-md-6 col-lg-3\">\n\t\t\t\t\t\t\t\t\t\t\t\t\t\t<div class=\"card \">\n\t\t\t\t\t\t\t\t\t\t\t\t\t\t\t\t\t<img decoding=\"async\"  src=\"https:\/\/bozita.com\/fi\/wp-content\/uploads\/sites\/11\/2021\/08\/bozita-introducera-katt-hund.jpg\" alt=\"\">\n\t\t\t\t\t\t\t\t\t\t\t\t\t\t\t\t\t<!-- <img decoding=\"async\" src=\"\n\t\t\t\t\t\t\t\t\t\t\t\t\t\t\t\t\t\t\t\t\" alt=\"\n\t\t\t\t\t\t\t\t\t\t\t\t\t\t\t\t\t\t\t\t\t\t\t\t\t\t\t\"> -->\n\t\t\t\t\t\t\t\t<div class=\"card-body\">\n\t\t\t\t\t\t\t\t\t\t\t\t\t\t\t\t\t\t\t<h6>Kolme yksinkertaista askelta lemmikkiesi toisiinsa tutustuttamiseksi<\/h6>\n\t\t\t\t\t\t\t\t\t\t\t\t\t\t\t\t\t\t\t<a href=\"https:\/\/bozita.com\/fi\/kissan-kehitys\/kolme-yksinkertaista-askelta-lemmikkiesi-toisiinsa-tutustuttamiseksi\/\">Lue lis\u00e4\u00e4 &nbsp; ><\/a>\n\t\t\t\t\t\t\t\t<\/div>\n\t\t\t\t\t\t\t<\/div>\n\t\t\t\t\t\t<\/div>\n\n\t\t\t\t\t\t\t\t\t\t\t\t<\/div>\n\t\t<\/div>\n\t<\/section>\n","protected":false},"excerpt":{"rendered":"","protected":false},"author":1,"featured_media":6622,"parent":7239,"menu_order":0,"comment_status":"closed","ping_status":"closed","template":"guternberg.php","meta":{"footnotes":""},"acf":[],"yoast_head":"<!-- This site is optimized with the Yoast SEO plugin v21.3 - https:\/\/yoast.com\/wordpress\/plugins\/seo\/ -->\n<title>Onko kissan tai kissanpennun kouluttaminen mahdollista? - Bozita Finland<\/title>\n<meta name=\"description\" content=\"Kissaa voi kouluttaa. Kissat vastaavat palkitsemisperusteiseen koulutukseen hyvin. Voit esimerkiksi opettaa kissasi tottumaan kuljetuslaatikkoon. Toimi n\u00e4in.\" \/>\n<meta name=\"robots\" content=\"index, follow, max-snippet:-1, max-image-preview:large, max-video-preview:-1\" \/>\n<link rel=\"canonical\" href=\"https:\/\/bozita.com\/fi\/kissan-kehitys\/onko-kissan-tai-kissanpennun-kouluttaminen-mahdollista\/\" \/>\n<meta property=\"og:locale\" content=\"fi_FI\" \/>\n<meta property=\"og:type\" content=\"article\" \/>\n<meta property=\"og:title\" content=\"Onko kissan tai kissanpennun kouluttaminen mahdollista? - Bozita Finland\" \/>\n<meta property=\"og:description\" content=\"Kissaa voi kouluttaa. Kissat vastaavat palkitsemisperusteiseen koulutukseen hyvin. Voit esimerkiksi opettaa kissasi tottumaan kuljetuslaatikkoon. Toimi n\u00e4in.\" \/>\n<meta property=\"og:url\" content=\"https:\/\/bozita.com\/fi\/kissan-kehitys\/onko-kissan-tai-kissanpennun-kouluttaminen-mahdollista\/\" \/>\n<meta property=\"og:site_name\" content=\"Bozita Finland\" \/>\n<meta property=\"article:modified_time\" content=\"2025-03-05T08:55:05+00:00\" \/>\n<meta property=\"og:image\" content=\"https:\/\/bozita.com\/fi\/wp-content\/uploads\/sites\/11\/2021\/08\/bozita-trana-katt-kattunge.jpg\" \/>\n\t<meta property=\"og:image:width\" content=\"800\" \/>\n\t<meta property=\"og:image:height\" content=\"534\" \/>\n\t<meta property=\"og:image:type\" content=\"image\/jpeg\" \/>\n<meta name=\"twitter:card\" content=\"summary_large_image\" \/>\n<!-- \/ Yoast SEO plugin. -->","yoast_head_json":{"title":"Onko kissan tai kissanpennun kouluttaminen mahdollista? - Bozita Finland","description":"Kissaa voi kouluttaa. Kissat vastaavat palkitsemisperusteiseen koulutukseen hyvin. Voit esimerkiksi opettaa kissasi tottumaan kuljetuslaatikkoon. Toimi n\u00e4in.","robots":{"index":"index","follow":"follow","max-snippet":"max-snippet:-1","max-image-preview":"max-image-preview:large","max-video-preview":"max-video-preview:-1"},"canonical":"https:\/\/bozita.com\/fi\/kissan-kehitys\/onko-kissan-tai-kissanpennun-kouluttaminen-mahdollista\/","og_locale":"fi_FI","og_type":"article","og_title":"Onko kissan tai kissanpennun kouluttaminen mahdollista? - Bozita Finland","og_description":"Kissaa voi kouluttaa. Kissat vastaavat palkitsemisperusteiseen koulutukseen hyvin. Voit esimerkiksi opettaa kissasi tottumaan kuljetuslaatikkoon. Toimi n\u00e4in.","og_url":"https:\/\/bozita.com\/fi\/kissan-kehitys\/onko-kissan-tai-kissanpennun-kouluttaminen-mahdollista\/","og_site_name":"Bozita Finland","article_modified_time":"2025-03-05T08:55:05+00:00","og_image":[{"width":800,"height":534,"url":"https:\/\/bozita.com\/fi\/wp-content\/uploads\/sites\/11\/2021\/08\/bozita-trana-katt-kattunge.jpg","type":"image\/jpeg"}],"twitter_card":"summary_large_image","schema":{"@context":"https:\/\/schema.org","@graph":[{"@type":"WebPage","@id":"https:\/\/bozita.com\/fi\/kissan-kehitys\/onko-kissan-tai-kissanpennun-kouluttaminen-mahdollista\/","url":"https:\/\/bozita.com\/fi\/kissan-kehitys\/onko-kissan-tai-kissanpennun-kouluttaminen-mahdollista\/","name":"Onko kissan tai kissanpennun kouluttaminen mahdollista? - Bozita Finland","isPartOf":{"@id":"https:\/\/bozita.com\/fi\/#website"},"datePublished":"2022-08-31T07:20:23+00:00","dateModified":"2025-03-05T08:55:05+00:00","description":"Kissaa voi kouluttaa. Kissat vastaavat palkitsemisperusteiseen koulutukseen hyvin. Voit esimerkiksi opettaa kissasi tottumaan kuljetuslaatikkoon. Toimi n\u00e4in.","breadcrumb":{"@id":"https:\/\/bozita.com\/fi\/kissan-kehitys\/onko-kissan-tai-kissanpennun-kouluttaminen-mahdollista\/#breadcrumb"},"inLanguage":"fi","potentialAction":[{"@type":"ReadAction","target":["https:\/\/bozita.com\/fi\/kissan-kehitys\/onko-kissan-tai-kissanpennun-kouluttaminen-mahdollista\/"]}]},{"@type":"BreadcrumbList","@id":"https:\/\/bozita.com\/fi\/kissan-kehitys\/onko-kissan-tai-kissanpennun-kouluttaminen-mahdollista\/#breadcrumb","itemListElement":[{"@type":"ListItem","position":1,"name":"Koti","item":"https:\/\/bozita.com\/fi\/"},{"@type":"ListItem","position":2,"name":"Kissan kehitys","item":"https:\/\/bozita.com\/fi\/kissan-kehitys\/"},{"@type":"ListItem","position":3,"name":"Onko kissan tai kissanpennun kouluttaminen mahdollista?"}]},{"@type":"WebSite","@id":"https:\/\/bozita.com\/fi\/#website","url":"https:\/\/bozita.com\/fi\/","name":"Bozita Finland","description":"","potentialAction":[{"@type":"SearchAction","target":{"@type":"EntryPoint","urlTemplate":"https:\/\/bozita.com\/fi\/?s={search_term_string}"},"query-input":"required name=search_term_string"}],"inLanguage":"fi"}]}},"_links":{"self":[{"href":"https:\/\/bozita.com\/fi\/wp-json\/wp\/v2\/pages\/6621"}],"collection":[{"href":"https:\/\/bozita.com\/fi\/wp-json\/wp\/v2\/pages"}],"about":[{"href":"https:\/\/bozita.com\/fi\/wp-json\/wp\/v2\/types\/page"}],"author":[{"embeddable":true,"href":"https:\/\/bozita.com\/fi\/wp-json\/wp\/v2\/users\/1"}],"replies":[{"embeddable":true,"href":"https:\/\/bozita.com\/fi\/wp-json\/wp\/v2\/comments?post=6621"}],"version-history":[{"count":4,"href":"https:\/\/bozita.com\/fi\/wp-json\/wp\/v2\/pages\/6621\/revisions"}],"predecessor-version":[{"id":11220,"href":"https:\/\/bozita.com\/fi\/wp-json\/wp\/v2\/pages\/6621\/revisions\/11220"}],"up":[{"embeddable":true,"href":"https:\/\/bozita.com\/fi\/wp-json\/wp\/v2\/pages\/7239"}],"wp:featuredmedia":[{"embeddable":true,"href":"https:\/\/bozita.com\/fi\/wp-json\/wp\/v2\/media\/6622"}],"wp:attachment":[{"href":"https:\/\/bozita.com\/fi\/wp-json\/wp\/v2\/media?parent=6621"}],"curies":[{"name":"wp","href":"https:\/\/api.w.org\/{rel}","templated":true}]}}