{"id":6626,"date":"2022-08-31T07:20:40","date_gmt":"2022-08-31T07:20:40","guid":{"rendered":"https:\/\/bozita.com\/fi\/mita-teen-kun-kissani-ei-syo-tai-juo\/"},"modified":"2025-03-05T11:23:40","modified_gmt":"2025-03-05T11:23:40","slug":"mita-teen-kun-kissani-ei-syo-tai-juo","status":"publish","type":"page","link":"https:\/\/bozita.com\/fi\/ravinto-ja-ruokavalio\/mita-teen-kun-kissani-ei-syo-tai-juo\/","title":{"rendered":"Mit\u00e4 teen kun kissani ei sy\u00f6 tai juo?"},"content":{"rendered":"\t\t<section class=\"small-hero\">\n\t\t\t<div class=\"container\">\n\t\t\t\t<h1 class=\"small-hero-title\">Mit\u00e4 teen kun kissani ei sy\u00f6 tai juo?<\/h1>\t\t\t<\/div>\n\t\t\t<\/div>\n\t\t<\/section>\n\t\n\n\t<div class=\"text-box-warp\">\n\t\t<div class=\"container\">\n\t\t\t<div class=\"text-content\">\n\t\t\t\t<p>Jos sinulla on kissa tai kissanpentu, joka ei juo tarpeeksi on perimm\u00e4inen syy selvitett\u00e4v\u00e4. On t\u00e4rke\u00e4 tiet\u00e4\u00e4 j\u00e4tt\u00e4\u00e4k\u00f6 kissa sy\u00f6m\u00e4tt\u00e4 koska se ei halua vai koska se ei pysty.<\/p>\n<p>T\u00e4m\u00e4 artikkeli perustuu keskusteluihin Elin Hirschin, Bozitan oman kissa-asiantuntijan, kissojen k\u00e4ytt\u00e4ytymiseen erikoistuneen etiologian tohtorin kanssa.<\/p>\n<h2>OPETA KISSALLESI HYVI\u00c4 RUOKAILUTAPOJA<\/h2>\n<p>Auta kissaasi kehitt\u00e4m\u00e4\u00e4n terveellisi\u00e4 ruokaan liittyvi\u00e4 tapoja luomalla rutiini. Riippumatta siit\u00e4 onko kissallasi jatkuva p\u00e4\u00e4sy ruokaan tai jos ruokit sit\u00e4 tietyill\u00e4 kellonly\u00f6mill\u00e4 on rutiinissa pysyminen t\u00e4rke\u00e4\u00e4. Muuten riskin\u00e4 on kissa, joka ei sy\u00f6 ollenkaan tai tarpeeksi. Jos sinulla on sy\u00f6misest\u00e4 kielt\u00e4ytyv\u00e4 kissa ei ole hyv\u00e4 houkutella sit\u00e4 hyvill\u00e4 ruoilla tai herkkupaloilla. T\u00e4m\u00e4 opettaa kissan nirsoksi. Anna kissan mielummin olla n\u00e4lk\u00e4inen pari p\u00e4iv\u00e4\u00e4, jolloin se toivottavasti oppii sy\u00f6m\u00e4\u00e4n ruokansa.<\/p>\n<h2>SELVIT\u00c4 MIKSI KISSA EI SY\u00d6 TAI JUO<\/h2>\n<p>On t\u00e4rke\u00e4 selvitt\u00e4\u00e4 liittyyk\u00f6 sy\u00f6m\u00e4tt\u00f6myys ruokaan liittyviin asioihin vai onko syyn\u00e4 sairaus tai kipu. Tarkkaile kissan k\u00e4yt\u00f6st\u00e4 yleisesti, onko se veltto, onko sill\u00e4 ummetusta tai nukkuuko se tavallista enemm\u00e4n? T\u00e4m\u00e4 on erityisen t\u00e4rke\u00e4\u00e4 kun kissa vanhenee. Haju- ja makuaisti heikkenee i\u00e4n my\u00f6t\u00e4, mik\u00e4 voi vaikuttaa huonontuneeseen ruokahaluun. Jos sinulla on ulkokissa on vaikeampi tiet\u00e4\u00e4 mit\u00e4 se tarkalleen p\u00e4iv\u00e4n aikana sy\u00f6. Ehk\u00e4 se on saalistanut hiiren tai linnun ja on t\u00e4ysin kyll\u00e4inen. Jos kissasi ei sy\u00f6 mit\u00e4\u00e4n 24 tuntiin on syyt\u00e4 ottaa yhteytt\u00e4 el\u00e4inl\u00e4\u00e4k\u00e4riin. Yli vuorokauden sy\u00f6m\u00e4tt\u00f6myys voi aiheuttaa vakavia ongelmia. <\/p>\n<h2>ROHKAISE KISSAASI SY\u00d6M\u00c4\u00c4N JA JUOMAAN<\/h2>\n<p>Luomalla sy\u00f6miselle ja juomiselle luonnollisia vastaavat tavat on erinomainen tapa her\u00e4tt\u00e4\u00e4 kissan ruokahalu. Kissat eiv\u00e4t s\u00e4\u00e4nn\u00f6stele juomisen m\u00e4\u00e4r\u00e4\u00e4 ruoan mukaan,  mik\u00e4 lis\u00e4\u00e4 virtsakivien riski\u00e4 jos ne sy\u00f6v\u00e4t pelkk\u00e4\u00e4 kuivaruokaa. T\u00e4ss\u00e4 on muutama kikka kun yrit\u00e4t saada kissasi sy\u00f6m\u00e4\u00e4n<\/p>\n<ul>\n<li><strong>Erota ruoka, vesi, kissanhiekkalaatikko ja leikki toisistaan, <\/strong>Jos kissasi ei sy\u00f6 tai juo sinun tulee, erottaa ruoka, vesi, kissanhiekkalaatikko ja leikki toisistaan heijastelemaan miten kissat el\u00e4v\u00e4t luonnossa. Voit her\u00e4tell\u00e4 kissan ruokahalua laittamalla ruokaa moneen paikkaan kotonasi. V\u00e4lt\u00e4 vesikupin asettamista ruokakupin tai kissanhiekkalaatikon viereen. Kissat eiv\u00e4t yleens\u00e4 juo asioiden hoitamisen tai sy\u00f6misen yhteydess\u00e4.<\/li>\n<li><strong>Tee ruokailutilanteesta kissalle rauhallinen<\/strong> Pid\u00e4 huoli, ett\u00e4 kissalla on yksityinen, turvallinen paikka miss\u00e4 sy\u00f6d\u00e4 rauhassa. Voi olla, ett\u00e4 se haluaa olla yksin sy\u00f6dess\u00e4\u00e4n.<\/li>\n<li><strong>Pid\u00e4 ruokakupit ja ruokailualue puhtaina<\/strong>Tarjoile aina ruoka puhtaasta kupista ja puhdista ruokailualue s\u00e4\u00e4nn\u00f6llisesti miedolla pesuaineella. T\u00e4m\u00e4 rohkaisee kissaasi sy\u00f6m\u00e4\u00e4n ja suojaa sit\u00e4 my\u00f6s ep\u00e4siistimm\u00e4n ruokailualueen bakteereilta.<\/li>\n<li><strong>Tarjoile ruoka &#8221;oikeasta&#8221; kupista<\/strong> Mieti mink\u00e4laisesta astiasta kissasi mielell\u00e4\u00e4n sy\u00f6 tai juo. Monet kissat eiv\u00e4t pid\u00e4 siit\u00e4, ett\u00e4 niiden tuntokarvat osuvat kupin reunoihin ja juovat mielummin juoksevaa vett\u00e4. Kokeilemalla selvit\u00e4t mik\u00e4 toimii parhaiten. Vesil\u00e4hteen hankkiminen ja vesikuppien sijoittelu useampaan paikkaan lis\u00e4\u00e4 todenn\u00e4k\u00f6isyytt\u00e4, ett\u00e4 kissasi juo tarpeeksi.<\/li>\n<li><strong>Maku, koostumus ja haju<\/strong> Valitse ruoka, joka on maukas ja kissan helppo sy\u00f6d\u00e4 eli ruoassa tulisi olla melko isoja paloja. Voit l\u00e4mmitt\u00e4\u00e4 ruokaa muutaman sekunnin ennen tarjoilemista. Kissat sy\u00f6v\u00e4t ruokansa huoneenl\u00e4mp\u00f6isen\u00e4 luonnossa.<\/li>\n<li><strong><a title=\"Wet food\" href=\"https:\/\/bozita.com\/fi\/markaruoka\/?lang=fi\" data-udi=\"umb:\/\/document\/57f7b7be60854fe1807d05e0e13c7d76\">Wet food<\/a> is a good source of liquid<\/strong> Jos haluat varmistaa, ett\u00e4 kissasi saa tarpeeksi nestett\u00e4 suosittelemme vaihtamaan luonnostaan paljon nestett\u00e4 sis\u00e4lt\u00e4v\u00e4\u00e4n m\u00e4rk\u00e4ruokaan. Tai tajoile <a title=\"Dry food\" href=\"https:\/\/bozita.com\/fi\/bozita-kissan-kuivaruoka\/?lang=fi\" data-udi=\"umb:\/\/document\/09352a7a3c0f43b182327530c04244af\">kuivaruoan<\/a> lis\u00e4n\u00e4 <a title=\"Wet food\" href=\"https:\/\/bozita.com\/fi\/markaruoka\/?lang=fi\" data-udi=\"umb:\/\/document\/57f7b7be60854fe1807d05e0e13c7d76\">m\u00e4rk\u00e4ruokaa<\/a>. Kissat pit\u00e4v\u00e4t vaihtelevasta ruokalistasta!<\/li>\n<li><strong>Tarkista kuinka ruokaa s\u00e4ilytet\u00e4\u00e4n<\/strong> Kuivaruoat imev\u00e4t kosteutta, mik\u00e4 voi tehd\u00e4 siit\u00e4 v\u00e4hemm\u00e4n maistuvaa. S\u00e4ilyt\u00e4 aina kuivaruoka kuivassa ja viile\u00e4ss\u00e4 paikassa. Tarkista sen laatu ajoittain. <\/li>\n<li><strong>Pienemm\u00e4t annokset<\/strong>Tarjoile ruoka useampana pienen\u00e4 ateriana, jotka tarjoilet kissalle s\u00e4\u00e4nn\u00f6llisesti. N\u00e4in kissan ei tarvitse sy\u00f6d\u00e4 kerralla niin paljon. Pienemm\u00e4t ateriat ovat kissalle luonnollinen tapa sy\u00f6d\u00e4.<\/li>\n<\/ul>\n<h2>JOS KISSASI EDELLEEN KIELT\u00c4YTYY SY\u00d6M\u00c4ST\u00c4<\/h2>\n<p>Jos ei muu auta, vaihda ruokaa. Joskus ruoan vaihtaminen ratkaisee koko ongelman. Jos mahdollista tee vaihto vanhasta ruoasta uuteen hitaasti, jotta kissan vatsa ehtii tottua muutokseen. <strong>Further reading<\/strong><\/p>\n<ul>\n<li><a title=\"How do you change your adult cat's diet?\" href=\"https:\/\/bozita.com\/fi\/miten-vaihdat-kissasi-ruoan\/?lang=fi\" data-udi=\"umb:\/\/document\/73cd295647494f04bc87f285fb42f1be\">Kuinka vaihdan kissan ruoan<\/a><\/li>\n<\/ul>\n\t\t\t<\/div>\n\t\t<\/div>\n\t<\/div>\n\n\n<section class=\"block product-promos\">\n\t<div class=\"container\">\n\t\t<div class=\"row align-items-center\">\n\t\t\t<div class=\"col-md-5\">\n\t\t\t\t<div class=\"prdt__promos-heading\">\n\t\t\t\t\t<h3>\n\t\t\t\t\t\tM\u00e4rk\u00e4ruoka k\u00e4yt\u00e4nn\u00f6llisess\u00e4 annospussissa\t\t\t\t\t<\/h3>\n\t\t\t\t\t\t\t\t\t<\/div>\n\t\t\t<\/div>\n\t\t\t<div class=\"col-md-7\">\n\t\t\t\t\t\t\t\t\t<div class=\"owl-carousel owl-theme product-promo-carousel\">\n\t\t\t\t\t\t\t\t\t\t\t\t\t<a href=\"https:\/\/bozita.com\/fi\/kissanruoka\/bozita-naudanliha-palat-kastikkeessa-annospussi\/\">\n\t\t\t\t\t\t\t\t<div class=\"blk__prdt-item\">\n\t\t\t\t\t\t\t\t\t<figure>\n\t\t\t\t\t\t\t\t\t\t<img loading=\"lazy\" decoding=\"async\" width=\"600\" height=\"600\" src=\"https:\/\/bozita.com\/fi\/wp-content\/uploads\/sites\/11\/2024\/02\/Bozita-cat-pouch-beef-chunks-in-sauce.jpg\" class=\"attachment-post-thumbnail size-post-thumbnail wp-post-image\" alt=\"\" srcset=\"https:\/\/bozita.com\/fi\/wp-content\/uploads\/sites\/11\/2024\/02\/Bozita-cat-pouch-beef-chunks-in-sauce.jpg 600w, https:\/\/bozita.com\/fi\/wp-content\/uploads\/sites\/11\/2024\/02\/Bozita-cat-pouch-beef-chunks-in-sauce-300x300.jpg 300w, https:\/\/bozita.com\/fi\/wp-content\/uploads\/sites\/11\/2024\/02\/Bozita-cat-pouch-beef-chunks-in-sauce-150x150.jpg 150w\" sizes=\"(max-width: 600px) 100vw, 600px\" \/>\t\t\t\t\t\t\t\t\t\t\t\t\t\t\t\t\t\t\t<\/figure>\n\t\t\t\t\t\t\t\t\t<h4 class=\"carousel-title\"><\/h4>\n\t\t\t\t\t\t\t\t\t<span class=\"carousel-category\">PALOJA KASTIKKEESSA, SIS\u00c4LT\u00c4\u00c4 NAUTAA<\/span>\n\t\t\t\t\t\t\t\t\t  \n\t\t\t\t\t\t\t\t\t<ul class=\"category-list\">\n\t\t\t\t\t\t\t\t\t\t\t\t\t\t\t\t\t\t\t\t\t\t\t<li class=\"svg-image\">\n\t\t\t\t\t\t\t\t\t\t\t\t\t\t<img decoding=\"async\" src=\"https:\/\/bozita.com\/fi\/wp-content\/uploads\/sites\/11\/2023\/09\/icon-grain-free.svg\" \/>\n\t\t\t\t\t\t\t\t\t\t\t\t\t<\/li>\n\t\t\t\t\t\t\t\t\t\t\t\t\t\t\t\t\t\t\t\t\t\t\t\t\t\t\t\t\t\t\t\t\t\t\t\t<li class=\"svg-image\">\n\t\t\t\t\t\t\t\t\t\t\t\t\t\t<img decoding=\"async\" src=\"https:\/\/bozita.com\/fi\/wp-content\/uploads\/sites\/11\/2023\/09\/icon-flavour-beef.svg\" \/>\n\t\t\t\t\t\t\t\t\t\t\t\t\t<\/li>\n\t\t\t\t\t\t\t\t\t\t\t\t\t\t\t\t\t\t\t\t\t\t<\/ul>       \n\n\t\t\t\t\t\t\t\t<\/div>\n\t\t\t\t\t\t\t<\/a>\n\t\t\t\t\t\t\t\t\t\t\t\t\t\t\t\t\t\t\t\t<a href=\"https:\/\/bozita.com\/fi\/kissanruoka\/bozita-poro-palat-kastikkeessa-tetra\/\">\n\t\t\t\t\t\t\t\t<div class=\"blk__prdt-item\">\n\t\t\t\t\t\t\t\t\t<figure>\n\t\t\t\t\t\t\t\t\t\t<img loading=\"lazy\" decoding=\"async\" width=\"600\" height=\"600\" src=\"https:\/\/bozita.com\/fi\/wp-content\/uploads\/sites\/11\/2024\/08\/64930_Validoo-Bozita-Reindeer-LoRes-Web.jpg\" class=\"attachment-post-thumbnail size-post-thumbnail wp-post-image\" alt=\"\" srcset=\"https:\/\/bozita.com\/fi\/wp-content\/uploads\/sites\/11\/2024\/08\/64930_Validoo-Bozita-Reindeer-LoRes-Web.jpg 600w, https:\/\/bozita.com\/fi\/wp-content\/uploads\/sites\/11\/2024\/08\/64930_Validoo-Bozita-Reindeer-LoRes-Web-300x300.jpg 300w, https:\/\/bozita.com\/fi\/wp-content\/uploads\/sites\/11\/2024\/08\/64930_Validoo-Bozita-Reindeer-LoRes-Web-150x150.jpg 150w\" sizes=\"(max-width: 600px) 100vw, 600px\" \/>\t\t\t\t\t\t\t\t\t\t\t\t\t\t\t\t\t\t\t<\/figure>\n\t\t\t\t\t\t\t\t\t<h4 class=\"carousel-title\"><\/h4>\n\t\t\t\t\t\t\t\t\t<span class=\"carousel-category\">PALOJA KASTIKKEESSA, SIS\u00c4LT\u00c4\u00c4 POROA<\/span>\n\t\t\t\t\t\t\t\t\t  \n\t\t\t\t\t\t\t\t\t<ul class=\"category-list\">\n\t\t\t\t\t\t\t\t\t\t\t\t\t\t\t\t\t\t\t\t\t\t\t<li class=\"svg-image\">\n\t\t\t\t\t\t\t\t\t\t\t\t\t\t<img decoding=\"async\" src=\"https:\/\/bozita.com\/fi\/wp-content\/uploads\/sites\/11\/2023\/09\/icon-grain-free.svg\" \/>\n\t\t\t\t\t\t\t\t\t\t\t\t\t<\/li>\n\t\t\t\t\t\t\t\t\t\t\t\t\t\t\t\t\t\t\t\t\t\t\t\t\t\t\t\t\t\t\t\t\t\t\t\t<li class=\"svg-image\">\n\t\t\t\t\t\t\t\t\t\t\t\t\t\t<img decoding=\"async\" src=\"https:\/\/bozita.com\/fi\/wp-content\/uploads\/sites\/11\/2023\/09\/icon-flavour-reindeer.svg\" \/>\n\t\t\t\t\t\t\t\t\t\t\t\t\t<\/li>\n\t\t\t\t\t\t\t\t\t\t\t\t\t\t\t\t\t\t\t\t\t\t<\/ul>       \n\n\t\t\t\t\t\t\t\t<\/div>\n\t\t\t\t\t\t\t<\/a>\n\t\t\t\t\t\t\t\t\t\t\t\t\t\t\t\t\t\t\t\t\t\t\t\t\t\t\t<a href=\"https:\/\/bozita.com\/fi\/kissanruoka\/bozita-kitten-kana-palat-kastikkeessa\/\">\n\t\t\t\t\t\t\t\t<div class=\"blk__prdt-item\">\n\t\t\t\t\t\t\t\t\t<figure>\n\t\t\t\t\t\t\t\t\t\t<img loading=\"lazy\" decoding=\"async\" width=\"600\" height=\"600\" src=\"https:\/\/bozita.com\/fi\/wp-content\/uploads\/sites\/11\/2024\/08\/64936_Bozita-Chicken-HiRes-Marknad.jpg\" class=\"attachment-post-thumbnail size-post-thumbnail wp-post-image\" alt=\"\" srcset=\"https:\/\/bozita.com\/fi\/wp-content\/uploads\/sites\/11\/2024\/08\/64936_Bozita-Chicken-HiRes-Marknad.jpg 600w, https:\/\/bozita.com\/fi\/wp-content\/uploads\/sites\/11\/2024\/08\/64936_Bozita-Chicken-HiRes-Marknad-300x300.jpg 300w, https:\/\/bozita.com\/fi\/wp-content\/uploads\/sites\/11\/2024\/08\/64936_Bozita-Chicken-HiRes-Marknad-150x150.jpg 150w\" sizes=\"(max-width: 600px) 100vw, 600px\" \/>\t\t\t\t\t\t\t\t\t\t\t\t\t\t\t\t\t\t\t<\/figure>\n\t\t\t\t\t\t\t\t\t<h4 class=\"carousel-title\"><\/h4>\n\t\t\t\t\t\t\t\t\t<span class=\"carousel-category\">KITTEN PALOJA KASTIKKEESSA, SIS\u00c4LT\u00c4\u00c4 KANANPOIKAA<\/span>\n\t\t\t\t\t\t\t\t\t  \n\t\t\t\t\t\t\t\t\t<ul class=\"category-list\">\n\t\t\t\t\t\t\t\t\t\t\t\t\t\t\t\t\t\t\t\t\t\t\t<li class=\"svg-image\">\n\t\t\t\t\t\t\t\t\t\t\t\t\t\t<img decoding=\"async\" src=\"https:\/\/bozita.com\/fi\/wp-content\/uploads\/sites\/11\/2023\/09\/icon-grain-free.svg\" \/>\n\t\t\t\t\t\t\t\t\t\t\t\t\t<\/li>\n\t\t\t\t\t\t\t\t\t\t\t\t\t\t\t\t\t\t\t\t\t\t\t\t\t\t\t\t\t\t\t\t\t\t\t\t<li class=\"svg-image\">\n\t\t\t\t\t\t\t\t\t\t\t\t\t\t<img decoding=\"async\" src=\"https:\/\/bozita.com\/fi\/wp-content\/uploads\/sites\/11\/2023\/09\/icon-flavour-chicken.svg\" \/>\n\t\t\t\t\t\t\t\t\t\t\t\t\t<\/li>\n\t\t\t\t\t\t\t\t\t\t\t\t\t\t\t\t\t\t\t\t\t\t<\/ul>       \n\n\t\t\t\t\t\t\t\t<\/div>\n\t\t\t\t\t\t\t<\/a>\n\t\t\t\t\t\t\t\t\t\t\t\t\t\t\t\t\t\t\t\t<a href=\"https:\/\/bozita.com\/fi\/kissanruoka\/bozita-silli-palat-kastikkeessa\/\">\n\t\t\t\t\t\t\t\t<div class=\"blk__prdt-item\">\n\t\t\t\t\t\t\t\t\t<figure>\n\t\t\t\t\t\t\t\t\t\t<img loading=\"lazy\" decoding=\"async\" width=\"600\" height=\"600\" src=\"https:\/\/bozita.com\/fi\/wp-content\/uploads\/sites\/11\/2024\/02\/Bozita-cat-pouch-perch-abborre-chunks-in-jelly.jpg\" class=\"attachment-post-thumbnail size-post-thumbnail wp-post-image\" alt=\"\" srcset=\"https:\/\/bozita.com\/fi\/wp-content\/uploads\/sites\/11\/2024\/02\/Bozita-cat-pouch-perch-abborre-chunks-in-jelly.jpg 600w, https:\/\/bozita.com\/fi\/wp-content\/uploads\/sites\/11\/2024\/02\/Bozita-cat-pouch-perch-abborre-chunks-in-jelly-300x300.jpg 300w, https:\/\/bozita.com\/fi\/wp-content\/uploads\/sites\/11\/2024\/02\/Bozita-cat-pouch-perch-abborre-chunks-in-jelly-150x150.jpg 150w\" sizes=\"(max-width: 600px) 100vw, 600px\" \/>\t\t\t\t\t\t\t\t\t\t\t\t\t\t\t\t\t\t\t<\/figure>\n\t\t\t\t\t\t\t\t\t<h4 class=\"carousel-title\"><\/h4>\n\t\t\t\t\t\t\t\t\t<span class=\"carousel-category\">PALOJA KASTIKKEESSA, SIS\u00c4LT\u00c4\u00c4 SILLI\u00c4<\/span>\n\t\t\t\t\t\t\t\t\t  \n\t\t\t\t\t\t\t\t\t<ul class=\"category-list\">\n\t\t\t\t\t\t\t\t\t\t\t\t\t\t\t\t\t\t\t\t\t\t\t<li class=\"svg-image\">\n\t\t\t\t\t\t\t\t\t\t\t\t\t\t<img decoding=\"async\" src=\"https:\/\/bozita.com\/fi\/wp-content\/uploads\/sites\/11\/2023\/09\/icon-grain-free.svg\" \/>\n\t\t\t\t\t\t\t\t\t\t\t\t\t<\/li>\n\t\t\t\t\t\t\t\t\t\t\t\t\t\t\t\t\t\t\t\t\t\t\t\t\t\t\t\t\t\t\t\t\t\t\t\t<li class=\"svg-image\">\n\t\t\t\t\t\t\t\t\t\t\t\t\t\t<img decoding=\"async\" src=\"https:\/\/bozita.com\/fi\/wp-content\/uploads\/sites\/11\/2023\/09\/icon-flavour-salmon.svg\" \/>\n\t\t\t\t\t\t\t\t\t\t\t\t\t<\/li>\n\t\t\t\t\t\t\t\t\t\t\t\t\t\t\t\t\t\t\t\t\t\t<\/ul>       \n\n\t\t\t\t\t\t\t\t<\/div>\n\t\t\t\t\t\t\t<\/a>\n\t\t\t\t\t\t\t\t\t\t\t\t\t\t\t\t\t\t<\/div>\n\t\t\t\t\t\t\t<\/div>\n\t\t<\/div>\n\t<\/div>\n<\/section>\n<script>\njQuery(document).ready(function($) {\n\tjQuery('.product-promo-carousel').owlCarousel({\n\tloop: true,\n\tmargin: 10,\n\tresponsiveClass: true,\n\tresponsive: {\n\t\t0: {\n\t\titems: 1,\n\t\tnav: true\n\t\t},\n\t\t600: {\n\t\titems: 1,\n\t\tnav: true\n\t\t},\n\t\t1000: {\n\t\titems: 2,\n\t\tnav: true,\n\t\t}\n\t}\n\t})\n\tjQuery(\".owl-prev\").html('<span><<\/span>');\n\tjQuery(\".owl-next\").html('<span>><\/span>');\n\n\tvar slider = jQuery('.promo-slider-list');\n\tslider.owlCarousel();\n\tjQuery('.nextbtn-a').click(function() {\n\tslider.trigger('next.owl.carousel');\n\t})\n\t\/\/ Go to the previous item\n\tjQuery('.prebtn-a').click(function() {\n\tslider.trigger('prev.owl.carousel', [300]);\n\t})\n});\n<\/script>\n\n\n\n\t<section class=\"block related-articles\">\n\t\t<div class=\"container\">\n\t\t\t<h2>Aiheeseen liittyvi\u00e4 artikkeleita<\/h2>\n\t\t\t<div class=\"row justify-content-center\">\n\t\t\t\t\t\t\t\t\t\t<div class=\"col-sm-6 col-md-6 col-lg-3\">\n\t\t\t\t\t\t\t\t\t\t\t\t\t\t<div class=\"card \">\n\t\t\t\t\t\t\t\t\t\t\t\t\t\t\t\t\t<img decoding=\"async\"  src=\"https:\/\/bozita.com\/fi\/wp-content\/uploads\/sites\/11\/2021\/08\/bozita-katt-ratt-hull-guide.jpeg\" alt=\"\">\n\t\t\t\t\t\t\t\t\t\t\t\t\t\t\t\t\t<!-- <img decoding=\"async\" src=\"\n\t\t\t\t\t\t\t\t\t\t\t\t\t\t\t\t\t\t\t\t\" alt=\"\n\t\t\t\t\t\t\t\t\t\t\t\t\t\t\t\t\t\t\t\t\t\t\t\t\t\t\t\"> -->\n\t\t\t\t\t\t\t\t<div class=\"card-body\">\n\t\t\t\t\t\t\t\t\t\t\t\t\t\t\t\t\t\t\t<h6>Kuinka paljon kissan tulisi painaa?<\/h6>\n\t\t\t\t\t\t\t\t\t\t\t\t\t\t\t\t\t\t\t<a href=\"https:\/\/bozita.com\/fi\/pida-kissasi-terveena\/kuinka-paljon-kissan-tulisi-painaa\/\">Lue lis\u00e4\u00e4 &nbsp; ><\/a>\n\t\t\t\t\t\t\t\t<\/div>\n\t\t\t\t\t\t\t<\/div>\n\t\t\t\t\t\t<\/div>\n\n\t\t\t\t\t\t\t\t\t\t\t<div class=\"col-sm-6 col-md-6 col-lg-3\">\n\t\t\t\t\t\t\t\t\t\t\t\t\t\t<div class=\"card \">\n\t\t\t\t\t\t\t\t\t\t\t\t\t\t\t\t\t<img decoding=\"async\"  src=\"https:\/\/bozita.com\/fi\/wp-content\/uploads\/sites\/11\/2021\/08\/bozita-byta-foder-vuxen-katt.jpg\" alt=\"\">\n\t\t\t\t\t\t\t\t\t\t\t\t\t\t\t\t\t<!-- <img decoding=\"async\" src=\"\n\t\t\t\t\t\t\t\t\t\t\t\t\t\t\t\t\t\t\t\t\" alt=\"\n\t\t\t\t\t\t\t\t\t\t\t\t\t\t\t\t\t\t\t\t\t\t\t\t\t\t\t\"> -->\n\t\t\t\t\t\t\t\t<div class=\"card-body\">\n\t\t\t\t\t\t\t\t\t\t\t\t\t\t\t\t\t\t\t<h6>Miten vaihdat kissasi ruoan<\/h6>\n\t\t\t\t\t\t\t\t\t\t\t\t\t\t\t\t\t\t\t<a href=\"https:\/\/bozita.com\/fi\/ravinto-ja-ruokavalio\/miten-vaihdat-kissasi-ruoan\/\">Lue lis\u00e4\u00e4 &nbsp; ><\/a>\n\t\t\t\t\t\t\t\t<\/div>\n\t\t\t\t\t\t\t<\/div>\n\t\t\t\t\t\t<\/div>\n\n\t\t\t\t\t\t\t\t\t\t\t<div class=\"col-sm-6 col-md-6 col-lg-3\">\n\t\t\t\t\t\t\t\t\t\t\t\t\t\t<div class=\"card \">\n\t\t\t\t\t\t\t\t\t\t\t\t\t\t\t\t\t<img decoding=\"async\"  src=\"https:\/\/bozita.com\/fi\/wp-content\/uploads\/sites\/11\/2021\/08\/bozita-katter-ar-kottatare.jpg\" alt=\"\">\n\t\t\t\t\t\t\t\t\t\t\t\t\t\t\t\t\t<!-- <img decoding=\"async\" src=\"\n\t\t\t\t\t\t\t\t\t\t\t\t\t\t\t\t\t\t\t\t\" alt=\"\n\t\t\t\t\t\t\t\t\t\t\t\t\t\t\t\t\t\t\t\t\t\t\t\t\t\t\t\"> -->\n\t\t\t\t\t\t\t\t<div class=\"card-body\">\n\t\t\t\t\t\t\t\t\t\t\t\t\t\t\t\t\t\t\t<h6>Mit\u00e4 kissat sy\u00f6v\u00e4t?<\/h6>\n\t\t\t\t\t\t\t\t\t\t\t\t\t\t\t\t\t\t\t<a href=\"https:\/\/bozita.com\/fi\/ravinto-ja-ruokavalio\/mita-kissat-syovat\/\">Lue lis\u00e4\u00e4 &nbsp; ><\/a>\n\t\t\t\t\t\t\t\t<\/div>\n\t\t\t\t\t\t\t<\/div>\n\t\t\t\t\t\t<\/div>\n\n\t\t\t\t\t\t\t\t\t\t\t\t<\/div>\n\t\t<\/div>\n\t<\/section>\n","protected":false},"excerpt":{"rendered":"","protected":false},"author":1,"featured_media":6627,"parent":6661,"menu_order":0,"comment_status":"closed","ping_status":"closed","template":"guternberg.php","meta":{"footnotes":""},"acf":[],"yoast_head":"<!-- This site is optimized with the Yoast SEO plugin v21.3 - https:\/\/yoast.com\/wordpress\/plugins\/seo\/ -->\n<title>Mit\u00e4 teen kun kissani ei sy\u00f6 tai juo? - Bozita Finland<\/title>\n<meta name=\"description\" content=\"Kissalla voi olla useita syit\u00e4 kielt\u00e4yty\u00e4 sy\u00f6misest\u00e4 ja juomisesta. Bozitan asiantuntijat neuvovat, mit\u00e4 voit tehd\u00e4.\" \/>\n<meta name=\"robots\" content=\"index, follow, max-snippet:-1, max-image-preview:large, max-video-preview:-1\" \/>\n<link rel=\"canonical\" href=\"https:\/\/bozita.com\/fi\/ravinto-ja-ruokavalio\/mita-teen-kun-kissani-ei-syo-tai-juo\/\" \/>\n<meta property=\"og:locale\" content=\"fi_FI\" \/>\n<meta property=\"og:type\" content=\"article\" \/>\n<meta property=\"og:title\" content=\"Mit\u00e4 teen kun kissani ei sy\u00f6 tai juo? - Bozita Finland\" \/>\n<meta property=\"og:description\" content=\"Kissalla voi olla useita syit\u00e4 kielt\u00e4yty\u00e4 sy\u00f6misest\u00e4 ja juomisesta. Bozitan asiantuntijat neuvovat, mit\u00e4 voit tehd\u00e4.\" \/>\n<meta property=\"og:url\" content=\"https:\/\/bozita.com\/fi\/ravinto-ja-ruokavalio\/mita-teen-kun-kissani-ei-syo-tai-juo\/\" \/>\n<meta property=\"og:site_name\" content=\"Bozita Finland\" \/>\n<meta property=\"article:modified_time\" content=\"2025-03-05T11:23:40+00:00\" \/>\n<meta property=\"og:image\" content=\"https:\/\/bozita.com\/fi\/wp-content\/uploads\/sites\/11\/2021\/08\/bozita-katt-ater-inte-dricker-inte-krasen-dalig-aptit.jpg\" \/>\n\t<meta property=\"og:image:width\" content=\"800\" \/>\n\t<meta property=\"og:image:height\" content=\"533\" \/>\n\t<meta property=\"og:image:type\" content=\"image\/jpeg\" \/>\n<meta name=\"twitter:card\" content=\"summary_large_image\" \/>\n<!-- \/ Yoast SEO plugin. -->","yoast_head_json":{"title":"Mit\u00e4 teen kun kissani ei sy\u00f6 tai juo? - Bozita Finland","description":"Kissalla voi olla useita syit\u00e4 kielt\u00e4yty\u00e4 sy\u00f6misest\u00e4 ja juomisesta. Bozitan asiantuntijat neuvovat, mit\u00e4 voit tehd\u00e4.","robots":{"index":"index","follow":"follow","max-snippet":"max-snippet:-1","max-image-preview":"max-image-preview:large","max-video-preview":"max-video-preview:-1"},"canonical":"https:\/\/bozita.com\/fi\/ravinto-ja-ruokavalio\/mita-teen-kun-kissani-ei-syo-tai-juo\/","og_locale":"fi_FI","og_type":"article","og_title":"Mit\u00e4 teen kun kissani ei sy\u00f6 tai juo? - Bozita Finland","og_description":"Kissalla voi olla useita syit\u00e4 kielt\u00e4yty\u00e4 sy\u00f6misest\u00e4 ja juomisesta. Bozitan asiantuntijat neuvovat, mit\u00e4 voit tehd\u00e4.","og_url":"https:\/\/bozita.com\/fi\/ravinto-ja-ruokavalio\/mita-teen-kun-kissani-ei-syo-tai-juo\/","og_site_name":"Bozita Finland","article_modified_time":"2025-03-05T11:23:40+00:00","og_image":[{"width":800,"height":533,"url":"https:\/\/bozita.com\/fi\/wp-content\/uploads\/sites\/11\/2021\/08\/bozita-katt-ater-inte-dricker-inte-krasen-dalig-aptit.jpg","type":"image\/jpeg"}],"twitter_card":"summary_large_image","schema":{"@context":"https:\/\/schema.org","@graph":[{"@type":"WebPage","@id":"https:\/\/bozita.com\/fi\/ravinto-ja-ruokavalio\/mita-teen-kun-kissani-ei-syo-tai-juo\/","url":"https:\/\/bozita.com\/fi\/ravinto-ja-ruokavalio\/mita-teen-kun-kissani-ei-syo-tai-juo\/","name":"Mit\u00e4 teen kun kissani ei sy\u00f6 tai juo? - Bozita Finland","isPartOf":{"@id":"https:\/\/bozita.com\/fi\/#website"},"datePublished":"2022-08-31T07:20:40+00:00","dateModified":"2025-03-05T11:23:40+00:00","description":"Kissalla voi olla useita syit\u00e4 kielt\u00e4yty\u00e4 sy\u00f6misest\u00e4 ja juomisesta. Bozitan asiantuntijat neuvovat, mit\u00e4 voit tehd\u00e4.","breadcrumb":{"@id":"https:\/\/bozita.com\/fi\/ravinto-ja-ruokavalio\/mita-teen-kun-kissani-ei-syo-tai-juo\/#breadcrumb"},"inLanguage":"fi","potentialAction":[{"@type":"ReadAction","target":["https:\/\/bozita.com\/fi\/ravinto-ja-ruokavalio\/mita-teen-kun-kissani-ei-syo-tai-juo\/"]}]},{"@type":"BreadcrumbList","@id":"https:\/\/bozita.com\/fi\/ravinto-ja-ruokavalio\/mita-teen-kun-kissani-ei-syo-tai-juo\/#breadcrumb","itemListElement":[{"@type":"ListItem","position":1,"name":"Koti","item":"https:\/\/bozita.com\/fi\/"},{"@type":"ListItem","position":2,"name":"Ravinto ja ruokavalio","item":"https:\/\/bozita.com\/fi\/ravinto-ja-ruokavalio\/"},{"@type":"ListItem","position":3,"name":"Mit\u00e4 teen kun kissani ei sy\u00f6 tai juo?"}]},{"@type":"WebSite","@id":"https:\/\/bozita.com\/fi\/#website","url":"https:\/\/bozita.com\/fi\/","name":"Bozita Finland","description":"","potentialAction":[{"@type":"SearchAction","target":{"@type":"EntryPoint","urlTemplate":"https:\/\/bozita.com\/fi\/?s={search_term_string}"},"query-input":"required name=search_term_string"}],"inLanguage":"fi"}]}},"_links":{"self":[{"href":"https:\/\/bozita.com\/fi\/wp-json\/wp\/v2\/pages\/6626"}],"collection":[{"href":"https:\/\/bozita.com\/fi\/wp-json\/wp\/v2\/pages"}],"about":[{"href":"https:\/\/bozita.com\/fi\/wp-json\/wp\/v2\/types\/page"}],"author":[{"embeddable":true,"href":"https:\/\/bozita.com\/fi\/wp-json\/wp\/v2\/users\/1"}],"replies":[{"embeddable":true,"href":"https:\/\/bozita.com\/fi\/wp-json\/wp\/v2\/comments?post=6626"}],"version-history":[{"count":12,"href":"https:\/\/bozita.com\/fi\/wp-json\/wp\/v2\/pages\/6626\/revisions"}],"predecessor-version":[{"id":11258,"href":"https:\/\/bozita.com\/fi\/wp-json\/wp\/v2\/pages\/6626\/revisions\/11258"}],"up":[{"embeddable":true,"href":"https:\/\/bozita.com\/fi\/wp-json\/wp\/v2\/pages\/6661"}],"wp:featuredmedia":[{"embeddable":true,"href":"https:\/\/bozita.com\/fi\/wp-json\/wp\/v2\/media\/6627"}],"wp:attachment":[{"href":"https:\/\/bozita.com\/fi\/wp-json\/wp\/v2\/media?parent=6626"}],"curies":[{"name":"wp","href":"https:\/\/api.w.org\/{rel}","templated":true}]}}