{"id":6631,"date":"2022-08-31T07:21:12","date_gmt":"2022-08-31T07:21:12","guid":{"rendered":"https:\/\/bozita.com\/fi\/kissan-matka-aikuisuuteen\/"},"modified":"2025-03-05T08:55:34","modified_gmt":"2025-03-05T08:55:34","slug":"kissan-matka-aikuisuuteen","status":"publish","type":"page","link":"https:\/\/bozita.com\/fi\/kissan-kehitys\/kissan-matka-aikuisuuteen\/","title":{"rendered":"Kissan matka aikuisuuteen"},"content":{"rendered":"\t\t<section class=\"small-hero\">\n\t\t\t<div class=\"container\">\n\t\t\t\t<h1 class=\"small-hero-title\">Kissan matka aikuisuuteen<\/h1>\t\t\t<\/div>\n\t\t\t<\/div>\n\t\t<\/section>\n\t\n\n\t<div class=\"text-box-warp\">\n\t\t<div class=\"container\">\n\t\t\t<div class=\"text-content\">\n\t\t\t\t<p>Oppimalla kissanpennuista ja niiden kehittymisest\u00e4 aikuisuutta kohti voit valmistautua muutoksiin ja helpottaa kissasi kasvua. Varmistamalla, ett\u00e4 kissan ymp\u00e4rist\u00f6 ja el\u00e4m\u00e4ntapa vastaavat sen muuttuviin tarpeisiin on erinomainen tapa rakentaa niiden kanssa kest\u00e4v\u00e4 suhde.<\/p>\n<h2>KISSANPENTU VIIKKO VIIKOLTA<\/h2>\n<p>Kissanpentu on utelias ja aktiivinen el\u00e4in. Leikkiminen ja ymp\u00e4rist\u00f6n tutkiminen on suuri osa niiden p\u00e4ivitt\u00e4ist\u00e4 el\u00e4m\u00e4\u00e4<\/p>\n<h3>KKISSANPENTU VIIKKO VIIKOLTA:<\/h3>\n<ul>\n<li><strong>2 viikkoa<\/strong> \u2013 kissanpentu avaa silm\u00e4ns\u00e4.<\/li>\n<li><strong>2- 9 viikkoa<\/strong> \u2013 kissanpentu alkaa luoda sosiaalisia suhteita tottumuksen pohjalta. Kissanpennun suhde ihmisiin kehittyy 4 kuukauden ik\u00e4iseksi saakka. Sosiallinen leikkiminen kehittyy jtakuvasti (huippu ajoittuu noin 12 &#8211; 14 viikolla).<\/li>\n<li><strong>4 viikkoa<\/strong> \u2013 kissanpentu alkaa sy\u00f6d\u00e4 kiinte\u00e4\u00e4 ruokaa. Kissa oppii havainnoimalla.<\/li>\n<li><strong>5-6 viikkoa<\/strong> tahdonalainen ulostaminen (kissanpentu ei tarvitse apua pissaamiseen tai kakkaamiseen).\u2013<\/li>\n<li><strong>7-8 viikkoa<\/strong> \u2013 unirytmi alkaa muistuttaa aikuisen kissan rytmi\u00e4. Esineill\u00e4 leikkiminen alkaa.<\/li>\n<li><strong>7-9 viikkoa<\/strong> \u2013ensimm\u00e4iset rokotukset. Muut rokotukset annetaan noin nelj\u00e4 viikkoa my\u00f6hemmin, eli 12 viikon i\u00e4ss\u00e4.<\/li>\n<\/ul>\n<p>Kun kissanpentu avaa silm\u00e4ns\u00e4 se leikkii l\u00e4hinn\u00e4 emonsa ja sisarustensa kanssa. Kun kissanpentu kasvaa leikkimiseen tulee mukaan esineit\u00e4 kuten leluja.<br \/>\nLeikin kautta kissanpentu saa aikuisena kissana tarvitsemiaan taitoja ja kokemuksia, esimerkiksi kanssak\u00e4ymist\u00e4 toisten kissojen kanssa.<br \/>\nLeikkiminen toimii my\u00f6s fyysisen\u00e4 harjoitteluna ja siihen liittyy usein mets\u00e4stystyyppist\u00e4 toimintaa.<br \/>\n\u200bKissat leikkiv\u00e4t koko ik\u00e4ns\u00e4 ja siksi on t\u00e4rke\u00e4 pit\u00e4\u00e4 huoli, ett\u00e4 my\u00f6s aikuisella kissalla on mahdollisuus leikki\u00e4.<br \/>\nKissa alkaa sy\u00f6d\u00e4 kiinte\u00e4\u00e4 ruokaa 4 viikon ik\u00e4isen\u00e4. T\u00e4m\u00e4n jakson aikana kissa muodostaa ruoan makuun ja koostumukseen liittyv\u00e4t mieltymyksens\u00e4. T\u00e4m\u00e4 vaikuttaa siihen, mit\u00e4 kissa haluaa aikuisena sy\u00f6d\u00e4.<br \/>\nSiksi on t\u00e4rke\u00e4\u00e4 selvitt\u00e4\u00e4 mit\u00e4 kissa on sy\u00f6nyt kasvaessaan ja v\u00e4hitellen tuoda uuttaa ruokaa vanhan rinnalle kun ruokaa vaihdetaan.<\/p>\n<h4>Lue lis\u00e4\u00e4 :<\/h4>\n<ul>\n<li><a href=\"https:\/\/bozita.com\/fi\/miten-vaihdat-kissasi-ruoan\/?lang=fi\" data-udi=\"umb:\/\/document\/73cd295647494f04bc87f285fb42f1be\">Kuinka vaihdan kissan ruoan<\/a><\/li>\n<\/ul>\n<h2>KISSANPENNUSTA AIKUISEKSI<\/h2>\n<p>Kissat saavuttavat sukukypsyyden noin nelj\u00e4n kuukauden ik\u00e4isin\u00e4.<\/p>\n<h3>NUORESTA KISSASTA AIKUISEKSI:<\/h3>\n<ul>\n<li><strong>4 kuukautta<\/strong> \u2013 kissanpennun sosiaaliset taidot on luotu.<\/li>\n<li><strong>4 &#8211; 10 kuukautta<\/strong> \u2013 sukukypsyys, naaraat saavuttavat sukukypsyyden uroskissoja aikaisemmin.  Lemmikinomistajan olet vastuussa siit\u00e4, ettei kissa lis\u00e4\u00e4nny suunnittelematta.<\/li>\n<li><strong>1 vuosi<\/strong> \u2013 ensimm\u00e4inen vahvisterokote. T\u00e4m\u00e4n j\u00e4lkeen kissa rokotetaan 1-3 vuoden v\u00e4lein riippuen rokotteesta ja kissan elintavoista.<\/li>\n<li><strong>2-4 vuotta<\/strong> \u2013 sosiaalinen kypsyys. Ulkokissat alkavat puolustaa reviiri\u00e4\u00e4n.<\/li>\n<li><strong>3 vuotta<\/strong> \u2013 kissa on saavuttanut aikuisuuden.<\/li>\n<\/ul>\n<p>Nuoret kissat ovat my\u00f6s hyvin aktiivisia. Hereill\u00e4 ollessaan ne kiipeilev\u00e4t, juoksentelevat ja leikkiv\u00e4t. Kodissasi pit\u00e4\u00e4 olla runsaasti paikkoja kissan leikki\u00e4 loukkaamatta itse\u00e4\u00e4n. Ajan my\u00f6t\u00e4 yleinen aktiivisuus usein v\u00e4henee kissan ollessa keskittyneempi. Kypsyess\u00e4\u00e4n sosiaalisesti kissojen suhtautuminen muihin, etenkin toisiin kissoihin, muuttuu. T\u00e4m\u00e4 tapahtuu kun kissa on aikuinen, noin 2-4 vuoden i\u00e4ss\u00e4. Sosiaalinen kypsyys n\u00e4kyy my\u00f6s ulkokissojen reviirin puolustamisena. T\u00e4m\u00e4 voi johtaa aiemmin kesken\u00e4\u00e4n hyvin toimeen tulleiden kissojen kilpailuna resursseista ja elintilasta. Koska sosiaalinen kypsyys saavutetaan my\u00f6h\u00e4\u00e4n ei ole mit\u00e4\u00e4n takeita siit\u00e4, ett\u00e4 pentuina yhdess\u00e4 viihtyneet kissat viihtyv\u00e4t yhdess\u00e4 my\u00f6s aikuisina. Mutta jatkuva kilpailun ja resursseista tappelemisen v\u00e4hent\u00e4minen auttaa kissanomistajia v\u00e4ltt\u00e4m\u00e4\u00e4n ongelmia kissojen aikuistuessa. T\u00e4rkeint\u00e4 on, ett\u00e4 kaikilla kissoilla on p\u00e4\u00e4sy niiden hyvinvoinnin kannalta t\u00e4rkeisiin paikkoihin ja resursseihin.<\/p>\n<p><strong>Artikkelin kirjoittaja:<\/strong> Elin Hirsch, Bozitan oma kissa-asiantuntija, kissojen k\u00e4ytt\u00e4ytymiseen erikoistunut etiologian tohtori.<\/p>\n\t\t\t<\/div>\n\t\t<\/div>\n\t<\/div>\n\n\n\n\t<section class=\"block related-articles\">\n\t\t<div class=\"container\">\n\t\t\t<h2>Aiheeseen liittyvi\u00e4 artikkeleita<\/h2>\n\t\t\t<div class=\"row justify-content-center\">\n\t\t\t\t\t\t\t\t\t\t<div class=\"col-sm-6 col-md-6 col-lg-3\">\n\t\t\t\t\t\t\t\t\t\t\t\t\t\t<div class=\"card \">\n\t\t\t\t\t\t\t\t\t\t\t\t\t\t\t\t\t<img decoding=\"async\"  src=\"https:\/\/bozita.com\/fi\/wp-content\/uploads\/sites\/11\/2021\/08\/bozita-kattens-kroppssprak.jpg\" alt=\"\">\n\t\t\t\t\t\t\t\t\t\t\t\t\t\t\t\t\t<!-- <img decoding=\"async\" src=\"\n\t\t\t\t\t\t\t\t\t\t\t\t\t\t\t\t\t\t\t\t\" alt=\"\n\t\t\t\t\t\t\t\t\t\t\t\t\t\t\t\t\t\t\t\t\t\t\t\t\t\t\t\"> -->\n\t\t\t\t\t\t\t\t<div class=\"card-body\">\n\t\t\t\t\t\t\t\t\t\t\t\t\t\t\t\t\t\t\t<h6>Kissan k\u00e4yt\u00f6s ja kehonkieli<\/h6>\n\t\t\t\t\t\t\t\t\t\t\t\t\t\t\t\t\t\t\t<a href=\"https:\/\/bozita.com\/fi\/kissan-kehitys\/kissan-kaytos-ja-kehonkieli\/\">Lue lis\u00e4\u00e4 &nbsp; ><\/a>\n\t\t\t\t\t\t\t\t<\/div>\n\t\t\t\t\t\t\t<\/div>\n\t\t\t\t\t\t<\/div>\n\n\t\t\t\t\t\t\t\t\t\t\t<div class=\"col-sm-6 col-md-6 col-lg-3\">\n\t\t\t\t\t\t\t\t\t\t\t\t\t\t<div class=\"card \">\n\t\t\t\t\t\t\t\t\t\t\t\t\t\t\t\t\t<img decoding=\"async\"  src=\"https:\/\/bozita.com\/fi\/wp-content\/uploads\/sites\/11\/2021\/08\/bozita-introducera-katt-till-nytt-hem.jpg\" alt=\"\">\n\t\t\t\t\t\t\t\t\t\t\t\t\t\t\t\t\t<!-- <img decoding=\"async\" src=\"\n\t\t\t\t\t\t\t\t\t\t\t\t\t\t\t\t\t\t\t\t\" alt=\"\n\t\t\t\t\t\t\t\t\t\t\t\t\t\t\t\t\t\t\t\t\t\t\t\t\t\t\t\"> -->\n\t\t\t\t\t\t\t\t<div class=\"card-body\">\n\t\t\t\t\t\t\t\t\t\t\t\t\t\t\t\t\t\t\t<h6>Kissan totuttaminen uuteen kotiin<\/h6>\n\t\t\t\t\t\t\t\t\t\t\t\t\t\t\t\t\t\t\t<a href=\"https:\/\/bozita.com\/fi\/kissan-hankinta\/kissan-totuttaminen-uuteen-kotiin\/\">Lue lis\u00e4\u00e4 &nbsp; ><\/a>\n\t\t\t\t\t\t\t\t<\/div>\n\t\t\t\t\t\t\t<\/div>\n\t\t\t\t\t\t<\/div>\n\n\t\t\t\t\t\t\t\t\t\t\t<div class=\"col-sm-6 col-md-6 col-lg-3\">\n\t\t\t\t\t\t\t\t\t\t\t\t\t\t<div class=\"card \">\n\t\t\t\t\t\t\t\t\t\t\t\t\t\t\t\t\t<img decoding=\"async\"  src=\"https:\/\/bozita.com\/fi\/wp-content\/uploads\/sites\/11\/2021\/08\/bozita-kattens-historia-domesticering.jpg\" alt=\"\">\n\t\t\t\t\t\t\t\t\t\t\t\t\t\t\t\t\t<!-- <img decoding=\"async\" src=\"\n\t\t\t\t\t\t\t\t\t\t\t\t\t\t\t\t\t\t\t\t\" alt=\"\n\t\t\t\t\t\t\t\t\t\t\t\t\t\t\t\t\t\t\t\t\t\t\t\t\t\t\t\"> -->\n\t\t\t\t\t\t\t\t<div class=\"card-body\">\n\t\t\t\t\t\t\t\t\t\t\t\t\t\t\t\t\t\t\t<h6>Kissojen historiaa<\/h6>\n\t\t\t\t\t\t\t\t\t\t\t\t\t\t\t\t\t\t\t<a href=\"https:\/\/bozita.com\/fi\/kissan-kehitys\/kissojen-historiaa\/\">Lue lis\u00e4\u00e4 &nbsp; ><\/a>\n\t\t\t\t\t\t\t\t<\/div>\n\t\t\t\t\t\t\t<\/div>\n\t\t\t\t\t\t<\/div>\n\n\t\t\t\t\t\t\t\t\t\t\t\t<\/div>\n\t\t<\/div>\n\t<\/section>\n","protected":false},"excerpt":{"rendered":"","protected":false},"author":1,"featured_media":6632,"parent":7239,"menu_order":0,"comment_status":"closed","ping_status":"closed","template":"guternberg.php","meta":{"footnotes":""},"acf":[],"yoast_head":"<!-- This site is optimized with the Yoast SEO plugin v21.3 - https:\/\/yoast.com\/wordpress\/plugins\/seo\/ -->\n<title>Kissan matka aikuisuuteen - Bozita Finland<\/title>\n<meta name=\"description\" content=\"Kissan kehitys kissanpennusta aikuiseksi. Kissanpennun viikoittainen kehitys. Mit\u00e4 silloin tapahtuu ja millin kissa on aikuinen? L\u00f6yd\u00e4t vastaukset Bozitalta.\" \/>\n<meta name=\"robots\" content=\"index, follow, max-snippet:-1, max-image-preview:large, max-video-preview:-1\" \/>\n<link rel=\"canonical\" href=\"https:\/\/bozita.com\/fi\/kissan-kehitys\/kissan-matka-aikuisuuteen\/\" \/>\n<meta property=\"og:locale\" content=\"fi_FI\" \/>\n<meta property=\"og:type\" content=\"article\" \/>\n<meta property=\"og:title\" content=\"Kissan matka aikuisuuteen - Bozita Finland\" \/>\n<meta property=\"og:description\" content=\"Kissan kehitys kissanpennusta aikuiseksi. Kissanpennun viikoittainen kehitys. Mit\u00e4 silloin tapahtuu ja millin kissa on aikuinen? L\u00f6yd\u00e4t vastaukset Bozitalta.\" \/>\n<meta property=\"og:url\" content=\"https:\/\/bozita.com\/fi\/kissan-kehitys\/kissan-matka-aikuisuuteen\/\" \/>\n<meta property=\"og:site_name\" content=\"Bozita Finland\" \/>\n<meta property=\"article:modified_time\" content=\"2025-03-05T08:55:34+00:00\" \/>\n<meta property=\"og:image\" content=\"https:\/\/bozita.com\/fi\/wp-content\/uploads\/sites\/11\/2021\/08\/bozita-kattens-utveckling-vuxenlivet.jpg\" \/>\n\t<meta property=\"og:image:width\" content=\"800\" \/>\n\t<meta property=\"og:image:height\" content=\"534\" \/>\n\t<meta property=\"og:image:type\" content=\"image\/jpeg\" \/>\n<meta name=\"twitter:card\" content=\"summary_large_image\" \/>\n<!-- \/ Yoast SEO plugin. -->","yoast_head_json":{"title":"Kissan matka aikuisuuteen - Bozita Finland","description":"Kissan kehitys kissanpennusta aikuiseksi. Kissanpennun viikoittainen kehitys. Mit\u00e4 silloin tapahtuu ja millin kissa on aikuinen? L\u00f6yd\u00e4t vastaukset Bozitalta.","robots":{"index":"index","follow":"follow","max-snippet":"max-snippet:-1","max-image-preview":"max-image-preview:large","max-video-preview":"max-video-preview:-1"},"canonical":"https:\/\/bozita.com\/fi\/kissan-kehitys\/kissan-matka-aikuisuuteen\/","og_locale":"fi_FI","og_type":"article","og_title":"Kissan matka aikuisuuteen - Bozita Finland","og_description":"Kissan kehitys kissanpennusta aikuiseksi. Kissanpennun viikoittainen kehitys. Mit\u00e4 silloin tapahtuu ja millin kissa on aikuinen? L\u00f6yd\u00e4t vastaukset Bozitalta.","og_url":"https:\/\/bozita.com\/fi\/kissan-kehitys\/kissan-matka-aikuisuuteen\/","og_site_name":"Bozita Finland","article_modified_time":"2025-03-05T08:55:34+00:00","og_image":[{"width":800,"height":534,"url":"https:\/\/bozita.com\/fi\/wp-content\/uploads\/sites\/11\/2021\/08\/bozita-kattens-utveckling-vuxenlivet.jpg","type":"image\/jpeg"}],"twitter_card":"summary_large_image","schema":{"@context":"https:\/\/schema.org","@graph":[{"@type":"WebPage","@id":"https:\/\/bozita.com\/fi\/kissan-kehitys\/kissan-matka-aikuisuuteen\/","url":"https:\/\/bozita.com\/fi\/kissan-kehitys\/kissan-matka-aikuisuuteen\/","name":"Kissan matka aikuisuuteen - Bozita Finland","isPartOf":{"@id":"https:\/\/bozita.com\/fi\/#website"},"datePublished":"2022-08-31T07:21:12+00:00","dateModified":"2025-03-05T08:55:34+00:00","description":"Kissan kehitys kissanpennusta aikuiseksi. Kissanpennun viikoittainen kehitys. Mit\u00e4 silloin tapahtuu ja millin kissa on aikuinen? L\u00f6yd\u00e4t vastaukset Bozitalta.","breadcrumb":{"@id":"https:\/\/bozita.com\/fi\/kissan-kehitys\/kissan-matka-aikuisuuteen\/#breadcrumb"},"inLanguage":"fi","potentialAction":[{"@type":"ReadAction","target":["https:\/\/bozita.com\/fi\/kissan-kehitys\/kissan-matka-aikuisuuteen\/"]}]},{"@type":"BreadcrumbList","@id":"https:\/\/bozita.com\/fi\/kissan-kehitys\/kissan-matka-aikuisuuteen\/#breadcrumb","itemListElement":[{"@type":"ListItem","position":1,"name":"Koti","item":"https:\/\/bozita.com\/fi\/"},{"@type":"ListItem","position":2,"name":"Kissan kehitys","item":"https:\/\/bozita.com\/fi\/kissan-kehitys\/"},{"@type":"ListItem","position":3,"name":"Kissan matka aikuisuuteen"}]},{"@type":"WebSite","@id":"https:\/\/bozita.com\/fi\/#website","url":"https:\/\/bozita.com\/fi\/","name":"Bozita Finland","description":"","potentialAction":[{"@type":"SearchAction","target":{"@type":"EntryPoint","urlTemplate":"https:\/\/bozita.com\/fi\/?s={search_term_string}"},"query-input":"required name=search_term_string"}],"inLanguage":"fi"}]}},"_links":{"self":[{"href":"https:\/\/bozita.com\/fi\/wp-json\/wp\/v2\/pages\/6631"}],"collection":[{"href":"https:\/\/bozita.com\/fi\/wp-json\/wp\/v2\/pages"}],"about":[{"href":"https:\/\/bozita.com\/fi\/wp-json\/wp\/v2\/types\/page"}],"author":[{"embeddable":true,"href":"https:\/\/bozita.com\/fi\/wp-json\/wp\/v2\/users\/1"}],"replies":[{"embeddable":true,"href":"https:\/\/bozita.com\/fi\/wp-json\/wp\/v2\/comments?post=6631"}],"version-history":[{"count":4,"href":"https:\/\/bozita.com\/fi\/wp-json\/wp\/v2\/pages\/6631\/revisions"}],"predecessor-version":[{"id":11221,"href":"https:\/\/bozita.com\/fi\/wp-json\/wp\/v2\/pages\/6631\/revisions\/11221"}],"up":[{"embeddable":true,"href":"https:\/\/bozita.com\/fi\/wp-json\/wp\/v2\/pages\/7239"}],"wp:featuredmedia":[{"embeddable":true,"href":"https:\/\/bozita.com\/fi\/wp-json\/wp\/v2\/media\/6632"}],"wp:attachment":[{"href":"https:\/\/bozita.com\/fi\/wp-json\/wp\/v2\/media?parent=6631"}],"curies":[{"name":"wp","href":"https:\/\/api.w.org\/{rel}","templated":true}]}}