{"id":6636,"date":"2022-08-31T07:21:25","date_gmt":"2022-08-31T07:21:25","guid":{"rendered":"https:\/\/bozita.com\/fi\/elamasi-koiran-kanssa\/"},"modified":"2024-03-22T13:36:06","modified_gmt":"2024-03-22T13:36:06","slug":"elamasi-koiran-kanssa","status":"publish","type":"page","link":"https:\/\/bozita.com\/fi\/elamasi-koiran-kanssa\/","title":{"rendered":"El\u00e4m\u00e4 koiran kanssa"},"content":{"rendered":"\n\t\t<section class=\"small-hero-with-image\">\n\t\t\t\t\t\t\t<img decoding=\"async\" class=\"background-image\" src=\"https:\/\/bozita.com\/fi\/wp-content\/uploads\/sites\/11\/2021\/06\/bozita-livet-med-hund.jpg\" alt=\"\">\n\t\t\t\t\t\t\t<div class=\"overlay-v1 \">\n\t\t\t\t<div class=\"container\">\n\t\t\t\t\t<div class=\"row\">\n\t\t\t\t\t\t<div class=\"col-md-6 col-lg-5\">\n\t\t\t\t\t\t\t<h5>Koira<\/h5><h1>El\u00e4m\u00e4si koiran kanssa<\/h1><p><p>Suunnitteletko koiran hankintaa? Mahtavaa! Koira on perheenj\u00e4sen.<\/p>\n<\/p>\t\t\t\t\t\t<\/div>\n\t\t\t\t\t<\/div>\n\t\t\t\t<\/div>\n\t\t\t<\/div>\n\t\t<\/section>\n\t\t\n\n\t<div class=\"text-box-warp\">\n\t\t<div class=\"container\">\n\t\t\t<div class=\"text-content\">\n\t\t\t\t<p>Koiran omistaminen ja koiran oleminen osana perhett\u00e4 ovat parhaita kuviteltavissa olevia asioita.<br \/>\nSiksi on t\u00e4rke\u00e4 muistaa, ett\u00e4 koira on pieni, suloinen pentu vain hetken, ja sen j\u00e4lkeen monia vuosia t\u00e4ysikasvuinen perheenj\u00e4sen &#8211; ihmisen paras yst\u00e4v\u00e4. On muutama huomioitava asia ennen kuin aloitat, on t\u00e4rke\u00e4 pohtia koiran hankkimista tarkasti.<\/p>\n<ul>\n<li><a title=\"Buying a dog \" href=\"https:\/\/bozita.com\/fi\/koiran-hankinta\/\" data-udi=\"umb:\/\/document\/d779bd970a7a48349ed59c3225ce96ba\"><u>Mieti huolellisesti ennen kuin hankit koiran<\/u><\/a><\/li>\n<\/ul>\n<p>El\u00e4m\u00e4 koiran kanssa voi vaikuttaa helpolta ja hauskalta, mutta sinun tulee olla tietoinen mahdollisista vaikeuksista. Koiraa tarvitsee rakkautta, sopivaa ruokaa ja s\u00e4\u00e4nn\u00f6llist\u00e4 liikuntaa. Bozita auttaa sinua tutkimaan koiranomistajuutta eri n\u00e4k\u00f6kulmista.<\/p>\n<ul>\n<li><a title=\"Dog health \" href=\"https:\/\/bozita.com\/fi\/koirasi-terveys\/?lang=fi\" data-udi=\"umb:\/\/document\/ee1e3d155dfb40f69b6db09cdfa94a0b\"><u>Neuvot ja vinkit &#8211; huolehdi koirastasi<\/u><\/a><\/li>\n<li><a title=\"From puppy to adult dog\" href=\"https:\/\/bozita.com\/fi\/pennun-kehitysvaiheet-pennusta-aikuiseksi-koiraksi\/\" data-udi=\"umb:\/\/document\/b5aea2bff6e342d2b82775babb345151\"><u>Pentukoiran kehitys &#8211; pennusta aikuiseksi<\/u><\/a><\/li>\n<li><a title=\"Dog food\" href=\"https:\/\/bozita.com\/fi\/koiranruoka\" data-udi=\"umb:\/\/document\/55b5151617194f52837b8d0a66d6a16d\"><u>Bozita koiranruoka <\/u><\/a>\u00a0&#8211; koirien kuivaruoka ja m\u00e4rk\u00e4ruoka<\/li>\n<li><a title=\"Puppy food\" href=\"https:\/\/bozita.com\/fi\/bozita-ruotsissa-valmistettua-penturuokaa\/?lang=fi\" data-udi=\"umb:\/\/document\/148fd5132ed2427cb9d80d509d81b8ce\"><u>Bozita penturuoka<\/u><\/a><\/li>\n<\/ul>\n\t\t\t<\/div>\n\t\t<\/div>\n\t<\/div>\n\n\n\t<section class=\"block section-promos\">\n\t\t<div class=\"container\">\n\t\t\t<div class=\"row\">\n\t\t\t\t\t\t\t\t\t\t<div class=\"col-md-6\">\n\t\t\t\t\t\t\t<div class=\"card\">\n\t\t\t\t\t\t\t\t\t\t\t\t\t\t\t\t\t<img decoding=\"async\" class=\"card-img-top\" src=\"https:\/\/bozita.com\/fi\/wp-content\/uploads\/sites\/11\/2021\/06\/bozita-hundens-utveckling.jpg\" alt=\"\">\n\t\t\t\t\t\t\t\t\t\t\t\t\t\t\t\t<div class=\"card-body\">\n\t\t\t\t\t\t\t\t\t<h5 class=\"card-title\">KEHITYS<\/h5>\n\t\t\t\t\t\t\t\t\t<p class=\"card-text\">Pennusta aikuiseksi ja vanhemmaksi koiraksi<\/p>\n\t\t\t\t\t\t\t\t\t\t\t\t\t\t\t\t\t\t\t<a target=\"\" href=\"https:\/\/bozita.com\/fi\/koirasi-kehitys\/\" class=\"btn btn-white\">Koirasi kehitys<\/a>\n\t\t\t\t\t\t\t\t\t\t\t\t\t\t\t\t\t\t<\/div>\n\t\t\t\t\t\t\t<\/div>\n\t\t\t\t\t\t<\/div>\n\t\t\t\t\t\t\t\t\t\t\t\t<div class=\"col-md-6\">\n\t\t\t\t\t\t\t<div class=\"card\">\n\t\t\t\t\t\t\t\t\t\t\t\t\t\t\t\t\t<img decoding=\"async\" class=\"card-img-top\" src=\"https:\/\/bozita.com\/fi\/wp-content\/uploads\/sites\/11\/2021\/06\/bozita-avmaska-hundvalp-hund.jpg\" alt=\"\">\n\t\t\t\t\t\t\t\t\t\t\t\t\t\t\t\t<div class=\"card-body\">\n\t\t\t\t\t\t\t\t\t<h5 class=\"card-title\">TERVEYS<\/h5>\n\t\t\t\t\t\t\t\t\t<p class=\"card-text\">Koiran terveys &#8211; aina etusijalla<\/p>\n\t\t\t\t\t\t\t\t\t\t\t\t\t\t\t\t\t\t\t<a target=\"\" href=\"https:\/\/bozita.com\/fi\/koirasi-terveys\/\" class=\"btn btn-white\">Koirasi terveys<\/a>\n\t\t\t\t\t\t\t\t\t\t\t\t\t\t\t\t\t\t<\/div>\n\t\t\t\t\t\t\t<\/div>\n\t\t\t\t\t\t<\/div>\n\t\t\t\t\t\t\t\t\t\t\t\t<div class=\"col-md-6\">\n\t\t\t\t\t\t\t<div class=\"card\">\n\t\t\t\t\t\t\t\t\t\t\t\t\t\t\t\t\t<img decoding=\"async\" class=\"card-img-top\" src=\"https:\/\/bozita.com\/fi\/wp-content\/uploads\/sites\/11\/2021\/06\/bozita-aktivera-hund.jpg\" alt=\"\">\n\t\t\t\t\t\t\t\t\t\t\t\t\t\t\t\t<div class=\"card-body\">\n\t\t\t\t\t\t\t\t\t<h5 class=\"card-title\">AKTIVOINTI<\/h5>\n\t\t\t\t\t\t\t\t\t<p class=\"card-text\">Aktivointi on t\u00e4rke\u00e4\u00e4 koirasi keholle ja mielelle<\/p>\n\t\t\t\t\t\t\t\t\t\t\t\t\t\t\t\t\t\t\t<a target=\"\" href=\"https:\/\/bozita.com\/fi\/aktiovoi-koirasi\/\" class=\"btn btn-white\">Aktivoi koiraasi<\/a>\n\t\t\t\t\t\t\t\t\t\t\t\t\t\t\t\t\t\t<\/div>\n\t\t\t\t\t\t\t<\/div>\n\t\t\t\t\t\t<\/div>\n\t\t\t\t\t\t\t\t\t\t\t\t<div class=\"col-md-6\">\n\t\t\t\t\t\t\t<div class=\"card\">\n\t\t\t\t\t\t\t\t\t\t\t\t\t\t\t\t\t<img decoding=\"async\" class=\"card-img-top\" src=\"https:\/\/bozita.com\/fi\/wp-content\/uploads\/sites\/11\/2021\/06\/bozita-nutrition-kost.jpg\" alt=\"\">\n\t\t\t\t\t\t\t\t\t\t\t\t\t\t\t\t<div class=\"card-body\">\n\t\t\t\t\t\t\t\t\t<h5 class=\"card-title\">RAVINTO<\/h5>\n\t\t\t\t\t\t\t\t\t<p class=\"card-text\">Enemm\u00e4n kuin vain ruokaa kupissa<\/p>\n\t\t\t\t\t\t\t\t\t\t\t\t\t\t\t\t\t\t\t<a target=\"\" href=\"https:\/\/bozita.com\/fi\/ravitsemus-ja-ruokavalio\/\" class=\"btn btn-white\">Ravitsemus ja ruokavalio<\/a>\n\t\t\t\t\t\t\t\t\t\t\t\t\t\t\t\t\t\t<\/div>\n\t\t\t\t\t\t\t<\/div>\n\t\t\t\t\t\t<\/div>\n\t\t\t\t\t\t\t\t\t\t\t\t<div class=\"col-md-6\">\n\t\t\t\t\t\t\t<div class=\"card\">\n\t\t\t\t\t\t\t\t\t\t\t\t\t\t\t\t\t<img decoding=\"async\" class=\"card-img-top\" src=\"https:\/\/bozita.com\/fi\/wp-content\/uploads\/sites\/11\/2021\/06\/bozita-kopa-hund.jpg\" alt=\"\">\n\t\t\t\t\t\t\t\t\t\t\t\t\t\t\t\t<div class=\"card-body\">\n\t\t\t\t\t\t\t\t\t<h5 class=\"card-title\">KOIRAN VALINTA<\/h5>\n\t\t\t\t\t\t\t\t\t<p class=\"card-text\">Suunnitteletko koiran hankkimista<\/p>\n\t\t\t\t\t\t\t\t\t\t\t\t\t\t\t\t\t\t\t<a target=\"\" href=\"https:\/\/bozita.com\/fi\/koiran-hankinta\/\" class=\"btn btn-white\">Koiran ostaminen <\/a>\n\t\t\t\t\t\t\t\t\t\t\t\t\t\t\t\t\t\t<\/div>\n\t\t\t\t\t\t\t<\/div>\n\t\t\t\t\t\t<\/div>\n\t\t\t\t\t\t\t\t\t<\/div>\n\t\t<\/div>\n\t<\/section>\n\n\n<section class=\"block product-promos\">\n\t<div class=\"container\">\n\t\t<div class=\"row align-items-center\">\n\t\t\t<div class=\"col-md-5\">\n\t\t\t\t<div class=\"prdt__promos-heading\">\n\t\t\t\t\t<h3>\n\t\t\t\t\t\tRUOKA T\u00c4YNN\u00c4 ENERGIAA\t\t\t\t\t<\/h3>\n\t\t\t\t\t\t\t\t\t<\/div>\n\t\t\t<\/div>\n\t\t\t<div class=\"col-md-7\">\n\t\t\t\t\t\t\t\t\t<div class=\"owl-carousel owl-theme product-promo-carousel\">\n\t\t\t\t\t\t\t\t\t\t\t\t\t<a href=\"https:\/\/bozita.com\/fi\/koiranruoka\/bozita-robur-active-performance-old\/\">\n\t\t\t\t\t\t\t\t<div class=\"blk__prdt-item\">\n\t\t\t\t\t\t\t\t\t<figure>\n\t\t\t\t\t\t\t\t\t\t<img loading=\"lazy\" decoding=\"async\" width=\"400\" height=\"366\" src=\"https:\/\/bozita.com\/fi\/wp-content\/uploads\/sites\/11\/2021\/06\/2039-bozita-robur-active-performance-elk.png\" class=\"attachment-post-thumbnail size-post-thumbnail wp-post-image\" alt=\"BOZITA ROBUR ACTIVE PERFORMANCE\" srcset=\"https:\/\/bozita.com\/fi\/wp-content\/uploads\/sites\/11\/2021\/06\/2039-bozita-robur-active-performance-elk.png 400w, https:\/\/bozita.com\/fi\/wp-content\/uploads\/sites\/11\/2021\/06\/2039-bozita-robur-active-performance-elk-300x275.png 300w\" sizes=\"(max-width: 400px) 100vw, 400px\" \/>\t\t\t\t\t\t\t\t\t\t\t\t\t\t\t\t\t\t\t<\/figure>\n\t\t\t\t\t\t\t\t\t<h4 class=\"carousel-title\"><\/h4>\n\t\t\t\t\t\t\t\t\t<span class=\"carousel-category\">BOZITA ROBUR ACTIVE PERFORMANCE<\/span>\n\t\t\t\t\t\t\t\t\t  \n\t\t\t\t\t\t\t\t\t<ul class=\"category-list\">\n\t\t\t\t\t\t\t\t\t\t\t\t\t\t\t\t\t\t\t\t\t\t\t<li class=\"svg-image\">\n\t\t\t\t\t\t\t\t\t\t\t\t\t\t<img decoding=\"async\" src=\"https:\/\/bozita.com\/fi\/wp-content\/uploads\/sites\/11\/2023\/09\/icon-wheat-free.svg\" \/>\n\t\t\t\t\t\t\t\t\t\t\t\t\t<\/li>\n\t\t\t\t\t\t\t\t\t\t\t\t\t\t\t\t\t\t\t\t\t\t\t\t\t\t\t\t\t\t\t\t\t\t\t\t<li class=\"svg-image\">\n\t\t\t\t\t\t\t\t\t\t\t\t\t\t<img decoding=\"async\" src=\"https:\/\/bozita.com\/fi\/wp-content\/uploads\/sites\/11\/2023\/09\/icon-flavour-reindeer.svg\" \/>\n\t\t\t\t\t\t\t\t\t\t\t\t\t<\/li>\n\t\t\t\t\t\t\t\t\t\t\t\t\t\t\t\t\t\t\t\t\t\t<\/ul>       \n\n\t\t\t\t\t\t\t\t<\/div>\n\t\t\t\t\t\t\t<\/a>\n\t\t\t\t\t\t\t\t\t\t\t\t\t\t\t\t\t\t\t\t<a href=\"https:\/\/bozita.com\/fi\/koiranruoka\/bozita-robur-adult-maintenance-old\/\">\n\t\t\t\t\t\t\t\t<div class=\"blk__prdt-item\">\n\t\t\t\t\t\t\t\t\t<figure>\n\t\t\t\t\t\t\t\t\t\t<img loading=\"lazy\" decoding=\"async\" width=\"1000\" height=\"1000\" src=\"https:\/\/bozita.com\/fi\/wp-content\/uploads\/sites\/11\/2021\/05\/adult-maintenance.jpg\" class=\"attachment-post-thumbnail size-post-thumbnail wp-post-image\" alt=\"BOZITA ROBUR ADULT MAINTENANCE\" srcset=\"https:\/\/bozita.com\/fi\/wp-content\/uploads\/sites\/11\/2021\/05\/adult-maintenance.jpg 1000w, https:\/\/bozita.com\/fi\/wp-content\/uploads\/sites\/11\/2021\/05\/adult-maintenance-300x300.jpg 300w, https:\/\/bozita.com\/fi\/wp-content\/uploads\/sites\/11\/2021\/05\/adult-maintenance-150x150.jpg 150w, https:\/\/bozita.com\/fi\/wp-content\/uploads\/sites\/11\/2021\/05\/adult-maintenance-768x768.jpg 768w\" sizes=\"(max-width: 1000px) 100vw, 1000px\" \/>\t\t\t\t\t\t\t\t\t\t\t\t\t\t\t\t\t\t\t<\/figure>\n\t\t\t\t\t\t\t\t\t<h4 class=\"carousel-title\"><\/h4>\n\t\t\t\t\t\t\t\t\t<span class=\"carousel-category\">BOZITA ROBUR ADULT MAINTENANCE<\/span>\n\t\t\t\t\t\t\t\t\t  \n\t\t\t\t\t\t\t\t\t<ul class=\"category-list\">\n\t\t\t\t\t\t\t\t\t\t\t\t\t\t\t\t\t\t\t\t\t\t\t<li class=\"svg-image\">\n\t\t\t\t\t\t\t\t\t\t\t\t\t\t<img decoding=\"async\" src=\"https:\/\/bozita.com\/fi\/wp-content\/uploads\/sites\/11\/2023\/09\/icon-wheat-free.svg\" \/>\n\t\t\t\t\t\t\t\t\t\t\t\t\t<\/li>\n\t\t\t\t\t\t\t\t\t\t\t\t\t\t\t\t\t\t\t\t\t\t\t\t\t\t\t\t\t\t\t\t\t\t\t\t<li class=\"svg-image\">\n\t\t\t\t\t\t\t\t\t\t\t\t\t\t<img decoding=\"async\" src=\"https:\/\/bozita.com\/fi\/wp-content\/uploads\/sites\/11\/2023\/09\/icon-flavour-chicken.svg\" \/>\n\t\t\t\t\t\t\t\t\t\t\t\t\t<\/li>\n\t\t\t\t\t\t\t\t\t\t\t\t\t\t\t\t\t\t\t\t\t\t<\/ul>       \n\n\t\t\t\t\t\t\t\t<\/div>\n\t\t\t\t\t\t\t<\/a>\n\t\t\t\t\t\t\t\t\t\t\t\t\t\t\t\t\t\t\t\t\t\t\t\t\t\t\t<a href=\"https:\/\/bozita.com\/fi\/koiranruoka\/bozita-hirvipatee\/\">\n\t\t\t\t\t\t\t\t<div class=\"blk__prdt-item\">\n\t\t\t\t\t\t\t\t\t<figure>\n\t\t\t\t\t\t\t\t\t\t<img loading=\"lazy\" decoding=\"async\" width=\"400\" height=\"400\" src=\"https:\/\/bozita.com\/fi\/wp-content\/uploads\/sites\/11\/2021\/06\/4054-bozita-elk-can-625-g.png\" class=\"attachment-post-thumbnail size-post-thumbnail wp-post-image\" alt=\"Yksityinen: BOZITA PATEE, SIS\u00c4LT\u00c4\u00c4 HIRVE\u00c4\" srcset=\"https:\/\/bozita.com\/fi\/wp-content\/uploads\/sites\/11\/2021\/06\/4054-bozita-elk-can-625-g.png 400w, https:\/\/bozita.com\/fi\/wp-content\/uploads\/sites\/11\/2021\/06\/4054-bozita-elk-can-625-g-300x300.png 300w, https:\/\/bozita.com\/fi\/wp-content\/uploads\/sites\/11\/2021\/06\/4054-bozita-elk-can-625-g-150x150.png 150w\" sizes=\"(max-width: 400px) 100vw, 400px\" \/>\t\t\t\t\t\t\t\t\t\t\t\t\t\t\t\t\t\t\t<\/figure>\n\t\t\t\t\t\t\t\t\t<h4 class=\"carousel-title\"><\/h4>\n\t\t\t\t\t\t\t\t\t<span class=\"carousel-category\">Yksityinen: BOZITA PATEE, SIS\u00c4LT\u00c4\u00c4 HIRVE\u00c4<\/span>\n\t\t\t\t\t\t\t\t\t  \n\t\t\t\t\t\t\t\t\t<ul class=\"category-list\">\n\t\t\t\t\t\t\t\t\t\t\t\t\t\t\t\t\t\t\t\t\t\t\t<li class=\"svg-image\">\n\t\t\t\t\t\t\t\t\t\t\t\t\t\t<img decoding=\"async\" src=\"https:\/\/bozita.com\/fi\/wp-content\/uploads\/sites\/11\/2023\/09\/icon-wheat-free.svg\" \/>\n\t\t\t\t\t\t\t\t\t\t\t\t\t<\/li>\n\t\t\t\t\t\t\t\t\t\t\t\t\t\t\t\t\t\t\t\t\t\t\t\t\t\t<li class=\"svg-image\">\n\t\t\t\t\t\t\t\t\t\t\t\t\t\t<img decoding=\"async\" src=\"https:\/\/bozita.com\/fi\/wp-content\/uploads\/sites\/11\/2023\/09\/icon-grain-free.svg\" \/>\n\t\t\t\t\t\t\t\t\t\t\t\t\t<\/li>\n\t\t\t\t\t\t\t\t\t\t\t\t\t\t\t\t\t\t\t\t\t\t\t\t\t\t\t\t\t\t\t\t\t\t\t\t<li class=\"svg-image\">\n\t\t\t\t\t\t\t\t\t\t\t\t\t\t<img decoding=\"async\" src=\"https:\/\/bozita.com\/fi\/wp-content\/uploads\/sites\/11\/2023\/09\/icon-flavour-elk.svg\" \/>\n\t\t\t\t\t\t\t\t\t\t\t\t\t<\/li>\n\t\t\t\t\t\t\t\t\t\t\t\t\t\t\t\t\t\t\t\t\t\t<\/ul>       \n\n\t\t\t\t\t\t\t\t<\/div>\n\t\t\t\t\t\t\t<\/a>\n\t\t\t\t\t\t\t\t\t\t\t\t\t\t\t\t\t\t\t\t<a href=\"https:\/\/bozita.com\/fi\/kissanruoka\/bozita-kalkkuna-palat-hyytelossa\/\">\n\t\t\t\t\t\t\t\t<div class=\"blk__prdt-item\">\n\t\t\t\t\t\t\t\t\t<figure>\n\t\t\t\t\t\t\t\t\t\t<img loading=\"lazy\" decoding=\"async\" width=\"600\" height=\"600\" src=\"https:\/\/bozita.com\/fi\/wp-content\/uploads\/sites\/11\/2024\/08\/bozita-chunks-in-jelly-with-turkey-370-g-tetra.jpg\" class=\"attachment-post-thumbnail size-post-thumbnail wp-post-image\" alt=\"\" srcset=\"https:\/\/bozita.com\/fi\/wp-content\/uploads\/sites\/11\/2024\/08\/bozita-chunks-in-jelly-with-turkey-370-g-tetra.jpg 600w, https:\/\/bozita.com\/fi\/wp-content\/uploads\/sites\/11\/2024\/08\/bozita-chunks-in-jelly-with-turkey-370-g-tetra-300x300.jpg 300w, https:\/\/bozita.com\/fi\/wp-content\/uploads\/sites\/11\/2024\/08\/bozita-chunks-in-jelly-with-turkey-370-g-tetra-150x150.jpg 150w\" sizes=\"(max-width: 600px) 100vw, 600px\" \/>\t\t\t\t\t\t\t\t\t\t\t\t\t\t\t\t\t\t\t<\/figure>\n\t\t\t\t\t\t\t\t\t<h4 class=\"carousel-title\"><\/h4>\n\t\t\t\t\t\t\t\t\t<span class=\"carousel-category\">PALOJA HYYTEL\u00d6SS\u00c4, SIS\u00c4LT\u00c4\u00c4 KALKKUNAA<\/span>\n\t\t\t\t\t\t\t\t\t  \n\t\t\t\t\t\t\t\t\t<ul class=\"category-list\">\n\t\t\t\t\t\t\t\t\t\t\t\t\t\t\t\t\t\t\t\t\t\t\t<li class=\"svg-image\">\n\t\t\t\t\t\t\t\t\t\t\t\t\t\t<img decoding=\"async\" src=\"https:\/\/bozita.com\/fi\/wp-content\/uploads\/sites\/11\/2023\/09\/icon-grain-free.svg\" \/>\n\t\t\t\t\t\t\t\t\t\t\t\t\t<\/li>\n\t\t\t\t\t\t\t\t\t\t\t\t\t\t\t\t\t\t\t\t\t\t\t\t\t\t\t\t\t\t\t\t\t\t\t\t<li class=\"svg-image\">\n\t\t\t\t\t\t\t\t\t\t\t\t\t\t<img decoding=\"async\" src=\"https:\/\/bozita.com\/fi\/wp-content\/uploads\/sites\/11\/2023\/09\/icon-flavour-turkey.svg\" \/>\n\t\t\t\t\t\t\t\t\t\t\t\t\t<\/li>\n\t\t\t\t\t\t\t\t\t\t\t\t\t\t\t\t\t\t\t\t\t\t<\/ul>       \n\n\t\t\t\t\t\t\t\t<\/div>\n\t\t\t\t\t\t\t<\/a>\n\t\t\t\t\t\t\t\t\t\t\t\t\t\t\t\t\t\t<\/div>\n\t\t\t\t\t\t\t<\/div>\n\t\t<\/div>\n\t<\/div>\n<\/section>\n<script>\njQuery(document).ready(function($) {\n\tjQuery('.product-promo-carousel').owlCarousel({\n\tloop: true,\n\tmargin: 10,\n\tresponsiveClass: true,\n\tresponsive: {\n\t\t0: {\n\t\titems: 1,\n\t\tnav: true\n\t\t},\n\t\t600: {\n\t\titems: 1,\n\t\tnav: true\n\t\t},\n\t\t1000: {\n\t\titems: 2,\n\t\tnav: true,\n\t\t}\n\t}\n\t})\n\tjQuery(\".owl-prev\").html('<span><<\/span>');\n\tjQuery(\".owl-next\").html('<span>><\/span>');\n\n\tvar slider = jQuery('.promo-slider-list');\n\tslider.owlCarousel();\n\tjQuery('.nextbtn-a').click(function() {\n\tslider.trigger('next.owl.carousel');\n\t})\n\t\/\/ Go to the previous item\n\tjQuery('.prebtn-a').click(function() {\n\tslider.trigger('prev.owl.carousel', [300]);\n\t})\n});\n<\/script>\n\n\n\t\t<section class=\"block full-width-promo \">\n\t\t<div class=\"overlay-v1\">\n\t\t\t\t\t\t\t\t<img decoding=\"async\" class=\"background-image-v1\" src=\"https:\/\/bozita.com\/fi\/wp-content\/uploads\/sites\/11\/2021\/06\/small-hero-image-dog-forest-lingon-scaled.jpg\" alt=\"\">\n\t\t\t\t\t\t\t\t<div class=\"container\">\n\t\t\t\t<div class=\"row\">\n\t\t\t\t\t<div class=\"col-md-6 col-lg-5\">\n\t\t\t\t\t\t<h5>BOZITA BREEDERS CLUB<\/h5><h1>Oletko koirankasvattaja?<\/h1><p>Bozita Breeders Club<\/p>\t\t\t\t\t\t<a class=\"btn btn-white\" href=\"https:\/\/bozita.com\/fi\/bozita-breeders-club\/\">S\u00e4\u00e4nn\u00f6t ja kasvattajaedut<\/a>\t\t\t\t\t<\/div>\n\t\t\t\t<\/div>\n\t\t\t<\/div>\n\t\t<\/div>\n\t<\/section>\n","protected":false},"excerpt":{"rendered":"","protected":false},"author":4,"featured_media":6637,"parent":0,"menu_order":0,"comment_status":"closed","ping_status":"closed","template":"guternberg.php","meta":{"footnotes":""},"acf":[],"yoast_head":"<!-- This site is optimized with the Yoast SEO plugin v21.3 - https:\/\/yoast.com\/wordpress\/plugins\/seo\/ -->\n<title>El\u00e4m\u00e4 koiran kanssa - Bozita Finland<\/title>\n<meta name=\"description\" content=\"El\u00e4m\u00e4 koiran kanssa - mink\u00e4laista on todella hankkia koira ja omistaa koira? Olemme ker\u00e4nneet t\u00e4h\u00e4n vinkkej\u00e4 ja neuvoja koiranomistajille.\" \/>\n<meta name=\"robots\" content=\"index, follow, max-snippet:-1, max-image-preview:large, max-video-preview:-1\" \/>\n<link rel=\"canonical\" href=\"https:\/\/bozita.com\/fi\/elamasi-koiran-kanssa\/\" \/>\n<meta property=\"og:locale\" content=\"fi_FI\" \/>\n<meta property=\"og:type\" content=\"article\" \/>\n<meta property=\"og:title\" content=\"El\u00e4m\u00e4 koiran kanssa - Bozita Finland\" \/>\n<meta property=\"og:description\" content=\"El\u00e4m\u00e4 koiran kanssa - mink\u00e4laista on todella hankkia koira ja omistaa koira? Olemme ker\u00e4nneet t\u00e4h\u00e4n vinkkej\u00e4 ja neuvoja koiranomistajille.\" \/>\n<meta property=\"og:url\" content=\"https:\/\/bozita.com\/fi\/elamasi-koiran-kanssa\/\" \/>\n<meta property=\"og:site_name\" content=\"Bozita Finland\" \/>\n<meta property=\"article:modified_time\" content=\"2024-03-22T13:36:06+00:00\" \/>\n<meta property=\"og:image\" content=\"https:\/\/bozita.com\/fi\/wp-content\/uploads\/sites\/11\/2021\/06\/bozita-livet-med-hund.jpg\" \/>\n\t<meta property=\"og:image:width\" content=\"1600\" \/>\n\t<meta property=\"og:image:height\" content=\"578\" \/>\n\t<meta property=\"og:image:type\" content=\"image\/jpeg\" \/>\n<meta name=\"twitter:card\" content=\"summary_large_image\" \/>\n<!-- \/ Yoast SEO plugin. -->","yoast_head_json":{"title":"El\u00e4m\u00e4 koiran kanssa - Bozita Finland","description":"El\u00e4m\u00e4 koiran kanssa - mink\u00e4laista on todella hankkia koira ja omistaa koira? Olemme ker\u00e4nneet t\u00e4h\u00e4n vinkkej\u00e4 ja neuvoja koiranomistajille.","robots":{"index":"index","follow":"follow","max-snippet":"max-snippet:-1","max-image-preview":"max-image-preview:large","max-video-preview":"max-video-preview:-1"},"canonical":"https:\/\/bozita.com\/fi\/elamasi-koiran-kanssa\/","og_locale":"fi_FI","og_type":"article","og_title":"El\u00e4m\u00e4 koiran kanssa - Bozita Finland","og_description":"El\u00e4m\u00e4 koiran kanssa - mink\u00e4laista on todella hankkia koira ja omistaa koira? Olemme ker\u00e4nneet t\u00e4h\u00e4n vinkkej\u00e4 ja neuvoja koiranomistajille.","og_url":"https:\/\/bozita.com\/fi\/elamasi-koiran-kanssa\/","og_site_name":"Bozita Finland","article_modified_time":"2024-03-22T13:36:06+00:00","og_image":[{"width":1600,"height":578,"url":"https:\/\/bozita.com\/fi\/wp-content\/uploads\/sites\/11\/2021\/06\/bozita-livet-med-hund.jpg","type":"image\/jpeg"}],"twitter_card":"summary_large_image","schema":{"@context":"https:\/\/schema.org","@graph":[{"@type":"WebPage","@id":"https:\/\/bozita.com\/fi\/elamasi-koiran-kanssa\/","url":"https:\/\/bozita.com\/fi\/elamasi-koiran-kanssa\/","name":"El\u00e4m\u00e4 koiran kanssa - Bozita Finland","isPartOf":{"@id":"https:\/\/bozita.com\/fi\/#website"},"datePublished":"2022-08-31T07:21:25+00:00","dateModified":"2024-03-22T13:36:06+00:00","description":"El\u00e4m\u00e4 koiran kanssa - mink\u00e4laista on todella hankkia koira ja omistaa koira? Olemme ker\u00e4nneet t\u00e4h\u00e4n vinkkej\u00e4 ja neuvoja koiranomistajille.","breadcrumb":{"@id":"https:\/\/bozita.com\/fi\/elamasi-koiran-kanssa\/#breadcrumb"},"inLanguage":"fi","potentialAction":[{"@type":"ReadAction","target":["https:\/\/bozita.com\/fi\/elamasi-koiran-kanssa\/"]}]},{"@type":"BreadcrumbList","@id":"https:\/\/bozita.com\/fi\/elamasi-koiran-kanssa\/#breadcrumb","itemListElement":[{"@type":"ListItem","position":1,"name":"Koti","item":"https:\/\/bozita.com\/fi\/"},{"@type":"ListItem","position":2,"name":"El\u00e4m\u00e4 koiran kanssa"}]},{"@type":"WebSite","@id":"https:\/\/bozita.com\/fi\/#website","url":"https:\/\/bozita.com\/fi\/","name":"Bozita Finland","description":"","potentialAction":[{"@type":"SearchAction","target":{"@type":"EntryPoint","urlTemplate":"https:\/\/bozita.com\/fi\/?s={search_term_string}"},"query-input":"required name=search_term_string"}],"inLanguage":"fi"}]}},"_links":{"self":[{"href":"https:\/\/bozita.com\/fi\/wp-json\/wp\/v2\/pages\/6636"}],"collection":[{"href":"https:\/\/bozita.com\/fi\/wp-json\/wp\/v2\/pages"}],"about":[{"href":"https:\/\/bozita.com\/fi\/wp-json\/wp\/v2\/types\/page"}],"author":[{"embeddable":true,"href":"https:\/\/bozita.com\/fi\/wp-json\/wp\/v2\/users\/4"}],"replies":[{"embeddable":true,"href":"https:\/\/bozita.com\/fi\/wp-json\/wp\/v2\/comments?post=6636"}],"version-history":[{"count":32,"href":"https:\/\/bozita.com\/fi\/wp-json\/wp\/v2\/pages\/6636\/revisions"}],"predecessor-version":[{"id":9523,"href":"https:\/\/bozita.com\/fi\/wp-json\/wp\/v2\/pages\/6636\/revisions\/9523"}],"wp:featuredmedia":[{"embeddable":true,"href":"https:\/\/bozita.com\/fi\/wp-json\/wp\/v2\/media\/6637"}],"wp:attachment":[{"href":"https:\/\/bozita.com\/fi\/wp-json\/wp\/v2\/media?parent=6636"}],"curies":[{"name":"wp","href":"https:\/\/api.w.org\/{rel}","templated":true}]}}