{"id":6653,"date":"2022-08-31T07:21:48","date_gmt":"2022-08-31T07:21:48","guid":{"rendered":"https:\/\/bozita.com\/fi\/ravitsemus-ja-ruokavalio\/"},"modified":"2023-10-03T14:00:55","modified_gmt":"2023-10-03T14:00:55","slug":"ravitsemus-ja-ruokavalio","status":"publish","type":"page","link":"https:\/\/bozita.com\/fi\/ravitsemus-ja-ruokavalio\/","title":{"rendered":"Ravitsemus ja ruokavalio"},"content":{"rendered":"\n\t\t<section class=\"small-hero-with-image\">\n\t\t\t\t\t\t\t<img decoding=\"async\" class=\"background-image\" src=\"https:\/\/bozita.com\/fi\/wp-content\/uploads\/sites\/11\/2021\/06\/bozita-nutrition-kost-2.jpg\" alt=\"\">\n\t\t\t\t\t\t\t<div class=\"overlay-v1 \">\n\t\t\t\t<div class=\"container\">\n\t\t\t\t\t<div class=\"row\">\n\t\t\t\t\t\t<div class=\"col-md-6 col-lg-5\">\n\t\t\t\t\t\t\t<h5>Tietoa<\/h5><h1>RAVITSEMUS &amp; RUOKAVALIO<\/h1><p><p>Mit\u00e4 koiran tulisi sy\u00f6d\u00e4? Hyv\u00e4 koiranruoka on tasapainoinen ja sis\u00e4lt\u00e4\u00e4 kaiken, mit\u00e4 koirasi tarvitsee.<\/p>\n<\/p>\t\t\t\t\t\t<\/div>\n\t\t\t\t\t<\/div>\n\t\t\t\t<\/div>\n\t\t\t<\/div>\n\t\t<\/section>\n\t\t\n\n\t<div class=\"text-box-warp\">\n\t\t<div class=\"container\">\n\t\t\t<div class=\"text-content\">\n\t\t\t\t<p>Terveellinen lemmikkiruoka sis\u00e4lt\u00e4\u00e4 oikeassa suhteessa proteiinia, rasvaa, kivenn\u00e4isi\u00e4 ja vitamiineja. Koiran ruoan m\u00e4\u00e4r\u00e4n ja tyypin ratkaisee ik\u00e4, koko ja aktiivisuuden m\u00e4\u00e4r\u00e4. Pennuille sek\u00e4 kantaville ja imett\u00e4ville nartuille on omat ruokansa, kuten my\u00f6s kasvaville, t\u00e4ysikasvuisille ja ik\u00e4\u00e4ntyville koirille. Koirasi terveys m\u00e4\u00e4ritt\u00e4\u00e4 my\u00f6s sen, mit\u00e4 sen tulisi sy\u00f6d\u00e4. Onko koirasi herkk\u00e4vatsainen, tai tarvitseeko se erityisen ruokavalion? T\u00e4\u00e4ll\u00e4 <a title=\"Dog food\" href=\"https:\/\/bozita.com\/fi\/koiranruoka\/\" data-udi=\"umb:\/\/document\/55b5151617194f52837b8d0a66d6a16d\"><u>Bozitan koiranruokavalikoimassa<\/u><\/a>\u00a0voit k\u00e4ytt\u00e4\u00e4 suodattimia l\u00f6yt\u00e4\u00e4ksesi koirallesi sopivan ruoan.<\/p>\n<h2><a href=\"https:\/\/bozita.com\/fi\/vaihto-penturuoasta-aikuisen-koiran-ruokaan\/\">Penturuoasta aikuisen ruokaan vaihtaminen<\/a><\/h2>\n<p>Koska pennun ruoka pit\u00e4isi vaihtaa t\u00e4ysikasvuisen koiran ruokaan?<br \/>\nKun koira on saavuttanut t\u00e4yden korkeuden ja painon, on aika siirty\u00e4 penturuoasta aikuisen koiran ruokaan. Kehitys on yksil\u00f6llist\u00e4, joten mit\u00e4\u00e4n tarkkaa ik\u00e4\u00e4 on mahdotonta m\u00e4\u00e4ritt\u00e4\u00e4. Tee vaihdos asteittain, jotta koiran ruoansulatus pysyy muutoksessa mukana. Kuinka paljon koiranpennun tulisi sy\u00f6d\u00e4 ja mik\u00e4 on paras ruoka? Kuinka valitsen pennulleni parhaan ruoan? Kuinka usein pentuni pit\u00e4\u00e4 sy\u00f6d\u00e4? N\u00e4it\u00e4 kysymyksi\u00e4 koiranomistajat kysyv\u00e4t itselt\u00e4\u00e4n. Kasvavan pennun on t\u00e4rke\u00e4\u00e4 saada sen kehitysvaiheeseen sopiva ruoka. T\u00e4m\u00e4 m\u00e4\u00e4rittelee oikean koiranruoan. Oikea m\u00e4\u00e4r\u00e4 tasapainoisia aterioita auttaa pentuasi saamaan kaiken tarvitsemansa kasvua ja tervett\u00e4 el\u00e4m\u00e4\u00e4 varten.<\/p>\n<h2><a href=\"https:\/\/bozita.com\/fi\/kantavien-ja-imettavien-narttujen-ruokinta\/\">Ruoka kantaville ja imett\u00e4ville nartuille.<\/a><\/h2>\n<p>Koiranomistajat keskittyv\u00e4t usein penturuokaan, jotta pentu saa hyv\u00e4t edellytykset kasvaa terveeksi koiraksi. Mutta my\u00f6s kantavan nartun ravinto on t\u00e4rke\u00e4. Koiraomistajan tulee pit\u00e4\u00e4 huolta, ett\u00e4 narttu saa oikeanlaista ruokaa ja s\u00e4ilytt\u00e4\u00e4 hyv\u00e4n painon parittelun, kantamisen ja imett\u00e4misen aikana. Terve narttu tuottaa terveit\u00e4 pentuja. Mik\u00e4 on paras ruoka kantavalle nartulle?<\/p>\n<h2><a href=\"https:\/\/bozita.com\/fi\/koiranruokaa-herkkavatsaisille-koirille\/\">Koiranruokaa herkk\u00e4vatsaisille<\/a><\/h2>\n<p class=\"article-list__author-byline\">Artikkelin on kirjoittanut Cecilia Hjelm<\/p>\n<p>Koirat voivat ihmisten tavoin olla herkk\u00e4vatsaisia. Jos koiralla on herkk\u00e4 vatsa, on t\u00e4rke\u00e4\u00e4 varmistaa, ett\u00e4 sen sy\u00f6m\u00e4 ruoka sopii sen vatsalle, jotta ravintoaineet ehtiv\u00e4t imeyty\u00e4 tehokkaasti ja koira pysyy terveen\u00e4 ja hyvinvoivana. Pitk\u00e4\u00e4n ep\u00e4tasapainossa oleva vatsa voi aiheuttaa muita oireita ja ongelmia, sill\u00e4 vatsan huono toiminta heikent\u00e4\u00e4 koiran immuunij\u00e4rjestelm\u00e4\u00e4.<\/p>\n<h2><a href=\"https:\/\/bozita.com\/fi\/viljaton-koiranruoka-kaikki-mita-sinun-tarvitsee-tietaa\/\">Viljaton koiranruoka &#8211; kaikki mit\u00e4 tarvitsee tiet\u00e4\u00e4<\/a><\/h2>\n<p class=\"article-list__author-byline\">Artikkelin on kirjoittanut Cecilia Hjelm<\/p>\n<p>Kun ihmisten tietoisuus ruoasta kasvaa, heijastuu my\u00f6s tietoisuus koiriemme ruokiin. Korkealaatuisen koiranruoan kysynt\u00e4 on kasvanut viime vuosina. Miksi antaisin t\u00e4t\u00e4 ruokaa koiralleni, mitk\u00e4 ovat hy\u00f6dyt, ja mit\u00e4 tulisi huomioida? Bozitan ravitsemustieteilij\u00e4 Cecilia Hjelm selitt\u00e4\u00e4 k\u00e4sitteet. Cecilia on ravitsemusoppiin erikoistunut tuotekehittelij\u00e4mme, ja lis\u00e4ksi p\u00e4tev\u00f6itynyt lemmikkiagrologi. H\u00e4n on eritt\u00e4in kiinnostunut koirista ja omaa syv\u00e4llisen tiet\u00e4myksen niiden tarpeista. Lemmikkien ruokien valmistamisessa on tunnettava paitsi ravitsemustiede ja raaka-aineet, mutta my\u00f6s lis\u00e4ksi lains\u00e4\u00e4d\u00e4nt\u00f6. Cecilia tiet\u00e4\u00e4 parhaan tavan ruokkia koiraasi.<br \/>\n\u200b<\/p>\n<h2><a href=\"https:\/\/bozita.com\/fi\/mita-koira-ei-saa-syoda\/\">Mit\u00e4 koirien ei pit\u00e4isi sy\u00f6d\u00e4<\/a><\/h2>\n<p class=\"article-list__author-byline\">Artikkelin on kirjoittanut Cecilia Hjelm<\/p>\n<p>Koirien pit\u00e4\u00e4 saada niiden el\u00e4m\u00e4ntapaan sopivaa koiranruokaa. Mutta koirallesi saattaa my\u00f6s maistua sinun ruokasi tai k\u00e4ytt\u00e4m\u00e4si elintarvikkeet. Tietyt ruoat voivat tehd\u00e4 koiran sairaaksi, ja jotkut ovat sille jopa myrkyllisi\u00e4. Siksi on t\u00e4rke\u00e4\u00e4 olla tarkka siit\u00e4, mit\u00e4 koirasi sy\u00f6 ja ymm\u00e4rt\u00e4\u00e4 mik\u00e4 on sille vahingollista. Bozitan ravitsemustieteilij\u00e4 Cecilia Hjelm, p\u00e4tev\u00f6itynyt lemmikkiagrologi ja koirien ruoan ja ruokailutapojen asiantuntija, voi auttaa sinua oppimaan lis\u00e4\u00e4.<\/p>\n<h2><a href=\"https:\/\/bozita.com\/fi\/mita-ruokaa-ja-kuinka-paljon-koiran-pitaa-syoda-paivassa\/\">Mit\u00e4 ja kuinka paljon koiran pit\u00e4isi sy\u00f6d\u00e4<\/a><\/h2>\n<p class=\"article-list__author-byline\">Artikkelin on kirjoittanut Cecilia Hjelm<\/p>\n<p>Terveellinen ja tasapainoinen koiranruoka on koirasi hyvinvoinnille eritt\u00e4in t\u00e4rke\u00e4. Aivan ihmisten tavoin my\u00f6s koirat tarvitsevat tasapainoisen ruokavalion ja niiden on t\u00e4rke\u00e4 saada joka el\u00e4m\u00e4nvaiheeseen tarvittavat ravintoaineet.<\/p>\n\t\t\t<\/div>\n\t\t<\/div>\n\t<\/div>\n\n\n<section class=\"block product-promos\">\n\t<div class=\"container\">\n\t\t<div class=\"row align-items-center\">\n\t\t\t<div class=\"col-md-5\">\n\t\t\t\t<div class=\"prdt__promos-heading\">\n\t\t\t\t\t<h3>\n\t\t\t\t\t\tPENNUILLE JA KANTAVILLE TAI IMETT\u00c4VILLE NARTUILLE SOPIVA RUOKA\t\t\t\t\t<\/h3>\n\t\t\t\t\t\t\t\t\t<\/div>\n\t\t\t<\/div>\n\t\t\t<div class=\"col-md-7\">\n\t\t\t\t\t\t\t\t\t<div class=\"owl-carousel owl-theme product-promo-carousel\">\n\t\t\t\t\t\t\t\t\t\t\t\t\t<a href=\"https:\/\/bozita.com\/fi\/koiranruoka\/bozita-robur-mother-puppy-old\/\">\n\t\t\t\t\t\t\t\t<div class=\"blk__prdt-item\">\n\t\t\t\t\t\t\t\t\t<figure>\n\t\t\t\t\t\t\t\t\t\t<img loading=\"lazy\" decoding=\"async\" width=\"400\" height=\"457\" src=\"https:\/\/bozita.com\/fi\/wp-content\/uploads\/sites\/11\/2021\/06\/2035-bozita-robur-mother-puppy.png\" class=\"attachment-post-thumbnail size-post-thumbnail wp-post-image\" alt=\"BOZITA ROBUR MOTHER &amp; PUPPY\" srcset=\"https:\/\/bozita.com\/fi\/wp-content\/uploads\/sites\/11\/2021\/06\/2035-bozita-robur-mother-puppy.png 400w, https:\/\/bozita.com\/fi\/wp-content\/uploads\/sites\/11\/2021\/06\/2035-bozita-robur-mother-puppy-263x300.png 263w\" sizes=\"(max-width: 400px) 100vw, 400px\" \/>\t\t\t\t\t\t\t\t\t\t\t\t\t\t\t\t\t\t\t<\/figure>\n\t\t\t\t\t\t\t\t\t<h4 class=\"carousel-title\"><\/h4>\n\t\t\t\t\t\t\t\t\t<span class=\"carousel-category\">BOZITA ROBUR MOTHER &amp; PUPPY<\/span>\n\t\t\t\t\t\t\t\t\t  \n\t\t\t\t\t\t\t\t\t<ul class=\"category-list\">\n\t\t\t\t\t\t\t\t\t\t\t\t\t\t\t\t\t\t\t\t\t\t\t<li class=\"svg-image\">\n\t\t\t\t\t\t\t\t\t\t\t\t\t\t<img decoding=\"async\" src=\"https:\/\/bozita.com\/fi\/wp-content\/uploads\/sites\/11\/2023\/09\/icon-wheat-free.svg\" \/>\n\t\t\t\t\t\t\t\t\t\t\t\t\t<\/li>\n\t\t\t\t\t\t\t\t\t\t\t\t\t\t\t\t\t\t\t\t\t\t\t\t\t\t\t\t\t\t\t\t\t\t\t\t<li class=\"svg-image\">\n\t\t\t\t\t\t\t\t\t\t\t\t\t\t<img decoding=\"async\" src=\"https:\/\/bozita.com\/fi\/wp-content\/uploads\/sites\/11\/2023\/09\/icon-flavour-chicken.svg\" \/>\n\t\t\t\t\t\t\t\t\t\t\t\t\t<\/li>\n\t\t\t\t\t\t\t\t\t\t\t\t\t\t\t\t\t\t\t\t\t\t<\/ul>       \n\n\t\t\t\t\t\t\t\t<\/div>\n\t\t\t\t\t\t\t<\/a>\n\t\t\t\t\t\t\t\t\t\t\t\t\t\t\t\t\t\t\t\t<a href=\"https:\/\/bozita.com\/fi\/koiranruoka\/bozita-robur-mother-puppy-xl-old\/\">\n\t\t\t\t\t\t\t\t<div class=\"blk__prdt-item\">\n\t\t\t\t\t\t\t\t\t<figure>\n\t\t\t\t\t\t\t\t\t\t<img loading=\"lazy\" decoding=\"async\" width=\"400\" height=\"457\" src=\"https:\/\/bozita.com\/fi\/wp-content\/uploads\/sites\/11\/2021\/06\/2036-bozita-robur-mother-puppy-xl.png\" class=\"attachment-post-thumbnail size-post-thumbnail wp-post-image\" alt=\"ACTIVE &amp; STERILISED &#8211; LAMB\" srcset=\"https:\/\/bozita.com\/fi\/wp-content\/uploads\/sites\/11\/2021\/06\/2036-bozita-robur-mother-puppy-xl.png 400w, https:\/\/bozita.com\/fi\/wp-content\/uploads\/sites\/11\/2021\/06\/2036-bozita-robur-mother-puppy-xl-263x300.png 263w\" sizes=\"(max-width: 400px) 100vw, 400px\" \/>\t\t\t\t\t\t\t\t\t\t\t\t\t\t\t\t\t\t\t<\/figure>\n\t\t\t\t\t\t\t\t\t<h4 class=\"carousel-title\"><\/h4>\n\t\t\t\t\t\t\t\t\t<span class=\"carousel-category\">BOZITA ROBUR MOTHER &amp; PUPPY XL<\/span>\n\t\t\t\t\t\t\t\t\t  \n\t\t\t\t\t\t\t\t\t<ul class=\"category-list\">\n\t\t\t\t\t\t\t\t\t\t\t\t\t\t\t\t\t\t\t\t\t\t\t<li class=\"svg-image\">\n\t\t\t\t\t\t\t\t\t\t\t\t\t\t<img decoding=\"async\" src=\"https:\/\/bozita.com\/fi\/wp-content\/uploads\/sites\/11\/2023\/09\/icon-wheat-free.svg\" \/>\n\t\t\t\t\t\t\t\t\t\t\t\t\t<\/li>\n\t\t\t\t\t\t\t\t\t\t\t\t\t\t\t\t\t\t\t\t\t\t\t\t\t\t\t\t\t\t\t\t\t\t\t\t<li class=\"svg-image\">\n\t\t\t\t\t\t\t\t\t\t\t\t\t\t<img decoding=\"async\" src=\"https:\/\/bozita.com\/fi\/wp-content\/uploads\/sites\/11\/2023\/09\/icon-flavour-chicken.svg\" \/>\n\t\t\t\t\t\t\t\t\t\t\t\t\t<\/li>\n\t\t\t\t\t\t\t\t\t\t\t\t\t\t\t\t\t\t\t\t\t\t<\/ul>       \n\n\t\t\t\t\t\t\t\t<\/div>\n\t\t\t\t\t\t\t<\/a>\n\t\t\t\t\t\t\t\t\t\t\t\t\t\t\t\t\t\t<\/div>\n\t\t\t\t\t\t\t<\/div>\n\t\t<\/div>\n\t<\/div>\n<\/section>\n<script>\njQuery(document).ready(function($) {\n\tjQuery('.product-promo-carousel').owlCarousel({\n\tloop: true,\n\tmargin: 10,\n\tresponsiveClass: true,\n\tresponsive: {\n\t\t0: {\n\t\titems: 1,\n\t\tnav: true\n\t\t},\n\t\t600: {\n\t\titems: 1,\n\t\tnav: true\n\t\t},\n\t\t1000: {\n\t\titems: 2,\n\t\tnav: true,\n\t\t}\n\t}\n\t})\n\tjQuery(\".owl-prev\").html('<span><<\/span>');\n\tjQuery(\".owl-next\").html('<span>><\/span>');\n\n\tvar slider = jQuery('.promo-slider-list');\n\tslider.owlCarousel();\n\tjQuery('.nextbtn-a').click(function() {\n\tslider.trigger('next.owl.carousel');\n\t})\n\t\/\/ Go to the previous item\n\tjQuery('.prebtn-a').click(function() {\n\tslider.trigger('prev.owl.carousel', [300]);\n\t})\n});\n<\/script>\n\n\n\n\t<section class=\"block explore-other-topics\">\n\t<div class=\"container\">\n\t\t<h2>Muita aiheita<\/h2>\n\t\t<div class=\"row\">\n\t\t\t\t\t\t\t\t<div class=\"col-md-6 col-lg-3\">\n\t\t\t\t\t\t\t\t\t\t\t\t\t<h6>Koiran hankinta<\/h6>\n\t\t\t\t\t\t\t\t\t\t\t\t\t<div class=\"card \">\n\t\t\t\t\t\t\t<img loading=\"lazy\" decoding=\"async\" width=\"800\" height=\"532\" src=\"https:\/\/bozita.com\/fi\/wp-content\/uploads\/sites\/11\/2021\/06\/bozita-kopa-hund.jpg\" class=\"attachment-post-thumbnail size-post-thumbnail wp-post-image\" alt=\"El\u00e4m\u00e4 koiran kanssa\" srcset=\"https:\/\/bozita.com\/fi\/wp-content\/uploads\/sites\/11\/2021\/06\/bozita-kopa-hund.jpg 800w, https:\/\/bozita.com\/fi\/wp-content\/uploads\/sites\/11\/2021\/06\/bozita-kopa-hund-300x200.jpg 300w, https:\/\/bozita.com\/fi\/wp-content\/uploads\/sites\/11\/2021\/06\/bozita-kopa-hund-768x511.jpg 768w\" sizes=\"(max-width: 800px) 100vw, 800px\" \/>\n\t\t\t\t\t\t\t\t\t\t\t\t\t\t<div class=\"card-body\">\n\t\t\t\t\t\t\t\t\n\t\t\t\t\t\t\t\t\t\t\t\t\t\t\t\t<a target=\"\" href=\"https:\/\/bozita.com\/fi\/koiran-hankinta\/\" class=\"btn btn-primary\">Enemm\u00e4n artikkeleita<\/a>\n\t\t\t\t\t\t\t<\/div>\n\t\t\t\t\t\t<\/div>\n\t\t\t\t\t<\/div>\n\t\t\t\t\t\t\t\t\t\t<div class=\"col-md-6 col-lg-3\">\n\t\t\t\t\t\t\t\t\t\t\t\t\t<h6>Koirasi kehitys<\/h6>\n\t\t\t\t\t\t\t\t\t\t\t\t\t<div class=\"card \">\n\t\t\t\t\t\t\t<img loading=\"lazy\" decoding=\"async\" width=\"800\" height=\"536\" src=\"https:\/\/bozita.com\/fi\/wp-content\/uploads\/sites\/11\/2021\/06\/bozita-hundens-utveckling.jpg\" class=\"attachment-post-thumbnail size-post-thumbnail wp-post-image\" alt=\"Koirasi kehitys\" srcset=\"https:\/\/bozita.com\/fi\/wp-content\/uploads\/sites\/11\/2021\/06\/bozita-hundens-utveckling.jpg 800w, https:\/\/bozita.com\/fi\/wp-content\/uploads\/sites\/11\/2021\/06\/bozita-hundens-utveckling-300x201.jpg 300w, https:\/\/bozita.com\/fi\/wp-content\/uploads\/sites\/11\/2021\/06\/bozita-hundens-utveckling-768x515.jpg 768w\" sizes=\"(max-width: 800px) 100vw, 800px\" \/>\n\t\t\t\t\t\t\t\t\t\t\t\t\t\t<div class=\"card-body\">\n\t\t\t\t\t\t\t\t\n\t\t\t\t\t\t\t\t\t\t\t\t\t\t\t\t\t<ul>\n\t\t\t\t\t\t\t\t\t\t\t\t\t\t\t\t\t\t\t\t\t<li><a href=\"https:\/\/bozita.com\/fi\/koirasi-kehitys\/koiran-nuoruus-vinkkeja-koiran-teini-ikaan\/\">Koiran nuoruus &#8211; vinkkej\u00e4 koiran teini-ik\u00e4\u00e4n<\/a><\/li>\n\t\t\t\t\t\t\t\t\t\t\t\t\t\t\t\t\t\t\t\t\t\t<li><a href=\"https:\/\/bozita.com\/fi\/koirasi-kehitys\/sosiaalista-koiranpentusi-kouluta-koirasi-tottumaan-uusiin-ymparistoihin\/\">Sosiaalista koiranpentusi &#8211; kouluta koirasi tottumaan uusiin ymp\u00e4rist\u00f6ihin<\/a><\/li>\n\t\t\t\t\t\t\t\t\t\t\t\t\t\t\t\t\t\t\t\t\t\t<li><a href=\"https:\/\/bozita.com\/fi\/koirasi-kehitys\/pennun-itsenaisyyden-harjoittelu-kouluta-koirasi-olemaan-yksin\/\">Pennun itsen\u00e4isyyden harjoittelu &#8211; kouluta koirasi olemaan yksin<\/a><\/li>\n\t\t\t\t\t\t\t\t\t\t\t\t\t\t\t\t\t\t\t\t<\/ul>\n\t\t\t\t\t\t\t\t\t\t\t\t\t\t\t\t<a target=\"\" href=\"https:\/\/bozita.com\/fi\/koirasi-kehitys\/\" class=\"btn btn-primary\">Enemm\u00e4n artikkeleita<\/a>\n\t\t\t\t\t\t\t<\/div>\n\t\t\t\t\t\t<\/div>\n\t\t\t\t\t<\/div>\n\t\t\t\t\t\t\t\t\t\t<div class=\"col-md-6 col-lg-3\">\n\t\t\t\t\t\t\t\t\t\t\t\t\t<h6>Koirasi terveys<\/h6>\n\t\t\t\t\t\t\t\t\t\t\t\t\t<div class=\"card \">\n\t\t\t\t\t\t\t<img loading=\"lazy\" decoding=\"async\" width=\"800\" height=\"533\" src=\"https:\/\/bozita.com\/fi\/wp-content\/uploads\/sites\/11\/2021\/06\/bozita-avmaska-hundvalp-hund.jpg\" class=\"attachment-post-thumbnail size-post-thumbnail wp-post-image\" alt=\"El\u00e4m\u00e4 koiran kanssa\" srcset=\"https:\/\/bozita.com\/fi\/wp-content\/uploads\/sites\/11\/2021\/06\/bozita-avmaska-hundvalp-hund.jpg 800w, https:\/\/bozita.com\/fi\/wp-content\/uploads\/sites\/11\/2021\/06\/bozita-avmaska-hundvalp-hund-300x200.jpg 300w, https:\/\/bozita.com\/fi\/wp-content\/uploads\/sites\/11\/2021\/06\/bozita-avmaska-hundvalp-hund-768x512.jpg 768w\" sizes=\"(max-width: 800px) 100vw, 800px\" \/>\n\t\t\t\t\t\t\t\t\t\t\t\t\t\t<div class=\"card-body\">\n\t\t\t\t\t\t\t\t\n\t\t\t\t\t\t\t\t\t\t\t\t\t\t\t\t\t<ul>\n\t\t\t\t\t\t\t\t\t\t\t\t\t\t\t\t\t\t\t\t\t<li><a href=\"https:\/\/bozita.com\/fi\/koirasi-terveys\/levakukinta-ja-koirat-mita-sinun-tulee-tietaa\/\">Lev\u00e4kukinta ja koirat &#8211; mit\u00e4 sinun tulee tiet\u00e4\u00e4<\/a><\/li>\n\t\t\t\t\t\t\t\t\t\t\t\t\t\t\t\t\t\t\t\t\t\t<li><a href=\"https:\/\/bozita.com\/fi\/koirasi-terveys\/koirien-ja-pentujen-madottaminen\/\">Koirien ja pentujen madottaminen<\/a><\/li>\n\t\t\t\t\t\t\t\t\t\t\t\t\t\t\t\t\t\t\t\t\t\t<li><a href=\"https:\/\/bozita.com\/fi\/koirasi-terveys\/kaarmeenpuremat-kuinka-suojautua\/\">K\u00e4\u00e4rmeenpuremat &#8211; Kuinka suojautua<\/a><\/li>\n\t\t\t\t\t\t\t\t\t\t\t\t\t\t\t\t\t\t\t\t<\/ul>\n\t\t\t\t\t\t\t\t\t\t\t\t\t\t\t\t<a target=\"\" href=\"https:\/\/bozita.com\/fi\/koirasi-terveys\/\" class=\"btn btn-primary\">Enemm\u00e4n artikkeleita<\/a>\n\t\t\t\t\t\t\t<\/div>\n\t\t\t\t\t\t<\/div>\n\t\t\t\t\t<\/div>\n\t\t\t\t\t\t\t\t\t\t<div class=\"col-md-6 col-lg-3\">\n\t\t\t\t\t\t\t\t\t\t\t\t\t<h6>Aktivoi koiraasi<\/h6>\n\t\t\t\t\t\t\t\t\t\t\t\t\t<div class=\"card \">\n\t\t\t\t\t\t\t<img loading=\"lazy\" decoding=\"async\" width=\"800\" height=\"531\" src=\"https:\/\/bozita.com\/fi\/wp-content\/uploads\/sites\/11\/2021\/06\/bozita-aktivera-hund.jpg\" class=\"attachment-post-thumbnail size-post-thumbnail wp-post-image\" alt=\"Aktivoi koiraasi\" srcset=\"https:\/\/bozita.com\/fi\/wp-content\/uploads\/sites\/11\/2021\/06\/bozita-aktivera-hund.jpg 800w, https:\/\/bozita.com\/fi\/wp-content\/uploads\/sites\/11\/2021\/06\/bozita-aktivera-hund-300x199.jpg 300w, https:\/\/bozita.com\/fi\/wp-content\/uploads\/sites\/11\/2021\/06\/bozita-aktivera-hund-768x510.jpg 768w\" sizes=\"(max-width: 800px) 100vw, 800px\" \/>\n\t\t\t\t\t\t\t\t\t\t\t\t\t\t<div class=\"card-body\">\n\t\t\t\t\t\t\t\t\n\t\t\t\t\t\t\t\t\t\t\t\t\t\t\t\t\t<ul>\n\t\t\t\t\t\t\t\t\t\t\t\t\t\t\t\t\t\t\t\t\t<li><a href=\"https:\/\/bozita.com\/fi\/aktiovoi-koirasi\/koirien-tasapainoharjoittelu\/\">Koirien tasapainoharjoittelu<\/a><\/li>\n\t\t\t\t\t\t\t\t\t\t\t\t\t\t\t\t\t\t\t\t\t\t<li><a href=\"https:\/\/bozita.com\/fi\/aktiovoi-koirasi\/koirat-veneissa-nelja-turvallisuusvinkkia\/\">Koirat veneiss\u00e4 &#8211; nelj\u00e4 turvallisuusvinkki\u00e4<\/a><\/li>\n\t\t\t\t\t\t\t\t\t\t\t\t\t\t\t\t\t\t\t\t\t\t<li><a href=\"https:\/\/bozita.com\/fi\/aktiovoi-koirasi\/koirakurssit-ja-aktiviteetit\/\">Koirakurssit ja aktiviteetit<\/a><\/li>\n\t\t\t\t\t\t\t\t\t\t\t\t\t\t\t\t\t\t\t\t<\/ul>\n\t\t\t\t\t\t\t\t\t\t\t\t\t\t\t\t<a target=\"\" href=\"https:\/\/bozita.com\/fi\/aktiovoi-koirasi\/\" class=\"btn btn-primary\">Enemm\u00e4n artikkeleita<\/a>\n\t\t\t\t\t\t\t<\/div>\n\t\t\t\t\t\t<\/div>\n\t\t\t\t\t<\/div>\n\t\t\t\t\t\t\t<\/div>\n\t<\/div>\n<\/section>\n","protected":false},"excerpt":{"rendered":"","protected":false},"author":4,"featured_media":6649,"parent":0,"menu_order":0,"comment_status":"closed","ping_status":"closed","template":"guternberg.php","meta":{"footnotes":""},"acf":[],"yoast_head":"<!-- This site is optimized with the Yoast SEO plugin v21.3 - https:\/\/yoast.com\/wordpress\/plugins\/seo\/ -->\n<title>Ravitsemus ja ruokavalio - Bozita Finland<\/title>\n<meta name=\"description\" content=\"Mit\u00e4 koiran tulisi sy\u00f6d\u00e4? Korilla on erilaiset ravitsemukselliset tarpeet riippuen el\u00e4m\u00e4ntilanteesta ja aktiivisuudesta. Lue t\u00e4st\u00e4 lis\u00e4\u00e4 koirien ravitsemuksesta ja ruokavaliosta.\" \/>\n<meta name=\"robots\" content=\"index, follow, max-snippet:-1, max-image-preview:large, max-video-preview:-1\" \/>\n<link rel=\"canonical\" href=\"https:\/\/bozita.com\/fi\/ravitsemus-ja-ruokavalio\/\" \/>\n<meta property=\"og:locale\" content=\"fi_FI\" \/>\n<meta property=\"og:type\" content=\"article\" \/>\n<meta property=\"og:title\" content=\"Ravitsemus ja ruokavalio - Bozita Finland\" \/>\n<meta property=\"og:description\" content=\"Mit\u00e4 koiran tulisi sy\u00f6d\u00e4? Korilla on erilaiset ravitsemukselliset tarpeet riippuen el\u00e4m\u00e4ntilanteesta ja aktiivisuudesta. Lue t\u00e4st\u00e4 lis\u00e4\u00e4 koirien ravitsemuksesta ja ruokavaliosta.\" \/>\n<meta property=\"og:url\" content=\"https:\/\/bozita.com\/fi\/ravitsemus-ja-ruokavalio\/\" \/>\n<meta property=\"og:site_name\" content=\"Bozita Finland\" \/>\n<meta property=\"article:modified_time\" content=\"2023-10-03T14:00:55+00:00\" \/>\n<meta property=\"og:image\" content=\"https:\/\/bozita.com\/fi\/wp-content\/uploads\/sites\/11\/2021\/06\/bozita-nutrition-kost.jpg\" \/>\n\t<meta property=\"og:image:width\" content=\"800\" \/>\n\t<meta property=\"og:image:height\" content=\"537\" \/>\n\t<meta property=\"og:image:type\" content=\"image\/jpeg\" \/>\n<meta name=\"twitter:card\" content=\"summary_large_image\" \/>\n<!-- \/ Yoast SEO plugin. -->","yoast_head_json":{"title":"Ravitsemus ja ruokavalio - Bozita Finland","description":"Mit\u00e4 koiran tulisi sy\u00f6d\u00e4? Korilla on erilaiset ravitsemukselliset tarpeet riippuen el\u00e4m\u00e4ntilanteesta ja aktiivisuudesta. Lue t\u00e4st\u00e4 lis\u00e4\u00e4 koirien ravitsemuksesta ja ruokavaliosta.","robots":{"index":"index","follow":"follow","max-snippet":"max-snippet:-1","max-image-preview":"max-image-preview:large","max-video-preview":"max-video-preview:-1"},"canonical":"https:\/\/bozita.com\/fi\/ravitsemus-ja-ruokavalio\/","og_locale":"fi_FI","og_type":"article","og_title":"Ravitsemus ja ruokavalio - Bozita Finland","og_description":"Mit\u00e4 koiran tulisi sy\u00f6d\u00e4? Korilla on erilaiset ravitsemukselliset tarpeet riippuen el\u00e4m\u00e4ntilanteesta ja aktiivisuudesta. Lue t\u00e4st\u00e4 lis\u00e4\u00e4 koirien ravitsemuksesta ja ruokavaliosta.","og_url":"https:\/\/bozita.com\/fi\/ravitsemus-ja-ruokavalio\/","og_site_name":"Bozita Finland","article_modified_time":"2023-10-03T14:00:55+00:00","og_image":[{"width":800,"height":537,"url":"https:\/\/bozita.com\/fi\/wp-content\/uploads\/sites\/11\/2021\/06\/bozita-nutrition-kost.jpg","type":"image\/jpeg"}],"twitter_card":"summary_large_image","schema":{"@context":"https:\/\/schema.org","@graph":[{"@type":"WebPage","@id":"https:\/\/bozita.com\/fi\/ravitsemus-ja-ruokavalio\/","url":"https:\/\/bozita.com\/fi\/ravitsemus-ja-ruokavalio\/","name":"Ravitsemus ja ruokavalio - Bozita Finland","isPartOf":{"@id":"https:\/\/bozita.com\/fi\/#website"},"datePublished":"2022-08-31T07:21:48+00:00","dateModified":"2023-10-03T14:00:55+00:00","description":"Mit\u00e4 koiran tulisi sy\u00f6d\u00e4? Korilla on erilaiset ravitsemukselliset tarpeet riippuen el\u00e4m\u00e4ntilanteesta ja aktiivisuudesta. Lue t\u00e4st\u00e4 lis\u00e4\u00e4 koirien ravitsemuksesta ja ruokavaliosta.","breadcrumb":{"@id":"https:\/\/bozita.com\/fi\/ravitsemus-ja-ruokavalio\/#breadcrumb"},"inLanguage":"fi","potentialAction":[{"@type":"ReadAction","target":["https:\/\/bozita.com\/fi\/ravitsemus-ja-ruokavalio\/"]}]},{"@type":"BreadcrumbList","@id":"https:\/\/bozita.com\/fi\/ravitsemus-ja-ruokavalio\/#breadcrumb","itemListElement":[{"@type":"ListItem","position":1,"name":"Koti","item":"https:\/\/bozita.com\/fi\/"},{"@type":"ListItem","position":2,"name":"Ravitsemus ja ruokavalio"}]},{"@type":"WebSite","@id":"https:\/\/bozita.com\/fi\/#website","url":"https:\/\/bozita.com\/fi\/","name":"Bozita Finland","description":"","potentialAction":[{"@type":"SearchAction","target":{"@type":"EntryPoint","urlTemplate":"https:\/\/bozita.com\/fi\/?s={search_term_string}"},"query-input":"required name=search_term_string"}],"inLanguage":"fi"}]}},"_links":{"self":[{"href":"https:\/\/bozita.com\/fi\/wp-json\/wp\/v2\/pages\/6653"}],"collection":[{"href":"https:\/\/bozita.com\/fi\/wp-json\/wp\/v2\/pages"}],"about":[{"href":"https:\/\/bozita.com\/fi\/wp-json\/wp\/v2\/types\/page"}],"author":[{"embeddable":true,"href":"https:\/\/bozita.com\/fi\/wp-json\/wp\/v2\/users\/4"}],"replies":[{"embeddable":true,"href":"https:\/\/bozita.com\/fi\/wp-json\/wp\/v2\/comments?post=6653"}],"version-history":[{"count":23,"href":"https:\/\/bozita.com\/fi\/wp-json\/wp\/v2\/pages\/6653\/revisions"}],"predecessor-version":[{"id":9070,"href":"https:\/\/bozita.com\/fi\/wp-json\/wp\/v2\/pages\/6653\/revisions\/9070"}],"wp:featuredmedia":[{"embeddable":true,"href":"https:\/\/bozita.com\/fi\/wp-json\/wp\/v2\/media\/6649"}],"wp:attachment":[{"href":"https:\/\/bozita.com\/fi\/wp-json\/wp\/v2\/media?parent=6653"}],"curies":[{"name":"wp","href":"https:\/\/api.w.org\/{rel}","templated":true}]}}