{"id":6661,"date":"2022-08-31T07:22:03","date_gmt":"2022-08-31T07:22:03","guid":{"rendered":"https:\/\/bozita.com\/fi\/ravinto-ja-ruokavalio\/"},"modified":"2023-02-27T14:17:12","modified_gmt":"2023-02-27T14:17:12","slug":"ravinto-ja-ruokavalio","status":"publish","type":"page","link":"https:\/\/bozita.com\/fi\/ravinto-ja-ruokavalio\/","title":{"rendered":"Ravinto ja ruokavalio"},"content":{"rendered":"\n\t\t<section class=\"small-hero-with-image\">\n\t\t\t\t\t\t\t<img decoding=\"async\" class=\"background-image\" src=\"https:\/\/bozita.com\/fi\/wp-content\/uploads\/sites\/11\/2021\/08\/bozita-nutrition-kost-katt-2-2.jpg\" alt=\"\">\n\t\t\t\t\t\t\t<div class=\"overlay-v1 \">\n\t\t\t\t<div class=\"container\">\n\t\t\t\t\t<div class=\"row\">\n\t\t\t\t\t\t<div class=\"col-md-6 col-lg-5\">\n\t\t\t\t\t\t\t<h5>Tietoa<\/h5><h1>Ravinto ja ruokavalio<\/h1>\t\t\t\t\t\t<\/div>\n\t\t\t\t\t<\/div>\n\t\t\t\t<\/div>\n\t\t\t<\/div>\n\t\t<\/section>\n\t\t\n\n\t<div class=\"text-box-warp\">\n\t\t<div class=\"container\">\n\t\t\t<div class=\"text-content\">\n\t\t\t\t<h2><a href=\"https:\/\/bozita.com\/fi\/miten-vaihdat-kissasi-ruoan\/?lang=fi\">Kuinka vaihdat kissasi ruoan<\/a><\/h2>\n<p>Kissan ruoan vaihtamiselle voi olla useita syit\u00e4, kissasi saattaa olla siirym\u00e4ss\u00e4 uuteen el\u00e4m\u00e4nvaiheeseen tai on ehk\u00e4 steriloitu. Onko kissallasi diagnosoitu jokin erityist\u00e4 ruokavaliota edellytt\u00e4v\u00e4 tila? On syy mik\u00e4 hyv\u00e4ns\u00e4, kissan ruoan vaihtaminen pit\u00e4\u00e4 tehd\u00e4 oikein. Muutaman neuvon sinulle antaa \u00c5sa L\u00f6fstrand, ravitsemustieteilij\u00e4 ja kotiel\u00e4inagronomi.<\/p>\n<h2><a href=\"https:\/\/bozita.com\/fi\/mita-kissat-syovat\/?lang=fi\">Mit\u00e4 kissat sy\u00f6v\u00e4t?<\/a><\/h2>\n<p>Kissa on luonnostaan lihansy\u00f6j\u00e4, joten se tarvitsee runsaasti el\u00e4inproteiinia ja el\u00e4inper\u00e4ist\u00e4 rasvaa pysy\u00e4kseen terveen\u00e4. Mutta t\u00e4m\u00e4 ei tarkoita, ett\u00e4 kissan pit\u00e4\u00e4 sy\u00f6d\u00e4 pelk\u00e4st\u00e4\u00e4n lihaa. T\u00e4rkkelys on erinomainen energianl\u00e4hde, joka vapauttaa proteiinin tekem\u00e4\u00e4n t\u00e4rke\u00e4\u00e4 kudosten rakentamista ja korjaamista.<\/p>\n<h2><a href=\"https:\/\/bozita.com\/fi\/edut-kissasi-paivittaiselle-markaruoalla-ruokkimiselle\/?lang=fi\">P\u00e4ivitt\u00e4isen m\u00e4rk\u00e4ruoan sy\u00f6misen edut kissalle<\/a><\/h2>\n<p>Jotkut kissanomistajat v\u00e4ltt\u00e4v\u00e4t m\u00e4rk\u00e4ruokaa koska se on sotkuista ja avoimen pakkauksen s\u00e4ilytt\u00e4minen j\u00e4\u00e4kaapissa \u00e4rsytt\u00e4\u00e4. M\u00e4rk\u00e4ruoalla on kuitenkin useita hy\u00f6tyj\u00e4. Ensinn\u00e4kin se on herkullista!<\/p>\n<h2><a href=\"https:\/\/bozita.com\/fi\/mita-teen-kun-kissani-ei-syo-tai-juo\/?lang=fi\">Mit\u00e4 teen jos kissani ei sy\u00f6 tai juo?<\/a><\/h2>\n<p>Jos kissanpentusi tai kissasi ei sy\u00f6 tai juo tarpeeksi on ruokahalun katoamisen syy selvitett\u00e4v\u00e4. On olennainen ero siin\u00e4 j\u00e4tt\u00e4\u00e4k\u00f6 kissa sy\u00f6m\u00e4tt\u00e4 koska se ei halua vai koska se ei pysty.<\/p>\n<h2><a href=\"https:\/\/bozita.com\/fi\/hyva-ruoka-kissanpennuille-kissanpennun-ruoka\/?lang=fi\">Hyv\u00e4 kissanpennun ruoka = erityisesti suunniteltu ruoka<\/a><\/h2>\n<p>Ravitseva ruoka on kissan terveydelle v\u00e4ltt\u00e4m\u00e4t\u00f6nt\u00e4, etenkin kasvaville pennuille, jotka tarvitsevat aikuisia kissoja enemm\u00e4n energiaa. Siksi on t\u00e4rke\u00e4 antaa kissanpennullesi ruokaa, joka on erityisesti suunniteltu vastaamaan niiden kasvavien, aktiivisten kehojen tarpeisiin. Meid\u00e4n ruoallamme voit olla varma, ett\u00e4 kissanpentusi saa kaiken kaiken tarvitsemansa.<\/p>\n\t\t\t<\/div>\n\t\t<\/div>\n\t<\/div>\n\n\n\n\t<section class=\"block explore-other-topics\">\n\t<div class=\"container\">\n\t\t<h2>Tutustu muihin aiheisiin<\/h2>\n\t\t<div class=\"row\">\n\t\t\t\t\t\t\t\t<div class=\"col-md-6 col-lg-3\">\n\t\t\t\t\t\t\t\t\t\t\t\t\t<h6>Pid\u00e4 kissasi terveen\u00e4<\/h6>\n\t\t\t\t\t\t\t\t\t\t\t\t\t<div class=\"card \">\n\t\t\t\t\t\t\t<img loading=\"lazy\" decoding=\"async\" width=\"800\" height=\"533\" src=\"https:\/\/bozita.com\/fi\/wp-content\/uploads\/sites\/11\/2021\/06\/bozita-katt-halsa.jpg\" class=\"attachment-post-thumbnail size-post-thumbnail wp-post-image\" alt=\"Pid\u00e4 kissasi terveen\u00e4\" srcset=\"https:\/\/bozita.com\/fi\/wp-content\/uploads\/sites\/11\/2021\/06\/bozita-katt-halsa.jpg 800w, https:\/\/bozita.com\/fi\/wp-content\/uploads\/sites\/11\/2021\/06\/bozita-katt-halsa-300x200.jpg 300w, https:\/\/bozita.com\/fi\/wp-content\/uploads\/sites\/11\/2021\/06\/bozita-katt-halsa-768x512.jpg 768w\" sizes=\"(max-width: 800px) 100vw, 800px\" \/>\n\t\t\t\t\t\t\t\t\t\t\t\t\t\t<div class=\"card-body\">\n\t\t\t\t\t\t\t\t\n\t\t\t\t\t\t\t\t\t\t\t\t\t\t\t\t\t<ul>\n\t\t\t\t\t\t\t\t\t\t\t\t\t\t\t\t\t\t\t\t\t<li><a href=\"https:\/\/bozita.com\/fi\/pida-kissasi-terveena\/kissan-steriloiminen-ja-sen-vaikutukset-kissan-terveyteen\/\">Kissan steriloiminen ja sen vaikutukset kissan terveyteen<\/a><\/li>\n\t\t\t\t\t\t\t\t\t\t\t\t\t\t\t\t\t\t\t\t\t\t<li><a href=\"https:\/\/bozita.com\/fi\/pida-kissasi-terveena\/kissan-steriloimisella-on-monia-etuja\/\">Kissan steriloimisella on monia etuja<\/a><\/li>\n\t\t\t\t\t\t\t\t\t\t\t\t\t\t\t\t\t\t\t\t\t\t<li><a href=\"https:\/\/bozita.com\/fi\/pida-kissasi-terveena\/kissan-ja-kissanpennun-madottaminen\/\">Kissan ja kissanpennun madottaminen<\/a><\/li>\n\t\t\t\t\t\t\t\t\t\t\t\t\t\t\t\t\t\t\t\t<\/ul>\n\t\t\t\t\t\t\t\t\t\t\t\t\t\t\t\t<a target=\"\" href=\"https:\/\/bozita.com\/fi\/pida-kissasi-terveena\/\" class=\"btn btn-primary\">Enemm\u00e4n artikkeleita<\/a>\n\t\t\t\t\t\t\t<\/div>\n\t\t\t\t\t\t<\/div>\n\t\t\t\t\t<\/div>\n\t\t\t\t\t\t\t\t\t\t<div class=\"col-md-6 col-lg-3\">\n\t\t\t\t\t\t\t\t\t\t\t\t\t<h6>Kissan aktivoiminen<\/h6>\n\t\t\t\t\t\t\t\t\t\t\t\t\t<div class=\"card \">\n\t\t\t\t\t\t\t<img loading=\"lazy\" decoding=\"async\" width=\"1600\" height=\"578\" src=\"https:\/\/bozita.com\/fi\/wp-content\/uploads\/sites\/11\/2021\/06\/bozita-aktivera-katt.jpg\" class=\"attachment-post-thumbnail size-post-thumbnail wp-post-image\" alt=\"Kissan aktivoiminen\" srcset=\"https:\/\/bozita.com\/fi\/wp-content\/uploads\/sites\/11\/2021\/06\/bozita-aktivera-katt.jpg 1600w, https:\/\/bozita.com\/fi\/wp-content\/uploads\/sites\/11\/2021\/06\/bozita-aktivera-katt-300x108.jpg 300w, https:\/\/bozita.com\/fi\/wp-content\/uploads\/sites\/11\/2021\/06\/bozita-aktivera-katt-1024x370.jpg 1024w, https:\/\/bozita.com\/fi\/wp-content\/uploads\/sites\/11\/2021\/06\/bozita-aktivera-katt-768x277.jpg 768w, https:\/\/bozita.com\/fi\/wp-content\/uploads\/sites\/11\/2021\/06\/bozita-aktivera-katt-1536x555.jpg 1536w\" sizes=\"(max-width: 1600px) 100vw, 1600px\" \/>\n\t\t\t\t\t\t\t\t\t\t\t\t\t\t<div class=\"card-body\">\n\t\t\t\t\t\t\t\t\n\t\t\t\t\t\t\t\t\t\t\t\t\t\t\t\t\t<ul>\n\t\t\t\t\t\t\t\t\t\t\t\t\t\t\t\t\t\t\t\t\t<li><a href=\"https:\/\/bozita.com\/fi\/kissan-aktivoiminen\/aktivoi-kissasi\/\">Aktivoi kissaasi<\/a><\/li>\n\t\t\t\t\t\t\t\t\t\t\t\t\t\t\t\t\t\t\t\t<\/ul>\n\t\t\t\t\t\t\t\t\t\t\t\t\t\t\t\t<a target=\"\" href=\"https:\/\/bozita.com\/fi\/kissan-aktivoiminen\/\" class=\"btn btn-primary\">Enemm\u00e4n artikkeleita<\/a>\n\t\t\t\t\t\t\t<\/div>\n\t\t\t\t\t\t<\/div>\n\t\t\t\t\t<\/div>\n\t\t\t\t\t\t\t\t\t\t<div class=\"col-md-6 col-lg-3\">\n\t\t\t\t\t\t\t\t\t\t\t\t\t<h6>Kissan kehitys<\/h6>\n\t\t\t\t\t\t\t\t\t\t\t\t\t<div class=\"card \">\n\t\t\t\t\t\t\t<img loading=\"lazy\" decoding=\"async\" width=\"1600\" height=\"578\" src=\"https:\/\/bozita.com\/fi\/wp-content\/uploads\/sites\/11\/2021\/06\/bozita-katt-utveckling-2.jpg\" class=\"attachment-post-thumbnail size-post-thumbnail wp-post-image\" alt=\"Kissan kehitys\" srcset=\"https:\/\/bozita.com\/fi\/wp-content\/uploads\/sites\/11\/2021\/06\/bozita-katt-utveckling-2.jpg 1600w, https:\/\/bozita.com\/fi\/wp-content\/uploads\/sites\/11\/2021\/06\/bozita-katt-utveckling-2-300x108.jpg 300w, https:\/\/bozita.com\/fi\/wp-content\/uploads\/sites\/11\/2021\/06\/bozita-katt-utveckling-2-1024x370.jpg 1024w, https:\/\/bozita.com\/fi\/wp-content\/uploads\/sites\/11\/2021\/06\/bozita-katt-utveckling-2-768x277.jpg 768w, https:\/\/bozita.com\/fi\/wp-content\/uploads\/sites\/11\/2021\/06\/bozita-katt-utveckling-2-1536x555.jpg 1536w\" sizes=\"(max-width: 1600px) 100vw, 1600px\" \/>\n\t\t\t\t\t\t\t\t\t\t\t\t\t\t<div class=\"card-body\">\n\t\t\t\t\t\t\t\t\n\t\t\t\t\t\t\t\t\t\t\t\t\t\t\t\t\t<ul>\n\t\t\t\t\t\t\t\t\t\t\t\t\t\t\t\t\t\t\t\t\t<li><a href=\"https:\/\/bozita.com\/fi\/kissan-kehitys\/mika-on-paras-tapa-matkustaa-kissan-kanssa\/\">Mik\u00e4 on paras tapa matkustaa kissan kanssa?<\/a><\/li>\n\t\t\t\t\t\t\t\t\t\t\t\t\t\t\t\t\t\t\t\t\t\t<li><a href=\"https:\/\/bozita.com\/fi\/kissan-kehitys\/kissan-kaytos-ja-kehonkieli\/\">Kissan k\u00e4yt\u00f6s ja kehonkieli<\/a><\/li>\n\t\t\t\t\t\t\t\t\t\t\t\t\t\t\t\t\t\t\t\t\t\t<li><a href=\"https:\/\/bozita.com\/fi\/kissan-kehitys\/kissojen-historiaa\/\">Kissojen historiaa<\/a><\/li>\n\t\t\t\t\t\t\t\t\t\t\t\t\t\t\t\t\t\t\t\t<\/ul>\n\t\t\t\t\t\t\t\t\t\t\t\t\t\t\t\t<a target=\"\" href=\"https:\/\/bozita.com\/fi\/kissan-kehitys\/\" class=\"btn btn-primary\">Enemm\u00e4n artikkeleita<\/a>\n\t\t\t\t\t\t\t<\/div>\n\t\t\t\t\t\t<\/div>\n\t\t\t\t\t<\/div>\n\t\t\t\t\t\t\t\t\t\t<div class=\"col-md-6 col-lg-3\">\n\t\t\t\t\t\t\t\t\t\t\t\t\t<h6>Kissan hankinta<\/h6>\n\t\t\t\t\t\t\t\t\t\t\t\t\t<div class=\"card \">\n\t\t\t\t\t\t\t<img loading=\"lazy\" decoding=\"async\" width=\"600\" height=\"401\" src=\"https:\/\/bozita.com\/fi\/wp-content\/uploads\/sites\/11\/2021\/08\/Bozita_Kitten_lax_optimized-new.png\" class=\"attachment-post-thumbnail size-post-thumbnail wp-post-image\" alt=\"Kissan hankinta\" srcset=\"https:\/\/bozita.com\/fi\/wp-content\/uploads\/sites\/11\/2021\/08\/Bozita_Kitten_lax_optimized-new.png 600w, https:\/\/bozita.com\/fi\/wp-content\/uploads\/sites\/11\/2021\/08\/Bozita_Kitten_lax_optimized-new-300x201.png 300w\" sizes=\"(max-width: 600px) 100vw, 600px\" \/>\n\t\t\t\t\t\t\t\t\t\t\t\t\t\t<div class=\"card-body\">\n\t\t\t\t\t\t\t\t\n\t\t\t\t\t\t\t\t\t\t\t\t\t\t\t\t\t<ul>\n\t\t\t\t\t\t\t\t\t\t\t\t\t\t\t\t\t\t\t\t\t<li><a href=\"https:\/\/bozita.com\/fi\/kissan-hankinta\/kissan-laatikkoharjoittelu\/\">Kissan laatikkoharjoittelu<\/a><\/li>\n\t\t\t\t\t\t\t\t\t\t\t\t\t\t\t\t\t\t\t\t\t\t<li><a href=\"https:\/\/bozita.com\/fi\/kissan-hankinta\/kissan-totuttaminen-uuteen-kotiin\/\">Kissan totuttaminen uuteen kotiin<\/a><\/li>\n\t\t\t\t\t\t\t\t\t\t\t\t\t\t\t\t\t\t\t\t\t\t<li><a href=\"https:\/\/bozita.com\/fi\/kissan-hankinta\/koska-voit-paastaa-kissanpennun-ulos-ensimmaista-kertaa\/\">Koska voit p\u00e4\u00e4st\u00e4\u00e4 kissanpennun ulos ensimm\u00e4ist\u00e4 kertaa?<\/a><\/li>\n\t\t\t\t\t\t\t\t\t\t\t\t\t\t\t\t\t\t\t\t<\/ul>\n\t\t\t\t\t\t\t\t\t\t\t\t\t\t\t\t<a target=\"\" href=\"https:\/\/bozita.com\/fi\/kissan-hankinta\/\" class=\"btn btn-primary\">Enemm\u00e4n artikkeleita<\/a>\n\t\t\t\t\t\t\t<\/div>\n\t\t\t\t\t\t<\/div>\n\t\t\t\t\t<\/div>\n\t\t\t\t\t\t\t<\/div>\n\t<\/div>\n<\/section>\n","protected":false},"excerpt":{"rendered":"","protected":false},"author":4,"featured_media":6663,"parent":0,"menu_order":0,"comment_status":"closed","ping_status":"closed","template":"guternberg.php","meta":{"footnotes":""},"acf":[],"yoast_head":"<!-- This site is optimized with the Yoast SEO plugin v21.3 - https:\/\/yoast.com\/wordpress\/plugins\/seo\/ -->\n<title>Ravinto ja ruokavalio - Bozita Finland<\/title>\n<meta name=\"description\" content=\"Kissojen ruokavalio ja kuinka ruoka vaikuttaa terveyteen: ravitsemukselliset tarpeet, ruokinta, ruoan vaihto, ainesosat, nesteensaanti, ruokahalu, ihannepaino.\" \/>\n<meta name=\"robots\" content=\"index, follow, max-snippet:-1, max-image-preview:large, max-video-preview:-1\" \/>\n<link rel=\"canonical\" href=\"https:\/\/bozita.com\/fi\/ravinto-ja-ruokavalio\/\" \/>\n<meta property=\"og:locale\" content=\"fi_FI\" \/>\n<meta property=\"og:type\" content=\"article\" \/>\n<meta property=\"og:title\" content=\"Ravinto ja ruokavalio - Bozita Finland\" \/>\n<meta property=\"og:description\" content=\"Kissojen ruokavalio ja kuinka ruoka vaikuttaa terveyteen: ravitsemukselliset tarpeet, ruokinta, ruoan vaihto, ainesosat, nesteensaanti, ruokahalu, ihannepaino.\" \/>\n<meta property=\"og:url\" content=\"https:\/\/bozita.com\/fi\/ravinto-ja-ruokavalio\/\" \/>\n<meta property=\"og:site_name\" content=\"Bozita Finland\" \/>\n<meta property=\"article:modified_time\" content=\"2023-02-27T14:17:12+00:00\" \/>\n<meta property=\"og:image\" content=\"https:\/\/bozita.com\/fi\/wp-content\/uploads\/sites\/11\/2021\/06\/bozita-nutrition-kost-katt.jpg\" \/>\n\t<meta property=\"og:image:width\" content=\"800\" \/>\n\t<meta property=\"og:image:height\" content=\"533\" \/>\n\t<meta property=\"og:image:type\" content=\"image\/jpeg\" \/>\n<meta name=\"twitter:card\" content=\"summary_large_image\" \/>\n<!-- \/ Yoast SEO plugin. -->","yoast_head_json":{"title":"Ravinto ja ruokavalio - Bozita Finland","description":"Kissojen ruokavalio ja kuinka ruoka vaikuttaa terveyteen: ravitsemukselliset tarpeet, ruokinta, ruoan vaihto, ainesosat, nesteensaanti, ruokahalu, ihannepaino.","robots":{"index":"index","follow":"follow","max-snippet":"max-snippet:-1","max-image-preview":"max-image-preview:large","max-video-preview":"max-video-preview:-1"},"canonical":"https:\/\/bozita.com\/fi\/ravinto-ja-ruokavalio\/","og_locale":"fi_FI","og_type":"article","og_title":"Ravinto ja ruokavalio - Bozita Finland","og_description":"Kissojen ruokavalio ja kuinka ruoka vaikuttaa terveyteen: ravitsemukselliset tarpeet, ruokinta, ruoan vaihto, ainesosat, nesteensaanti, ruokahalu, ihannepaino.","og_url":"https:\/\/bozita.com\/fi\/ravinto-ja-ruokavalio\/","og_site_name":"Bozita Finland","article_modified_time":"2023-02-27T14:17:12+00:00","og_image":[{"width":800,"height":533,"url":"https:\/\/bozita.com\/fi\/wp-content\/uploads\/sites\/11\/2021\/06\/bozita-nutrition-kost-katt.jpg","type":"image\/jpeg"}],"twitter_card":"summary_large_image","schema":{"@context":"https:\/\/schema.org","@graph":[{"@type":"WebPage","@id":"https:\/\/bozita.com\/fi\/ravinto-ja-ruokavalio\/","url":"https:\/\/bozita.com\/fi\/ravinto-ja-ruokavalio\/","name":"Ravinto ja ruokavalio - Bozita Finland","isPartOf":{"@id":"https:\/\/bozita.com\/fi\/#website"},"datePublished":"2022-08-31T07:22:03+00:00","dateModified":"2023-02-27T14:17:12+00:00","description":"Kissojen ruokavalio ja kuinka ruoka vaikuttaa terveyteen: ravitsemukselliset tarpeet, ruokinta, ruoan vaihto, ainesosat, nesteensaanti, ruokahalu, ihannepaino.","breadcrumb":{"@id":"https:\/\/bozita.com\/fi\/ravinto-ja-ruokavalio\/#breadcrumb"},"inLanguage":"fi","potentialAction":[{"@type":"ReadAction","target":["https:\/\/bozita.com\/fi\/ravinto-ja-ruokavalio\/"]}]},{"@type":"BreadcrumbList","@id":"https:\/\/bozita.com\/fi\/ravinto-ja-ruokavalio\/#breadcrumb","itemListElement":[{"@type":"ListItem","position":1,"name":"Koti","item":"https:\/\/bozita.com\/fi\/"},{"@type":"ListItem","position":2,"name":"Ravinto ja ruokavalio"}]},{"@type":"WebSite","@id":"https:\/\/bozita.com\/fi\/#website","url":"https:\/\/bozita.com\/fi\/","name":"Bozita Finland","description":"","potentialAction":[{"@type":"SearchAction","target":{"@type":"EntryPoint","urlTemplate":"https:\/\/bozita.com\/fi\/?s={search_term_string}"},"query-input":"required name=search_term_string"}],"inLanguage":"fi"}]}},"_links":{"self":[{"href":"https:\/\/bozita.com\/fi\/wp-json\/wp\/v2\/pages\/6661"}],"collection":[{"href":"https:\/\/bozita.com\/fi\/wp-json\/wp\/v2\/pages"}],"about":[{"href":"https:\/\/bozita.com\/fi\/wp-json\/wp\/v2\/types\/page"}],"author":[{"embeddable":true,"href":"https:\/\/bozita.com\/fi\/wp-json\/wp\/v2\/users\/4"}],"replies":[{"embeddable":true,"href":"https:\/\/bozita.com\/fi\/wp-json\/wp\/v2\/comments?post=6661"}],"version-history":[{"count":7,"href":"https:\/\/bozita.com\/fi\/wp-json\/wp\/v2\/pages\/6661\/revisions"}],"predecessor-version":[{"id":8260,"href":"https:\/\/bozita.com\/fi\/wp-json\/wp\/v2\/pages\/6661\/revisions\/8260"}],"wp:featuredmedia":[{"embeddable":true,"href":"https:\/\/bozita.com\/fi\/wp-json\/wp\/v2\/media\/6663"}],"wp:attachment":[{"href":"https:\/\/bozita.com\/fi\/wp-json\/wp\/v2\/media?parent=6661"}],"curies":[{"name":"wp","href":"https:\/\/api.w.org\/{rel}","templated":true}]}}