{"id":6667,"date":"2022-08-31T07:22:17","date_gmt":"2022-08-31T07:22:17","guid":{"rendered":"https:\/\/bozita.com\/fi\/eri-koirarodut-minka-valitsen\/"},"modified":"2025-03-03T11:59:20","modified_gmt":"2025-03-03T11:59:20","slug":"eri-koirarodut-minka-valitsen","status":"publish","type":"page","link":"https:\/\/bozita.com\/fi\/eri-koirarodut-minka-valitsen\/","title":{"rendered":"Eri koirarodut &#8211; mink\u00e4 valitsen?"},"content":{"rendered":"\t\t<section class=\"small-hero\">\n\t\t\t<div class=\"container\">\n\t\t\t\t<h1 class=\"small-hero-title\">Eri koirarodut &#8211; mink\u00e4 valitsen?<\/h1>\t\t\t<\/div>\n\t\t\t<\/div>\n\t\t<\/section>\n\t\n\n\t<div class=\"text-box-warp\">\n\t\t<div class=\"container\">\n\t\t\t<div class=\"text-content\">\n\t\t\t\t<p>Suunnitteletko pennun hankkimista? Koiran omistaminen on uskomaton kokemus, mutta my\u00f6s suuri vastuu. Monen tulevan vuoden ajan sinulla on vierell\u00e4si yst\u00e4v\u00e4, joka luottaa sinuun saadakseen hyv\u00e4n ja onnellisen el\u00e4m\u00e4n. \u00c4l\u00e4 h\u00e4tik\u00f6i koirarodun valinnassa. Rotuja on paljon ja niill\u00e4 on erilaisia luonteenpiirteit\u00e4, joten valitse huolellisesti.<\/p>\n<h2>LUE ERI KOIRARODUISTA<\/h2>\n<p>Koirarotuja on paljon ja niiden erilaiset luonteenpiirteet ja tarpeet sopivat erilaisille omistajille. Suomessa on yli kolmesataa eri rotua, jotkut ovat seurakoiria, toisilla taas on vahva mets\u00e4stysvietti. Osa roduista vaatii paljon liikuntaa ja aktiviteetteja, kun taas toiset ovat rauhallisempia. Ennen kuin valitset tulevaa perheenj\u00e4sent\u00e4si, suosittelemme pohtimaan mik\u00e4 on sinulle t\u00e4rke\u00e4\u00e4 ja kuinka paljon pystyt sitoutumaan. Mik\u00e4 sinun el\u00e4m\u00e4ntapasi on? Kuinka aktiivinen olet? Onko sinulle kokemusta koirista? Roduista on saatavilla paljon tietoa muun muassa Suomen Kennelliitton. My\u00f6s eri rotuyhdistykset ja koiran\u00e4yttelyt, jossa voit jutella ihmisten kanssa kasvotusten, ovat hyvi\u00e4 paikkoja saada tietoa.<\/p>\n<ul>\n<li><a href=\"https:\/\/www.kennelliitto.fi\/koiran-omistaminen\/koiran-hankkiminen\" target=\"_blank\" rel=\"noopener\">Lue lis\u00e4\u00e4 koiran hankinnasta<\/a><\/li>\n<li><a title=\"Opas koirarotuihin\" href=\"https:\/\/www.kennelliitto.fi\/koirat\/koirarodut-ja-rotumaaritelmat\" target=\"_blank\" rel=\"noopener\">Lue lis\u00e4\u00e4 eri roduista Kennelliiton sivuilta<\/a><\/li>\n<\/ul>\n<h2>SUOSITUT KOIRARODUT &#8211; SUOMEN YLEISIMM\u00c4T RODUT 2024<\/h2>\n<p>Suomen yleisimm\u00e4t koirarodut 2024 olivat labradorinnoutaja, kultainennoutaja, suomenlapinkoira, saksanpaimenkoira ja shetlanninlammaskoira.<br \/>\n<strong>T\u00e4ss\u00e4 on listattuna n\u00e4iden rotujen Suomen Kennelliiton rekister\u00f6intim\u00e4\u00e4r\u00e4t vuonna 2024:<\/strong><\/p>\n<ol>\n<li>labradorinnoutaja<\/li>\n<li>kultainennoutaja<\/li>\n<li>suomenlapinkoira<\/li>\n<li>saksanpaimenkoira<\/li>\n<li>shetlanninlammaskoira<\/li>\n<\/ol>\n<p>&nbsp;<\/p>\n\t\t\t<\/div>\n\t\t<\/div>\n\t<\/div>\n\n\n\n\t<section class=\"block related-articles\">\n\t\t<div class=\"container\">\n\t\t\t<h2>Aiheeseen liittyvi\u00e4 artikkeleita<\/h2>\n\t\t\t<div class=\"row justify-content-center\">\n\t\t\t\t\t\t\t\t\t\t<div class=\"col-sm-6 col-md-6 col-lg-3\">\n\t\t\t\t\t\t\t\t\t\t\t\t\t\t<div class=\"card \">\n\t\t\t\t\t\t\t\t\t\t\t\t\t\t\t\t\t<img decoding=\"async\"  src=\"https:\/\/bozita.com\/fi\/wp-content\/uploads\/sites\/11\/2021\/08\/bozita-hundens-utveckling-stadier.jpeg\" alt=\"\">\n\t\t\t\t\t\t\t\t\t\t\t\t\t\t\t\t\t<!-- <img decoding=\"async\" src=\"\n\t\t\t\t\t\t\t\t\t\t\t\t\t\t\t\t\t\t\t\t\" alt=\"\n\t\t\t\t\t\t\t\t\t\t\t\t\t\t\t\t\t\t\t\t\t\t\t\t\t\t\t\"> -->\n\t\t\t\t\t\t\t\t<div class=\"card-body\">\n\t\t\t\t\t\t\t\t\t\t\t\t\t\t\t\t\t\t\t<h6>Pennun kehitysvaiheet &#8211; pennusta aikuiseksi koiraksi<\/h6>\n\t\t\t\t\t\t\t\t\t\t\t\t\t\t\t\t\t\t\t<a href=\"https:\/\/bozita.com\/fi\/koirasi-kehitys\/pennun-kehitysvaiheet-pennusta-aikuiseksi-koiraksi\/\">Lue lis\u00e4\u00e4 &nbsp; ><\/a>\n\t\t\t\t\t\t\t\t<\/div>\n\t\t\t\t\t\t\t<\/div>\n\t\t\t\t\t\t<\/div>\n\n\t\t\t\t\t\t\t\t\t\t\t<div class=\"col-sm-6 col-md-6 col-lg-3\">\n\t\t\t\t\t\t\t\t\t\t\t\t\t\t<div class=\"card \">\n\t\t\t\t\t\t\t\t\t\t\t\t\t\t\t\t\t<img decoding=\"async\"  src=\"https:\/\/bozita.com\/fi\/wp-content\/uploads\/sites\/11\/2021\/06\/bozita-utfodra-valp.jpg\" alt=\"\">\n\t\t\t\t\t\t\t\t\t\t\t\t\t\t\t\t\t<!-- <img decoding=\"async\" src=\"\n\t\t\t\t\t\t\t\t\t\t\t\t\t\t\t\t\t\t\t\t\" alt=\"\n\t\t\t\t\t\t\t\t\t\t\t\t\t\t\t\t\t\t\t\t\t\t\t\t\t\t\t\"> -->\n\t\t\t\t\t\t\t\t<div class=\"card-body\">\n\t\t\t\t\t\t\t\t\t\t\t\t\t\t\t\t\t\t\t<h6>Kuinka paljon pennun pit\u00e4\u00e4 sy\u00f6d\u00e4 ja mik\u00e4 on paras ruoka?<\/h6>\n\t\t\t\t\t\t\t\t\t\t\t\t\t\t\t\t\t\t\t<a href=\"https:\/\/bozita.com\/fi\/ravitsemus-ja-ruokavalio\/kuinka-paljon-pennun-pitaa-syoda-ja-mika-on-paras-ruoka\/\">Lue lis\u00e4\u00e4 &nbsp; ><\/a>\n\t\t\t\t\t\t\t\t<\/div>\n\t\t\t\t\t\t\t<\/div>\n\t\t\t\t\t\t<\/div>\n\n\t\t\t\t\t\t\t\t\t\t\t<div class=\"col-sm-6 col-md-6 col-lg-3\">\n\t\t\t\t\t\t\t\t\t\t\t\t\t\t<div class=\"card \">\n\t\t\t\t\t\t\t\t\t\t\t\t\t\t\t\t\t<img decoding=\"async\"  src=\"https:\/\/bozita.com\/fi\/wp-content\/uploads\/sites\/11\/2021\/08\/bozita-hundvalp-ensam-trana.jpeg\" alt=\"\">\n\t\t\t\t\t\t\t\t\t\t\t\t\t\t\t\t\t<!-- <img decoding=\"async\" src=\"\n\t\t\t\t\t\t\t\t\t\t\t\t\t\t\t\t\t\t\t\t\" alt=\"\n\t\t\t\t\t\t\t\t\t\t\t\t\t\t\t\t\t\t\t\t\t\t\t\t\t\t\t\"> -->\n\t\t\t\t\t\t\t\t<div class=\"card-body\">\n\t\t\t\t\t\t\t\t\t\t\t\t\t\t\t\t\t\t\t<h6>Pennun itsen\u00e4isyyden harjoittelu &#8211; kouluta koirasi olemaan yksin<\/h6>\n\t\t\t\t\t\t\t\t\t\t\t\t\t\t\t\t\t\t\t<a href=\"https:\/\/bozita.com\/fi\/koirasi-kehitys\/pennun-itsenaisyyden-harjoittelu-kouluta-koirasi-olemaan-yksin\/\">Lue lis\u00e4\u00e4 &nbsp; ><\/a>\n\t\t\t\t\t\t\t\t<\/div>\n\t\t\t\t\t\t\t<\/div>\n\t\t\t\t\t\t<\/div>\n\n\t\t\t\t\t\t\t\t\t\t\t\t<\/div>\n\t\t<\/div>\n\t<\/section>\n","protected":false},"excerpt":{"rendered":"","protected":false},"author":1,"featured_media":0,"parent":0,"menu_order":0,"comment_status":"closed","ping_status":"closed","template":"guternberg.php","meta":{"footnotes":""},"acf":[],"yoast_head":"<!-- This site is optimized with the Yoast SEO plugin v21.3 - https:\/\/yoast.com\/wordpress\/plugins\/seo\/ -->\n<title>Eri koirarodut - mink\u00e4 valitsen? - Bozita Finland<\/title>\n<meta name=\"description\" content=\"Lue eri koiraroduista kun etsit itsellesi oikeaa rotua. Tavalliset rodut, harvinaiset ja suositut koirarodut. Selvit\u00e4 mik\u00e4 sopii sinulle.\" \/>\n<meta name=\"robots\" content=\"index, follow, max-snippet:-1, max-image-preview:large, max-video-preview:-1\" \/>\n<link rel=\"canonical\" href=\"https:\/\/bozita.com\/fi\/eri-koirarodut-minka-valitsen\/\" \/>\n<meta property=\"og:locale\" content=\"fi_FI\" \/>\n<meta property=\"og:type\" content=\"article\" \/>\n<meta property=\"og:title\" content=\"Eri koirarodut - mink\u00e4 valitsen? - Bozita Finland\" \/>\n<meta property=\"og:description\" content=\"Lue eri koiraroduista kun etsit itsellesi oikeaa rotua. Tavalliset rodut, harvinaiset ja suositut koirarodut. Selvit\u00e4 mik\u00e4 sopii sinulle.\" \/>\n<meta property=\"og:url\" content=\"https:\/\/bozita.com\/fi\/eri-koirarodut-minka-valitsen\/\" \/>\n<meta property=\"og:site_name\" content=\"Bozita Finland\" \/>\n<meta property=\"article:modified_time\" content=\"2025-03-03T11:59:20+00:00\" \/>\n<meta name=\"twitter:card\" content=\"summary_large_image\" \/>\n<!-- \/ Yoast SEO plugin. -->","yoast_head_json":{"title":"Eri koirarodut - mink\u00e4 valitsen? - Bozita Finland","description":"Lue eri koiraroduista kun etsit itsellesi oikeaa rotua. Tavalliset rodut, harvinaiset ja suositut koirarodut. Selvit\u00e4 mik\u00e4 sopii sinulle.","robots":{"index":"index","follow":"follow","max-snippet":"max-snippet:-1","max-image-preview":"max-image-preview:large","max-video-preview":"max-video-preview:-1"},"canonical":"https:\/\/bozita.com\/fi\/eri-koirarodut-minka-valitsen\/","og_locale":"fi_FI","og_type":"article","og_title":"Eri koirarodut - mink\u00e4 valitsen? - Bozita Finland","og_description":"Lue eri koiraroduista kun etsit itsellesi oikeaa rotua. Tavalliset rodut, harvinaiset ja suositut koirarodut. Selvit\u00e4 mik\u00e4 sopii sinulle.","og_url":"https:\/\/bozita.com\/fi\/eri-koirarodut-minka-valitsen\/","og_site_name":"Bozita Finland","article_modified_time":"2025-03-03T11:59:20+00:00","twitter_card":"summary_large_image","schema":{"@context":"https:\/\/schema.org","@graph":[{"@type":"WebPage","@id":"https:\/\/bozita.com\/fi\/eri-koirarodut-minka-valitsen\/","url":"https:\/\/bozita.com\/fi\/eri-koirarodut-minka-valitsen\/","name":"Eri koirarodut - mink\u00e4 valitsen? - Bozita Finland","isPartOf":{"@id":"https:\/\/bozita.com\/fi\/#website"},"datePublished":"2022-08-31T07:22:17+00:00","dateModified":"2025-03-03T11:59:20+00:00","description":"Lue eri koiraroduista kun etsit itsellesi oikeaa rotua. Tavalliset rodut, harvinaiset ja suositut koirarodut. Selvit\u00e4 mik\u00e4 sopii sinulle.","breadcrumb":{"@id":"https:\/\/bozita.com\/fi\/eri-koirarodut-minka-valitsen\/#breadcrumb"},"inLanguage":"fi","potentialAction":[{"@type":"ReadAction","target":["https:\/\/bozita.com\/fi\/eri-koirarodut-minka-valitsen\/"]}]},{"@type":"BreadcrumbList","@id":"https:\/\/bozita.com\/fi\/eri-koirarodut-minka-valitsen\/#breadcrumb","itemListElement":[{"@type":"ListItem","position":1,"name":"Koti","item":"https:\/\/bozita.com\/fi\/"},{"@type":"ListItem","position":2,"name":"Eri koirarodut &#8211; mink\u00e4 valitsen?"}]},{"@type":"WebSite","@id":"https:\/\/bozita.com\/fi\/#website","url":"https:\/\/bozita.com\/fi\/","name":"Bozita Finland","description":"","potentialAction":[{"@type":"SearchAction","target":{"@type":"EntryPoint","urlTemplate":"https:\/\/bozita.com\/fi\/?s={search_term_string}"},"query-input":"required name=search_term_string"}],"inLanguage":"fi"}]}},"_links":{"self":[{"href":"https:\/\/bozita.com\/fi\/wp-json\/wp\/v2\/pages\/6667"}],"collection":[{"href":"https:\/\/bozita.com\/fi\/wp-json\/wp\/v2\/pages"}],"about":[{"href":"https:\/\/bozita.com\/fi\/wp-json\/wp\/v2\/types\/page"}],"author":[{"embeddable":true,"href":"https:\/\/bozita.com\/fi\/wp-json\/wp\/v2\/users\/1"}],"replies":[{"embeddable":true,"href":"https:\/\/bozita.com\/fi\/wp-json\/wp\/v2\/comments?post=6667"}],"version-history":[{"count":9,"href":"https:\/\/bozita.com\/fi\/wp-json\/wp\/v2\/pages\/6667\/revisions"}],"predecessor-version":[{"id":11169,"href":"https:\/\/bozita.com\/fi\/wp-json\/wp\/v2\/pages\/6667\/revisions\/11169"}],"wp:attachment":[{"href":"https:\/\/bozita.com\/fi\/wp-json\/wp\/v2\/media?parent=6667"}],"curies":[{"name":"wp","href":"https:\/\/api.w.org\/{rel}","templated":true}]}}