{"id":6669,"date":"2022-08-31T07:22:31","date_gmt":"2022-08-31T07:22:31","guid":{"rendered":"https:\/\/bozita.com\/fi\/koiran-heijastin-yksinkertainen-henkivakuutus\/"},"modified":"2025-03-05T10:04:08","modified_gmt":"2025-03-05T10:04:08","slug":"koiran-heijastin-yksinkertainen-henkivakuutus","status":"publish","type":"page","link":"https:\/\/bozita.com\/fi\/aktiovoi-koirasi\/koiran-heijastin-yksinkertainen-henkivakuutus\/","title":{"rendered":"Koiran heijastin &#8211; yksinkertainen henkivakuutus"},"content":{"rendered":"\t\t<section class=\"small-hero\">\n\t\t\t<div class=\"container\">\n\t\t\t\t<h1 class=\"small-hero-title\">Koiran heijastin &#8211; yksinkertainen henkivakuutus<\/h1>\t\t\t<\/div>\n\t\t\t<\/div>\n\t\t<\/section>\n\t\n\n\t<div class=\"text-box-warp\">\n\t\t<div class=\"container\">\n\t\t\t<div class=\"text-content\">\n\t\t\t\t<p>Syksy tarkoittaa koiralle k\u00e4velyj\u00e4 pime\u00e4ss\u00e4. Agrian mukaan v\u00e4hint\u00e4\u00e4n yksi koira kuolee liikenteess\u00e4 p\u00e4ivitt\u00e4in. T\u00e4m\u00e4n olisi usein voinut v\u00e4ltt\u00e4\u00e4 k\u00e4ytt\u00e4m\u00e4ll\u00e4 koiraheijastinta.<\/p>\n<h2>HEIJASTIN KOIRALLE JA OMISTAJALLE AUTTAA N\u00c4KYM\u00c4\u00c4N PIMEYDESS\u00c4<\/h2>\n<ul>\n<li>Heijastin kest\u00e4\u00e4 noin kolme vuotta. Testaa heijastin kotona, jotta se varmasti n\u00e4kyy pitemm\u00e4n et\u00e4isyyden takaa. Osta itsellesi ja koiralle uudet heijastimet jos vanhat eiv\u00e4t toimi<\/li>\n<li>Pid\u00e4 heijastinta vartalosi liikkuvassa osassa, mielummin alavartalolla, sill\u00e4 ajovalot suuntautuvat alemmas kuin pitk\u00e4t valot.<\/li>\n<li>Laita koirallesi valo ja heijastin. Valon pit\u00e4isi vilkkua. N\u00e4in koirasi on n\u00e4kyv\u00e4 niin kirkkaissa kuin pimeiss\u00e4 olosuhteissa. T\u00e4m\u00e4 auttaa sinua n\u00e4kem\u00e4\u00e4n koirasi kun se ei ole hihnassa.<\/li>\n<li>Mik\u00e4li koirallasi on paksu turkki k\u00e4yt\u00e4 heijastinliivi\u00e4 pannan sijaan.<\/li>\n<li>Muista, ett\u00e4 heijastinliivi n\u00e4kyy vain sivuilta, ei edest\u00e4 tai takaa katsottuna.<\/li>\n<li>Muista laittaa itsellesi heijastin! N\u00e4yt parhaiten jos sinulla on heijastinliivi ja valo.<\/li>\n<\/ul>\n<p>Ole varovainen pime\u00e4ll\u00e4, pid\u00e4 huoli ett\u00e4 koirallasi ja sinulla on heijastimet. Muista, ettet n\u00e4y selke\u00e4sti edes h\u00e4m\u00e4r\u00e4ss\u00e4.<\/p>\n\t\t\t<\/div>\n\t\t<\/div>\n\t<\/div>\n\n\n\n\t<section class=\"block related-articles\">\n\t\t<div class=\"container\">\n\t\t\t<h2>Aiheeseen liittyvi\u00e4 artikkeleita<\/h2>\n\t\t\t<div class=\"row justify-content-center\">\n\t\t\t\t\t\t\t\t\t\t<div class=\"col-sm-6 col-md-6 col-lg-3\">\n\t\t\t\t\t\t\t\t\t\t\t\t\t\t<div class=\"card \">\n\t\t\t\t\t\t\t\t\t\t\t\t\t\t\t\t\t<img decoding=\"async\"  src=\"https:\/\/bozita.com\/fi\/wp-content\/uploads\/sites\/11\/2021\/08\/bozita-ta-med-hunde-pa-baten.jpeg\" alt=\"\">\n\t\t\t\t\t\t\t\t\t\t\t\t\t\t\t\t\t<!-- <img decoding=\"async\" src=\"\n\t\t\t\t\t\t\t\t\t\t\t\t\t\t\t\t\t\t\t\t\" alt=\"\n\t\t\t\t\t\t\t\t\t\t\t\t\t\t\t\t\t\t\t\t\t\t\t\t\t\t\t\"> -->\n\t\t\t\t\t\t\t\t<div class=\"card-body\">\n\t\t\t\t\t\t\t\t\t\t\t\t\t\t\t\t\t\t\t<h6>Koirat veneiss\u00e4 &#8211; nelj\u00e4 turvallisuusvinkki\u00e4<\/h6>\n\t\t\t\t\t\t\t\t\t\t\t\t\t\t\t\t\t\t\t<a href=\"https:\/\/bozita.com\/fi\/aktiovoi-koirasi\/koirat-veneissa-nelja-turvallisuusvinkkia\/\">Lue lis\u00e4\u00e4 &nbsp; ><\/a>\n\t\t\t\t\t\t\t\t<\/div>\n\t\t\t\t\t\t\t<\/div>\n\t\t\t\t\t\t<\/div>\n\n\t\t\t\t\t\t\t\t\t\t\t<div class=\"col-sm-6 col-md-6 col-lg-3\">\n\t\t\t\t\t\t\t\t\t\t\t\t\t\t<div class=\"card \">\n\t\t\t\t\t\t\t\t\t\t\t\t\t\t\t\t\t<img decoding=\"async\"  src=\"https:\/\/bozita.com\/fi\/wp-content\/uploads\/sites\/11\/2021\/08\/bozita-ta-med-hunden-till-fjallen.jpeg\" alt=\"\">\n\t\t\t\t\t\t\t\t\t\t\t\t\t\t\t\t\t<!-- <img decoding=\"async\" src=\"\n\t\t\t\t\t\t\t\t\t\t\t\t\t\t\t\t\t\t\t\t\" alt=\"\n\t\t\t\t\t\t\t\t\t\t\t\t\t\t\t\t\t\t\t\t\t\t\t\t\t\t\t\"> -->\n\t\t\t\t\t\t\t\t<div class=\"card-body\">\n\t\t\t\t\t\t\t\t\t\t\t\t\t\t\t\t\t\t\t<h6>Loma koiran kanssa tuntureilla<\/h6>\n\t\t\t\t\t\t\t\t\t\t\t\t\t\t\t\t\t\t\t<a href=\"https:\/\/bozita.com\/fi\/aktiovoi-koirasi\/loma-koiran-kanssa-tuntureilla\/\">Lue lis\u00e4\u00e4 &nbsp; ><\/a>\n\t\t\t\t\t\t\t\t<\/div>\n\t\t\t\t\t\t\t<\/div>\n\t\t\t\t\t\t<\/div>\n\n\t\t\t\t\t\t\t\t\t\t\t<div class=\"col-sm-6 col-md-6 col-lg-3\">\n\t\t\t\t\t\t\t\t\t\t\t\t\t\t<div class=\"card \">\n\t\t\t\t\t\t\t\t\t\t\t\t\t\t\t\t\t<img decoding=\"async\"  src=\"https:\/\/bozita.com\/fi\/wp-content\/uploads\/sites\/11\/2021\/08\/bozita-vandra-med-hund-300x200-1.jpg\" alt=\"\">\n\t\t\t\t\t\t\t\t\t\t\t\t\t\t\t\t\t<!-- <img decoding=\"async\" src=\"\n\t\t\t\t\t\t\t\t\t\t\t\t\t\t\t\t\t\t\t\t\" alt=\"\n\t\t\t\t\t\t\t\t\t\t\t\t\t\t\t\t\t\t\t\t\t\t\t\t\t\t\t\"> -->\n\t\t\t\t\t\t\t\t<div class=\"card-body\">\n\t\t\t\t\t\t\t\t\t\t\t\t\t\t\t\t\t\t\t<h6>Vaeltaminen koiran kanssa<\/h6>\n\t\t\t\t\t\t\t\t\t\t\t\t\t\t\t\t\t\t\t<a href=\"https:\/\/bozita.com\/fi\/aktiovoi-koirasi\/vaeltaminen-koiran-kanssa\/\">Lue lis\u00e4\u00e4 &nbsp; ><\/a>\n\t\t\t\t\t\t\t\t<\/div>\n\t\t\t\t\t\t\t<\/div>\n\t\t\t\t\t\t<\/div>\n\n\t\t\t\t\t\t\t\t\t\t\t\t<\/div>\n\t\t<\/div>\n\t<\/section>\n","protected":false},"excerpt":{"rendered":"","protected":false},"author":1,"featured_media":6670,"parent":6361,"menu_order":0,"comment_status":"closed","ping_status":"closed","template":"guternberg.php","meta":{"footnotes":""},"acf":[],"yoast_head":"<!-- This site is optimized with the Yoast SEO plugin v21.3 - https:\/\/yoast.com\/wordpress\/plugins\/seo\/ -->\n<title>Koiran heijastin - yksinkertainen henkivakuutus - Bozita Finland<\/title>\n<meta name=\"description\" content=\"Agrian mukaan v\u00e4hint\u00e4\u00e4n yksi koira loukkaantuu liikenteess\u00e4 p\u00e4ivitt\u00e4in. T\u00e4m\u00e4n olisi usein voinut v\u00e4ltt\u00e4\u00e4 k\u00e4ytt\u00e4m\u00e4ll\u00e4 koiraheijastinta. Lue vinkkimme alta.\" \/>\n<meta name=\"robots\" content=\"index, follow, max-snippet:-1, max-image-preview:large, max-video-preview:-1\" \/>\n<link rel=\"canonical\" href=\"https:\/\/bozita.com\/fi\/aktiovoi-koirasi\/koiran-heijastin-yksinkertainen-henkivakuutus\/\" \/>\n<meta property=\"og:locale\" content=\"fi_FI\" \/>\n<meta property=\"og:type\" content=\"article\" \/>\n<meta property=\"og:title\" content=\"Koiran heijastin - yksinkertainen henkivakuutus - Bozita Finland\" \/>\n<meta property=\"og:description\" content=\"Agrian mukaan v\u00e4hint\u00e4\u00e4n yksi koira loukkaantuu liikenteess\u00e4 p\u00e4ivitt\u00e4in. T\u00e4m\u00e4n olisi usein voinut v\u00e4ltt\u00e4\u00e4 k\u00e4ytt\u00e4m\u00e4ll\u00e4 koiraheijastinta. Lue vinkkimme alta.\" \/>\n<meta property=\"og:url\" content=\"https:\/\/bozita.com\/fi\/aktiovoi-koirasi\/koiran-heijastin-yksinkertainen-henkivakuutus\/\" \/>\n<meta property=\"og:site_name\" content=\"Bozita Finland\" \/>\n<meta property=\"article:modified_time\" content=\"2025-03-05T10:04:08+00:00\" \/>\n<meta property=\"og:image\" content=\"https:\/\/bozita.com\/fi\/wp-content\/uploads\/sites\/11\/2021\/08\/bozita-hund-reflexer-reflexvast.jpeg\" \/>\n\t<meta property=\"og:image:width\" content=\"800\" \/>\n\t<meta property=\"og:image:height\" content=\"533\" \/>\n\t<meta property=\"og:image:type\" content=\"image\/jpeg\" \/>\n<meta name=\"twitter:card\" content=\"summary_large_image\" \/>\n<!-- \/ Yoast SEO plugin. -->","yoast_head_json":{"title":"Koiran heijastin - yksinkertainen henkivakuutus - Bozita Finland","description":"Agrian mukaan v\u00e4hint\u00e4\u00e4n yksi koira loukkaantuu liikenteess\u00e4 p\u00e4ivitt\u00e4in. T\u00e4m\u00e4n olisi usein voinut v\u00e4ltt\u00e4\u00e4 k\u00e4ytt\u00e4m\u00e4ll\u00e4 koiraheijastinta. Lue vinkkimme alta.","robots":{"index":"index","follow":"follow","max-snippet":"max-snippet:-1","max-image-preview":"max-image-preview:large","max-video-preview":"max-video-preview:-1"},"canonical":"https:\/\/bozita.com\/fi\/aktiovoi-koirasi\/koiran-heijastin-yksinkertainen-henkivakuutus\/","og_locale":"fi_FI","og_type":"article","og_title":"Koiran heijastin - yksinkertainen henkivakuutus - Bozita Finland","og_description":"Agrian mukaan v\u00e4hint\u00e4\u00e4n yksi koira loukkaantuu liikenteess\u00e4 p\u00e4ivitt\u00e4in. T\u00e4m\u00e4n olisi usein voinut v\u00e4ltt\u00e4\u00e4 k\u00e4ytt\u00e4m\u00e4ll\u00e4 koiraheijastinta. Lue vinkkimme alta.","og_url":"https:\/\/bozita.com\/fi\/aktiovoi-koirasi\/koiran-heijastin-yksinkertainen-henkivakuutus\/","og_site_name":"Bozita Finland","article_modified_time":"2025-03-05T10:04:08+00:00","og_image":[{"width":800,"height":533,"url":"https:\/\/bozita.com\/fi\/wp-content\/uploads\/sites\/11\/2021\/08\/bozita-hund-reflexer-reflexvast.jpeg","type":"image\/jpeg"}],"twitter_card":"summary_large_image","schema":{"@context":"https:\/\/schema.org","@graph":[{"@type":"WebPage","@id":"https:\/\/bozita.com\/fi\/aktiovoi-koirasi\/koiran-heijastin-yksinkertainen-henkivakuutus\/","url":"https:\/\/bozita.com\/fi\/aktiovoi-koirasi\/koiran-heijastin-yksinkertainen-henkivakuutus\/","name":"Koiran heijastin - yksinkertainen henkivakuutus - Bozita Finland","isPartOf":{"@id":"https:\/\/bozita.com\/fi\/#website"},"datePublished":"2022-08-31T07:22:31+00:00","dateModified":"2025-03-05T10:04:08+00:00","description":"Agrian mukaan v\u00e4hint\u00e4\u00e4n yksi koira loukkaantuu liikenteess\u00e4 p\u00e4ivitt\u00e4in. T\u00e4m\u00e4n olisi usein voinut v\u00e4ltt\u00e4\u00e4 k\u00e4ytt\u00e4m\u00e4ll\u00e4 koiraheijastinta. Lue vinkkimme alta.","breadcrumb":{"@id":"https:\/\/bozita.com\/fi\/aktiovoi-koirasi\/koiran-heijastin-yksinkertainen-henkivakuutus\/#breadcrumb"},"inLanguage":"fi","potentialAction":[{"@type":"ReadAction","target":["https:\/\/bozita.com\/fi\/aktiovoi-koirasi\/koiran-heijastin-yksinkertainen-henkivakuutus\/"]}]},{"@type":"BreadcrumbList","@id":"https:\/\/bozita.com\/fi\/aktiovoi-koirasi\/koiran-heijastin-yksinkertainen-henkivakuutus\/#breadcrumb","itemListElement":[{"@type":"ListItem","position":1,"name":"Koti","item":"https:\/\/bozita.com\/fi\/"},{"@type":"ListItem","position":2,"name":"Aktivoi koiraasi","item":"https:\/\/bozita.com\/fi\/aktiovoi-koirasi\/"},{"@type":"ListItem","position":3,"name":"Koiran heijastin &#8211; yksinkertainen henkivakuutus"}]},{"@type":"WebSite","@id":"https:\/\/bozita.com\/fi\/#website","url":"https:\/\/bozita.com\/fi\/","name":"Bozita Finland","description":"","potentialAction":[{"@type":"SearchAction","target":{"@type":"EntryPoint","urlTemplate":"https:\/\/bozita.com\/fi\/?s={search_term_string}"},"query-input":"required name=search_term_string"}],"inLanguage":"fi"}]}},"_links":{"self":[{"href":"https:\/\/bozita.com\/fi\/wp-json\/wp\/v2\/pages\/6669"}],"collection":[{"href":"https:\/\/bozita.com\/fi\/wp-json\/wp\/v2\/pages"}],"about":[{"href":"https:\/\/bozita.com\/fi\/wp-json\/wp\/v2\/types\/page"}],"author":[{"embeddable":true,"href":"https:\/\/bozita.com\/fi\/wp-json\/wp\/v2\/users\/1"}],"replies":[{"embeddable":true,"href":"https:\/\/bozita.com\/fi\/wp-json\/wp\/v2\/comments?post=6669"}],"version-history":[{"count":4,"href":"https:\/\/bozita.com\/fi\/wp-json\/wp\/v2\/pages\/6669\/revisions"}],"predecessor-version":[{"id":11241,"href":"https:\/\/bozita.com\/fi\/wp-json\/wp\/v2\/pages\/6669\/revisions\/11241"}],"up":[{"embeddable":true,"href":"https:\/\/bozita.com\/fi\/wp-json\/wp\/v2\/pages\/6361"}],"wp:featuredmedia":[{"embeddable":true,"href":"https:\/\/bozita.com\/fi\/wp-json\/wp\/v2\/media\/6670"}],"wp:attachment":[{"href":"https:\/\/bozita.com\/fi\/wp-json\/wp\/v2\/media?parent=6669"}],"curies":[{"name":"wp","href":"https:\/\/api.w.org\/{rel}","templated":true}]}}