{"id":6674,"date":"2022-08-31T07:22:44","date_gmt":"2022-08-31T07:22:44","guid":{"rendered":"https:\/\/bozita.com\/fi\/vaellusreppu-koiralle\/"},"modified":"2025-03-05T10:00:29","modified_gmt":"2025-03-05T10:00:29","slug":"vaellusreppu-koiralle","status":"publish","type":"page","link":"https:\/\/bozita.com\/fi\/koirasi-terveys\/vaellusreppu-koiralle\/","title":{"rendered":"Vaellusreppu koiralle"},"content":{"rendered":"\t\t<section class=\"small-hero\">\n\t\t\t<div class=\"container\">\n\t\t\t\t<h1 class=\"small-hero-title\">Vaellusreppu koiralle<\/h1><p><p>Hyv\u00e4 vaellusreppu on koiranomistajalle erinomainen sijoitus. Repussa on k\u00e4tev\u00e4 kantaa pient\u00e4 koiraa tai koiranpentua kun olet pitemm\u00e4ll\u00e4 retkell\u00e4.<\/p>\n<\/p>\t\t\t<\/div>\n\t\t\t<\/div>\n\t\t<\/section>\n\t\n\n\t<div class=\"text-box-warp\">\n\t\t<div class=\"container\">\n\t\t\t<div class=\"text-content\">\n\t\t\t\t<p>Pienet koiranpennut v\u00e4syv\u00e4t nopeasti. On hyv\u00e4 ajatus ottaa pienempi koira tai koiranpentu reppuun kyytiin jos k\u00e4vely k\u00e4y liian raskaaksi.<\/p>\n<h2>KOIRAN TAI KOIRANPENNUN KANTAMINEN REPUSSA<\/h2>\n<p>Jos pid\u00e4t ulkoilusta ja pitkist\u00e4 vaelluksista tarvitset repun, jossa voit kantaa koiranpentua tai pienemp\u00e4\u00e4 koiraa. N\u00e4in se p\u00e4\u00e4see seikkailuillesi mukaan. Mutta pienet koirat ja koiranpennut eiv\u00e4t aina jaksa pitki\u00e4 ja vaativia vaelluksia.<br \/>\nSiksi koirallesi ja sinulle on hyv\u00e4 olla vaihtoehto. Pid\u00e4 reppu normaalisti selv\u00e4ss\u00e4 tai k\u00e4\u00e4nn\u00e4 se vatsapuolelle jos haluat pit\u00e4\u00e4 yst\u00e4v\u00e4\u00e4si tarkemmin silm\u00e4ll\u00e4.<\/p>\n\t\t\t<\/div>\n\t\t<\/div>\n\t<\/div>\n\n\n<section class=\"block full-section-promo\">\n\t<div class=\"container\">\n\t\t<div class=\"mb-3 row align-items-center \n\t\t\t\t\">\n\t\t\t<div class=\"col-md-6\">\n\t\t\t\t\t\t\t\t\t<img decoding=\"async\" src=\"https:\/\/bozita.com\/fi\/wp-content\/uploads\/sites\/11\/2021\/08\/bozita-bara-hundvalp-i-ryggsack-1.jpg\" alt=\"\">\n\t\t\t\t\t\n\t\t\t<\/div>\n\t\t\t<div class=\"col-md-6\">\n\t\t\t\t<h2>KOIRANPENTU TUVA REPUSSA <\/h2><p>T\u00e4m\u00e4 on Tuva. Se asuu Cecilian kanssa, joka on yksi Bozitan tuotekehittelij\u00f6ist\u00e4. Joskus Tuva tarvitsee tauon kun h\u00e4n on k\u00e4velyill\u00e4 Cecilian ja h\u00e4nen toisen koiransa Astridin kanssa. Joten h\u00e4n menee reppuun! <\/p>\t\t\t<\/div>\n\t\t<\/div>\n\n\n\t<\/div>\n<\/section>\n\n\n\n\t<section class=\"block related-articles\">\n\t\t<div class=\"container\">\n\t\t\t<h2>Aiheeseen liittyvi\u00e4 artikkeleita<\/h2>\n\t\t\t<div class=\"row justify-content-center\">\n\t\t\t\t\t\t\t\t\t\t<div class=\"col-sm-6 col-md-6 col-lg-3\">\n\t\t\t\t\t\t\t\t\t\t\t\t\t\t<div class=\"card \">\n\t\t\t\t\t\t\t\t\t\t\t\t\t\t\t\t\t<img decoding=\"async\"  src=\"https:\/\/bozita.com\/fi\/wp-content\/uploads\/sites\/11\/2021\/06\/bozita-smakgaranti-hundmat-kattmat.jpeg\" alt=\"\">\n\t\t\t\t\t\t\t\t\t\t\t\t\t\t\t\t\t<!-- <img decoding=\"async\" src=\"\n\t\t\t\t\t\t\t\t\t\t\t\t\t\t\t\t\t\t\t\t\" alt=\"\n\t\t\t\t\t\t\t\t\t\t\t\t\t\t\t\t\t\t\t\t\t\t\t\t\t\t\t\"> -->\n\t\t\t\t\t\t\t\t<div class=\"card-body\">\n\t\t\t\t\t\t\t\t\t\t\t\t\t\t\t\t\t\t\t<h6>Koirakurssit ja aktiviteetit<\/h6>\n\t\t\t\t\t\t\t\t\t\t\t\t\t\t\t\t\t\t\t<a href=\"https:\/\/bozita.com\/fi\/aktiovoi-koirasi\/koirakurssit-ja-aktiviteetit\/\">Lue lis\u00e4\u00e4 &nbsp; ><\/a>\n\t\t\t\t\t\t\t\t<\/div>\n\t\t\t\t\t\t\t<\/div>\n\t\t\t\t\t\t<\/div>\n\n\t\t\t\t\t\t\t\t\t\t\t<div class=\"col-sm-6 col-md-6 col-lg-3\">\n\t\t\t\t\t\t\t\t\t\t\t\t\t\t<div class=\"card \">\n\t\t\t\t\t\t\t\t\t\t\t\t\t\t\t\t\t<img decoding=\"async\"  src=\"https:\/\/bozita.com\/fi\/wp-content\/uploads\/sites\/11\/2021\/08\/bozita-vandra-med-hund-300x200-1.jpg\" alt=\"\">\n\t\t\t\t\t\t\t\t\t\t\t\t\t\t\t\t\t<!-- <img decoding=\"async\" src=\"\n\t\t\t\t\t\t\t\t\t\t\t\t\t\t\t\t\t\t\t\t\" alt=\"\n\t\t\t\t\t\t\t\t\t\t\t\t\t\t\t\t\t\t\t\t\t\t\t\t\t\t\t\"> -->\n\t\t\t\t\t\t\t\t<div class=\"card-body\">\n\t\t\t\t\t\t\t\t\t\t\t\t\t\t\t\t\t\t\t<h6>Vaeltaminen koiran kanssa<\/h6>\n\t\t\t\t\t\t\t\t\t\t\t\t\t\t\t\t\t\t\t<a href=\"https:\/\/bozita.com\/fi\/aktiovoi-koirasi\/vaeltaminen-koiran-kanssa\/\">Lue lis\u00e4\u00e4 &nbsp; ><\/a>\n\t\t\t\t\t\t\t\t<\/div>\n\t\t\t\t\t\t\t<\/div>\n\t\t\t\t\t\t<\/div>\n\n\t\t\t\t\t\t\t\t\t\t\t<div class=\"col-sm-6 col-md-6 col-lg-3\">\n\t\t\t\t\t\t\t\t\t\t\t\t\t\t<div class=\"card \">\n\t\t\t\t\t\t\t\t\t\t\t\t\t\t\t\t\t<img decoding=\"async\"  src=\"https:\/\/bozita.com\/fi\/wp-content\/uploads\/sites\/11\/2021\/08\/bozita-ta-med-hunden-till-fjallen.jpeg\" alt=\"\">\n\t\t\t\t\t\t\t\t\t\t\t\t\t\t\t\t\t<!-- <img decoding=\"async\" src=\"\n\t\t\t\t\t\t\t\t\t\t\t\t\t\t\t\t\t\t\t\t\" alt=\"\n\t\t\t\t\t\t\t\t\t\t\t\t\t\t\t\t\t\t\t\t\t\t\t\t\t\t\t\"> -->\n\t\t\t\t\t\t\t\t<div class=\"card-body\">\n\t\t\t\t\t\t\t\t\t\t\t\t\t\t\t\t\t\t\t<h6>Loma koiran kanssa tuntureilla<\/h6>\n\t\t\t\t\t\t\t\t\t\t\t\t\t\t\t\t\t\t\t<a href=\"https:\/\/bozita.com\/fi\/aktiovoi-koirasi\/loma-koiran-kanssa-tuntureilla\/\">Lue lis\u00e4\u00e4 &nbsp; ><\/a>\n\t\t\t\t\t\t\t\t<\/div>\n\t\t\t\t\t\t\t<\/div>\n\t\t\t\t\t\t<\/div>\n\n\t\t\t\t\t\t\t\t\t\t\t\t<\/div>\n\t\t<\/div>\n\t<\/section>\n","protected":false},"excerpt":{"rendered":"","protected":false},"author":1,"featured_media":11179,"parent":6550,"menu_order":0,"comment_status":"closed","ping_status":"closed","template":"guternberg.php","meta":{"footnotes":""},"acf":[],"yoast_head":"<!-- This site is optimized with the Yoast SEO plugin v21.3 - https:\/\/yoast.com\/wordpress\/plugins\/seo\/ -->\n<title>Vaellusreppu koiralle - Bozita Finland<\/title>\n<meta name=\"description\" content=\"Vinkkej\u00e4 koiranpennun ulkoiluttamiseen. Jos aiot l\u00e4hte\u00e4 pitemm\u00e4lle k\u00e4velylle on hyv\u00e4 ottaa reppu selk\u00e4\u00e4n, jotta voit kantaa pentua tai pienemp\u00e4\u00e4 koiraa.\" \/>\n<meta name=\"robots\" content=\"index, follow, max-snippet:-1, max-image-preview:large, max-video-preview:-1\" \/>\n<link rel=\"canonical\" href=\"https:\/\/bozita.com\/fi\/koirasi-terveys\/vaellusreppu-koiralle\/\" \/>\n<meta property=\"og:locale\" content=\"fi_FI\" \/>\n<meta property=\"og:type\" content=\"article\" \/>\n<meta property=\"og:title\" content=\"Vaellusreppu koiralle - Bozita Finland\" \/>\n<meta property=\"og:description\" content=\"Vinkkej\u00e4 koiranpennun ulkoiluttamiseen. Jos aiot l\u00e4hte\u00e4 pitemm\u00e4lle k\u00e4velylle on hyv\u00e4 ottaa reppu selk\u00e4\u00e4n, jotta voit kantaa pentua tai pienemp\u00e4\u00e4 koiraa.\" \/>\n<meta property=\"og:url\" content=\"https:\/\/bozita.com\/fi\/koirasi-terveys\/vaellusreppu-koiralle\/\" \/>\n<meta property=\"og:site_name\" content=\"Bozita Finland\" \/>\n<meta property=\"article:modified_time\" content=\"2025-03-05T10:00:29+00:00\" \/>\n<meta property=\"og:image\" content=\"https:\/\/bozita.com\/fi\/wp-content\/uploads\/sites\/11\/2025\/03\/bozita_swedish-natural-quality-compass.jpg\" \/>\n\t<meta property=\"og:image:width\" content=\"800\" \/>\n\t<meta property=\"og:image:height\" content=\"533\" \/>\n\t<meta property=\"og:image:type\" content=\"image\/jpeg\" \/>\n<meta name=\"twitter:card\" content=\"summary_large_image\" \/>\n<!-- \/ Yoast SEO plugin. -->","yoast_head_json":{"title":"Vaellusreppu koiralle - Bozita Finland","description":"Vinkkej\u00e4 koiranpennun ulkoiluttamiseen. Jos aiot l\u00e4hte\u00e4 pitemm\u00e4lle k\u00e4velylle on hyv\u00e4 ottaa reppu selk\u00e4\u00e4n, jotta voit kantaa pentua tai pienemp\u00e4\u00e4 koiraa.","robots":{"index":"index","follow":"follow","max-snippet":"max-snippet:-1","max-image-preview":"max-image-preview:large","max-video-preview":"max-video-preview:-1"},"canonical":"https:\/\/bozita.com\/fi\/koirasi-terveys\/vaellusreppu-koiralle\/","og_locale":"fi_FI","og_type":"article","og_title":"Vaellusreppu koiralle - Bozita Finland","og_description":"Vinkkej\u00e4 koiranpennun ulkoiluttamiseen. Jos aiot l\u00e4hte\u00e4 pitemm\u00e4lle k\u00e4velylle on hyv\u00e4 ottaa reppu selk\u00e4\u00e4n, jotta voit kantaa pentua tai pienemp\u00e4\u00e4 koiraa.","og_url":"https:\/\/bozita.com\/fi\/koirasi-terveys\/vaellusreppu-koiralle\/","og_site_name":"Bozita Finland","article_modified_time":"2025-03-05T10:00:29+00:00","og_image":[{"width":800,"height":533,"url":"https:\/\/bozita.com\/fi\/wp-content\/uploads\/sites\/11\/2025\/03\/bozita_swedish-natural-quality-compass.jpg","type":"image\/jpeg"}],"twitter_card":"summary_large_image","schema":{"@context":"https:\/\/schema.org","@graph":[{"@type":"WebPage","@id":"https:\/\/bozita.com\/fi\/koirasi-terveys\/vaellusreppu-koiralle\/","url":"https:\/\/bozita.com\/fi\/koirasi-terveys\/vaellusreppu-koiralle\/","name":"Vaellusreppu koiralle - Bozita Finland","isPartOf":{"@id":"https:\/\/bozita.com\/fi\/#website"},"datePublished":"2022-08-31T07:22:44+00:00","dateModified":"2025-03-05T10:00:29+00:00","description":"Vinkkej\u00e4 koiranpennun ulkoiluttamiseen. Jos aiot l\u00e4hte\u00e4 pitemm\u00e4lle k\u00e4velylle on hyv\u00e4 ottaa reppu selk\u00e4\u00e4n, jotta voit kantaa pentua tai pienemp\u00e4\u00e4 koiraa.","breadcrumb":{"@id":"https:\/\/bozita.com\/fi\/koirasi-terveys\/vaellusreppu-koiralle\/#breadcrumb"},"inLanguage":"fi","potentialAction":[{"@type":"ReadAction","target":["https:\/\/bozita.com\/fi\/koirasi-terveys\/vaellusreppu-koiralle\/"]}]},{"@type":"BreadcrumbList","@id":"https:\/\/bozita.com\/fi\/koirasi-terveys\/vaellusreppu-koiralle\/#breadcrumb","itemListElement":[{"@type":"ListItem","position":1,"name":"Koti","item":"https:\/\/bozita.com\/fi\/"},{"@type":"ListItem","position":2,"name":"Koirasi terveys","item":"https:\/\/bozita.com\/fi\/koirasi-terveys\/"},{"@type":"ListItem","position":3,"name":"Vaellusreppu koiralle"}]},{"@type":"WebSite","@id":"https:\/\/bozita.com\/fi\/#website","url":"https:\/\/bozita.com\/fi\/","name":"Bozita Finland","description":"","potentialAction":[{"@type":"SearchAction","target":{"@type":"EntryPoint","urlTemplate":"https:\/\/bozita.com\/fi\/?s={search_term_string}"},"query-input":"required name=search_term_string"}],"inLanguage":"fi"}]}},"_links":{"self":[{"href":"https:\/\/bozita.com\/fi\/wp-json\/wp\/v2\/pages\/6674"}],"collection":[{"href":"https:\/\/bozita.com\/fi\/wp-json\/wp\/v2\/pages"}],"about":[{"href":"https:\/\/bozita.com\/fi\/wp-json\/wp\/v2\/types\/page"}],"author":[{"embeddable":true,"href":"https:\/\/bozita.com\/fi\/wp-json\/wp\/v2\/users\/1"}],"replies":[{"embeddable":true,"href":"https:\/\/bozita.com\/fi\/wp-json\/wp\/v2\/comments?post=6674"}],"version-history":[{"count":4,"href":"https:\/\/bozita.com\/fi\/wp-json\/wp\/v2\/pages\/6674\/revisions"}],"predecessor-version":[{"id":11205,"href":"https:\/\/bozita.com\/fi\/wp-json\/wp\/v2\/pages\/6674\/revisions\/11205"}],"up":[{"embeddable":true,"href":"https:\/\/bozita.com\/fi\/wp-json\/wp\/v2\/pages\/6550"}],"wp:featuredmedia":[{"embeddable":true,"href":"https:\/\/bozita.com\/fi\/wp-json\/wp\/v2\/media\/11179"}],"wp:attachment":[{"href":"https:\/\/bozita.com\/fi\/wp-json\/wp\/v2\/media?parent=6674"}],"curies":[{"name":"wp","href":"https:\/\/api.w.org\/{rel}","templated":true}]}}