{"id":6683,"date":"2022-08-31T07:23:21","date_gmt":"2022-08-31T07:23:21","guid":{"rendered":"https:\/\/bozita.com\/fi\/loma-koiran-kanssa-tuntureilla\/"},"modified":"2025-03-05T10:05:12","modified_gmt":"2025-03-05T10:05:12","slug":"loma-koiran-kanssa-tuntureilla","status":"publish","type":"page","link":"https:\/\/bozita.com\/fi\/aktiovoi-koirasi\/loma-koiran-kanssa-tuntureilla\/","title":{"rendered":"Loma koiran kanssa tuntureilla"},"content":{"rendered":"\t\t<section class=\"small-hero\">\n\t\t\t<div class=\"container\">\n\t\t\t\t<h1 class=\"small-hero-title\">Loma koiran kanssa tuntureilla<\/h1>\t\t\t<\/div>\n\t\t\t<\/div>\n\t\t<\/section>\n\t\n\n\t<div class=\"text-box-warp\">\n\t\t<div class=\"container\">\n\t\t\t<div class=\"text-content\">\n\t\t\t\t<p><strong>Rakastatko lunta ja talvea etk\u00e4 malta odottaa l\u00e4mpimien vaatteiden pakkaamista autoon tunturiretke\u00e4 varten? <\/strong><\/p>\n<p>Suunnittelet kenties lomaa tuntureilla koirasi kanssa, mutta pohdit mink\u00e4laista se mahtaa olla. Tunturiloma koiran kanssa antaa sinulle paljon mahtavia kokemuksia. Mutta on pari huomioon otettavaa asiaa ennen kuin suuntaat kylmempiin ilmanaloihin,<\/p>\n<h2>HIIHT\u00c4MINEN KOIRAN KANSSA<\/h2>\n<p>Ensinn\u00e4kin t\u00e4ytyy muistaa, ett\u00e4 koira ei voi tulla rinteeseen. Jos haluat kokea tunturit koirasi kanssa parhaalla mahdollisella tavalla ajattele ennemmin kauas kuin korkealle. Pakkaa murtomaasukset ja valmistaudu tunturiseikkailuun. Hiiht\u00e4minen koiran kanssa antaa paljon iloa. Useimmat hiihtokeskukset tarjoavat latuja, joihin koirat ovat tervetulleita mutta yleens\u00e4 koiran pit\u00e4\u00e4 olla hihnassa. Hihnassa pit\u00e4miselle on tiukat s\u00e4\u00e4nn\u00f6st\u00f6t, erityisesti poronhoitoalueella, joten tarkista ennakkoon.<\/p>\n<h2>PID\u00c4 KOIRA HIHNASSA VUORISTOSSA<\/h2>\n<p>Kun viet koirasi tunturiin hihnavaihtoehtoja on useita, joten mieti mik\u00e4 sopii teille parhaiten. Jos koirasi vet\u00e4\u00e4 paljon on t\u00e4rke\u00e4\u00e4 olla k\u00e4ytt\u00e4m\u00e4tt\u00e4 kaulapantaa. Valjaiden valinnassa on t\u00e4rke\u00e4\u00e4 mik\u00e4 sopii sinulle ja mihin koira on tottunut. Jos haluat apua vet\u00e4miseen tai et vain halua pit\u00e4\u00e4 hihnaa k\u00e4dess\u00e4si suosittelemme canicross-setin hankkimista, se sis\u00e4lt\u00e4\u00e4 vy\u00f6n ja joustavan hihnan.<br \/>\nTee vetoharjoituksia vain t\u00e4ysikasvuisen koiran kanssa sill\u00e4 ne ovat nuorelle koiralle tai pennulle liian vaativia. Jos koirallasi on herk\u00e4t tassut, joihin maassa olevat ter\u00e4v\u00e4t esineet sattuvat tai koira kokee tassuihin kertyv\u00e4n j\u00e4\u00e4n ep\u00e4mukavaksi ovat tassusuojat hyv\u00e4 sijoitus. Suosittelemme j\u00e4tt\u00e4m\u00e4\u00e4n rautareunaiset vuoristosukset kotiin jos aiot hiiht\u00e4\u00e4 koirasi kanssa sill\u00e4 ne ja koira eiv\u00e4t ole hyv\u00e4 yhdistelm\u00e4.<\/p>\n<ul>\n<li><a title=\"Canicross running training with your dog in a harness\" href=\"https:\/\/bozita.com\/fi\/pennun-itsenaisyyden-harjoittelu-kouluta-koirasi-olemaan-yksin\/\" data-id=\"15657\">Lue kuinka l\u00e4hettil\u00e4\u00e4mme Lisa harjoittelee canicrossia<\/a><\/li>\n<\/ul>\n<h2>TUNTURILOMA KOIRAN KANSSA &#8211; ENERGIAVARASTOT T\u00c4YTEEN<\/h2>\n<p>Valmistautukaa hyvin ennen l\u00e4ht\u00f6\u00e4. Hiihtoretki vaatii sek\u00e4 sinulta, ett\u00e4 koiraltasi paljon energiaa. Pakkaa molemmille mukaan ev\u00e4it\u00e4 ja herkkuja. Ota my\u00f6s mukaan peite sen varalta, ett\u00e4 koiralle tulee kylm\u00e4. Muista, ett\u00e4 juomavett\u00e4 ei aina ole helppo l\u00f6yt\u00e4\u00e4 tuntureilla, joten ota mukaan my\u00f6s vett\u00e4. Pakkaa my\u00f6s mukaan muutama kakkapussi sen varalta, ett\u00e4 koirasi p\u00e4\u00e4tt\u00e4\u00e4 hoitaa asiansa suoraan ladulle. Koirankakka ei ole paras luistovoide..<\/p>\n<ul>\n<li>Varmista, ett\u00e4 koirasi saa tarpeeksi energiaa &#8211; <a title=\"Dog food\" href=\"https:\/\/bozita.com\/fi\/koiranruoka\/\" data-udi=\"umb:\/\/document\/55b5151617194f52837b8d0a66d6a16d\">tutustu ruotsalaiseen koiranruokaamme t\u00e4\u00e4ll\u00e4<\/a>.<\/li>\n<\/ul>\n<h2>VALITSE KOIRALLE SOPIVA REITTI<\/h2>\n<p>Nyt voit todella nauttia tunturilomasta koirasi kanssa. Valitse molempien jaksamiseen sopiva reitti, alkuun on hyv\u00e4 tehd\u00e4 lyhyempi retki selvitt\u00e4m\u00e4\u00e4n mist\u00e4 pid\u00e4tte eniten. Vaikka olisit kokenut hiiht\u00e4j\u00e4 on retki koiran kanssa, joka haluaa leikki\u00e4 kanssasi ja tutustua jokaiseen lumikinokseen, t\u00e4ysin erilainen kokemus. Aloittakaa rauhalliseen tahtiin, voitte aina kirist\u00e4\u00e4 vauhtia jos kaikki sujuu hyvin. Reittivalintaa on hyv\u00e4 ajatella kun hiihd\u00e4t koirasi kanssa. Nelj\u00e4 tassua saattaa tuhota ladun, lumen laadusta riippuen. Aloita laduilla, jotka on merkitty koirille sopivaksi ja jossa hiiht\u00e4v\u00e4t urheiluhiiht\u00e4j\u00e4t. V\u00e4lt\u00e4 harrastelatuja. Paikoissa, jossa hiihdet\u00e4\u00e4n paljon koirat osoitetaan usein luisteluladuilla, jotta perinteisen hiihtotavan ladut pysyv\u00e4t kunnossa. Lopuksi: nauti tunturiseikkailusta koirasi kanssa! Raikas ilma, kauniit talvimaisemat ja erinomainen liikunta nelijalkaisen yst\u00e4v\u00e4si kanssa on todella hieno kokemus. Viet\u00e4 siis koirasi kanssa mahtava loma!<\/p>\n\t\t\t<\/div>\n\t\t<\/div>\n\t<\/div>\n\n\n\n\t<section class=\"block related-articles\">\n\t\t<div class=\"container\">\n\t\t\t<h2>Aiheeseen liittyvi\u00e4 artikkeleita<\/h2>\n\t\t\t<div class=\"row justify-content-center\">\n\t\t\t\t\t\t\t\t\t\t<div class=\"col-sm-6 col-md-6 col-lg-3\">\n\t\t\t\t\t\t\t\t\t\t\t\t\t\t<div class=\"card \">\n\t\t\t\t\t\t\t\t\t\t\t\t\t\t\t\t\t<img decoding=\"async\"  src=\"https:\/\/bozita.com\/fi\/wp-content\/uploads\/sites\/11\/2021\/08\/bozita-vandra-med-hund-300x200-1.jpg\" alt=\"\">\n\t\t\t\t\t\t\t\t\t\t\t\t\t\t\t\t\t<!-- <img decoding=\"async\" src=\"\n\t\t\t\t\t\t\t\t\t\t\t\t\t\t\t\t\t\t\t\t\" alt=\"\n\t\t\t\t\t\t\t\t\t\t\t\t\t\t\t\t\t\t\t\t\t\t\t\t\t\t\t\"> -->\n\t\t\t\t\t\t\t\t<div class=\"card-body\">\n\t\t\t\t\t\t\t\t\t\t\t\t\t\t\t\t\t\t\t<h6>Vaeltaminen koiran kanssa<\/h6>\n\t\t\t\t\t\t\t\t\t\t\t\t\t\t\t\t\t\t\t<a href=\"https:\/\/bozita.com\/fi\/aktiovoi-koirasi\/vaeltaminen-koiran-kanssa\/\">Lue lis\u00e4\u00e4 &nbsp; ><\/a>\n\t\t\t\t\t\t\t\t<\/div>\n\t\t\t\t\t\t\t<\/div>\n\t\t\t\t\t\t<\/div>\n\n\t\t\t\t\t\t\t\t\t\t\t<div class=\"col-sm-6 col-md-6 col-lg-3\">\n\t\t\t\t\t\t\t\t\t\t\t\t\t\t<div class=\"card \">\n\t\t\t\t\t\t\t\t\t\t\t\t\t\t\t\t\t<img decoding=\"async\"  src=\"https:\/\/bozita.com\/fi\/wp-content\/uploads\/sites\/11\/2021\/06\/bozita-smakgaranti-hundmat-kattmat.jpeg\" alt=\"\">\n\t\t\t\t\t\t\t\t\t\t\t\t\t\t\t\t\t<!-- <img decoding=\"async\" src=\"\n\t\t\t\t\t\t\t\t\t\t\t\t\t\t\t\t\t\t\t\t\" alt=\"\n\t\t\t\t\t\t\t\t\t\t\t\t\t\t\t\t\t\t\t\t\t\t\t\t\t\t\t\"> -->\n\t\t\t\t\t\t\t\t<div class=\"card-body\">\n\t\t\t\t\t\t\t\t\t\t\t\t\t\t\t\t\t\t\t<h6>Koirakurssit ja aktiviteetit<\/h6>\n\t\t\t\t\t\t\t\t\t\t\t\t\t\t\t\t\t\t\t<a href=\"https:\/\/bozita.com\/fi\/aktiovoi-koirasi\/koirakurssit-ja-aktiviteetit\/\">Lue lis\u00e4\u00e4 &nbsp; ><\/a>\n\t\t\t\t\t\t\t\t<\/div>\n\t\t\t\t\t\t\t<\/div>\n\t\t\t\t\t\t<\/div>\n\n\t\t\t\t\t\t\t\t\t\t\t<div class=\"col-sm-6 col-md-6 col-lg-3\">\n\t\t\t\t\t\t\t\t\t\t\t\t\t\t<div class=\"card \">\n\t\t\t\t\t\t\t\t\t\t\t\t\t\t\t\t\t<img decoding=\"async\"  src=\"https:\/\/bozita.com\/fi\/wp-content\/uploads\/sites\/11\/2021\/08\/bozita-hund-reflexer-reflexvast.jpeg\" alt=\"\">\n\t\t\t\t\t\t\t\t\t\t\t\t\t\t\t\t\t<!-- <img decoding=\"async\" src=\"\n\t\t\t\t\t\t\t\t\t\t\t\t\t\t\t\t\t\t\t\t\" alt=\"\n\t\t\t\t\t\t\t\t\t\t\t\t\t\t\t\t\t\t\t\t\t\t\t\t\t\t\t\"> -->\n\t\t\t\t\t\t\t\t<div class=\"card-body\">\n\t\t\t\t\t\t\t\t\t\t\t\t\t\t\t\t\t\t\t<h6>Koiran heijastin &#8211; yksinkertainen henkivakuutus<\/h6>\n\t\t\t\t\t\t\t\t\t\t\t\t\t\t\t\t\t\t\t<a href=\"https:\/\/bozita.com\/fi\/aktiovoi-koirasi\/koiran-heijastin-yksinkertainen-henkivakuutus\/\">Lue lis\u00e4\u00e4 &nbsp; ><\/a>\n\t\t\t\t\t\t\t\t<\/div>\n\t\t\t\t\t\t\t<\/div>\n\t\t\t\t\t\t<\/div>\n\n\t\t\t\t\t\t\t\t\t\t\t\t<\/div>\n\t\t<\/div>\n\t<\/section>\n","protected":false},"excerpt":{"rendered":"","protected":false},"author":1,"featured_media":6684,"parent":6361,"menu_order":0,"comment_status":"closed","ping_status":"closed","template":"guternberg.php","meta":{"footnotes":""},"acf":[],"yoast_head":"<!-- This site is optimized with the Yoast SEO plugin v21.3 - https:\/\/yoast.com\/wordpress\/plugins\/seo\/ -->\n<title>Loma koiran kanssa tuntureilla - Bozita Finland<\/title>\n<meta name=\"description\" content=\"Onko koiran kanssa mahdollista l\u00e4hte\u00e4 tuntureille lomalle? Aiotko ottaa koirasi mukaan vuoristoon ja ehk\u00e4 jopa hiiht\u00e4m\u00e4\u00e4n. Lue 3 t\u00e4rke\u00e4\u00e4 vinkki\u00e4mme.\" \/>\n<meta name=\"robots\" content=\"index, follow, max-snippet:-1, max-image-preview:large, max-video-preview:-1\" \/>\n<link rel=\"canonical\" href=\"https:\/\/bozita.com\/fi\/aktiovoi-koirasi\/loma-koiran-kanssa-tuntureilla\/\" \/>\n<meta property=\"og:locale\" content=\"fi_FI\" \/>\n<meta property=\"og:type\" content=\"article\" \/>\n<meta property=\"og:title\" content=\"Loma koiran kanssa tuntureilla - Bozita Finland\" \/>\n<meta property=\"og:description\" content=\"Onko koiran kanssa mahdollista l\u00e4hte\u00e4 tuntureille lomalle? Aiotko ottaa koirasi mukaan vuoristoon ja ehk\u00e4 jopa hiiht\u00e4m\u00e4\u00e4n. Lue 3 t\u00e4rke\u00e4\u00e4 vinkki\u00e4mme.\" \/>\n<meta property=\"og:url\" content=\"https:\/\/bozita.com\/fi\/aktiovoi-koirasi\/loma-koiran-kanssa-tuntureilla\/\" \/>\n<meta property=\"og:site_name\" content=\"Bozita Finland\" \/>\n<meta property=\"article:modified_time\" content=\"2025-03-05T10:05:12+00:00\" \/>\n<meta property=\"og:image\" content=\"https:\/\/bozita.com\/fi\/wp-content\/uploads\/sites\/11\/2021\/08\/bozita-ta-med-hunden-till-fjallen.jpeg\" \/>\n\t<meta property=\"og:image:width\" content=\"800\" \/>\n\t<meta property=\"og:image:height\" content=\"532\" \/>\n\t<meta property=\"og:image:type\" content=\"image\/jpeg\" \/>\n<meta name=\"twitter:card\" content=\"summary_large_image\" \/>\n<!-- \/ Yoast SEO plugin. -->","yoast_head_json":{"title":"Loma koiran kanssa tuntureilla - Bozita Finland","description":"Onko koiran kanssa mahdollista l\u00e4hte\u00e4 tuntureille lomalle? Aiotko ottaa koirasi mukaan vuoristoon ja ehk\u00e4 jopa hiiht\u00e4m\u00e4\u00e4n. Lue 3 t\u00e4rke\u00e4\u00e4 vinkki\u00e4mme.","robots":{"index":"index","follow":"follow","max-snippet":"max-snippet:-1","max-image-preview":"max-image-preview:large","max-video-preview":"max-video-preview:-1"},"canonical":"https:\/\/bozita.com\/fi\/aktiovoi-koirasi\/loma-koiran-kanssa-tuntureilla\/","og_locale":"fi_FI","og_type":"article","og_title":"Loma koiran kanssa tuntureilla - Bozita Finland","og_description":"Onko koiran kanssa mahdollista l\u00e4hte\u00e4 tuntureille lomalle? Aiotko ottaa koirasi mukaan vuoristoon ja ehk\u00e4 jopa hiiht\u00e4m\u00e4\u00e4n. Lue 3 t\u00e4rke\u00e4\u00e4 vinkki\u00e4mme.","og_url":"https:\/\/bozita.com\/fi\/aktiovoi-koirasi\/loma-koiran-kanssa-tuntureilla\/","og_site_name":"Bozita Finland","article_modified_time":"2025-03-05T10:05:12+00:00","og_image":[{"width":800,"height":532,"url":"https:\/\/bozita.com\/fi\/wp-content\/uploads\/sites\/11\/2021\/08\/bozita-ta-med-hunden-till-fjallen.jpeg","type":"image\/jpeg"}],"twitter_card":"summary_large_image","schema":{"@context":"https:\/\/schema.org","@graph":[{"@type":"WebPage","@id":"https:\/\/bozita.com\/fi\/aktiovoi-koirasi\/loma-koiran-kanssa-tuntureilla\/","url":"https:\/\/bozita.com\/fi\/aktiovoi-koirasi\/loma-koiran-kanssa-tuntureilla\/","name":"Loma koiran kanssa tuntureilla - Bozita Finland","isPartOf":{"@id":"https:\/\/bozita.com\/fi\/#website"},"datePublished":"2022-08-31T07:23:21+00:00","dateModified":"2025-03-05T10:05:12+00:00","description":"Onko koiran kanssa mahdollista l\u00e4hte\u00e4 tuntureille lomalle? Aiotko ottaa koirasi mukaan vuoristoon ja ehk\u00e4 jopa hiiht\u00e4m\u00e4\u00e4n. Lue 3 t\u00e4rke\u00e4\u00e4 vinkki\u00e4mme.","breadcrumb":{"@id":"https:\/\/bozita.com\/fi\/aktiovoi-koirasi\/loma-koiran-kanssa-tuntureilla\/#breadcrumb"},"inLanguage":"fi","potentialAction":[{"@type":"ReadAction","target":["https:\/\/bozita.com\/fi\/aktiovoi-koirasi\/loma-koiran-kanssa-tuntureilla\/"]}]},{"@type":"BreadcrumbList","@id":"https:\/\/bozita.com\/fi\/aktiovoi-koirasi\/loma-koiran-kanssa-tuntureilla\/#breadcrumb","itemListElement":[{"@type":"ListItem","position":1,"name":"Koti","item":"https:\/\/bozita.com\/fi\/"},{"@type":"ListItem","position":2,"name":"Aktivoi koiraasi","item":"https:\/\/bozita.com\/fi\/aktiovoi-koirasi\/"},{"@type":"ListItem","position":3,"name":"Loma koiran kanssa tuntureilla"}]},{"@type":"WebSite","@id":"https:\/\/bozita.com\/fi\/#website","url":"https:\/\/bozita.com\/fi\/","name":"Bozita Finland","description":"","potentialAction":[{"@type":"SearchAction","target":{"@type":"EntryPoint","urlTemplate":"https:\/\/bozita.com\/fi\/?s={search_term_string}"},"query-input":"required name=search_term_string"}],"inLanguage":"fi"}]}},"_links":{"self":[{"href":"https:\/\/bozita.com\/fi\/wp-json\/wp\/v2\/pages\/6683"}],"collection":[{"href":"https:\/\/bozita.com\/fi\/wp-json\/wp\/v2\/pages"}],"about":[{"href":"https:\/\/bozita.com\/fi\/wp-json\/wp\/v2\/types\/page"}],"author":[{"embeddable":true,"href":"https:\/\/bozita.com\/fi\/wp-json\/wp\/v2\/users\/1"}],"replies":[{"embeddable":true,"href":"https:\/\/bozita.com\/fi\/wp-json\/wp\/v2\/comments?post=6683"}],"version-history":[{"count":8,"href":"https:\/\/bozita.com\/fi\/wp-json\/wp\/v2\/pages\/6683\/revisions"}],"predecessor-version":[{"id":11243,"href":"https:\/\/bozita.com\/fi\/wp-json\/wp\/v2\/pages\/6683\/revisions\/11243"}],"up":[{"embeddable":true,"href":"https:\/\/bozita.com\/fi\/wp-json\/wp\/v2\/pages\/6361"}],"wp:featuredmedia":[{"embeddable":true,"href":"https:\/\/bozita.com\/fi\/wp-json\/wp\/v2\/media\/6684"}],"wp:attachment":[{"href":"https:\/\/bozita.com\/fi\/wp-json\/wp\/v2\/media?parent=6683"}],"curies":[{"name":"wp","href":"https:\/\/api.w.org\/{rel}","templated":true}]}}