{"id":6688,"date":"2022-08-31T07:23:31","date_gmt":"2022-08-31T07:23:31","guid":{"rendered":"https:\/\/bozita.com\/fi\/koiran-nuoruus-vinkkeja-koiran-teini-ikaan\/"},"modified":"2023-02-27T15:00:07","modified_gmt":"2023-02-27T15:00:07","slug":"koiran-nuoruus-vinkkeja-koiran-teini-ikaan","status":"publish","type":"page","link":"https:\/\/bozita.com\/fi\/koirasi-kehitys\/koiran-nuoruus-vinkkeja-koiran-teini-ikaan\/","title":{"rendered":"Koiran nuoruus &#8211; vinkkej\u00e4 koiran teini-ik\u00e4\u00e4n"},"content":{"rendered":"\t\t<section class=\"small-hero\">\n\t\t\t<div class=\"container\">\n\t\t\t\t<h1 class=\"small-hero-title\">Koiran nuoruus &#8211; vinkkej\u00e4 koiran teini-ik\u00e4\u00e4n<\/h1>\t\t\t<\/div>\n\t\t\t<\/div>\n\t\t<\/section>\n\t\n\n\t<div class=\"text-box-warp\">\n\t\t<div class=\"container\">\n\t\t\t<div class=\"text-content\">\n\t\t\t\t<p>S\u00f6p\u00f6st\u00e4 pennusta kasvaa hankala teini-ik\u00e4inen, joka lakkaa kuuntelemasta sinua. Paras tapa tulla toimeen koiran kanssa joka on tullut uhmaik\u00e4\u00e4n, tai luonnollisen tuhmuuden ik\u00e4\u00e4n, on ymm\u00e4rt\u00e4\u00e4, ett\u00e4 koira ei ole viel\u00e4 aikuinen ja rakentaa aloittamanne suhteenne varaan. T\u00e4st\u00e4 saat muutaman vinkin koiran teini-ik\u00e4\u00e4n.<\/p>\n<h2>PYSY ILOISENA HANKALAN VAIHEEN AIKANA<\/h2>\n<p>Tied\u00e4t koiran tulleen teini-ik\u00e4\u00e4n kun se yht&#8217;\u00e4kki\u00e4 lakkaa kuuntelemasta sinua. Monet koiranomistajat ajautuvat negatiiviseen kierteeseen, jossa \u00e4rsytys ja haukkuminen ovat jokap\u00e4iv\u00e4isi\u00e4. Silloin on t\u00e4rke\u00e4 pys\u00e4hty\u00e4 miettim\u00e4\u00e4n. \u00c4rsyyntyminen ja huutaminen ei ole teini-ik\u00e4iselle koiralle hyv\u00e4ksi. Mieti mielummin miten koira kokee sinut. Onko kanssasi mukava olla? Mit\u00e4 voisit tehd\u00e4 ollaksesi koiran mielest\u00e4 kiinnostavampi? Keskity ennemmin siihen mit\u00e4 haluat koiran tekev\u00e4n kuin siihen mit\u00e4 et halua sen tekev\u00e4n. Yrit\u00e4 pit\u00e4\u00e4 suhteenne iloisena, vaikka olet tekemisiss\u00e4 hankalan teini-ik\u00e4isen koiran kanssa. Teini-ik\u00e4 ei ole koirallesikaan helppoa. Mutta ilolla ja aktiviteeteilla siit\u00e4 selvi\u00e4\u00e4. Tee k\u00e4velyist\u00e4 hauska piiloleikki, tasapainoilkaa seinien p\u00e4\u00e4ll\u00e4 tavallisten polkuk\u00e4velyjen sijaan ja kehuu koiraa runsaasti kun se tekee oikein. T\u00e4m\u00e4 ei ehk\u00e4 toimi heti, mutta k\u00e4rsiv\u00e4llisyydell\u00e4 koira oppii, ett\u00e4 sinun kanssasi on hauskaa ja h\u00e4irit\u00f6tekij\u00f6ist\u00e4 tulee v\u00e4hemm\u00e4n mielenkiintoisia. <strong>Lue lis\u00e4\u00e4<\/strong><\/p>\n<ul>\n<li><a title=\"Improve your relationship with your dog with fun activities and courses\" href=\"https:\/\/bozita.com\/fi\/koirakurssit-ja-aktiviteetit\/?lang=fi\" data-udi=\"umb:\/\/document\/db1f53c68b6d46d5b1e8907ebbd25b6d\">Etsittek\u00f6 uutta aktiviteettia? L\u00f6yd\u00e4 teille koirakurssi t\u00e4\u00e4llt\u00e4<\/a><\/li>\n<li><a title=\"Sudden fears and the fear period\" href=\"https:\/\/bozita.com\/fi\/koiran-morkoika-pelkaako-koirasi-yhtakkia-kaikkea\/\" data-udi=\"umb:\/\/document\/41ed17a6accf49489b0a1d74ddda8cce\">Pelkokohtauksia? Lue lis\u00e4\u00e4 koiran pelkovaiheesta<\/a><\/li>\n<\/ul>\n<h2>TEINI-IK\u00c4 &#8211; MUISTA ETTEI KOIRASI OLE AIKUINEN<\/h2>\n<p>Koiran teini-i\u00e4ss\u00e4 kohtaamat ongelmat muistuttavat paljon ihmisten vastaavia. Teini-i\u00e4ss\u00e4 aivot eiv\u00e4t ole t\u00e4ysin kehittyneet ja hormonit hyrr\u00e4\u00e4v\u00e4t. Kun koirasi j\u00e4tt\u00e4\u00e4 sinut huomioimatta on olennaista muistaa, ett\u00e4 vaikka koira ei ole en\u00e4\u00e4 pentu se ei viel\u00e4 ole aikuinen. Ehk\u00e4 odotuksesi ovat liian korkea teini-ik\u00e4ist\u00e4 koiraa kohtaan ja oletat sen ymm\u00e4rt\u00e4v\u00e4n kaikki k\u00e4skyt. Koira tarvitsee vain v\u00e4h\u00e4n aikaa l\u00f6yt\u00e4\u00e4kseen itsens\u00e4 ja paikkansa maailmassa. <strong>Lue lis\u00e4\u00e4<\/strong><\/p>\n<ul>\n<li><a title=\"From puppy to adult dog\" href=\"https:\/\/bozita.com\/fi\/koirasi-kehitys\/?lang=fi\" data-udi=\"umb:\/\/document\/b5aea2bff6e342d2b82775babb345151\">Koiranpennun kehitys &#8211; pennusta aikuiseksi koiraksi<\/a><\/li>\n<\/ul>\n\t\t\t<\/div>\n\t\t<\/div>\n\t<\/div>\n\n\n\n\t<section class=\"block related-articles\">\n\t\t<div class=\"container\">\n\t\t\t<h2>Aiheeseen liittyvi\u00e4 artikkeleita<\/h2>\n\t\t\t<div class=\"row justify-content-center\">\n\t\t\t\t\t\t\t\t\t\t<div class=\"col-sm-6 col-md-6 col-lg-3\">\n\t\t\t\t\t\t\t\t\t\t\t\t\t\t<div class=\"card \">\n\t\t\t\t\t\t\t\t\t\t\t\t\t\t\t\t\t<img decoding=\"async\"  src=\"https:\/\/bozita.com\/fi\/wp-content\/uploads\/sites\/11\/2021\/08\/bozita-hundens-utveckling-stadier.jpeg\" alt=\"\">\n\t\t\t\t\t\t\t\t\t\t\t\t\t\t\t\t\t<!-- <img decoding=\"async\" src=\"\n\t\t\t\t\t\t\t\t\t\t\t\t\t\t\t\t\t\t\t\t\" alt=\"\n\t\t\t\t\t\t\t\t\t\t\t\t\t\t\t\t\t\t\t\t\t\t\t\t\t\t\t\"> -->\n\t\t\t\t\t\t\t\t<div class=\"card-body\">\n\t\t\t\t\t\t\t\t\t\t\t\t\t\t\t\t\t\t\t<h6>Pennun kehitysvaiheet &#8211; pennusta aikuiseksi koiraksi<\/h6>\n\t\t\t\t\t\t\t\t\t\t\t\t\t\t\t\t\t\t\t<a href=\"https:\/\/bozita.com\/fi\/koirasi-kehitys\/pennun-kehitysvaiheet-pennusta-aikuiseksi-koiraksi\/\">Lue lis\u00e4\u00e4 &nbsp; ><\/a>\n\t\t\t\t\t\t\t\t<\/div>\n\t\t\t\t\t\t\t<\/div>\n\t\t\t\t\t\t<\/div>\n\n\t\t\t\t\t\t\t\t\t\t\t<div class=\"col-sm-6 col-md-6 col-lg-3\">\n\t\t\t\t\t\t\t\t\t\t\t\t\t\t<div class=\"card \">\n\t\t\t\t\t\t\t\t\t\t\t\t\t\t\t\t\t<img decoding=\"async\"  src=\"https:\/\/bozita.com\/fi\/wp-content\/uploads\/sites\/11\/2021\/08\/bozita-hundvalp-spokalder-plotsliga-radslor.jpeg\" alt=\"\">\n\t\t\t\t\t\t\t\t\t\t\t\t\t\t\t\t\t<!-- <img decoding=\"async\" src=\"\n\t\t\t\t\t\t\t\t\t\t\t\t\t\t\t\t\t\t\t\t\" alt=\"\n\t\t\t\t\t\t\t\t\t\t\t\t\t\t\t\t\t\t\t\t\t\t\t\t\t\t\t\"> -->\n\t\t\t\t\t\t\t\t<div class=\"card-body\">\n\t\t\t\t\t\t\t\t\t\t\t\t\t\t\t\t\t\t\t<h6>Koiran m\u00f6rk\u00f6ik\u00e4 &#8211; pelk\u00e4\u00e4k\u00f6 koirasi yht&#8217;\u00e4kki\u00e4 kaikkea?<\/h6>\n\t\t\t\t\t\t\t\t\t\t\t\t\t\t\t\t\t\t\t<a href=\"https:\/\/bozita.com\/fi\/koirasi-kehitys\/koiran-morkoika-pelkaako-koirasi-yhtakkia-kaikkea\/\">Lue lis\u00e4\u00e4 &nbsp; ><\/a>\n\t\t\t\t\t\t\t\t<\/div>\n\t\t\t\t\t\t\t<\/div>\n\t\t\t\t\t\t<\/div>\n\n\t\t\t\t\t\t\t\t\t\t\t<div class=\"col-sm-6 col-md-6 col-lg-3\">\n\t\t\t\t\t\t\t\t\t\t\t\t\t\t<div class=\"card \">\n\t\t\t\t\t\t\t\t\t\t\t\t\t\t\t\t\t<img decoding=\"async\"  src=\"https:\/\/bozita.com\/fi\/wp-content\/uploads\/sites\/11\/2021\/06\/bozita-smakgaranti-hundmat-kattmat.jpeg\" alt=\"\">\n\t\t\t\t\t\t\t\t\t\t\t\t\t\t\t\t\t<!-- <img decoding=\"async\" src=\"\n\t\t\t\t\t\t\t\t\t\t\t\t\t\t\t\t\t\t\t\t\" alt=\"\n\t\t\t\t\t\t\t\t\t\t\t\t\t\t\t\t\t\t\t\t\t\t\t\t\t\t\t\"> -->\n\t\t\t\t\t\t\t\t<div class=\"card-body\">\n\t\t\t\t\t\t\t\t\t\t\t\t\t\t\t\t\t\t\t<h6>Koirakurssit ja aktiviteetit<\/h6>\n\t\t\t\t\t\t\t\t\t\t\t\t\t\t\t\t\t\t\t<a href=\"https:\/\/bozita.com\/fi\/aktiovoi-koirasi\/koirakurssit-ja-aktiviteetit\/\">Lue lis\u00e4\u00e4 &nbsp; ><\/a>\n\t\t\t\t\t\t\t\t<\/div>\n\t\t\t\t\t\t\t<\/div>\n\t\t\t\t\t\t<\/div>\n\n\t\t\t\t\t\t\t\t\t\t\t\t<\/div>\n\t\t<\/div>\n\t<\/section>\n","protected":false},"excerpt":{"rendered":"","protected":false},"author":1,"featured_media":6689,"parent":6554,"menu_order":0,"comment_status":"closed","ping_status":"closed","template":"guternberg.php","meta":{"footnotes":""},"acf":[],"yoast_head":"<!-- This site is optimized with the Yoast SEO plugin v21.3 - https:\/\/yoast.com\/wordpress\/plugins\/seo\/ -->\n<title>Koiran nuoruus - vinkkej\u00e4 koiran teini-ik\u00e4\u00e4n - Bozita Finland<\/title>\n<meta name=\"description\" content=\"Hankala ik\u00e4 kuuluu koiran normaaliin kehitykseen - koiran teini-ik\u00e4\u00e4n. Monet koiranomistajat havaitsevat koiran uhmaavan tietyn ik\u00e4isen\u00e4. Tutustu vinkkeihimme.\" \/>\n<meta name=\"robots\" content=\"index, follow, max-snippet:-1, max-image-preview:large, max-video-preview:-1\" \/>\n<link rel=\"canonical\" href=\"https:\/\/bozita.com\/fi\/koirasi-kehitys\/koiran-nuoruus-vinkkeja-koiran-teini-ikaan\/\" \/>\n<meta property=\"og:locale\" content=\"fi_FI\" \/>\n<meta property=\"og:type\" content=\"article\" \/>\n<meta property=\"og:title\" content=\"Koiran nuoruus - vinkkej\u00e4 koiran teini-ik\u00e4\u00e4n - Bozita Finland\" \/>\n<meta property=\"og:description\" content=\"Hankala ik\u00e4 kuuluu koiran normaaliin kehitykseen - koiran teini-ik\u00e4\u00e4n. Monet koiranomistajat havaitsevat koiran uhmaavan tietyn ik\u00e4isen\u00e4. Tutustu vinkkeihimme.\" \/>\n<meta property=\"og:url\" content=\"https:\/\/bozita.com\/fi\/koirasi-kehitys\/koiran-nuoruus-vinkkeja-koiran-teini-ikaan\/\" \/>\n<meta property=\"og:site_name\" content=\"Bozita Finland\" \/>\n<meta property=\"article:modified_time\" content=\"2023-02-27T15:00:07+00:00\" \/>\n<meta property=\"og:image\" content=\"https:\/\/bozita.com\/fi\/wp-content\/uploads\/sites\/11\/2021\/08\/bozita-hund-tonaring.jpeg\" \/>\n\t<meta property=\"og:image:width\" content=\"800\" \/>\n\t<meta property=\"og:image:height\" content=\"533\" \/>\n\t<meta property=\"og:image:type\" content=\"image\/jpeg\" \/>\n<meta name=\"twitter:card\" content=\"summary_large_image\" \/>\n<!-- \/ Yoast SEO plugin. -->","yoast_head_json":{"title":"Koiran nuoruus - vinkkej\u00e4 koiran teini-ik\u00e4\u00e4n - Bozita Finland","description":"Hankala ik\u00e4 kuuluu koiran normaaliin kehitykseen - koiran teini-ik\u00e4\u00e4n. Monet koiranomistajat havaitsevat koiran uhmaavan tietyn ik\u00e4isen\u00e4. Tutustu vinkkeihimme.","robots":{"index":"index","follow":"follow","max-snippet":"max-snippet:-1","max-image-preview":"max-image-preview:large","max-video-preview":"max-video-preview:-1"},"canonical":"https:\/\/bozita.com\/fi\/koirasi-kehitys\/koiran-nuoruus-vinkkeja-koiran-teini-ikaan\/","og_locale":"fi_FI","og_type":"article","og_title":"Koiran nuoruus - vinkkej\u00e4 koiran teini-ik\u00e4\u00e4n - Bozita Finland","og_description":"Hankala ik\u00e4 kuuluu koiran normaaliin kehitykseen - koiran teini-ik\u00e4\u00e4n. Monet koiranomistajat havaitsevat koiran uhmaavan tietyn ik\u00e4isen\u00e4. Tutustu vinkkeihimme.","og_url":"https:\/\/bozita.com\/fi\/koirasi-kehitys\/koiran-nuoruus-vinkkeja-koiran-teini-ikaan\/","og_site_name":"Bozita Finland","article_modified_time":"2023-02-27T15:00:07+00:00","og_image":[{"width":800,"height":533,"url":"https:\/\/bozita.com\/fi\/wp-content\/uploads\/sites\/11\/2021\/08\/bozita-hund-tonaring.jpeg","type":"image\/jpeg"}],"twitter_card":"summary_large_image","schema":{"@context":"https:\/\/schema.org","@graph":[{"@type":"WebPage","@id":"https:\/\/bozita.com\/fi\/koirasi-kehitys\/koiran-nuoruus-vinkkeja-koiran-teini-ikaan\/","url":"https:\/\/bozita.com\/fi\/koirasi-kehitys\/koiran-nuoruus-vinkkeja-koiran-teini-ikaan\/","name":"Koiran nuoruus - vinkkej\u00e4 koiran teini-ik\u00e4\u00e4n - Bozita Finland","isPartOf":{"@id":"https:\/\/bozita.com\/fi\/#website"},"datePublished":"2022-08-31T07:23:31+00:00","dateModified":"2023-02-27T15:00:07+00:00","description":"Hankala ik\u00e4 kuuluu koiran normaaliin kehitykseen - koiran teini-ik\u00e4\u00e4n. Monet koiranomistajat havaitsevat koiran uhmaavan tietyn ik\u00e4isen\u00e4. Tutustu vinkkeihimme.","breadcrumb":{"@id":"https:\/\/bozita.com\/fi\/koirasi-kehitys\/koiran-nuoruus-vinkkeja-koiran-teini-ikaan\/#breadcrumb"},"inLanguage":"fi","potentialAction":[{"@type":"ReadAction","target":["https:\/\/bozita.com\/fi\/koirasi-kehitys\/koiran-nuoruus-vinkkeja-koiran-teini-ikaan\/"]}]},{"@type":"BreadcrumbList","@id":"https:\/\/bozita.com\/fi\/koirasi-kehitys\/koiran-nuoruus-vinkkeja-koiran-teini-ikaan\/#breadcrumb","itemListElement":[{"@type":"ListItem","position":1,"name":"Koti","item":"https:\/\/bozita.com\/fi\/"},{"@type":"ListItem","position":2,"name":"Koirasi kehitys","item":"https:\/\/bozita.com\/fi\/koirasi-kehitys\/"},{"@type":"ListItem","position":3,"name":"Koiran nuoruus &#8211; vinkkej\u00e4 koiran teini-ik\u00e4\u00e4n"}]},{"@type":"WebSite","@id":"https:\/\/bozita.com\/fi\/#website","url":"https:\/\/bozita.com\/fi\/","name":"Bozita Finland","description":"","potentialAction":[{"@type":"SearchAction","target":{"@type":"EntryPoint","urlTemplate":"https:\/\/bozita.com\/fi\/?s={search_term_string}"},"query-input":"required name=search_term_string"}],"inLanguage":"fi"}]}},"_links":{"self":[{"href":"https:\/\/bozita.com\/fi\/wp-json\/wp\/v2\/pages\/6688"}],"collection":[{"href":"https:\/\/bozita.com\/fi\/wp-json\/wp\/v2\/pages"}],"about":[{"href":"https:\/\/bozita.com\/fi\/wp-json\/wp\/v2\/types\/page"}],"author":[{"embeddable":true,"href":"https:\/\/bozita.com\/fi\/wp-json\/wp\/v2\/users\/1"}],"replies":[{"embeddable":true,"href":"https:\/\/bozita.com\/fi\/wp-json\/wp\/v2\/comments?post=6688"}],"version-history":[{"count":5,"href":"https:\/\/bozita.com\/fi\/wp-json\/wp\/v2\/pages\/6688\/revisions"}],"predecessor-version":[{"id":8069,"href":"https:\/\/bozita.com\/fi\/wp-json\/wp\/v2\/pages\/6688\/revisions\/8069"}],"up":[{"embeddable":true,"href":"https:\/\/bozita.com\/fi\/wp-json\/wp\/v2\/pages\/6554"}],"wp:featuredmedia":[{"embeddable":true,"href":"https:\/\/bozita.com\/fi\/wp-json\/wp\/v2\/media\/6689"}],"wp:attachment":[{"href":"https:\/\/bozita.com\/fi\/wp-json\/wp\/v2\/media?parent=6688"}],"curies":[{"name":"wp","href":"https:\/\/api.w.org\/{rel}","templated":true}]}}